{"id":89,"date":"2025-12-24T08:08:08","date_gmt":"2025-12-24T08:08:08","guid":{"rendered":"https:\/\/www.impacttesting.net\/?page_id=89"},"modified":"2025-12-24T08:08:08","modified_gmt":"2025-12-24T08:08:08","slug":"contact-us","status":"publish","type":"page","link":"https:\/\/www.impacttesting.net\/tr\/contact-us\/","title":{"rendered":"Bize Ula\u015f\u0131n"},"content":{"rendered":"<section class=\"section\" id=\"section_1333229762\">\n\t\t<div class=\"bg section-bg fill bg-fill  bg-loaded\" >\n\n\t\t\t\n\t\t\t\n\t\t\t\n\n\t\t<\/div>\n\n\t\t\n\n\t\t<div class=\"section-content relative\">\n\t\t\t\n\n<div class=\"row\"  id=\"row-956001300\">\n\n\n\t<div id=\"col-2005339856\" class=\"col small-12 large-12\"  >\n\t\t\t\t<div class=\"col-inner\"  >\n\t\t\t\n\t\t\t\n\n<div class=\"row\"  id=\"row-40103046\">\n\n\n\t<div id=\"col-623034319\" class=\"col small-12 large-12\"  >\n\t\t\t\t<div class=\"col-inner\"  >\n\t\t\t\n\t\t\t\n\n\t<div id=\"text-2886043139\" class=\"text\">\n\t\t\n\n<p>\u0130leti\u015fim Formu<\/p>\n\t\t\n<style>\n#text-2886043139 {\n  font-size: 1.5rem;\n  text-align: center;\n  color: rgb(59, 113, 254);\n}\n#text-2886043139 > * {\n  color: rgb(59, 113, 254);\n}\n<\/style>\n\t<\/div>\n\t\n\t<div id=\"text-1743355957\" class=\"text\">\n\t\t\n\n<h2>Bize Ula\u015f\u0131n<\/h2>\n\t\t\n<style>\n#text-1743355957 {\n  font-size: 1.5rem;\n  text-align: center;\n  color: rgb(0,0,0);\n}\n#text-1743355957 > * {\n  color: rgb(0,0,0);\n}\n<\/style>\n\t<\/div>\n\t\n\n\t\t<\/div>\n\t\t\t\t\t<\/div>\n\n\t\n\n<\/div>\n<div class=\"row row-box-shadow-2 row-box-shadow-5-hover\"  id=\"row-1885685306\">\n\n\n\t<div id=\"col-275877909\" class=\"col medium-4 small-12 large-4\"  >\n\t\t\t\t<div class=\"col-inner\" style=\"background-color:rgb(232, 234, 241);\" >\n\t\t\t\n\t\t\t\n\n\n\t\t<div class=\"icon-box featured-box icon-box-center text-center\"  style=\"margin:10px 0px 0px 0px;\">\n\t\t\t\t\t<div class=\"icon-box-img\" style=\"width: 83px\">\n\t\t\t\t<div class=\"icon\">\n\t\t\t\t\t<div class=\"icon-inner\" >\n\t\t\t\t\t\t<img decoding=\"async\" width=\"80\" height=\"80\" src=\"https:\/\/www.impacttesting.net\/wp-content\/uploads\/2025\/12\/Group-212.png\" class=\"attachment-medium size-medium\" alt=\"\" \/>\t\t\t\t\t<\/div>\n\t\t\t\t<\/div>\n\t\t\t<\/div>\n\t\t\t\t<div class=\"icon-box-text last-reset\">\n\t\t\t\t\t\t\t\t\t\n\n\t<div id=\"text-2742420060\" class=\"text\">\n\t\t\n\n<p>No. 5577 Gongyebei Yolu, Licheng,<br \/>Jinan, 250109, Shandong, P.R.C.<\/p>\n\n\t\t\n<style>\n#text-2742420060 {\n  font-size: 1.1rem;\n  line-height: 1.95;\n  color: rgb(0,0,0);\n}\n#text-2742420060 > * {\n  color: rgb(0,0,0);\n}\n<\/style>\n\t<\/div>\n\t\n\n\t\t<\/div>\n\t<\/div>\n\t\n\t\n\n\t\t<\/div>\n\t\t\t\t\t<\/div>\n\n\t\n\n\t<div id=\"col-1700137583\" class=\"col medium-4 small-12 large-4\"  >\n\t\t\t\t<div class=\"col-inner\" style=\"background-color:rgb(232, 234, 241);\" >\n\t\t\t\n\t\t\t\n\n\n\t\t<div class=\"icon-box featured-box icon-box-center text-center\"  style=\"margin:10px 0px 0px 0px;\">\n\t\t\t\t\t<div class=\"icon-box-img\" style=\"width: 83px\">\n\t\t\t\t<div class=\"icon\">\n\t\t\t\t\t<div class=\"icon-inner\" >\n\t\t\t\t\t\t<img decoding=\"async\" width=\"80\" height=\"80\" src=\"https:\/\/www.impacttesting.net\/wp-content\/uploads\/2025\/12\/Group-212-1.png\" class=\"attachment-medium size-medium\" alt=\"\" \/>\t\t\t\t\t<\/div>\n\t\t\t\t<\/div>\n\t\t\t<\/div>\n\t\t\t\t<div class=\"icon-box-text last-reset\">\n\t\t\t\t\t\t\t\t\t\n\n\t<div id=\"text-562274311\" class=\"text\">\n\t\t\n\n<p>yang@celtec.cn<br \/>marketing@celtec.cn<\/p>\n\t\t\n<style>\n#text-562274311 {\n  font-size: 1.1rem;\n  line-height: 1.95;\n  color: rgb(0,0,0);\n}\n#text-562274311 > * {\n  color: rgb(0,0,0);\n}\n<\/style>\n\t<\/div>\n\t\n\n\t\t<\/div>\n\t<\/div>\n\t\n\t\n\n\t\t<\/div>\n\t\t\t\t\t<\/div>\n\n\t\n\n\t<div id=\"col-913017235\" class=\"col medium-4 small-12 large-4\"  >\n\t\t\t\t<div class=\"col-inner\" style=\"background-color:rgb(232, 234, 241);\" >\n\t\t\t\n\t\t\t\n\n\n\t\t<div class=\"icon-box featured-box icon-box-center text-center\"  style=\"margin:10px 0px 0px 0px;\">\n\t\t\t\t\t<div class=\"icon-box-img\" style=\"width: 83px\">\n\t\t\t\t<div class=\"icon\">\n\t\t\t\t\t<div class=\"icon-inner\" >\n\t\t\t\t\t\t<img decoding=\"async\" width=\"80\" height=\"80\" src=\"https:\/\/www.impacttesting.net\/wp-content\/uploads\/2025\/12\/Group-212-2.png\" class=\"attachment-medium size-medium\" alt=\"\" \/>\t\t\t\t\t<\/div>\n\t\t\t\t<\/div>\n\t\t\t<\/div>\n\t\t\t\t<div class=\"icon-box-text last-reset\">\n\t\t\t\t\t\t\t\t\t\n\n\t<div id=\"text-2109139866\" class=\"text\">\n\t\t\n\n<p>+86 185 6001 3985<br \/>+86 131 6511 3870<\/p>\n\t\t\n<style>\n#text-2109139866 {\n  font-size: 1.1rem;\n  line-height: 1.95;\n  color: rgb(0,0,0);\n}\n#text-2109139866 > * {\n  color: rgb(0,0,0);\n}\n<\/style>\n\t<\/div>\n\t\n\n\t\t<\/div>\n\t<\/div>\n\t\n\t\n\n\t\t<\/div>\n\t\t\t\t\t<\/div>\n\n\t\n\n\n<style>\n#row-1885685306 > .col > .col-inner {\n  padding: 30px 10px 20px 10px;\n  border-radius: 30px;\n}\n<\/style>\n<\/div>\n\n\t\t<\/div>\n\t\t\t\t\t<\/div>\n\n\t\n\n<\/div>\n<div class=\"row align-equal row-dashed\"  id=\"row-1077895203\">\n\n\n\t<div id=\"col-1589599050\" class=\"col small-12 large-12\"  >\n\t\t\t\t<div class=\"col-inner\"  >\n\t\t\t\n\t\t\t\n\n\t<div id=\"text-1924723543\" class=\"text\">\n\t\t\n\n<h2>Etki Testi \u00c7\u00f6z\u00fcmleri Almak \u0130ster misiniz?<\/h2>\n\t\t\n<style>\n#text-1924723543 {\n  font-size: 1.3rem;\n  text-align: center;\n}\n<\/style>\n\t<\/div>\n\t\n\n\t\t<\/div>\n\t\t\t\t\t<\/div>\n\n\t\n\n\n<style>\n#row-1077895203 > .col > .col-inner {\n  padding: 100px 0px 100px 0px;\n  background-color: rgb(232, 234, 241);\n  border-radius: 46px;\n}\n<\/style>\n<\/div>\n\n\t\t<\/div>\n\n\t\t\n<style>\n#section_1333229762 {\n  padding-top: 30px;\n  padding-bottom: 30px;\n}\n<\/style>\n\t<\/section>","protected":false},"excerpt":{"rendered":"","protected":false},"author":1,"featured_media":0,"parent":0,"menu_order":0,"comment_status":"closed","ping_status":"closed","template":"page-blank.php","meta":{"footnotes":""},"class_list":["post-89","page","type-page","status-publish","hentry"],"_links":{"self":[{"href":"https:\/\/www.impacttesting.net\/tr\/wp-json\/wp\/v2\/pages\/89","targetHints":{"allow":["GET"]}}],"collection":[{"href":"https:\/\/www.impacttesting.net\/tr\/wp-json\/wp\/v2\/pages"}],"about":[{"href":"https:\/\/www.impacttesting.net\/tr\/wp-json\/wp\/v2\/types\/page"}],"author":[{"embeddable":true,"href":"https:\/\/www.impacttesting.net\/tr\/wp-json\/wp\/v2\/users\/1"}],"replies":[{"embeddable":true,"href":"https:\/\/www.impacttesting.net\/tr\/wp-json\/wp\/v2\/comments?post=89"}],"version-history":[{"count":2,"href":"https:\/\/www.impacttesting.net\/tr\/wp-json\/wp\/v2\/pages\/89\/revisions"}],"predecessor-version":[{"id":94,"href":"https:\/\/www.impacttesting.net\/tr\/wp-json\/wp\/v2\/pages\/89\/revisions\/94"}],"wp:attachment":[{"href":"https:\/\/www.impacttesting.net\/tr\/wp-json\/wp\/v2\/media?parent=89"}],"curies":[{"name":"wp","href":"https:\/\/api.w.org\/{rel}","templated":true}]}}