{"id":85,"date":"2025-12-24T07:51:49","date_gmt":"2025-12-24T07:51:49","guid":{"rendered":"https:\/\/www.impacttesting.net\/?page_id=85"},"modified":"2025-12-24T07:51:49","modified_gmt":"2025-12-24T07:51:49","slug":"iso-7765-1","status":"publish","type":"page","link":"https:\/\/www.impacttesting.net\/tr\/iso-7765-1\/","title":{"rendered":"ISO 7765-1"},"content":{"rendered":"<section class=\"section\" id=\"section_2000270857\">\n\t\t<div class=\"bg section-bg fill bg-fill  bg-loaded\" >\n\n\t\t\t\n\t\t\t\n\t\t\t\n\n\t\t<\/div>\n\n\t\t\n\n\t\t<div class=\"section-content relative\">\n\t\t\t\n\n<div class=\"row\"  id=\"row-1486856225\">\n\n\n\t<div id=\"col-803916189\" class=\"col small-12 large-12\"  >\n\t\t\t\t<div class=\"col-inner\" style=\"background-color:rgb(92, 171, 188);\" >\n\t\t\t\n\t\t\t\n\n<div class=\"row\"  id=\"row-529853617\">\n\n\n\t<div id=\"col-1298851710\" class=\"col small-12 large-12\"  >\n\t\t\t\t<div class=\"col-inner\"  >\n\t\t\t\n\t\t\t\n\n\t<div id=\"text-54192468\" class=\"text\">\n\t\t\n\n<h1>ISO 7765-1<\/h1>\n\t\t\n<style>\n#text-54192468 {\n  font-size: 1.5rem;\n  text-align: center;\n}\n<\/style>\n\t<\/div>\n\t\n\t<div id=\"text-76139836\" class=\"text\">\n\t\t\n\n<h2>Serbest D\u00fc\u015fen Dart Y\u00f6ntemi<\/h2>\n\t\t\n<style>\n#text-76139836 {\n  text-align: center;\n}\n<\/style>\n\t<\/div>\n\t\n\n\t\t<\/div>\n\t\t\t\t\n<style>\n#col-1298851710 > .col-inner {\n  padding: 50px 10px 10px 10px;\n}\n<\/style>\n\t<\/div>\n\n\t\n\n<\/div>\n<div class=\"row align-middle align-center\"  id=\"row-1902884678\">\n\n\n\t<div id=\"col-1071415972\" class=\"col medium-11 small-12 large-11\"  >\n\t\t\t\t<div class=\"col-inner\"  >\n\t\t\t\n\t\t\t\n\n<div class=\"row align-center\"  id=\"row-875114899\">\n\n\n\t<div id=\"col-915269025\" class=\"col medium-7 small-12 large-7\"  >\n\t\t\t\t<div class=\"col-inner\"  >\n\t\t\t\n\t\t\t\n\n<div class=\"row\"  id=\"row-1340366387\">\n\n\n\t<div id=\"col-1914710730\" class=\"col small-12 large-12\"  >\n\t\t\t\t<div class=\"col-inner text-center\"  >\n\t\t\t\n\t\t\t\n\n\t<div id=\"text-2321180456\" class=\"text\">\n\t\t\n\n<p>Evlat Edinme <a href=\"https:\/\/www.impacttesting.net\/tr\/iso-7765-1\/\"><strong>ISO 7765-1<\/strong><\/a> ve kullanarak <strong>serbest d\u00fc\u015fen dart y\u00f6ntemi<\/strong> malzeme ve ambalaj profesyonellerini do\u011fru bir \u015fekilde de\u011ferlendirmek i\u00e7in g\u00fc\u00e7lendirir <strong>dart darbe dayan\u0131m\u0131<\/strong>filmlerin dayan\u0131kl\u0131l\u0131k ve g\u00fcvenlik standartlar\u0131n\u0131 kar\u015f\u0131lamas\u0131n\u0131 sa\u011flar. <strong>ISO 7765-1<\/strong> ambalaj, tar\u0131m, medikal ve end\u00fcstriyel uygulamalarda kullan\u0131lan plastik filmler ve tabakalar i\u00e7in idealdir.<\/p>\n\t\t\n<style>\n#text-2321180456 {\n  color: rgb(0, 0, 0);\n}\n#text-2321180456 > * {\n  color: rgb(0, 0, 0);\n}\n<\/style>\n\t<\/div>\n\t\n\n\t\t<\/div>\n\t\t\t\t\t<\/div>\n\n\t\n\n\t<div id=\"col-312250756\" class=\"col small-12 large-12\"  >\n\t\t\t\t<div class=\"col-inner text-center\"  >\n\t\t\t\n\t\t\t\n\n<a href=\"https:\/\/www.impacttesting.net\/tr\/contact-us\/\" class=\"button primary is-outline\"  style=\"border-radius:99px;\">\n    <span>Bize Ula\u015f\u0131n<\/span>\n  <i class=\"icon-chat\" aria-hidden=\"true\" ><\/i><\/a>\n\n\n\n\t\t<\/div>\n\t\t\t\t\t<\/div>\n\n\t\n\n<\/div>\n\n\t\t<\/div>\n\t\t\t\t\t<\/div>\n\n\t\n\n\t<div id=\"col-1246979353\" class=\"col medium-4 small-12 large-4\"  >\n\t\t\t\t<div class=\"col-inner\"  >\n\t\t\t\n\t\t\t\n\n<div class=\"row\"  id=\"row-2007195827\">\n\n\n\t<div id=\"col-1168155533\" class=\"col small-12 large-12\"  >\n\t\t\t\t<div class=\"col-inner\"  >\n\t\t\t\n\t\t\t\n\n\t<div class=\"img has-hover x md-x lg-x y md-y lg-y\" id=\"image_1535581854\">\n\t\t\t\t\t\t\t\t<div class=\"img-inner dark\" >\n\t\t\t<img decoding=\"async\" width=\"600\" height=\"440\" src=\"https:\/\/www.impacttesting.net\/wp-content\/uploads\/2025\/12\/ISO-7765-1-Free-Falling-Dart-Method.webp\" class=\"attachment-large size-large\" alt=\"ISO 7765-1 Serbest D\u00fc\u015fen Dart Y\u00f6ntemi\" srcset=\"https:\/\/www.impacttesting.net\/wp-content\/uploads\/2025\/12\/ISO-7765-1-Free-Falling-Dart-Method.webp 600w, https:\/\/www.impacttesting.net\/wp-content\/uploads\/2025\/12\/ISO-7765-1-Free-Falling-Dart-Method-545x400.webp 545w\" sizes=\"(max-width: 600px) 100vw, 600px\" \/>\t\t\t\t\t\t\n\t\t\t\t\t<\/div>\n\t\t\t\t\t\t\t\t\n<style>\n#image_1535581854 {\n  width: 100%;\n}\n<\/style>\n\t<\/div>\n\t\n\n\n\t\t<\/div>\n\t\t\t\t\t<\/div>\n\n\t\n\n<\/div>\n\n\t\t<\/div>\n\t\t\t\t\t<\/div>\n\n\t\n\n<\/div>\n\n\t\t<\/div>\n\t\t\t\t\t<\/div>\n\n\t\n\n<\/div>\n\n\t\t<\/div>\n\t\t\t\t\t<\/div>\n\n\t\n\n\n<style>\n#row-1486856225 > .col > .col-inner {\n  border-radius: 25px;\n}\n<\/style>\n<\/div>\n\n\t\t<\/div>\n\n\t\t\n<style>\n#section_2000270857 {\n  padding-top: 30px;\n  padding-bottom: 30px;\n}\n<\/style>\n\t<\/section>\n\t\n\t<section class=\"section\" id=\"section_1862875724\">\n\t\t<div class=\"bg section-bg fill bg-fill  bg-loaded\" >\n\n\t\t\t\n\t\t\t\n\t\t\t\n\n\t\t<\/div>\n\n\t\t\n\n\t\t<div class=\"section-content relative\">\n\t\t\t\n\n<div class=\"row\"  id=\"row-706090370\">\n\n\n\t<div id=\"col-809065364\" class=\"col small-12 large-12\"  >\n\t\t\t\t<div class=\"col-inner\"  >\n\t\t\t\n\t\t\t\n\n<div class=\"row\"  id=\"row-322089444\">\n\n\n\t<div id=\"col-1886448204\" class=\"col small-12 large-12\"  >\n\t\t\t\t<div class=\"col-inner\"  >\n\t\t\t\n\t\t\t\n\n\t<div id=\"text-2536628430\" class=\"text\">\n\t\t\n\n<h2>ISO 7765-1 ve \u00d6nemi<\/h2>\n\t\t\n<style>\n#text-2536628430 {\n  font-size: 1.3rem;\n  text-align: center;\n}\n<\/style>\n\t<\/div>\n\t\n\n\t\t<\/div>\n\t\t\t\t\t<\/div>\n\n\t\n\n\t<div id=\"col-1040605259\" class=\"col small-12 large-12\"  >\n\t\t\t\t<div class=\"col-inner\"  >\n\t\t\t\n\t\t\t\n\n<p>Anlamak ve uygulamak <strong>ISO 7765-1<\/strong> plastik filmler ve esnek malzemelerle \u00e7al\u0131\u015fan profesyoneller i\u00e7in \u00e7ok \u00f6nemlidir. Bu uluslararas\u0131 standart, plastik film ve esnek malzemelerin <strong>dart darbe dayan\u0131m\u0131<\/strong> kullanarak plastik bir filmin <strong>serbest d\u00fc\u015fen dart y\u00f6ntemi<\/strong>\u00f6nemli bir kalite kontrol testidir. Bu y\u00f6ntemin do\u011fru bir \u015fekilde uygulanmas\u0131, \u00fcreticilerin malzemelerin darbe y\u00fcklerine ne kadar iyi dayanabilece\u011fini de\u011ferlendirmelerine yard\u0131mc\u0131 olur - bu da ger\u00e7ek d\u00fcnyadaki uygulamalarda dayan\u0131kl\u0131l\u0131k ve performans\u0131n bir g\u00f6stergesidir. Ambalaj, ila\u00e7, elektronik ve g\u0131da gibi sekt\u00f6rler i\u00e7in ISO 7765-1'e ba\u011fl\u0131 kalmak g\u00fcvenilirlik, tutarl\u0131l\u0131k ve k\u00fcresel standartlara uygunluk sa\u011flar.<\/p>\n\n\t\t<\/div>\n\t\t\t\t\t<\/div>\n\n\t\n\n<\/div>\n\n\t\t<\/div>\n\t\t\t\t\t<\/div>\n\n\t\n\n<\/div>\n<div class=\"row\"  id=\"row-1555170229\">\n\n\n\t<div id=\"col-712595265\" class=\"col small-12 large-12\"  >\n\t\t\t\t<div class=\"col-inner\"  >\n\t\t\t\n\t\t\t\n\n<div class=\"row\"  id=\"row-295153064\">\n\n\n\t<div id=\"col-1714862858\" class=\"col small-12 large-12\"  >\n\t\t\t\t<div class=\"col-inner\"  >\n\t\t\t\n\t\t\t\n\n<div class=\"row\"  id=\"row-1708806544\">\n\n\n\t<div id=\"col-1151585073\" class=\"col small-12 large-12\"  >\n\t\t\t\t<div class=\"col-inner\"  >\n\t\t\t\n\t\t\t\n\n\t<div id=\"text-857597191\" class=\"text\">\n\t\t\n\n<h2>Serbest D\u00fc\u015fen Dart Y\u00f6ntemini Anlamak<\/h2>\n\t\t\n<style>\n#text-857597191 {\n  font-size: 1.3rem;\n  text-align: center;\n}\n<\/style>\n\t<\/div>\n\t\n\n\t\t<\/div>\n\t\t\t\t\t<\/div>\n\n\t\n\n<\/div>\n<div class=\"row align-middle\"  id=\"row-208039087\">\n\n\n\t<div id=\"col-1426514111\" class=\"col medium-7 small-12 large-7\"  >\n\t\t\t\t<div class=\"col-inner\"  >\n\t\t\t\n\t\t\t\n\n<div><strong>ISO 7765-1<\/strong> serbest d\u00fc\u015fen bir dart\u0131n etkisiyle plastik filmlerde bozulmaya neden olmak i\u00e7in gereken enerjiyi belirlemek i\u00e7in bir test y\u00f6ntemi belirler. Test a\u015fa\u011f\u0131dakileri tan\u0131mlar <strong>darbe ar\u0131zas\u0131 k\u00fctlesi<\/strong>standartla\u015ft\u0131r\u0131lm\u0131\u015f ko\u015fullar alt\u0131nda test numunelerinin 50%'sinin ba\u015far\u0131s\u0131z olmas\u0131na neden olan dart k\u00fctlesi olarak tan\u0131mlan\u0131r.<\/div>\n<div>\u0130ki temel prosed\u00fcr vard\u0131r:<\/div>\n<ul>\n<li><strong>Y\u00f6ntem A<\/strong> kullan\u0131r <strong>38 mm<\/strong> \u00e7ap\u0131ndaki dart <strong>0.66 metre<\/strong>.<\/li>\n<li><strong>Y\u00f6ntem B<\/strong> bir <strong>50 mm<\/strong> \u00e7ap\u0131ndaki dart <strong>1,5 metre<\/strong>.<\/li>\n<\/ul>\n<p>Her y\u00f6ntem farkl\u0131 malzeme t\u00fcrlerine ve kal\u0131nl\u0131klar\u0131na hitap eder ve elde edilen sonu\u00e7lar birbirinin yerine kullan\u0131lamaz.<\/p>\n\n\t\t<\/div>\n\t\t\t\t\t<\/div>\n\n\t\n\n\t<div id=\"col-950720881\" class=\"col medium-5 small-12 large-5\"  >\n\t\t\t\t<div class=\"col-inner\"  >\n\t\t\t\n\t\t\t\n\n\t<div class=\"img has-hover x md-x lg-x y md-y lg-y\" id=\"image_1833816044\">\n\t\t<a class=\"\" href=\"https:\/\/www.impacttesting.net\/tr\/falling-dart-impact-tester\/\" >\t\t\t\t\t\t<div class=\"img-inner dark\" >\n\t\t\t<img decoding=\"async\" width=\"600\" height=\"440\" src=\"https:\/\/www.impacttesting.net\/wp-content\/uploads\/2025\/12\/ISO-7765-1-Free-Falling-Dart-Method.webp\" class=\"attachment-large size-large\" alt=\"ISO 7765-1 Serbest D\u00fc\u015fen Dart Y\u00f6ntemi\" srcset=\"https:\/\/www.impacttesting.net\/wp-content\/uploads\/2025\/12\/ISO-7765-1-Free-Falling-Dart-Method.webp 600w, https:\/\/www.impacttesting.net\/wp-content\/uploads\/2025\/12\/ISO-7765-1-Free-Falling-Dart-Method-545x400.webp 545w\" sizes=\"(max-width: 600px) 100vw, 600px\" \/>\t\t\t\t\t\t\n\t\t\t\t\t<\/div>\n\t\t\t\t\t\t<\/a>\t\t\n<style>\n#image_1833816044 {\n  width: 100%;\n}\n<\/style>\n\t<\/div>\n\t\n\n\n\t\t<\/div>\n\t\t\t\t\t<\/div>\n\n\t\n\n<\/div>\n\n\t\t<\/div>\n\t\t\t\t\t<\/div>\n\n\t\n\n<\/div>\n\n\t\t<\/div>\n\t\t\t\t\t<\/div>\n\n\t\n\n<\/div>\n<div class=\"row\"  id=\"row-1119560819\">\n\n\n\t<div id=\"col-2045043430\" class=\"col small-12 large-12\"  >\n\t\t\t\t<div class=\"col-inner\"  >\n\t\t\t\n\t\t\t\n\n<div class=\"row\"  id=\"row-245879169\">\n\n\n\t<div id=\"col-686072485\" class=\"col small-12 large-12\"  >\n\t\t\t\t<div class=\"col-inner\"  >\n\t\t\t\n\t\t\t\n\n\t<div id=\"text-1560180407\" class=\"text\">\n\t\t\n\n<h2>Serbest D\u00fc\u015fen Dart Y\u00f6ntemi: \u00d6nemi ve Prosed\u00fcr\u00fc<\/h2>\n\t\t\n<style>\n#text-1560180407 {\n  font-size: 1.3rem;\n  text-align: center;\n}\n<\/style>\n\t<\/div>\n\t\n\n\t\t<\/div>\n\t\t\t\t\t<\/div>\n\n\t\n\n<\/div>\n<div class=\"row\"  id=\"row-243817238\">\n\n\n\t<div id=\"col-1928495624\" class=\"col medium-6 small-12 large-6\"  >\n\t\t\t\t<div class=\"col-inner\"  >\n\t\t\t\n\t\t\t\n\n<h3>Test Haz\u0131rl\u0131\u011f\u0131<\/h3>\n<p>Testi ger\u00e7ekle\u015ftirmeden \u00f6nce:<\/p>\n<ul>\n<li><strong>Durum numuneleri<\/strong> 23\u00b0C \u00b1 2\u00b0C ve 50% \u00b1 5% ba\u011f\u0131l nemde en az 40 saat boyunca.<\/li>\n<li>\u015eu \u00f6zelliklere sahip \u00f6rnekleri se\u00e7in <strong>tek tip kal\u0131nl\u0131k<\/strong> (\u00b110% nominal).<\/li>\n<li>Kullan\u0131m <strong>30 veya daha fazla numune<\/strong> istatistiksel uygunlu\u011fu sa\u011flamak i\u00e7in.<\/li>\n<\/ul>\n\n\t\t<\/div>\n\t\t\t\t\t<\/div>\n\n\t\n\n\t<div id=\"col-931434501\" class=\"col medium-6 small-12 large-6\"  >\n\t\t\t\t<div class=\"col-inner\"  >\n\t\t\t\n\t\t\t\n\n<h3>Ekipman Gereksinimleri<\/h3>\n<div>Standart bir test kurulumu \u015funlar\u0131 i\u00e7erir:<\/div>\n<ul>\n<li>A <strong>yar\u0131m k\u00fcre ba\u015fl\u0131 dart<\/strong> ve \u00e7\u0131kar\u0131labilir artan a\u011f\u0131rl\u0131klar.<\/li>\n<li>Bir <strong>elektrom\u0131knat\u0131s veya mekanik<\/strong> kontroll\u00fc damla i\u00e7in serbest b\u0131rakma mekanizmas\u0131.<\/li>\n<li>A <strong>iki par\u00e7al\u0131 ba\u011flama sistemi<\/strong> numuneyi s\u0131k\u0131ca tutmak i\u00e7in.<\/li>\n<li>A <strong>mikrometre<\/strong> hassas kal\u0131nl\u0131k \u00f6l\u00e7\u00fcm\u00fc i\u00e7in.<\/li>\n<li><strong>G\u00fcvenlik kalkan\u0131<\/strong> kullan\u0131c\u0131lar\u0131 ve cihaz\u0131 korumak i\u00e7in.<\/li>\n<\/ul>\n\n\t\t<\/div>\n\t\t\t\t\t<\/div>\n\n\t\n\n<\/div>\n<div class=\"row align-middle\"  id=\"row-874868889\">\n\n\n\t<div id=\"col-168932436\" class=\"col small-12 large-12\"  >\n\t\t\t\t<div class=\"col-inner\"  >\n\t\t\t\n\t\t\t\n\n\t<div id=\"text-2332894778\" class=\"text\">\n\t\t\n\n<h3>Dart Darbe Dayan\u0131m\u0131 Testinin Uygulanmas\u0131<\/h3>\n\t\t\n<style>\n#text-2332894778 {\n  text-align: center;\n}\n<\/style>\n\t<\/div>\n\t\n\n\t\t<\/div>\n\t\t\t\t\t<\/div>\n\n\t\n\n\t<div id=\"col-2085574435\" class=\"col medium-6 small-12 large-6\"  >\n\t\t\t\t<div class=\"col-inner\"  >\n\t\t\t\n\t\t\t\n\n<h4>1. Test Y\u00f6ntemini (A veya B) se\u00e7in:<\/h4>\n<ul>\n<li><strong>Y\u00f6ntem A<\/strong>: 38 mm dart, 0,66 m d\u00fc\u015fme y\u00fcksekli\u011fi.<\/li>\n<li><strong>Y\u00f6ntem B<\/strong>: 50 mm dart, 1,5 m d\u00fc\u015fme y\u00fcksekli\u011fi.<\/li>\n<\/ul>\n<h4>2. Numuneyi Haz\u0131rlay\u0131n ve Kelep\u00e7eleyin:<\/h4>\n<p>Filmin k\u0131r\u0131\u015fmadan d\u00fcz durdu\u011fundan emin olun. Gerekirse \u00e7i\u011fdem bezi veya a\u015f\u0131nd\u0131r\u0131c\u0131 ka\u011f\u0131t gibi kaymay\u0131 \u00f6nleyici tedbirler kullan\u0131n.<\/p>\n<h4>3. Dart ve Art\u0131ml\u0131 A\u011f\u0131rl\u0131klar\u0131 ayarlay\u0131n:<\/h4>\n<p>Bilinen bir k\u00fctle ile ba\u015flay\u0131n ve 50% ar\u0131za oran\u0131 belirlenene kadar ar\u0131za sonu\u00e7lar\u0131na g\u00f6re k\u00fctleyi art\u0131r\u0131n veya azalt\u0131n.<\/p>\n\n\t\t<\/div>\n\t\t\t\t\t<\/div>\n\n\t\n\n\t<div id=\"col-833451612\" class=\"col medium-6 small-12 large-6\"  >\n\t\t\t\t<div class=\"col-inner\"  >\n\t\t\t\n\t\t\t\n\n<div class=\"video video-fit mb\" style=\"padding-top:56.25%;\"><iframe title=\"Platik film ve levha \u00fczerinde d\u00fc\u015fen dart darbe test cihaz\u0131 Y\u00f6ntem A ve Y\u00f6ntem B ASTM D1709 ISO 7765-1\" width=\"1020\" height=\"574\" src=\"https:\/\/www.youtube.com\/embed\/a3_9M0x3w7U?feature=oembed\" frameborder=\"0\" allow=\"accelerometer; autoplay; clipboard-write; encrypted-media; gyroscope; picture-in-picture; web-share\" referrerpolicy=\"strict-origin-when-cross-origin\" allowfullscreen><\/iframe><\/div>\n\n\n\t\t<\/div>\n\t\t\t\t\t<\/div>\n\n\t\n\n\t<div id=\"col-283039137\" class=\"col small-12 large-12\"  >\n\t\t\t\t<div class=\"col-inner\"  >\n\t\t\t\n\t\t\t\n\n<h4>4. Dart\u0131 serbest b\u0131rak\u0131n:<\/h4>\n<p>Dart\u0131 numunenin ortas\u0131na dikey olarak b\u0131rakmak i\u00e7in elektrom\u0131knat\u0131s veya haval\u0131 serbest b\u0131rakma kullan\u0131n.<\/p>\n<h4>5. Sonucu Kaydedin:<\/h4>\n<p>Numunenin ba\u015far\u0131s\u0131z olup olmad\u0131\u011f\u0131n\u0131 (delinmi\u015f veya y\u0131rt\u0131lm\u0131\u015f) veya hayatta kal\u0131p kalmad\u0131\u011f\u0131n\u0131 not edin. Darbe hatas\u0131 k\u00fctlesini istatistiksel olarak hesaplayana kadar devam edin.<\/p>\n<h4>6. Sonu\u00e7lar\u0131 Analiz Edin:<\/h4>\n<p>Sonu\u00e7lar\u0131 numune kal\u0131nl\u0131\u011f\u0131, malzeme tutarl\u0131l\u0131\u011f\u0131 ve hata oran\u0131n\u0131 dikkate alarak de\u011ferlendirin. ISO 7765-1 sonu\u00e7lar\u0131 malzeme kar\u015f\u0131la\u015ft\u0131rmas\u0131 i\u00e7in faydal\u0131 olabilir ancak farkl\u0131 kal\u0131nl\u0131klar aras\u0131nda normalle\u015ftirilmemelidir.<\/p>\n\n\t\t<\/div>\n\t\t\t\t\t<\/div>\n\n\t\n\n<\/div>\n\n\t\t<\/div>\n\t\t\t\t\t<\/div>\n\n\t\n\n<\/div>\n\n\t\t<\/div>\n\n\t\t\n<style>\n#section_1862875724 {\n  padding-top: 30px;\n  padding-bottom: 30px;\n}\n<\/style>\n\t<\/section>\n\t\n\t<section class=\"section\" id=\"section_572773913\">\n\t\t<div class=\"bg section-bg fill bg-fill  bg-loaded\" >\n\n\t\t\t\n\t\t\t\n\t\t\t\n\n\t\t<\/div>\n\n\t\t\n\n\t\t<div class=\"section-content relative\">\n\t\t\t\n\n<div class=\"row\"  id=\"row-1755306284\">\n\n\n\t<div id=\"col-1084667380\" class=\"col small-12 large-12\"  >\n\t\t\t\t<div class=\"col-inner\"  >\n\t\t\t\n\t\t\t\n\n<div class=\"row align-center\"  id=\"row-1906604637\">\n\n\n\t<div id=\"col-134124026\" class=\"col small-12 large-12\"  >\n\t\t\t\t<div class=\"col-inner\"  >\n\t\t\t\n\t\t\t\n\n\t<div id=\"text-1949471392\" class=\"text\">\n\t\t\n\n<h2>Neden Impacttesting.net'i Se\u00e7melisiniz?<br \/>FDT-01 Dart D\u00fc\u015f\u00fcrme Test Cihaz\u0131<\/h2>\n\t\t\n<style>\n#text-1949471392 {\n  font-size: 1.4rem;\n  text-align: center;\n}\n<\/style>\n\t<\/div>\n\t\n\n\t\t<\/div>\n\t\t\t\t\t<\/div>\n\n\t\n\n\t<div id=\"col-1278695125\" class=\"col small-12 large-12\"  >\n\t\t\t\t<div class=\"col-inner\"  >\n\t\t\t\n\t\t\t\n\n<p>Hassasiyet, tekrarlanabilirlik ve a\u015fa\u011f\u0131dakilere uygunlu\u011fu sa\u011flamak i\u00e7in <strong>ISO 7765-1<\/strong>\u00f6neriyoruz <strong>FDT-01 <a href=\"https:\/\/www.impacttesting.net\/tr\/falling-dart-impact-tester\/\">Dart Darbe Test Cihaz\u0131 <\/a><\/strong>taraf\u0131ndan <strong>Impacttesting.net<\/strong>.<\/p>\n\n\t\t<\/div>\n\t\t\t\t\t<\/div>\n\n\t\n\n\t<div id=\"col-484959104\" class=\"col medium-7 small-12 large-7\"  >\n\t\t\t\t<div class=\"col-inner text-center\"  >\n\t\t\t\n\t\t\t\n\n\t<div id=\"text-3112225148\" class=\"text\">\n\t\t\n\n<p class=\"\" data-start=\"4386\" data-end=\"4422\">Do\u011fru dart d\u00fc\u015fme y\u00fcksekli\u011fi ayar\u0131.<br \/>Pn\u00f6matik kelep\u00e7eler ile kolay numune montaj\u0131.<br \/>Ger\u00e7ek zamanl\u0131 etki verisi toplama ve analizi.<br \/>Hem Y\u00f6ntem A hem de Y\u00f6ntem B ile uyumluluk.<\/p>\n\t\t\n<style>\n#text-3112225148 {\n  font-size: 1.1rem;\n  line-height: 1.3;\n}\n<\/style>\n\t<\/div>\n\t\n\t<div id=\"text-3695549802\" class=\"text\">\n\t\t\n\n<p class=\"\" data-start=\"4676\" data-end=\"4874\">Geli\u015fmi\u015f g\u00fcvenlik \u00f6zellikleri ve dijital kontrolleri insan hatas\u0131n\u0131 en aza indirir ve g\u00fcvenilir, tekrarlanabilir sonu\u00e7lar sa\u011flar; bu da onu ambalaj filmi \u00fcreticileri, d\u00f6n\u00fc\u015ft\u00fcr\u00fcc\u00fcler ve kalite kontrol laboratuvarlar\u0131 i\u00e7in bir tercih haline getirir.<\/p>\n\t\t\n<style>\n#text-3695549802 {\n  font-size: 1.1rem;\n}\n<\/style>\n\t<\/div>\n\t\n<a href=\"https:\/\/www.impacttesting.net\/tr\/contact-us\/\" class=\"button primary is-outline\"  style=\"border-radius:99px;\">\n    <span>Bize Ula\u015f\u0131n<\/span>\n  <i class=\"icon-chat\" aria-hidden=\"true\" ><\/i><\/a>\n\n\n\n\t\t<\/div>\n\t\t\t\t\t<\/div>\n\n\t\n\n\t<div id=\"col-1655954550\" class=\"col medium-4 small-12 large-4\"  >\n\t\t\t\t<div class=\"col-inner text-center\"  >\n\t\t\t\n\t\t\t\n\n\n<div class=\"wpcf7 no-js\" id=\"wpcf7-f10-o1\" lang=\"en-US\" dir=\"ltr\" data-wpcf7-id=\"10\">\n<div class=\"screen-reader-response\"><p role=\"status\" aria-live=\"polite\" aria-atomic=\"true\"><\/p> <ul><\/ul><\/div>\n<form action=\"\/tr\/wp-json\/wp\/v2\/pages\/85#wpcf7-f10-o1\" method=\"post\" class=\"wpcf7-form init\" aria-label=\"Contact form\" novalidate=\"novalidate\" data-status=\"init\" data-trp-original-action=\"\/tr\/wp-json\/wp\/v2\/pages\/85#wpcf7-f10-o1\">\n<fieldset class=\"hidden-fields-container\"><input type=\"hidden\" name=\"_wpcf7\" value=\"10\" \/><input type=\"hidden\" name=\"_wpcf7_version\" value=\"6.1.4\" \/><input type=\"hidden\" name=\"_wpcf7_locale\" value=\"en_US\" \/><input type=\"hidden\" name=\"_wpcf7_unit_tag\" value=\"wpcf7-f10-o1\" \/><input type=\"hidden\" name=\"_wpcf7_container_post\" value=\"0\" \/><input type=\"hidden\" name=\"_wpcf7_posted_data_hash\" value=\"\" \/><input type=\"hidden\" name=\"_wpcf7_recaptcha_response\" value=\"\" \/>\n<\/fieldset>\n<p><span class=\"wpcf7-form-control-wrap\" data-name=\"Name\"><input size=\"40\" maxlength=\"400\" class=\"wpcf7-form-control wpcf7-text\" aria-invalid=\"false\" placeholder=\"Sizin ad\u0131n\u0131z\" value=\"\" type=\"text\" name=\"Name\" \/><\/span><br \/>\n<span class=\"wpcf7-form-control-wrap\" data-name=\"Comapany\"><input size=\"40\" maxlength=\"400\" class=\"wpcf7-form-control wpcf7-text\" aria-invalid=\"false\" placeholder=\"\u015eirketiniz\" value=\"\" type=\"text\" name=\"Comapany\" \/><\/span><br \/>\n<span class=\"wpcf7-form-control-wrap\" data-name=\"Email\"><input size=\"40\" maxlength=\"400\" class=\"wpcf7-form-control wpcf7-email wpcf7-validates-as-required wpcf7-text wpcf7-validates-as-email\" aria-required=\"true\" aria-invalid=\"false\" placeholder=\"E-postan\u0131z*\" value=\"\" type=\"email\" name=\"Email\" \/><\/span><br \/>\n<span class=\"wpcf7-form-control-wrap\" data-name=\"Message\"><textarea cols=\"40\" rows=\"10\" maxlength=\"2000\" class=\"wpcf7-form-control wpcf7-textarea\" aria-invalid=\"false\" placeholder=\"Mesaj\" name=\"Message\"><\/textarea><\/span>\n<\/p>\n<p><input class=\"wpcf7-form-control wpcf7-submit has-spinner\" type=\"submit\" value=\"G\u00f6nder\" \/>\n<\/p><div class=\"wpcf7-response-output\" aria-hidden=\"true\"><\/div>\n<input type=\"hidden\" name=\"trp-form-language\" value=\"tr\"\/><\/form>\n<\/div>\n\n\n\n\t\t<\/div>\n\t\t\t\t\t<\/div>\n\n\t\n\n<\/div>\n\n\t\t<\/div>\n\t\t\t\t\t<\/div>\n\n\t\n\n<\/div>\n\n\t\t<\/div>\n\n\t\t\n<style>\n#section_572773913 {\n  padding-top: 30px;\n  padding-bottom: 30px;\n  background-color: rgb(232, 234, 241);\n}\n<\/style>\n\t<\/section>","protected":false},"excerpt":{"rendered":"","protected":false},"author":1,"featured_media":0,"parent":0,"menu_order":0,"comment_status":"closed","ping_status":"closed","template":"page-blank.php","meta":{"footnotes":""},"class_list":["post-85","page","type-page","status-publish","hentry"],"_links":{"self":[{"href":"https:\/\/www.impacttesting.net\/tr\/wp-json\/wp\/v2\/pages\/85","targetHints":{"allow":["GET"]}}],"collection":[{"href":"https:\/\/www.impacttesting.net\/tr\/wp-json\/wp\/v2\/pages"}],"about":[{"href":"https:\/\/www.impacttesting.net\/tr\/wp-json\/wp\/v2\/types\/page"}],"author":[{"embeddable":true,"href":"https:\/\/www.impacttesting.net\/tr\/wp-json\/wp\/v2\/users\/1"}],"replies":[{"embeddable":true,"href":"https:\/\/www.impacttesting.net\/tr\/wp-json\/wp\/v2\/comments?post=85"}],"version-history":[{"count":2,"href":"https:\/\/www.impacttesting.net\/tr\/wp-json\/wp\/v2\/pages\/85\/revisions"}],"predecessor-version":[{"id":87,"href":"https:\/\/www.impacttesting.net\/tr\/wp-json\/wp\/v2\/pages\/85\/revisions\/87"}],"wp:attachment":[{"href":"https:\/\/www.impacttesting.net\/tr\/wp-json\/wp\/v2\/media?parent=85"}],"curies":[{"name":"wp","href":"https:\/\/api.w.org\/{rel}","templated":true}]}}