{"id":74,"date":"2025-12-24T06:33:06","date_gmt":"2025-12-24T06:33:06","guid":{"rendered":"https:\/\/www.impacttesting.net\/?page_id=74"},"modified":"2025-12-24T06:33:06","modified_gmt":"2025-12-24T06:33:06","slug":"ball-drop-tester","status":"publish","type":"page","link":"https:\/\/www.impacttesting.net\/tr\/ball-drop-tester\/","title":{"rendered":"FBT-01 Bilye D\u00fc\u015fme Test Cihaz\u0131"},"content":{"rendered":"<section class=\"section\" id=\"section_1903404828\">\n\t\t<div class=\"bg section-bg fill bg-fill  bg-loaded\" >\n\n\t\t\t\n\t\t\t\n\t\t\t\n\n\t\t<\/div>\n\n\t\t\n\n\t\t<div class=\"section-content relative\">\n\t\t\t\n\n<div class=\"row\"  id=\"row-53236389\">\n\n\n\t<div id=\"col-1670357302\" class=\"col small-12 large-12\"  >\n\t\t\t\t<div class=\"col-inner\" style=\"background-color:rgb(92, 171, 188);\" >\n\t\t\t\n\t\t\t\n\n<div class=\"row\"  id=\"row-1237587424\">\n\n\n\t<div id=\"col-1788284829\" class=\"col small-12 large-12\"  >\n\t\t\t\t<div class=\"col-inner\"  >\n\t\t\t\n\t\t\t\n\n\t<div id=\"text-3488286632\" class=\"text\">\n\t\t\n\n<h1>FBT-01 Bilye D\u00fc\u015fme Test Cihaz\u0131<\/h1>\n\t\t\n<style>\n#text-3488286632 {\n  font-size: 1.5rem;\n  text-align: center;\n}\n<\/style>\n\t<\/div>\n\t\n\n\t\t<\/div>\n\t\t\t\t\n<style>\n#col-1788284829 > .col-inner {\n  padding: 50px 10px 10px 10px;\n}\n<\/style>\n\t<\/div>\n\n\t\n\n<\/div>\n<div class=\"row align-middle align-center\"  id=\"row-282880349\">\n\n\n\t<div id=\"col-1388746028\" class=\"col medium-11 small-12 large-11\"  >\n\t\t\t\t<div class=\"col-inner\"  >\n\t\t\t\n\t\t\t\n\n<div class=\"row align-middle align-center\"  id=\"row-1637096788\">\n\n\n\t<div id=\"col-270419645\" class=\"col medium-7 small-12 large-7\"  >\n\t\t\t\t<div class=\"col-inner\"  >\n\t\t\t\n\t\t\t\n\n<div class=\"row\"  id=\"row-1500317012\">\n\n\n\t<div id=\"col-1270369799\" class=\"col small-12 large-12\"  >\n\t\t\t\t<div class=\"col-inner text-center\"  >\n\t\t\t\n\t\t\t\n\n\t<div id=\"text-3168147968\" class=\"text\">\n\t\t\n\n<p>Bu <a href=\"https:\/\/www.impacttesting.net\/tr\/ball-drop-tester\/\"><strong>top d\u00fc\u015f\u00fcrme test cihaz\u0131<\/strong><\/a> plastik levhalar, filmler ve koruyucu g\u00f6zl\u00fckler gibi malzemelerin darbe direncini de\u011ferlendirmek i\u00e7in kullan\u0131lan \u00f6nemli bir ara\u00e7t\u0131r. Bu test, ambalajlama, otomotiv ve g\u00fcvenlik ekipman\u0131 \u00fcretimi gibi sekt\u00f6rlerde \u00e7ok \u00f6nemlidir ve malzemelerin \u00f6nemli bir hasar olmadan d\u0131\u015f kuvvetlere dayanabilmesini sa\u011flar.<\/p>\n\t\t\n<style>\n#text-3168147968 {\n  color: rgb(0, 0, 0);\n}\n#text-3168147968 > * {\n  color: rgb(0, 0, 0);\n}\n<\/style>\n\t<\/div>\n\t\n\n\t\t<\/div>\n\t\t\t\t\t<\/div>\n\n\t\n\n\t<div id=\"col-1361687177\" class=\"col small-12 large-12\"  >\n\t\t\t\t<div class=\"col-inner text-center\"  >\n\t\t\t\n\t\t\t\n\n<a href=\"https:\/\/www.impacttesting.net\/tr\/contact-us\/\" class=\"button primary is-outline\"  style=\"border-radius:99px;\">\n    <span>Bize Ula\u015f\u0131n<\/span>\n  <i class=\"icon-chat\" aria-hidden=\"true\" ><\/i><\/a>\n\n\n\n\t\t<\/div>\n\t\t\t\t\t<\/div>\n\n\t\n\n<\/div>\n\n\t\t<\/div>\n\t\t\t\t\t<\/div>\n\n\t\n\n\t<div id=\"col-1891279268\" class=\"col medium-3 small-12 large-3\"  >\n\t\t\t\t<div class=\"col-inner\"  >\n\t\t\t\n\t\t\t\n\n<div class=\"row\"  id=\"row-1242485010\">\n\n\n\t<div id=\"col-543126961\" class=\"col small-12 large-12\"  >\n\t\t\t\t<div class=\"col-inner text-center\"  >\n\t\t\t\n\t\t\t\n\n\t<div class=\"img has-hover x md-x lg-x y md-y lg-y\" id=\"image_225357554\">\n\t\t\t\t\t\t\t\t<div class=\"img-inner dark\" >\n\t\t\t<img decoding=\"async\" width=\"318\" height=\"800\" src=\"https:\/\/www.impacttesting.net\/wp-content\/uploads\/2025\/12\/Ball-Drop-Tester-Ball-Impact-Test-for-Safety-Glasses-318x800.webp\" class=\"attachment-large size-large\" alt=\"Top D\u00fc\u015fme Test Cihaz\u0131 - G\u00fcvenlik G\u00f6zl\u00fckleri i\u00e7in Top Darbe Testi\" srcset=\"https:\/\/www.impacttesting.net\/wp-content\/uploads\/2025\/12\/Ball-Drop-Tester-Ball-Impact-Test-for-Safety-Glasses-318x800.webp 318w, https:\/\/www.impacttesting.net\/wp-content\/uploads\/2025\/12\/Ball-Drop-Tester-Ball-Impact-Test-for-Safety-Glasses-159x400.webp 159w, https:\/\/www.impacttesting.net\/wp-content\/uploads\/2025\/12\/Ball-Drop-Tester-Ball-Impact-Test-for-Safety-Glasses-768x1934.webp 768w, https:\/\/www.impacttesting.net\/wp-content\/uploads\/2025\/12\/Ball-Drop-Tester-Ball-Impact-Test-for-Safety-Glasses-610x1536.webp 610w, https:\/\/www.impacttesting.net\/wp-content\/uploads\/2025\/12\/Ball-Drop-Tester-Ball-Impact-Test-for-Safety-Glasses-813x2048.webp 813w, https:\/\/www.impacttesting.net\/wp-content\/uploads\/2025\/12\/Ball-Drop-Tester-Ball-Impact-Test-for-Safety-Glasses-scaled.webp 1017w\" sizes=\"(max-width: 318px) 100vw, 318px\" \/>\t\t\t\t\t\t\n\t\t\t\t\t<\/div>\n\t\t\t\t\t\t\t\t\n<style>\n#image_225357554 {\n  width: 80%;\n}\n<\/style>\n\t<\/div>\n\t\n\n\n\t\t<\/div>\n\t\t\t\t\t<\/div>\n\n\t\n\n<\/div>\n\n\t\t<\/div>\n\t\t\t\t\t<\/div>\n\n\t\n\n<\/div>\n\n\t\t<\/div>\n\t\t\t\t\t<\/div>\n\n\t\n\n<\/div>\n\n\t\t<\/div>\n\t\t\t\t\t<\/div>\n\n\t\n\n\n<style>\n#row-53236389 > .col > .col-inner {\n  border-radius: 25px;\n}\n<\/style>\n<\/div>\n\n\t\t<\/div>\n\n\t\t\n<style>\n#section_1903404828 {\n  padding-top: 30px;\n  padding-bottom: 30px;\n}\n<\/style>\n\t<\/section>\n\t\n\t<section class=\"section\" id=\"section_487126870\">\n\t\t<div class=\"bg section-bg fill bg-fill  bg-loaded\" >\n\n\t\t\t\n\t\t\t\n\t\t\t\n\n\t\t<\/div>\n\n\t\t\n\n\t\t<div class=\"section-content relative\">\n\t\t\t\n\n<div class=\"row\"  id=\"row-742610497\">\n\n\n\t<div id=\"col-226012142\" class=\"col small-12 large-12\"  >\n\t\t\t\t<div class=\"col-inner\"  >\n\t\t\t\n\t\t\t\n\n<div class=\"row\"  id=\"row-1365332124\">\n\n\n\t<div id=\"col-2077222776\" class=\"col small-12 large-12\"  >\n\t\t\t\t<div class=\"col-inner\"  >\n\t\t\t\n\t\t\t\n\n<div class=\"row align-middle align-center\"  id=\"row-114505872\">\n\n\n\t<div id=\"col-1509440397\" class=\"col medium-5 small-12 large-5\"  >\n\t\t\t\t<div class=\"col-inner text-center\"  >\n\t\t\t\n\t\t\t\n\n\t<div class=\"img has-hover x md-x lg-x y md-y lg-y\" id=\"image_1494621920\">\n\t\t\t\t\t\t\t\t<div class=\"img-inner dark\" >\n\t\t\t<img decoding=\"async\" width=\"600\" height=\"720\" src=\"https:\/\/www.impacttesting.net\/wp-content\/uploads\/2025\/12\/Ball-Drop-Tester.webp\" class=\"attachment-large size-large\" alt=\"Top D\u00fc\u015f\u00fcrme Test Cihaz\u0131\" srcset=\"https:\/\/www.impacttesting.net\/wp-content\/uploads\/2025\/12\/Ball-Drop-Tester.webp 600w, https:\/\/www.impacttesting.net\/wp-content\/uploads\/2025\/12\/Ball-Drop-Tester-333x400.webp 333w\" sizes=\"(max-width: 600px) 100vw, 600px\" \/>\t\t\t\t\t\t\n\t\t\t\t\t<\/div>\n\t\t\t\t\t\t\t\t\n<style>\n#image_1494621920 {\n  width: 100%;\n}\n<\/style>\n\t<\/div>\n\t\n\n\n\t\t<\/div>\n\t\t\t\t\t<\/div>\n\n\t\n\n\t<div id=\"col-816878257\" class=\"col medium-7 small-12 large-7\"  >\n\t\t\t\t<div class=\"col-inner text-left\"  >\n\t\t\t\n\t\t\t\n\n\t<div id=\"text-2508732426\" class=\"text\">\n\t\t\n\n<h2>Bilye D\u00fc\u015f\u00fcrme Test Cihaz\u0131n\u0131 Anlama<\/h2>\n\t\t\n<style>\n#text-2508732426 {\n  font-size: 1.3rem;\n  text-align: left;\n}\n<\/style>\n\t<\/div>\n\t\n<p>Cihaz, belirli bir k\u00fctle ve \u00e7apa sahip \u00e7elik bir bilyenin \u00f6nceden belirlenmi\u015f bir y\u00fckseklikten test numunesinin \u00fczerine d\u00fc\u015f\u00fcr\u00fclmesiyle \u00e7al\u0131\u015f\u0131r. Darbe direncini de\u011ferlendirmek i\u00e7in hasar veya deformasyon derecesi analiz edilir. Bu test \u00f6zellikle a\u015fa\u011f\u0131daki gibi g\u00fcvenlik standartlar\u0131na uygunluk a\u00e7\u0131s\u0131ndan \u00f6nemlidir <strong><a href=\"https:\/\/www.impacttesting.net\/tr\/ansi-z87-1\/\">ANSI Z87.1<\/a> darbe testi<\/strong>.<\/p>\n<a href=\"https:\/\/www.impacttesting.net\/tr\/contact-us\/\" class=\"button primary is-outline\"  style=\"border-radius:99px;\">\n    <span>Bize Ula\u015f\u0131n<\/span>\n  <\/a>\n\n\n\n\t\t<\/div>\n\t\t\t\t\t<\/div>\n\n\t\n\n<\/div>\n\n\t\t<\/div>\n\t\t\t\t\t<\/div>\n\n\t\n\n<\/div>\n\n\t\t<\/div>\n\t\t\t\t\t<\/div>\n\n\t\n\n<\/div>\n<div class=\"row\"  id=\"row-66024792\">\n\n\n\t<div id=\"col-799945986\" class=\"col small-12 large-12\"  >\n\t\t\t\t<div class=\"col-inner\"  >\n\t\t\t\n\t\t\t\n\n<div class=\"row\"  id=\"row-867690846\">\n\n\n\t<div id=\"col-839721174\" class=\"col small-12 large-12\"  >\n\t\t\t\t<div class=\"col-inner\"  >\n\t\t\t\n\t\t\t\n\n\t<div id=\"text-3896355025\" class=\"text\">\n\t\t\n\n<h2>ANSI Z87.1 Darbe Testi: Temel Gereksinimler<\/h2>\n\t\t\n<style>\n#text-3896355025 {\n  font-size: 1.3rem;\n  text-align: center;\n}\n<\/style>\n\t<\/div>\n\t\n\n\t\t<\/div>\n\t\t\t\t\t<\/div>\n\n\t\n\n<\/div>\n<div class=\"row align-middle align-center\"  id=\"row-1605444390\">\n\n\n\t<div id=\"col-657758376\" class=\"col medium-7 small-12 large-7\"  >\n\t\t\t\t<div class=\"col-inner\"  >\n\t\t\t\n\t\t\t\n\n<p>Bu <strong>ANSI Z87.1 darbe testi<\/strong> koruyucu g\u00f6zl\u00fcklerin darbe direncini de\u011ferlendirmek i\u00e7in tasarlanm\u0131\u015f standartla\u015ft\u0131r\u0131lm\u0131\u015f bir y\u00f6ntemdir. Bu testin amac\u0131, g\u00fcvenlik g\u00f6zl\u00fcklerinin, g\u00f6zl\u00fcklerin ve y\u00fcz siperlerinin kullan\u0131c\u0131lar\u0131 y\u00fcksek h\u0131zl\u0131 mermilerden korumak i\u00e7in minimum g\u00fcvenlik gereksinimlerini kar\u015f\u0131lamas\u0131n\u0131 sa\u011flamakt\u0131r.<\/p>\n<h3>Test Aparat\u0131 ve Kurulumu<\/h3>\n<ul>\n<li>Test numunesini y\u00fcz yukar\u0131 pozisyonda sabitlemek i\u00e7in sert bir kafa formu kullan\u0131l\u0131r.<\/li>\n<li>A <strong>25,4 mm (1,0 in\u00e7) \u00e7ap\u0131nda \u00e7elik bilye<\/strong>, tart\u0131 <strong>68 g (2,4 oz)<\/strong>mermi g\u00f6revi g\u00f6r\u00fcr.<\/li>\n<li>\u00c7elik bilye, bir \u00e7elik bilyeden serbest b\u0131rak\u0131l\u0131r. <strong>127 cm (50 in\u00e7) y\u00fckseklik<\/strong> y\u00f6nlendirilmi\u015f bir t\u00fcp arac\u0131l\u0131\u011f\u0131yla.<\/li>\n<li>Kafa formu taban\u0131 en az \u015fu k\u00fctleye sahiptir <strong>30 kg (66 lb)<\/strong> test s\u0131ras\u0131nda stabiliteyi sa\u011flamak i\u00e7in.<\/li>\n<\/ul>\n<h3>Test Prosed\u00fcr\u00fc<\/h3>\n<ol>\n<li>Test numunesi, ger\u00e7ek d\u00fcnyadaki kullan\u0131m ko\u015fullar\u0131n\u0131 taklit ederek kafa formuna g\u00fcvenli bir \u015fekilde monte edilir.<\/li>\n<li>Do\u011fru hizalamay\u0131 sa\u011flamak i\u00e7in numunenin arkas\u0131na bir destek blo\u011fu yerle\u015ftirilir.<\/li>\n<li>\u00c7elik bilye, g\u00f6z b\u00f6lgesi hizas\u0131nda lens veya malzeme y\u00fczeyine b\u0131rak\u0131l\u0131r.<\/li>\n<li>Test, do\u011fruluk i\u00e7in lensin farkl\u0131 noktalar\u0131nda d\u00f6rt kez tekrarlan\u0131r.<\/li>\n<li>Darbe hasar\u0131, malzemenin g\u00fcvenlik kriterlerini kar\u015f\u0131lay\u0131p kar\u015f\u0131lamad\u0131\u011f\u0131n\u0131 belirlemek i\u00e7in analiz edilir.<\/li>\n<\/ol>\n\n\t\t<\/div>\n\t\t\t\t\t<\/div>\n\n\t\n\n\t<div id=\"col-1526223277\" class=\"col medium-4 small-12 large-4\"  >\n\t\t\t\t<div class=\"col-inner\"  >\n\t\t\t\n\t\t\t\n\n<div class=\"video video-fit mb\" style=\"padding-top:200%;\"><iframe title=\"Plastik filmler ve levhalar i\u00e7in d\u00fc\u015fen bilye darbe test cihaz\u0131\" width=\"563\" height=\"1000\" src=\"https:\/\/www.youtube.com\/embed\/AvdivZPwIxc?feature=oembed\" frameborder=\"0\" allow=\"accelerometer; autoplay; clipboard-write; encrypted-media; gyroscope; picture-in-picture; web-share\" referrerpolicy=\"strict-origin-when-cross-origin\" allowfullscreen><\/iframe><\/div>\n\n\n\t\t<\/div>\n\t\t\t\t\t<\/div>\n\n\t\n\n<\/div>\n\n\t\t<\/div>\n\t\t\t\t\t<\/div>\n\n\t\n\n<\/div>\n<div class=\"row\"  id=\"row-1127096326\">\n\n\n\t<div id=\"col-1484832026\" class=\"col small-12 large-12\"  >\n\t\t\t\t<div class=\"col-inner\"  >\n\t\t\t\n\t\t\t\n\n<div class=\"row\"  id=\"row-1073244228\">\n\n\n\t<div id=\"col-540229312\" class=\"col small-12 large-12\"  >\n\t\t\t\t<div class=\"col-inner\"  >\n\t\t\t\n\t\t\t\n\n\t<div id=\"text-4138748707\" class=\"text\">\n\t\t\n\n<h2>FBT-01 D\u00fc\u015fen Dart Darbe Test Cihaz\u0131<\/h2>\n\t\t\n<style>\n#text-4138748707 {\n  font-size: 1.3rem;\n  text-align: center;\n}\n<\/style>\n\t<\/div>\n\t\n\n\t\t<\/div>\n\t\t\t\t\t<\/div>\n\n\t\n\n<\/div>\n<div class=\"row align-middle align-center\"  id=\"row-618627332\">\n\n\n\t<div id=\"col-1639900762\" class=\"col medium-6 small-12 large-6\"  >\n\t\t\t\t<div class=\"col-inner\"  >\n\t\t\t\n\t\t\t\n\n<h3>Temel \u00d6zellikler:<\/h3>\n<ul>\n<li><strong>Ayarlanabilir darbe y\u00fcksekli\u011fi<\/strong> \u00f6zelle\u015ftirilmi\u015f test senaryolar\u0131 i\u00e7in<\/li>\n<li><strong>\u00c7oklu top boyutu se\u00e7enekleri<\/strong> \u00e7e\u015fitli test uygulamalar\u0131 i\u00e7in<\/li>\n<li><strong>Elektromanyetik bilyal\u0131 s\u00fcspansiyon<\/strong> hassas serbest b\u0131rakma zamanlamas\u0131 i\u00e7in<\/li>\n<li><strong>Pn\u00f6matik numune s\u0131k\u0131\u015ft\u0131rma<\/strong> g\u00fcvenli numune konumland\u0131rmas\u0131 i\u00e7in<\/li>\n<li><strong>\u00c7ok birimli test sonucu ekran\u0131<\/strong> kolay veri yorumlama i\u00e7in<\/li>\n<li><strong>Entegre mikro yaz\u0131c\u0131<\/strong> yerinde sonu\u00e7 dok\u00fcmantasyonu i\u00e7in<\/li>\n<li><strong>\u0130ste\u011fe ba\u011fl\u0131 profesyonel yaz\u0131l\u0131m<\/strong> geli\u015fmi\u015f veri analizi i\u00e7in<\/li>\n<\/ul>\n\n\t\t<\/div>\n\t\t\t\t\t<\/div>\n\n\t\n\n\t<div id=\"col-582637714\" class=\"col medium-6 small-12 large-6\"  >\n\t\t\t\t<div class=\"col-inner\"  >\n\t\t\t\n\t\t\t\n\n<h3>Teknik \u00d6zellikler:<\/h3>\n<ul>\n<li><strong>Etki Y\u00fcksekli\u011fi<\/strong>: 300 mm'den 600 mm'ye kadar ayarlanabilir (gerekti\u011finde uzat\u0131labilir)<\/li>\n<li><strong>Top \u00c7aplar\u0131<\/strong>: 23 mm, 25 mm, 28,6 mm, 38,1 mm, 50,8 mm<\/li>\n<li><strong>Do\u011fruluk<\/strong>: 0.1g (0.1J)<\/li>\n<li><strong>Numune Boyutu<\/strong>: Minimum 150 mm x 150 mm<\/li>\n<li><strong>Gaz Temini<\/strong>: 0,6 MPa PU Boru (\u03a68 mm)<\/li>\n<li><strong>G\u00fc\u00e7 Kayna\u011f\u0131<\/strong>: AC 110~220V, 50Hz<\/li>\n<\/ul>\n\n\t\t<\/div>\n\t\t\t\t\t<\/div>\n\n\t\n\n<\/div>\n\n\t\t<\/div>\n\t\t\t\t\t<\/div>\n\n\t\n\n<\/div>\n<div class=\"row\"  id=\"row-232852721\">\n\n\n\t<div id=\"col-603356195\" class=\"col small-12 large-12\"  >\n\t\t\t\t<div class=\"col-inner\"  >\n\t\t\t\n\t\t\t\n\n<div class=\"row\"  id=\"row-1519768870\">\n\n\n\t<div id=\"col-1213831148\" class=\"col small-12 large-12\"  >\n\t\t\t\t<div class=\"col-inner\"  >\n\t\t\t\n\t\t\t\n\n\t<div id=\"text-3376368304\" class=\"text\">\n\t\t\n\n<h2>Bilye Darbe Testi: Sonu\u00e7lar\u0131 Etkileyen Fakt\u00f6rler<\/h2>\n\t\t\n<style>\n#text-3376368304 {\n  font-size: 1.3rem;\n  text-align: center;\n}\n<\/style>\n\t<\/div>\n\t\n\n\t\t<\/div>\n\t\t\t\t\t<\/div>\n\n\t\n\n\t<div id=\"col-1607897918\" class=\"col small-12 large-12\"  >\n\t\t\t\t<div class=\"col-inner\"  >\n\t\t\t\n\t\t\t\n\n<p>Bilye darbe testi, malzemelerin d\u00fc\u015fen bir nesne ile kuvvetli temasa ne kadar iyi dayand\u0131\u011f\u0131n\u0131 \u00f6l\u00e7er. Test sonu\u00e7lar\u0131n\u0131 etkileyen \u00e7e\u015fitli fakt\u00f6rler vard\u0131r:<\/p>\n<h4>1. Damla Y\u00fcksekli\u011fi<\/h4>\n<p>Daha y\u00fcksek d\u00fc\u015fme y\u00fckseklikleri daha b\u00fcy\u00fck darbe enerjisi \u00fcreterek daha a\u015f\u0131r\u0131 ger\u00e7ek d\u00fcnya senaryolar\u0131n\u0131 sim\u00fcle eder.<\/p>\n<h4>2. Top Boyutu ve K\u00fctlesi<\/h4>\n<p>Daha b\u00fcy\u00fck ve daha a\u011f\u0131r bilyeler, \u00e7arpma s\u0131ras\u0131nda daha fazla kuvvet uygulayarak bir malzemenin ne kadar deforme olaca\u011f\u0131n\u0131 veya k\u0131r\u0131laca\u011f\u0131n\u0131 etkiler.<\/p>\n<h4>3. Malzeme \u00d6zellikleri<\/h4>\n<p>Tokluk, kal\u0131nl\u0131k ve esneklik, bir malzemenin darbe enerjisini nas\u0131l emdi\u011fine ve da\u011f\u0131tt\u0131\u011f\u0131na katk\u0131da bulunur.<\/p>\n\n\t\t<\/div>\n\t\t\t\t\t<\/div>\n\n\t\n\n<\/div>\n\n\t\t<\/div>\n\t\t\t\t\t<\/div>\n\n\t\n\n<\/div>\n\n\t\t<\/div>\n\n\t\t\n<style>\n#section_487126870 {\n  padding-top: 30px;\n  padding-bottom: 30px;\n}\n<\/style>\n\t<\/section>\n\t\n\t<section class=\"section\" id=\"section_2062985559\">\n\t\t<div class=\"bg section-bg fill bg-fill  bg-loaded\" >\n\n\t\t\t\n\t\t\t\n\t\t\t\n\n\t\t<\/div>\n\n\t\t\n\n\t\t<div class=\"section-content relative\">\n\t\t\t\n\n<div class=\"row\"  id=\"row-640321962\">\n\n\n\t<div id=\"col-799226074\" class=\"col small-12 large-12\"  >\n\t\t\t\t<div class=\"col-inner\"  >\n\t\t\t\n\t\t\t\n\n<div class=\"row align-equal align-center\"  id=\"row-1477446889\">\n\n\n\t<div id=\"col-1750941660\" class=\"col small-12 large-12\"  >\n\t\t\t\t<div class=\"col-inner\"  >\n\t\t\t\n\t\t\t\n\n\t<div id=\"text-1008496199\" class=\"text\">\n\t\t\n\n<h2>Neden Impacttesting.net'i Se\u00e7melisiniz?<br \/>FBT-01 Bilye D\u00fc\u015fme Test Cihaz\u0131<\/h2>\n\t\t\n<style>\n#text-1008496199 {\n  font-size: 1.4rem;\n  text-align: center;\n}\n<\/style>\n\t<\/div>\n\t\n\n\t\t<\/div>\n\t\t\t\t\t<\/div>\n\n\t\n\n\t<div id=\"col-28949706\" class=\"col medium-6 small-12 large-6\"  >\n\t\t\t\t<div class=\"col-inner text-center\"  >\n\t\t\t\n\t\t\t\n\n\t<div id=\"text-987442856\" class=\"text\">\n\t\t\n\n<p>Bu <strong>top d\u00fc\u015f\u00fcrme test cihaz\u0131<\/strong> \u00fcreticiler ve kalite kontrol uzmanlar\u0131 i\u00e7in kritik bir ara\u00e7t\u0131r. Malzemelerin darbe direnci gereksinimlerini kar\u015f\u0131lamas\u0131na yard\u0131mc\u0131 olarak \u00fcr\u00fcn dayan\u0131kl\u0131l\u0131\u011f\u0131 ve kullan\u0131c\u0131 g\u00fcvenli\u011fi konusunda g\u00fcven sa\u011flar. \u0130ster koruyucu g\u00f6zl\u00fckleri a\u015fa\u011f\u0131daki ko\u015fullar alt\u0131nda test edin <a href=\"https:\/\/www.impacttesting.net\/tr\/ansi-z87-1\/\"><strong>ANSI Z87.1 standartlar\u0131<\/strong><\/a> veya genel olarak <strong>top darbe testleri<\/strong>Bu y\u00f6ntem, malzeme performans de\u011ferlendirmesinde hayati bir rol oynamaktad\u0131r.<\/p>\n\t\t\n<style>\n#text-987442856 {\n  font-size: 1.1rem;\n  line-height: 2;\n}\n<\/style>\n\t<\/div>\n\t\n<a href=\"https:\/\/www.impacttesting.net\/tr\/contact-us\/\" class=\"button primary is-outline\"  style=\"border-radius:99px;\">\n    <span>Bize Ula\u015f\u0131n<\/span>\n  <i class=\"icon-chat\" aria-hidden=\"true\" ><\/i><\/a>\n\n\n\n\t\t<\/div>\n\t\t\t\t\t<\/div>\n\n\t\n\n\t<div id=\"col-1560213220\" class=\"col medium-4 small-12 large-4\"  >\n\t\t\t\t<div class=\"col-inner text-center\"  >\n\t\t\t\n\t\t\t\n\n\n<div class=\"wpcf7 no-js\" id=\"wpcf7-f10-o1\" lang=\"en-US\" dir=\"ltr\" data-wpcf7-id=\"10\">\n<div class=\"screen-reader-response\"><p role=\"status\" aria-live=\"polite\" aria-atomic=\"true\"><\/p> <ul><\/ul><\/div>\n<form action=\"\/tr\/wp-json\/wp\/v2\/pages\/74#wpcf7-f10-o1\" method=\"post\" class=\"wpcf7-form init\" aria-label=\"Contact form\" novalidate=\"novalidate\" data-status=\"init\" data-trp-original-action=\"\/tr\/wp-json\/wp\/v2\/pages\/74#wpcf7-f10-o1\">\n<fieldset class=\"hidden-fields-container\"><input type=\"hidden\" name=\"_wpcf7\" value=\"10\" \/><input type=\"hidden\" name=\"_wpcf7_version\" value=\"6.1.4\" \/><input type=\"hidden\" name=\"_wpcf7_locale\" value=\"en_US\" \/><input type=\"hidden\" name=\"_wpcf7_unit_tag\" value=\"wpcf7-f10-o1\" \/><input type=\"hidden\" name=\"_wpcf7_container_post\" value=\"0\" \/><input type=\"hidden\" name=\"_wpcf7_posted_data_hash\" value=\"\" \/><input type=\"hidden\" name=\"_wpcf7_recaptcha_response\" value=\"\" \/>\n<\/fieldset>\n<p><span class=\"wpcf7-form-control-wrap\" data-name=\"Name\"><input size=\"40\" maxlength=\"400\" class=\"wpcf7-form-control wpcf7-text\" aria-invalid=\"false\" placeholder=\"Sizin ad\u0131n\u0131z\" value=\"\" type=\"text\" name=\"Name\" \/><\/span><br \/>\n<span class=\"wpcf7-form-control-wrap\" data-name=\"Comapany\"><input size=\"40\" maxlength=\"400\" class=\"wpcf7-form-control wpcf7-text\" aria-invalid=\"false\" placeholder=\"\u015eirketiniz\" value=\"\" type=\"text\" name=\"Comapany\" \/><\/span><br \/>\n<span class=\"wpcf7-form-control-wrap\" data-name=\"Email\"><input size=\"40\" maxlength=\"400\" class=\"wpcf7-form-control wpcf7-email wpcf7-validates-as-required wpcf7-text wpcf7-validates-as-email\" aria-required=\"true\" aria-invalid=\"false\" placeholder=\"E-postan\u0131z*\" value=\"\" type=\"email\" name=\"Email\" \/><\/span><br \/>\n<span class=\"wpcf7-form-control-wrap\" data-name=\"Message\"><textarea cols=\"40\" rows=\"10\" maxlength=\"2000\" class=\"wpcf7-form-control wpcf7-textarea\" aria-invalid=\"false\" placeholder=\"Mesaj\" name=\"Message\"><\/textarea><\/span>\n<\/p>\n<p><input class=\"wpcf7-form-control wpcf7-submit has-spinner\" type=\"submit\" value=\"G\u00f6nder\" \/>\n<\/p><div class=\"wpcf7-response-output\" aria-hidden=\"true\"><\/div>\n<input type=\"hidden\" name=\"trp-form-language\" value=\"tr\"\/><\/form>\n<\/div>\n\n\n\n\t\t<\/div>\n\t\t\t\t\t<\/div>\n\n\t\n\n<\/div>\n\n\t\t<\/div>\n\t\t\t\t\t<\/div>\n\n\t\n\n<\/div>\n\n\t\t<\/div>\n\n\t\t\n<style>\n#section_2062985559 {\n  padding-top: 30px;\n  padding-bottom: 30px;\n  background-color: rgb(232, 234, 241);\n}\n<\/style>\n\t<\/section>","protected":false},"excerpt":{"rendered":"","protected":false},"author":1,"featured_media":0,"parent":0,"menu_order":0,"comment_status":"closed","ping_status":"closed","template":"page-blank.php","meta":{"footnotes":""},"class_list":["post-74","page","type-page","status-publish","hentry"],"_links":{"self":[{"href":"https:\/\/www.impacttesting.net\/tr\/wp-json\/wp\/v2\/pages\/74","targetHints":{"allow":["GET"]}}],"collection":[{"href":"https:\/\/www.impacttesting.net\/tr\/wp-json\/wp\/v2\/pages"}],"about":[{"href":"https:\/\/www.impacttesting.net\/tr\/wp-json\/wp\/v2\/types\/page"}],"author":[{"embeddable":true,"href":"https:\/\/www.impacttesting.net\/tr\/wp-json\/wp\/v2\/users\/1"}],"replies":[{"embeddable":true,"href":"https:\/\/www.impacttesting.net\/tr\/wp-json\/wp\/v2\/comments?post=74"}],"version-history":[{"count":2,"href":"https:\/\/www.impacttesting.net\/tr\/wp-json\/wp\/v2\/pages\/74\/revisions"}],"predecessor-version":[{"id":78,"href":"https:\/\/www.impacttesting.net\/tr\/wp-json\/wp\/v2\/pages\/74\/revisions\/78"}],"wp:attachment":[{"href":"https:\/\/www.impacttesting.net\/tr\/wp-json\/wp\/v2\/media?parent=74"}],"curies":[{"name":"wp","href":"https:\/\/api.w.org\/{rel}","templated":true}]}}