{"id":66,"date":"2025-12-24T05:51:29","date_gmt":"2025-12-24T05:51:29","guid":{"rendered":"https:\/\/www.impacttesting.net\/?page_id=66"},"modified":"2025-12-24T05:51:29","modified_gmt":"2025-12-24T05:51:29","slug":"astm-d1709","status":"publish","type":"page","link":"https:\/\/www.impacttesting.net\/tr\/astm-d1709\/","title":{"rendered":"ASTM D1709"},"content":{"rendered":"<section class=\"section\" id=\"section_1356040920\">\n\t\t<div class=\"bg section-bg fill bg-fill  bg-loaded\" >\n\n\t\t\t\n\t\t\t\n\t\t\t\n\n\t\t<\/div>\n\n\t\t\n\n\t\t<div class=\"section-content relative\">\n\t\t\t\n\n<div class=\"row\"  id=\"row-1600251724\">\n\n\n\t<div id=\"col-370223355\" class=\"col small-12 large-12\"  >\n\t\t\t\t<div class=\"col-inner\" style=\"background-color:rgb(92, 171, 188);\" >\n\t\t\t\n\t\t\t\n\n<div class=\"row\"  id=\"row-1121028397\">\n\n\n\t<div id=\"col-441324525\" class=\"col small-12 large-12\"  >\n\t\t\t\t<div class=\"col-inner\"  >\n\t\t\t\n\t\t\t\n\n\t<div id=\"text-3046162971\" class=\"text\">\n\t\t\n\n<h1>ASTM D1709<\/h1>\n\t\t\n<style>\n#text-3046162971 {\n  font-size: 1.5rem;\n  text-align: center;\n}\n<\/style>\n\t<\/div>\n\t\n\t<div id=\"text-2607943347\" class=\"text\">\n\t\t\n\n<h2>Plastik Film i\u00e7in Dart D\u00fc\u015f\u00fcrme Test Y\u00f6ntemi<\/h2>\n\t\t\n<style>\n#text-2607943347 {\n  text-align: center;\n}\n<\/style>\n\t<\/div>\n\t\n\n\t\t<\/div>\n\t\t\t\t\n<style>\n#col-441324525 > .col-inner {\n  padding: 50px 10px 10px 10px;\n}\n<\/style>\n\t<\/div>\n\n\t\n\n<\/div>\n<div class=\"row align-middle align-center\"  id=\"row-223371460\">\n\n\n\t<div id=\"col-784970972\" class=\"col medium-11 small-12 large-11\"  >\n\t\t\t\t<div class=\"col-inner\"  >\n\t\t\t\n\t\t\t\n\n<div class=\"row align-center\"  id=\"row-1330903625\">\n\n\n\t<div id=\"col-947877137\" class=\"col medium-7 small-12 large-7\"  >\n\t\t\t\t<div class=\"col-inner\"  >\n\t\t\t\n\t\t\t\n\n<div class=\"row\"  id=\"row-1124099513\">\n\n\n\t<div id=\"col-1413940335\" class=\"col small-12 large-12\"  >\n\t\t\t\t<div class=\"col-inner text-center\"  >\n\t\t\t\n\t\t\t\n\n\t<div id=\"text-2261563374\" class=\"text\">\n\t\t\n\n<p>Bu <strong>ASTM D1709 dart d\u00fc\u015fme testi<\/strong> plastik filmlerin ve benzer malzemelerin darbe direncini de\u011ferlendirmek i\u00e7in \u00e7ok \u00f6nemli bir y\u00f6ntemdir. Standart prosed\u00fcrleri takip ederek, do\u011fru test y\u00f6ntemini se\u00e7erek ve a\u015fa\u011f\u0131daki gibi g\u00fcvenilir ekipmanlar kullanarak <strong>Impacttesting.net'ten FDT-01<\/strong>B\u00f6ylece tutarl\u0131 kalite ve end\u00fcstri standartlar\u0131na uygunluk sa\u011flayabilirsiniz.<\/p>\n\t\t\n<style>\n#text-2261563374 {\n  color: rgb(0, 0, 0);\n}\n#text-2261563374 > * {\n  color: rgb(0, 0, 0);\n}\n<\/style>\n\t<\/div>\n\t\n\n\t\t<\/div>\n\t\t\t\t\t<\/div>\n\n\t\n\n\t<div id=\"col-361510537\" class=\"col small-12 large-12\"  >\n\t\t\t\t<div class=\"col-inner text-center\"  >\n\t\t\t\n\t\t\t\n\n<a href=\"https:\/\/www.impacttesting.net\/tr\/contact-us\/\" class=\"button primary is-outline\"  style=\"border-radius:99px;\">\n    <span>Bize Ula\u015f\u0131n<\/span>\n  <i class=\"icon-chat\" aria-hidden=\"true\" ><\/i><\/a>\n\n\n\n\t\t<\/div>\n\t\t\t\t\t<\/div>\n\n\t\n\n<\/div>\n\n\t\t<\/div>\n\t\t\t\t\t<\/div>\n\n\t\n\n\t<div id=\"col-948346275\" class=\"col medium-4 small-12 large-4\"  >\n\t\t\t\t<div class=\"col-inner\"  >\n\t\t\t\n\t\t\t\n\n<div class=\"row\"  id=\"row-528309387\">\n\n\n\t<div id=\"col-1535934759\" class=\"col small-12 large-12\"  >\n\t\t\t\t<div class=\"col-inner\"  >\n\t\t\t\n\t\t\t\n\n\t<div class=\"img has-hover x md-x lg-x y md-y lg-y\" id=\"image_703808096\">\n\t\t\t\t\t\t\t\t<div class=\"img-inner dark\" >\n\t\t\t<img decoding=\"async\" width=\"600\" height=\"440\" src=\"https:\/\/www.impacttesting.net\/wp-content\/uploads\/2025\/12\/ASTM-D1709-Dart-Drop-Test-Method-for-Plastic-Film.webp\" class=\"attachment-large size-large\" alt=\"ASTM D1709 Plastik Film i\u00e7in Dart D\u00fc\u015f\u00fcrme Test Y\u00f6ntemi\" srcset=\"https:\/\/www.impacttesting.net\/wp-content\/uploads\/2025\/12\/ASTM-D1709-Dart-Drop-Test-Method-for-Plastic-Film.webp 600w, https:\/\/www.impacttesting.net\/wp-content\/uploads\/2025\/12\/ASTM-D1709-Dart-Drop-Test-Method-for-Plastic-Film-545x400.webp 545w\" sizes=\"(max-width: 600px) 100vw, 600px\" \/>\t\t\t\t\t\t\n\t\t\t\t\t<\/div>\n\t\t\t\t\t\t\t\t\n<style>\n#image_703808096 {\n  width: 100%;\n}\n<\/style>\n\t<\/div>\n\t\n\n\n\t\t<\/div>\n\t\t\t\t\t<\/div>\n\n\t\n\n<\/div>\n\n\t\t<\/div>\n\t\t\t\t\t<\/div>\n\n\t\n\n<\/div>\n\n\t\t<\/div>\n\t\t\t\t\t<\/div>\n\n\t\n\n<\/div>\n\n\t\t<\/div>\n\t\t\t\t\t<\/div>\n\n\t\n\n\n<style>\n#row-1600251724 > .col > .col-inner {\n  border-radius: 25px;\n}\n<\/style>\n<\/div>\n\n\t\t<\/div>\n\n\t\t\n<style>\n#section_1356040920 {\n  padding-top: 30px;\n  padding-bottom: 30px;\n}\n<\/style>\n\t<\/section>\n\t\n\t<section class=\"section\" id=\"section_1147203754\">\n\t\t<div class=\"bg section-bg fill bg-fill  bg-loaded\" >\n\n\t\t\t\n\t\t\t\n\t\t\t\n\n\t\t<\/div>\n\n\t\t\n\n\t\t<div class=\"section-content relative\">\n\t\t\t\n\n<div class=\"row\"  id=\"row-469284236\">\n\n\n\t<div id=\"col-211217591\" class=\"col small-12 large-12\"  >\n\t\t\t\t<div class=\"col-inner\"  >\n\t\t\t\n\t\t\t\n\n<div class=\"row\"  id=\"row-26510067\">\n\n\n\t<div id=\"col-400870261\" class=\"col small-12 large-12\"  >\n\t\t\t\t<div class=\"col-inner\"  >\n\t\t\t\n\t\t\t\n\n\t<div id=\"text-720046032\" class=\"text\">\n\t\t\n\n<h2>ASTM D1709 ve \u00d6nemi<\/h2>\n\t\t\n<style>\n#text-720046032 {\n  font-size: 1.3rem;\n  text-align: center;\n}\n<\/style>\n\t<\/div>\n\t\n\n\t\t<\/div>\n\t\t\t\t\t<\/div>\n\n\t\n\n\t<div id=\"col-784473712\" class=\"col small-12 large-12\"  >\n\t\t\t\t<div class=\"col-inner\"  >\n\t\t\t\n\t\t\t\n\n<p>Esnek ambalaj malzemelerinin, \u00f6zellikle de plastik filmlerin kalite g\u00fcvencesinde ASTM D1709 hayati bir rol oynamaktad\u0131r. Bu uluslararas\u0131 standart a\u015fa\u011f\u0131dakileri belirtir <strong>dart d\u00fc\u015f\u00fcrme test y\u00f6ntemi<\/strong>A\u011f\u0131rl\u0131kl\u0131 bir dart sabit bir y\u00fckseklikten d\u00fc\u015f\u00fcr\u00fcld\u00fc\u011f\u00fcnde ar\u0131zaya neden olmak i\u00e7in gereken enerjiyi belirleyerek plastik filmlerin darbe direncini de\u011ferlendirir. Sonu\u00e7lar, nakliye, ta\u015f\u0131ma ve kullan\u0131m s\u0131ras\u0131nda \u00fcr\u00fcn performans\u0131n\u0131 sa\u011flamak i\u00e7in \u00e7ok \u00f6nemlidir. Polimer filmlerle \u00e7al\u0131\u015fan \u00fcreticiler, kalite kontrol uzmanlar\u0131 ve laboratuvarlar i\u00e7in ASTM D1709'u anlamak ve uygulamak, performans standartlar\u0131na uyumu ve \u00fcretimde tutarl\u0131l\u0131\u011f\u0131 sa\u011flar.<\/p>\n\n\t\t<\/div>\n\t\t\t\t\t<\/div>\n\n\t\n\n<\/div>\n\n\t\t<\/div>\n\t\t\t\t\t<\/div>\n\n\t\n\n<\/div>\n<div class=\"row\"  id=\"row-1484102804\">\n\n\n\t<div id=\"col-85014682\" class=\"col small-12 large-12\"  >\n\t\t\t\t<div class=\"col-inner\"  >\n\t\t\t\n\t\t\t\n\n<div class=\"row\"  id=\"row-1943423255\">\n\n\n\t<div id=\"col-303376857\" class=\"col small-12 large-12\"  >\n\t\t\t\t<div class=\"col-inner\"  >\n\t\t\t\n\t\t\t\n\n<div class=\"row\"  id=\"row-98825007\">\n\n\n\t<div id=\"col-57844062\" class=\"col small-12 large-12\"  >\n\t\t\t\t<div class=\"col-inner\"  >\n\t\t\t\n\t\t\t\n\n\t<div id=\"text-408898408\" class=\"text\">\n\t\t\n\n<h2>Dart D\u00fc\u015f\u00fcrme Testi Y\u00f6ntemini Anlama<\/h2>\n\t\t\n<style>\n#text-408898408 {\n  font-size: 1.3rem;\n  text-align: center;\n}\n<\/style>\n\t<\/div>\n\t\n\n\t\t<\/div>\n\t\t\t\t\t<\/div>\n\n\t\n\n<\/div>\n<div class=\"row align-middle\"  id=\"row-1269576685\">\n\n\n\t<div id=\"col-478362033\" class=\"col medium-7 small-12 large-7\"  >\n\t\t\t\t<div class=\"col-inner\"  >\n\t\t\t\n\t\t\t\n\n<p>Bu <strong>dart d\u00fc\u015f\u00fcrme testi<\/strong> ASTM D1709 taraf\u0131ndan tan\u0131mland\u0131\u011f\u0131 gibi, test edilen numunelerin 50% ar\u0131zas\u0131na neden olan a\u011f\u0131rl\u0131\u011f\u0131 belirlemek i\u00e7in kelep\u00e7eli bir film numunesi \u00fczerine yar\u0131m k\u00fcre ba\u015fl\u0131 bir dart\u0131n d\u00fc\u015f\u00fcr\u00fclmesini i\u00e7erir. Test, darbe direncinin nicel bir \u00f6l\u00e7\u00fcm\u00fcn\u00fc sa\u011flar.<\/p>\n<p>\u0130ki temel test y\u00f6ntemi vard\u0131r:<\/p>\n<ul>\n<li><strong>Y\u00f6ntem A<\/strong>: 0,66 m'den at\u0131lan 38,10 mm \u00e7ap\u0131nda bir dart kullan\u0131r.<\/li>\n<li><strong>Y\u00f6ntem B<\/strong>: 1,52 m'den at\u0131lan 50,80 mm \u00e7ap\u0131nda bir dart kullan\u0131r.<\/li>\n<\/ul>\n<p>Her y\u00f6ntem farkl\u0131 film t\u00fcrleri ve performans e\u015fikleri i\u00e7in uygundur. Y\u00f6ntem A daha hafif veya daha ince filmler i\u00e7in daha yayg\u0131nken, Y\u00f6ntem B daha y\u00fcksek bir enerji etkisi beklendi\u011finde kullan\u0131l\u0131r.<\/p>\n\n\t\t<\/div>\n\t\t\t\t\t<\/div>\n\n\t\n\n\t<div id=\"col-1710241323\" class=\"col medium-5 small-12 large-5\"  >\n\t\t\t\t<div class=\"col-inner\"  >\n\t\t\t\n\t\t\t\n\n\t<div class=\"img has-hover x md-x lg-x y md-y lg-y\" id=\"image_1143287078\">\n\t\t\t\t\t\t\t\t<div class=\"img-inner dark\" >\n\t\t\t<img decoding=\"async\" width=\"600\" height=\"440\" src=\"https:\/\/www.impacttesting.net\/wp-content\/uploads\/2025\/12\/ASTM-D1709-Dart-Drop-Test-Method-for-Plastic-Film.webp\" class=\"attachment-large size-large\" alt=\"ASTM D1709 Plastik Film i\u00e7in Dart D\u00fc\u015f\u00fcrme Test Y\u00f6ntemi\" srcset=\"https:\/\/www.impacttesting.net\/wp-content\/uploads\/2025\/12\/ASTM-D1709-Dart-Drop-Test-Method-for-Plastic-Film.webp 600w, https:\/\/www.impacttesting.net\/wp-content\/uploads\/2025\/12\/ASTM-D1709-Dart-Drop-Test-Method-for-Plastic-Film-545x400.webp 545w\" sizes=\"(max-width: 600px) 100vw, 600px\" \/>\t\t\t\t\t\t\n\t\t\t\t\t<\/div>\n\t\t\t\t\t\t\t\t\n<style>\n#image_1143287078 {\n  width: 100%;\n}\n<\/style>\n\t<\/div>\n\t\n\n\n\t\t<\/div>\n\t\t\t\t\t<\/div>\n\n\t\n\n<\/div>\n\n\t\t<\/div>\n\t\t\t\t\t<\/div>\n\n\t\n\n<\/div>\n\n\t\t<\/div>\n\t\t\t\t\t<\/div>\n\n\t\n\n<\/div>\n<div class=\"row\"  id=\"row-1156798986\">\n\n\n\t<div id=\"col-1019463603\" class=\"col small-12 large-12\"  >\n\t\t\t\t<div class=\"col-inner\"  >\n\t\t\t\n\t\t\t\n\n<div class=\"row\"  id=\"row-2056590737\">\n\n\n\t<div id=\"col-1962547759\" class=\"col small-12 large-12\"  >\n\t\t\t\t<div class=\"col-inner\"  >\n\t\t\t\n\t\t\t\n\n\t<div id=\"text-457767425\" class=\"text\">\n\t\t\n\n<h2>Dart Darbe Testi Prosed\u00fcr\u00fcndeki \u00d6nemli Ad\u0131mlar<\/h2>\n\t\t\n<style>\n#text-457767425 {\n  font-size: 1.3rem;\n  text-align: center;\n}\n<\/style>\n\t<\/div>\n\t\n\n\t\t<\/div>\n\t\t\t\t\t<\/div>\n\n\t\n\n<\/div>\n<div class=\"row\"  id=\"row-1695114524\">\n\n\n\t<div id=\"col-1520930737\" class=\"col medium-6 small-12 large-6\"  >\n\t\t\t\t<div class=\"col-inner\"  >\n\t\t\t\n\t\t\t\n\n<h3>Test Numunesi Haz\u0131rlama<\/h3>\n<ul>\n<li><strong>Boyut ve Kalite<\/strong>: Numunelerin kelep\u00e7enin \u00f6tesine uzanacak kadar b\u00fcy\u00fck oldu\u011fundan ve i\u011fne deli\u011fi veya katlanma gibi g\u00f6r\u00fcn\u00fcr kusurlar i\u00e7ermedi\u011finden emin olun.<\/li>\n<li><strong>\u00d6rnekleme<\/strong>: T\u00fcm film \u00fcretim partisini temsil eden numuneler al\u0131n.<\/li>\n<li><strong>\u015eartland\u0131rma<\/strong>: T\u00fcm numuneleri testten \u00f6nce ASTM D618'de belirtildi\u011fi gibi 23 \u00b1 2\u00b0C ve 50 \u00b1 10% ba\u011f\u0131l nemde en az 40 saat bekletin.<\/li>\n<\/ul>\n\n\t\t<\/div>\n\t\t\t\t\t<\/div>\n\n\t\n\n\t<div id=\"col-482303653\" class=\"col medium-6 small-12 large-6\"  >\n\t\t\t\t<div class=\"col-inner\"  >\n\t\t\t\n\t\t\t\n\n<h3>Aparat Kurulumu<\/h3>\n<ul>\n<li>gibi onayl\u0131 bir dart d\u00fc\u015f\u00fcrme test cihaz\u0131 kullan\u0131n. <strong>Impacttesting.net'ten FDT-01<\/strong>hassas dart b\u0131rakma mekanizmalar\u0131 ile hem Y\u00f6ntem A hem de B'yi destekler.<\/li>\n<li>\u00c7izik veya kusur olmad\u0131\u011f\u0131ndan emin olmak i\u00e7in dart ba\u015fl\u0131\u011f\u0131n\u0131 se\u00e7in ve inceleyin.<\/li>\n<li>Se\u00e7ilen test y\u00f6ntemine g\u00f6re d\u00fc\u015fme y\u00fcksekli\u011fini do\u011fru \u015fekilde ayarlay\u0131n.<\/li>\n<li>Dart\u0131n serbest b\u0131rak\u0131lmas\u0131n\u0131n kelep\u00e7eli numunenin merkezine \u00e7arpt\u0131\u011f\u0131ndan ve kayma olmad\u0131\u011f\u0131ndan emin olun.<\/li>\n<\/ul>\n\n\t\t<\/div>\n\t\t\t\t\t<\/div>\n\n\t\n\n<\/div>\n<div class=\"row align-middle\"  id=\"row-457606910\">\n\n\n\t<div id=\"col-303072000\" class=\"col medium-8 small-12 large-8\"  >\n\t\t\t\t<div class=\"col-inner\"  >\n\t\t\t\n\t\t\t\n\n<h3>Dart D\u00fc\u015f\u00fcrme Test Teknikleri<\/h3>\n<p>ASTM D1709 kapsam\u0131nda iki ana test tekni\u011fi bulunmaktad\u0131r:<\/p>\n<h4>Merdiven Y\u00f6ntemi<\/h4>\n<ul>\n<li>Tek tip a\u011f\u0131rl\u0131k art\u0131\u015flar\u0131 (\u0394W) kullan\u0131n.<\/li>\n<li>Ba\u015far\u0131s\u0131zl\u0131k sonucuna ba\u011fl\u0131 olarak her numuneden sonra dart a\u011f\u0131rl\u0131\u011f\u0131n\u0131 art\u0131r\u0131n veya azalt\u0131n.<\/li>\n<li>Test 10 ba\u015far\u0131s\u0131zl\u0131k (X) ve 10 ba\u015far\u0131s\u0131z olmayan (0) elde edilene kadar devam eder.<\/li>\n<li>Merdiven y\u00f6ntemi form\u00fcl\u00fcn\u00fc kullanarak ar\u0131za a\u011f\u0131rl\u0131\u011f\u0131n\u0131 (WF) hesaplay\u0131n:<br \/><strong>WF = W0 + \u0394W(N\/A - 0,5)<\/strong><br \/>Nerede?<br \/><strong>W<sub>0<\/sub> <\/strong> ba\u015flang\u0131\u00e7 a\u011f\u0131rl\u0131\u011f\u0131d\u0131r<br \/><strong>\u0394W<\/strong> art\u0131\u015f<br \/><strong>N<\/strong> toplam ar\u0131za say\u0131s\u0131d\u0131r (10)<br \/><strong>A<\/strong> ba\u015far\u0131s\u0131z numunelerin indeks de\u011ferlerinin toplam\u0131d\u0131r<\/li>\n<\/ul>\n<h4>Alternatif Y\u00f6ntem<\/h4>\n<ul>\n<li>Bir grup numune i\u00e7in (genellikle 10) sabit bir dart a\u011f\u0131rl\u0131\u011f\u0131 kullan\u0131n.<\/li>\n<li>Gruplar aras\u0131nda dart a\u011f\u0131rl\u0131\u011f\u0131n\u0131 de\u011fi\u015ftirin.<\/li>\n<li>\u00c7izilen verileri veya hareketli ortalamalar\u0131 kullanarak ar\u0131za e\u015fi\u011fini belirleyin.<\/li>\n<\/ul>\n<p>Bu yakla\u015f\u0131m genellikle \u015fu alanlarda kullan\u0131l\u0131r<strong> ruti\u0307n kali\u0307te kontrol<\/strong> h\u0131zl\u0131 kontroller i\u00e7in.<\/p>\n\n\t\t<\/div>\n\t\t\t\t\t<\/div>\n\n\t\n\n\t<div id=\"col-1347051231\" class=\"col medium-4 small-12 large-4\"  >\n\t\t\t\t<div class=\"col-inner\"  >\n\t\t\t\n\t\t\t\n\n<div class=\"video video-fit mb\" style=\"padding-top:200%;\"><iframe title=\"Plastik filmler ve levhalar i\u00e7in d\u00fc\u015fen bilye darbe test cihaz\u0131\" width=\"563\" height=\"1000\" src=\"https:\/\/www.youtube.com\/embed\/AvdivZPwIxc?feature=oembed\" frameborder=\"0\" allow=\"accelerometer; autoplay; clipboard-write; encrypted-media; gyroscope; picture-in-picture; web-share\" referrerpolicy=\"strict-origin-when-cross-origin\" allowfullscreen><\/iframe><\/div>\n\n\n\t\t<\/div>\n\t\t\t\t\t<\/div>\n\n\t\n\n<\/div>\n\n\t\t<\/div>\n\t\t\t\t\t<\/div>\n\n\t\n\n<\/div>\n<div class=\"row\"  id=\"row-1741812766\">\n\n\n\t<div id=\"col-369134765\" class=\"col small-12 large-12\"  >\n\t\t\t\t<div class=\"col-inner\"  >\n\t\t\t\n\t\t\t\n\n<div class=\"row\"  id=\"row-910857048\">\n\n\n\t<div id=\"col-1245071341\" class=\"col small-12 large-12\"  >\n\t\t\t\t<div class=\"col-inner\"  >\n\t\t\t\n\t\t\t\n\n\t<div id=\"text-240119506\" class=\"text\">\n\t\t\n\n<h2>Yayg\u0131n Sorunlar ve \u00c7\u00f6z\u00fcmler<\/h2>\n\t\t\n<style>\n#text-240119506 {\n  font-size: 1.3rem;\n  text-align: center;\n}\n<\/style>\n\t<\/div>\n\t\n\n\t\t<\/div>\n\t\t\t\t\t<\/div>\n\n\t\n\n\t<div id=\"col-1482176610\" class=\"col small-12 large-12\"  >\n\t\t\t\t<div class=\"col-inner\"  >\n\t\t\t\n\t\t\t\n\n\t<div id=\"text-731929383\" class=\"text\">\n\t\t\n\n<p><strong>Numune Kaymas\u0131<\/strong>: Darbe s\u0131ras\u0131nda hareketi \u00f6nlemek i\u00e7in uygun kelep\u00e7eler ve y\u00fczey i\u015flemleri (\u00f6rn. \u00e7i\u011fdem bezi) kullan\u0131n.<\/p>\n<p><strong>Tutars\u0131z Sonu\u00e7lar<\/strong>: Tekrarlanabilirli\u011fi sa\u011flamak i\u00e7in \u00e7evresel ko\u015fullar\u0131, dart hizalamas\u0131n\u0131 ve numune haz\u0131rl\u0131\u011f\u0131n\u0131 do\u011frulay\u0131n.<\/p>\n<p><strong>Dart Ribaundu<\/strong>: Birden fazla temas\u0131 ve olas\u0131 y\u00fczey hasar\u0131n\u0131 \u00f6nlemek i\u00e7in dart\u0131 her zaman vurduktan sonra yakalay\u0131n.<\/p>\n\t\t\n<style>\n#text-731929383 {\n  text-align: center;\n}\n<\/style>\n\t<\/div>\n\t\n\n\t\t<\/div>\n\t\t\t\t\t<\/div>\n\n\t\n\n<\/div>\n\n\t\t<\/div>\n\t\t\t\t\t<\/div>\n\n\t\n\n<\/div>\n\n\t\t<\/div>\n\n\t\t\n<style>\n#section_1147203754 {\n  padding-top: 30px;\n  padding-bottom: 30px;\n}\n<\/style>\n\t<\/section>\n\t\n\t<section class=\"section\" id=\"section_510544601\">\n\t\t<div class=\"bg section-bg fill bg-fill  bg-loaded\" >\n\n\t\t\t\n\t\t\t\n\t\t\t\n\n\t\t<\/div>\n\n\t\t\n\n\t\t<div class=\"section-content relative\">\n\t\t\t\n\n<div class=\"row\"  id=\"row-851032878\">\n\n\n\t<div id=\"col-1793435596\" class=\"col small-12 large-12\"  >\n\t\t\t\t<div class=\"col-inner\"  >\n\t\t\t\n\t\t\t\n\n<div class=\"row align-center\"  id=\"row-1221878288\">\n\n\n\t<div id=\"col-1271937001\" class=\"col small-12 large-12\"  >\n\t\t\t\t<div class=\"col-inner\"  >\n\t\t\t\n\t\t\t\n\n\t<div id=\"text-1865656867\" class=\"text\">\n\t\t\n\n<h2>Neden Impacttesting.net'i Se\u00e7melisiniz?<br \/>FDT-01 Dart D\u00fc\u015f\u00fcrme Test Cihaz\u0131<\/h2>\n\t\t\n<style>\n#text-1865656867 {\n  font-size: 1.4rem;\n  text-align: center;\n}\n<\/style>\n\t<\/div>\n\t\n\n\t\t<\/div>\n\t\t\t\t\t<\/div>\n\n\t\n\n\t<div id=\"col-748952929\" class=\"col small-12 large-12\"  >\n\t\t\t\t<div class=\"col-inner\"  >\n\t\t\t\n\t\t\t\n\n<p>Bu <strong>FDT-01 <a href=\"https:\/\/www.impacttesting.net\/tr\/falling-dart-impact-tester\/\">Dart Darbe Test Cihaz\u0131<\/a><\/strong> itibaren <a href=\"https:\/\/www.impacttesting.net\/tr\/\">Impacttesting.net<\/a> ba\u015f\u0131na do\u011fru ve verimli testler i\u00e7in \u00f6zel olarak tasarlanm\u0131\u015ft\u0131r. <a href=\"https:\/\/www.impacttesting.net\/tr\/astm-d1709\/\"><strong>ASTM D1709<\/strong><\/a>. Bu alet:<\/p>\n\n\t\t<\/div>\n\t\t\t\t\t<\/div>\n\n\t\n\n\t<div id=\"col-1291209504\" class=\"col medium-7 small-12 large-7\"  >\n\t\t\t\t<div class=\"col-inner text-center\"  >\n\t\t\t\n\t\t\t\n\n\t<div id=\"text-588393750\" class=\"text\">\n\t\t\n\n<p>Hem Y\u00f6ntem A hem de B testlerini destekler<br \/>Hassas d\u00fc\u015fme y\u00fcksekli\u011fi ayar\u0131 ve dart b\u0131rakma \u00f6zelli\u011fi<br \/>G\u00fcvenilir sonu\u00e7 takibi i\u00e7in dijital kontrol ve veri toplama sunar<br \/>Sezgisel aray\u00fcz\u00fc ve sa\u011flam yap\u0131s\u0131yla \u00fcretkenli\u011fi art\u0131r\u0131r<\/p>\n\t\t\n<style>\n#text-588393750 {\n  font-size: 1.1rem;\n  line-height: 1.3;\n}\n<\/style>\n\t<\/div>\n\t\n\t<div id=\"text-2663924098\" class=\"text\">\n\t\t\n\n<p>Uzmanl\u0131k alanlar\u0131m\u0131z <strong>ambalaj malzemesi testi<\/strong>\u00d6zelle\u015ftirilebilir \u00f6zellikler ve otomasyon deste\u011fi ile birlikte FDT-01 laboratuvarlar, \u00fcretim hatlar\u0131 ve denetim kurulu\u015flar\u0131 i\u00e7in m\u00fckemmel bir se\u00e7imdir.<\/p>\n\t\t\n<style>\n#text-2663924098 {\n  font-size: 1.1rem;\n}\n<\/style>\n\t<\/div>\n\t\n<a href=\"https:\/\/www.impacttesting.net\/tr\/contact-us\/\" class=\"button primary is-outline\"  style=\"border-radius:99px;\">\n    <span>Bize Ula\u015f\u0131n<\/span>\n  <i class=\"icon-chat\" aria-hidden=\"true\" ><\/i><\/a>\n\n\n\n\t\t<\/div>\n\t\t\t\t\t<\/div>\n\n\t\n\n\t<div id=\"col-708062004\" class=\"col medium-4 small-12 large-4\"  >\n\t\t\t\t<div class=\"col-inner text-center\"  >\n\t\t\t\n\t\t\t\n\n\n<div class=\"wpcf7 no-js\" id=\"wpcf7-f10-o1\" lang=\"en-US\" dir=\"ltr\" data-wpcf7-id=\"10\">\n<div class=\"screen-reader-response\"><p role=\"status\" aria-live=\"polite\" aria-atomic=\"true\"><\/p> <ul><\/ul><\/div>\n<form action=\"\/tr\/wp-json\/wp\/v2\/pages\/66#wpcf7-f10-o1\" method=\"post\" class=\"wpcf7-form init\" aria-label=\"Contact form\" novalidate=\"novalidate\" data-status=\"init\" data-trp-original-action=\"\/tr\/wp-json\/wp\/v2\/pages\/66#wpcf7-f10-o1\">\n<fieldset class=\"hidden-fields-container\"><input type=\"hidden\" name=\"_wpcf7\" value=\"10\" \/><input type=\"hidden\" name=\"_wpcf7_version\" value=\"6.1.4\" \/><input type=\"hidden\" name=\"_wpcf7_locale\" value=\"en_US\" \/><input type=\"hidden\" name=\"_wpcf7_unit_tag\" value=\"wpcf7-f10-o1\" \/><input type=\"hidden\" name=\"_wpcf7_container_post\" value=\"0\" \/><input type=\"hidden\" name=\"_wpcf7_posted_data_hash\" value=\"\" \/><input type=\"hidden\" name=\"_wpcf7_recaptcha_response\" value=\"\" \/>\n<\/fieldset>\n<p><span class=\"wpcf7-form-control-wrap\" data-name=\"Name\"><input size=\"40\" maxlength=\"400\" class=\"wpcf7-form-control wpcf7-text\" aria-invalid=\"false\" placeholder=\"Sizin ad\u0131n\u0131z\" value=\"\" type=\"text\" name=\"Name\" \/><\/span><br \/>\n<span class=\"wpcf7-form-control-wrap\" data-name=\"Comapany\"><input size=\"40\" maxlength=\"400\" class=\"wpcf7-form-control wpcf7-text\" aria-invalid=\"false\" placeholder=\"\u015eirketiniz\" value=\"\" type=\"text\" name=\"Comapany\" \/><\/span><br \/>\n<span class=\"wpcf7-form-control-wrap\" data-name=\"Email\"><input size=\"40\" maxlength=\"400\" class=\"wpcf7-form-control wpcf7-email wpcf7-validates-as-required wpcf7-text wpcf7-validates-as-email\" aria-required=\"true\" aria-invalid=\"false\" placeholder=\"E-postan\u0131z*\" value=\"\" type=\"email\" name=\"Email\" \/><\/span><br \/>\n<span class=\"wpcf7-form-control-wrap\" data-name=\"Message\"><textarea cols=\"40\" rows=\"10\" maxlength=\"2000\" class=\"wpcf7-form-control wpcf7-textarea\" aria-invalid=\"false\" placeholder=\"Mesaj\" name=\"Message\"><\/textarea><\/span>\n<\/p>\n<p><input class=\"wpcf7-form-control wpcf7-submit has-spinner\" type=\"submit\" value=\"G\u00f6nder\" \/>\n<\/p><div class=\"wpcf7-response-output\" aria-hidden=\"true\"><\/div>\n<input type=\"hidden\" name=\"trp-form-language\" value=\"tr\"\/><\/form>\n<\/div>\n\n\n\n\t\t<\/div>\n\t\t\t\t\t<\/div>\n\n\t\n\n<\/div>\n\n\t\t<\/div>\n\t\t\t\t\t<\/div>\n\n\t\n\n<\/div>\n\n\t\t<\/div>\n\n\t\t\n<style>\n#section_510544601 {\n  padding-top: 30px;\n  padding-bottom: 30px;\n  background-color: rgb(232, 234, 241);\n}\n<\/style>\n\t<\/section>","protected":false},"excerpt":{"rendered":"","protected":false},"author":1,"featured_media":0,"parent":0,"menu_order":0,"comment_status":"closed","ping_status":"closed","template":"page-blank.php","meta":{"footnotes":""},"class_list":["post-66","page","type-page","status-publish","hentry"],"_links":{"self":[{"href":"https:\/\/www.impacttesting.net\/tr\/wp-json\/wp\/v2\/pages\/66","targetHints":{"allow":["GET"]}}],"collection":[{"href":"https:\/\/www.impacttesting.net\/tr\/wp-json\/wp\/v2\/pages"}],"about":[{"href":"https:\/\/www.impacttesting.net\/tr\/wp-json\/wp\/v2\/types\/page"}],"author":[{"embeddable":true,"href":"https:\/\/www.impacttesting.net\/tr\/wp-json\/wp\/v2\/users\/1"}],"replies":[{"embeddable":true,"href":"https:\/\/www.impacttesting.net\/tr\/wp-json\/wp\/v2\/comments?post=66"}],"version-history":[{"count":1,"href":"https:\/\/www.impacttesting.net\/tr\/wp-json\/wp\/v2\/pages\/66\/revisions"}],"predecessor-version":[{"id":73,"href":"https:\/\/www.impacttesting.net\/tr\/wp-json\/wp\/v2\/pages\/66\/revisions\/73"}],"wp:attachment":[{"href":"https:\/\/www.impacttesting.net\/tr\/wp-json\/wp\/v2\/media?parent=66"}],"curies":[{"name":"wp","href":"https:\/\/api.w.org\/{rel}","templated":true}]}}