{"id":59,"date":"2025-12-24T05:33:37","date_gmt":"2025-12-24T05:33:37","guid":{"rendered":"https:\/\/www.impacttesting.net\/?page_id=59"},"modified":"2025-12-24T06:11:16","modified_gmt":"2025-12-24T06:11:16","slug":"astm-d3420","status":"publish","type":"page","link":"https:\/\/www.impacttesting.net\/tr\/astm-d3420\/","title":{"rendered":"ASTM D3420"},"content":{"rendered":"<section class=\"section\" id=\"section_1471665801\">\n\t\t<div class=\"bg section-bg fill bg-fill  bg-loaded\" >\n\n\t\t\t\n\t\t\t\n\t\t\t\n\n\t\t<\/div>\n\n\t\t\n\n\t\t<div class=\"section-content relative\">\n\t\t\t\n\n<div class=\"row\"  id=\"row-309277668\">\n\n\n\t<div id=\"col-1086856194\" class=\"col small-12 large-12\"  >\n\t\t\t\t<div class=\"col-inner\" style=\"background-color:rgb(92, 171, 188);\" >\n\t\t\t\n\t\t\t\n\n<div class=\"row\"  id=\"row-1893362218\">\n\n\n\t<div id=\"col-1002157786\" class=\"col small-12 large-12\"  >\n\t\t\t\t<div class=\"col-inner\"  >\n\t\t\t\n\t\t\t\n\n\t<div id=\"text-1072630754\" class=\"text\">\n\t\t\n\n<h1>ASTM D1709<\/h1>\n\t\t\n<style>\n#text-1072630754 {\n  font-size: 1.5rem;\n  text-align: center;\n}\n<\/style>\n\t<\/div>\n\t\n\t<div id=\"text-971490227\" class=\"text\">\n\t\t\n\n<h2>Plastik Filmin Sarka\u00e7 Darbe Dayan\u0131m\u0131<\/h2>\n\t\t\n<style>\n#text-971490227 {\n  text-align: center;\n}\n<\/style>\n\t<\/div>\n\t\n\n\t\t<\/div>\n\t\t\t\t\n<style>\n#col-1002157786 > .col-inner {\n  padding: 50px 10px 10px 10px;\n}\n<\/style>\n\t<\/div>\n\n\t\n\n<\/div>\n<div class=\"row align-middle align-center\"  id=\"row-2105379482\">\n\n\n\t<div id=\"col-560470887\" class=\"col medium-11 small-12 large-11\"  >\n\t\t\t\t<div class=\"col-inner\"  >\n\t\t\t\n\t\t\t\n\n<div class=\"row align-middle align-center\"  id=\"row-440297458\">\n\n\n\t<div id=\"col-241298609\" class=\"col medium-7 small-12 large-7\"  >\n\t\t\t\t<div class=\"col-inner\"  >\n\t\t\t\n\t\t\t\n\n<div class=\"row\"  id=\"row-1258959554\">\n\n\n\t<div id=\"col-93090298\" class=\"col small-12 large-12\"  >\n\t\t\t\t<div class=\"col-inner text-center\"  >\n\t\t\t\n\t\t\t\n\n\t<div id=\"text-1029666425\" class=\"text\">\n\t\t\n\n<p>Darbe direnci, bir malzemenin dayan\u0131kl\u0131l\u0131\u011f\u0131n\u0131 ve ani stres alt\u0131ndaki performans\u0131n\u0131 de\u011ferlendirmede hayati bir rol oynar. <a href=\"https:\/\/www.impacttesting.net\/tr\/astm-d3420\/\"><strong>ASTM D3420<\/strong><\/a>i\u00e7in standart test y\u00f6ntemi <strong>Plastik Filmin Sarka\u00e7 Darbe Dayan\u0131m\u0131<\/strong>plastik filmlerin toklu\u011funu belirlemek i\u00e7in \u00f6nemli bir \u00f6l\u00e7\u00fct sa\u011flar. Bu y\u00f6ntem, filmlerin uygulamaya \u00f6zel performans gereksinimlerini kar\u015f\u0131lad\u0131\u011f\u0131ndan emin olmak isteyen ambalaj m\u00fchendisleri, malzeme bilimcileri ve kalite kontrol uzmanlar\u0131 i\u00e7in \u00f6zellikle de\u011ferlidir.<\/p>\n\t\t\n<style>\n#text-1029666425 {\n  color: rgb(0, 0, 0);\n}\n#text-1029666425 > * {\n  color: rgb(0, 0, 0);\n}\n<\/style>\n\t<\/div>\n\t\n\n\t\t<\/div>\n\t\t\t\t\t<\/div>\n\n\t\n\n\t<div id=\"col-1135014441\" class=\"col small-12 large-12\"  >\n\t\t\t\t<div class=\"col-inner text-center\"  >\n\t\t\t\n\t\t\t\n\n<a href=\"https:\/\/www.impacttesting.net\/tr\/contact-us\/\" class=\"button primary is-outline\"  style=\"border-radius:99px;\">\n    <span>Bize Ula\u015f\u0131n<\/span>\n  <i class=\"icon-chat\" aria-hidden=\"true\" ><\/i><\/a>\n\n\n\n\t\t<\/div>\n\t\t\t\t\t<\/div>\n\n\t\n\n<\/div>\n\n\t\t<\/div>\n\t\t\t\t\t<\/div>\n\n\t\n\n\t<div id=\"col-446074283\" class=\"col medium-5 small-12 large-5\"  >\n\t\t\t\t<div class=\"col-inner\"  >\n\t\t\t\n\t\t\t\n\n<div class=\"row\"  id=\"row-242965225\">\n\n\n\t<div id=\"col-1579365034\" class=\"col small-12 large-12\"  >\n\t\t\t\t<div class=\"col-inner\"  >\n\t\t\t\n\t\t\t\n\n\t<div class=\"img has-hover x md-x lg-x y md-y lg-y\" id=\"image_873473839\">\n\t\t<a class=\"\" href=\"https:\/\/www.impacttesting.net\/tr\/falling-dart-impact-tester\/\" >\t\t\t\t\t\t<div class=\"img-inner dark\" >\n\t\t\t<img decoding=\"async\" width=\"600\" height=\"440\" src=\"https:\/\/www.impacttesting.net\/wp-content\/uploads\/2025\/12\/ASTM-D3420-Pendulum-Impact-Resistance-of-Plastic-Film.webp\" class=\"attachment-large size-large\" alt=\"ASTM D3420 Plastik Filmin Sarka\u00e7 Darbe Dayan\u0131m\u0131\" srcset=\"https:\/\/www.impacttesting.net\/wp-content\/uploads\/2025\/12\/ASTM-D3420-Pendulum-Impact-Resistance-of-Plastic-Film.webp 600w, https:\/\/www.impacttesting.net\/wp-content\/uploads\/2025\/12\/ASTM-D3420-Pendulum-Impact-Resistance-of-Plastic-Film-545x400.webp 545w\" sizes=\"(max-width: 600px) 100vw, 600px\" \/>\t\t\t\t\t\t\n\t\t\t\t\t<\/div>\n\t\t\t\t\t\t<\/a>\t\t\n<style>\n#image_873473839 {\n  width: 100%;\n}\n<\/style>\n\t<\/div>\n\t\n\n\n\t\t<\/div>\n\t\t\t\t\t<\/div>\n\n\t\n\n<\/div>\n\n\t\t<\/div>\n\t\t\t\t\t<\/div>\n\n\t\n\n<\/div>\n\n\t\t<\/div>\n\t\t\t\t\t<\/div>\n\n\t\n\n<\/div>\n\n\t\t<\/div>\n\t\t\t\t\t<\/div>\n\n\t\n\n\n<style>\n#row-309277668 > .col > .col-inner {\n  border-radius: 25px;\n}\n<\/style>\n<\/div>\n\n\t\t<\/div>\n\n\t\t\n<style>\n#section_1471665801 {\n  padding-top: 30px;\n  padding-bottom: 30px;\n}\n<\/style>\n\t<\/section>\n\t\n\t<section class=\"section\" id=\"section_54950804\">\n\t\t<div class=\"bg section-bg fill bg-fill  bg-loaded\" >\n\n\t\t\t\n\t\t\t\n\t\t\t\n\n\t\t<\/div>\n\n\t\t\n\n\t\t<div class=\"section-content relative\">\n\t\t\t\n\n<div class=\"row\"  id=\"row-208795590\">\n\n\n\t<div id=\"col-94871256\" class=\"col small-12 large-12\"  >\n\t\t\t\t<div class=\"col-inner\"  >\n\t\t\t\n\t\t\t\n\n<div class=\"row\"  id=\"row-1924290263\">\n\n\n\t<div id=\"col-1502986619\" class=\"col small-12 large-12\"  >\n\t\t\t\t<div class=\"col-inner\"  >\n\t\t\t\n\t\t\t\n\n\t<div id=\"text-3805731284\" class=\"text\">\n\t\t\n\n<h2>ASTM D3420 ve \u00d6nemi<\/h2>\n\t\t\n<style>\n#text-3805731284 {\n  font-size: 1.3rem;\n  text-align: center;\n}\n<\/style>\n\t<\/div>\n\t\n\n\t\t<\/div>\n\t\t\t\t\t<\/div>\n\n\t\n\n\t<div id=\"col-1984733412\" class=\"col small-12 large-12\"  >\n\t\t\t\t<div class=\"col-inner\"  >\n\t\t\t\n\t\t\t\n\n<p>ASTM D3420 standard\u0131, bir sarka\u00e7 aparat\u0131 kullanarak plastik bir film numunesini delmek i\u00e7in gereken enerjiyi \u00f6l\u00e7mek i\u00e7in bir y\u00f6ntem tan\u0131mlar. Sarkac\u0131n kinetik enerjisi, ambalajlama, nakliye veya ta\u015f\u0131ma s\u0131ras\u0131nda oldu\u011fu gibi bir filmin kar\u015f\u0131la\u015fabilece\u011fi ger\u00e7ek d\u00fcnya kuvvetlerini taklit eder. Sonu\u00e7, filmin dinamik gerilme davran\u0131\u015f\u0131n\u0131 yans\u0131tarak statik gerilme testlerinden daha ger\u00e7ek\u00e7i bir de\u011ferlendirme sa\u011flar.<\/p>\n\n\t\t<\/div>\n\t\t\t\t\t<\/div>\n\n\t\n\n\t<div id=\"col-92304039\" class=\"col small-12 large-12\"  >\n\t\t\t\t<div class=\"col-inner\"  >\n\t\t\t\n\t\t\t\n\n\t<div id=\"text-3333155164\" class=\"text\">\n\t\t\n\n<h3>ASTM D3420 - Plastiklerin Darbe Testi i\u00e7in ASTM Standartlar\u0131<\/h3>\n\t\t\n<style>\n#text-3333155164 {\n  text-align: center;\n}\n<\/style>\n\t<\/div>\n\t\n\n\t\t<\/div>\n\t\t\t\t\t<\/div>\n\n\t\n\n\t<div id=\"col-745098605\" class=\"col small-12 large-12\"  >\n\t\t\t\t<div class=\"col-inner\"  >\n\t\t\t\n\t\t\t\n\n<p>ASTM D3420 \u00f6zellikle a\u015fa\u011f\u0131dakilere odaklan\u0131r <strong>sarka\u00e7 darbe direnci<\/strong>Bu da onu en ilgili alanlardan biri haline getiriyor. <strong>Plastiklerin darbe testi i\u00e7in ASTM standartlar\u0131<\/strong>. ASTM D1709 veya D4272 gibi di\u011fer y\u00f6ntemler benzer \u00f6zellikleri test ederken, D3420 \u00f6zellikle avantajl\u0131d\u0131r \u00e7\u00fcnk\u00fc:<\/p>\n<ul>\n<li>Daha y\u00fcksek gerinim oranlar\u0131nda dinamik testlere izin verir.<\/li>\n<li>Farkl\u0131 numune ve prob boyutlar\u0131na sahip iki test prosed\u00fcr\u00fc (Prosed\u00fcr A ve Prosed\u00fcr B) sunar.<\/li>\n<li>Enerji tabanl\u0131 sonu\u00e7lar verir ve hem ar\u0131za ba\u015flang\u0131c\u0131 hem de yay\u0131l\u0131m\u0131 hakk\u0131nda bilgi sa\u011flar.<\/li>\n<\/ul>\n<p>Bu standart, a\u015fa\u011f\u0131dakilerden yap\u0131lan filmlerin de\u011ferlendirilmesinde yayg\u0131n olarak kullan\u0131lmaktad\u0131r <strong>polietilen, polipropilen, PET<\/strong>ve di\u011fer yayg\u0131n ambalaj malzemeleri.<\/p>\n\n\t\t<\/div>\n\t\t\t\t\t<\/div>\n\n\t\n\n<\/div>\n\n\t\t<\/div>\n\t\t\t\t\t<\/div>\n\n\t\n\n<\/div>\n<div class=\"row\"  id=\"row-724102807\">\n\n\n\t<div id=\"col-737180948\" class=\"col small-12 large-12\"  >\n\t\t\t\t<div class=\"col-inner\"  >\n\t\t\t\n\t\t\t\n\n<div class=\"row\"  id=\"row-737275091\">\n\n\n\t<div id=\"col-414699958\" class=\"col small-12 large-12\"  >\n\t\t\t\t<div class=\"col-inner\"  >\n\t\t\t\n\t\t\t\n\n\t<div id=\"text-718390621\" class=\"text\">\n\t\t\n\n<h2>\u0130lgili Sarka\u00e7 Darbe Test Cihaz\u0131<\/h2>\n\t\t\n<style>\n#text-718390621 {\n  font-size: 1.3rem;\n  text-align: center;\n}\n<\/style>\n\t<\/div>\n\t\n\n\t\t<\/div>\n\t\t\t\t\t<\/div>\n\n\t\n\n<\/div>\n<div class=\"row\"  id=\"row-1704959943\">\n\n\n\t<div id=\"col-1859464793\" class=\"col medium-6 small-12 large-6\"  >\n\t\t\t\t<div class=\"col-inner\"  >\n\t\t\t\n\t\t\t\n\n<h3>Test Aparat\u0131 ve Kurulumu<\/h3>\n<p>ASTM D3420 testlerini ger\u00e7ekle\u015ftirmek i\u00e7in kalibre edilmi\u015f bir sarka\u00e7 darbe test cihaz\u0131na ihtiyac\u0131n\u0131z olacakt\u0131r. Bu <a href=\"https:\/\/www.impacttesting.net\/tr\/pendulum-impact-tester\/\"><strong>PIT-01 Sarka\u00e7 Darbe Test Cihaz\u0131<\/strong><\/a> itibaren <strong>Cell Instruments<\/strong> ASTM D3420 gerekliliklerine tam olarak uyan ve sunan m\u00fckemmel bir \u00e7\u00f6z\u00fcmd\u00fcr:<\/p>\n<ul>\n<li>Y\u00fcksek hassasiyetli enerji \u00f6l\u00e7\u00fcm\u00fc (0,5 J ila 5,0 J)<\/li>\n<li>Esnek test aral\u0131klar\u0131 i\u00e7in opsiyonel a\u011f\u0131rl\u0131klar<\/li>\n<li>Veri yakalama kolayl\u0131\u011f\u0131 i\u00e7in dijital okuma<\/li>\n<li>Prosed\u00fcr A (60 mm a\u00e7\u0131kl\u0131k) ve Prosed\u00fcr B (89 mm a\u00e7\u0131kl\u0131k) i\u00e7in iki de\u011fi\u015ftirilebilir darbe ba\u015fl\u0131\u011f\u0131<\/li>\n<\/ul>\n<p>Test cihaz\u0131, daha y\u00fcksek enerji testleri i\u00e7in uygun ankraj ile d\u00fcz bir y\u00fczeye monte edilmelidir.<\/p>\n\n\t\t<\/div>\n\t\t\t\t\t<\/div>\n\n\t\n\n\t<div id=\"col-36165218\" class=\"col medium-6 small-12 large-6\"  >\n\t\t\t\t<div class=\"col-inner\"  >\n\t\t\t\n\t\t\t\n\n<h3>Numune Haz\u0131rlama ve \u015eartland\u0131rma<\/h3>\n<p>Uygun numune haz\u0131rl\u0131\u011f\u0131 do\u011fru ve tekrarlanabilir sonu\u00e7lar sa\u011flar. Bu ad\u0131mlar\u0131 izleyin:<\/p>\n<ul>\n<li><strong>Numune T\u00fcr\u00fc<\/strong>: Dairesel veya kare film numuneleri kullan\u0131n-100 mm \u00e7ap veya 100\u00d7100 mm.<\/li>\n<li><strong>Kal\u0131nl\u0131k<\/strong>: Mikrometre ile en yak\u0131n 0,00125 mm'ye kadar \u00f6l\u00e7\u00fcn.<\/li>\n<li><strong>\u015eartland\u0131rma<\/strong>: Numuneleri en az 40 saat boyunca 23 \u00b1 2\u00b0C ve 50 \u00b1 10% ba\u011f\u0131l nemde (ASTM D618'e g\u00f6re) \u00f6n ko\u015fulland\u0131r\u0131n.<\/li>\n<\/ul>\n<p>Numunelerin \u015fu \u015fekilde oldu\u011fundan emin olun <strong>k\u0131vr\u0131m, kusur veya e\u015fit olmayan kal\u0131nl\u0131k i\u00e7ermeyen<\/strong>Bu da sonu\u00e7lar\u0131 \u00e7arp\u0131tabilir.<\/p>\n\n\t\t<\/div>\n\t\t\t\t\t<\/div>\n\n\t\n\n<\/div>\n\n\t\t<\/div>\n\t\t\t\t\t<\/div>\n\n\t\n\n<\/div>\n<div class=\"row\"  id=\"row-482272393\">\n\n\n\t<div id=\"col-655470576\" class=\"col small-12 large-12\"  >\n\t\t\t\t<div class=\"col-inner\"  >\n\t\t\t\n\t\t\t\n\n<div class=\"row\"  id=\"row-1813743169\">\n\n\n\t<div id=\"col-1744081310\" class=\"col small-12 large-12\"  >\n\t\t\t\t<div class=\"col-inner\"  >\n\t\t\t\n\t\t\t\n\n<div class=\"row\"  id=\"row-985634835\">\n\n\n\t<div id=\"col-184871846\" class=\"col small-12 large-12\"  >\n\t\t\t\t<div class=\"col-inner\"  >\n\t\t\t\n\t\t\t\n\n\t<div id=\"text-1037850241\" class=\"text\">\n\t\t\n\n<h2>Sarka\u00e7 Darbe Testi Prosed\u00fcr\u00fcne Genel Bak\u0131\u015f<\/h2>\n\t\t\n<style>\n#text-1037850241 {\n  font-size: 1.3rem;\n  text-align: center;\n}\n<\/style>\n\t<\/div>\n\t\n\n\t\t<\/div>\n\t\t\t\t\t<\/div>\n\n\t\n\n<\/div>\n<div class=\"row align-bottom align-center\"  id=\"row-1372854343\">\n\n\n\t<div id=\"col-245038179\" class=\"col medium-7 small-12 large-7\"  >\n\t\t\t\t<div class=\"col-inner\"  >\n\t\t\t\n\t\t\t\n\n<ol>\n<li><strong>Numuneyi kelep\u00e7eleyin<\/strong> iki dairesel plaka aras\u0131nda.<\/li>\n<li><strong>Sarkac\u0131 kald\u0131r\u0131n ve kilitleyin<\/strong> ba\u015flang\u0131\u00e7 konumuna getirin.<\/li>\n<li><strong>Okumay\u0131 s\u0131f\u0131rlay\u0131n<\/strong> ve do\u011fru hizalama olup olmad\u0131\u011f\u0131n\u0131 kontrol edin.<\/li>\n<li><strong>Sarkac\u0131 serbest b\u0131rak\u0131n<\/strong> numunenin merkezine \u00e7arpmak i\u00e7in.<\/li>\n<li><strong>Enerji de\u011ferini okuyun<\/strong> dijital veya analog kadrandan.<\/li>\n<\/ol>\n<p>Raporlama i\u00e7in ortalama bir de\u011fer elde etmek \u00fczere bu testi en az be\u015f numune \u00fczerinde tekrarlay\u0131n.<\/p>\n<p>Not: Sarka\u00e7 filmi delemezse, yard\u0131mc\u0131 a\u011f\u0131rl\u0131klar ekleyerek veya daha ince bir numune kullanarak darbe enerjisini art\u0131r\u0131n.<\/p>\n\n\t\t<\/div>\n\t\t\t\t\t<\/div>\n\n\t\n\n\t<div id=\"col-1638403355\" class=\"col medium-5 small-12 large-5\"  >\n\t\t\t\t<div class=\"col-inner\"  >\n\t\t\t\n\t\t\t\n\n<div class=\"video video-fit mb\" style=\"padding-top:56.25%;\"><iframe title=\"ASTM D3420 Plastik Filmler \u0130\u00e7in Sarka\u00e7 Darbe Test Cihaz\u0131 Levhalar Darbe Test Cihaz\u0131\" width=\"1020\" height=\"574\" src=\"https:\/\/www.youtube.com\/embed\/vEx4esxMESw?feature=oembed\" frameborder=\"0\" allow=\"accelerometer; autoplay; clipboard-write; encrypted-media; gyroscope; picture-in-picture; web-share\" referrerpolicy=\"strict-origin-when-cross-origin\" allowfullscreen><\/iframe><\/div>\n\n\n\t\t<\/div>\n\t\t\t\t\t<\/div>\n\n\t\n\n<\/div>\n\n\t\t<\/div>\n\t\t\t\t\t<\/div>\n\n\t\n\n<\/div>\n\n\t\t<\/div>\n\t\t\t\t\t<\/div>\n\n\t\n\n<\/div>\n<div class=\"row\"  id=\"row-824904830\">\n\n\n\t<div id=\"col-169226970\" class=\"col small-12 large-12\"  >\n\t\t\t\t<div class=\"col-inner\"  >\n\t\t\t\n\t\t\t\n\n<div class=\"row\"  id=\"row-219686586\">\n\n\n\t<div id=\"col-1866679161\" class=\"col small-12 large-12\"  >\n\t\t\t\t<div class=\"col-inner\"  >\n\t\t\t\n\t\t\t\n\n<div class=\"row\"  id=\"row-1864441532\">\n\n\n\t<div id=\"col-1782540033\" class=\"col small-12 large-12\"  >\n\t\t\t\t<div class=\"col-inner\"  >\n\t\t\t\n\t\t\t\n\n\t<div id=\"text-2414156747\" class=\"text\">\n\t\t\n\n<h2>Verilerin Yorumlanmas\u0131 ve Sonu\u00e7 Analizi<\/h2>\n\t\t\n<style>\n#text-2414156747 {\n  font-size: 1.3rem;\n  text-align: center;\n}\n<\/style>\n\t<\/div>\n\t\n\n\t\t<\/div>\n\t\t\t\t\t<\/div>\n\n\t\n\n<\/div>\n<div class=\"row align-middle align-center\"  id=\"row-398223773\">\n\n\n\t<div id=\"col-1087927777\" class=\"col medium-5 small-12 large-5\"  >\n\t\t\t\t<div class=\"col-inner\"  >\n\t\t\t\n\t\t\t\n\n<ol>\n<li>Nihai sonu\u00e7, filmi delmek i\u00e7in gereken enerjiyi (joule cinsinden) temsil eder. Bu, malzemenin darbe direncinin do\u011frudan bir \u00f6l\u00e7\u00fcs\u00fcd\u00fcr. Daha y\u00fcksek de\u011ferler daha sert filmlere i\u015faret eder.<\/li>\n<li>Malzemeleri veya partileri kar\u015f\u0131la\u015ft\u0131r\u0131rken, de\u011fi\u015fkenli\u011fi ortadan kald\u0131rmak i\u00e7in tutarl\u0131 kal\u0131nl\u0131k, \u00e7evresel ko\u015fullar ve kelep\u00e7e ayarlar\u0131 sa\u011flamak \u00e7ok \u00f6nemlidir.<\/li>\n<\/ol>\n\n\t\t<\/div>\n\t\t\t\t\t<\/div>\n\n\t\n\n\t<div id=\"col-570614942\" class=\"col medium-5 small-12 large-5\"  >\n\t\t\t\t<div class=\"col-inner\"  >\n\t\t\t\n\t\t\t\n\n\t<div class=\"img has-hover x md-x lg-x y md-y lg-y\" id=\"image_1166960425\">\n\t\t\t\t\t\t\t\t<div class=\"img-inner dark\" >\n\t\t\t<img decoding=\"async\" width=\"600\" height=\"440\" src=\"https:\/\/www.impacttesting.net\/wp-content\/uploads\/2025\/12\/ASTM-D3420-Pendulum-Impact-Resistance-of-Plastic-Film.webp\" class=\"attachment-large size-large\" alt=\"ASTM D3420 Plastik Filmin Sarka\u00e7 Darbe Dayan\u0131m\u0131\" srcset=\"https:\/\/www.impacttesting.net\/wp-content\/uploads\/2025\/12\/ASTM-D3420-Pendulum-Impact-Resistance-of-Plastic-Film.webp 600w, https:\/\/www.impacttesting.net\/wp-content\/uploads\/2025\/12\/ASTM-D3420-Pendulum-Impact-Resistance-of-Plastic-Film-545x400.webp 545w\" sizes=\"(max-width: 600px) 100vw, 600px\" \/>\t\t\t\t\t\t\n\t\t\t\t\t<\/div>\n\t\t\t\t\t\t\t\t\n<style>\n#image_1166960425 {\n  width: 100%;\n}\n<\/style>\n\t<\/div>\n\t\n\n\n\t\t<\/div>\n\t\t\t\t\t<\/div>\n\n\t\n\n<\/div>\n\n\t\t<\/div>\n\t\t\t\t\t<\/div>\n\n\t\n\n<\/div>\n\n\t\t<\/div>\n\t\t\t\t\t<\/div>\n\n\t\n\n<\/div>\n\n\t\t<\/div>\n\n\t\t\n<style>\n#section_54950804 {\n  padding-top: 30px;\n  padding-bottom: 30px;\n}\n<\/style>\n\t<\/section>\n\t\n\t<section class=\"section\" id=\"section_1165234524\">\n\t\t<div class=\"bg section-bg fill bg-fill  bg-loaded\" >\n\n\t\t\t\n\t\t\t\n\t\t\t\n\n\t\t<\/div>\n\n\t\t\n\n\t\t<div class=\"section-content relative\">\n\t\t\t\n\n<div class=\"row\"  id=\"row-980321846\">\n\n\n\t<div id=\"col-236674924\" class=\"col small-12 large-12\"  >\n\t\t\t\t<div class=\"col-inner\"  >\n\t\t\t\n\t\t\t\n\n<div class=\"row align-center\"  id=\"row-2144298721\">\n\n\n\t<div id=\"col-1013412333\" class=\"col small-12 large-12\"  >\n\t\t\t\t<div class=\"col-inner\"  >\n\t\t\t\n\t\t\t\n\n\t<div id=\"text-2800951769\" class=\"text\">\n\t\t\n\n<h2>Neden Impacttesting.net'i Se\u00e7melisiniz?<br \/>PIT-01 Sarka\u00e7 Darbe Test Cihaz\u0131<\/h2>\n\t\t\n<style>\n#text-2800951769 {\n  font-size: 1.4rem;\n  text-align: center;\n}\n<\/style>\n\t<\/div>\n\t\n\n\t\t<\/div>\n\t\t\t\t\t<\/div>\n\n\t\n\n\t<div id=\"col-1736364552\" class=\"col small-12 large-12\"  >\n\t\t\t\t<div class=\"col-inner\"  >\n\t\t\t\n\t\t\t\n\n<p>Bu <a href=\"https:\/\/www.impacttesting.net\/tr\/pendulum-impact-tester\/\"><strong>PIT-01 Sarka\u00e7 Darbe Test Cihaz\u0131<\/strong><\/a> Impacttesting.net'in geli\u015fmi\u015f m\u00fchendisli\u011fi ve kullan\u0131c\u0131 dostu aray\u00fcz\u00fc, onu a\u015fa\u011f\u0131dakiler i\u00e7in ideal hale getirir:<\/p>\n\n\t\t<\/div>\n\t\t\t\t\t<\/div>\n\n\t\n\n\t<div id=\"col-730740841\" class=\"col medium-7 small-12 large-7\"  >\n\t\t\t\t<div class=\"col-inner text-center\"  >\n\t\t\t\n\t\t\t\n\n\t<div id=\"text-310318753\" class=\"text\">\n\t\t\n\n<p>Ambalaj filmi kalite kontrol\u00fc<br \/>Laboratuvar Ar-Ge testleri<br \/>ile Uyumluluk <a href=\"https:\/\/www.impacttesting.net\/tr\/astm-d3420\/\"><strong>ASTM D3420<\/strong><\/a> ve ilgili standartlar<\/p>\n\t\t\n<style>\n#text-310318753 {\n  font-size: 1.1rem;\n  line-height: 1.3;\n}\n<\/style>\n\t<\/div>\n\t\n\t<div id=\"text-2431444880\" class=\"text\">\n\t\t\n\n<p>Kullan\u0131c\u0131lar, PIT-01'i benimseyerek a\u015fa\u011f\u0131daki konularda g\u00fcven kazan\u0131rlar <strong>do\u011fruluk, tekrarlanabilirlik ve verimlilik<\/strong> etki testi s\u00fcre\u00e7leri hakk\u0131nda bilgi sahibi olmak.<\/p>\n\t\t\n<style>\n#text-2431444880 {\n  font-size: 1.1rem;\n}\n<\/style>\n\t<\/div>\n\t\n<a href=\"https:\/\/www.impacttesting.net\/tr\/contact-us\/\" class=\"button primary is-outline\"  style=\"border-radius:99px;\">\n    <span>Bize Ula\u015f\u0131n<\/span>\n  <i class=\"icon-chat\" aria-hidden=\"true\" ><\/i><\/a>\n\n\n\n\t\t<\/div>\n\t\t\t\t\t<\/div>\n\n\t\n\n\t<div id=\"col-1023427861\" class=\"col medium-4 small-12 large-4\"  >\n\t\t\t\t<div class=\"col-inner text-center\"  >\n\t\t\t\n\t\t\t\n\n\n<div class=\"wpcf7 no-js\" id=\"wpcf7-f10-o1\" lang=\"en-US\" dir=\"ltr\" data-wpcf7-id=\"10\">\n<div class=\"screen-reader-response\"><p role=\"status\" aria-live=\"polite\" aria-atomic=\"true\"><\/p> <ul><\/ul><\/div>\n<form action=\"\/tr\/wp-json\/wp\/v2\/pages\/59#wpcf7-f10-o1\" method=\"post\" class=\"wpcf7-form init\" aria-label=\"Contact form\" novalidate=\"novalidate\" data-status=\"init\" data-trp-original-action=\"\/tr\/wp-json\/wp\/v2\/pages\/59#wpcf7-f10-o1\">\n<fieldset class=\"hidden-fields-container\"><input type=\"hidden\" name=\"_wpcf7\" value=\"10\" \/><input type=\"hidden\" name=\"_wpcf7_version\" value=\"6.1.4\" \/><input type=\"hidden\" name=\"_wpcf7_locale\" value=\"en_US\" \/><input type=\"hidden\" name=\"_wpcf7_unit_tag\" value=\"wpcf7-f10-o1\" \/><input type=\"hidden\" name=\"_wpcf7_container_post\" value=\"0\" \/><input type=\"hidden\" name=\"_wpcf7_posted_data_hash\" value=\"\" \/><input type=\"hidden\" name=\"_wpcf7_recaptcha_response\" value=\"\" \/>\n<\/fieldset>\n<p><span class=\"wpcf7-form-control-wrap\" data-name=\"Name\"><input size=\"40\" maxlength=\"400\" class=\"wpcf7-form-control wpcf7-text\" aria-invalid=\"false\" placeholder=\"Sizin ad\u0131n\u0131z\" value=\"\" type=\"text\" name=\"Name\" \/><\/span><br \/>\n<span class=\"wpcf7-form-control-wrap\" data-name=\"Comapany\"><input size=\"40\" maxlength=\"400\" class=\"wpcf7-form-control wpcf7-text\" aria-invalid=\"false\" placeholder=\"\u015eirketiniz\" value=\"\" type=\"text\" name=\"Comapany\" \/><\/span><br \/>\n<span class=\"wpcf7-form-control-wrap\" data-name=\"Email\"><input size=\"40\" maxlength=\"400\" class=\"wpcf7-form-control wpcf7-email wpcf7-validates-as-required wpcf7-text wpcf7-validates-as-email\" aria-required=\"true\" aria-invalid=\"false\" placeholder=\"E-postan\u0131z*\" value=\"\" type=\"email\" name=\"Email\" \/><\/span><br \/>\n<span class=\"wpcf7-form-control-wrap\" data-name=\"Message\"><textarea cols=\"40\" rows=\"10\" maxlength=\"2000\" class=\"wpcf7-form-control wpcf7-textarea\" aria-invalid=\"false\" placeholder=\"Mesaj\" name=\"Message\"><\/textarea><\/span>\n<\/p>\n<p><input class=\"wpcf7-form-control wpcf7-submit has-spinner\" type=\"submit\" value=\"G\u00f6nder\" \/>\n<\/p><div class=\"wpcf7-response-output\" aria-hidden=\"true\"><\/div>\n<input type=\"hidden\" name=\"trp-form-language\" value=\"tr\"\/><\/form>\n<\/div>\n\n\n\n\t\t<\/div>\n\t\t\t\t\t<\/div>\n\n\t\n\n<\/div>\n\n\t\t<\/div>\n\t\t\t\t\t<\/div>\n\n\t\n\n<\/div>\n\n\t\t<\/div>\n\n\t\t\n<style>\n#section_1165234524 {\n  padding-top: 30px;\n  padding-bottom: 30px;\n  background-color: rgb(232, 234, 241);\n}\n<\/style>\n\t<\/section>","protected":false},"excerpt":{"rendered":"","protected":false},"author":1,"featured_media":0,"parent":0,"menu_order":0,"comment_status":"closed","ping_status":"closed","template":"page-blank.php","meta":{"footnotes":""},"class_list":["post-59","page","type-page","status-publish","hentry"],"_links":{"self":[{"href":"https:\/\/www.impacttesting.net\/tr\/wp-json\/wp\/v2\/pages\/59","targetHints":{"allow":["GET"]}}],"collection":[{"href":"https:\/\/www.impacttesting.net\/tr\/wp-json\/wp\/v2\/pages"}],"about":[{"href":"https:\/\/www.impacttesting.net\/tr\/wp-json\/wp\/v2\/types\/page"}],"author":[{"embeddable":true,"href":"https:\/\/www.impacttesting.net\/tr\/wp-json\/wp\/v2\/users\/1"}],"replies":[{"embeddable":true,"href":"https:\/\/www.impacttesting.net\/tr\/wp-json\/wp\/v2\/comments?post=59"}],"version-history":[{"count":5,"href":"https:\/\/www.impacttesting.net\/tr\/wp-json\/wp\/v2\/pages\/59\/revisions"}],"predecessor-version":[{"id":75,"href":"https:\/\/www.impacttesting.net\/tr\/wp-json\/wp\/v2\/pages\/59\/revisions\/75"}],"wp:attachment":[{"href":"https:\/\/www.impacttesting.net\/tr\/wp-json\/wp\/v2\/media?parent=59"}],"curies":[{"name":"wp","href":"https:\/\/api.w.org\/{rel}","templated":true}]}}