{"id":57,"date":"2025-12-24T05:15:35","date_gmt":"2025-12-24T05:15:35","guid":{"rendered":"https:\/\/www.impacttesting.net\/?page_id=57"},"modified":"2025-12-24T05:44:13","modified_gmt":"2025-12-24T05:44:13","slug":"ansi-z87-1","status":"publish","type":"page","link":"https:\/\/www.impacttesting.net\/tr\/ansi-z87-1\/","title":{"rendered":"ANSI Z87.1"},"content":{"rendered":"<section class=\"section\" id=\"section_149839591\">\n\t\t<div class=\"bg section-bg fill bg-fill  bg-loaded\" >\n\n\t\t\t\n\t\t\t\n\t\t\t\n\n\t\t<\/div>\n\n\t\t\n\n\t\t<div class=\"section-content relative\">\n\t\t\t\n\n<div class=\"row\"  id=\"row-1198123154\">\n\n\n\t<div id=\"col-669191430\" class=\"col small-12 large-12\"  >\n\t\t\t\t<div class=\"col-inner\" style=\"background-color:rgb(92, 171, 188);\" >\n\t\t\t\n\t\t\t\n\n<div class=\"row\"  id=\"row-1609313612\">\n\n\n\t<div id=\"col-2038519572\" class=\"col small-12 large-12\"  >\n\t\t\t\t<div class=\"col-inner\"  >\n\t\t\t\n\t\t\t\n\n\t<div id=\"text-3641476554\" class=\"text\">\n\t\t\n\n<h1>ANSI Z87.1<\/h1>\n\t\t\n<style>\n#text-3641476554 {\n  font-size: 1.5rem;\n  text-align: center;\n}\n<\/style>\n\t<\/div>\n\t\n\t<div id=\"text-1814837527\" class=\"text\">\n\t\t\n\n<h2>G\u00fcvenlik G\u00f6zl\u00fckleri i\u00e7in D\u00fc\u015fen Top Testi<\/h2>\n\t\t\n<style>\n#text-1814837527 {\n  text-align: center;\n}\n<\/style>\n\t<\/div>\n\t\n\n\t\t<\/div>\n\t\t\t\t\n<style>\n#col-2038519572 > .col-inner {\n  padding: 50px 10px 10px 10px;\n}\n<\/style>\n\t<\/div>\n\n\t\n\n<\/div>\n<div class=\"row align-middle align-center\"  id=\"row-1607873890\">\n\n\n\t<div id=\"col-1407329517\" class=\"col medium-11 small-12 large-11\"  >\n\t\t\t\t<div class=\"col-inner\"  >\n\t\t\t\n\t\t\t\n\n<div class=\"row align-center\"  id=\"row-1565782478\">\n\n\n\t<div id=\"col-249482429\" class=\"col medium-7 small-12 large-7\"  >\n\t\t\t\t<div class=\"col-inner\"  >\n\t\t\t\n\t\t\t\n\n<div class=\"row\"  id=\"row-1200368602\">\n\n\n\t<div id=\"col-1835714265\" class=\"col small-12 large-12\"  >\n\t\t\t\t<div class=\"col-inner text-center\"  >\n\t\t\t\n\t\t\t\n\n\t<div id=\"text-2130678905\" class=\"text\">\n\t\t\n\n<p><strong>ANSI Z87.1<\/strong> Amerikan Ulusal Standartlar Enstit\u00fcs\u00fc (ANSI) taraf\u0131ndan Uluslararas\u0131 G\u00fcvenlik Ekipmanlar\u0131 Birli\u011fi (ISEA) ile i\u015fbirli\u011fi i\u00e7inde geli\u015ftirilen kritik bir standartt\u0131r. Mesleki ve e\u011fitim ortamlar\u0131nda koruyucu g\u00f6zl\u00fckler i\u00e7in performans \u00f6zelliklerini ve test kriterlerini ana hatlar\u0131yla belirtir. Bu standart a\u015fa\u011f\u0131dakileri sa\u011flar <strong>g\u00fcvenlik g\u00f6zl\u00fckleri, koruyucu g\u00f6zl\u00fckler ve y\u00fcz siperleri<\/strong> darbe, iyonla\u015ft\u0131r\u0131c\u0131 olmayan radyasyon ve kimyasal maruziyet gibi potansiyel tehlikelere dayanabilir.<\/p>\n\t\t\n<style>\n#text-2130678905 {\n  color: rgb(0, 0, 0);\n}\n#text-2130678905 > * {\n  color: rgb(0, 0, 0);\n}\n<\/style>\n\t<\/div>\n\t\n\n\t\t<\/div>\n\t\t\t\t\t<\/div>\n\n\t\n\n\t<div id=\"col-1267532813\" class=\"col small-12 large-12\"  >\n\t\t\t\t<div class=\"col-inner text-center\"  >\n\t\t\t\n\t\t\t\n\n<a href=\"https:\/\/www.impacttesting.net\/tr\/contact-us\/\" class=\"button primary is-outline\"  style=\"border-radius:99px;\">\n    <span>Bize Ula\u015f\u0131n<\/span>\n  <i class=\"icon-chat\" aria-hidden=\"true\" ><\/i><\/a>\n\n\n\n\t\t<\/div>\n\t\t\t\t\t<\/div>\n\n\t\n\n<\/div>\n\n\t\t<\/div>\n\t\t\t\t\t<\/div>\n\n\t\n\n\t<div id=\"col-53248847\" class=\"col medium-4 small-12 large-4\"  >\n\t\t\t\t<div class=\"col-inner\"  >\n\t\t\t\n\t\t\t\n\n<div class=\"row\"  id=\"row-876388806\">\n\n\n\t<div id=\"col-1307123084\" class=\"col small-12 large-12\"  >\n\t\t\t\t<div class=\"col-inner\"  >\n\t\t\t\n\t\t\t\n\n\t<div class=\"img has-hover x md-x lg-x y md-y lg-y\" id=\"image_225676441\">\n\t\t<a class=\"\" href=\"https:\/\/www.impacttesting.net\/tr\/ball-drop-tester\/\" target=\"_blank\" rel=\"noopener\" >\t\t\t\t\t\t<div class=\"img-inner dark\" >\n\t\t\t<img decoding=\"async\" width=\"600\" height=\"440\" src=\"https:\/\/www.impacttesting.net\/wp-content\/uploads\/2025\/12\/ANSI-Z87.1-Drop-Ball-Test-for-Safety-Glasses.webp\" class=\"attachment-large size-large\" alt=\"ANSI Z87.1 G\u00fcvenlik G\u00f6zl\u00fckleri i\u00e7in D\u00fc\u015fen Top Testi\" srcset=\"https:\/\/www.impacttesting.net\/wp-content\/uploads\/2025\/12\/ANSI-Z87.1-Drop-Ball-Test-for-Safety-Glasses.webp 600w, https:\/\/www.impacttesting.net\/wp-content\/uploads\/2025\/12\/ANSI-Z87.1-Drop-Ball-Test-for-Safety-Glasses-545x400.webp 545w\" sizes=\"(max-width: 600px) 100vw, 600px\" \/>\t\t\t\t\t\t\n\t\t\t\t\t<\/div>\n\t\t\t\t\t\t<\/a>\t\t\n<style>\n#image_225676441 {\n  width: 100%;\n}\n<\/style>\n\t<\/div>\n\t\n\n\n\t\t<\/div>\n\t\t\t\t\t<\/div>\n\n\t\n\n<\/div>\n\n\t\t<\/div>\n\t\t\t\t\t<\/div>\n\n\t\n\n<\/div>\n\n\t\t<\/div>\n\t\t\t\t\t<\/div>\n\n\t\n\n<\/div>\n\n\t\t<\/div>\n\t\t\t\t\t<\/div>\n\n\t\n\n\n<style>\n#row-1198123154 > .col > .col-inner {\n  border-radius: 25px;\n}\n<\/style>\n<\/div>\n\n\t\t<\/div>\n\n\t\t\n<style>\n#section_149839591 {\n  padding-top: 30px;\n  padding-bottom: 30px;\n}\n<\/style>\n\t<\/section>\n\t\n\t<section class=\"section\" id=\"section_330629477\">\n\t\t<div class=\"bg section-bg fill bg-fill  bg-loaded\" >\n\n\t\t\t\n\t\t\t\n\t\t\t\n\n\t\t<\/div>\n\n\t\t\n\n\t\t<div class=\"section-content relative\">\n\t\t\t\n\n<div class=\"row\"  id=\"row-1330080732\">\n\n\n\t<div id=\"col-1591597895\" class=\"col small-12 large-12\"  >\n\t\t\t\t<div class=\"col-inner\"  >\n\t\t\t\n\t\t\t\n\n<div class=\"row\"  id=\"row-469344109\">\n\n\n\t<div id=\"col-1910298402\" class=\"col small-12 large-12\"  >\n\t\t\t\t<div class=\"col-inner\"  >\n\t\t\t\n\t\t\t\n\n<div class=\"row\"  id=\"row-1645377911\">\n\n\n\t<div id=\"col-1706142708\" class=\"col small-12 large-12\"  >\n\t\t\t\t<div class=\"col-inner\"  >\n\t\t\t\n\t\t\t\n\n\t<div id=\"text-1911774967\" class=\"text\">\n\t\t\n\n<h2>ANSI Z87.1 G\u00fcvenlik G\u00f6zl\u00fckleri i\u00e7in D\u00fc\u015fen Top Testi<\/h2>\n\t\t\n<style>\n#text-1911774967 {\n  font-size: 1.3rem;\n  text-align: center;\n}\n<\/style>\n\t<\/div>\n\t\n<p data-pm-slice=\"1 1 &#091;&#093;\">ANSI Z87.1'de ana hatlar\u0131yla belirtilen temel de\u011ferlendirmelerden biri <strong>g\u00fcvenli\u0307k g\u00f6zl\u00fckleri\u0307 i\u0307\u00e7i\u0307n top d\u00fc\u015f\u00fcrme testi\u0307<\/strong>. Bu prosed\u00fcr, ki\u015fisel koruyucu ekipmanlarda (KKE) kullan\u0131lan lenslerin darbe direncini do\u011frulamak i\u00e7in \u00e7ok \u00f6nemlidir.<\/p>\n\n\t\t<\/div>\n\t\t\t\t\t<\/div>\n\n\t\n\n<\/div>\n<div class=\"row\"  id=\"row-1578900816\">\n\n\n\t<div id=\"col-2006387752\" class=\"col medium-6 small-12 large-6\"  >\n\t\t\t\t<div class=\"col-inner\"  >\n\t\t\t\n\t\t\t\n\n<h3>Testin Amac\u0131 ve \u0130lkeleri<\/h3>\n<p>D\u00fc\u015fen top testinin amac\u0131, g\u00fcvenlik g\u00f6zl\u00fcklerinin ani darbeye maruz kalabilece\u011fi ger\u00e7ek d\u00fcnya senaryolar\u0131n\u0131 sim\u00fcle etmektir. Cam malzemesinin par\u00e7alanmadan veya delinmeden enerjiyi emip da\u011f\u0131tabildi\u011fini ve b\u00f6ylece kullan\u0131c\u0131n\u0131n g\u00f6zlerini koruyup korumad\u0131\u011f\u0131n\u0131 de\u011ferlendirir.<\/p>\n\t<div class=\"img has-hover x md-x lg-x y md-y lg-y\" id=\"image_992828426\">\n\t\t\t\t\t\t\t\t<div class=\"img-inner dark\" >\n\t\t\t<img decoding=\"async\" width=\"600\" height=\"200\" src=\"https:\/\/www.impacttesting.net\/wp-content\/uploads\/2025\/12\/ANSI-Z87.1.webp\" class=\"attachment-large size-large\" alt=\"ANSI Z87.1\" \/>\t\t\t\t\t\t\n\t\t\t\t\t<\/div>\n\t\t\t\t\t\t\t\t\n<style>\n#image_992828426 {\n  width: 85%;\n}\n<\/style>\n\t<\/div>\n\t\n\n\n\t\t<\/div>\n\t\t\t\t\t<\/div>\n\n\t\n\n\t<div id=\"col-1068879525\" class=\"col medium-6 small-12 large-6\"  >\n\t\t\t\t<div class=\"col-inner\"  >\n\t\t\t\n\t\t\t\n\n<h3>Test Nas\u0131l Ger\u00e7ekle\u015ftirilir<\/h3>\n<p>ANSI Z87.1 B\u00f6l\u00fcm 9.6'ya g\u00f6re:<\/p>\n<ul>\n<li>25,4 mm (1,0 in\u00e7) \u00e7ap\u0131nda ve 68 g (2,4 oz) a\u011f\u0131rl\u0131\u011f\u0131nda bir \u00e7elik bilye kullan\u0131l\u0131r.<\/li>\n<li>Top 127 cm (50 in\u00e7) y\u00fckseklikten, insan y\u00fcz yap\u0131s\u0131n\u0131 taklit eden sert bir kafa formu \u00fczerine yerle\u015ftirilmi\u015f lensin \u00fczerine b\u0131rak\u0131l\u0131r.<\/li>\n<li>\u00c7arpma sonras\u0131nda mercek \u00e7atlama veya delinme olmaks\u0131z\u0131n sa\u011flam kalmal\u0131d\u0131r.<\/li>\n<li>Her malzeme ve kaplama kombinasyonu d\u00f6rt cihaz \u00fczerinde test edilerek g\u00fcvenilir tutarl\u0131l\u0131k sa\u011flanmal\u0131d\u0131r.<\/li>\n<\/ul>\n\n\t\t<\/div>\n\t\t\t\t\t<\/div>\n\n\t\n\n<\/div>\n\n\t\t<\/div>\n\t\t\t\t\t<\/div>\n\n\t\n\n<\/div>\n\n\t\t<\/div>\n\t\t\t\t\t<\/div>\n\n\t\n\n<\/div>\n<div class=\"row\"  id=\"row-934321844\">\n\n\n\t<div id=\"col-308736576\" class=\"col small-12 large-12\"  >\n\t\t\t\t<div class=\"col-inner\"  >\n\t\t\t\n\t\t\t\n\n<div class=\"row\"  id=\"row-829203090\">\n\n\n\t<div id=\"col-1390645562\" class=\"col small-12 large-12\"  >\n\t\t\t\t<div class=\"col-inner\"  >\n\t\t\t\n\t\t\t\n\n\t<div id=\"text-572186805\" class=\"text\">\n\t\t\n\n<h2>Damla Top Test Cihazlar\u0131<\/h2>\n\t\t\n<style>\n#text-572186805 {\n  font-size: 1.3rem;\n  text-align: center;\n}\n<\/style>\n\t<\/div>\n\t\n\n\t\t<\/div>\n\t\t\t\t\t<\/div>\n\n\t\n\n<\/div>\n<div class=\"row align-middle\"  id=\"row-37840607\">\n\n\n\t<div id=\"col-1099041458\" class=\"col medium-6 small-12 large-6\"  >\n\t\t\t\t<div class=\"col-inner\"  >\n\t\t\t\n\t\t\t\n\n<p>Tekrarlanabilir ve g\u00fcvenilir testler elde etmek i\u00e7in \u00f6zel ekipman gereklidir. FBT-01 <a href=\"https:\/\/www.impacttesting.net\/tr\/ball-drop-tester\/\"><strong>Top D\u00fc\u015f\u00fcrme Test Cihaz\u0131<\/strong><\/a> Cell Instruments bu standard\u0131 kar\u015f\u0131lamak ve a\u015fmak i\u00e7in tasarlanm\u0131\u015ft\u0131r. \u015eunlar\u0131 sunar:<\/p>\n<ul>\n<li>Tutarl\u0131 darbe enerjisi i\u00e7in hassas elektromanyetik top b\u0131rakma.<\/li>\n<li>\u00c7ok y\u00f6nl\u00fc test kurulumlar\u0131 i\u00e7in ayarlanabilir darbe y\u00fcksekli\u011fi ve bilye \u00f6zellikleri.<\/li>\n<li>End\u00fcstriyel s\u0131n\u0131f test kararl\u0131l\u0131\u011f\u0131 i\u00e7in HMI dokunmatik ekran ve PLC kontrol\u00fc.<\/li>\n<\/ul>\n<p>Bu da onu koruyucu g\u00f6zl\u00fck \u00fcreticileri i\u00e7in ideal k\u0131l\u0131yor, <strong>KKD kalite kontrol departmanlar\u0131<\/strong>ve <strong>\u00fc\u00e7\u00fcnc\u00fc taraf test laboratuvarlar\u0131<\/strong> ANSI ile uyumlu darbe testi gerektiren.<\/p>\n\n\t\t<\/div>\n\t\t\t\t\t<\/div>\n\n\t\n\n\t<div id=\"col-341437394\" class=\"col medium-6 small-12 large-6\"  >\n\t\t\t\t<div class=\"col-inner\"  >\n\t\t\t\n\t\t\t\n\n\t<div class=\"img has-hover x md-x lg-x y md-y lg-y\" id=\"image_932874049\">\n\t\t<a class=\"\" href=\"https:\/\/www.impacttesting.net\/tr\/ball-drop-tester\/\" >\t\t\t\t\t\t<div class=\"img-inner dark\" >\n\t\t\t<img decoding=\"async\" width=\"600\" height=\"440\" src=\"https:\/\/www.impacttesting.net\/wp-content\/uploads\/2025\/12\/ANSI-Z87.1-Drop-Ball-Test-for-Safety-Glasses.webp\" class=\"attachment-large size-large\" alt=\"ANSI Z87.1 G\u00fcvenlik G\u00f6zl\u00fckleri i\u00e7in D\u00fc\u015fen Top Testi\" srcset=\"https:\/\/www.impacttesting.net\/wp-content\/uploads\/2025\/12\/ANSI-Z87.1-Drop-Ball-Test-for-Safety-Glasses.webp 600w, https:\/\/www.impacttesting.net\/wp-content\/uploads\/2025\/12\/ANSI-Z87.1-Drop-Ball-Test-for-Safety-Glasses-545x400.webp 545w\" sizes=\"(max-width: 600px) 100vw, 600px\" \/>\t\t\t\t\t\t\n\t\t\t\t\t<\/div>\n\t\t\t\t\t\t<\/a>\t\t\n<style>\n#image_932874049 {\n  width: 100%;\n}\n<\/style>\n\t<\/div>\n\t\n\n\n\t\t<\/div>\n\t\t\t\t\t<\/div>\n\n\t\n\n<\/div>\n\n\t\t<\/div>\n\t\t\t\t\t<\/div>\n\n\t\n\n<\/div>\n\n\t\t<\/div>\n\n\t\t\n<style>\n#section_330629477 {\n  padding-top: 30px;\n  padding-bottom: 30px;\n}\n<\/style>\n\t<\/section>\n\t\n\t<section class=\"section\" id=\"section_800963274\">\n\t\t<div class=\"bg section-bg fill bg-fill  bg-loaded\" >\n\n\t\t\t\n\t\t\t\n\t\t\t\n\n\t\t<\/div>\n\n\t\t\n\n\t\t<div class=\"section-content relative\">\n\t\t\t\n\n<div class=\"row\"  id=\"row-1513697665\">\n\n\n\t<div id=\"col-1139856911\" class=\"col small-12 large-12\"  >\n\t\t\t\t<div class=\"col-inner\"  >\n\t\t\t\n\t\t\t\n\n<div class=\"row align-equal align-center\"  id=\"row-9323818\">\n\n\n\t<div id=\"col-860603518\" class=\"col small-12 large-12\"  >\n\t\t\t\t<div class=\"col-inner\"  >\n\t\t\t\n\t\t\t\n\n\t<div id=\"text-1250172495\" class=\"text\">\n\t\t\n\n<h2>Neden Impacttesting.net'i Se\u00e7melisiniz?<br \/>FBT-01 Damla Top Test Cihaz\u0131<\/h2>\n\t\t\n<style>\n#text-1250172495 {\n  font-size: 1.4rem;\n  text-align: center;\n}\n<\/style>\n\t<\/div>\n\t\n\n\t\t<\/div>\n\t\t\t\t\t<\/div>\n\n\t\n\n\t<div id=\"col-312353680\" class=\"col medium-6 small-12 large-6\"  >\n\t\t\t\t<div class=\"col-inner text-center\"  >\n\t\t\t\n\t\t\t\n\n\t<div id=\"text-320929837\" class=\"text\">\n\t\t\n\n<p>Ba\u011fl\u0131 kalmak <a href=\"https:\/\/www.impacttesting.net\/tr\/ansi-z87-1\/\"><strong>ANSI Z87.1<\/strong><\/a> G\u00fcvenilir d\u00fc\u015fme topu testi, g\u00fcvenlik g\u00f6zl\u00fcklerinin g\u00fcnl\u00fck end\u00fcstriyel tehlikelere dayanabilmesini sa\u011flar. Cell Instruments'nin a\u015fa\u011f\u0131daki gibi geli\u015fmi\u015f \u00e7\u00f6z\u00fcmleri ile <strong>FBT-01<\/strong>\u00fcr\u00fcn\u00fcn\u00fcz\u00fcn uyumlulu\u011fu ve koruma kapasitesi konusunda g\u00fcven kazan\u0131rs\u0131n\u0131z.<\/p>\n<p>Malzeme testi ve ANSI Z87.1 uyumlulu\u011funda m\u00fckemmelli\u011fe ula\u015fmada Cell Instruments'nin orta\u011f\u0131n\u0131z olmas\u0131na izin verin.<\/p>\n\t\t\n<style>\n#text-320929837 {\n  font-size: 1.1rem;\n  line-height: 2;\n}\n<\/style>\n\t<\/div>\n\t\n<a href=\"https:\/\/www.impacttesting.net\/tr\/contact-us\/\" class=\"button primary is-outline\"  style=\"border-radius:99px;\">\n    <span>Bize Ula\u015f\u0131n<\/span>\n  <i class=\"icon-chat\" aria-hidden=\"true\" ><\/i><\/a>\n\n\n\n\t\t<\/div>\n\t\t\t\t\t<\/div>\n\n\t\n\n\t<div id=\"col-955690334\" class=\"col medium-4 small-12 large-4\"  >\n\t\t\t\t<div class=\"col-inner text-center\"  >\n\t\t\t\n\t\t\t\n\n\n<div class=\"wpcf7 no-js\" id=\"wpcf7-f10-o1\" lang=\"en-US\" dir=\"ltr\" data-wpcf7-id=\"10\">\n<div class=\"screen-reader-response\"><p role=\"status\" aria-live=\"polite\" aria-atomic=\"true\"><\/p> <ul><\/ul><\/div>\n<form action=\"\/tr\/wp-json\/wp\/v2\/pages\/57#wpcf7-f10-o1\" method=\"post\" class=\"wpcf7-form init\" aria-label=\"Contact form\" novalidate=\"novalidate\" data-status=\"init\" data-trp-original-action=\"\/tr\/wp-json\/wp\/v2\/pages\/57#wpcf7-f10-o1\">\n<fieldset class=\"hidden-fields-container\"><input type=\"hidden\" name=\"_wpcf7\" value=\"10\" \/><input type=\"hidden\" name=\"_wpcf7_version\" value=\"6.1.4\" \/><input type=\"hidden\" name=\"_wpcf7_locale\" value=\"en_US\" \/><input type=\"hidden\" name=\"_wpcf7_unit_tag\" value=\"wpcf7-f10-o1\" \/><input type=\"hidden\" name=\"_wpcf7_container_post\" value=\"0\" \/><input type=\"hidden\" name=\"_wpcf7_posted_data_hash\" value=\"\" \/><input type=\"hidden\" name=\"_wpcf7_recaptcha_response\" value=\"\" \/>\n<\/fieldset>\n<p><span class=\"wpcf7-form-control-wrap\" data-name=\"Name\"><input size=\"40\" maxlength=\"400\" class=\"wpcf7-form-control wpcf7-text\" aria-invalid=\"false\" placeholder=\"Sizin ad\u0131n\u0131z\" value=\"\" type=\"text\" name=\"Name\" \/><\/span><br \/>\n<span class=\"wpcf7-form-control-wrap\" data-name=\"Comapany\"><input size=\"40\" maxlength=\"400\" class=\"wpcf7-form-control wpcf7-text\" aria-invalid=\"false\" placeholder=\"\u015eirketiniz\" value=\"\" type=\"text\" name=\"Comapany\" \/><\/span><br \/>\n<span class=\"wpcf7-form-control-wrap\" data-name=\"Email\"><input size=\"40\" maxlength=\"400\" class=\"wpcf7-form-control wpcf7-email wpcf7-validates-as-required wpcf7-text wpcf7-validates-as-email\" aria-required=\"true\" aria-invalid=\"false\" placeholder=\"E-postan\u0131z*\" value=\"\" type=\"email\" name=\"Email\" \/><\/span><br \/>\n<span class=\"wpcf7-form-control-wrap\" data-name=\"Message\"><textarea cols=\"40\" rows=\"10\" maxlength=\"2000\" class=\"wpcf7-form-control wpcf7-textarea\" aria-invalid=\"false\" placeholder=\"Mesaj\" name=\"Message\"><\/textarea><\/span>\n<\/p>\n<p><input class=\"wpcf7-form-control wpcf7-submit has-spinner\" type=\"submit\" value=\"G\u00f6nder\" \/>\n<\/p><div class=\"wpcf7-response-output\" aria-hidden=\"true\"><\/div>\n<input type=\"hidden\" name=\"trp-form-language\" value=\"tr\"\/><\/form>\n<\/div>\n\n\n\n\t\t<\/div>\n\t\t\t\t\t<\/div>\n\n\t\n\n<\/div>\n\n\t\t<\/div>\n\t\t\t\t\t<\/div>\n\n\t\n\n<\/div>\n\n\t\t<\/div>\n\n\t\t\n<style>\n#section_800963274 {\n  padding-top: 30px;\n  padding-bottom: 30px;\n  background-color: rgb(232, 234, 241);\n}\n<\/style>\n\t<\/section>","protected":false},"excerpt":{"rendered":"","protected":false},"author":1,"featured_media":0,"parent":0,"menu_order":0,"comment_status":"closed","ping_status":"closed","template":"page-blank.php","meta":{"footnotes":""},"class_list":["post-57","page","type-page","status-publish","hentry"],"_links":{"self":[{"href":"https:\/\/www.impacttesting.net\/tr\/wp-json\/wp\/v2\/pages\/57","targetHints":{"allow":["GET"]}}],"collection":[{"href":"https:\/\/www.impacttesting.net\/tr\/wp-json\/wp\/v2\/pages"}],"about":[{"href":"https:\/\/www.impacttesting.net\/tr\/wp-json\/wp\/v2\/types\/page"}],"author":[{"embeddable":true,"href":"https:\/\/www.impacttesting.net\/tr\/wp-json\/wp\/v2\/users\/1"}],"replies":[{"embeddable":true,"href":"https:\/\/www.impacttesting.net\/tr\/wp-json\/wp\/v2\/comments?post=57"}],"version-history":[{"count":4,"href":"https:\/\/www.impacttesting.net\/tr\/wp-json\/wp\/v2\/pages\/57\/revisions"}],"predecessor-version":[{"id":68,"href":"https:\/\/www.impacttesting.net\/tr\/wp-json\/wp\/v2\/pages\/57\/revisions\/68"}],"wp:attachment":[{"href":"https:\/\/www.impacttesting.net\/tr\/wp-json\/wp\/v2\/media?parent=57"}],"curies":[{"name":"wp","href":"https:\/\/api.w.org\/{rel}","templated":true}]}}