{"id":48,"date":"2025-12-24T03:25:25","date_gmt":"2025-12-24T03:25:25","guid":{"rendered":"https:\/\/www.impacttesting.net\/?page_id=48"},"modified":"2025-12-24T05:48:32","modified_gmt":"2025-12-24T05:48:32","slug":"pendulum-impact-tester","status":"publish","type":"page","link":"https:\/\/www.impacttesting.net\/tr\/pendulum-impact-tester\/","title":{"rendered":"PIT-01 Sarka\u00e7 Darbe Test Cihaz\u0131"},"content":{"rendered":"<section class=\"section\" id=\"section_1207949517\">\n\t\t<div class=\"bg section-bg fill bg-fill  bg-loaded\" >\n\n\t\t\t\n\t\t\t\n\t\t\t\n\n\t\t<\/div>\n\n\t\t\n\n\t\t<div class=\"section-content relative\">\n\t\t\t\n\n<div class=\"row\"  id=\"row-1971657624\">\n\n\n\t<div id=\"col-994333765\" class=\"col small-12 large-12\"  >\n\t\t\t\t<div class=\"col-inner\" style=\"background-color:rgb(92, 171, 188);\" >\n\t\t\t\n\t\t\t\n\n<div class=\"row\"  id=\"row-1720304298\">\n\n\n\t<div id=\"col-1839815351\" class=\"col small-12 large-12\"  >\n\t\t\t\t<div class=\"col-inner\"  >\n\t\t\t\n\t\t\t\n\n\t<div id=\"text-2727996599\" class=\"text\">\n\t\t\n\n<h1>PIT-01 Sarka\u00e7 Darbe Test Cihaz\u0131<\/h1>\n\t\t\n<style>\n#text-2727996599 {\n  font-size: 1.5rem;\n  text-align: center;\n}\n<\/style>\n\t<\/div>\n\t\n\n\t\t<\/div>\n\t\t\t\t\n<style>\n#col-1839815351 > .col-inner {\n  padding: 50px 10px 10px 10px;\n}\n<\/style>\n\t<\/div>\n\n\t\n\n<\/div>\n<div class=\"row align-middle align-center\"  id=\"row-62529026\">\n\n\n\t<div id=\"col-916695303\" class=\"col medium-11 small-12 large-11\"  >\n\t\t\t\t<div class=\"col-inner\"  >\n\t\t\t\n\t\t\t\n\n<div class=\"row align-middle align-center\"  id=\"row-398431797\">\n\n\n\t<div id=\"col-1421541409\" class=\"col medium-7 small-12 large-7\"  >\n\t\t\t\t<div class=\"col-inner\"  >\n\t\t\t\n\t\t\t\n\n<div class=\"row\"  id=\"row-1592700414\">\n\n\n\t<div id=\"col-1520685059\" class=\"col small-12 large-12\"  >\n\t\t\t\t<div class=\"col-inner text-center\"  >\n\t\t\t\n\t\t\t\n\n\t<div id=\"text-1892483888\" class=\"text\">\n\t\t\n\n<p>Bu <strong>sarka\u00e7 darbe test cihaz\u0131<\/strong> Bir malzemenin ani darbelere kar\u015f\u0131 koyma kabiliyetini, y\u0131rt\u0131lma veya penetrasyona neden olmak i\u00e7in gereken enerjiyi kaydederek \u00f6l\u00e7er. <a href=\"https:\/\/www.impacttesting.net\/tr\/astm-d3420\/\"><strong>ASTM D3420<\/strong><\/a> plastik filmlerin darbe direncini de\u011ferlendirmek i\u00e7in standartla\u015ft\u0131r\u0131lm\u0131\u015f bir y\u00f6ntem sunarak tutarl\u0131 kalite kontrol\u00fc ve malzeme karakterizasyonu sa\u011flar. Yayg\u0131n olarak test edilen malzemeler \u015funlard\u0131r <strong>ambalajlamada kullan\u0131lan plastik filmler, laminatlar, kompozitler, folyolar ve ka\u011f\u0131tlar<\/strong>, otomotiv ve in\u015faat uygulamalar\u0131.<\/p>\n\t\t\n<style>\n#text-1892483888 {\n  color: rgb(0, 0, 0);\n}\n#text-1892483888 > * {\n  color: rgb(0, 0, 0);\n}\n<\/style>\n\t<\/div>\n\t\n\n\t\t<\/div>\n\t\t\t\t\t<\/div>\n\n\t\n\n\t<div id=\"col-1158200806\" class=\"col small-12 large-12\"  >\n\t\t\t\t<div class=\"col-inner text-center\"  >\n\t\t\t\n\t\t\t\n\n<a href=\"https:\/\/www.impacttesting.net\/tr\/contact-us\/\" class=\"button primary is-outline\"  style=\"border-radius:99px;\">\n    <span>Bize Ula\u015f\u0131n<\/span>\n  <i class=\"icon-chat\" aria-hidden=\"true\" ><\/i><\/a>\n\n\n\n\t\t<\/div>\n\t\t\t\t\t<\/div>\n\n\t\n\n<\/div>\n\n\t\t<\/div>\n\t\t\t\t\t<\/div>\n\n\t\n\n\t<div id=\"col-941395214\" class=\"col medium-4 small-12 large-4\"  >\n\t\t\t\t<div class=\"col-inner\"  >\n\t\t\t\n\t\t\t\n\n<div class=\"row\"  id=\"row-1276595658\">\n\n\n\t<div id=\"col-454560347\" class=\"col small-12 large-12\"  >\n\t\t\t\t<div class=\"col-inner\"  >\n\t\t\t\n\t\t\t\n\n\t<div class=\"img has-hover x md-x lg-x y md-y lg-y\" id=\"image_1234596300\">\n\t\t\t\t\t\t\t\t<div class=\"img-inner dark\" >\n\t\t\t<img decoding=\"async\" width=\"728\" height=\"800\" src=\"https:\/\/www.impacttesting.net\/wp-content\/uploads\/2025\/12\/Pendulum-Impact-Tester-ASTM-D3420-amp-Spencer-Impact-Test-Impact-Testing-728x800.webp\" class=\"attachment-large size-large\" alt=\"Sarka\u00e7 Darbe Test Cihaz\u0131 - ASTM D3420 &amp; Spencer Darbe Testi - Darbe Testi\" srcset=\"https:\/\/www.impacttesting.net\/wp-content\/uploads\/2025\/12\/Pendulum-Impact-Tester-ASTM-D3420-amp-Spencer-Impact-Test-Impact-Testing-728x800.webp 728w, https:\/\/www.impacttesting.net\/wp-content\/uploads\/2025\/12\/Pendulum-Impact-Tester-ASTM-D3420-amp-Spencer-Impact-Test-Impact-Testing-364x400.webp 364w, https:\/\/www.impacttesting.net\/wp-content\/uploads\/2025\/12\/Pendulum-Impact-Tester-ASTM-D3420-amp-Spencer-Impact-Test-Impact-Testing-768x844.webp 768w, https:\/\/www.impacttesting.net\/wp-content\/uploads\/2025\/12\/Pendulum-Impact-Tester-ASTM-D3420-amp-Spencer-Impact-Test-Impact-Testing-1397x1536.webp 1397w, https:\/\/www.impacttesting.net\/wp-content\/uploads\/2025\/12\/Pendulum-Impact-Tester-ASTM-D3420-amp-Spencer-Impact-Test-Impact-Testing.webp 1558w\" sizes=\"(max-width: 728px) 100vw, 728px\" \/>\t\t\t\t\t\t\n\t\t\t\t\t<\/div>\n\t\t\t\t\t\t\t\t\n<style>\n#image_1234596300 {\n  width: 100%;\n}\n<\/style>\n\t<\/div>\n\t\n\n\n\t\t<\/div>\n\t\t\t\t\t<\/div>\n\n\t\n\n<\/div>\n\n\t\t<\/div>\n\t\t\t\t\t<\/div>\n\n\t\n\n<\/div>\n\n\t\t<\/div>\n\t\t\t\t\t<\/div>\n\n\t\n\n<\/div>\n\n\t\t<\/div>\n\t\t\t\t\t<\/div>\n\n\t\n\n\n<style>\n#row-1971657624 > .col > .col-inner {\n  border-radius: 25px;\n}\n<\/style>\n<\/div>\n\n\t\t<\/div>\n\n\t\t\n<style>\n#section_1207949517 {\n  padding-top: 30px;\n  padding-bottom: 30px;\n}\n<\/style>\n\t<\/section>\n\t\n\t<section class=\"section\" id=\"section_1287042135\">\n\t\t<div class=\"bg section-bg fill bg-fill  bg-loaded\" >\n\n\t\t\t\n\t\t\t\n\t\t\t\n\n\t\t<\/div>\n\n\t\t\n\n\t\t<div class=\"section-content relative\">\n\t\t\t\n\n<div class=\"row\"  id=\"row-710165011\">\n\n\n\t<div id=\"col-1708496174\" class=\"col small-12 large-12\"  >\n\t\t\t\t<div class=\"col-inner\"  >\n\t\t\t\n\t\t\t\n\n<div class=\"row\"  id=\"row-1109894863\">\n\n\n\t<div id=\"col-1581325443\" class=\"col small-12 large-12\"  >\n\t\t\t\t<div class=\"col-inner\"  >\n\t\t\t\n\t\t\t\n\n<div class=\"row\"  id=\"row-1448215250\">\n\n\n\t<div id=\"col-1395491269\" class=\"col small-12 large-12\"  >\n\t\t\t\t<div class=\"col-inner\"  >\n\t\t\t\n\t\t\t\n\n\t<div id=\"text-1733456510\" class=\"text\">\n\t\t\n\n<h2>Sarka\u00e7 Darbe Test Cihaz\u0131 Nas\u0131l \u00c7al\u0131\u015f\u0131r?<\/h2>\n\t\t\n<style>\n#text-1733456510 {\n  font-size: 1.3rem;\n  text-align: center;\n}\n<\/style>\n\t<\/div>\n\t\n<p>Bu <strong>PIT-01 Sarka\u00e7 Darbe Test Cihaz\u0131<\/strong> taraf\u0131ndan <strong>Impacttesting.net<\/strong> hassas ve tekrarlanabilir darbe direnci \u00f6l\u00e7\u00fcmleri sa\u011flamak \u00fczere tasarlanm\u0131\u015ft\u0131r. Test s\u00fcreci \u015funlar\u0131 i\u00e7erir:<\/p>\n\n\t\t<\/div>\n\t\t\t\t\t<\/div>\n\n\t\n\n<\/div>\n<div class=\"row align-middle\"  id=\"row-1068866178\">\n\n\n\t<div id=\"col-1095308936\" class=\"col medium-6 small-12 large-6\"  >\n\t\t\t\t<div class=\"col-inner\"  >\n\t\t\t\n\t\t\t\n\n<ol>\n<li>Numune Haz\u0131rlama: Tek tip kal\u0131nl\u0131kta ve k\u0131vamda bir numune se\u00e7ilir.<\/li>\n<li>Numune S\u0131k\u0131\u015ft\u0131rma: Film, pn\u00f6matik bir s\u0131k\u0131\u015ft\u0131rma sistemi kullan\u0131larak yerine sabitlenir.<\/li>\n<li>Sarka\u00e7 Serbest B\u0131rakma: Bir darbe ba\u015fl\u0131\u011f\u0131 ile donat\u0131lm\u0131\u015f sarka\u00e7, \u00f6nceden tan\u0131mlanm\u0131\u015f bir y\u00fckseklikten otomatik olarak serbest b\u0131rak\u0131l\u0131r.<\/li>\n<li>Darbe \u00d6l\u00e7\u00fcm\u00fc: Darbe \u00fczerine malzeme taraf\u0131ndan emilen enerji kaydedilir.<\/li>\n<li>Veri Analizi: Sonu\u00e7lar, an\u0131nda raporlama i\u00e7in iste\u011fe ba\u011fl\u0131 bir mikro yaz\u0131c\u0131 ile dijital bir aray\u00fczde g\u00f6r\u00fcnt\u00fclenir.<\/li>\n<\/ol>\n\n\t\t<\/div>\n\t\t\t\t\t<\/div>\n\n\t\n\n\t<div id=\"col-1335060863\" class=\"col medium-6 small-12 large-6\"  >\n\t\t\t\t<div class=\"col-inner\"  >\n\t\t\t\n\t\t\t\n\n<div class=\"video video-fit mb\" style=\"padding-top:56.25%;\"><iframe title=\"ASTM D3420 Plastik Filmler \u0130\u00e7in Sarka\u00e7 Darbe Test Cihaz\u0131 Levhalar Darbe Test Cihaz\u0131\" width=\"1020\" height=\"574\" src=\"https:\/\/www.youtube.com\/embed\/vEx4esxMESw?feature=oembed\" frameborder=\"0\" allow=\"accelerometer; autoplay; clipboard-write; encrypted-media; gyroscope; picture-in-picture; web-share\" referrerpolicy=\"strict-origin-when-cross-origin\" allowfullscreen><\/iframe><\/div>\n\n\n\t\t<\/div>\n\t\t\t\t\t<\/div>\n\n\t\n\n<\/div>\n\n\t\t<\/div>\n\t\t\t\t\t<\/div>\n\n\t\n\n<\/div>\n\n\t\t<\/div>\n\t\t\t\t\t<\/div>\n\n\t\n\n<\/div>\n<div class=\"row\"  id=\"row-1622257410\">\n\n\n\t<div id=\"col-27435921\" class=\"col small-12 large-12\"  >\n\t\t\t\t<div class=\"col-inner\"  >\n\t\t\t\n\t\t\t\n\n<div class=\"row\"  id=\"row-651080813\">\n\n\n\t<div id=\"col-2140869410\" class=\"col small-12 large-12\"  >\n\t\t\t\t<div class=\"col-inner\"  >\n\t\t\t\n\t\t\t\n\n\t<div id=\"text-2465389374\" class=\"text\">\n\t\t\n\n<h2>ASTM D3420 ve Spencer Darbe Testi<\/h2>\n\t\t\n<style>\n#text-2465389374 {\n  font-size: 1.3rem;\n  text-align: center;\n}\n<\/style>\n\t<\/div>\n\t\n\n\t\t<\/div>\n\t\t\t\t\t<\/div>\n\n\t\n\n\t<div id=\"col-1983374030\" class=\"col small-12 large-12\"  >\n\t\t\t\t<div class=\"col-inner\"  >\n\t\t\t\n\t\t\t\n\n<h3>ASTM D3420 - Plastik Filmin Sarka\u00e7 Darbe Direnci i\u00e7in Test Y\u00f6ntemi<\/h3>\n<p><a href=\"https:\/\/www.impacttesting.net\/tr\/astm-d3420\/\">ASTM D3420<\/a> belirlemek i\u00e7in bir y\u00f6ntem belirler. <strong>plasti\u0307k fi\u0307lmleri\u0307n darbe dayanimi<\/strong> Bir sarka\u00e7 \u00e7arpma tertibat\u0131n\u0131n bir test numunesine n\u00fcfuz etmesi i\u00e7in gereken enerjiyi \u00f6l\u00e7erek. Test, bir malzemenin y\u00fcksek gerilme h\u0131z\u0131 ko\u015fullar\u0131 alt\u0131ndaki dinamik gerilme davran\u0131\u015f\u0131na ili\u015fkin i\u00e7g\u00f6r\u00fc sa\u011flamak \u00fczere tasarlanm\u0131\u015ft\u0131r ve bu da onu ambalaj malzemesi de\u011ferlendirmesi i\u00e7in gerekli k\u0131lar.<\/p>\n<p>ASTM D3420'nin \u00f6nemli y\u00f6nleri \u015funlard\u0131r:<\/p>\n<p>Bir sarka\u00e7 probunun test numunesi \u00fczerindeki etkisinden kaynaklanan enerji kayb\u0131n\u0131n \u00f6l\u00e7\u00fclmesi.<br \/>\u00d6rneklem b\u00fcy\u00fckl\u00fc\u011f\u00fc bak\u0131m\u0131ndan farkl\u0131l\u0131k g\u00f6steren iki prosed\u00fcr (A ve B) <strong>Prosed\u00fcr B genellikle Spencer Darbe Testi olarak adland\u0131r\u0131l\u0131r<\/strong>.<br \/>G\u0131da ve ila\u00e7 ambalaj filmleri gibi y\u00fcksek darbe direnci gerektiren uygulamalarda \u00f6nemlidir.<\/p>\n<h3>Spencer Darbe Testi: \u00d6zel Bir Varyasyon<\/h3>\n<p>Bu <strong>Spencer Darbe Testi<\/strong> ASTM D3420'nin bir \u00e7e\u015fididir, tipik olarak a\u015fa\u011f\u0131dakilerle ili\u015fkilidir <strong>Prosed\u00fcr B<\/strong>kullanan bir <strong>89 mm \u00e7ap\u0131nda numune kelep\u00e7esi<\/strong>. Bu y\u00f6ntem, esnek ambalajlamada kullan\u0131lan filmlerin de\u011ferlendirilmesinde yayg\u0131n olarak kullan\u0131l\u0131r ve malzemelerin y\u0131rt\u0131lmadan veya delinmeden mekanik gerilime dayanabilmesini sa\u011flar.<\/p>\n\n\t\t<\/div>\n\t\t\t\t\t<\/div>\n\n\t\n\n<\/div>\n\n\t\t<\/div>\n\t\t\t\t\t<\/div>\n\n\t\n\n<\/div>\n<div class=\"row\"  id=\"row-986672903\">\n\n\n\t<div id=\"col-799217726\" class=\"col small-12 large-12\"  >\n\t\t\t\t<div class=\"col-inner\"  >\n\t\t\t\n\t\t\t\n\n<div class=\"row\"  id=\"row-2093148987\">\n\n\n\t<div id=\"col-802911562\" class=\"col small-12 large-12\"  >\n\t\t\t\t<div class=\"col-inner\"  >\n\t\t\t\n\t\t\t\n\n\t<div id=\"text-3844480655\" class=\"text\">\n\t\t\n\n<h2>PIT-01 Sarka\u00e7 Darbe Test Cihaz\u0131<\/h2>\n\t\t\n<style>\n#text-3844480655 {\n  font-size: 1.3rem;\n  text-align: center;\n}\n<\/style>\n\t<\/div>\n\t\n\n\t\t<\/div>\n\t\t\t\t\t<\/div>\n\n\t\n\n<\/div>\n<div class=\"row\"  id=\"row-336949572\">\n\n\n\t<div id=\"col-1498008223\" class=\"col medium-6 small-12 large-6\"  >\n\t\t\t\t<div class=\"col-inner\"  >\n\t\t\t\n\t\t\t\n\n<h3>Temel \u00d6zellikler:<\/h3>\n<p>Cell Instruments' PIT-01 Sarka\u00e7 Darbe Test Cihaz\u0131, y\u00fcksek hassasiyetli malzeme testi i\u00e7in geli\u015fmi\u015f \u00f6zellikler sunar:<\/p>\n<ul>\n<li>Kolay kullan\u0131m i\u00e7in PLC Kontrol ve HMI Dokunmatik Ekran.<\/li>\n<li>Sabit konumland\u0131rma sa\u011flamak i\u00e7in Pn\u00f6matik Numune S\u0131k\u0131\u015ft\u0131rma.<\/li>\n<li>Tutarl\u0131 darbe testi i\u00e7in Otomatik Sarka\u00e7 Serbest B\u0131rakma.<\/li>\n<li>Verimli sonu\u00e7 dok\u00fcmantasyonu i\u00e7in Otomatik Veri \u0130statistikleri ve Mikro Yaz\u0131c\u0131.<\/li>\n<li>Do\u011fru enerji hesaplamalar\u0131 i\u00e7in Hassas A\u00e7\u0131 \u00d6l\u00e7\u00fcm\u00fc.<\/li>\n<li>Geli\u015fmi\u015f veri analizi i\u00e7in RS232 Portu ve Yaz\u0131l\u0131m (Opsiyonel).<\/li>\n<\/ul>\n\n\t\t<\/div>\n\t\t\t\t\t<\/div>\n\n\t\n\n\t<div id=\"col-207743618\" class=\"col medium-6 small-12 large-6\"  >\n\t\t\t\t<div class=\"col-inner\"  >\n\t\t\t\n\t\t\t\n\n<h3>Teknik \u00d6zellikler:<\/h3>\n<table width=\"360\">\n<tbody>\n<tr>\n<td style=\"text-align: center;\" width=\"143\">Etki Enerjisi<\/td>\n<td style=\"text-align: center;\" width=\"217\">1 J, 2 J, 3 J<\/td>\n<\/tr>\n<tr>\n<td style=\"text-align: center;\" width=\"143\">\u00c7\u00f6z\u00fcn\u00fcrl\u00fck<\/td>\n<td style=\"text-align: center;\" width=\"217\">\u00a00.001 J<\/td>\n<\/tr>\n<tr>\n<td style=\"text-align: center;\" width=\"143\">Darbe Ba\u015fl\u0131\u011f\u0131 Boyutu<\/td>\n<td style=\"text-align: center;\" width=\"217\">\u042425.4, \u042419, \u042412.7 mm\u00a0<\/td>\n<\/tr>\n<tr>\n<td style=\"text-align: center;\" width=\"143\">Numune Kelep\u00e7esi<\/td>\n<td style=\"text-align: center;\" width=\"217\">Pn\u00f6matik Kelep\u00e7e<\/td>\n<\/tr>\n<tr>\n<td style=\"text-align: center;\" width=\"143\">Kelep\u00e7e \u00c7ap\u0131<\/td>\n<td style=\"text-align: center;\" width=\"217\">\u042489 mm, \u042460 mm<\/td>\n<\/tr>\n<tr>\n<td style=\"text-align: center;\" width=\"143\">Gaz Temini<\/td>\n<td style=\"text-align: center;\" width=\"217\">0,6 MPa \u03a66 mm PU Boru<\/td>\n<\/tr>\n<tr>\n<td style=\"text-align: center;\" width=\"143\">Numune Boyutu<\/td>\n<td style=\"text-align: center;\" width=\"217\">100*100 mm veya \u0424100 mm<\/td>\n<\/tr>\n<tr>\n<td style=\"text-align: center;\" width=\"143\">G\u00fc\u00e7 Kayna\u011f\u0131\u00a0<\/td>\n<td style=\"text-align: center;\" width=\"217\">AC 110~220V 50Hz<\/td>\n<\/tr>\n<\/tbody>\n<\/table>\n\n\t\t<\/div>\n\t\t\t\t\t<\/div>\n\n\t\n\n<\/div>\n\n\t\t<\/div>\n\t\t\t\t\t<\/div>\n\n\t\n\n<\/div>\n\n\t\t<\/div>\n\n\t\t\n<style>\n#section_1287042135 {\n  padding-top: 30px;\n  padding-bottom: 30px;\n}\n<\/style>\n\t<\/section>\n\t\n\t<section class=\"section\" id=\"section_1620860843\">\n\t\t<div class=\"bg section-bg fill bg-fill  bg-loaded\" >\n\n\t\t\t\n\t\t\t\n\t\t\t\n\n\t\t<\/div>\n\n\t\t\n\n\t\t<div class=\"section-content relative\">\n\t\t\t\n\n<div class=\"row\"  id=\"row-1820713453\">\n\n\n\t<div id=\"col-728277263\" class=\"col small-12 large-12\"  >\n\t\t\t\t<div class=\"col-inner\"  >\n\t\t\t\n\t\t\t\n\n<div class=\"row align-equal align-center\"  id=\"row-576687392\">\n\n\n\t<div id=\"col-1618500580\" class=\"col small-12 large-12\"  >\n\t\t\t\t<div class=\"col-inner\"  >\n\t\t\t\n\t\t\t\n\n\t<div id=\"text-312796485\" class=\"text\">\n\t\t\n\n<h2>Neden Impacttesting.net'i Se\u00e7melisiniz?<br \/>PIT-01 Sarka\u00e7 Darbe Test Cihaz\u0131<\/h2>\n\t\t\n<style>\n#text-312796485 {\n  font-size: 1.4rem;\n  text-align: center;\n}\n<\/style>\n\t<\/div>\n\t\n\n\t\t<\/div>\n\t\t\t\t\t<\/div>\n\n\t\n\n\t<div id=\"col-391805858\" class=\"col medium-6 small-12 large-6\"  >\n\t\t\t\t<div class=\"col-inner text-center\"  >\n\t\t\t\n\t\t\t\n\n\t<div id=\"text-4234473923\" class=\"text\">\n\t\t\n\n<p>Entegre ederek <strong>sarka\u00e7 darbe testi<\/strong> kalite kontrol s\u00fcre\u00e7lerinize dahil ederek \u00fcr\u00fcn dayan\u0131kl\u0131l\u0131\u011f\u0131n\u0131 ve end\u00fcstri standartlar\u0131na uygunlu\u011fu art\u0131rabilirsiniz. <strong>Impacttesting.net<\/strong> malzeme test ihtiya\u00e7lar\u0131n\u0131z\u0131 kar\u015f\u0131lamak i\u00e7in son teknoloji \u00e7\u00f6z\u00fcmler sunar.<\/p>\n\t\t\n<style>\n#text-4234473923 {\n  font-size: 1.1rem;\n  line-height: 2;\n}\n<\/style>\n\t<\/div>\n\t\n<a href=\"https:\/\/www.impacttesting.net\/tr\/contact-us\/\" class=\"button primary is-outline\"  style=\"border-radius:99px;\">\n    <span>Bize Ula\u015f\u0131n<\/span>\n  <i class=\"icon-chat\" aria-hidden=\"true\" ><\/i><\/a>\n\n\n\n\t\t<\/div>\n\t\t\t\t\t<\/div>\n\n\t\n\n\t<div id=\"col-1612960850\" class=\"col medium-4 small-12 large-4\"  >\n\t\t\t\t<div class=\"col-inner text-center\"  >\n\t\t\t\n\t\t\t\n\n\n<div class=\"wpcf7 no-js\" id=\"wpcf7-f10-o1\" lang=\"en-US\" dir=\"ltr\" data-wpcf7-id=\"10\">\n<div class=\"screen-reader-response\"><p role=\"status\" aria-live=\"polite\" aria-atomic=\"true\"><\/p> <ul><\/ul><\/div>\n<form action=\"\/tr\/wp-json\/wp\/v2\/pages\/48#wpcf7-f10-o1\" method=\"post\" class=\"wpcf7-form init\" aria-label=\"Contact form\" novalidate=\"novalidate\" data-status=\"init\" data-trp-original-action=\"\/tr\/wp-json\/wp\/v2\/pages\/48#wpcf7-f10-o1\">\n<fieldset class=\"hidden-fields-container\"><input type=\"hidden\" name=\"_wpcf7\" value=\"10\" \/><input type=\"hidden\" name=\"_wpcf7_version\" value=\"6.1.4\" \/><input type=\"hidden\" name=\"_wpcf7_locale\" value=\"en_US\" \/><input type=\"hidden\" name=\"_wpcf7_unit_tag\" value=\"wpcf7-f10-o1\" \/><input type=\"hidden\" name=\"_wpcf7_container_post\" value=\"0\" \/><input type=\"hidden\" name=\"_wpcf7_posted_data_hash\" value=\"\" \/><input type=\"hidden\" name=\"_wpcf7_recaptcha_response\" value=\"\" \/>\n<\/fieldset>\n<p><span class=\"wpcf7-form-control-wrap\" data-name=\"Name\"><input size=\"40\" maxlength=\"400\" class=\"wpcf7-form-control wpcf7-text\" aria-invalid=\"false\" placeholder=\"Sizin ad\u0131n\u0131z\" value=\"\" type=\"text\" name=\"Name\" \/><\/span><br \/>\n<span class=\"wpcf7-form-control-wrap\" data-name=\"Comapany\"><input size=\"40\" maxlength=\"400\" class=\"wpcf7-form-control wpcf7-text\" aria-invalid=\"false\" placeholder=\"\u015eirketiniz\" value=\"\" type=\"text\" name=\"Comapany\" \/><\/span><br \/>\n<span class=\"wpcf7-form-control-wrap\" data-name=\"Email\"><input size=\"40\" maxlength=\"400\" class=\"wpcf7-form-control wpcf7-email wpcf7-validates-as-required wpcf7-text wpcf7-validates-as-email\" aria-required=\"true\" aria-invalid=\"false\" placeholder=\"E-postan\u0131z*\" value=\"\" type=\"email\" name=\"Email\" \/><\/span><br \/>\n<span class=\"wpcf7-form-control-wrap\" data-name=\"Message\"><textarea cols=\"40\" rows=\"10\" maxlength=\"2000\" class=\"wpcf7-form-control wpcf7-textarea\" aria-invalid=\"false\" placeholder=\"Mesaj\" name=\"Message\"><\/textarea><\/span>\n<\/p>\n<p><input class=\"wpcf7-form-control wpcf7-submit has-spinner\" type=\"submit\" value=\"G\u00f6nder\" \/>\n<\/p><div class=\"wpcf7-response-output\" aria-hidden=\"true\"><\/div>\n<input type=\"hidden\" name=\"trp-form-language\" value=\"tr\"\/><\/form>\n<\/div>\n\n\n\n\t\t<\/div>\n\t\t\t\t\t<\/div>\n\n\t\n\n<\/div>\n\n\t\t<\/div>\n\t\t\t\t\t<\/div>\n\n\t\n\n<\/div>\n\n\t\t<\/div>\n\n\t\t\n<style>\n#section_1620860843 {\n  padding-top: 30px;\n  padding-bottom: 30px;\n  background-color: rgb(232, 234, 241);\n}\n<\/style>\n\t<\/section>","protected":false},"excerpt":{"rendered":"","protected":false},"author":1,"featured_media":0,"parent":0,"menu_order":0,"comment_status":"closed","ping_status":"closed","template":"page-blank.php","meta":{"footnotes":""},"class_list":["post-48","page","type-page","status-publish","hentry"],"_links":{"self":[{"href":"https:\/\/www.impacttesting.net\/tr\/wp-json\/wp\/v2\/pages\/48","targetHints":{"allow":["GET"]}}],"collection":[{"href":"https:\/\/www.impacttesting.net\/tr\/wp-json\/wp\/v2\/pages"}],"about":[{"href":"https:\/\/www.impacttesting.net\/tr\/wp-json\/wp\/v2\/types\/page"}],"author":[{"embeddable":true,"href":"https:\/\/www.impacttesting.net\/tr\/wp-json\/wp\/v2\/users\/1"}],"replies":[{"embeddable":true,"href":"https:\/\/www.impacttesting.net\/tr\/wp-json\/wp\/v2\/comments?post=48"}],"version-history":[{"count":5,"href":"https:\/\/www.impacttesting.net\/tr\/wp-json\/wp\/v2\/pages\/48\/revisions"}],"predecessor-version":[{"id":72,"href":"https:\/\/www.impacttesting.net\/tr\/wp-json\/wp\/v2\/pages\/48\/revisions\/72"}],"wp:attachment":[{"href":"https:\/\/www.impacttesting.net\/tr\/wp-json\/wp\/v2\/media?parent=48"}],"curies":[{"name":"wp","href":"https:\/\/api.w.org\/{rel}","templated":true}]}}