{"id":85,"date":"2025-12-24T07:51:49","date_gmt":"2025-12-24T07:51:49","guid":{"rendered":"https:\/\/www.impacttesting.net\/?page_id=85"},"modified":"2025-12-24T07:51:49","modified_gmt":"2025-12-24T07:51:49","slug":"iso-7765-1","status":"publish","type":"page","link":"https:\/\/www.impacttesting.net\/sv\/iso-7765-1\/","title":{"rendered":"ISO 7765-1"},"content":{"rendered":"<section class=\"section\" id=\"section_1337604394\">\n\t\t<div class=\"bg section-bg fill bg-fill  bg-loaded\" >\n\n\t\t\t\n\t\t\t\n\t\t\t\n\n\t\t<\/div>\n\n\t\t\n\n\t\t<div class=\"section-content relative\">\n\t\t\t\n\n<div class=\"row\"  id=\"row-434146139\">\n\n\n\t<div id=\"col-2125629861\" class=\"col small-12 large-12\"  >\n\t\t\t\t<div class=\"col-inner\" style=\"background-color:rgb(92, 171, 188);\" >\n\t\t\t\n\t\t\t\n\n<div class=\"row\"  id=\"row-2127208247\">\n\n\n\t<div id=\"col-855326539\" class=\"col small-12 large-12\"  >\n\t\t\t\t<div class=\"col-inner\"  >\n\t\t\t\n\t\t\t\n\n\t<div id=\"text-1014940741\" class=\"text\">\n\t\t\n\n<h1>ISO 7765-1<\/h1>\n\t\t\n<style>\n#text-1014940741 {\n  font-size: 1.5rem;\n  text-align: center;\n}\n<\/style>\n\t<\/div>\n\t\n\t<div id=\"text-1102124504\" class=\"text\">\n\t\t\n\n<h2>Metod f\u00f6r fritt fallande pil<\/h2>\n\t\t\n<style>\n#text-1102124504 {\n  text-align: center;\n}\n<\/style>\n\t<\/div>\n\t\n\n\t\t<\/div>\n\t\t\t\t\n<style>\n#col-855326539 > .col-inner {\n  padding: 50px 10px 10px 10px;\n}\n<\/style>\n\t<\/div>\n\n\t\n\n<\/div>\n<div class=\"row align-middle align-center\"  id=\"row-1177019447\">\n\n\n\t<div id=\"col-566336926\" class=\"col medium-11 small-12 large-11\"  >\n\t\t\t\t<div class=\"col-inner\"  >\n\t\t\t\n\t\t\t\n\n<div class=\"row align-center\"  id=\"row-554606845\">\n\n\n\t<div id=\"col-2116240889\" class=\"col medium-7 small-12 large-7\"  >\n\t\t\t\t<div class=\"col-inner\"  >\n\t\t\t\n\t\t\t\n\n<div class=\"row\"  id=\"row-391460592\">\n\n\n\t<div id=\"col-2078399905\" class=\"col small-12 large-12\"  >\n\t\t\t\t<div class=\"col-inner text-center\"  >\n\t\t\t\n\t\t\t\n\n\t<div id=\"text-1541166081\" class=\"text\">\n\t\t\n\n<p>Antagande <a href=\"https:\/\/www.impacttesting.net\/sv\/iso-7765-1\/\"><strong>ISO 7765-1<\/strong><\/a> och med hj\u00e4lp av <strong>metod med fritt fallande pil<\/strong> ger material- och f\u00f6rpackningsexperter m\u00f6jlighet att g\u00f6ra korrekta bed\u00f6mningar <strong>pilens slagt\u00e5lighet<\/strong>och s\u00e4kerst\u00e4ller att filmerna uppfyller kraven p\u00e5 h\u00e5llbarhet och s\u00e4kerhet. <strong>ISO 7765-1<\/strong> \u00e4r idealisk f\u00f6r plastfilmer och ark som anv\u00e4nds i f\u00f6rpackningar, jordbruk, medicinska och industriella applikationer.<\/p>\n\t\t\n<style>\n#text-1541166081 {\n  color: rgb(0, 0, 0);\n}\n#text-1541166081 > * {\n  color: rgb(0, 0, 0);\n}\n<\/style>\n\t<\/div>\n\t\n\n\t\t<\/div>\n\t\t\t\t\t<\/div>\n\n\t\n\n\t<div id=\"col-424721138\" class=\"col small-12 large-12\"  >\n\t\t\t\t<div class=\"col-inner text-center\"  >\n\t\t\t\n\t\t\t\n\n<a href=\"https:\/\/www.impacttesting.net\/sv\/contact-us\/\" class=\"button primary is-outline\"  style=\"border-radius:99px;\">\n    <span>Kontakta oss<\/span>\n  <i class=\"icon-chat\" aria-hidden=\"true\" ><\/i><\/a>\n\n\n\n\t\t<\/div>\n\t\t\t\t\t<\/div>\n\n\t\n\n<\/div>\n\n\t\t<\/div>\n\t\t\t\t\t<\/div>\n\n\t\n\n\t<div id=\"col-1850748421\" class=\"col medium-4 small-12 large-4\"  >\n\t\t\t\t<div class=\"col-inner\"  >\n\t\t\t\n\t\t\t\n\n<div class=\"row\"  id=\"row-227562217\">\n\n\n\t<div id=\"col-504121972\" class=\"col small-12 large-12\"  >\n\t\t\t\t<div class=\"col-inner\"  >\n\t\t\t\n\t\t\t\n\n\t<div class=\"img has-hover x md-x lg-x y md-y lg-y\" id=\"image_1496244443\">\n\t\t\t\t\t\t\t\t<div class=\"img-inner dark\" >\n\t\t\t<img decoding=\"async\" width=\"600\" height=\"440\" src=\"https:\/\/www.impacttesting.net\/wp-content\/uploads\/2025\/12\/ISO-7765-1-Free-Falling-Dart-Method.webp\" class=\"attachment-large size-large\" alt=\"ISO 7765-1 Metod med fritt fallande pil\" srcset=\"https:\/\/www.impacttesting.net\/wp-content\/uploads\/2025\/12\/ISO-7765-1-Free-Falling-Dart-Method.webp 600w, https:\/\/www.impacttesting.net\/wp-content\/uploads\/2025\/12\/ISO-7765-1-Free-Falling-Dart-Method-545x400.webp 545w\" sizes=\"(max-width: 600px) 100vw, 600px\" \/>\t\t\t\t\t\t\n\t\t\t\t\t<\/div>\n\t\t\t\t\t\t\t\t\n<style>\n#image_1496244443 {\n  width: 100%;\n}\n<\/style>\n\t<\/div>\n\t\n\n\n\t\t<\/div>\n\t\t\t\t\t<\/div>\n\n\t\n\n<\/div>\n\n\t\t<\/div>\n\t\t\t\t\t<\/div>\n\n\t\n\n<\/div>\n\n\t\t<\/div>\n\t\t\t\t\t<\/div>\n\n\t\n\n<\/div>\n\n\t\t<\/div>\n\t\t\t\t\t<\/div>\n\n\t\n\n\n<style>\n#row-434146139 > .col > .col-inner {\n  border-radius: 25px;\n}\n<\/style>\n<\/div>\n\n\t\t<\/div>\n\n\t\t\n<style>\n#section_1337604394 {\n  padding-top: 30px;\n  padding-bottom: 30px;\n}\n<\/style>\n\t<\/section>\n\t\n\t<section class=\"section\" id=\"section_581765077\">\n\t\t<div class=\"bg section-bg fill bg-fill  bg-loaded\" >\n\n\t\t\t\n\t\t\t\n\t\t\t\n\n\t\t<\/div>\n\n\t\t\n\n\t\t<div class=\"section-content relative\">\n\t\t\t\n\n<div class=\"row\"  id=\"row-575826645\">\n\n\n\t<div id=\"col-1695449170\" class=\"col small-12 large-12\"  >\n\t\t\t\t<div class=\"col-inner\"  >\n\t\t\t\n\t\t\t\n\n<div class=\"row\"  id=\"row-620933689\">\n\n\n\t<div id=\"col-396315390\" class=\"col small-12 large-12\"  >\n\t\t\t\t<div class=\"col-inner\"  >\n\t\t\t\n\t\t\t\n\n\t<div id=\"text-3554851702\" class=\"text\">\n\t\t\n\n<h2>ISO 7765-1 och dess betydelse<\/h2>\n\t\t\n<style>\n#text-3554851702 {\n  font-size: 1.3rem;\n  text-align: center;\n}\n<\/style>\n\t<\/div>\n\t\n\n\t\t<\/div>\n\t\t\t\t\t<\/div>\n\n\t\n\n\t<div id=\"col-227576391\" class=\"col small-12 large-12\"  >\n\t\t\t\t<div class=\"col-inner\"  >\n\t\t\t\n\t\t\t\n\n<p>F\u00f6rst\u00e5else och implementering <strong>ISO 7765-1<\/strong> \u00e4r avg\u00f6rande f\u00f6r yrkesverksamma som arbetar med plastfilmer och flexibla material. Denna internationella standard beskriver f\u00f6rfarandet f\u00f6r att best\u00e4mma <strong>pilens slagt\u00e5lighet<\/strong> av en plastfilm med hj\u00e4lp av <strong>metod med fritt fallande pil<\/strong>ett viktigt test f\u00f6r kvalitetskontroll. En korrekt till\u00e4mpning av denna metod hj\u00e4lper tillverkarna att bed\u00f6ma hur v\u00e4l materialen t\u00e5l slagbelastningar - en indikator p\u00e5 h\u00e5llbarhet och prestanda i verkliga till\u00e4mpningar. F\u00f6r branscher som f\u00f6rpackningar, l\u00e4kemedel, elektronik och livsmedel s\u00e4kerst\u00e4ller efterlevnaden av ISO 7765-1 tillf\u00f6rlitlighet, konsekvens och \u00f6verensst\u00e4mmelse med globala standarder.<\/p>\n\n\t\t<\/div>\n\t\t\t\t\t<\/div>\n\n\t\n\n<\/div>\n\n\t\t<\/div>\n\t\t\t\t\t<\/div>\n\n\t\n\n<\/div>\n<div class=\"row\"  id=\"row-1954895449\">\n\n\n\t<div id=\"col-467218155\" class=\"col small-12 large-12\"  >\n\t\t\t\t<div class=\"col-inner\"  >\n\t\t\t\n\t\t\t\n\n<div class=\"row\"  id=\"row-385977653\">\n\n\n\t<div id=\"col-343947156\" class=\"col small-12 large-12\"  >\n\t\t\t\t<div class=\"col-inner\"  >\n\t\t\t\n\t\t\t\n\n<div class=\"row\"  id=\"row-1948087555\">\n\n\n\t<div id=\"col-1077889441\" class=\"col small-12 large-12\"  >\n\t\t\t\t<div class=\"col-inner\"  >\n\t\t\t\n\t\t\t\n\n\t<div id=\"text-2869473346\" class=\"text\">\n\t\t\n\n<h2>F\u00f6rst\u00e5else av metoden med fritt fallande pil<\/h2>\n\t\t\n<style>\n#text-2869473346 {\n  font-size: 1.3rem;\n  text-align: center;\n}\n<\/style>\n\t<\/div>\n\t\n\n\t\t<\/div>\n\t\t\t\t\t<\/div>\n\n\t\n\n<\/div>\n<div class=\"row align-middle\"  id=\"row-421424836\">\n\n\n\t<div id=\"col-1401323844\" class=\"col medium-7 small-12 large-7\"  >\n\t\t\t\t<div class=\"col-inner\"  >\n\t\t\t\n\t\t\t\n\n<div><strong>ISO 7765-1<\/strong> anger en provningsmetod f\u00f6r att best\u00e4mma den energi som kr\u00e4vs f\u00f6r att orsaka brott i plastfilmer genom p\u00e5verkan av en fritt fallande pil. Testet identifierar <strong>slagbrott massa<\/strong>, definierad som den pilmassa som g\u00f6r att 50% av provkropparna g\u00e5r s\u00f6nder under standardiserade f\u00f6rh\u00e5llanden.<\/div>\n<div>Det finns tv\u00e5 huvudsakliga f\u00f6rfaranden:<\/div>\n<ul>\n<li><strong>Metod A<\/strong> anv\u00e4nder en <strong>38 mm<\/strong> dart med en diameter som sl\u00e4pptes fr\u00e5n <strong>0,66 meter<\/strong>.<\/li>\n<li><strong>Metod B<\/strong> anst\u00e4ller en <strong>50 mm<\/strong> dart med en diameter som sl\u00e4pptes fr\u00e5n <strong>1,5 meter<\/strong>.<\/li>\n<\/ul>\n<p>Varje metod \u00e4r anpassad till olika materialtyper och tjocklekar, och de resultat som erh\u00e5lls \u00e4r inte utbytbara.<\/p>\n\n\t\t<\/div>\n\t\t\t\t\t<\/div>\n\n\t\n\n\t<div id=\"col-162527138\" class=\"col medium-5 small-12 large-5\"  >\n\t\t\t\t<div class=\"col-inner\"  >\n\t\t\t\n\t\t\t\n\n\t<div class=\"img has-hover x md-x lg-x y md-y lg-y\" id=\"image_837714405\">\n\t\t<a class=\"\" href=\"https:\/\/www.impacttesting.net\/sv\/falling-dart-impact-tester\/\" >\t\t\t\t\t\t<div class=\"img-inner dark\" >\n\t\t\t<img decoding=\"async\" width=\"600\" height=\"440\" src=\"https:\/\/www.impacttesting.net\/wp-content\/uploads\/2025\/12\/ISO-7765-1-Free-Falling-Dart-Method.webp\" class=\"attachment-large size-large\" alt=\"ISO 7765-1 Metod med fritt fallande pil\" srcset=\"https:\/\/www.impacttesting.net\/wp-content\/uploads\/2025\/12\/ISO-7765-1-Free-Falling-Dart-Method.webp 600w, https:\/\/www.impacttesting.net\/wp-content\/uploads\/2025\/12\/ISO-7765-1-Free-Falling-Dart-Method-545x400.webp 545w\" sizes=\"(max-width: 600px) 100vw, 600px\" \/>\t\t\t\t\t\t\n\t\t\t\t\t<\/div>\n\t\t\t\t\t\t<\/a>\t\t\n<style>\n#image_837714405 {\n  width: 100%;\n}\n<\/style>\n\t<\/div>\n\t\n\n\n\t\t<\/div>\n\t\t\t\t\t<\/div>\n\n\t\n\n<\/div>\n\n\t\t<\/div>\n\t\t\t\t\t<\/div>\n\n\t\n\n<\/div>\n\n\t\t<\/div>\n\t\t\t\t\t<\/div>\n\n\t\n\n<\/div>\n<div class=\"row\"  id=\"row-287020163\">\n\n\n\t<div id=\"col-499559502\" class=\"col small-12 large-12\"  >\n\t\t\t\t<div class=\"col-inner\"  >\n\t\t\t\n\t\t\t\n\n<div class=\"row\"  id=\"row-1014401254\">\n\n\n\t<div id=\"col-606946385\" class=\"col small-12 large-12\"  >\n\t\t\t\t<div class=\"col-inner\"  >\n\t\t\t\n\t\t\t\n\n\t<div id=\"text-3490344149\" class=\"text\">\n\t\t\n\n<h2>Metod f\u00f6r fritt fallande pilar: Betydelse och f\u00f6rfarande<\/h2>\n\t\t\n<style>\n#text-3490344149 {\n  font-size: 1.3rem;\n  text-align: center;\n}\n<\/style>\n\t<\/div>\n\t\n\n\t\t<\/div>\n\t\t\t\t\t<\/div>\n\n\t\n\n<\/div>\n<div class=\"row\"  id=\"row-1895132042\">\n\n\n\t<div id=\"col-11443725\" class=\"col medium-6 small-12 large-6\"  >\n\t\t\t\t<div class=\"col-inner\"  >\n\t\t\t\n\t\t\t\n\n<h3>F\u00f6rberedelse av test<\/h3>\n<p>Innan du utf\u00f6r testet:<\/p>\n<ul>\n<li><strong>Prover i skick<\/strong> vid 23\u00b0C \u00b1 2\u00b0C och 50% \u00b1 5% RH under minst 40 timmar.<\/li>\n<li>V\u00e4lj provkroppar med <strong>j\u00e4mn tjocklek<\/strong> (\u00b110% av nominellt v\u00e4rde).<\/li>\n<li>Anv\u00e4ndning <strong>30 eller fler prover<\/strong> f\u00f6r att s\u00e4kerst\u00e4lla statistisk relevans.<\/li>\n<\/ul>\n\n\t\t<\/div>\n\t\t\t\t\t<\/div>\n\n\t\n\n\t<div id=\"col-235816892\" class=\"col medium-6 small-12 large-6\"  >\n\t\t\t\t<div class=\"col-inner\"  >\n\t\t\t\n\t\t\t\n\n<h3>Krav p\u00e5 utrustning<\/h3>\n<div>En standard testuppst\u00e4llning inkluderar:<\/div>\n<ul>\n<li>A <strong>pil med halvklotformigt huvud<\/strong> och flyttbara inkrementella vikter.<\/li>\n<li>En <strong>Elektromagnet eller mekanisk<\/strong> Utl\u00f6sningsmekanism f\u00f6r kontrollerat fall.<\/li>\n<li>A <strong>tv\u00e5delat fastsp\u00e4nningssystem<\/strong> f\u00f6r att h\u00e5lla provexemplaret stadigt.<\/li>\n<li>A <strong>mikrometer<\/strong> f\u00f6r exakt tjockleksm\u00e4tning.<\/li>\n<li><strong>S\u00e4kerhetssk\u00e4rmning<\/strong> f\u00f6r att skydda anv\u00e4ndare och apparat.<\/li>\n<\/ul>\n\n\t\t<\/div>\n\t\t\t\t\t<\/div>\n\n\t\n\n<\/div>\n<div class=\"row align-middle\"  id=\"row-721538566\">\n\n\n\t<div id=\"col-1318004003\" class=\"col small-12 large-12\"  >\n\t\t\t\t<div class=\"col-inner\"  >\n\t\t\t\n\t\t\t\n\n\t<div id=\"text-4057293604\" class=\"text\">\n\t\t\n\n<h3>Utf\u00f6rande av test av pilens slagmotst\u00e5nd<\/h3>\n\t\t\n<style>\n#text-4057293604 {\n  text-align: center;\n}\n<\/style>\n\t<\/div>\n\t\n\n\t\t<\/div>\n\t\t\t\t\t<\/div>\n\n\t\n\n\t<div id=\"col-1842054506\" class=\"col medium-6 small-12 large-6\"  >\n\t\t\t\t<div class=\"col-inner\"  >\n\t\t\t\n\t\t\t\n\n<h4>1. V\u00e4lj testmetod (A eller B):<\/h4>\n<ul>\n<li><strong>Metod A<\/strong>: 38 mm pil, 0,66 m fallh\u00f6jd.<\/li>\n<li><strong>Metod B<\/strong>: 50 mm pil, 1,5 m fallh\u00f6jd.<\/li>\n<\/ul>\n<h4>2. F\u00f6rbered och kl\u00e4m fast provexemplaret:<\/h4>\n<p>Se till att filmen ligger plant utan rynkor. Anv\u00e4nd halkskyddsmedel som krokusduk eller slippapper om det beh\u00f6vs.<\/p>\n<h4>3. St\u00e4ll in Dart- och Incremental-vikterna:<\/h4>\n<p>B\u00f6rja med en k\u00e4nd massa och \u00f6ka eller minska den baserat p\u00e5 felresultat tills 50% felfrekvens har fastst\u00e4llts.<\/p>\n\n\t\t<\/div>\n\t\t\t\t\t<\/div>\n\n\t\n\n\t<div id=\"col-1893065263\" class=\"col medium-6 small-12 large-6\"  >\n\t\t\t\t<div class=\"col-inner\"  >\n\t\t\t\n\t\t\t\n\n<div class=\"video video-fit mb\" style=\"padding-top:56.25%;\"><iframe title=\"slagprovning med fallande pil p\u00e5 plastfilm och pl\u00e5t Metod A och Metod B ASTM D1709 ISO 7765-1\" width=\"1020\" height=\"574\" src=\"https:\/\/www.youtube.com\/embed\/a3_9M0x3w7U?feature=oembed\" frameborder=\"0\" allow=\"accelerometer; autoplay; clipboard-write; encrypted-media; gyroscope; picture-in-picture; web-share\" referrerpolicy=\"strict-origin-when-cross-origin\" allowfullscreen><\/iframe><\/div>\n\n\n\t\t<\/div>\n\t\t\t\t\t<\/div>\n\n\t\n\n\t<div id=\"col-937223162\" class=\"col small-12 large-12\"  >\n\t\t\t\t<div class=\"col-inner\"  >\n\t\t\t\n\t\t\t\n\n<h4>4. Sl\u00e4pp pilen:<\/h4>\n<p>Anv\u00e4nd elektromagneten eller luftutl\u00f6saren f\u00f6r att sl\u00e4ppa pilen vertikalt p\u00e5 mitten av provexemplaret.<\/p>\n<h4>5. Registrera utfallet:<\/h4>\n<p>Notera om provkroppen g\u00e5r s\u00f6nder (genomborrad eller spr\u00e4ckt) eller \u00f6verlever. Forts\u00e4tt tills du statistiskt kan ber\u00e4kna slagbrottets massa.<\/p>\n<h4>6. Analysera resultaten:<\/h4>\n<p>Utv\u00e4rdera resultaten med h\u00e4nsyn till provtjocklek, materialkonsistens och felfrekvens. ISO 7765-1-resultat kan vara anv\u00e4ndbara f\u00f6r materialj\u00e4mf\u00f6relser men b\u00f6r inte normaliseras f\u00f6r olika tjocklekar.<\/p>\n\n\t\t<\/div>\n\t\t\t\t\t<\/div>\n\n\t\n\n<\/div>\n\n\t\t<\/div>\n\t\t\t\t\t<\/div>\n\n\t\n\n<\/div>\n\n\t\t<\/div>\n\n\t\t\n<style>\n#section_581765077 {\n  padding-top: 30px;\n  padding-bottom: 30px;\n}\n<\/style>\n\t<\/section>\n\t\n\t<section class=\"section\" id=\"section_669676620\">\n\t\t<div class=\"bg section-bg fill bg-fill  bg-loaded\" >\n\n\t\t\t\n\t\t\t\n\t\t\t\n\n\t\t<\/div>\n\n\t\t\n\n\t\t<div class=\"section-content relative\">\n\t\t\t\n\n<div class=\"row\"  id=\"row-1256012467\">\n\n\n\t<div id=\"col-1417635539\" class=\"col small-12 large-12\"  >\n\t\t\t\t<div class=\"col-inner\"  >\n\t\t\t\n\t\t\t\n\n<div class=\"row align-center\"  id=\"row-551400443\">\n\n\n\t<div id=\"col-58079680\" class=\"col small-12 large-12\"  >\n\t\t\t\t<div class=\"col-inner\"  >\n\t\t\t\n\t\t\t\n\n\t<div id=\"text-1617522589\" class=\"text\">\n\t\t\n\n<h2>Varf\u00f6r v\u00e4lja Impacttesting.net's<br \/>FDT-01 Testare f\u00f6r pildroppar<\/h2>\n\t\t\n<style>\n#text-1617522589 {\n  font-size: 1.4rem;\n  text-align: center;\n}\n<\/style>\n\t<\/div>\n\t\n\n\t\t<\/div>\n\t\t\t\t\t<\/div>\n\n\t\n\n\t<div id=\"col-1600348289\" class=\"col small-12 large-12\"  >\n\t\t\t\t<div class=\"col-inner\"  >\n\t\t\t\n\t\t\t\n\n<p>F\u00f6r att s\u00e4kerst\u00e4lla precision, repeterbarhet och \u00f6verensst\u00e4mmelse med <strong>ISO 7765-1<\/strong>rekommenderar vi <strong>FDT-01 <a href=\"https:\/\/www.impacttesting.net\/sv\/falling-dart-impact-tester\/\">Dart slagprovare <\/a><\/strong>av <strong>Impacttesting.net<\/strong>.<\/p>\n\n\t\t<\/div>\n\t\t\t\t\t<\/div>\n\n\t\n\n\t<div id=\"col-154394417\" class=\"col medium-7 small-12 large-7\"  >\n\t\t\t\t<div class=\"col-inner text-center\"  >\n\t\t\t\n\t\t\t\n\n\t<div id=\"text-1436698057\" class=\"text\">\n\t\t\n\n<p class=\"\" data-start=\"4386\" data-end=\"4422\">Noggrann h\u00f6jdjustering av dartdroppen.<br \/>Enkel montering av provkroppar med pneumatiska kl\u00e4mmor.<br \/>Insamling och analys av effektdata i realtid.<br \/>\u00d6verensst\u00e4mmelse med b\u00e5de metod A och metod B.<\/p>\n\t\t\n<style>\n#text-1436698057 {\n  font-size: 1.1rem;\n  line-height: 1.3;\n}\n<\/style>\n\t<\/div>\n\t\n\t<div id=\"text-1753388484\" class=\"text\">\n\t\t\n\n<p class=\"\" data-start=\"4676\" data-end=\"4874\">Dess avancerade s\u00e4kerhetsfunktioner och digitala kontroller minimerar m\u00e4nskliga fel och s\u00e4kerst\u00e4ller tillf\u00f6rlitliga, reproducerbara resultat, vilket g\u00f6r den till en sj\u00e4lvklarhet f\u00f6r tillverkare av f\u00f6rpackningsfilm, konverterare och kvalitetskontrollaboratorier.<\/p>\n\t\t\n<style>\n#text-1753388484 {\n  font-size: 1.1rem;\n}\n<\/style>\n\t<\/div>\n\t\n<a href=\"https:\/\/www.impacttesting.net\/sv\/contact-us\/\" class=\"button primary is-outline\"  style=\"border-radius:99px;\">\n    <span>Kontakta oss<\/span>\n  <i class=\"icon-chat\" aria-hidden=\"true\" ><\/i><\/a>\n\n\n\n\t\t<\/div>\n\t\t\t\t\t<\/div>\n\n\t\n\n\t<div id=\"col-100266626\" class=\"col medium-4 small-12 large-4\"  >\n\t\t\t\t<div class=\"col-inner text-center\"  >\n\t\t\t\n\t\t\t\n\n\n<div class=\"wpcf7 no-js\" id=\"wpcf7-f10-o1\" lang=\"en-US\" dir=\"ltr\" data-wpcf7-id=\"10\">\n<div class=\"screen-reader-response\"><p role=\"status\" aria-live=\"polite\" aria-atomic=\"true\"><\/p> <ul><\/ul><\/div>\n<form action=\"\/sv\/wp-json\/wp\/v2\/pages\/85#wpcf7-f10-o1\" method=\"post\" class=\"wpcf7-form init\" aria-label=\"Kontaktformul\u00e4r\" novalidate=\"novalidate\" data-status=\"init\" data-trp-original-action=\"\/sv\/wp-json\/wp\/v2\/pages\/85#wpcf7-f10-o1\">\n<fieldset class=\"hidden-fields-container\"><input type=\"hidden\" name=\"_wpcf7\" value=\"10\" \/><input type=\"hidden\" name=\"_wpcf7_version\" value=\"6.1.4\" \/><input type=\"hidden\" name=\"_wpcf7_locale\" value=\"en_US\" \/><input type=\"hidden\" name=\"_wpcf7_unit_tag\" value=\"wpcf7-f10-o1\" \/><input type=\"hidden\" name=\"_wpcf7_container_post\" value=\"0\" \/><input type=\"hidden\" name=\"_wpcf7_posted_data_hash\" value=\"\" \/><input type=\"hidden\" name=\"_wpcf7_recaptcha_response\" value=\"\" \/>\n<\/fieldset>\n<p><span class=\"wpcf7-form-control-wrap\" data-name=\"Name\"><input size=\"40\" maxlength=\"400\" class=\"wpcf7-form-control wpcf7-text\" aria-invalid=\"false\" placeholder=\"Ditt namn\" value=\"\" type=\"text\" name=\"Name\" \/><\/span><br \/>\n<span class=\"wpcf7-form-control-wrap\" data-name=\"Comapany\"><input size=\"40\" maxlength=\"400\" class=\"wpcf7-form-control wpcf7-text\" aria-invalid=\"false\" placeholder=\"Ditt bolag\" value=\"\" type=\"text\" name=\"Comapany\" \/><\/span><br \/>\n<span class=\"wpcf7-form-control-wrap\" data-name=\"Email\"><input size=\"40\" maxlength=\"400\" class=\"wpcf7-form-control wpcf7-email wpcf7-validates-as-required wpcf7-text wpcf7-validates-as-email\" aria-required=\"true\" aria-invalid=\"false\" placeholder=\"Din e-post*\" value=\"\" type=\"email\" name=\"Email\" \/><\/span><br \/>\n<span class=\"wpcf7-form-control-wrap\" data-name=\"Message\"><textarea cols=\"40\" rows=\"10\" maxlength=\"2000\" class=\"wpcf7-form-control wpcf7-textarea\" aria-invalid=\"false\" placeholder=\"Meddelande\" name=\"Message\"><\/textarea><\/span>\n<\/p>\n<p><input class=\"wpcf7-form-control wpcf7-submit has-spinner\" type=\"submit\" value=\"Skicka in\" \/>\n<\/p><div class=\"wpcf7-response-output\" aria-hidden=\"true\"><\/div>\n<input type=\"hidden\" name=\"trp-form-language\" value=\"sv\"\/><\/form>\n<\/div>\n\n\n\n\t\t<\/div>\n\t\t\t\t\t<\/div>\n\n\t\n\n<\/div>\n\n\t\t<\/div>\n\t\t\t\t\t<\/div>\n\n\t\n\n<\/div>\n\n\t\t<\/div>\n\n\t\t\n<style>\n#section_669676620 {\n  padding-top: 30px;\n  padding-bottom: 30px;\n  background-color: rgb(232, 234, 241);\n}\n<\/style>\n\t<\/section>","protected":false},"excerpt":{"rendered":"","protected":false},"author":1,"featured_media":0,"parent":0,"menu_order":0,"comment_status":"closed","ping_status":"closed","template":"page-blank.php","meta":{"footnotes":""},"class_list":["post-85","page","type-page","status-publish","hentry"],"_links":{"self":[{"href":"https:\/\/www.impacttesting.net\/sv\/wp-json\/wp\/v2\/pages\/85","targetHints":{"allow":["GET"]}}],"collection":[{"href":"https:\/\/www.impacttesting.net\/sv\/wp-json\/wp\/v2\/pages"}],"about":[{"href":"https:\/\/www.impacttesting.net\/sv\/wp-json\/wp\/v2\/types\/page"}],"author":[{"embeddable":true,"href":"https:\/\/www.impacttesting.net\/sv\/wp-json\/wp\/v2\/users\/1"}],"replies":[{"embeddable":true,"href":"https:\/\/www.impacttesting.net\/sv\/wp-json\/wp\/v2\/comments?post=85"}],"version-history":[{"count":2,"href":"https:\/\/www.impacttesting.net\/sv\/wp-json\/wp\/v2\/pages\/85\/revisions"}],"predecessor-version":[{"id":87,"href":"https:\/\/www.impacttesting.net\/sv\/wp-json\/wp\/v2\/pages\/85\/revisions\/87"}],"wp:attachment":[{"href":"https:\/\/www.impacttesting.net\/sv\/wp-json\/wp\/v2\/media?parent=85"}],"curies":[{"name":"wp","href":"https:\/\/api.w.org\/{rel}","templated":true}]}}