{"id":74,"date":"2025-12-24T06:33:06","date_gmt":"2025-12-24T06:33:06","guid":{"rendered":"https:\/\/www.impacttesting.net\/?page_id=74"},"modified":"2025-12-24T06:33:06","modified_gmt":"2025-12-24T06:33:06","slug":"ball-drop-tester","status":"publish","type":"page","link":"https:\/\/www.impacttesting.net\/sv\/ball-drop-tester\/","title":{"rendered":"FBT-01 Provare f\u00f6r kulfall"},"content":{"rendered":"<section class=\"section\" id=\"section_1253601108\">\n\t\t<div class=\"bg section-bg fill bg-fill  bg-loaded\" >\n\n\t\t\t\n\t\t\t\n\t\t\t\n\n\t\t<\/div>\n\n\t\t\n\n\t\t<div class=\"section-content relative\">\n\t\t\t\n\n<div class=\"row\"  id=\"row-1620451902\">\n\n\n\t<div id=\"col-280641815\" class=\"col small-12 large-12\"  >\n\t\t\t\t<div class=\"col-inner\" style=\"background-color:rgb(92, 171, 188);\" >\n\t\t\t\n\t\t\t\n\n<div class=\"row\"  id=\"row-1891597139\">\n\n\n\t<div id=\"col-1995329309\" class=\"col small-12 large-12\"  >\n\t\t\t\t<div class=\"col-inner\"  >\n\t\t\t\n\t\t\t\n\n\t<div id=\"text-2405251817\" class=\"text\">\n\t\t\n\n<h1>FBT-01 Provare f\u00f6r kulfall<\/h1>\n\t\t\n<style>\n#text-2405251817 {\n  font-size: 1.5rem;\n  text-align: center;\n}\n<\/style>\n\t<\/div>\n\t\n\n\t\t<\/div>\n\t\t\t\t\n<style>\n#col-1995329309 > .col-inner {\n  padding: 50px 10px 10px 10px;\n}\n<\/style>\n\t<\/div>\n\n\t\n\n<\/div>\n<div class=\"row align-middle align-center\"  id=\"row-1666959170\">\n\n\n\t<div id=\"col-671107607\" class=\"col medium-11 small-12 large-11\"  >\n\t\t\t\t<div class=\"col-inner\"  >\n\t\t\t\n\t\t\t\n\n<div class=\"row align-middle align-center\"  id=\"row-1871057891\">\n\n\n\t<div id=\"col-647536016\" class=\"col medium-7 small-12 large-7\"  >\n\t\t\t\t<div class=\"col-inner\"  >\n\t\t\t\n\t\t\t\n\n<div class=\"row\"  id=\"row-1126638095\">\n\n\n\t<div id=\"col-1007689229\" class=\"col small-12 large-12\"  >\n\t\t\t\t<div class=\"col-inner text-center\"  >\n\t\t\t\n\t\t\t\n\n\t<div id=\"text-826864411\" class=\"text\">\n\t\t\n\n<p>Den <a href=\"https:\/\/www.impacttesting.net\/sv\/ball-drop-tester\/\"><strong>testare av bolldropp<\/strong><\/a> \u00e4r ett viktigt instrument som anv\u00e4nds f\u00f6r att utv\u00e4rdera slagt\u00e5ligheten hos material som plastskivor, filmer och skyddsglas\u00f6gon. Detta test \u00e4r avg\u00f6rande i branscher som f\u00f6rpacknings-, fordons- och s\u00e4kerhetsutrustningstillverkning och s\u00e4kerst\u00e4ller att materialen kan motst\u00e5 yttre krafter utan betydande skador.<\/p>\n\t\t\n<style>\n#text-826864411 {\n  color: rgb(0, 0, 0);\n}\n#text-826864411 > * {\n  color: rgb(0, 0, 0);\n}\n<\/style>\n\t<\/div>\n\t\n\n\t\t<\/div>\n\t\t\t\t\t<\/div>\n\n\t\n\n\t<div id=\"col-52951514\" class=\"col small-12 large-12\"  >\n\t\t\t\t<div class=\"col-inner text-center\"  >\n\t\t\t\n\t\t\t\n\n<a href=\"https:\/\/www.impacttesting.net\/sv\/contact-us\/\" class=\"button primary is-outline\"  style=\"border-radius:99px;\">\n    <span>Kontakta oss<\/span>\n  <i class=\"icon-chat\" aria-hidden=\"true\" ><\/i><\/a>\n\n\n\n\t\t<\/div>\n\t\t\t\t\t<\/div>\n\n\t\n\n<\/div>\n\n\t\t<\/div>\n\t\t\t\t\t<\/div>\n\n\t\n\n\t<div id=\"col-1664315249\" class=\"col medium-3 small-12 large-3\"  >\n\t\t\t\t<div class=\"col-inner\"  >\n\t\t\t\n\t\t\t\n\n<div class=\"row\"  id=\"row-2075520569\">\n\n\n\t<div id=\"col-1334996034\" class=\"col small-12 large-12\"  >\n\t\t\t\t<div class=\"col-inner text-center\"  >\n\t\t\t\n\t\t\t\n\n\t<div class=\"img has-hover x md-x lg-x y md-y lg-y\" id=\"image_764158267\">\n\t\t\t\t\t\t\t\t<div class=\"img-inner dark\" >\n\t\t\t<img decoding=\"async\" width=\"318\" height=\"800\" src=\"https:\/\/www.impacttesting.net\/wp-content\/uploads\/2025\/12\/Ball-Drop-Tester-Ball-Impact-Test-for-Safety-Glasses-318x800.webp\" class=\"attachment-large size-large\" alt=\"Ball Drop Tester - Ball Impact Test f\u00f6r skyddsglas\u00f6gon\" srcset=\"https:\/\/www.impacttesting.net\/wp-content\/uploads\/2025\/12\/Ball-Drop-Tester-Ball-Impact-Test-for-Safety-Glasses-318x800.webp 318w, https:\/\/www.impacttesting.net\/wp-content\/uploads\/2025\/12\/Ball-Drop-Tester-Ball-Impact-Test-for-Safety-Glasses-159x400.webp 159w, https:\/\/www.impacttesting.net\/wp-content\/uploads\/2025\/12\/Ball-Drop-Tester-Ball-Impact-Test-for-Safety-Glasses-768x1934.webp 768w, https:\/\/www.impacttesting.net\/wp-content\/uploads\/2025\/12\/Ball-Drop-Tester-Ball-Impact-Test-for-Safety-Glasses-610x1536.webp 610w, https:\/\/www.impacttesting.net\/wp-content\/uploads\/2025\/12\/Ball-Drop-Tester-Ball-Impact-Test-for-Safety-Glasses-813x2048.webp 813w, https:\/\/www.impacttesting.net\/wp-content\/uploads\/2025\/12\/Ball-Drop-Tester-Ball-Impact-Test-for-Safety-Glasses-scaled.webp 1017w\" sizes=\"(max-width: 318px) 100vw, 318px\" \/>\t\t\t\t\t\t\n\t\t\t\t\t<\/div>\n\t\t\t\t\t\t\t\t\n<style>\n#image_764158267 {\n  width: 80%;\n}\n<\/style>\n\t<\/div>\n\t\n\n\n\t\t<\/div>\n\t\t\t\t\t<\/div>\n\n\t\n\n<\/div>\n\n\t\t<\/div>\n\t\t\t\t\t<\/div>\n\n\t\n\n<\/div>\n\n\t\t<\/div>\n\t\t\t\t\t<\/div>\n\n\t\n\n<\/div>\n\n\t\t<\/div>\n\t\t\t\t\t<\/div>\n\n\t\n\n\n<style>\n#row-1620451902 > .col > .col-inner {\n  border-radius: 25px;\n}\n<\/style>\n<\/div>\n\n\t\t<\/div>\n\n\t\t\n<style>\n#section_1253601108 {\n  padding-top: 30px;\n  padding-bottom: 30px;\n}\n<\/style>\n\t<\/section>\n\t\n\t<section class=\"section\" id=\"section_926241012\">\n\t\t<div class=\"bg section-bg fill bg-fill  bg-loaded\" >\n\n\t\t\t\n\t\t\t\n\t\t\t\n\n\t\t<\/div>\n\n\t\t\n\n\t\t<div class=\"section-content relative\">\n\t\t\t\n\n<div class=\"row\"  id=\"row-822963309\">\n\n\n\t<div id=\"col-1113398956\" class=\"col small-12 large-12\"  >\n\t\t\t\t<div class=\"col-inner\"  >\n\t\t\t\n\t\t\t\n\n<div class=\"row\"  id=\"row-1841363268\">\n\n\n\t<div id=\"col-1165318639\" class=\"col small-12 large-12\"  >\n\t\t\t\t<div class=\"col-inner\"  >\n\t\t\t\n\t\t\t\n\n<div class=\"row align-middle align-center\"  id=\"row-840622150\">\n\n\n\t<div id=\"col-15043195\" class=\"col medium-5 small-12 large-5\"  >\n\t\t\t\t<div class=\"col-inner text-center\"  >\n\t\t\t\n\t\t\t\n\n\t<div class=\"img has-hover x md-x lg-x y md-y lg-y\" id=\"image_548074916\">\n\t\t\t\t\t\t\t\t<div class=\"img-inner dark\" >\n\t\t\t<img decoding=\"async\" width=\"600\" height=\"720\" src=\"https:\/\/www.impacttesting.net\/wp-content\/uploads\/2025\/12\/Ball-Drop-Tester.webp\" class=\"attachment-large size-large\" alt=\"Testare av bolldropp\" srcset=\"https:\/\/www.impacttesting.net\/wp-content\/uploads\/2025\/12\/Ball-Drop-Tester.webp 600w, https:\/\/www.impacttesting.net\/wp-content\/uploads\/2025\/12\/Ball-Drop-Tester-333x400.webp 333w\" sizes=\"(max-width: 600px) 100vw, 600px\" \/>\t\t\t\t\t\t\n\t\t\t\t\t<\/div>\n\t\t\t\t\t\t\t\t\n<style>\n#image_548074916 {\n  width: 100%;\n}\n<\/style>\n\t<\/div>\n\t\n\n\n\t\t<\/div>\n\t\t\t\t\t<\/div>\n\n\t\n\n\t<div id=\"col-2076891144\" class=\"col medium-7 small-12 large-7\"  >\n\t\t\t\t<div class=\"col-inner text-left\"  >\n\t\t\t\n\t\t\t\n\n\t<div id=\"text-1720790117\" class=\"text\">\n\t\t\n\n<h2>F\u00f6rst\u00e5else av kulfallstestet<\/h2>\n\t\t\n<style>\n#text-1720790117 {\n  font-size: 1.3rem;\n  text-align: left;\n}\n<\/style>\n\t<\/div>\n\t\n<p>Enheten fungerar genom att en st\u00e5lkula med en specificerad massa och diameter sl\u00e4pps fr\u00e5n en f\u00f6rutbest\u00e4md h\u00f6jd p\u00e5 provkroppen. Graden av skada eller deformation analyseras f\u00f6r att bed\u00f6ma slagt\u00e5ligheten. Detta test \u00e4r s\u00e4rskilt viktigt f\u00f6r att uppfylla s\u00e4kerhetsstandarder som t.ex. <strong><a href=\"https:\/\/www.impacttesting.net\/sv\/ansi-z87-1\/\">ANSI Z87.1<\/a> slagprov<\/strong>.<\/p>\n<a href=\"https:\/\/www.impacttesting.net\/sv\/contact-us\/\" class=\"button primary is-outline\"  style=\"border-radius:99px;\">\n    <span>Kontakta oss<\/span>\n  <\/a>\n\n\n\n\t\t<\/div>\n\t\t\t\t\t<\/div>\n\n\t\n\n<\/div>\n\n\t\t<\/div>\n\t\t\t\t\t<\/div>\n\n\t\n\n<\/div>\n\n\t\t<\/div>\n\t\t\t\t\t<\/div>\n\n\t\n\n<\/div>\n<div class=\"row\"  id=\"row-2041029451\">\n\n\n\t<div id=\"col-2070394791\" class=\"col small-12 large-12\"  >\n\t\t\t\t<div class=\"col-inner\"  >\n\t\t\t\n\t\t\t\n\n<div class=\"row\"  id=\"row-985293960\">\n\n\n\t<div id=\"col-1378691199\" class=\"col small-12 large-12\"  >\n\t\t\t\t<div class=\"col-inner\"  >\n\t\t\t\n\t\t\t\n\n\t<div id=\"text-3713794427\" class=\"text\">\n\t\t\n\n<h2>ANSI Z87.1 Slagprov: Viktiga krav<\/h2>\n\t\t\n<style>\n#text-3713794427 {\n  font-size: 1.3rem;\n  text-align: center;\n}\n<\/style>\n\t<\/div>\n\t\n\n\t\t<\/div>\n\t\t\t\t\t<\/div>\n\n\t\n\n<\/div>\n<div class=\"row align-middle align-center\"  id=\"row-506583502\">\n\n\n\t<div id=\"col-743934868\" class=\"col medium-7 small-12 large-7\"  >\n\t\t\t\t<div class=\"col-inner\"  >\n\t\t\t\n\t\t\t\n\n<p>Den <strong>ANSI Z87.1 slagprov<\/strong> \u00e4r en standardiserad metod f\u00f6r att utv\u00e4rdera skyddsglas\u00f6gons slagt\u00e5lighet. Syftet med detta test \u00e4r att s\u00e4kerst\u00e4lla att skyddsglas\u00f6gon, skyddsglas\u00f6gon och ansiktsskydd uppfyller minimikraven f\u00f6r att skydda anv\u00e4ndare fr\u00e5n h\u00f6ghastighetsprojektiler.<\/p>\n<h3>Testutrustning och uppst\u00e4llning<\/h3>\n<ul>\n<li>En styv huvudform anv\u00e4nds f\u00f6r att s\u00e4kra provkroppen i en position med ansiktet upp\u00e5t.<\/li>\n<li>A <strong>St\u00e5lkula med en diameter p\u00e5 25,4 mm (1,0 tum)<\/strong>, v\u00e4gning <strong>68 g (2,4 oz)<\/strong>, fungerar som projektil.<\/li>\n<li>St\u00e5lkulan frig\u00f6rs fr\u00e5n ett <strong>h\u00f6jd p\u00e5 127 cm (50 in.)<\/strong> genom ett guidat r\u00f6r.<\/li>\n<li>Huvudformens bas har en massa p\u00e5 minst <strong>30 kg (66 lb)<\/strong> f\u00f6r att s\u00e4kerst\u00e4lla stabilitet under testning.<\/li>\n<\/ul>\n<h3>Testf\u00f6rfarande<\/h3>\n<ol>\n<li>Provexemplaret \u00e4r s\u00e4kert monterat p\u00e5 huvudformen, vilket efterliknar verkliga anv\u00e4ndningsf\u00f6rh\u00e5llanden.<\/li>\n<li>Ett st\u00f6dblock placeras bakom provexemplaret f\u00f6r att uppr\u00e4tth\u00e5lla korrekt inriktning.<\/li>\n<li>St\u00e5lkulan sl\u00e4pps p\u00e5 linsen eller materialytan i linje med \u00f6gonomr\u00e5det.<\/li>\n<li>Testet upprepas fyra g\u00e5nger p\u00e5 olika st\u00e4llen p\u00e5 linsen f\u00f6r att vara exakt.<\/li>\n<li>Slagskadorna analyseras f\u00f6r att avg\u00f6ra om materialet uppfyller s\u00e4kerhetskriterierna.<\/li>\n<\/ol>\n\n\t\t<\/div>\n\t\t\t\t\t<\/div>\n\n\t\n\n\t<div id=\"col-648623183\" class=\"col medium-4 small-12 large-4\"  >\n\t\t\t\t<div class=\"col-inner\"  >\n\t\t\t\n\t\t\t\n\n<div class=\"video video-fit mb\" style=\"padding-top:200%;\"><iframe title=\"Slagprovning med fallande boll f\u00f6r plastfilmer och -ark\" width=\"563\" height=\"1000\" src=\"https:\/\/www.youtube.com\/embed\/AvdivZPwIxc?feature=oembed\" frameborder=\"0\" allow=\"accelerometer; autoplay; clipboard-write; encrypted-media; gyroscope; picture-in-picture; web-share\" referrerpolicy=\"strict-origin-when-cross-origin\" allowfullscreen><\/iframe><\/div>\n\n\n\t\t<\/div>\n\t\t\t\t\t<\/div>\n\n\t\n\n<\/div>\n\n\t\t<\/div>\n\t\t\t\t\t<\/div>\n\n\t\n\n<\/div>\n<div class=\"row\"  id=\"row-1809932275\">\n\n\n\t<div id=\"col-1572722141\" class=\"col small-12 large-12\"  >\n\t\t\t\t<div class=\"col-inner\"  >\n\t\t\t\n\t\t\t\n\n<div class=\"row\"  id=\"row-34465127\">\n\n\n\t<div id=\"col-1114678133\" class=\"col small-12 large-12\"  >\n\t\t\t\t<div class=\"col-inner\"  >\n\t\t\t\n\t\t\t\n\n\t<div id=\"text-278691751\" class=\"text\">\n\t\t\n\n<h2>FBT-01 Slagprovare f\u00f6r fallande pilar<\/h2>\n\t\t\n<style>\n#text-278691751 {\n  font-size: 1.3rem;\n  text-align: center;\n}\n<\/style>\n\t<\/div>\n\t\n\n\t\t<\/div>\n\t\t\t\t\t<\/div>\n\n\t\n\n<\/div>\n<div class=\"row align-middle align-center\"  id=\"row-1034139156\">\n\n\n\t<div id=\"col-349040844\" class=\"col medium-6 small-12 large-6\"  >\n\t\t\t\t<div class=\"col-inner\"  >\n\t\t\t\n\t\t\t\n\n<h3>Viktiga egenskaper:<\/h3>\n<ul>\n<li><strong>Justerbar slagh\u00f6jd<\/strong> f\u00f6r anpassade testscenarier<\/li>\n<li><strong>Flera alternativ f\u00f6r bollstorlek<\/strong> f\u00f6r varierande testapplikationer<\/li>\n<li><strong>Elektromagnetisk kulupph\u00e4ngning<\/strong> f\u00f6r exakt timing av utl\u00f6sningen<\/li>\n<li><strong>Pneumatisk fastsp\u00e4nning av prov<\/strong> f\u00f6r s\u00e4ker positionering av provet<\/li>\n<li><strong>Visning av testresultat f\u00f6r flera enheter<\/strong> f\u00f6r enkel tolkning av data<\/li>\n<li><strong>Integrerad mikroskrivare<\/strong> f\u00f6r dokumentation av resultat p\u00e5 plats<\/li>\n<li><strong>Professionell programvara som tillval<\/strong> f\u00f6r avancerad dataanalys<\/li>\n<\/ul>\n\n\t\t<\/div>\n\t\t\t\t\t<\/div>\n\n\t\n\n\t<div id=\"col-1273086214\" class=\"col medium-6 small-12 large-6\"  >\n\t\t\t\t<div class=\"col-inner\"  >\n\t\t\t\n\t\t\t\n\n<h3>Tekniska specifikationer:<\/h3>\n<ul>\n<li><strong>P\u00e5verkan h\u00f6jd<\/strong>: Justerbar fr\u00e5n 300 mm till 600 mm (utdragbar efter behov)<\/li>\n<li><strong>Kulans diameter<\/strong>: 23 mm, 25 mm, 28,6 mm, 38,1 mm, 50,8 mm<\/li>\n<li><strong>Noggrannhet<\/strong>: 0,1 g (0,1 J)<\/li>\n<li><strong>Provstorlek<\/strong>: Minst 150 mm x 150 mm<\/li>\n<li><strong>Gasf\u00f6rs\u00f6rjning<\/strong>: 0,6 MPa PU-r\u00f6r (\u03a68 mm)<\/li>\n<li><strong>Str\u00f6mf\u00f6rs\u00f6rjning<\/strong>: AC 110~220V, 50Hz<\/li>\n<\/ul>\n\n\t\t<\/div>\n\t\t\t\t\t<\/div>\n\n\t\n\n<\/div>\n\n\t\t<\/div>\n\t\t\t\t\t<\/div>\n\n\t\n\n<\/div>\n<div class=\"row\"  id=\"row-1955673315\">\n\n\n\t<div id=\"col-41522606\" class=\"col small-12 large-12\"  >\n\t\t\t\t<div class=\"col-inner\"  >\n\t\t\t\n\t\t\t\n\n<div class=\"row\"  id=\"row-1680721481\">\n\n\n\t<div id=\"col-1086199721\" class=\"col small-12 large-12\"  >\n\t\t\t\t<div class=\"col-inner\"  >\n\t\t\t\n\t\t\t\n\n\t<div id=\"text-1165411757\" class=\"text\">\n\t\t\n\n<h2>Slagprov med boll: Faktorer som p\u00e5verkar resultaten<\/h2>\n\t\t\n<style>\n#text-1165411757 {\n  font-size: 1.3rem;\n  text-align: center;\n}\n<\/style>\n\t<\/div>\n\t\n\n\t\t<\/div>\n\t\t\t\t\t<\/div>\n\n\t\n\n\t<div id=\"col-2064197974\" class=\"col small-12 large-12\"  >\n\t\t\t\t<div class=\"col-inner\"  >\n\t\t\t\n\t\t\t\n\n<p>Kulslagstestet m\u00e4ter hur v\u00e4l material st\u00e5r emot kraftfull kontakt med ett fallande f\u00f6rem\u00e5l. Flera faktorer p\u00e5verkar testresultaten:<\/p>\n<h4>1. Fallh\u00f6jd<\/h4>\n<p>H\u00f6gre fallh\u00f6jder genererar st\u00f6rre anslagsenergi, vilket simulerar mer extrema scenarier i verkligheten.<\/p>\n<h4>2. Kulstorlek och massa<\/h4>\n<p>St\u00f6rre och tyngre kulor ut\u00f6var st\u00f6rre kraft vid st\u00f6tar, vilket p\u00e5verkar hur mycket ett material deformeras eller g\u00e5r s\u00f6nder.<\/p>\n<h4>3. Materialegenskaper<\/h4>\n<p>Seghet, tjocklek och elasticitet bidrar alla till hur ett material absorberar och sprider st\u00f6tenergi.<\/p>\n\n\t\t<\/div>\n\t\t\t\t\t<\/div>\n\n\t\n\n<\/div>\n\n\t\t<\/div>\n\t\t\t\t\t<\/div>\n\n\t\n\n<\/div>\n\n\t\t<\/div>\n\n\t\t\n<style>\n#section_926241012 {\n  padding-top: 30px;\n  padding-bottom: 30px;\n}\n<\/style>\n\t<\/section>\n\t\n\t<section class=\"section\" id=\"section_807270771\">\n\t\t<div class=\"bg section-bg fill bg-fill  bg-loaded\" >\n\n\t\t\t\n\t\t\t\n\t\t\t\n\n\t\t<\/div>\n\n\t\t\n\n\t\t<div class=\"section-content relative\">\n\t\t\t\n\n<div class=\"row\"  id=\"row-738793064\">\n\n\n\t<div id=\"col-1076124217\" class=\"col small-12 large-12\"  >\n\t\t\t\t<div class=\"col-inner\"  >\n\t\t\t\n\t\t\t\n\n<div class=\"row align-equal align-center\"  id=\"row-1761364484\">\n\n\n\t<div id=\"col-750036580\" class=\"col small-12 large-12\"  >\n\t\t\t\t<div class=\"col-inner\"  >\n\t\t\t\n\t\t\t\n\n\t<div id=\"text-3380852463\" class=\"text\">\n\t\t\n\n<h2>Varf\u00f6r v\u00e4lja Impacttesting.net's<br \/>FBT-01 Provare f\u00f6r kulfall<\/h2>\n\t\t\n<style>\n#text-3380852463 {\n  font-size: 1.4rem;\n  text-align: center;\n}\n<\/style>\n\t<\/div>\n\t\n\n\t\t<\/div>\n\t\t\t\t\t<\/div>\n\n\t\n\n\t<div id=\"col-1390848472\" class=\"col medium-6 small-12 large-6\"  >\n\t\t\t\t<div class=\"col-inner text-center\"  >\n\t\t\t\n\t\t\t\n\n\t<div id=\"text-918553474\" class=\"text\">\n\t\t\n\n<p>Den <strong>testare av bolldropp<\/strong> \u00e4r ett viktigt verktyg f\u00f6r tillverkare och kvalitetskontrollanter. Det hj\u00e4lper till att s\u00e4kerst\u00e4lla att material uppfyller kraven p\u00e5 slagt\u00e5lighet, vilket ger f\u00f6rtroende f\u00f6r produktens h\u00e5llbarhet och anv\u00e4ndarnas s\u00e4kerhet. Oavsett om det g\u00e4ller att testa skyddsglas\u00f6gon enligt <a href=\"https:\/\/www.impacttesting.net\/sv\/ansi-z87-1\/\"><strong>ANSI Z87.1 standarder<\/strong><\/a> eller genomf\u00f6ra allm\u00e4nna <strong>kulslagsprov<\/strong>spelar denna metod en viktig roll vid bed\u00f6mning av materialprestanda.<\/p>\n\t\t\n<style>\n#text-918553474 {\n  font-size: 1.1rem;\n  line-height: 2;\n}\n<\/style>\n\t<\/div>\n\t\n<a href=\"https:\/\/www.impacttesting.net\/sv\/contact-us\/\" class=\"button primary is-outline\"  style=\"border-radius:99px;\">\n    <span>Kontakta oss<\/span>\n  <i class=\"icon-chat\" aria-hidden=\"true\" ><\/i><\/a>\n\n\n\n\t\t<\/div>\n\t\t\t\t\t<\/div>\n\n\t\n\n\t<div id=\"col-1830694057\" class=\"col medium-4 small-12 large-4\"  >\n\t\t\t\t<div class=\"col-inner text-center\"  >\n\t\t\t\n\t\t\t\n\n\n<div class=\"wpcf7 no-js\" id=\"wpcf7-f10-o1\" lang=\"en-US\" dir=\"ltr\" data-wpcf7-id=\"10\">\n<div class=\"screen-reader-response\"><p role=\"status\" aria-live=\"polite\" aria-atomic=\"true\"><\/p> <ul><\/ul><\/div>\n<form action=\"\/sv\/wp-json\/wp\/v2\/pages\/74#wpcf7-f10-o1\" method=\"post\" class=\"wpcf7-form init\" aria-label=\"Kontaktformul\u00e4r\" novalidate=\"novalidate\" data-status=\"init\" data-trp-original-action=\"\/sv\/wp-json\/wp\/v2\/pages\/74#wpcf7-f10-o1\">\n<fieldset class=\"hidden-fields-container\"><input type=\"hidden\" name=\"_wpcf7\" value=\"10\" \/><input type=\"hidden\" name=\"_wpcf7_version\" value=\"6.1.4\" \/><input type=\"hidden\" name=\"_wpcf7_locale\" value=\"en_US\" \/><input type=\"hidden\" name=\"_wpcf7_unit_tag\" value=\"wpcf7-f10-o1\" \/><input type=\"hidden\" name=\"_wpcf7_container_post\" value=\"0\" \/><input type=\"hidden\" name=\"_wpcf7_posted_data_hash\" value=\"\" \/><input type=\"hidden\" name=\"_wpcf7_recaptcha_response\" value=\"\" \/>\n<\/fieldset>\n<p><span class=\"wpcf7-form-control-wrap\" data-name=\"Name\"><input size=\"40\" maxlength=\"400\" class=\"wpcf7-form-control wpcf7-text\" aria-invalid=\"false\" placeholder=\"Ditt namn\" value=\"\" type=\"text\" name=\"Name\" \/><\/span><br \/>\n<span class=\"wpcf7-form-control-wrap\" data-name=\"Comapany\"><input size=\"40\" maxlength=\"400\" class=\"wpcf7-form-control wpcf7-text\" aria-invalid=\"false\" placeholder=\"Ditt bolag\" value=\"\" type=\"text\" name=\"Comapany\" \/><\/span><br \/>\n<span class=\"wpcf7-form-control-wrap\" data-name=\"Email\"><input size=\"40\" maxlength=\"400\" class=\"wpcf7-form-control wpcf7-email wpcf7-validates-as-required wpcf7-text wpcf7-validates-as-email\" aria-required=\"true\" aria-invalid=\"false\" placeholder=\"Din e-post*\" value=\"\" type=\"email\" name=\"Email\" \/><\/span><br \/>\n<span class=\"wpcf7-form-control-wrap\" data-name=\"Message\"><textarea cols=\"40\" rows=\"10\" maxlength=\"2000\" class=\"wpcf7-form-control wpcf7-textarea\" aria-invalid=\"false\" placeholder=\"Meddelande\" name=\"Message\"><\/textarea><\/span>\n<\/p>\n<p><input class=\"wpcf7-form-control wpcf7-submit has-spinner\" type=\"submit\" value=\"Skicka in\" \/>\n<\/p><div class=\"wpcf7-response-output\" aria-hidden=\"true\"><\/div>\n<input type=\"hidden\" name=\"trp-form-language\" value=\"sv\"\/><\/form>\n<\/div>\n\n\n\n\t\t<\/div>\n\t\t\t\t\t<\/div>\n\n\t\n\n<\/div>\n\n\t\t<\/div>\n\t\t\t\t\t<\/div>\n\n\t\n\n<\/div>\n\n\t\t<\/div>\n\n\t\t\n<style>\n#section_807270771 {\n  padding-top: 30px;\n  padding-bottom: 30px;\n  background-color: rgb(232, 234, 241);\n}\n<\/style>\n\t<\/section>","protected":false},"excerpt":{"rendered":"","protected":false},"author":1,"featured_media":0,"parent":0,"menu_order":0,"comment_status":"closed","ping_status":"closed","template":"page-blank.php","meta":{"footnotes":""},"class_list":["post-74","page","type-page","status-publish","hentry"],"_links":{"self":[{"href":"https:\/\/www.impacttesting.net\/sv\/wp-json\/wp\/v2\/pages\/74","targetHints":{"allow":["GET"]}}],"collection":[{"href":"https:\/\/www.impacttesting.net\/sv\/wp-json\/wp\/v2\/pages"}],"about":[{"href":"https:\/\/www.impacttesting.net\/sv\/wp-json\/wp\/v2\/types\/page"}],"author":[{"embeddable":true,"href":"https:\/\/www.impacttesting.net\/sv\/wp-json\/wp\/v2\/users\/1"}],"replies":[{"embeddable":true,"href":"https:\/\/www.impacttesting.net\/sv\/wp-json\/wp\/v2\/comments?post=74"}],"version-history":[{"count":2,"href":"https:\/\/www.impacttesting.net\/sv\/wp-json\/wp\/v2\/pages\/74\/revisions"}],"predecessor-version":[{"id":78,"href":"https:\/\/www.impacttesting.net\/sv\/wp-json\/wp\/v2\/pages\/74\/revisions\/78"}],"wp:attachment":[{"href":"https:\/\/www.impacttesting.net\/sv\/wp-json\/wp\/v2\/media?parent=74"}],"curies":[{"name":"wp","href":"https:\/\/api.w.org\/{rel}","templated":true}]}}