{"id":66,"date":"2025-12-24T05:51:29","date_gmt":"2025-12-24T05:51:29","guid":{"rendered":"https:\/\/www.impacttesting.net\/?page_id=66"},"modified":"2025-12-24T05:51:29","modified_gmt":"2025-12-24T05:51:29","slug":"astm-d1709","status":"publish","type":"page","link":"https:\/\/www.impacttesting.net\/sv\/astm-d1709\/","title":{"rendered":"ASTM D1709"},"content":{"rendered":"<section class=\"section\" id=\"section_1379920366\">\n\t\t<div class=\"bg section-bg fill bg-fill  bg-loaded\" >\n\n\t\t\t\n\t\t\t\n\t\t\t\n\n\t\t<\/div>\n\n\t\t\n\n\t\t<div class=\"section-content relative\">\n\t\t\t\n\n<div class=\"row\"  id=\"row-369938544\">\n\n\n\t<div id=\"col-1375489037\" class=\"col small-12 large-12\"  >\n\t\t\t\t<div class=\"col-inner\" style=\"background-color:rgb(92, 171, 188);\" >\n\t\t\t\n\t\t\t\n\n<div class=\"row\"  id=\"row-898685570\">\n\n\n\t<div id=\"col-450637445\" class=\"col small-12 large-12\"  >\n\t\t\t\t<div class=\"col-inner\"  >\n\t\t\t\n\t\t\t\n\n\t<div id=\"text-3054991667\" class=\"text\">\n\t\t\n\n<h1>ASTM D1709<\/h1>\n\t\t\n<style>\n#text-3054991667 {\n  font-size: 1.5rem;\n  text-align: center;\n}\n<\/style>\n\t<\/div>\n\t\n\t<div id=\"text-2420749120\" class=\"text\">\n\t\t\n\n<h2>Dart Drop Test Method f\u00f6r plastfilm<\/h2>\n\t\t\n<style>\n#text-2420749120 {\n  text-align: center;\n}\n<\/style>\n\t<\/div>\n\t\n\n\t\t<\/div>\n\t\t\t\t\n<style>\n#col-450637445 > .col-inner {\n  padding: 50px 10px 10px 10px;\n}\n<\/style>\n\t<\/div>\n\n\t\n\n<\/div>\n<div class=\"row align-middle align-center\"  id=\"row-394472028\">\n\n\n\t<div id=\"col-18814523\" class=\"col medium-11 small-12 large-11\"  >\n\t\t\t\t<div class=\"col-inner\"  >\n\t\t\t\n\t\t\t\n\n<div class=\"row align-center\"  id=\"row-426504400\">\n\n\n\t<div id=\"col-878781613\" class=\"col medium-7 small-12 large-7\"  >\n\t\t\t\t<div class=\"col-inner\"  >\n\t\t\t\n\t\t\t\n\n<div class=\"row\"  id=\"row-280802851\">\n\n\n\t<div id=\"col-1538742994\" class=\"col small-12 large-12\"  >\n\t\t\t\t<div class=\"col-inner text-center\"  >\n\t\t\t\n\t\t\t\n\n\t<div id=\"text-3672166700\" class=\"text\">\n\t\t\n\n<p>Den <strong>ASTM D1709 dropptest med pil<\/strong> \u00e4r en viktig metod f\u00f6r att bed\u00f6ma slagt\u00e5ligheten hos plastfilmer och liknande material. Genom att f\u00f6lja standardprocedurerna, v\u00e4lja r\u00e4tt testmetod och anv\u00e4nda tillf\u00f6rlitlig utrustning som <strong>FDT-01 fr\u00e5n Impacttesting.net<\/strong>kan du s\u00e4kerst\u00e4lla en j\u00e4mn kvalitet och efterlevnad av branschstandarder.<\/p>\n\t\t\n<style>\n#text-3672166700 {\n  color: rgb(0, 0, 0);\n}\n#text-3672166700 > * {\n  color: rgb(0, 0, 0);\n}\n<\/style>\n\t<\/div>\n\t\n\n\t\t<\/div>\n\t\t\t\t\t<\/div>\n\n\t\n\n\t<div id=\"col-1470403482\" class=\"col small-12 large-12\"  >\n\t\t\t\t<div class=\"col-inner text-center\"  >\n\t\t\t\n\t\t\t\n\n<a href=\"https:\/\/www.impacttesting.net\/sv\/contact-us\/\" class=\"button primary is-outline\"  style=\"border-radius:99px;\">\n    <span>Kontakta oss<\/span>\n  <i class=\"icon-chat\" aria-hidden=\"true\" ><\/i><\/a>\n\n\n\n\t\t<\/div>\n\t\t\t\t\t<\/div>\n\n\t\n\n<\/div>\n\n\t\t<\/div>\n\t\t\t\t\t<\/div>\n\n\t\n\n\t<div id=\"col-996244726\" class=\"col medium-4 small-12 large-4\"  >\n\t\t\t\t<div class=\"col-inner\"  >\n\t\t\t\n\t\t\t\n\n<div class=\"row\"  id=\"row-1168531957\">\n\n\n\t<div id=\"col-1549715687\" class=\"col small-12 large-12\"  >\n\t\t\t\t<div class=\"col-inner\"  >\n\t\t\t\n\t\t\t\n\n\t<div class=\"img has-hover x md-x lg-x y md-y lg-y\" id=\"image_904353503\">\n\t\t\t\t\t\t\t\t<div class=\"img-inner dark\" >\n\t\t\t<img decoding=\"async\" width=\"600\" height=\"440\" src=\"https:\/\/www.impacttesting.net\/wp-content\/uploads\/2025\/12\/ASTM-D1709-Dart-Drop-Test-Method-for-Plastic-Film.webp\" class=\"attachment-large size-large\" alt=\"ASTM D1709 Dart Drop Test Method f\u00f6r plastfilm\" srcset=\"https:\/\/www.impacttesting.net\/wp-content\/uploads\/2025\/12\/ASTM-D1709-Dart-Drop-Test-Method-for-Plastic-Film.webp 600w, https:\/\/www.impacttesting.net\/wp-content\/uploads\/2025\/12\/ASTM-D1709-Dart-Drop-Test-Method-for-Plastic-Film-545x400.webp 545w\" sizes=\"(max-width: 600px) 100vw, 600px\" \/>\t\t\t\t\t\t\n\t\t\t\t\t<\/div>\n\t\t\t\t\t\t\t\t\n<style>\n#image_904353503 {\n  width: 100%;\n}\n<\/style>\n\t<\/div>\n\t\n\n\n\t\t<\/div>\n\t\t\t\t\t<\/div>\n\n\t\n\n<\/div>\n\n\t\t<\/div>\n\t\t\t\t\t<\/div>\n\n\t\n\n<\/div>\n\n\t\t<\/div>\n\t\t\t\t\t<\/div>\n\n\t\n\n<\/div>\n\n\t\t<\/div>\n\t\t\t\t\t<\/div>\n\n\t\n\n\n<style>\n#row-369938544 > .col > .col-inner {\n  border-radius: 25px;\n}\n<\/style>\n<\/div>\n\n\t\t<\/div>\n\n\t\t\n<style>\n#section_1379920366 {\n  padding-top: 30px;\n  padding-bottom: 30px;\n}\n<\/style>\n\t<\/section>\n\t\n\t<section class=\"section\" id=\"section_182085135\">\n\t\t<div class=\"bg section-bg fill bg-fill  bg-loaded\" >\n\n\t\t\t\n\t\t\t\n\t\t\t\n\n\t\t<\/div>\n\n\t\t\n\n\t\t<div class=\"section-content relative\">\n\t\t\t\n\n<div class=\"row\"  id=\"row-425431167\">\n\n\n\t<div id=\"col-2058598262\" class=\"col small-12 large-12\"  >\n\t\t\t\t<div class=\"col-inner\"  >\n\t\t\t\n\t\t\t\n\n<div class=\"row\"  id=\"row-659346219\">\n\n\n\t<div id=\"col-296558610\" class=\"col small-12 large-12\"  >\n\t\t\t\t<div class=\"col-inner\"  >\n\t\t\t\n\t\t\t\n\n\t<div id=\"text-2733672894\" class=\"text\">\n\t\t\n\n<h2>ASTM D1709 och dess betydelse<\/h2>\n\t\t\n<style>\n#text-2733672894 {\n  font-size: 1.3rem;\n  text-align: center;\n}\n<\/style>\n\t<\/div>\n\t\n\n\t\t<\/div>\n\t\t\t\t\t<\/div>\n\n\t\n\n\t<div id=\"col-1578430822\" class=\"col small-12 large-12\"  >\n\t\t\t\t<div class=\"col-inner\"  >\n\t\t\t\n\t\t\t\n\n<p>N\u00e4r det g\u00e4ller kvalitetss\u00e4kring av flexibla f\u00f6rpackningsmaterial, s\u00e4rskilt plastfilmer, spelar ASTM D1709 en viktig roll. Denna internationella standard specificerar <strong>Testmetod med pildropp<\/strong>, som utv\u00e4rderar slagt\u00e5ligheten hos plastfilmer genom att best\u00e4mma den energi som kr\u00e4vs f\u00f6r att orsaka brott n\u00e4r en viktad pil sl\u00e4pps fr\u00e5n en fast h\u00f6jd. Resultaten \u00e4r viktiga f\u00f6r att s\u00e4kerst\u00e4lla produktens prestanda under transport, hantering och anv\u00e4ndning. F\u00f6r tillverkare, kvalitetskontrollanter och laboratorier som arbetar med polymerfilmer inneb\u00e4r f\u00f6rst\u00e5else och till\u00e4mpning av ASTM D1709 att prestandanormerna uppfylls och att produktionen blir konsekvent.<\/p>\n\n\t\t<\/div>\n\t\t\t\t\t<\/div>\n\n\t\n\n<\/div>\n\n\t\t<\/div>\n\t\t\t\t\t<\/div>\n\n\t\n\n<\/div>\n<div class=\"row\"  id=\"row-1850949737\">\n\n\n\t<div id=\"col-865761901\" class=\"col small-12 large-12\"  >\n\t\t\t\t<div class=\"col-inner\"  >\n\t\t\t\n\t\t\t\n\n<div class=\"row\"  id=\"row-2002744563\">\n\n\n\t<div id=\"col-363790968\" class=\"col small-12 large-12\"  >\n\t\t\t\t<div class=\"col-inner\"  >\n\t\t\t\n\t\t\t\n\n<div class=\"row\"  id=\"row-1287494774\">\n\n\n\t<div id=\"col-18023825\" class=\"col small-12 large-12\"  >\n\t\t\t\t<div class=\"col-inner\"  >\n\t\t\t\n\t\t\t\n\n\t<div id=\"text-2900247183\" class=\"text\">\n\t\t\n\n<h2>F\u00f6rst\u00e5else av testmetoden Dart Drop<\/h2>\n\t\t\n<style>\n#text-2900247183 {\n  font-size: 1.3rem;\n  text-align: center;\n}\n<\/style>\n\t<\/div>\n\t\n\n\t\t<\/div>\n\t\t\t\t\t<\/div>\n\n\t\n\n<\/div>\n<div class=\"row align-middle\"  id=\"row-456020983\">\n\n\n\t<div id=\"col-619940857\" class=\"col medium-7 small-12 large-7\"  >\n\t\t\t\t<div class=\"col-inner\"  >\n\t\t\t\n\t\t\t\n\n<p>Den <strong>Dart dropp test<\/strong> enligt definitionen i ASTM D1709 inneb\u00e4r att en pil med halvklotformigt huvud sl\u00e4pps p\u00e5 ett fastsp\u00e4nt filmprov f\u00f6r att best\u00e4mma den vikt som orsakar 50%-brott i de provade exemplaren. Testet ger en kvantitativ m\u00e4tning av slagt\u00e5ligheten.<\/p>\n<p>Det finns tv\u00e5 prim\u00e4ra testmetoder:<\/p>\n<ul>\n<li><strong>Metod A<\/strong>: Anv\u00e4nder en pil med en diameter p\u00e5 38,10 mm som sl\u00e4pps fr\u00e5n 0,66 m.<\/li>\n<li><strong>Metod B<\/strong>: Anv\u00e4nder en pil med diametern 50,80 mm som sl\u00e4pps fr\u00e5n 1,52 m.<\/li>\n<\/ul>\n<p>Varje metod \u00e4r l\u00e4mplig f\u00f6r olika filmtyper och prestandatr\u00f6sklar. Metod A \u00e4r vanligare f\u00f6r l\u00e4ttare eller tunnare filmer, medan metod B anv\u00e4nds n\u00e4r man f\u00f6rv\u00e4ntar sig en h\u00f6gre energip\u00e5verkan.<\/p>\n\n\t\t<\/div>\n\t\t\t\t\t<\/div>\n\n\t\n\n\t<div id=\"col-1147916173\" class=\"col medium-5 small-12 large-5\"  >\n\t\t\t\t<div class=\"col-inner\"  >\n\t\t\t\n\t\t\t\n\n\t<div class=\"img has-hover x md-x lg-x y md-y lg-y\" id=\"image_470462242\">\n\t\t\t\t\t\t\t\t<div class=\"img-inner dark\" >\n\t\t\t<img decoding=\"async\" width=\"600\" height=\"440\" src=\"https:\/\/www.impacttesting.net\/wp-content\/uploads\/2025\/12\/ASTM-D1709-Dart-Drop-Test-Method-for-Plastic-Film.webp\" class=\"attachment-large size-large\" alt=\"ASTM D1709 Dart Drop Test Method f\u00f6r plastfilm\" srcset=\"https:\/\/www.impacttesting.net\/wp-content\/uploads\/2025\/12\/ASTM-D1709-Dart-Drop-Test-Method-for-Plastic-Film.webp 600w, https:\/\/www.impacttesting.net\/wp-content\/uploads\/2025\/12\/ASTM-D1709-Dart-Drop-Test-Method-for-Plastic-Film-545x400.webp 545w\" sizes=\"(max-width: 600px) 100vw, 600px\" \/>\t\t\t\t\t\t\n\t\t\t\t\t<\/div>\n\t\t\t\t\t\t\t\t\n<style>\n#image_470462242 {\n  width: 100%;\n}\n<\/style>\n\t<\/div>\n\t\n\n\n\t\t<\/div>\n\t\t\t\t\t<\/div>\n\n\t\n\n<\/div>\n\n\t\t<\/div>\n\t\t\t\t\t<\/div>\n\n\t\n\n<\/div>\n\n\t\t<\/div>\n\t\t\t\t\t<\/div>\n\n\t\n\n<\/div>\n<div class=\"row\"  id=\"row-1262620352\">\n\n\n\t<div id=\"col-915243378\" class=\"col small-12 large-12\"  >\n\t\t\t\t<div class=\"col-inner\"  >\n\t\t\t\n\t\t\t\n\n<div class=\"row\"  id=\"row-1612287432\">\n\n\n\t<div id=\"col-958153750\" class=\"col small-12 large-12\"  >\n\t\t\t\t<div class=\"col-inner\"  >\n\t\t\t\n\t\t\t\n\n\t<div id=\"text-3998382705\" class=\"text\">\n\t\t\n\n<h2>Viktiga steg i proceduren f\u00f6r Dart Impact Test<\/h2>\n\t\t\n<style>\n#text-3998382705 {\n  font-size: 1.3rem;\n  text-align: center;\n}\n<\/style>\n\t<\/div>\n\t\n\n\t\t<\/div>\n\t\t\t\t\t<\/div>\n\n\t\n\n<\/div>\n<div class=\"row\"  id=\"row-256490525\">\n\n\n\t<div id=\"col-592371414\" class=\"col medium-6 small-12 large-6\"  >\n\t\t\t\t<div class=\"col-inner\"  >\n\t\t\t\n\t\t\t\n\n<h3>F\u00f6rberedelse av provkroppar<\/h3>\n<ul>\n<li><strong>Storlek och kvalitet<\/strong>: Se till att provkropparna \u00e4r tillr\u00e4ckligt stora f\u00f6r att str\u00e4cka sig utanf\u00f6r kl\u00e4mman och fria fr\u00e5n synliga defekter som pinholes eller veck.<\/li>\n<li><strong>Provtagning<\/strong>: Ta prover som \u00e4r representativa f\u00f6r hela filmproduktionsbatchen.<\/li>\n<li><strong>Konditionering<\/strong>: Konditionera alla prover i minst 40 timmar vid 23 \u00b1 2\u00b0C och 50 \u00b1 10% relativ luftfuktighet f\u00f6re provning, enligt ASTM D618.<\/li>\n<\/ul>\n\n\t\t<\/div>\n\t\t\t\t\t<\/div>\n\n\t\n\n\t<div id=\"col-1577510775\" class=\"col medium-6 small-12 large-6\"  >\n\t\t\t\t<div class=\"col-inner\"  >\n\t\t\t\n\t\t\t\n\n<h3>Upps\u00e4ttning av apparat<\/h3>\n<ul>\n<li>Anv\u00e4nd en godk\u00e4nd pildroppstestare som <strong>FDT-01 fr\u00e5n Impacttesting.net<\/strong>som st\u00f6der b\u00e5de metod A och B med exakta mekanismer f\u00f6r utl\u00f6sning av pilar.<\/li>\n<li>V\u00e4lj och inspektera pilhuvudet f\u00f6r att s\u00e4kerst\u00e4lla att det \u00e4r fritt fr\u00e5n repor eller defekter.<\/li>\n<li>Justera fallh\u00f6jden exakt utifr\u00e5n den valda testmetoden.<\/li>\n<li>Se till att pilutl\u00f6saren tr\u00e4ffar mitten av den fastsp\u00e4nda provkroppen och att ingen glidning sker.<\/li>\n<\/ul>\n\n\t\t<\/div>\n\t\t\t\t\t<\/div>\n\n\t\n\n<\/div>\n<div class=\"row align-middle\"  id=\"row-1474173059\">\n\n\n\t<div id=\"col-748654053\" class=\"col medium-8 small-12 large-8\"  >\n\t\t\t\t<div class=\"col-inner\"  >\n\t\t\t\n\t\t\t\n\n<h3>Tekniker f\u00f6r testning av pildropp<\/h3>\n<p>Det finns tv\u00e5 huvudsakliga testmetoder enligt ASTM D1709:<\/p>\n<h4>Metod f\u00f6r trappor<\/h4>\n<ul>\n<li>Anv\u00e4nd enhetliga vikttill\u00e4gg (\u0394W).<\/li>\n<li>\u00d6ka eller minska pilens vikt efter varje prov beroende p\u00e5 felresultatet.<\/li>\n<li>Testet forts\u00e4tter tills 10 misslyckanden (X) och 10 icke misslyckanden (0) har erh\u00e5llits.<\/li>\n<li>Ber\u00e4kna brottvikten (WF) med hj\u00e4lp av trappstegsmetodens formel:<br \/><strong>WF = W0 + \u0394W(N\/A - 0,5)<\/strong><br \/>Var?<br \/><strong>W<sub>0<\/sub> <\/strong> \u00e4r den initiala vikten<br \/><strong>\u0394W<\/strong> \u00e4r \u00f6kningen<br \/><strong>N<\/strong> \u00e4r totala misslyckanden (10)<br \/><strong>A<\/strong> \u00e4r summan av indexv\u00e4rdena f\u00f6r de provkroppar som g\u00e5tt s\u00f6nder<\/li>\n<\/ul>\n<h4>Alternativ metod<\/h4>\n<ul>\n<li>Anv\u00e4nd en fast pilvikt f\u00f6r en grupp provkroppar (vanligtvis 10).<\/li>\n<li>Variera pilens vikt mellan grupperna.<\/li>\n<li>Best\u00e4m felgr\u00e4nsen med hj\u00e4lp av plottade data eller glidande medelv\u00e4rden.<\/li>\n<\/ul>\n<p>Detta tillv\u00e4gag\u00e5ngss\u00e4tt anv\u00e4nds ofta i<strong> rutinm\u00e4ssig kvalitetskontroll<\/strong> f\u00f6r snabba kontroller.<\/p>\n\n\t\t<\/div>\n\t\t\t\t\t<\/div>\n\n\t\n\n\t<div id=\"col-2090313659\" class=\"col medium-4 small-12 large-4\"  >\n\t\t\t\t<div class=\"col-inner\"  >\n\t\t\t\n\t\t\t\n\n<div class=\"video video-fit mb\" style=\"padding-top:200%;\"><iframe title=\"Slagprovning med fallande boll f\u00f6r plastfilmer och -ark\" width=\"563\" height=\"1000\" src=\"https:\/\/www.youtube.com\/embed\/AvdivZPwIxc?feature=oembed\" frameborder=\"0\" allow=\"accelerometer; autoplay; clipboard-write; encrypted-media; gyroscope; picture-in-picture; web-share\" referrerpolicy=\"strict-origin-when-cross-origin\" allowfullscreen><\/iframe><\/div>\n\n\n\t\t<\/div>\n\t\t\t\t\t<\/div>\n\n\t\n\n<\/div>\n\n\t\t<\/div>\n\t\t\t\t\t<\/div>\n\n\t\n\n<\/div>\n<div class=\"row\"  id=\"row-1913036602\">\n\n\n\t<div id=\"col-369872490\" class=\"col small-12 large-12\"  >\n\t\t\t\t<div class=\"col-inner\"  >\n\t\t\t\n\t\t\t\n\n<div class=\"row\"  id=\"row-480441457\">\n\n\n\t<div id=\"col-564694968\" class=\"col small-12 large-12\"  >\n\t\t\t\t<div class=\"col-inner\"  >\n\t\t\t\n\t\t\t\n\n\t<div id=\"text-1742417248\" class=\"text\">\n\t\t\n\n<h2>Vanliga problem och l\u00f6sningar<\/h2>\n\t\t\n<style>\n#text-1742417248 {\n  font-size: 1.3rem;\n  text-align: center;\n}\n<\/style>\n\t<\/div>\n\t\n\n\t\t<\/div>\n\t\t\t\t\t<\/div>\n\n\t\n\n\t<div id=\"col-174469758\" class=\"col small-12 large-12\"  >\n\t\t\t\t<div class=\"col-inner\"  >\n\t\t\t\n\t\t\t\n\n\t<div id=\"text-3807273967\" class=\"text\">\n\t\t\n\n<p><strong>Utglidning av prover<\/strong>: Anv\u00e4nd l\u00e4mpliga kl\u00e4mmor och ytbehandlingar (t.ex. krokusduk) f\u00f6r att f\u00f6rhindra r\u00f6relse vid st\u00f6tar.<\/p>\n<p><strong>Inkonsekventa resultat<\/strong>: Verifiera milj\u00f6f\u00f6rh\u00e5llanden, pilarnas inriktning och provf\u00f6reberedelse f\u00f6r att s\u00e4kerst\u00e4lla repeterbarhet.<\/p>\n<p><strong>Dart Rebound<\/strong>: F\u00e5nga alltid pilen efter att den har tr\u00e4ffat f\u00f6r att undvika multipla kontakter och eventuella ytskador.<\/p>\n\t\t\n<style>\n#text-3807273967 {\n  text-align: center;\n}\n<\/style>\n\t<\/div>\n\t\n\n\t\t<\/div>\n\t\t\t\t\t<\/div>\n\n\t\n\n<\/div>\n\n\t\t<\/div>\n\t\t\t\t\t<\/div>\n\n\t\n\n<\/div>\n\n\t\t<\/div>\n\n\t\t\n<style>\n#section_182085135 {\n  padding-top: 30px;\n  padding-bottom: 30px;\n}\n<\/style>\n\t<\/section>\n\t\n\t<section class=\"section\" id=\"section_1141112909\">\n\t\t<div class=\"bg section-bg fill bg-fill  bg-loaded\" >\n\n\t\t\t\n\t\t\t\n\t\t\t\n\n\t\t<\/div>\n\n\t\t\n\n\t\t<div class=\"section-content relative\">\n\t\t\t\n\n<div class=\"row\"  id=\"row-667371402\">\n\n\n\t<div id=\"col-1094589458\" class=\"col small-12 large-12\"  >\n\t\t\t\t<div class=\"col-inner\"  >\n\t\t\t\n\t\t\t\n\n<div class=\"row align-center\"  id=\"row-1430125104\">\n\n\n\t<div id=\"col-703190145\" class=\"col small-12 large-12\"  >\n\t\t\t\t<div class=\"col-inner\"  >\n\t\t\t\n\t\t\t\n\n\t<div id=\"text-3887092182\" class=\"text\">\n\t\t\n\n<h2>Varf\u00f6r v\u00e4lja Impacttesting.net's<br \/>FDT-01 Testare f\u00f6r pildroppar<\/h2>\n\t\t\n<style>\n#text-3887092182 {\n  font-size: 1.4rem;\n  text-align: center;\n}\n<\/style>\n\t<\/div>\n\t\n\n\t\t<\/div>\n\t\t\t\t\t<\/div>\n\n\t\n\n\t<div id=\"col-163031869\" class=\"col small-12 large-12\"  >\n\t\t\t\t<div class=\"col-inner\"  >\n\t\t\t\n\t\t\t\n\n<p>Den <strong>FDT-01 <a href=\"https:\/\/www.impacttesting.net\/sv\/falling-dart-impact-tester\/\">Dart slagprovare<\/a><\/strong> fr\u00e5n <a href=\"https:\/\/www.impacttesting.net\/sv\/\">Impacttesting.net<\/a> \u00e4r speciellt konstruerad f\u00f6r exakt och effektiv testning per <a href=\"https:\/\/www.impacttesting.net\/sv\/astm-d1709\/\"><strong>ASTM D1709<\/strong><\/a>. Detta instrument:<\/p>\n\n\t\t<\/div>\n\t\t\t\t\t<\/div>\n\n\t\n\n\t<div id=\"col-156534650\" class=\"col medium-7 small-12 large-7\"  >\n\t\t\t\t<div class=\"col-inner text-center\"  >\n\t\t\t\n\t\t\t\n\n\t<div id=\"text-2733984501\" class=\"text\">\n\t\t\n\n<p>St\u00f6der b\u00e5de metod A- och B-testning<br \/>Har exakt justering av dropph\u00f6jden och pilutl\u00f6sning<br \/>Digital styrning och datainsamling f\u00f6r tillf\u00f6rlitlig resultatuppf\u00f6ljning<br \/>F\u00f6rb\u00e4ttrar produktiviteten med intuitivt gr\u00e4nssnitt och robust konstruktion<\/p>\n\t\t\n<style>\n#text-2733984501 {\n  font-size: 1.1rem;\n  line-height: 1.3;\n}\n<\/style>\n\t<\/div>\n\t\n\t<div id=\"text-3142911782\" class=\"text\">\n\t\t\n\n<p>V\u00e5r expertis inom <strong>testning av f\u00f6rpackningsmaterial<\/strong>kombinerat med anpassningsbara funktioner och automationsst\u00f6d g\u00f6r FDT-01 till en perfekt l\u00f6sning f\u00f6r laboratorier, produktionslinjer och kontrollorgan.<\/p>\n\t\t\n<style>\n#text-3142911782 {\n  font-size: 1.1rem;\n}\n<\/style>\n\t<\/div>\n\t\n<a href=\"https:\/\/www.impacttesting.net\/sv\/contact-us\/\" class=\"button primary is-outline\"  style=\"border-radius:99px;\">\n    <span>Kontakta oss<\/span>\n  <i class=\"icon-chat\" aria-hidden=\"true\" ><\/i><\/a>\n\n\n\n\t\t<\/div>\n\t\t\t\t\t<\/div>\n\n\t\n\n\t<div id=\"col-2021382660\" class=\"col medium-4 small-12 large-4\"  >\n\t\t\t\t<div class=\"col-inner text-center\"  >\n\t\t\t\n\t\t\t\n\n\n<div class=\"wpcf7 no-js\" id=\"wpcf7-f10-o1\" lang=\"en-US\" dir=\"ltr\" data-wpcf7-id=\"10\">\n<div class=\"screen-reader-response\"><p role=\"status\" aria-live=\"polite\" aria-atomic=\"true\"><\/p> <ul><\/ul><\/div>\n<form action=\"\/sv\/wp-json\/wp\/v2\/pages\/66#wpcf7-f10-o1\" method=\"post\" class=\"wpcf7-form init\" aria-label=\"Kontaktformul\u00e4r\" novalidate=\"novalidate\" data-status=\"init\" data-trp-original-action=\"\/sv\/wp-json\/wp\/v2\/pages\/66#wpcf7-f10-o1\">\n<fieldset class=\"hidden-fields-container\"><input type=\"hidden\" name=\"_wpcf7\" value=\"10\" \/><input type=\"hidden\" name=\"_wpcf7_version\" value=\"6.1.4\" \/><input type=\"hidden\" name=\"_wpcf7_locale\" value=\"en_US\" \/><input type=\"hidden\" name=\"_wpcf7_unit_tag\" value=\"wpcf7-f10-o1\" \/><input type=\"hidden\" name=\"_wpcf7_container_post\" value=\"0\" \/><input type=\"hidden\" name=\"_wpcf7_posted_data_hash\" value=\"\" \/><input type=\"hidden\" name=\"_wpcf7_recaptcha_response\" value=\"\" \/>\n<\/fieldset>\n<p><span class=\"wpcf7-form-control-wrap\" data-name=\"Name\"><input size=\"40\" maxlength=\"400\" class=\"wpcf7-form-control wpcf7-text\" aria-invalid=\"false\" placeholder=\"Ditt namn\" value=\"\" type=\"text\" name=\"Name\" \/><\/span><br \/>\n<span class=\"wpcf7-form-control-wrap\" data-name=\"Comapany\"><input size=\"40\" maxlength=\"400\" class=\"wpcf7-form-control wpcf7-text\" aria-invalid=\"false\" placeholder=\"Ditt bolag\" value=\"\" type=\"text\" name=\"Comapany\" \/><\/span><br \/>\n<span class=\"wpcf7-form-control-wrap\" data-name=\"Email\"><input size=\"40\" maxlength=\"400\" class=\"wpcf7-form-control wpcf7-email wpcf7-validates-as-required wpcf7-text wpcf7-validates-as-email\" aria-required=\"true\" aria-invalid=\"false\" placeholder=\"Din e-post*\" value=\"\" type=\"email\" name=\"Email\" \/><\/span><br \/>\n<span class=\"wpcf7-form-control-wrap\" data-name=\"Message\"><textarea cols=\"40\" rows=\"10\" maxlength=\"2000\" class=\"wpcf7-form-control wpcf7-textarea\" aria-invalid=\"false\" placeholder=\"Meddelande\" name=\"Message\"><\/textarea><\/span>\n<\/p>\n<p><input class=\"wpcf7-form-control wpcf7-submit has-spinner\" type=\"submit\" value=\"Skicka in\" \/>\n<\/p><div class=\"wpcf7-response-output\" aria-hidden=\"true\"><\/div>\n<input type=\"hidden\" name=\"trp-form-language\" value=\"sv\"\/><\/form>\n<\/div>\n\n\n\n\t\t<\/div>\n\t\t\t\t\t<\/div>\n\n\t\n\n<\/div>\n\n\t\t<\/div>\n\t\t\t\t\t<\/div>\n\n\t\n\n<\/div>\n\n\t\t<\/div>\n\n\t\t\n<style>\n#section_1141112909 {\n  padding-top: 30px;\n  padding-bottom: 30px;\n  background-color: rgb(232, 234, 241);\n}\n<\/style>\n\t<\/section>","protected":false},"excerpt":{"rendered":"","protected":false},"author":1,"featured_media":0,"parent":0,"menu_order":0,"comment_status":"closed","ping_status":"closed","template":"page-blank.php","meta":{"footnotes":""},"class_list":["post-66","page","type-page","status-publish","hentry"],"_links":{"self":[{"href":"https:\/\/www.impacttesting.net\/sv\/wp-json\/wp\/v2\/pages\/66","targetHints":{"allow":["GET"]}}],"collection":[{"href":"https:\/\/www.impacttesting.net\/sv\/wp-json\/wp\/v2\/pages"}],"about":[{"href":"https:\/\/www.impacttesting.net\/sv\/wp-json\/wp\/v2\/types\/page"}],"author":[{"embeddable":true,"href":"https:\/\/www.impacttesting.net\/sv\/wp-json\/wp\/v2\/users\/1"}],"replies":[{"embeddable":true,"href":"https:\/\/www.impacttesting.net\/sv\/wp-json\/wp\/v2\/comments?post=66"}],"version-history":[{"count":1,"href":"https:\/\/www.impacttesting.net\/sv\/wp-json\/wp\/v2\/pages\/66\/revisions"}],"predecessor-version":[{"id":73,"href":"https:\/\/www.impacttesting.net\/sv\/wp-json\/wp\/v2\/pages\/66\/revisions\/73"}],"wp:attachment":[{"href":"https:\/\/www.impacttesting.net\/sv\/wp-json\/wp\/v2\/media?parent=66"}],"curies":[{"name":"wp","href":"https:\/\/api.w.org\/{rel}","templated":true}]}}