{"id":59,"date":"2025-12-24T05:33:37","date_gmt":"2025-12-24T05:33:37","guid":{"rendered":"https:\/\/www.impacttesting.net\/?page_id=59"},"modified":"2025-12-24T06:11:16","modified_gmt":"2025-12-24T06:11:16","slug":"astm-d3420","status":"publish","type":"page","link":"https:\/\/www.impacttesting.net\/sv\/astm-d3420\/","title":{"rendered":"ASTM D3420"},"content":{"rendered":"<section class=\"section\" id=\"section_2019460395\">\n\t\t<div class=\"bg section-bg fill bg-fill  bg-loaded\" >\n\n\t\t\t\n\t\t\t\n\t\t\t\n\n\t\t<\/div>\n\n\t\t\n\n\t\t<div class=\"section-content relative\">\n\t\t\t\n\n<div class=\"row\"  id=\"row-387655234\">\n\n\n\t<div id=\"col-1428511216\" class=\"col small-12 large-12\"  >\n\t\t\t\t<div class=\"col-inner\" style=\"background-color:rgb(92, 171, 188);\" >\n\t\t\t\n\t\t\t\n\n<div class=\"row\"  id=\"row-1034588428\">\n\n\n\t<div id=\"col-1985325138\" class=\"col small-12 large-12\"  >\n\t\t\t\t<div class=\"col-inner\"  >\n\t\t\t\n\t\t\t\n\n\t<div id=\"text-111851771\" class=\"text\">\n\t\t\n\n<h1>ASTM D1709<\/h1>\n\t\t\n<style>\n#text-111851771 {\n  font-size: 1.5rem;\n  text-align: center;\n}\n<\/style>\n\t<\/div>\n\t\n\t<div id=\"text-4208820065\" class=\"text\">\n\t\t\n\n<h2>Plastfilmens motst\u00e5ndskraft mot pendelslag<\/h2>\n\t\t\n<style>\n#text-4208820065 {\n  text-align: center;\n}\n<\/style>\n\t<\/div>\n\t\n\n\t\t<\/div>\n\t\t\t\t\n<style>\n#col-1985325138 > .col-inner {\n  padding: 50px 10px 10px 10px;\n}\n<\/style>\n\t<\/div>\n\n\t\n\n<\/div>\n<div class=\"row align-middle align-center\"  id=\"row-1825362654\">\n\n\n\t<div id=\"col-805670888\" class=\"col medium-11 small-12 large-11\"  >\n\t\t\t\t<div class=\"col-inner\"  >\n\t\t\t\n\t\t\t\n\n<div class=\"row align-middle align-center\"  id=\"row-1160071201\">\n\n\n\t<div id=\"col-649738036\" class=\"col medium-7 small-12 large-7\"  >\n\t\t\t\t<div class=\"col-inner\"  >\n\t\t\t\n\t\t\t\n\n<div class=\"row\"  id=\"row-521548700\">\n\n\n\t<div id=\"col-1018862752\" class=\"col small-12 large-12\"  >\n\t\t\t\t<div class=\"col-inner text-center\"  >\n\t\t\t\n\t\t\t\n\n\t<div id=\"text-690172869\" class=\"text\">\n\t\t\n\n<p>Slagt\u00e5lighet spelar en viktig roll n\u00e4r det g\u00e4ller att bed\u00f6ma ett materials h\u00e5llbarhet och prestanda under pl\u00f6tsliga p\u00e5frestningar. <a href=\"https:\/\/www.impacttesting.net\/sv\/astm-d3420\/\"><strong>ASTM D3420<\/strong><\/a>, standardprovningsmetoden f\u00f6r <strong>Plastfilmens motst\u00e5ndskraft mot pendelslag<\/strong>ger ett viktigt riktm\u00e4rke f\u00f6r att best\u00e4mma segheten hos plastfilmer. Denna metod \u00e4r s\u00e4rskilt v\u00e4rdefull f\u00f6r f\u00f6rpackningsingenj\u00f6rer, materialforskare och kvalitetskontrollanter som vill s\u00e4kerst\u00e4lla att filmerna uppfyller applikationsspecifika prestandakrav.<\/p>\n\t\t\n<style>\n#text-690172869 {\n  color: rgb(0, 0, 0);\n}\n#text-690172869 > * {\n  color: rgb(0, 0, 0);\n}\n<\/style>\n\t<\/div>\n\t\n\n\t\t<\/div>\n\t\t\t\t\t<\/div>\n\n\t\n\n\t<div id=\"col-1041159476\" class=\"col small-12 large-12\"  >\n\t\t\t\t<div class=\"col-inner text-center\"  >\n\t\t\t\n\t\t\t\n\n<a href=\"https:\/\/www.impacttesting.net\/sv\/contact-us\/\" class=\"button primary is-outline\"  style=\"border-radius:99px;\">\n    <span>Kontakta oss<\/span>\n  <i class=\"icon-chat\" aria-hidden=\"true\" ><\/i><\/a>\n\n\n\n\t\t<\/div>\n\t\t\t\t\t<\/div>\n\n\t\n\n<\/div>\n\n\t\t<\/div>\n\t\t\t\t\t<\/div>\n\n\t\n\n\t<div id=\"col-1532999681\" class=\"col medium-5 small-12 large-5\"  >\n\t\t\t\t<div class=\"col-inner\"  >\n\t\t\t\n\t\t\t\n\n<div class=\"row\"  id=\"row-2088284779\">\n\n\n\t<div id=\"col-324979067\" class=\"col small-12 large-12\"  >\n\t\t\t\t<div class=\"col-inner\"  >\n\t\t\t\n\t\t\t\n\n\t<div class=\"img has-hover x md-x lg-x y md-y lg-y\" id=\"image_2044655526\">\n\t\t<a class=\"\" href=\"https:\/\/www.impacttesting.net\/sv\/falling-dart-impact-tester\/\" >\t\t\t\t\t\t<div class=\"img-inner dark\" >\n\t\t\t<img decoding=\"async\" width=\"600\" height=\"440\" src=\"https:\/\/www.impacttesting.net\/wp-content\/uploads\/2025\/12\/ASTM-D3420-Pendulum-Impact-Resistance-of-Plastic-Film.webp\" class=\"attachment-large size-large\" alt=\"ASTM D3420 Pendelimpaktmotst\u00e5nd f\u00f6r plastfilm\" srcset=\"https:\/\/www.impacttesting.net\/wp-content\/uploads\/2025\/12\/ASTM-D3420-Pendulum-Impact-Resistance-of-Plastic-Film.webp 600w, https:\/\/www.impacttesting.net\/wp-content\/uploads\/2025\/12\/ASTM-D3420-Pendulum-Impact-Resistance-of-Plastic-Film-545x400.webp 545w\" sizes=\"(max-width: 600px) 100vw, 600px\" \/>\t\t\t\t\t\t\n\t\t\t\t\t<\/div>\n\t\t\t\t\t\t<\/a>\t\t\n<style>\n#image_2044655526 {\n  width: 100%;\n}\n<\/style>\n\t<\/div>\n\t\n\n\n\t\t<\/div>\n\t\t\t\t\t<\/div>\n\n\t\n\n<\/div>\n\n\t\t<\/div>\n\t\t\t\t\t<\/div>\n\n\t\n\n<\/div>\n\n\t\t<\/div>\n\t\t\t\t\t<\/div>\n\n\t\n\n<\/div>\n\n\t\t<\/div>\n\t\t\t\t\t<\/div>\n\n\t\n\n\n<style>\n#row-387655234 > .col > .col-inner {\n  border-radius: 25px;\n}\n<\/style>\n<\/div>\n\n\t\t<\/div>\n\n\t\t\n<style>\n#section_2019460395 {\n  padding-top: 30px;\n  padding-bottom: 30px;\n}\n<\/style>\n\t<\/section>\n\t\n\t<section class=\"section\" id=\"section_666913882\">\n\t\t<div class=\"bg section-bg fill bg-fill  bg-loaded\" >\n\n\t\t\t\n\t\t\t\n\t\t\t\n\n\t\t<\/div>\n\n\t\t\n\n\t\t<div class=\"section-content relative\">\n\t\t\t\n\n<div class=\"row\"  id=\"row-1237666676\">\n\n\n\t<div id=\"col-1086246895\" class=\"col small-12 large-12\"  >\n\t\t\t\t<div class=\"col-inner\"  >\n\t\t\t\n\t\t\t\n\n<div class=\"row\"  id=\"row-1765700315\">\n\n\n\t<div id=\"col-3469172\" class=\"col small-12 large-12\"  >\n\t\t\t\t<div class=\"col-inner\"  >\n\t\t\t\n\t\t\t\n\n\t<div id=\"text-4031069561\" class=\"text\">\n\t\t\n\n<h2>ASTM D3420 och dess betydelse<\/h2>\n\t\t\n<style>\n#text-4031069561 {\n  font-size: 1.3rem;\n  text-align: center;\n}\n<\/style>\n\t<\/div>\n\t\n\n\t\t<\/div>\n\t\t\t\t\t<\/div>\n\n\t\n\n\t<div id=\"col-628752970\" class=\"col small-12 large-12\"  >\n\t\t\t\t<div class=\"col-inner\"  >\n\t\t\t\n\t\t\t\n\n<p>Standarden ASTM D3420 definierar en metod f\u00f6r att m\u00e4ta den energi som kr\u00e4vs f\u00f6r att punktera ett plastfilmsprov med hj\u00e4lp av en pendelapparat. Pendelns kinetiska energi efterliknar de verkliga krafter som en film kan uts\u00e4ttas f\u00f6r, t.ex. under f\u00f6rpackning, frakt eller hantering. Resultatet \u00e5terspeglar filmens dynamiska dragbeteende, vilket ger en mer realistisk bed\u00f6mning \u00e4n statiska dragprov.<\/p>\n\n\t\t<\/div>\n\t\t\t\t\t<\/div>\n\n\t\n\n\t<div id=\"col-386269564\" class=\"col small-12 large-12\"  >\n\t\t\t\t<div class=\"col-inner\"  >\n\t\t\t\n\t\t\t\n\n\t<div id=\"text-3361802673\" class=\"text\">\n\t\t\n\n<h3>ASTM D3420 - ASTM-standarder f\u00f6r slagprovning av plast<\/h3>\n\t\t\n<style>\n#text-3361802673 {\n  text-align: center;\n}\n<\/style>\n\t<\/div>\n\t\n\n\t\t<\/div>\n\t\t\t\t\t<\/div>\n\n\t\n\n\t<div id=\"col-161637494\" class=\"col small-12 large-12\"  >\n\t\t\t\t<div class=\"col-inner\"  >\n\t\t\t\n\t\t\t\n\n<p>ASTM D3420 fokuserar specifikt p\u00e5 <strong>motst\u00e5ndskraft mot pendelslag<\/strong>vilket g\u00f6r den till en av de mest relevanta <strong>ASTM-standarder f\u00f6r slagprovning av plast<\/strong>. \u00c4ven om andra metoder som ASTM D1709 eller D4272 testar liknande egenskaper, \u00e4r D3420 s\u00e4rskilt f\u00f6rdelaktig eftersom:<\/p>\n<ul>\n<li>Det m\u00f6jligg\u00f6r dynamisk provning vid h\u00f6gre t\u00f6jningshastigheter.<\/li>\n<li>Den erbjuder tv\u00e5 testprocedurer (procedur A och procedur B) med olika provkropps- och probstorlekar.<\/li>\n<li>Den ger energibaserade resultat som ger insikt i b\u00e5de initiering och utbredning av fel.<\/li>\n<\/ul>\n<p>Denna standard anv\u00e4nds ofta vid utv\u00e4rdering av filmer tillverkade av <strong>polyeten, polypropylen, PET<\/strong>och andra vanliga f\u00f6rpackningsmaterial.<\/p>\n\n\t\t<\/div>\n\t\t\t\t\t<\/div>\n\n\t\n\n<\/div>\n\n\t\t<\/div>\n\t\t\t\t\t<\/div>\n\n\t\n\n<\/div>\n<div class=\"row\"  id=\"row-1594543869\">\n\n\n\t<div id=\"col-94037844\" class=\"col small-12 large-12\"  >\n\t\t\t\t<div class=\"col-inner\"  >\n\t\t\t\n\t\t\t\n\n<div class=\"row\"  id=\"row-826847728\">\n\n\n\t<div id=\"col-568441512\" class=\"col small-12 large-12\"  >\n\t\t\t\t<div class=\"col-inner\"  >\n\t\t\t\n\t\t\t\n\n\t<div id=\"text-2380281176\" class=\"text\">\n\t\t\n\n<h2>Relaterat testsystem f\u00f6r pendelslag<\/h2>\n\t\t\n<style>\n#text-2380281176 {\n  font-size: 1.3rem;\n  text-align: center;\n}\n<\/style>\n\t<\/div>\n\t\n\n\t\t<\/div>\n\t\t\t\t\t<\/div>\n\n\t\n\n<\/div>\n<div class=\"row\"  id=\"row-336702253\">\n\n\n\t<div id=\"col-1002386841\" class=\"col medium-6 small-12 large-6\"  >\n\t\t\t\t<div class=\"col-inner\"  >\n\t\t\t\n\t\t\t\n\n<h3>Testutrustning och uppst\u00e4llning<\/h3>\n<p>F\u00f6r att utf\u00f6ra ASTM D3420-tester beh\u00f6ver du en kalibrerad pendelslagprovare. Den <a href=\"https:\/\/www.impacttesting.net\/sv\/pendulum-impact-tester\/\"><strong>PIT-01 Slagprovare f\u00f6r pendel<\/strong><\/a> fr\u00e5n <strong>Cell Instruments<\/strong> \u00e4r en utm\u00e4rkt l\u00f6sning som helt uppfyller kraven i ASTM D3420 och som erbjuder:<\/p>\n<ul>\n<li>Energim\u00e4tning med h\u00f6g precision (0,5 J till 5,0 J)<\/li>\n<li>Valfria vikter f\u00f6r flexibla testomr\u00e5den<\/li>\n<li>Digital avl\u00e4sning f\u00f6r enkel datainsamling<\/li>\n<li>Tv\u00e5 utbytbara slaghuvuden f\u00f6r procedur A (60 mm \u00f6ppning) och procedur B (89 mm \u00f6ppning)<\/li>\n<\/ul>\n<p>Provaren ska monteras p\u00e5 en plan yta med korrekt f\u00f6rankring f\u00f6r tester med h\u00f6gre energi.<\/p>\n\n\t\t<\/div>\n\t\t\t\t\t<\/div>\n\n\t\n\n\t<div id=\"col-1602322719\" class=\"col medium-6 small-12 large-6\"  >\n\t\t\t\t<div class=\"col-inner\"  >\n\t\t\t\n\t\t\t\n\n<h3>Provberedning och konditionering<\/h3>\n<p>Korrekt f\u00f6rberedelse av provet s\u00e4kerst\u00e4ller korrekta och repeterbara resultat. F\u00f6lj dessa steg:<\/p>\n<ul>\n<li><strong>Typ av prov<\/strong>: Anv\u00e4nd cirkul\u00e4ra eller kvadratiska filmprover med en diameter p\u00e5 100 mm eller 100\u00d7100 mm.<\/li>\n<li><strong>Tjocklek<\/strong>: M\u00e4t till n\u00e4rmaste 0,00125 mm med en mikrometer.<\/li>\n<li><strong>Konditionering<\/strong>: F\u00f6rkonditionera provkropparna vid 23 \u00b1 2\u00b0C och 50 \u00b1 10% relativ luftfuktighet (enligt ASTM D618) i minst 40 timmar.<\/li>\n<\/ul>\n<p>Se till att proverna \u00e4r <strong>fri fr\u00e5n veck, defekter eller oj\u00e4mn tjocklek<\/strong>vilket kan snedvrida resultaten.<\/p>\n\n\t\t<\/div>\n\t\t\t\t\t<\/div>\n\n\t\n\n<\/div>\n\n\t\t<\/div>\n\t\t\t\t\t<\/div>\n\n\t\n\n<\/div>\n<div class=\"row\"  id=\"row-1124525173\">\n\n\n\t<div id=\"col-856808432\" class=\"col small-12 large-12\"  >\n\t\t\t\t<div class=\"col-inner\"  >\n\t\t\t\n\t\t\t\n\n<div class=\"row\"  id=\"row-2006464397\">\n\n\n\t<div id=\"col-1662127909\" class=\"col small-12 large-12\"  >\n\t\t\t\t<div class=\"col-inner\"  >\n\t\t\t\n\t\t\t\n\n<div class=\"row\"  id=\"row-1197601312\">\n\n\n\t<div id=\"col-811827545\" class=\"col small-12 large-12\"  >\n\t\t\t\t<div class=\"col-inner\"  >\n\t\t\t\n\t\t\t\n\n\t<div id=\"text-372043627\" class=\"text\">\n\t\t\n\n<h2>\u00d6versikt \u00f6ver provningsf\u00f6rfarandet f\u00f6r pendelslag<\/h2>\n\t\t\n<style>\n#text-372043627 {\n  font-size: 1.3rem;\n  text-align: center;\n}\n<\/style>\n\t<\/div>\n\t\n\n\t\t<\/div>\n\t\t\t\t\t<\/div>\n\n\t\n\n<\/div>\n<div class=\"row align-bottom align-center\"  id=\"row-1061249876\">\n\n\n\t<div id=\"col-37802876\" class=\"col medium-7 small-12 large-7\"  >\n\t\t\t\t<div class=\"col-inner\"  >\n\t\t\t\n\t\t\t\n\n<ol>\n<li><strong>Kl\u00e4m fast provexemplaret<\/strong> mellan tv\u00e5 cirkul\u00e4ra plattor.<\/li>\n<li><strong>Lyft och l\u00e5s pendeln<\/strong> till sin startposition.<\/li>\n<li><strong>Nollst\u00e4ll avl\u00e4sningen<\/strong> och kontrollera att den \u00e4r korrekt inriktad.<\/li>\n<li><strong>Sl\u00e4pp pendeln<\/strong> f\u00f6r att tr\u00e4ffa provkroppens mitt.<\/li>\n<li><strong>L\u00e4s av energiv\u00e4rdet<\/strong> fr\u00e5n den digitala eller analoga ratten.<\/li>\n<\/ol>\n<p>Upprepa detta test p\u00e5 minst fem provkroppar f\u00f6r att f\u00e5 ett medelv\u00e4rde f\u00f6r rapportering.<\/p>\n<p>Obs: Om pendeln inte lyckas punktera filmen, \u00f6ka slagenergin genom att l\u00e4gga till extra vikter eller anv\u00e4nda ett tunnare prov.<\/p>\n\n\t\t<\/div>\n\t\t\t\t\t<\/div>\n\n\t\n\n\t<div id=\"col-1886965090\" class=\"col medium-5 small-12 large-5\"  >\n\t\t\t\t<div class=\"col-inner\"  >\n\t\t\t\n\t\t\t\n\n<div class=\"video video-fit mb\" style=\"padding-top:56.25%;\"><iframe title=\"ASTM D3420 Pendulum Impact Tester f\u00f6r plastfilmer ark Impact Tester\" width=\"1020\" height=\"574\" src=\"https:\/\/www.youtube.com\/embed\/vEx4esxMESw?feature=oembed\" frameborder=\"0\" allow=\"accelerometer; autoplay; clipboard-write; encrypted-media; gyroscope; picture-in-picture; web-share\" referrerpolicy=\"strict-origin-when-cross-origin\" allowfullscreen><\/iframe><\/div>\n\n\n\t\t<\/div>\n\t\t\t\t\t<\/div>\n\n\t\n\n<\/div>\n\n\t\t<\/div>\n\t\t\t\t\t<\/div>\n\n\t\n\n<\/div>\n\n\t\t<\/div>\n\t\t\t\t\t<\/div>\n\n\t\n\n<\/div>\n<div class=\"row\"  id=\"row-2082979540\">\n\n\n\t<div id=\"col-10985463\" class=\"col small-12 large-12\"  >\n\t\t\t\t<div class=\"col-inner\"  >\n\t\t\t\n\t\t\t\n\n<div class=\"row\"  id=\"row-1842645446\">\n\n\n\t<div id=\"col-566919026\" class=\"col small-12 large-12\"  >\n\t\t\t\t<div class=\"col-inner\"  >\n\t\t\t\n\t\t\t\n\n<div class=\"row\"  id=\"row-485462330\">\n\n\n\t<div id=\"col-723171759\" class=\"col small-12 large-12\"  >\n\t\t\t\t<div class=\"col-inner\"  >\n\t\t\t\n\t\t\t\n\n\t<div id=\"text-4063509121\" class=\"text\">\n\t\t\n\n<h2>Tolkning av data och analys av resultat<\/h2>\n\t\t\n<style>\n#text-4063509121 {\n  font-size: 1.3rem;\n  text-align: center;\n}\n<\/style>\n\t<\/div>\n\t\n\n\t\t<\/div>\n\t\t\t\t\t<\/div>\n\n\t\n\n<\/div>\n<div class=\"row align-middle align-center\"  id=\"row-2105148017\">\n\n\n\t<div id=\"col-1091818528\" class=\"col medium-5 small-12 large-5\"  >\n\t\t\t\t<div class=\"col-inner\"  >\n\t\t\t\n\t\t\t\n\n<ol>\n<li>Slutresultatet representerar den energi (i joule) som kr\u00e4vs f\u00f6r att punktera filmen. Detta \u00e4r ett direkt m\u00e5tt p\u00e5 materialets slagt\u00e5lighet. H\u00f6gre v\u00e4rden indikerar h\u00e5rdare filmer.<\/li>\n<li>N\u00e4r man j\u00e4mf\u00f6r material eller batcher \u00e4r det viktigt att se till att tjockleken, milj\u00f6f\u00f6rh\u00e5llandena och inst\u00e4llningarna f\u00f6r kl\u00e4mmorna \u00e4r konsekventa f\u00f6r att eliminera variationer.<\/li>\n<\/ol>\n\n\t\t<\/div>\n\t\t\t\t\t<\/div>\n\n\t\n\n\t<div id=\"col-982533999\" class=\"col medium-5 small-12 large-5\"  >\n\t\t\t\t<div class=\"col-inner\"  >\n\t\t\t\n\t\t\t\n\n\t<div class=\"img has-hover x md-x lg-x y md-y lg-y\" id=\"image_913273311\">\n\t\t\t\t\t\t\t\t<div class=\"img-inner dark\" >\n\t\t\t<img decoding=\"async\" width=\"600\" height=\"440\" src=\"https:\/\/www.impacttesting.net\/wp-content\/uploads\/2025\/12\/ASTM-D3420-Pendulum-Impact-Resistance-of-Plastic-Film.webp\" class=\"attachment-large size-large\" alt=\"ASTM D3420 Pendelimpaktmotst\u00e5nd f\u00f6r plastfilm\" srcset=\"https:\/\/www.impacttesting.net\/wp-content\/uploads\/2025\/12\/ASTM-D3420-Pendulum-Impact-Resistance-of-Plastic-Film.webp 600w, https:\/\/www.impacttesting.net\/wp-content\/uploads\/2025\/12\/ASTM-D3420-Pendulum-Impact-Resistance-of-Plastic-Film-545x400.webp 545w\" sizes=\"(max-width: 600px) 100vw, 600px\" \/>\t\t\t\t\t\t\n\t\t\t\t\t<\/div>\n\t\t\t\t\t\t\t\t\n<style>\n#image_913273311 {\n  width: 100%;\n}\n<\/style>\n\t<\/div>\n\t\n\n\n\t\t<\/div>\n\t\t\t\t\t<\/div>\n\n\t\n\n<\/div>\n\n\t\t<\/div>\n\t\t\t\t\t<\/div>\n\n\t\n\n<\/div>\n\n\t\t<\/div>\n\t\t\t\t\t<\/div>\n\n\t\n\n<\/div>\n\n\t\t<\/div>\n\n\t\t\n<style>\n#section_666913882 {\n  padding-top: 30px;\n  padding-bottom: 30px;\n}\n<\/style>\n\t<\/section>\n\t\n\t<section class=\"section\" id=\"section_1386441229\">\n\t\t<div class=\"bg section-bg fill bg-fill  bg-loaded\" >\n\n\t\t\t\n\t\t\t\n\t\t\t\n\n\t\t<\/div>\n\n\t\t\n\n\t\t<div class=\"section-content relative\">\n\t\t\t\n\n<div class=\"row\"  id=\"row-208513656\">\n\n\n\t<div id=\"col-1862896113\" class=\"col small-12 large-12\"  >\n\t\t\t\t<div class=\"col-inner\"  >\n\t\t\t\n\t\t\t\n\n<div class=\"row align-center\"  id=\"row-1537394485\">\n\n\n\t<div id=\"col-903593792\" class=\"col small-12 large-12\"  >\n\t\t\t\t<div class=\"col-inner\"  >\n\t\t\t\n\t\t\t\n\n\t<div id=\"text-561918745\" class=\"text\">\n\t\t\n\n<h2>Varf\u00f6r v\u00e4lja Impacttesting.net's<br \/>PIT-01 Slagprovare f\u00f6r pendel<\/h2>\n\t\t\n<style>\n#text-561918745 {\n  font-size: 1.4rem;\n  text-align: center;\n}\n<\/style>\n\t<\/div>\n\t\n\n\t\t<\/div>\n\t\t\t\t\t<\/div>\n\n\t\n\n\t<div id=\"col-1998939080\" class=\"col small-12 large-12\"  >\n\t\t\t\t<div class=\"col-inner\"  >\n\t\t\t\n\t\t\t\n\n<p>Den <a href=\"https:\/\/www.impacttesting.net\/sv\/pendulum-impact-tester\/\"><strong>PIT-01 Slagprovare f\u00f6r pendel<\/strong><\/a> fr\u00e5n Impacttesting.net \u00e4r avancerad teknik och anv\u00e4ndarv\u00e4nligt gr\u00e4nssnitt g\u00f6r den idealisk f\u00f6r:<\/p>\n\n\t\t<\/div>\n\t\t\t\t\t<\/div>\n\n\t\n\n\t<div id=\"col-1403720109\" class=\"col medium-7 small-12 large-7\"  >\n\t\t\t\t<div class=\"col-inner text-center\"  >\n\t\t\t\n\t\t\t\n\n\t<div id=\"text-3965765070\" class=\"text\">\n\t\t\n\n<p>Kvalitetskontroll av f\u00f6rpackningsfilm<br \/>Laboratorietester f\u00f6r FoU<br \/>\u00d6verensst\u00e4mmelse med <a href=\"https:\/\/www.impacttesting.net\/sv\/astm-d3420\/\"><strong>ASTM D3420<\/strong><\/a> och relaterade standarder<\/p>\n\t\t\n<style>\n#text-3965765070 {\n  font-size: 1.1rem;\n  line-height: 1.3;\n}\n<\/style>\n\t<\/div>\n\t\n\t<div id=\"text-489391798\" class=\"text\">\n\t\t\n\n<p>Genom att anta PIT-01 f\u00e5r anv\u00e4ndarna f\u00f6rtroende f\u00f6r <strong>noggrannhet, repeterbarhet och effektivitet<\/strong> av deras processer f\u00f6r konsekvensbed\u00f6mning.<\/p>\n\t\t\n<style>\n#text-489391798 {\n  font-size: 1.1rem;\n}\n<\/style>\n\t<\/div>\n\t\n<a href=\"https:\/\/www.impacttesting.net\/sv\/contact-us\/\" class=\"button primary is-outline\"  style=\"border-radius:99px;\">\n    <span>Kontakta oss<\/span>\n  <i class=\"icon-chat\" aria-hidden=\"true\" ><\/i><\/a>\n\n\n\n\t\t<\/div>\n\t\t\t\t\t<\/div>\n\n\t\n\n\t<div id=\"col-1959411898\" class=\"col medium-4 small-12 large-4\"  >\n\t\t\t\t<div class=\"col-inner text-center\"  >\n\t\t\t\n\t\t\t\n\n\n<div class=\"wpcf7 no-js\" id=\"wpcf7-f10-o1\" lang=\"en-US\" dir=\"ltr\" data-wpcf7-id=\"10\">\n<div class=\"screen-reader-response\"><p role=\"status\" aria-live=\"polite\" aria-atomic=\"true\"><\/p> <ul><\/ul><\/div>\n<form action=\"\/sv\/wp-json\/wp\/v2\/pages\/59#wpcf7-f10-o1\" method=\"post\" class=\"wpcf7-form init\" aria-label=\"Kontaktformul\u00e4r\" novalidate=\"novalidate\" data-status=\"init\" data-trp-original-action=\"\/sv\/wp-json\/wp\/v2\/pages\/59#wpcf7-f10-o1\">\n<fieldset class=\"hidden-fields-container\"><input type=\"hidden\" name=\"_wpcf7\" value=\"10\" \/><input type=\"hidden\" name=\"_wpcf7_version\" value=\"6.1.4\" \/><input type=\"hidden\" name=\"_wpcf7_locale\" value=\"en_US\" \/><input type=\"hidden\" name=\"_wpcf7_unit_tag\" value=\"wpcf7-f10-o1\" \/><input type=\"hidden\" name=\"_wpcf7_container_post\" value=\"0\" \/><input type=\"hidden\" name=\"_wpcf7_posted_data_hash\" value=\"\" \/><input type=\"hidden\" name=\"_wpcf7_recaptcha_response\" value=\"\" \/>\n<\/fieldset>\n<p><span class=\"wpcf7-form-control-wrap\" data-name=\"Name\"><input size=\"40\" maxlength=\"400\" class=\"wpcf7-form-control wpcf7-text\" aria-invalid=\"false\" placeholder=\"Ditt namn\" value=\"\" type=\"text\" name=\"Name\" \/><\/span><br \/>\n<span class=\"wpcf7-form-control-wrap\" data-name=\"Comapany\"><input size=\"40\" maxlength=\"400\" class=\"wpcf7-form-control wpcf7-text\" aria-invalid=\"false\" placeholder=\"Ditt bolag\" value=\"\" type=\"text\" name=\"Comapany\" \/><\/span><br \/>\n<span class=\"wpcf7-form-control-wrap\" data-name=\"Email\"><input size=\"40\" maxlength=\"400\" class=\"wpcf7-form-control wpcf7-email wpcf7-validates-as-required wpcf7-text wpcf7-validates-as-email\" aria-required=\"true\" aria-invalid=\"false\" placeholder=\"Din e-post*\" value=\"\" type=\"email\" name=\"Email\" \/><\/span><br \/>\n<span class=\"wpcf7-form-control-wrap\" data-name=\"Message\"><textarea cols=\"40\" rows=\"10\" maxlength=\"2000\" class=\"wpcf7-form-control wpcf7-textarea\" aria-invalid=\"false\" placeholder=\"Meddelande\" name=\"Message\"><\/textarea><\/span>\n<\/p>\n<p><input class=\"wpcf7-form-control wpcf7-submit has-spinner\" type=\"submit\" value=\"Skicka in\" \/>\n<\/p><div class=\"wpcf7-response-output\" aria-hidden=\"true\"><\/div>\n<input type=\"hidden\" name=\"trp-form-language\" value=\"sv\"\/><\/form>\n<\/div>\n\n\n\n\t\t<\/div>\n\t\t\t\t\t<\/div>\n\n\t\n\n<\/div>\n\n\t\t<\/div>\n\t\t\t\t\t<\/div>\n\n\t\n\n<\/div>\n\n\t\t<\/div>\n\n\t\t\n<style>\n#section_1386441229 {\n  padding-top: 30px;\n  padding-bottom: 30px;\n  background-color: rgb(232, 234, 241);\n}\n<\/style>\n\t<\/section>","protected":false},"excerpt":{"rendered":"","protected":false},"author":1,"featured_media":0,"parent":0,"menu_order":0,"comment_status":"closed","ping_status":"closed","template":"page-blank.php","meta":{"footnotes":""},"class_list":["post-59","page","type-page","status-publish","hentry"],"_links":{"self":[{"href":"https:\/\/www.impacttesting.net\/sv\/wp-json\/wp\/v2\/pages\/59","targetHints":{"allow":["GET"]}}],"collection":[{"href":"https:\/\/www.impacttesting.net\/sv\/wp-json\/wp\/v2\/pages"}],"about":[{"href":"https:\/\/www.impacttesting.net\/sv\/wp-json\/wp\/v2\/types\/page"}],"author":[{"embeddable":true,"href":"https:\/\/www.impacttesting.net\/sv\/wp-json\/wp\/v2\/users\/1"}],"replies":[{"embeddable":true,"href":"https:\/\/www.impacttesting.net\/sv\/wp-json\/wp\/v2\/comments?post=59"}],"version-history":[{"count":5,"href":"https:\/\/www.impacttesting.net\/sv\/wp-json\/wp\/v2\/pages\/59\/revisions"}],"predecessor-version":[{"id":75,"href":"https:\/\/www.impacttesting.net\/sv\/wp-json\/wp\/v2\/pages\/59\/revisions\/75"}],"wp:attachment":[{"href":"https:\/\/www.impacttesting.net\/sv\/wp-json\/wp\/v2\/media?parent=59"}],"curies":[{"name":"wp","href":"https:\/\/api.w.org\/{rel}","templated":true}]}}