{"id":48,"date":"2025-12-24T03:25:25","date_gmt":"2025-12-24T03:25:25","guid":{"rendered":"https:\/\/www.impacttesting.net\/?page_id=48"},"modified":"2025-12-24T05:48:32","modified_gmt":"2025-12-24T05:48:32","slug":"pendulum-impact-tester","status":"publish","type":"page","link":"https:\/\/www.impacttesting.net\/sv\/pendulum-impact-tester\/","title":{"rendered":"PIT-01 Slagprovare f\u00f6r pendel"},"content":{"rendered":"<section class=\"section\" id=\"section_241013791\">\n\t\t<div class=\"bg section-bg fill bg-fill  bg-loaded\" >\n\n\t\t\t\n\t\t\t\n\t\t\t\n\n\t\t<\/div>\n\n\t\t\n\n\t\t<div class=\"section-content relative\">\n\t\t\t\n\n<div class=\"row\"  id=\"row-1318378732\">\n\n\n\t<div id=\"col-1257770773\" class=\"col small-12 large-12\"  >\n\t\t\t\t<div class=\"col-inner\" style=\"background-color:rgb(92, 171, 188);\" >\n\t\t\t\n\t\t\t\n\n<div class=\"row\"  id=\"row-677805541\">\n\n\n\t<div id=\"col-336266440\" class=\"col small-12 large-12\"  >\n\t\t\t\t<div class=\"col-inner\"  >\n\t\t\t\n\t\t\t\n\n\t<div id=\"text-1886032325\" class=\"text\">\n\t\t\n\n<h1>PIT-01 Slagprovare f\u00f6r pendel<\/h1>\n\t\t\n<style>\n#text-1886032325 {\n  font-size: 1.5rem;\n  text-align: center;\n}\n<\/style>\n\t<\/div>\n\t\n\n\t\t<\/div>\n\t\t\t\t\n<style>\n#col-336266440 > .col-inner {\n  padding: 50px 10px 10px 10px;\n}\n<\/style>\n\t<\/div>\n\n\t\n\n<\/div>\n<div class=\"row align-middle align-center\"  id=\"row-152169823\">\n\n\n\t<div id=\"col-1863932931\" class=\"col medium-11 small-12 large-11\"  >\n\t\t\t\t<div class=\"col-inner\"  >\n\t\t\t\n\t\t\t\n\n<div class=\"row align-middle align-center\"  id=\"row-507907824\">\n\n\n\t<div id=\"col-1304582750\" class=\"col medium-7 small-12 large-7\"  >\n\t\t\t\t<div class=\"col-inner\"  >\n\t\t\t\n\t\t\t\n\n<div class=\"row\"  id=\"row-724006832\">\n\n\n\t<div id=\"col-1615456077\" class=\"col small-12 large-12\"  >\n\t\t\t\t<div class=\"col-inner text-center\"  >\n\t\t\t\n\t\t\t\n\n\t<div id=\"text-1651993842\" class=\"text\">\n\t\t\n\n<p>Den <strong>testare av pendelslag<\/strong> m\u00e4ter ett materials f\u00f6rm\u00e5ga att motst\u00e5 pl\u00f6tsliga st\u00f6tar genom att registrera den energi som kr\u00e4vs f\u00f6r att orsaka brott eller penetration. <a href=\"https:\/\/www.impacttesting.net\/sv\/astm-d3420\/\"><strong>ASTM D3420<\/strong><\/a> ger en standardiserad metod f\u00f6r att utv\u00e4rdera slagt\u00e5ligheten hos plastfilmer, vilket s\u00e4kerst\u00e4ller konsekvent kvalitetskontroll och materialkarakterisering. Vanliga testade material inkluderar <strong>plastfilmer, laminat, kompositer, folier och papper som anv\u00e4nds i f\u00f6rpackningar<\/strong>, fordons- och byggtill\u00e4mpningar.<\/p>\n\t\t\n<style>\n#text-1651993842 {\n  color: rgb(0, 0, 0);\n}\n#text-1651993842 > * {\n  color: rgb(0, 0, 0);\n}\n<\/style>\n\t<\/div>\n\t\n\n\t\t<\/div>\n\t\t\t\t\t<\/div>\n\n\t\n\n\t<div id=\"col-1545848289\" class=\"col small-12 large-12\"  >\n\t\t\t\t<div class=\"col-inner text-center\"  >\n\t\t\t\n\t\t\t\n\n<a href=\"https:\/\/www.impacttesting.net\/sv\/contact-us\/\" class=\"button primary is-outline\"  style=\"border-radius:99px;\">\n    <span>Kontakta oss<\/span>\n  <i class=\"icon-chat\" aria-hidden=\"true\" ><\/i><\/a>\n\n\n\n\t\t<\/div>\n\t\t\t\t\t<\/div>\n\n\t\n\n<\/div>\n\n\t\t<\/div>\n\t\t\t\t\t<\/div>\n\n\t\n\n\t<div id=\"col-1614215861\" class=\"col medium-4 small-12 large-4\"  >\n\t\t\t\t<div class=\"col-inner\"  >\n\t\t\t\n\t\t\t\n\n<div class=\"row\"  id=\"row-1524395082\">\n\n\n\t<div id=\"col-1803594679\" class=\"col small-12 large-12\"  >\n\t\t\t\t<div class=\"col-inner\"  >\n\t\t\t\n\t\t\t\n\n\t<div class=\"img has-hover x md-x lg-x y md-y lg-y\" id=\"image_1014645494\">\n\t\t\t\t\t\t\t\t<div class=\"img-inner dark\" >\n\t\t\t<img decoding=\"async\" width=\"728\" height=\"800\" src=\"https:\/\/www.impacttesting.net\/wp-content\/uploads\/2025\/12\/Pendulum-Impact-Tester-ASTM-D3420-amp-Spencer-Impact-Test-Impact-Testing-728x800.webp\" class=\"attachment-large size-large\" alt=\"Pendelslagprov - ASTM D3420 &amp; Spencer Impact Test - Slagprovning\" srcset=\"https:\/\/www.impacttesting.net\/wp-content\/uploads\/2025\/12\/Pendulum-Impact-Tester-ASTM-D3420-amp-Spencer-Impact-Test-Impact-Testing-728x800.webp 728w, https:\/\/www.impacttesting.net\/wp-content\/uploads\/2025\/12\/Pendulum-Impact-Tester-ASTM-D3420-amp-Spencer-Impact-Test-Impact-Testing-364x400.webp 364w, https:\/\/www.impacttesting.net\/wp-content\/uploads\/2025\/12\/Pendulum-Impact-Tester-ASTM-D3420-amp-Spencer-Impact-Test-Impact-Testing-768x844.webp 768w, https:\/\/www.impacttesting.net\/wp-content\/uploads\/2025\/12\/Pendulum-Impact-Tester-ASTM-D3420-amp-Spencer-Impact-Test-Impact-Testing-1397x1536.webp 1397w, https:\/\/www.impacttesting.net\/wp-content\/uploads\/2025\/12\/Pendulum-Impact-Tester-ASTM-D3420-amp-Spencer-Impact-Test-Impact-Testing.webp 1558w\" sizes=\"(max-width: 728px) 100vw, 728px\" \/>\t\t\t\t\t\t\n\t\t\t\t\t<\/div>\n\t\t\t\t\t\t\t\t\n<style>\n#image_1014645494 {\n  width: 100%;\n}\n<\/style>\n\t<\/div>\n\t\n\n\n\t\t<\/div>\n\t\t\t\t\t<\/div>\n\n\t\n\n<\/div>\n\n\t\t<\/div>\n\t\t\t\t\t<\/div>\n\n\t\n\n<\/div>\n\n\t\t<\/div>\n\t\t\t\t\t<\/div>\n\n\t\n\n<\/div>\n\n\t\t<\/div>\n\t\t\t\t\t<\/div>\n\n\t\n\n\n<style>\n#row-1318378732 > .col > .col-inner {\n  border-radius: 25px;\n}\n<\/style>\n<\/div>\n\n\t\t<\/div>\n\n\t\t\n<style>\n#section_241013791 {\n  padding-top: 30px;\n  padding-bottom: 30px;\n}\n<\/style>\n\t<\/section>\n\t\n\t<section class=\"section\" id=\"section_1155336229\">\n\t\t<div class=\"bg section-bg fill bg-fill  bg-loaded\" >\n\n\t\t\t\n\t\t\t\n\t\t\t\n\n\t\t<\/div>\n\n\t\t\n\n\t\t<div class=\"section-content relative\">\n\t\t\t\n\n<div class=\"row\"  id=\"row-308592210\">\n\n\n\t<div id=\"col-588624416\" class=\"col small-12 large-12\"  >\n\t\t\t\t<div class=\"col-inner\"  >\n\t\t\t\n\t\t\t\n\n<div class=\"row\"  id=\"row-1261217128\">\n\n\n\t<div id=\"col-254394823\" class=\"col small-12 large-12\"  >\n\t\t\t\t<div class=\"col-inner\"  >\n\t\t\t\n\t\t\t\n\n<div class=\"row\"  id=\"row-1407545974\">\n\n\n\t<div id=\"col-504495562\" class=\"col small-12 large-12\"  >\n\t\t\t\t<div class=\"col-inner\"  >\n\t\t\t\n\t\t\t\n\n\t<div id=\"text-4151133957\" class=\"text\">\n\t\t\n\n<h2>S\u00e5 fungerar pendelslagprovaren<\/h2>\n\t\t\n<style>\n#text-4151133957 {\n  font-size: 1.3rem;\n  text-align: center;\n}\n<\/style>\n\t<\/div>\n\t\n<p>Den <strong>PIT-01 Slagprovare f\u00f6r pendel<\/strong> av <strong>Impacttesting.net<\/strong> \u00e4r utformad f\u00f6r att ge exakta och repeterbara m\u00e4tningar av slagt\u00e5lighet. Testprocessen innefattar:<\/p>\n\n\t\t<\/div>\n\t\t\t\t\t<\/div>\n\n\t\n\n<\/div>\n<div class=\"row align-middle\"  id=\"row-738274161\">\n\n\n\t<div id=\"col-115522037\" class=\"col medium-6 small-12 large-6\"  >\n\t\t\t\t<div class=\"col-inner\"  >\n\t\t\t\n\t\t\t\n\n<ol>\n<li>F\u00f6rberedelse av provet: Ett prov med enhetlig tjocklek och konsistens v\u00e4ljs ut.<\/li>\n<li>Fastsp\u00e4nning av provet: Filmen f\u00e4sts p\u00e5 plats med hj\u00e4lp av ett pneumatiskt fastsp\u00e4nningssystem.<\/li>\n<li>Utl\u00f6sning av pendel: Pendeln, som \u00e4r utrustad med ett slaghuvud, sl\u00e4pps automatiskt fr\u00e5n en f\u00f6rdefinierad h\u00f6jd.<\/li>\n<li>M\u00e4tning av p\u00e5verkan: Den energi som absorberas av materialet vid st\u00f6ten registreras.<\/li>\n<li>Analys av data: Resultaten visas p\u00e5 ett digitalt gr\u00e4nssnitt, med en mikroskrivare som tillval f\u00f6r omedelbar rapportering.<\/li>\n<\/ol>\n\n\t\t<\/div>\n\t\t\t\t\t<\/div>\n\n\t\n\n\t<div id=\"col-1923306039\" class=\"col medium-6 small-12 large-6\"  >\n\t\t\t\t<div class=\"col-inner\"  >\n\t\t\t\n\t\t\t\n\n<div class=\"video video-fit mb\" style=\"padding-top:56.25%;\"><iframe title=\"ASTM D3420 Pendulum Impact Tester f\u00f6r plastfilmer ark Impact Tester\" width=\"1020\" height=\"574\" src=\"https:\/\/www.youtube.com\/embed\/vEx4esxMESw?feature=oembed\" frameborder=\"0\" allow=\"accelerometer; autoplay; clipboard-write; encrypted-media; gyroscope; picture-in-picture; web-share\" referrerpolicy=\"strict-origin-when-cross-origin\" allowfullscreen><\/iframe><\/div>\n\n\n\t\t<\/div>\n\t\t\t\t\t<\/div>\n\n\t\n\n<\/div>\n\n\t\t<\/div>\n\t\t\t\t\t<\/div>\n\n\t\n\n<\/div>\n\n\t\t<\/div>\n\t\t\t\t\t<\/div>\n\n\t\n\n<\/div>\n<div class=\"row\"  id=\"row-46515999\">\n\n\n\t<div id=\"col-1000718815\" class=\"col small-12 large-12\"  >\n\t\t\t\t<div class=\"col-inner\"  >\n\t\t\t\n\t\t\t\n\n<div class=\"row\"  id=\"row-48389953\">\n\n\n\t<div id=\"col-1794537474\" class=\"col small-12 large-12\"  >\n\t\t\t\t<div class=\"col-inner\"  >\n\t\t\t\n\t\t\t\n\n\t<div id=\"text-1646803267\" class=\"text\">\n\t\t\n\n<h2>ASTM D3420 och Spencer Impact Test<\/h2>\n\t\t\n<style>\n#text-1646803267 {\n  font-size: 1.3rem;\n  text-align: center;\n}\n<\/style>\n\t<\/div>\n\t\n\n\t\t<\/div>\n\t\t\t\t\t<\/div>\n\n\t\n\n\t<div id=\"col-193484554\" class=\"col small-12 large-12\"  >\n\t\t\t\t<div class=\"col-inner\"  >\n\t\t\t\n\t\t\t\n\n<h3>ASTM D3420 - Testmetod f\u00f6r pendelimpaktmotst\u00e5nd hos plastfilm<\/h3>\n<p><a href=\"https:\/\/www.impacttesting.net\/sv\/astm-d3420\/\">ASTM D3420<\/a> specificerar en metod f\u00f6r att fastst\u00e4lla <strong>slagt\u00e5lighet hos plastfilmer<\/strong> genom att m\u00e4ta den energi som kr\u00e4vs f\u00f6r att en pendelimpaktor ska penetrera en provkropp. Testet \u00e4r utformat f\u00f6r att ge insikter i ett materials dynamiska dragbeteende under f\u00f6rh\u00e5llanden med h\u00f6ga t\u00f6jningshastigheter, vilket g\u00f6r det viktigt f\u00f6r utv\u00e4rdering av f\u00f6rpackningsmaterial.<\/p>\n<p>Viktiga aspekter av ASTM D3420 inkluderar:<\/p>\n<p>M\u00e4tning av energif\u00f6rlust p\u00e5 grund av en pendelprobes inverkan p\u00e5 provkroppen.<br \/>Tv\u00e5 f\u00f6rfaranden (A och B) som skiljer sig \u00e5t i urvalsstorlek, med <strong>Procedur B ofta kallad Spencer Impact Test<\/strong>.<br \/>Viktigt i applikationer som kr\u00e4ver h\u00f6g slagt\u00e5lighet, t.ex. f\u00f6rpackningsfilmer f\u00f6r livsmedel och l\u00e4kemedel.<\/p>\n<h3>Spencer Impact Test: En specialiserad variant<\/h3>\n<p>Den <strong>Spencer Impact Test<\/strong> \u00e4r en variant av ASTM D3420, som vanligtvis f\u00f6rknippas med <strong>F\u00f6rfarande B<\/strong>, som anv\u00e4nder en <strong>Provkroppskl\u00e4mma med 89 mm diameter<\/strong>. Denna metod anv\u00e4nds ofta f\u00f6r att utv\u00e4rdera filmer som anv\u00e4nds i flexibla f\u00f6rpackningar och s\u00e4kerst\u00e4ller att materialen kan motst\u00e5 mekanisk belastning utan att rivas s\u00f6nder eller punkteras.<\/p>\n\n\t\t<\/div>\n\t\t\t\t\t<\/div>\n\n\t\n\n<\/div>\n\n\t\t<\/div>\n\t\t\t\t\t<\/div>\n\n\t\n\n<\/div>\n<div class=\"row\"  id=\"row-679384253\">\n\n\n\t<div id=\"col-1302870803\" class=\"col small-12 large-12\"  >\n\t\t\t\t<div class=\"col-inner\"  >\n\t\t\t\n\t\t\t\n\n<div class=\"row\"  id=\"row-1838039223\">\n\n\n\t<div id=\"col-561908518\" class=\"col small-12 large-12\"  >\n\t\t\t\t<div class=\"col-inner\"  >\n\t\t\t\n\t\t\t\n\n\t<div id=\"text-2257382783\" class=\"text\">\n\t\t\n\n<h2>PIT-01 Slagprovare f\u00f6r pendel<\/h2>\n\t\t\n<style>\n#text-2257382783 {\n  font-size: 1.3rem;\n  text-align: center;\n}\n<\/style>\n\t<\/div>\n\t\n\n\t\t<\/div>\n\t\t\t\t\t<\/div>\n\n\t\n\n<\/div>\n<div class=\"row\"  id=\"row-722741922\">\n\n\n\t<div id=\"col-1153593946\" class=\"col medium-6 small-12 large-6\"  >\n\t\t\t\t<div class=\"col-inner\"  >\n\t\t\t\n\t\t\t\n\n<h3>Viktiga egenskaper:<\/h3>\n<p>Cell Instruments' PIT-01 Pendulum Impact Tester erbjuder avancerade funktioner f\u00f6r materialprovning med h\u00f6g precision:<\/p>\n<ul>\n<li>PLC-kontroll och HMI-peksk\u00e4rm f\u00f6r enkel anv\u00e4ndning.<\/li>\n<li>Pneumatisk fastsp\u00e4nning av provkroppar f\u00f6r stabil positionering.<\/li>\n<li>Automatisk pendelutl\u00f6sning f\u00f6r konsekvent slagprovning.<\/li>\n<li>Data Auto-Statistics &amp; Microprinter f\u00f6r effektiv resultatdokumentation.<\/li>\n<li>Exakt vinkelm\u00e4tning f\u00f6r exakta energiber\u00e4kningar.<\/li>\n<li>RS232-port och programvara (tillval) f\u00f6r avancerad dataanalys.<\/li>\n<\/ul>\n\n\t\t<\/div>\n\t\t\t\t\t<\/div>\n\n\t\n\n\t<div id=\"col-336805534\" class=\"col medium-6 small-12 large-6\"  >\n\t\t\t\t<div class=\"col-inner\"  >\n\t\t\t\n\t\t\t\n\n<h3>Tekniska specifikationer:<\/h3>\n<table width=\"360\">\n<tbody>\n<tr>\n<td style=\"text-align: center;\" width=\"143\">Effekt Energi<\/td>\n<td style=\"text-align: center;\" width=\"217\">1 J, 2 J, 3 J<\/td>\n<\/tr>\n<tr>\n<td style=\"text-align: center;\" width=\"143\">Uppl\u00f6sning<\/td>\n<td style=\"text-align: center;\" width=\"217\">\u00a00.001 J<\/td>\n<\/tr>\n<tr>\n<td style=\"text-align: center;\" width=\"143\">Storlek p\u00e5 slaghuvud<\/td>\n<td style=\"text-align: center;\" width=\"217\">\u042425,4, \u042419, \u042412,7 mm\u00a0<\/td>\n<\/tr>\n<tr>\n<td style=\"text-align: center;\" width=\"143\">Provkroppskl\u00e4mma<\/td>\n<td style=\"text-align: center;\" width=\"217\">Pneumatisk kl\u00e4mma<\/td>\n<\/tr>\n<tr>\n<td style=\"text-align: center;\" width=\"143\">Kl\u00e4mmans diameter<\/td>\n<td style=\"text-align: center;\" width=\"217\">\u042489 mm, \u042460 mm<\/td>\n<\/tr>\n<tr>\n<td style=\"text-align: center;\" width=\"143\">Gasf\u00f6rs\u00f6rjning<\/td>\n<td style=\"text-align: center;\" width=\"217\">0,6 MPa \u03a66 mm PU-slang<\/td>\n<\/tr>\n<tr>\n<td style=\"text-align: center;\" width=\"143\">Provstorlek<\/td>\n<td style=\"text-align: center;\" width=\"217\">100*100 mm eller \u0424100 mm<\/td>\n<\/tr>\n<tr>\n<td style=\"text-align: center;\" width=\"143\">Str\u00f6mf\u00f6rs\u00f6rjning\u00a0<\/td>\n<td style=\"text-align: center;\" width=\"217\">AC 110~220V 50Hz<\/td>\n<\/tr>\n<\/tbody>\n<\/table>\n\n\t\t<\/div>\n\t\t\t\t\t<\/div>\n\n\t\n\n<\/div>\n\n\t\t<\/div>\n\t\t\t\t\t<\/div>\n\n\t\n\n<\/div>\n\n\t\t<\/div>\n\n\t\t\n<style>\n#section_1155336229 {\n  padding-top: 30px;\n  padding-bottom: 30px;\n}\n<\/style>\n\t<\/section>\n\t\n\t<section class=\"section\" id=\"section_2120911155\">\n\t\t<div class=\"bg section-bg fill bg-fill  bg-loaded\" >\n\n\t\t\t\n\t\t\t\n\t\t\t\n\n\t\t<\/div>\n\n\t\t\n\n\t\t<div class=\"section-content relative\">\n\t\t\t\n\n<div class=\"row\"  id=\"row-1345667817\">\n\n\n\t<div id=\"col-921020790\" class=\"col small-12 large-12\"  >\n\t\t\t\t<div class=\"col-inner\"  >\n\t\t\t\n\t\t\t\n\n<div class=\"row align-equal align-center\"  id=\"row-536680232\">\n\n\n\t<div id=\"col-1740663120\" class=\"col small-12 large-12\"  >\n\t\t\t\t<div class=\"col-inner\"  >\n\t\t\t\n\t\t\t\n\n\t<div id=\"text-871360125\" class=\"text\">\n\t\t\n\n<h2>Varf\u00f6r v\u00e4lja Impacttesting.net's<br \/>PIT-01 Slagprovare f\u00f6r pendel<\/h2>\n\t\t\n<style>\n#text-871360125 {\n  font-size: 1.4rem;\n  text-align: center;\n}\n<\/style>\n\t<\/div>\n\t\n\n\t\t<\/div>\n\t\t\t\t\t<\/div>\n\n\t\n\n\t<div id=\"col-1910913322\" class=\"col medium-6 small-12 large-6\"  >\n\t\t\t\t<div class=\"col-inner text-center\"  >\n\t\t\t\n\t\t\t\n\n\t<div id=\"text-2516649369\" class=\"text\">\n\t\t\n\n<p>Genom att integrera <strong>provning av pendelslag<\/strong> i dina kvalitetskontrollprocesser kan du f\u00f6rb\u00e4ttra produkternas h\u00e5llbarhet och efterlevnaden av branschstandarder. <strong>Impacttesting.net<\/strong> erbjuder toppmoderna l\u00f6sningar f\u00f6r att tillgodose dina behov av materialprovning.<\/p>\n\t\t\n<style>\n#text-2516649369 {\n  font-size: 1.1rem;\n  line-height: 2;\n}\n<\/style>\n\t<\/div>\n\t\n<a href=\"https:\/\/www.impacttesting.net\/sv\/contact-us\/\" class=\"button primary is-outline\"  style=\"border-radius:99px;\">\n    <span>Kontakta oss<\/span>\n  <i class=\"icon-chat\" aria-hidden=\"true\" ><\/i><\/a>\n\n\n\n\t\t<\/div>\n\t\t\t\t\t<\/div>\n\n\t\n\n\t<div id=\"col-1549317429\" class=\"col medium-4 small-12 large-4\"  >\n\t\t\t\t<div class=\"col-inner text-center\"  >\n\t\t\t\n\t\t\t\n\n\n<div class=\"wpcf7 no-js\" id=\"wpcf7-f10-o1\" lang=\"en-US\" dir=\"ltr\" data-wpcf7-id=\"10\">\n<div class=\"screen-reader-response\"><p role=\"status\" aria-live=\"polite\" aria-atomic=\"true\"><\/p> <ul><\/ul><\/div>\n<form action=\"\/sv\/wp-json\/wp\/v2\/pages\/48#wpcf7-f10-o1\" method=\"post\" class=\"wpcf7-form init\" aria-label=\"Kontaktformul\u00e4r\" novalidate=\"novalidate\" data-status=\"init\" data-trp-original-action=\"\/sv\/wp-json\/wp\/v2\/pages\/48#wpcf7-f10-o1\">\n<fieldset class=\"hidden-fields-container\"><input type=\"hidden\" name=\"_wpcf7\" value=\"10\" \/><input type=\"hidden\" name=\"_wpcf7_version\" value=\"6.1.4\" \/><input type=\"hidden\" name=\"_wpcf7_locale\" value=\"en_US\" \/><input type=\"hidden\" name=\"_wpcf7_unit_tag\" value=\"wpcf7-f10-o1\" \/><input type=\"hidden\" name=\"_wpcf7_container_post\" value=\"0\" \/><input type=\"hidden\" name=\"_wpcf7_posted_data_hash\" value=\"\" \/><input type=\"hidden\" name=\"_wpcf7_recaptcha_response\" value=\"\" \/>\n<\/fieldset>\n<p><span class=\"wpcf7-form-control-wrap\" data-name=\"Name\"><input size=\"40\" maxlength=\"400\" class=\"wpcf7-form-control wpcf7-text\" aria-invalid=\"false\" placeholder=\"Ditt namn\" value=\"\" type=\"text\" name=\"Name\" \/><\/span><br \/>\n<span class=\"wpcf7-form-control-wrap\" data-name=\"Comapany\"><input size=\"40\" maxlength=\"400\" class=\"wpcf7-form-control wpcf7-text\" aria-invalid=\"false\" placeholder=\"Ditt bolag\" value=\"\" type=\"text\" name=\"Comapany\" \/><\/span><br \/>\n<span class=\"wpcf7-form-control-wrap\" data-name=\"Email\"><input size=\"40\" maxlength=\"400\" class=\"wpcf7-form-control wpcf7-email wpcf7-validates-as-required wpcf7-text wpcf7-validates-as-email\" aria-required=\"true\" aria-invalid=\"false\" placeholder=\"Din e-post*\" value=\"\" type=\"email\" name=\"Email\" \/><\/span><br \/>\n<span class=\"wpcf7-form-control-wrap\" data-name=\"Message\"><textarea cols=\"40\" rows=\"10\" maxlength=\"2000\" class=\"wpcf7-form-control wpcf7-textarea\" aria-invalid=\"false\" placeholder=\"Meddelande\" name=\"Message\"><\/textarea><\/span>\n<\/p>\n<p><input class=\"wpcf7-form-control wpcf7-submit has-spinner\" type=\"submit\" value=\"Skicka in\" \/>\n<\/p><div class=\"wpcf7-response-output\" aria-hidden=\"true\"><\/div>\n<input type=\"hidden\" name=\"trp-form-language\" value=\"sv\"\/><\/form>\n<\/div>\n\n\n\n\t\t<\/div>\n\t\t\t\t\t<\/div>\n\n\t\n\n<\/div>\n\n\t\t<\/div>\n\t\t\t\t\t<\/div>\n\n\t\n\n<\/div>\n\n\t\t<\/div>\n\n\t\t\n<style>\n#section_2120911155 {\n  padding-top: 30px;\n  padding-bottom: 30px;\n  background-color: rgb(232, 234, 241);\n}\n<\/style>\n\t<\/section>","protected":false},"excerpt":{"rendered":"","protected":false},"author":1,"featured_media":0,"parent":0,"menu_order":0,"comment_status":"closed","ping_status":"closed","template":"page-blank.php","meta":{"footnotes":""},"class_list":["post-48","page","type-page","status-publish","hentry"],"_links":{"self":[{"href":"https:\/\/www.impacttesting.net\/sv\/wp-json\/wp\/v2\/pages\/48","targetHints":{"allow":["GET"]}}],"collection":[{"href":"https:\/\/www.impacttesting.net\/sv\/wp-json\/wp\/v2\/pages"}],"about":[{"href":"https:\/\/www.impacttesting.net\/sv\/wp-json\/wp\/v2\/types\/page"}],"author":[{"embeddable":true,"href":"https:\/\/www.impacttesting.net\/sv\/wp-json\/wp\/v2\/users\/1"}],"replies":[{"embeddable":true,"href":"https:\/\/www.impacttesting.net\/sv\/wp-json\/wp\/v2\/comments?post=48"}],"version-history":[{"count":5,"href":"https:\/\/www.impacttesting.net\/sv\/wp-json\/wp\/v2\/pages\/48\/revisions"}],"predecessor-version":[{"id":72,"href":"https:\/\/www.impacttesting.net\/sv\/wp-json\/wp\/v2\/pages\/48\/revisions\/72"}],"wp:attachment":[{"href":"https:\/\/www.impacttesting.net\/sv\/wp-json\/wp\/v2\/media?parent=48"}],"curies":[{"name":"wp","href":"https:\/\/api.w.org\/{rel}","templated":true}]}}