{"id":85,"date":"2025-12-24T07:51:49","date_gmt":"2025-12-24T07:51:49","guid":{"rendered":"https:\/\/www.impacttesting.net\/?page_id=85"},"modified":"2025-12-24T07:51:49","modified_gmt":"2025-12-24T07:51:49","slug":"iso-7765-1","status":"publish","type":"page","link":"https:\/\/www.impacttesting.net\/sl\/iso-7765-1\/","title":{"rendered":"ISO 7765-1"},"content":{"rendered":"<section class=\"section\" id=\"section_245769746\">\n\t\t<div class=\"bg section-bg fill bg-fill  bg-loaded\" >\n\n\t\t\t\n\t\t\t\n\t\t\t\n\n\t\t<\/div>\n\n\t\t\n\n\t\t<div class=\"section-content relative\">\n\t\t\t\n\n<div class=\"row\"  id=\"row-1416387824\">\n\n\n\t<div id=\"col-1886021247\" class=\"col small-12 large-12\"  >\n\t\t\t\t<div class=\"col-inner\" style=\"background-color:rgb(92, 171, 188);\" >\n\t\t\t\n\t\t\t\n\n<div class=\"row\"  id=\"row-1666763401\">\n\n\n\t<div id=\"col-1520644894\" class=\"col small-12 large-12\"  >\n\t\t\t\t<div class=\"col-inner\"  >\n\t\t\t\n\t\t\t\n\n\t<div id=\"text-2376621843\" class=\"text\">\n\t\t\n\n<h1>ISO 7765-1<\/h1>\n\t\t\n<style>\n#text-2376621843 {\n  font-size: 1.5rem;\n  text-align: center;\n}\n<\/style>\n\t<\/div>\n\t\n\t<div id=\"text-1800582436\" class=\"text\">\n\t\t\n\n<h2>Metoda prosto padajo\u010dih pu\u0161\u010dic<\/h2>\n\t\t\n<style>\n#text-1800582436 {\n  text-align: center;\n}\n<\/style>\n\t<\/div>\n\t\n\n\t\t<\/div>\n\t\t\t\t\n<style>\n#col-1520644894 > .col-inner {\n  padding: 50px 10px 10px 10px;\n}\n<\/style>\n\t<\/div>\n\n\t\n\n<\/div>\n<div class=\"row align-middle align-center\"  id=\"row-1886081290\">\n\n\n\t<div id=\"col-1554645443\" class=\"col medium-11 small-12 large-11\"  >\n\t\t\t\t<div class=\"col-inner\"  >\n\t\t\t\n\t\t\t\n\n<div class=\"row align-center\"  id=\"row-963930040\">\n\n\n\t<div id=\"col-757948159\" class=\"col medium-7 small-12 large-7\"  >\n\t\t\t\t<div class=\"col-inner\"  >\n\t\t\t\n\t\t\t\n\n<div class=\"row\"  id=\"row-1946481252\">\n\n\n\t<div id=\"col-120252503\" class=\"col small-12 large-12\"  >\n\t\t\t\t<div class=\"col-inner text-center\"  >\n\t\t\t\n\t\t\t\n\n\t<div id=\"text-4208168867\" class=\"text\">\n\t\t\n\n<p>Sprejemanje <a href=\"https:\/\/www.impacttesting.net\/sl\/iso-7765-1\/\"><strong>ISO 7765-1<\/strong><\/a> in uporabo <strong>metoda prosto padajo\u010dih pu\u0161\u010dic<\/strong> omogo\u010da strokovnjakom za materiale in embala\u017eo, da natan\u010dno ocenijo <strong>odpornost na udarce pu\u0161\u010dic<\/strong>, ki zagotavlja, da filmi ustrezajo trajnostnim in varnostnim standardom. <strong>ISO 7765-1<\/strong> je idealen za plasti\u010dne folije in plo\u0161\u010de, ki se uporabljajo v embala\u017ei, kmetijstvu, medicini in industriji.<\/p>\n\t\t\n<style>\n#text-4208168867 {\n  color: rgb(0, 0, 0);\n}\n#text-4208168867 > * {\n  color: rgb(0, 0, 0);\n}\n<\/style>\n\t<\/div>\n\t\n\n\t\t<\/div>\n\t\t\t\t\t<\/div>\n\n\t\n\n\t<div id=\"col-1802615693\" class=\"col small-12 large-12\"  >\n\t\t\t\t<div class=\"col-inner text-center\"  >\n\t\t\t\n\t\t\t\n\n<a href=\"https:\/\/www.impacttesting.net\/sl\/contact-us\/\" class=\"button primary is-outline\"  style=\"border-radius:99px;\">\n    <span>Pi\u0161ite nam<\/span>\n  <i class=\"icon-chat\" aria-hidden=\"true\" ><\/i><\/a>\n\n\n\n\t\t<\/div>\n\t\t\t\t\t<\/div>\n\n\t\n\n<\/div>\n\n\t\t<\/div>\n\t\t\t\t\t<\/div>\n\n\t\n\n\t<div id=\"col-1221434826\" class=\"col medium-4 small-12 large-4\"  >\n\t\t\t\t<div class=\"col-inner\"  >\n\t\t\t\n\t\t\t\n\n<div class=\"row\"  id=\"row-1097545484\">\n\n\n\t<div id=\"col-741022452\" class=\"col small-12 large-12\"  >\n\t\t\t\t<div class=\"col-inner\"  >\n\t\t\t\n\t\t\t\n\n\t<div class=\"img has-hover x md-x lg-x y md-y lg-y\" id=\"image_319623411\">\n\t\t\t\t\t\t\t\t<div class=\"img-inner dark\" >\n\t\t\t<img decoding=\"async\" width=\"600\" height=\"440\" src=\"https:\/\/www.impacttesting.net\/wp-content\/uploads\/2025\/12\/ISO-7765-1-Free-Falling-Dart-Method.webp\" class=\"attachment-large size-large\" alt=\"ISO 7765-1 Metoda prosto padajo\u010dih pu\u0161\u010dic\" srcset=\"https:\/\/www.impacttesting.net\/wp-content\/uploads\/2025\/12\/ISO-7765-1-Free-Falling-Dart-Method.webp 600w, https:\/\/www.impacttesting.net\/wp-content\/uploads\/2025\/12\/ISO-7765-1-Free-Falling-Dart-Method-545x400.webp 545w\" sizes=\"(max-width: 600px) 100vw, 600px\" \/>\t\t\t\t\t\t\n\t\t\t\t\t<\/div>\n\t\t\t\t\t\t\t\t\n<style>\n#image_319623411 {\n  width: 100%;\n}\n<\/style>\n\t<\/div>\n\t\n\n\n\t\t<\/div>\n\t\t\t\t\t<\/div>\n\n\t\n\n<\/div>\n\n\t\t<\/div>\n\t\t\t\t\t<\/div>\n\n\t\n\n<\/div>\n\n\t\t<\/div>\n\t\t\t\t\t<\/div>\n\n\t\n\n<\/div>\n\n\t\t<\/div>\n\t\t\t\t\t<\/div>\n\n\t\n\n\n<style>\n#row-1416387824 > .col > .col-inner {\n  border-radius: 25px;\n}\n<\/style>\n<\/div>\n\n\t\t<\/div>\n\n\t\t\n<style>\n#section_245769746 {\n  padding-top: 30px;\n  padding-bottom: 30px;\n}\n<\/style>\n\t<\/section>\n\t\n\t<section class=\"section\" id=\"section_1251935167\">\n\t\t<div class=\"bg section-bg fill bg-fill  bg-loaded\" >\n\n\t\t\t\n\t\t\t\n\t\t\t\n\n\t\t<\/div>\n\n\t\t\n\n\t\t<div class=\"section-content relative\">\n\t\t\t\n\n<div class=\"row\"  id=\"row-1552161679\">\n\n\n\t<div id=\"col-2084650137\" class=\"col small-12 large-12\"  >\n\t\t\t\t<div class=\"col-inner\"  >\n\t\t\t\n\t\t\t\n\n<div class=\"row\"  id=\"row-1619916697\">\n\n\n\t<div id=\"col-514973634\" class=\"col small-12 large-12\"  >\n\t\t\t\t<div class=\"col-inner\"  >\n\t\t\t\n\t\t\t\n\n\t<div id=\"text-596314791\" class=\"text\">\n\t\t\n\n<h2>ISO 7765-1 in njegov pomen<\/h2>\n\t\t\n<style>\n#text-596314791 {\n  font-size: 1.3rem;\n  text-align: center;\n}\n<\/style>\n\t<\/div>\n\t\n\n\t\t<\/div>\n\t\t\t\t\t<\/div>\n\n\t\n\n\t<div id=\"col-1966434021\" class=\"col small-12 large-12\"  >\n\t\t\t\t<div class=\"col-inner\"  >\n\t\t\t\n\t\t\t\n\n<p>Razumevanje in izvajanje <strong>ISO 7765-1<\/strong> je klju\u010dnega pomena za strokovnjake, ki delajo s plasti\u010dnimi folijami in pro\u017enimi materiali. Ta mednarodni standard opisuje postopek za dolo\u010danje <strong>odpornost na udarce pu\u0161\u010dic<\/strong> plasti\u010dne folije z uporabo <strong>metoda prosto padajo\u010dih pu\u0161\u010dic<\/strong>, ki je pomemben preskus za nadzor kakovosti. Natan\u010dna uporaba te metode pomaga proizvajalcem oceniti, kako dobro materiali prena\u0161ajo udarne obremenitve - kar je pokazatelj trajnosti in u\u010dinkovitosti v realnih aplikacijah. V panogah, kot so embala\u017ea, farmacija, elektronika in \u017eivila, upo\u0161tevanje standarda ISO 7765-1 zagotavlja zanesljivost, doslednost in skladnost s svetovnimi standardi.<\/p>\n\n\t\t<\/div>\n\t\t\t\t\t<\/div>\n\n\t\n\n<\/div>\n\n\t\t<\/div>\n\t\t\t\t\t<\/div>\n\n\t\n\n<\/div>\n<div class=\"row\"  id=\"row-966492931\">\n\n\n\t<div id=\"col-2035948756\" class=\"col small-12 large-12\"  >\n\t\t\t\t<div class=\"col-inner\"  >\n\t\t\t\n\t\t\t\n\n<div class=\"row\"  id=\"row-1817899255\">\n\n\n\t<div id=\"col-551739582\" class=\"col small-12 large-12\"  >\n\t\t\t\t<div class=\"col-inner\"  >\n\t\t\t\n\t\t\t\n\n<div class=\"row\"  id=\"row-2113561747\">\n\n\n\t<div id=\"col-200605921\" class=\"col small-12 large-12\"  >\n\t\t\t\t<div class=\"col-inner\"  >\n\t\t\t\n\t\t\t\n\n\t<div id=\"text-2449280358\" class=\"text\">\n\t\t\n\n<h2>Razumevanje metode prosto padajo\u010dih pu\u0161\u010dic<\/h2>\n\t\t\n<style>\n#text-2449280358 {\n  font-size: 1.3rem;\n  text-align: center;\n}\n<\/style>\n\t<\/div>\n\t\n\n\t\t<\/div>\n\t\t\t\t\t<\/div>\n\n\t\n\n<\/div>\n<div class=\"row align-middle\"  id=\"row-893516533\">\n\n\n\t<div id=\"col-802375949\" class=\"col medium-7 small-12 large-7\"  >\n\t\t\t\t<div class=\"col-inner\"  >\n\t\t\t\n\t\t\t\n\n<div><strong>ISO 7765-1<\/strong> dolo\u010da preskusno metodo za dolo\u010danje energije, ki je potrebna za po\u0161kodbo plasti\u010dnih folij zaradi udarca prosto padajo\u010de pu\u0161\u010dice. S preskusom se dolo\u010di <strong>masa za po\u0161kodbe zaradi udarca<\/strong>, ki je opredeljena kot masa pu\u0161\u010dice, ki povzro\u010di odpoved 50% preskusnih primerkov v standardiziranih pogojih.<\/div>\n<div>Obstajata dva glavna postopka:<\/div>\n<ul>\n<li><strong>Metoda A<\/strong> uporablja <strong>38 mm<\/strong> premera pu\u0161\u010dica, ki je padla iz <strong>0,66 metra<\/strong>.<\/li>\n<li><strong>Metoda B<\/strong> uporablja <strong>50 mm<\/strong> premera pu\u0161\u010dica, ki je padla iz <strong>1,5 metra<\/strong>.<\/li>\n<\/ul>\n<p>Vsaka metoda je prilagojena razli\u010dnim vrstam in debelinam materiala, zato dobljeni rezultati niso zamenljivi.<\/p>\n\n\t\t<\/div>\n\t\t\t\t\t<\/div>\n\n\t\n\n\t<div id=\"col-1987629009\" class=\"col medium-5 small-12 large-5\"  >\n\t\t\t\t<div class=\"col-inner\"  >\n\t\t\t\n\t\t\t\n\n\t<div class=\"img has-hover x md-x lg-x y md-y lg-y\" id=\"image_1247086413\">\n\t\t<a class=\"\" href=\"https:\/\/www.impacttesting.net\/sl\/falling-dart-impact-tester\/\" >\t\t\t\t\t\t<div class=\"img-inner dark\" >\n\t\t\t<img decoding=\"async\" width=\"600\" height=\"440\" src=\"https:\/\/www.impacttesting.net\/wp-content\/uploads\/2025\/12\/ISO-7765-1-Free-Falling-Dart-Method.webp\" class=\"attachment-large size-large\" alt=\"ISO 7765-1 Metoda prosto padajo\u010dih pu\u0161\u010dic\" srcset=\"https:\/\/www.impacttesting.net\/wp-content\/uploads\/2025\/12\/ISO-7765-1-Free-Falling-Dart-Method.webp 600w, https:\/\/www.impacttesting.net\/wp-content\/uploads\/2025\/12\/ISO-7765-1-Free-Falling-Dart-Method-545x400.webp 545w\" sizes=\"(max-width: 600px) 100vw, 600px\" \/>\t\t\t\t\t\t\n\t\t\t\t\t<\/div>\n\t\t\t\t\t\t<\/a>\t\t\n<style>\n#image_1247086413 {\n  width: 100%;\n}\n<\/style>\n\t<\/div>\n\t\n\n\n\t\t<\/div>\n\t\t\t\t\t<\/div>\n\n\t\n\n<\/div>\n\n\t\t<\/div>\n\t\t\t\t\t<\/div>\n\n\t\n\n<\/div>\n\n\t\t<\/div>\n\t\t\t\t\t<\/div>\n\n\t\n\n<\/div>\n<div class=\"row\"  id=\"row-1954320920\">\n\n\n\t<div id=\"col-790604\" class=\"col small-12 large-12\"  >\n\t\t\t\t<div class=\"col-inner\"  >\n\t\t\t\n\t\t\t\n\n<div class=\"row\"  id=\"row-1461397188\">\n\n\n\t<div id=\"col-700668804\" class=\"col small-12 large-12\"  >\n\t\t\t\t<div class=\"col-inner\"  >\n\t\t\t\n\t\t\t\n\n\t<div id=\"text-329514129\" class=\"text\">\n\t\t\n\n<h2>Metoda prosto padajo\u010dih pu\u0161\u010dic: Pomembnost in postopek<\/h2>\n\t\t\n<style>\n#text-329514129 {\n  font-size: 1.3rem;\n  text-align: center;\n}\n<\/style>\n\t<\/div>\n\t\n\n\t\t<\/div>\n\t\t\t\t\t<\/div>\n\n\t\n\n<\/div>\n<div class=\"row\"  id=\"row-479954263\">\n\n\n\t<div id=\"col-248005007\" class=\"col medium-6 small-12 large-6\"  >\n\t\t\t\t<div class=\"col-inner\"  >\n\t\t\t\n\t\t\t\n\n<h3>Priprava na testiranje<\/h3>\n<p>Pred izvedbo testa:<\/p>\n<ul>\n<li><strong>Vzorci stanja<\/strong> pri temperaturi 23 \u00b0C \u00b1 2 \u00b0C in relativni vla\u017enosti 50% \u00b1 5% vsaj 40 ur.<\/li>\n<li>Izberite vzorce z <strong>enakomerna debelina<\/strong> (\u00b110% od nazivne vrednosti).<\/li>\n<li>Uporabite <strong>30 ali ve\u010d vzorcev<\/strong> za zagotovitev statisti\u010dne ustreznosti.<\/li>\n<\/ul>\n\n\t\t<\/div>\n\t\t\t\t\t<\/div>\n\n\t\n\n\t<div id=\"col-1145187652\" class=\"col medium-6 small-12 large-6\"  >\n\t\t\t\t<div class=\"col-inner\"  >\n\t\t\t\n\t\t\t\n\n<h3>Zahteve glede opreme<\/h3>\n<div>Standardna preskusna namestitev vklju\u010duje:<\/div>\n<ul>\n<li>A <strong>pu\u0161\u010dica s polkro\u017eno glavo<\/strong> in odstranljive dodatne ute\u017ei.<\/li>\n<li>Na spletni strani <strong>elektromagnetni ali mehanski<\/strong> mehanizem za spro\u0161\u010danje za nadzorovano kapljanje.<\/li>\n<li>A <strong>dvodelni vpenjalni sistem<\/strong> za trdno dr\u017eanje vzorca.<\/li>\n<li>A <strong>mikrometer<\/strong> za natan\u010dno merjenje debeline.<\/li>\n<li><strong>Varnostna za\u0161\u010dita<\/strong> za za\u0161\u010dito uporabnikov in aparata.<\/li>\n<\/ul>\n\n\t\t<\/div>\n\t\t\t\t\t<\/div>\n\n\t\n\n<\/div>\n<div class=\"row align-middle\"  id=\"row-1537885042\">\n\n\n\t<div id=\"col-496339913\" class=\"col small-12 large-12\"  >\n\t\t\t\t<div class=\"col-inner\"  >\n\t\t\t\n\t\t\t\n\n\t<div id=\"text-1272461162\" class=\"text\">\n\t\t\n\n<h3>Izvedba preskusa odpornosti na udarce pu\u0161\u010dic<\/h3>\n\t\t\n<style>\n#text-1272461162 {\n  text-align: center;\n}\n<\/style>\n\t<\/div>\n\t\n\n\t\t<\/div>\n\t\t\t\t\t<\/div>\n\n\t\n\n\t<div id=\"col-527696260\" class=\"col medium-6 small-12 large-6\"  >\n\t\t\t\t<div class=\"col-inner\"  >\n\t\t\t\n\t\t\t\n\n<h4>1. Izberite preskusno metodo (A ali B):<\/h4>\n<ul>\n<li><strong>Metoda A<\/strong>: 38 mm pu\u0161\u010dica, vi\u0161ina padca 0,66 m.<\/li>\n<li><strong>Metoda B<\/strong>: 50 mm pu\u0161\u010dica, vi\u0161ina padca 1,5 m.<\/li>\n<\/ul>\n<h4>2. Priprava in vpenjanje vzorca:<\/h4>\n<p>Prepri\u010dajte se, da folija le\u017ei ravno in brez gub. Po potrebi uporabite sredstva proti drsenju, kot sta krpa ali brusni papir.<\/p>\n<h4>3. Nastavite pu\u0161\u010dico in inkrementalne ute\u017ei:<\/h4>\n<p>Za\u010dnite z znano maso in jo pove\u010dujte ali zmanj\u0161ujte glede na rezultate odpovedi, dokler ne dolo\u010dite stopnje odpovedi 50%.<\/p>\n\n\t\t<\/div>\n\t\t\t\t\t<\/div>\n\n\t\n\n\t<div id=\"col-876718612\" class=\"col medium-6 small-12 large-6\"  >\n\t\t\t\t<div class=\"col-inner\"  >\n\t\t\t\n\t\t\t\n\n<div class=\"video video-fit mb\" style=\"padding-top:56.25%;\"><iframe title=\"Udarni tester s padajo\u010do pu\u0161\u010dico na plati\u010dasto folijo in plo\u010devino Metoda A in metoda B ASTM D1709 ISO 7765-1\" width=\"1020\" height=\"574\" src=\"https:\/\/www.youtube.com\/embed\/a3_9M0x3w7U?feature=oembed\" frameborder=\"0\" allow=\"accelerometer; autoplay; clipboard-write; encrypted-media; gyroscope; picture-in-picture; web-share\" referrerpolicy=\"strict-origin-when-cross-origin\" allowfullscreen><\/iframe><\/div>\n\n\n\t\t<\/div>\n\t\t\t\t\t<\/div>\n\n\t\n\n\t<div id=\"col-960016731\" class=\"col small-12 large-12\"  >\n\t\t\t\t<div class=\"col-inner\"  >\n\t\t\t\n\t\t\t\n\n<h4>4. Spustite pu\u0161\u010dico:<\/h4>\n<p>S pomo\u010djo elektromagneta ali zra\u010dnega spro\u017eilca spustite pu\u0161\u010dico navpi\u010dno na sredino vzorca.<\/p>\n<h4>5. Zapi\u0161ite rezultate:<\/h4>\n<p>Upo\u0161tevajte, ali je vzorec po\u0161kodovan (preluknjan ali pretrgan) ali pre\u017eivi. Nadaljujte, dokler ne morete statisti\u010dno izra\u010dunati mase po\u0161kodbe zaradi udarca.<\/p>\n<h4>6. Analizirajte rezultate:<\/h4>\n<p>Rezultate ocenite glede na debelino vzorca, konsistenco materiala in stopnjo okvar. Rezultati standarda ISO 7765-1 so lahko koristni za primerjavo materialov, vendar se ne smejo normalizirati za razli\u010dne debeline.<\/p>\n\n\t\t<\/div>\n\t\t\t\t\t<\/div>\n\n\t\n\n<\/div>\n\n\t\t<\/div>\n\t\t\t\t\t<\/div>\n\n\t\n\n<\/div>\n\n\t\t<\/div>\n\n\t\t\n<style>\n#section_1251935167 {\n  padding-top: 30px;\n  padding-bottom: 30px;\n}\n<\/style>\n\t<\/section>\n\t\n\t<section class=\"section\" id=\"section_73016369\">\n\t\t<div class=\"bg section-bg fill bg-fill  bg-loaded\" >\n\n\t\t\t\n\t\t\t\n\t\t\t\n\n\t\t<\/div>\n\n\t\t\n\n\t\t<div class=\"section-content relative\">\n\t\t\t\n\n<div class=\"row\"  id=\"row-469220037\">\n\n\n\t<div id=\"col-514862703\" class=\"col small-12 large-12\"  >\n\t\t\t\t<div class=\"col-inner\"  >\n\t\t\t\n\t\t\t\n\n<div class=\"row align-center\"  id=\"row-1292491559\">\n\n\n\t<div id=\"col-1058145365\" class=\"col small-12 large-12\"  >\n\t\t\t\t<div class=\"col-inner\"  >\n\t\t\t\n\t\t\t\n\n\t<div id=\"text-2917869731\" class=\"text\">\n\t\t\n\n<h2>Zakaj izbrati Impacttesting.net's<br \/>FDT-01 Tester za spu\u0161\u010danje pu\u0161\u010dic<\/h2>\n\t\t\n<style>\n#text-2917869731 {\n  font-size: 1.4rem;\n  text-align: center;\n}\n<\/style>\n\t<\/div>\n\t\n\n\t\t<\/div>\n\t\t\t\t\t<\/div>\n\n\t\n\n\t<div id=\"col-1269522276\" class=\"col small-12 large-12\"  >\n\t\t\t\t<div class=\"col-inner\"  >\n\t\t\t\n\t\t\t\n\n<p>Da bi zagotovili natan\u010dnost, ponovljivost in skladnost z <strong>ISO 7765-1<\/strong>, priporo\u010damo, da <strong>FDT-01 <a href=\"https:\/\/www.impacttesting.net\/sl\/falling-dart-impact-tester\/\">Udarni tester za pu\u0161\u010dico <\/a><\/strong>po <strong>Impacttesting.net<\/strong>.<\/p>\n\n\t\t<\/div>\n\t\t\t\t\t<\/div>\n\n\t\n\n\t<div id=\"col-1189167170\" class=\"col medium-7 small-12 large-7\"  >\n\t\t\t\t<div class=\"col-inner text-center\"  >\n\t\t\t\n\t\t\t\n\n\t<div id=\"text-445664617\" class=\"text\">\n\t\t\n\n<p class=\"\" data-start=\"4386\" data-end=\"4422\">Natan\u010dna nastavitev vi\u0161ine padca pu\u0161\u010dic.<br \/>Enostavno pritrjevanje vzorcev s pnevmatskimi objemkami.<br \/>Zbiranje in analiza podatkov o u\u010dinkih v realnem \u010dasu.<br \/>Skladnost z metodo A in metodo B.<\/p>\n\t\t\n<style>\n#text-445664617 {\n  font-size: 1.1rem;\n  line-height: 1.3;\n}\n<\/style>\n\t<\/div>\n\t\n\t<div id=\"text-680872782\" class=\"text\">\n\t\t\n\n<p class=\"\" data-start=\"4676\" data-end=\"4874\">Napredne varnostne funkcije in digitalni nadzor zmanj\u0161ujejo \u010dlove\u0161ke napake ter zagotavljajo zanesljive in ponovljive rezultate, zaradi \u010desar ga uporabljajo proizvajalci embala\u017enih folij, predelovalci in laboratoriji za nadzor kakovosti.<\/p>\n\t\t\n<style>\n#text-680872782 {\n  font-size: 1.1rem;\n}\n<\/style>\n\t<\/div>\n\t\n<a href=\"https:\/\/www.impacttesting.net\/sl\/contact-us\/\" class=\"button primary is-outline\"  style=\"border-radius:99px;\">\n    <span>Pi\u0161ite nam<\/span>\n  <i class=\"icon-chat\" aria-hidden=\"true\" ><\/i><\/a>\n\n\n\n\t\t<\/div>\n\t\t\t\t\t<\/div>\n\n\t\n\n\t<div id=\"col-828060215\" class=\"col medium-4 small-12 large-4\"  >\n\t\t\t\t<div class=\"col-inner text-center\"  >\n\t\t\t\n\t\t\t\n\n\n<div class=\"wpcf7 no-js\" id=\"wpcf7-f10-o1\" lang=\"en-US\" dir=\"ltr\" data-wpcf7-id=\"10\">\n<div class=\"screen-reader-response\"><p role=\"status\" aria-live=\"polite\" aria-atomic=\"true\"><\/p> <ul><\/ul><\/div>\n<form action=\"\/sl\/wp-json\/wp\/v2\/pages\/85#wpcf7-f10-o1\" method=\"post\" class=\"wpcf7-form init\" aria-label=\"Contact form\" novalidate=\"novalidate\" data-status=\"init\" data-trp-original-action=\"\/sl\/wp-json\/wp\/v2\/pages\/85#wpcf7-f10-o1\">\n<fieldset class=\"hidden-fields-container\"><input type=\"hidden\" name=\"_wpcf7\" value=\"10\" \/><input type=\"hidden\" name=\"_wpcf7_version\" value=\"6.1.4\" \/><input type=\"hidden\" name=\"_wpcf7_locale\" value=\"en_US\" \/><input type=\"hidden\" name=\"_wpcf7_unit_tag\" value=\"wpcf7-f10-o1\" \/><input type=\"hidden\" name=\"_wpcf7_container_post\" value=\"0\" \/><input type=\"hidden\" name=\"_wpcf7_posted_data_hash\" value=\"\" \/><input type=\"hidden\" name=\"_wpcf7_recaptcha_response\" value=\"\" \/>\n<\/fieldset>\n<p><span class=\"wpcf7-form-control-wrap\" data-name=\"Name\"><input size=\"40\" maxlength=\"400\" class=\"wpcf7-form-control wpcf7-text\" aria-invalid=\"false\" placeholder=\"Va\u0161e ime\" value=\"\" type=\"text\" name=\"Name\" \/><\/span><br \/>\n<span class=\"wpcf7-form-control-wrap\" data-name=\"Comapany\"><input size=\"40\" maxlength=\"400\" class=\"wpcf7-form-control wpcf7-text\" aria-invalid=\"false\" placeholder=\"Va\u0161e podjetje\" value=\"\" type=\"text\" name=\"Comapany\" \/><\/span><br \/>\n<span class=\"wpcf7-form-control-wrap\" data-name=\"Email\"><input size=\"40\" maxlength=\"400\" class=\"wpcf7-form-control wpcf7-email wpcf7-validates-as-required wpcf7-text wpcf7-validates-as-email\" aria-required=\"true\" aria-invalid=\"false\" placeholder=\"Va\u0161 e-po\u0161tni naslov*\" value=\"\" type=\"email\" name=\"Email\" \/><\/span><br \/>\n<span class=\"wpcf7-form-control-wrap\" data-name=\"Message\"><textarea cols=\"40\" rows=\"10\" maxlength=\"2000\" class=\"wpcf7-form-control wpcf7-textarea\" aria-invalid=\"false\" placeholder=\"Sporo\u010dilo\" name=\"Message\"><\/textarea><\/span>\n<\/p>\n<p><input class=\"wpcf7-form-control wpcf7-submit has-spinner\" type=\"submit\" value=\"Po\u0161lji\" \/>\n<\/p><div class=\"wpcf7-response-output\" aria-hidden=\"true\"><\/div>\n<input type=\"hidden\" name=\"trp-form-language\" value=\"sl\"\/><\/form>\n<\/div>\n\n\n\n\t\t<\/div>\n\t\t\t\t\t<\/div>\n\n\t\n\n<\/div>\n\n\t\t<\/div>\n\t\t\t\t\t<\/div>\n\n\t\n\n<\/div>\n\n\t\t<\/div>\n\n\t\t\n<style>\n#section_73016369 {\n  padding-top: 30px;\n  padding-bottom: 30px;\n  background-color: rgb(232, 234, 241);\n}\n<\/style>\n\t<\/section>","protected":false},"excerpt":{"rendered":"","protected":false},"author":1,"featured_media":0,"parent":0,"menu_order":0,"comment_status":"closed","ping_status":"closed","template":"page-blank.php","meta":{"footnotes":""},"class_list":["post-85","page","type-page","status-publish","hentry"],"_links":{"self":[{"href":"https:\/\/www.impacttesting.net\/sl\/wp-json\/wp\/v2\/pages\/85","targetHints":{"allow":["GET"]}}],"collection":[{"href":"https:\/\/www.impacttesting.net\/sl\/wp-json\/wp\/v2\/pages"}],"about":[{"href":"https:\/\/www.impacttesting.net\/sl\/wp-json\/wp\/v2\/types\/page"}],"author":[{"embeddable":true,"href":"https:\/\/www.impacttesting.net\/sl\/wp-json\/wp\/v2\/users\/1"}],"replies":[{"embeddable":true,"href":"https:\/\/www.impacttesting.net\/sl\/wp-json\/wp\/v2\/comments?post=85"}],"version-history":[{"count":2,"href":"https:\/\/www.impacttesting.net\/sl\/wp-json\/wp\/v2\/pages\/85\/revisions"}],"predecessor-version":[{"id":87,"href":"https:\/\/www.impacttesting.net\/sl\/wp-json\/wp\/v2\/pages\/85\/revisions\/87"}],"wp:attachment":[{"href":"https:\/\/www.impacttesting.net\/sl\/wp-json\/wp\/v2\/media?parent=85"}],"curies":[{"name":"wp","href":"https:\/\/api.w.org\/{rel}","templated":true}]}}