{"id":74,"date":"2025-12-24T06:33:06","date_gmt":"2025-12-24T06:33:06","guid":{"rendered":"https:\/\/www.impacttesting.net\/?page_id=74"},"modified":"2025-12-24T06:33:06","modified_gmt":"2025-12-24T06:33:06","slug":"ball-drop-tester","status":"publish","type":"page","link":"https:\/\/www.impacttesting.net\/sl\/ball-drop-tester\/","title":{"rendered":"FBT-01 Tester za merjenje padca \u017eogice"},"content":{"rendered":"<section class=\"section\" id=\"section_1802690757\">\n\t\t<div class=\"bg section-bg fill bg-fill  bg-loaded\" >\n\n\t\t\t\n\t\t\t\n\t\t\t\n\n\t\t<\/div>\n\n\t\t\n\n\t\t<div class=\"section-content relative\">\n\t\t\t\n\n<div class=\"row\"  id=\"row-929984738\">\n\n\n\t<div id=\"col-1519091488\" class=\"col small-12 large-12\"  >\n\t\t\t\t<div class=\"col-inner\" style=\"background-color:rgb(92, 171, 188);\" >\n\t\t\t\n\t\t\t\n\n<div class=\"row\"  id=\"row-780643499\">\n\n\n\t<div id=\"col-201544399\" class=\"col small-12 large-12\"  >\n\t\t\t\t<div class=\"col-inner\"  >\n\t\t\t\n\t\t\t\n\n\t<div id=\"text-2085064725\" class=\"text\">\n\t\t\n\n<h1>FBT-01 Tester za merjenje padca \u017eogice<\/h1>\n\t\t\n<style>\n#text-2085064725 {\n  font-size: 1.5rem;\n  text-align: center;\n}\n<\/style>\n\t<\/div>\n\t\n\n\t\t<\/div>\n\t\t\t\t\n<style>\n#col-201544399 > .col-inner {\n  padding: 50px 10px 10px 10px;\n}\n<\/style>\n\t<\/div>\n\n\t\n\n<\/div>\n<div class=\"row align-middle align-center\"  id=\"row-1123751616\">\n\n\n\t<div id=\"col-1294033348\" class=\"col medium-11 small-12 large-11\"  >\n\t\t\t\t<div class=\"col-inner\"  >\n\t\t\t\n\t\t\t\n\n<div class=\"row align-middle align-center\"  id=\"row-1068740020\">\n\n\n\t<div id=\"col-256194285\" class=\"col medium-7 small-12 large-7\"  >\n\t\t\t\t<div class=\"col-inner\"  >\n\t\t\t\n\t\t\t\n\n<div class=\"row\"  id=\"row-479533440\">\n\n\n\t<div id=\"col-2084410279\" class=\"col small-12 large-12\"  >\n\t\t\t\t<div class=\"col-inner text-center\"  >\n\t\t\t\n\t\t\t\n\n\t<div id=\"text-1278958430\" class=\"text\">\n\t\t\n\n<p>Spletna stran <a href=\"https:\/\/www.impacttesting.net\/sl\/ball-drop-tester\/\"><strong>tester za padec \u017eoge<\/strong><\/a> je osnovni instrument za ocenjevanje odpornosti materialov, kot so plasti\u010dne plo\u0161\u010de, filmi in za\u0161\u010ditna o\u010dala, proti udarcem. Ta preskus je klju\u010dnega pomena v panogah, kot so embala\u017ea, avtomobilska industrija in proizvodnja varnostne opreme, saj zagotavlja, da lahko materiali brez ve\u010djih po\u0161kodb prenesejo zunanje sile.<\/p>\n\t\t\n<style>\n#text-1278958430 {\n  color: rgb(0, 0, 0);\n}\n#text-1278958430 > * {\n  color: rgb(0, 0, 0);\n}\n<\/style>\n\t<\/div>\n\t\n\n\t\t<\/div>\n\t\t\t\t\t<\/div>\n\n\t\n\n\t<div id=\"col-856123927\" class=\"col small-12 large-12\"  >\n\t\t\t\t<div class=\"col-inner text-center\"  >\n\t\t\t\n\t\t\t\n\n<a href=\"https:\/\/www.impacttesting.net\/sl\/contact-us\/\" class=\"button primary is-outline\"  style=\"border-radius:99px;\">\n    <span>Pi\u0161ite nam<\/span>\n  <i class=\"icon-chat\" aria-hidden=\"true\" ><\/i><\/a>\n\n\n\n\t\t<\/div>\n\t\t\t\t\t<\/div>\n\n\t\n\n<\/div>\n\n\t\t<\/div>\n\t\t\t\t\t<\/div>\n\n\t\n\n\t<div id=\"col-1588726125\" class=\"col medium-3 small-12 large-3\"  >\n\t\t\t\t<div class=\"col-inner\"  >\n\t\t\t\n\t\t\t\n\n<div class=\"row\"  id=\"row-2007509801\">\n\n\n\t<div id=\"col-1154945923\" class=\"col small-12 large-12\"  >\n\t\t\t\t<div class=\"col-inner text-center\"  >\n\t\t\t\n\t\t\t\n\n\t<div class=\"img has-hover x md-x lg-x y md-y lg-y\" id=\"image_685790614\">\n\t\t\t\t\t\t\t\t<div class=\"img-inner dark\" >\n\t\t\t<img decoding=\"async\" width=\"318\" height=\"800\" src=\"https:\/\/www.impacttesting.net\/wp-content\/uploads\/2025\/12\/Ball-Drop-Tester-Ball-Impact-Test-for-Safety-Glasses-318x800.webp\" class=\"attachment-large size-large\" alt=\"Tester padca \u017eogice - preskus udarca \u017eogice za varnostna o\u010dala\" srcset=\"https:\/\/www.impacttesting.net\/wp-content\/uploads\/2025\/12\/Ball-Drop-Tester-Ball-Impact-Test-for-Safety-Glasses-318x800.webp 318w, https:\/\/www.impacttesting.net\/wp-content\/uploads\/2025\/12\/Ball-Drop-Tester-Ball-Impact-Test-for-Safety-Glasses-159x400.webp 159w, https:\/\/www.impacttesting.net\/wp-content\/uploads\/2025\/12\/Ball-Drop-Tester-Ball-Impact-Test-for-Safety-Glasses-768x1934.webp 768w, https:\/\/www.impacttesting.net\/wp-content\/uploads\/2025\/12\/Ball-Drop-Tester-Ball-Impact-Test-for-Safety-Glasses-610x1536.webp 610w, https:\/\/www.impacttesting.net\/wp-content\/uploads\/2025\/12\/Ball-Drop-Tester-Ball-Impact-Test-for-Safety-Glasses-813x2048.webp 813w, https:\/\/www.impacttesting.net\/wp-content\/uploads\/2025\/12\/Ball-Drop-Tester-Ball-Impact-Test-for-Safety-Glasses-scaled.webp 1017w\" sizes=\"(max-width: 318px) 100vw, 318px\" \/>\t\t\t\t\t\t\n\t\t\t\t\t<\/div>\n\t\t\t\t\t\t\t\t\n<style>\n#image_685790614 {\n  width: 80%;\n}\n<\/style>\n\t<\/div>\n\t\n\n\n\t\t<\/div>\n\t\t\t\t\t<\/div>\n\n\t\n\n<\/div>\n\n\t\t<\/div>\n\t\t\t\t\t<\/div>\n\n\t\n\n<\/div>\n\n\t\t<\/div>\n\t\t\t\t\t<\/div>\n\n\t\n\n<\/div>\n\n\t\t<\/div>\n\t\t\t\t\t<\/div>\n\n\t\n\n\n<style>\n#row-929984738 > .col > .col-inner {\n  border-radius: 25px;\n}\n<\/style>\n<\/div>\n\n\t\t<\/div>\n\n\t\t\n<style>\n#section_1802690757 {\n  padding-top: 30px;\n  padding-bottom: 30px;\n}\n<\/style>\n\t<\/section>\n\t\n\t<section class=\"section\" id=\"section_37529396\">\n\t\t<div class=\"bg section-bg fill bg-fill  bg-loaded\" >\n\n\t\t\t\n\t\t\t\n\t\t\t\n\n\t\t<\/div>\n\n\t\t\n\n\t\t<div class=\"section-content relative\">\n\t\t\t\n\n<div class=\"row\"  id=\"row-741008501\">\n\n\n\t<div id=\"col-979234828\" class=\"col small-12 large-12\"  >\n\t\t\t\t<div class=\"col-inner\"  >\n\t\t\t\n\t\t\t\n\n<div class=\"row\"  id=\"row-1426882873\">\n\n\n\t<div id=\"col-1965400912\" class=\"col small-12 large-12\"  >\n\t\t\t\t<div class=\"col-inner\"  >\n\t\t\t\n\t\t\t\n\n<div class=\"row align-middle align-center\"  id=\"row-1297960612\">\n\n\n\t<div id=\"col-140444660\" class=\"col medium-5 small-12 large-5\"  >\n\t\t\t\t<div class=\"col-inner text-center\"  >\n\t\t\t\n\t\t\t\n\n\t<div class=\"img has-hover x md-x lg-x y md-y lg-y\" id=\"image_1800027732\">\n\t\t\t\t\t\t\t\t<div class=\"img-inner dark\" >\n\t\t\t<img decoding=\"async\" width=\"600\" height=\"720\" src=\"https:\/\/www.impacttesting.net\/wp-content\/uploads\/2025\/12\/Ball-Drop-Tester.webp\" class=\"attachment-large size-large\" alt=\"Tester za padec \u017eoge\" srcset=\"https:\/\/www.impacttesting.net\/wp-content\/uploads\/2025\/12\/Ball-Drop-Tester.webp 600w, https:\/\/www.impacttesting.net\/wp-content\/uploads\/2025\/12\/Ball-Drop-Tester-333x400.webp 333w\" sizes=\"(max-width: 600px) 100vw, 600px\" \/>\t\t\t\t\t\t\n\t\t\t\t\t<\/div>\n\t\t\t\t\t\t\t\t\n<style>\n#image_1800027732 {\n  width: 100%;\n}\n<\/style>\n\t<\/div>\n\t\n\n\n\t\t<\/div>\n\t\t\t\t\t<\/div>\n\n\t\n\n\t<div id=\"col-68141029\" class=\"col medium-7 small-12 large-7\"  >\n\t\t\t\t<div class=\"col-inner text-left\"  >\n\t\t\t\n\t\t\t\n\n\t<div id=\"text-1771017305\" class=\"text\">\n\t\t\n\n<h2>Razumevanje preizku\u0161evalnika Ball Drop Tester<\/h2>\n\t\t\n<style>\n#text-1771017305 {\n  font-size: 1.3rem;\n  text-align: left;\n}\n<\/style>\n\t<\/div>\n\t\n<p>Naprava deluje tako, da se jeklena kroglica dolo\u010dene mase in premera z vnaprej dolo\u010dene vi\u0161ine spusti na preskusni vzorec. Stopnja po\u0161kodb ali deformacij se analizira, da se oceni odpornost na udarce. Ta preskus je \u0161e posebej pomemben za skladnost z varnostnimi standardi, kot so npr. <strong><a href=\"https:\/\/www.impacttesting.net\/sl\/ansi-z87-1\/\">ANSI Z87.1<\/a> preskus udarca<\/strong>.<\/p>\n<a href=\"https:\/\/www.impacttesting.net\/sl\/contact-us\/\" class=\"button primary is-outline\"  style=\"border-radius:99px;\">\n    <span>Pi\u0161ite nam<\/span>\n  <\/a>\n\n\n\n\t\t<\/div>\n\t\t\t\t\t<\/div>\n\n\t\n\n<\/div>\n\n\t\t<\/div>\n\t\t\t\t\t<\/div>\n\n\t\n\n<\/div>\n\n\t\t<\/div>\n\t\t\t\t\t<\/div>\n\n\t\n\n<\/div>\n<div class=\"row\"  id=\"row-2097109775\">\n\n\n\t<div id=\"col-2119562147\" class=\"col small-12 large-12\"  >\n\t\t\t\t<div class=\"col-inner\"  >\n\t\t\t\n\t\t\t\n\n<div class=\"row\"  id=\"row-485529832\">\n\n\n\t<div id=\"col-1914067456\" class=\"col small-12 large-12\"  >\n\t\t\t\t<div class=\"col-inner\"  >\n\t\t\t\n\t\t\t\n\n\t<div id=\"text-3506499753\" class=\"text\">\n\t\t\n\n<h2>ANSI Z87.1 Test udarca: Klju\u010dne zahteve<\/h2>\n\t\t\n<style>\n#text-3506499753 {\n  font-size: 1.3rem;\n  text-align: center;\n}\n<\/style>\n\t<\/div>\n\t\n\n\t\t<\/div>\n\t\t\t\t\t<\/div>\n\n\t\n\n<\/div>\n<div class=\"row align-middle align-center\"  id=\"row-635220242\">\n\n\n\t<div id=\"col-1920453859\" class=\"col medium-7 small-12 large-7\"  >\n\t\t\t\t<div class=\"col-inner\"  >\n\t\t\t\n\t\t\t\n\n<p>Spletna stran <strong>Preskus udarca po standardu ANSI Z87.1<\/strong> je standardizirana metoda za ocenjevanje odpornosti za\u0161\u010ditnih o\u010dal proti udarcem. Namen tega preskusa je zagotoviti, da za\u0161\u010ditna o\u010dala, o\u010dala in \u0161\u010ditniki za obraz izpolnjujejo minimalne varnostne zahteve za za\u0161\u010dito uporabnikov pred izstrelki z veliko hitrostjo.<\/p>\n<h3>Preskusni aparati in nastavitve<\/h3>\n<ul>\n<li>Za pritrditev preskusnega primerka v polo\u017eaju z obrazom navzgor se uporablja toga oblika glave.<\/li>\n<li>A <strong>Jeklena kroglica premera 25,4 mm (1,0 palca)<\/strong>, tehtanje <strong>68 g (2,4 oz)<\/strong>, ki slu\u017ei kot izstrelek.<\/li>\n<li>Jeklena kroglica se sprosti iz <strong>vi\u0161ina 127 cm (50 palcev)<\/strong> skozi vodeno cev.<\/li>\n<li>Osnova modela glave ima maso vsaj <strong>30 kg (66 lb)<\/strong> za zagotovitev stabilnosti med testiranjem.<\/li>\n<\/ul>\n<h3>Preskusni postopek<\/h3>\n<ol>\n<li>Preskusni primerek je varno name\u0161\u010den na model glave, kar posnema pogoje uporabe v resni\u010dnem svetu.<\/li>\n<li>Za vzorcem je name\u0161\u010den podporni blok, ki ohranja pravilno poravnavo.<\/li>\n<li>Jeklena kroglica se spusti na povr\u0161ino le\u010de ali materiala v smeri o\u010desa.<\/li>\n<li>Preskus se zaradi natan\u010dnosti ponovi \u0161tirikrat na razli\u010dnih to\u010dkah le\u010de.<\/li>\n<li>Po\u0161kodbe zaradi udarca se analizirajo, da se ugotovi, ali material izpolnjuje varnostna merila.<\/li>\n<\/ol>\n\n\t\t<\/div>\n\t\t\t\t\t<\/div>\n\n\t\n\n\t<div id=\"col-1868073274\" class=\"col medium-4 small-12 large-4\"  >\n\t\t\t\t<div class=\"col-inner\"  >\n\t\t\t\n\t\t\t\n\n<div class=\"video video-fit mb\" style=\"padding-top:200%;\"><iframe title=\"Udarni tester s padajo\u010do kroglico za plasti\u010dne folije in plo\u0161\u010de\" width=\"563\" height=\"1000\" src=\"https:\/\/www.youtube.com\/embed\/AvdivZPwIxc?feature=oembed\" frameborder=\"0\" allow=\"accelerometer; autoplay; clipboard-write; encrypted-media; gyroscope; picture-in-picture; web-share\" referrerpolicy=\"strict-origin-when-cross-origin\" allowfullscreen><\/iframe><\/div>\n\n\n\t\t<\/div>\n\t\t\t\t\t<\/div>\n\n\t\n\n<\/div>\n\n\t\t<\/div>\n\t\t\t\t\t<\/div>\n\n\t\n\n<\/div>\n<div class=\"row\"  id=\"row-720492251\">\n\n\n\t<div id=\"col-64361898\" class=\"col small-12 large-12\"  >\n\t\t\t\t<div class=\"col-inner\"  >\n\t\t\t\n\t\t\t\n\n<div class=\"row\"  id=\"row-1471771721\">\n\n\n\t<div id=\"col-2115496146\" class=\"col small-12 large-12\"  >\n\t\t\t\t<div class=\"col-inner\"  >\n\t\t\t\n\t\t\t\n\n\t<div id=\"text-3684713326\" class=\"text\">\n\t\t\n\n<h2>FBT-01 Udarni tester padajo\u010dih pu\u0161\u010dic<\/h2>\n\t\t\n<style>\n#text-3684713326 {\n  font-size: 1.3rem;\n  text-align: center;\n}\n<\/style>\n\t<\/div>\n\t\n\n\t\t<\/div>\n\t\t\t\t\t<\/div>\n\n\t\n\n<\/div>\n<div class=\"row align-middle align-center\"  id=\"row-441776049\">\n\n\n\t<div id=\"col-1811089002\" class=\"col medium-6 small-12 large-6\"  >\n\t\t\t\t<div class=\"col-inner\"  >\n\t\t\t\n\t\t\t\n\n<h3>Klju\u010dne lastnosti:<\/h3>\n<ul>\n<li><strong>Nastavljiva vi\u0161ina udarca<\/strong> za prilagojene scenarije testiranja<\/li>\n<li><strong>Ve\u010d mo\u017enosti velikosti \u017eogic<\/strong> za razli\u010dne testne aplikacije<\/li>\n<li><strong>Elektromagnetno krogli\u010dno vzmetenje<\/strong> za natan\u010den \u010das spro\u0161\u010danja<\/li>\n<li><strong>Pnevmatsko vpenjanje vzorca<\/strong> za varno name\u0161\u010danje vzorcev<\/li>\n<li><strong>Prikaz rezultatov testiranja ve\u010d enot<\/strong> za enostavno interpretacijo podatkov<\/li>\n<li><strong>Vgrajen mikrotiskalnik<\/strong> za dokumentiranje rezultatov na kraju samem<\/li>\n<li><strong>Izbirna profesionalna programska oprema<\/strong> za napredno analizo podatkov<\/li>\n<\/ul>\n\n\t\t<\/div>\n\t\t\t\t\t<\/div>\n\n\t\n\n\t<div id=\"col-1348889608\" class=\"col medium-6 small-12 large-6\"  >\n\t\t\t\t<div class=\"col-inner\"  >\n\t\t\t\n\t\t\t\n\n<h3>Tehni\u010dne specifikacije:<\/h3>\n<ul>\n<li><strong>Vi\u0161ina udarca<\/strong>: Nastavljiv od 300 mm do 600 mm (po potrebi ga je mogo\u010de raz\u0161iriti)<\/li>\n<li><strong>Premeri kroglic<\/strong>: 23 mm, 25 mm, 28,6 mm, 38,1 mm, 50,8 mm<\/li>\n<li><strong>Natan\u010dnost<\/strong>: 0,1 g (0,1 J)<\/li>\n<li><strong>Velikost vzorca<\/strong>: Najmanj 150 mm x 150 mm<\/li>\n<li><strong>Oskrba s plinom<\/strong>: 0,6 MPa PU cev (\u03a68 mm)<\/li>\n<li><strong>Napajanje<\/strong>: AC 110~220V, 50Hz<\/li>\n<\/ul>\n\n\t\t<\/div>\n\t\t\t\t\t<\/div>\n\n\t\n\n<\/div>\n\n\t\t<\/div>\n\t\t\t\t\t<\/div>\n\n\t\n\n<\/div>\n<div class=\"row\"  id=\"row-1479928944\">\n\n\n\t<div id=\"col-810749453\" class=\"col small-12 large-12\"  >\n\t\t\t\t<div class=\"col-inner\"  >\n\t\t\t\n\t\t\t\n\n<div class=\"row\"  id=\"row-339996975\">\n\n\n\t<div id=\"col-1674549996\" class=\"col small-12 large-12\"  >\n\t\t\t\t<div class=\"col-inner\"  >\n\t\t\t\n\t\t\t\n\n\t<div id=\"text-4215505487\" class=\"text\">\n\t\t\n\n<h2>Preskus udarca \u017eoge: Dejavniki, ki vplivajo na rezultate<\/h2>\n\t\t\n<style>\n#text-4215505487 {\n  font-size: 1.3rem;\n  text-align: center;\n}\n<\/style>\n\t<\/div>\n\t\n\n\t\t<\/div>\n\t\t\t\t\t<\/div>\n\n\t\n\n\t<div id=\"col-2032110920\" class=\"col small-12 large-12\"  >\n\t\t\t\t<div class=\"col-inner\"  >\n\t\t\t\n\t\t\t\n\n<p>S preskusom udarca z \u017eogo se izmeri, kako dobro materiali prenesejo mo\u010dan stik s padajo\u010dim predmetom. Na rezultate preskusa vpliva ve\u010d dejavnikov:<\/p>\n<h4>1. Vi\u0161ina padca<\/h4>\n<p>Ve\u010dje vi\u0161ine padca ustvarijo ve\u010djo energijo udarca, kar simulira bolj ekstremne scenarije v resni\u010dnem svetu.<\/p>\n<h4>2. Velikost in masa kroglice<\/h4>\n<p>Ve\u010dje in te\u017eje krogle delujejo z ve\u010djo silo ob udarcu, kar vpliva na to, kako mo\u010dno se material deformira ali zlomi.<\/p>\n<h4>3. Lastnosti materiala<\/h4>\n<p>Trdnost, debelina in elasti\u010dnost prispevajo k temu, kako material absorbira in razpr\u0161i energijo udarca.<\/p>\n\n\t\t<\/div>\n\t\t\t\t\t<\/div>\n\n\t\n\n<\/div>\n\n\t\t<\/div>\n\t\t\t\t\t<\/div>\n\n\t\n\n<\/div>\n\n\t\t<\/div>\n\n\t\t\n<style>\n#section_37529396 {\n  padding-top: 30px;\n  padding-bottom: 30px;\n}\n<\/style>\n\t<\/section>\n\t\n\t<section class=\"section\" id=\"section_198792259\">\n\t\t<div class=\"bg section-bg fill bg-fill  bg-loaded\" >\n\n\t\t\t\n\t\t\t\n\t\t\t\n\n\t\t<\/div>\n\n\t\t\n\n\t\t<div class=\"section-content relative\">\n\t\t\t\n\n<div class=\"row\"  id=\"row-603683206\">\n\n\n\t<div id=\"col-1166759030\" class=\"col small-12 large-12\"  >\n\t\t\t\t<div class=\"col-inner\"  >\n\t\t\t\n\t\t\t\n\n<div class=\"row align-equal align-center\"  id=\"row-1046279221\">\n\n\n\t<div id=\"col-1710408217\" class=\"col small-12 large-12\"  >\n\t\t\t\t<div class=\"col-inner\"  >\n\t\t\t\n\t\t\t\n\n\t<div id=\"text-3045603147\" class=\"text\">\n\t\t\n\n<h2>Zakaj izbrati Impacttesting.net's<br \/>FBT-01 Tester za merjenje padca \u017eogice<\/h2>\n\t\t\n<style>\n#text-3045603147 {\n  font-size: 1.4rem;\n  text-align: center;\n}\n<\/style>\n\t<\/div>\n\t\n\n\t\t<\/div>\n\t\t\t\t\t<\/div>\n\n\t\n\n\t<div id=\"col-290174173\" class=\"col medium-6 small-12 large-6\"  >\n\t\t\t\t<div class=\"col-inner text-center\"  >\n\t\t\t\n\t\t\t\n\n\t<div id=\"text-1826708563\" class=\"text\">\n\t\t\n\n<p>Spletna stran <strong>tester za padec \u017eoge<\/strong> je klju\u010dno orodje za proizvajalce in strokovnjake za nadzor kakovosti. Pomaga zagotoviti, da materiali izpolnjujejo zahteve glede odpornosti na udarce, kar zagotavlja zaupanje v trajnost izdelka in varnost uporabnika. Ne glede na to, ali gre za testiranje za\u0161\u010ditnih o\u010dal pod <a href=\"https:\/\/www.impacttesting.net\/sl\/ansi-z87-1\/\"><strong>Standardi ANSI Z87.1<\/strong><\/a> ali izvajanje splo\u0161nih <strong>udarni testi z \u017eogo<\/strong>ta metoda ima pomembno vlogo pri ocenjevanju u\u010dinkovitosti materialov.<\/p>\n\t\t\n<style>\n#text-1826708563 {\n  font-size: 1.1rem;\n  line-height: 2;\n}\n<\/style>\n\t<\/div>\n\t\n<a href=\"https:\/\/www.impacttesting.net\/sl\/contact-us\/\" class=\"button primary is-outline\"  style=\"border-radius:99px;\">\n    <span>Pi\u0161ite nam<\/span>\n  <i class=\"icon-chat\" aria-hidden=\"true\" ><\/i><\/a>\n\n\n\n\t\t<\/div>\n\t\t\t\t\t<\/div>\n\n\t\n\n\t<div id=\"col-1339271556\" class=\"col medium-4 small-12 large-4\"  >\n\t\t\t\t<div class=\"col-inner text-center\"  >\n\t\t\t\n\t\t\t\n\n\n<div class=\"wpcf7 no-js\" id=\"wpcf7-f10-o1\" lang=\"en-US\" dir=\"ltr\" data-wpcf7-id=\"10\">\n<div class=\"screen-reader-response\"><p role=\"status\" aria-live=\"polite\" aria-atomic=\"true\"><\/p> <ul><\/ul><\/div>\n<form action=\"\/sl\/wp-json\/wp\/v2\/pages\/74#wpcf7-f10-o1\" method=\"post\" class=\"wpcf7-form init\" aria-label=\"Contact form\" novalidate=\"novalidate\" data-status=\"init\" data-trp-original-action=\"\/sl\/wp-json\/wp\/v2\/pages\/74#wpcf7-f10-o1\">\n<fieldset class=\"hidden-fields-container\"><input type=\"hidden\" name=\"_wpcf7\" value=\"10\" \/><input type=\"hidden\" name=\"_wpcf7_version\" value=\"6.1.4\" \/><input type=\"hidden\" name=\"_wpcf7_locale\" value=\"en_US\" \/><input type=\"hidden\" name=\"_wpcf7_unit_tag\" value=\"wpcf7-f10-o1\" \/><input type=\"hidden\" name=\"_wpcf7_container_post\" value=\"0\" \/><input type=\"hidden\" name=\"_wpcf7_posted_data_hash\" value=\"\" \/><input type=\"hidden\" name=\"_wpcf7_recaptcha_response\" value=\"\" \/>\n<\/fieldset>\n<p><span class=\"wpcf7-form-control-wrap\" data-name=\"Name\"><input size=\"40\" maxlength=\"400\" class=\"wpcf7-form-control wpcf7-text\" aria-invalid=\"false\" placeholder=\"Va\u0161e ime\" value=\"\" type=\"text\" name=\"Name\" \/><\/span><br \/>\n<span class=\"wpcf7-form-control-wrap\" data-name=\"Comapany\"><input size=\"40\" maxlength=\"400\" class=\"wpcf7-form-control wpcf7-text\" aria-invalid=\"false\" placeholder=\"Va\u0161e podjetje\" value=\"\" type=\"text\" name=\"Comapany\" \/><\/span><br \/>\n<span class=\"wpcf7-form-control-wrap\" data-name=\"Email\"><input size=\"40\" maxlength=\"400\" class=\"wpcf7-form-control wpcf7-email wpcf7-validates-as-required wpcf7-text wpcf7-validates-as-email\" aria-required=\"true\" aria-invalid=\"false\" placeholder=\"Va\u0161 e-po\u0161tni naslov*\" value=\"\" type=\"email\" name=\"Email\" \/><\/span><br \/>\n<span class=\"wpcf7-form-control-wrap\" data-name=\"Message\"><textarea cols=\"40\" rows=\"10\" maxlength=\"2000\" class=\"wpcf7-form-control wpcf7-textarea\" aria-invalid=\"false\" placeholder=\"Sporo\u010dilo\" name=\"Message\"><\/textarea><\/span>\n<\/p>\n<p><input class=\"wpcf7-form-control wpcf7-submit has-spinner\" type=\"submit\" value=\"Po\u0161lji\" \/>\n<\/p><div class=\"wpcf7-response-output\" aria-hidden=\"true\"><\/div>\n<input type=\"hidden\" name=\"trp-form-language\" value=\"sl\"\/><\/form>\n<\/div>\n\n\n\n\t\t<\/div>\n\t\t\t\t\t<\/div>\n\n\t\n\n<\/div>\n\n\t\t<\/div>\n\t\t\t\t\t<\/div>\n\n\t\n\n<\/div>\n\n\t\t<\/div>\n\n\t\t\n<style>\n#section_198792259 {\n  padding-top: 30px;\n  padding-bottom: 30px;\n  background-color: rgb(232, 234, 241);\n}\n<\/style>\n\t<\/section>","protected":false},"excerpt":{"rendered":"","protected":false},"author":1,"featured_media":0,"parent":0,"menu_order":0,"comment_status":"closed","ping_status":"closed","template":"page-blank.php","meta":{"footnotes":""},"class_list":["post-74","page","type-page","status-publish","hentry"],"_links":{"self":[{"href":"https:\/\/www.impacttesting.net\/sl\/wp-json\/wp\/v2\/pages\/74","targetHints":{"allow":["GET"]}}],"collection":[{"href":"https:\/\/www.impacttesting.net\/sl\/wp-json\/wp\/v2\/pages"}],"about":[{"href":"https:\/\/www.impacttesting.net\/sl\/wp-json\/wp\/v2\/types\/page"}],"author":[{"embeddable":true,"href":"https:\/\/www.impacttesting.net\/sl\/wp-json\/wp\/v2\/users\/1"}],"replies":[{"embeddable":true,"href":"https:\/\/www.impacttesting.net\/sl\/wp-json\/wp\/v2\/comments?post=74"}],"version-history":[{"count":2,"href":"https:\/\/www.impacttesting.net\/sl\/wp-json\/wp\/v2\/pages\/74\/revisions"}],"predecessor-version":[{"id":78,"href":"https:\/\/www.impacttesting.net\/sl\/wp-json\/wp\/v2\/pages\/74\/revisions\/78"}],"wp:attachment":[{"href":"https:\/\/www.impacttesting.net\/sl\/wp-json\/wp\/v2\/media?parent=74"}],"curies":[{"name":"wp","href":"https:\/\/api.w.org\/{rel}","templated":true}]}}