{"id":59,"date":"2025-12-24T05:33:37","date_gmt":"2025-12-24T05:33:37","guid":{"rendered":"https:\/\/www.impacttesting.net\/?page_id=59"},"modified":"2025-12-24T06:11:16","modified_gmt":"2025-12-24T06:11:16","slug":"astm-d3420","status":"publish","type":"page","link":"https:\/\/www.impacttesting.net\/sl\/astm-d3420\/","title":{"rendered":"ASTM D3420"},"content":{"rendered":"<section class=\"section\" id=\"section_1333305563\">\n\t\t<div class=\"bg section-bg fill bg-fill  bg-loaded\" >\n\n\t\t\t\n\t\t\t\n\t\t\t\n\n\t\t<\/div>\n\n\t\t\n\n\t\t<div class=\"section-content relative\">\n\t\t\t\n\n<div class=\"row\"  id=\"row-1378323063\">\n\n\n\t<div id=\"col-1329840525\" class=\"col small-12 large-12\"  >\n\t\t\t\t<div class=\"col-inner\" style=\"background-color:rgb(92, 171, 188);\" >\n\t\t\t\n\t\t\t\n\n<div class=\"row\"  id=\"row-897878514\">\n\n\n\t<div id=\"col-1104408770\" class=\"col small-12 large-12\"  >\n\t\t\t\t<div class=\"col-inner\"  >\n\t\t\t\n\t\t\t\n\n\t<div id=\"text-4041520042\" class=\"text\">\n\t\t\n\n<h1>ASTM D1709<\/h1>\n\t\t\n<style>\n#text-4041520042 {\n  font-size: 1.5rem;\n  text-align: center;\n}\n<\/style>\n\t<\/div>\n\t\n\t<div id=\"text-1176187715\" class=\"text\">\n\t\t\n\n<h2>Odpornost plasti\u010dne folije na udarce z nihalom<\/h2>\n\t\t\n<style>\n#text-1176187715 {\n  text-align: center;\n}\n<\/style>\n\t<\/div>\n\t\n\n\t\t<\/div>\n\t\t\t\t\n<style>\n#col-1104408770 > .col-inner {\n  padding: 50px 10px 10px 10px;\n}\n<\/style>\n\t<\/div>\n\n\t\n\n<\/div>\n<div class=\"row align-middle align-center\"  id=\"row-1315614520\">\n\n\n\t<div id=\"col-1491753520\" class=\"col medium-11 small-12 large-11\"  >\n\t\t\t\t<div class=\"col-inner\"  >\n\t\t\t\n\t\t\t\n\n<div class=\"row align-middle align-center\"  id=\"row-1097123809\">\n\n\n\t<div id=\"col-1779424230\" class=\"col medium-7 small-12 large-7\"  >\n\t\t\t\t<div class=\"col-inner\"  >\n\t\t\t\n\t\t\t\n\n<div class=\"row\"  id=\"row-1673136157\">\n\n\n\t<div id=\"col-700934859\" class=\"col small-12 large-12\"  >\n\t\t\t\t<div class=\"col-inner text-center\"  >\n\t\t\t\n\t\t\t\n\n\t<div id=\"text-2517870854\" class=\"text\">\n\t\t\n\n<p>Odpornost proti udarcem ima klju\u010dno vlogo pri ocenjevanju trajnosti in u\u010dinkovitosti materiala pri nenadnih obremenitvah. <a href=\"https:\/\/www.impacttesting.net\/sl\/astm-d3420\/\"><strong>ASTM D3420<\/strong><\/a>, standardna preskusna metoda za <strong>Odpornost plasti\u010dne folije na udarce z nihalom<\/strong>, je bistveno merilo za dolo\u010danje \u017eilavosti plasti\u010dnih folij. Ta metoda je \u0161e posebej dragocena za in\u017eenirje, ki se ukvarjajo z embala\u017eo, znanstvenike, ki se ukvarjajo z materiali, in strokovnjake za nadzor kakovosti, ki \u017eelijo zagotoviti, da folije izpolnjujejo zahteve glede zmogljivosti, specifi\u010dne za posamezno uporabo.<\/p>\n\t\t\n<style>\n#text-2517870854 {\n  color: rgb(0, 0, 0);\n}\n#text-2517870854 > * {\n  color: rgb(0, 0, 0);\n}\n<\/style>\n\t<\/div>\n\t\n\n\t\t<\/div>\n\t\t\t\t\t<\/div>\n\n\t\n\n\t<div id=\"col-1297504176\" class=\"col small-12 large-12\"  >\n\t\t\t\t<div class=\"col-inner text-center\"  >\n\t\t\t\n\t\t\t\n\n<a href=\"https:\/\/www.impacttesting.net\/sl\/contact-us\/\" class=\"button primary is-outline\"  style=\"border-radius:99px;\">\n    <span>Pi\u0161ite nam<\/span>\n  <i class=\"icon-chat\" aria-hidden=\"true\" ><\/i><\/a>\n\n\n\n\t\t<\/div>\n\t\t\t\t\t<\/div>\n\n\t\n\n<\/div>\n\n\t\t<\/div>\n\t\t\t\t\t<\/div>\n\n\t\n\n\t<div id=\"col-856461556\" class=\"col medium-5 small-12 large-5\"  >\n\t\t\t\t<div class=\"col-inner\"  >\n\t\t\t\n\t\t\t\n\n<div class=\"row\"  id=\"row-1838108938\">\n\n\n\t<div id=\"col-464094176\" class=\"col small-12 large-12\"  >\n\t\t\t\t<div class=\"col-inner\"  >\n\t\t\t\n\t\t\t\n\n\t<div class=\"img has-hover x md-x lg-x y md-y lg-y\" id=\"image_940028861\">\n\t\t<a class=\"\" href=\"https:\/\/www.impacttesting.net\/sl\/falling-dart-impact-tester\/\" >\t\t\t\t\t\t<div class=\"img-inner dark\" >\n\t\t\t<img decoding=\"async\" width=\"600\" height=\"440\" src=\"https:\/\/www.impacttesting.net\/wp-content\/uploads\/2025\/12\/ASTM-D3420-Pendulum-Impact-Resistance-of-Plastic-Film.webp\" class=\"attachment-large size-large\" alt=\"ASTM D3420 Odpornost plasti\u010dne folije na udarce z nihalom\" srcset=\"https:\/\/www.impacttesting.net\/wp-content\/uploads\/2025\/12\/ASTM-D3420-Pendulum-Impact-Resistance-of-Plastic-Film.webp 600w, https:\/\/www.impacttesting.net\/wp-content\/uploads\/2025\/12\/ASTM-D3420-Pendulum-Impact-Resistance-of-Plastic-Film-545x400.webp 545w\" sizes=\"(max-width: 600px) 100vw, 600px\" \/>\t\t\t\t\t\t\n\t\t\t\t\t<\/div>\n\t\t\t\t\t\t<\/a>\t\t\n<style>\n#image_940028861 {\n  width: 100%;\n}\n<\/style>\n\t<\/div>\n\t\n\n\n\t\t<\/div>\n\t\t\t\t\t<\/div>\n\n\t\n\n<\/div>\n\n\t\t<\/div>\n\t\t\t\t\t<\/div>\n\n\t\n\n<\/div>\n\n\t\t<\/div>\n\t\t\t\t\t<\/div>\n\n\t\n\n<\/div>\n\n\t\t<\/div>\n\t\t\t\t\t<\/div>\n\n\t\n\n\n<style>\n#row-1378323063 > .col > .col-inner {\n  border-radius: 25px;\n}\n<\/style>\n<\/div>\n\n\t\t<\/div>\n\n\t\t\n<style>\n#section_1333305563 {\n  padding-top: 30px;\n  padding-bottom: 30px;\n}\n<\/style>\n\t<\/section>\n\t\n\t<section class=\"section\" id=\"section_1602615365\">\n\t\t<div class=\"bg section-bg fill bg-fill  bg-loaded\" >\n\n\t\t\t\n\t\t\t\n\t\t\t\n\n\t\t<\/div>\n\n\t\t\n\n\t\t<div class=\"section-content relative\">\n\t\t\t\n\n<div class=\"row\"  id=\"row-1313196394\">\n\n\n\t<div id=\"col-782985245\" class=\"col small-12 large-12\"  >\n\t\t\t\t<div class=\"col-inner\"  >\n\t\t\t\n\t\t\t\n\n<div class=\"row\"  id=\"row-34731582\">\n\n\n\t<div id=\"col-1811893384\" class=\"col small-12 large-12\"  >\n\t\t\t\t<div class=\"col-inner\"  >\n\t\t\t\n\t\t\t\n\n\t<div id=\"text-2542972684\" class=\"text\">\n\t\t\n\n<h2>ASTM D3420 in njegov pomen<\/h2>\n\t\t\n<style>\n#text-2542972684 {\n  font-size: 1.3rem;\n  text-align: center;\n}\n<\/style>\n\t<\/div>\n\t\n\n\t\t<\/div>\n\t\t\t\t\t<\/div>\n\n\t\n\n\t<div id=\"col-1902037140\" class=\"col small-12 large-12\"  >\n\t\t\t\t<div class=\"col-inner\"  >\n\t\t\t\n\t\t\t\n\n<p>Standard ASTM D3420 opredeljuje metodo za merjenje energije, potrebne za prebod vzorca plasti\u010dne folije z uporabo nihala. Kineti\u010dna energija nihala posnema dejanske sile, s katerimi se lahko sre\u010da folija, na primer med pakiranjem, prevozom ali rokovanjem. Rezultat odra\u017ea dinami\u010dno natezno obna\u0161anje folije, kar zagotavlja bolj realisti\u010dno oceno kot stati\u010dni natezni preskusi.<\/p>\n\n\t\t<\/div>\n\t\t\t\t\t<\/div>\n\n\t\n\n\t<div id=\"col-424791248\" class=\"col small-12 large-12\"  >\n\t\t\t\t<div class=\"col-inner\"  >\n\t\t\t\n\t\t\t\n\n\t<div id=\"text-2664694395\" class=\"text\">\n\t\t\n\n<h3>ASTM D3420 - Standardi ASTM za udarno testiranje plastike<\/h3>\n\t\t\n<style>\n#text-2664694395 {\n  text-align: center;\n}\n<\/style>\n\t<\/div>\n\t\n\n\t\t<\/div>\n\t\t\t\t\t<\/div>\n\n\t\n\n\t<div id=\"col-441231424\" class=\"col small-12 large-12\"  >\n\t\t\t\t<div class=\"col-inner\"  >\n\t\t\t\n\t\t\t\n\n<p>ASTM D3420 se osredoto\u010da zlasti na <strong>odpornost na udarce nihala<\/strong>, zaradi \u010desar je eden najpomembnej\u0161ih <strong>Standardi ASTM za udarne preskuse plastike<\/strong>. Medtem ko druge metode, kot sta ASTM D1709 ali D4272, presku\u0161ajo podobne lastnosti, je metoda D3420 \u0161e posebej ugodna, ker:<\/p>\n<ul>\n<li>Omogo\u010da dinami\u010dno testiranje pri ve\u010djih deformacijah.<\/li>\n<li>Ponuja dva postopka testiranja (postopek A in postopek B) z razli\u010dnimi velikostmi vzorcev in sond.<\/li>\n<li>Rezultati temeljijo na energiji in omogo\u010dajo vpogled v nastanek in \u0161irjenje okvare.<\/li>\n<\/ul>\n<p>Ta standard se pogosto uporablja pri ocenjevanju filmov, izdelanih iz <strong>polietilen, polipropilen, PET<\/strong>in drugih obi\u010dajnih embala\u017enih materialov.<\/p>\n\n\t\t<\/div>\n\t\t\t\t\t<\/div>\n\n\t\n\n<\/div>\n\n\t\t<\/div>\n\t\t\t\t\t<\/div>\n\n\t\n\n<\/div>\n<div class=\"row\"  id=\"row-86296066\">\n\n\n\t<div id=\"col-1384098603\" class=\"col small-12 large-12\"  >\n\t\t\t\t<div class=\"col-inner\"  >\n\t\t\t\n\t\t\t\n\n<div class=\"row\"  id=\"row-71412209\">\n\n\n\t<div id=\"col-199673430\" class=\"col small-12 large-12\"  >\n\t\t\t\t<div class=\"col-inner\"  >\n\t\t\t\n\t\t\t\n\n\t<div id=\"text-3360106113\" class=\"text\">\n\t\t\n\n<h2>Sorodni udarni tester z nihalom<\/h2>\n\t\t\n<style>\n#text-3360106113 {\n  font-size: 1.3rem;\n  text-align: center;\n}\n<\/style>\n\t<\/div>\n\t\n\n\t\t<\/div>\n\t\t\t\t\t<\/div>\n\n\t\n\n<\/div>\n<div class=\"row\"  id=\"row-921887269\">\n\n\n\t<div id=\"col-1525870332\" class=\"col medium-6 small-12 large-6\"  >\n\t\t\t\t<div class=\"col-inner\"  >\n\t\t\t\n\t\t\t\n\n<h3>Preskusni aparati in nastavitve<\/h3>\n<p>Za izvajanje preskusov ASTM D3420 potrebujete umerjen udarni tester z nihalom. Spletna stran <a href=\"https:\/\/www.impacttesting.net\/sl\/pendulum-impact-tester\/\"><strong>PIT-01 Udarni tester z nihalom<\/strong><\/a> s spletne strani <strong>Cell Instruments<\/strong> je odli\u010dna re\u0161itev, ki v celoti izpolnjuje zahteve standarda ASTM D3420 in ponuja:<\/p>\n<ul>\n<li>Zelo natan\u010dno merjenje energije (od 0,5 J do 5,0 J)<\/li>\n<li>Izbirne ute\u017ei za prilagodljiva testna obmo\u010dja<\/li>\n<li>Digitalno od\u010ditavanje za la\u017eje zajemanje podatkov<\/li>\n<li>Dve zamenljivi udarni glavi za postopek A (odprtina 60 mm) in postopek B (odprtina 89 mm)<\/li>\n<\/ul>\n<p>Pri testih z ve\u010djo energijo je treba tester namestiti na ravno povr\u0161ino z ustreznimi sidri.<\/p>\n\n\t\t<\/div>\n\t\t\t\t\t<\/div>\n\n\t\n\n\t<div id=\"col-991062735\" class=\"col medium-6 small-12 large-6\"  >\n\t\t\t\t<div class=\"col-inner\"  >\n\t\t\t\n\t\t\t\n\n<h3>Priprava in kondicioniranje vzorca<\/h3>\n<p>Ustrezna priprava vzorca zagotavlja natan\u010dne in ponovljive rezultate. Upo\u0161tevajte naslednje korake:<\/p>\n<ul>\n<li><strong>Vrsta vzorca<\/strong>: Uporabite okrogle ali kvadratne vzorce folije s premerom 100 mm ali 100 \u00d7 100 mm.<\/li>\n<li><strong>Debelina<\/strong>: Z mikrometrom izmerite na 0,00125 mm natan\u010dno.<\/li>\n<li><strong>Kondicioniranje<\/strong>: Vzorce predhodno pripravite na 23 \u00b1 2 \u00b0C in 50 \u00b1 10% relativne vla\u017enosti (po ASTM D618) za vsaj 40 ur.<\/li>\n<\/ul>\n<p>Zagotovite, da so vzorci <strong>brez gub, napak ali neenakomerne debeline<\/strong>, kar bi lahko izkrivilo rezultate.<\/p>\n\n\t\t<\/div>\n\t\t\t\t\t<\/div>\n\n\t\n\n<\/div>\n\n\t\t<\/div>\n\t\t\t\t\t<\/div>\n\n\t\n\n<\/div>\n<div class=\"row\"  id=\"row-1023459209\">\n\n\n\t<div id=\"col-224842162\" class=\"col small-12 large-12\"  >\n\t\t\t\t<div class=\"col-inner\"  >\n\t\t\t\n\t\t\t\n\n<div class=\"row\"  id=\"row-931928911\">\n\n\n\t<div id=\"col-2110638071\" class=\"col small-12 large-12\"  >\n\t\t\t\t<div class=\"col-inner\"  >\n\t\t\t\n\t\t\t\n\n<div class=\"row\"  id=\"row-113289770\">\n\n\n\t<div id=\"col-1231090557\" class=\"col small-12 large-12\"  >\n\t\t\t\t<div class=\"col-inner\"  >\n\t\t\t\n\t\t\t\n\n\t<div id=\"text-1613515051\" class=\"text\">\n\t\t\n\n<h2>Pregled postopka udarnega testiranja z nihalom<\/h2>\n\t\t\n<style>\n#text-1613515051 {\n  font-size: 1.3rem;\n  text-align: center;\n}\n<\/style>\n\t<\/div>\n\t\n\n\t\t<\/div>\n\t\t\t\t\t<\/div>\n\n\t\n\n<\/div>\n<div class=\"row align-bottom align-center\"  id=\"row-673162881\">\n\n\n\t<div id=\"col-233856009\" class=\"col medium-7 small-12 large-7\"  >\n\t\t\t\t<div class=\"col-inner\"  >\n\t\t\t\n\t\t\t\n\n<ol>\n<li><strong>Pripenjanje vzorca<\/strong> med dvema okroglima plo\u0161\u010dama.<\/li>\n<li><strong>Dvignite in zasko\u010dite nihalo<\/strong> v za\u010detni polo\u017eaj.<\/li>\n<li><strong>Izni\u010ditev od\u010ditavanja<\/strong> in preverite, ali je pravilno poravnana.<\/li>\n<li><strong>Spustite nihalo<\/strong> udariti v sredi\u0161\u010de vzorca.<\/li>\n<li><strong>Preberi energijsko vrednost<\/strong> z digitalnega ali analognega izbirnika.<\/li>\n<\/ol>\n<p>Ta preskus ponovite na vsaj petih vzorcih, da dobite povpre\u010dno vrednost za poro\u010danje.<\/p>\n<p>Opomba: \u010ce nihalo ne prebode folije, pove\u010dajte energijo udarca z dodajanjem pomo\u017enih ute\u017ei ali uporabo tanj\u0161ega vzorca.<\/p>\n\n\t\t<\/div>\n\t\t\t\t\t<\/div>\n\n\t\n\n\t<div id=\"col-2068770827\" class=\"col medium-5 small-12 large-5\"  >\n\t\t\t\t<div class=\"col-inner\"  >\n\t\t\t\n\t\t\t\n\n<div class=\"video video-fit mb\" style=\"padding-top:56.25%;\"><iframe title=\"ASTM D3420 Udarni tester z nihalom za plasti\u010dne folije Udarni tester za plasti\u010dne folije\" width=\"1020\" height=\"574\" src=\"https:\/\/www.youtube.com\/embed\/vEx4esxMESw?feature=oembed\" frameborder=\"0\" allow=\"accelerometer; autoplay; clipboard-write; encrypted-media; gyroscope; picture-in-picture; web-share\" referrerpolicy=\"strict-origin-when-cross-origin\" allowfullscreen><\/iframe><\/div>\n\n\n\t\t<\/div>\n\t\t\t\t\t<\/div>\n\n\t\n\n<\/div>\n\n\t\t<\/div>\n\t\t\t\t\t<\/div>\n\n\t\n\n<\/div>\n\n\t\t<\/div>\n\t\t\t\t\t<\/div>\n\n\t\n\n<\/div>\n<div class=\"row\"  id=\"row-116179673\">\n\n\n\t<div id=\"col-1584382783\" class=\"col small-12 large-12\"  >\n\t\t\t\t<div class=\"col-inner\"  >\n\t\t\t\n\t\t\t\n\n<div class=\"row\"  id=\"row-1940902948\">\n\n\n\t<div id=\"col-287162776\" class=\"col small-12 large-12\"  >\n\t\t\t\t<div class=\"col-inner\"  >\n\t\t\t\n\t\t\t\n\n<div class=\"row\"  id=\"row-1351929677\">\n\n\n\t<div id=\"col-207934983\" class=\"col small-12 large-12\"  >\n\t\t\t\t<div class=\"col-inner\"  >\n\t\t\t\n\t\t\t\n\n\t<div id=\"text-1151512011\" class=\"text\">\n\t\t\n\n<h2>Interpretacija podatkov in analiza rezultatov<\/h2>\n\t\t\n<style>\n#text-1151512011 {\n  font-size: 1.3rem;\n  text-align: center;\n}\n<\/style>\n\t<\/div>\n\t\n\n\t\t<\/div>\n\t\t\t\t\t<\/div>\n\n\t\n\n<\/div>\n<div class=\"row align-middle align-center\"  id=\"row-859268756\">\n\n\n\t<div id=\"col-1826655139\" class=\"col medium-5 small-12 large-5\"  >\n\t\t\t\t<div class=\"col-inner\"  >\n\t\t\t\n\t\t\t\n\n<ol>\n<li>Kon\u010dni rezultat je energija (v joulih), ki je potrebna za prebod folije. To je neposredno merilo odpornosti materiala proti udarcem. Vi\u0161je vrednosti pomenijo trpe\u017enej\u0161e folije.<\/li>\n<li>Pri primerjanju materialov ali serij je treba zagotoviti enako debelino, okoljske pogoje in nastavitve sponk, da se odpravi variabilnost.<\/li>\n<\/ol>\n\n\t\t<\/div>\n\t\t\t\t\t<\/div>\n\n\t\n\n\t<div id=\"col-453127596\" class=\"col medium-5 small-12 large-5\"  >\n\t\t\t\t<div class=\"col-inner\"  >\n\t\t\t\n\t\t\t\n\n\t<div class=\"img has-hover x md-x lg-x y md-y lg-y\" id=\"image_1994029637\">\n\t\t\t\t\t\t\t\t<div class=\"img-inner dark\" >\n\t\t\t<img decoding=\"async\" width=\"600\" height=\"440\" src=\"https:\/\/www.impacttesting.net\/wp-content\/uploads\/2025\/12\/ASTM-D3420-Pendulum-Impact-Resistance-of-Plastic-Film.webp\" class=\"attachment-large size-large\" alt=\"ASTM D3420 Odpornost plasti\u010dne folije na udarce z nihalom\" srcset=\"https:\/\/www.impacttesting.net\/wp-content\/uploads\/2025\/12\/ASTM-D3420-Pendulum-Impact-Resistance-of-Plastic-Film.webp 600w, https:\/\/www.impacttesting.net\/wp-content\/uploads\/2025\/12\/ASTM-D3420-Pendulum-Impact-Resistance-of-Plastic-Film-545x400.webp 545w\" sizes=\"(max-width: 600px) 100vw, 600px\" \/>\t\t\t\t\t\t\n\t\t\t\t\t<\/div>\n\t\t\t\t\t\t\t\t\n<style>\n#image_1994029637 {\n  width: 100%;\n}\n<\/style>\n\t<\/div>\n\t\n\n\n\t\t<\/div>\n\t\t\t\t\t<\/div>\n\n\t\n\n<\/div>\n\n\t\t<\/div>\n\t\t\t\t\t<\/div>\n\n\t\n\n<\/div>\n\n\t\t<\/div>\n\t\t\t\t\t<\/div>\n\n\t\n\n<\/div>\n\n\t\t<\/div>\n\n\t\t\n<style>\n#section_1602615365 {\n  padding-top: 30px;\n  padding-bottom: 30px;\n}\n<\/style>\n\t<\/section>\n\t\n\t<section class=\"section\" id=\"section_520228104\">\n\t\t<div class=\"bg section-bg fill bg-fill  bg-loaded\" >\n\n\t\t\t\n\t\t\t\n\t\t\t\n\n\t\t<\/div>\n\n\t\t\n\n\t\t<div class=\"section-content relative\">\n\t\t\t\n\n<div class=\"row\"  id=\"row-1237131704\">\n\n\n\t<div id=\"col-1050094565\" class=\"col small-12 large-12\"  >\n\t\t\t\t<div class=\"col-inner\"  >\n\t\t\t\n\t\t\t\n\n<div class=\"row align-center\"  id=\"row-1087933475\">\n\n\n\t<div id=\"col-614181850\" class=\"col small-12 large-12\"  >\n\t\t\t\t<div class=\"col-inner\"  >\n\t\t\t\n\t\t\t\n\n\t<div id=\"text-1496738409\" class=\"text\">\n\t\t\n\n<h2>Zakaj izbrati Impacttesting.net's<br \/>PIT-01 Udarni tester z nihalom<\/h2>\n\t\t\n<style>\n#text-1496738409 {\n  font-size: 1.4rem;\n  text-align: center;\n}\n<\/style>\n\t<\/div>\n\t\n\n\t\t<\/div>\n\t\t\t\t\t<\/div>\n\n\t\n\n\t<div id=\"col-701847193\" class=\"col small-12 large-12\"  >\n\t\t\t\t<div class=\"col-inner\"  >\n\t\t\t\n\t\t\t\n\n<p>Spletna stran <a href=\"https:\/\/www.impacttesting.net\/sl\/pendulum-impact-tester\/\"><strong>PIT-01 Udarni tester z nihalom<\/strong><\/a> iz Impacttesting.net je zaradi naprednega in\u017eeniringa in uporabniku prijaznega vmesnika idealen za:<\/p>\n\n\t\t<\/div>\n\t\t\t\t\t<\/div>\n\n\t\n\n\t<div id=\"col-1758101950\" class=\"col medium-7 small-12 large-7\"  >\n\t\t\t\t<div class=\"col-inner text-center\"  >\n\t\t\t\n\t\t\t\n\n\t<div id=\"text-1273211350\" class=\"text\">\n\t\t\n\n<p>Nadzor kakovosti embala\u017ene folije<br \/>Laboratorijsko testiranje na podro\u010dju raziskav in razvoja<br \/>Skladnost z <a href=\"https:\/\/www.impacttesting.net\/sl\/astm-d3420\/\"><strong>ASTM D3420<\/strong><\/a> in z njimi povezani standardi.<\/p>\n\t\t\n<style>\n#text-1273211350 {\n  font-size: 1.1rem;\n  line-height: 1.3;\n}\n<\/style>\n\t<\/div>\n\t\n\t<div id=\"text-60082603\" class=\"text\">\n\t\t\n\n<p>S sprejetjem PIT-01 uporabniki pridobijo zaupanje v <strong>natan\u010dnost, ponovljivost in u\u010dinkovitost.<\/strong> svojih postopkov presku\u0161anja u\u010dinka.<\/p>\n\t\t\n<style>\n#text-60082603 {\n  font-size: 1.1rem;\n}\n<\/style>\n\t<\/div>\n\t\n<a href=\"https:\/\/www.impacttesting.net\/sl\/contact-us\/\" class=\"button primary is-outline\"  style=\"border-radius:99px;\">\n    <span>Pi\u0161ite nam<\/span>\n  <i class=\"icon-chat\" aria-hidden=\"true\" ><\/i><\/a>\n\n\n\n\t\t<\/div>\n\t\t\t\t\t<\/div>\n\n\t\n\n\t<div id=\"col-1598300421\" class=\"col medium-4 small-12 large-4\"  >\n\t\t\t\t<div class=\"col-inner text-center\"  >\n\t\t\t\n\t\t\t\n\n\n<div class=\"wpcf7 no-js\" id=\"wpcf7-f10-o1\" lang=\"en-US\" dir=\"ltr\" data-wpcf7-id=\"10\">\n<div class=\"screen-reader-response\"><p role=\"status\" aria-live=\"polite\" aria-atomic=\"true\"><\/p> <ul><\/ul><\/div>\n<form action=\"\/sl\/wp-json\/wp\/v2\/pages\/59#wpcf7-f10-o1\" method=\"post\" class=\"wpcf7-form init\" aria-label=\"Contact form\" novalidate=\"novalidate\" data-status=\"init\" data-trp-original-action=\"\/sl\/wp-json\/wp\/v2\/pages\/59#wpcf7-f10-o1\">\n<fieldset class=\"hidden-fields-container\"><input type=\"hidden\" name=\"_wpcf7\" value=\"10\" \/><input type=\"hidden\" name=\"_wpcf7_version\" value=\"6.1.4\" \/><input type=\"hidden\" name=\"_wpcf7_locale\" value=\"en_US\" \/><input type=\"hidden\" name=\"_wpcf7_unit_tag\" value=\"wpcf7-f10-o1\" \/><input type=\"hidden\" name=\"_wpcf7_container_post\" value=\"0\" \/><input type=\"hidden\" name=\"_wpcf7_posted_data_hash\" value=\"\" \/><input type=\"hidden\" name=\"_wpcf7_recaptcha_response\" value=\"\" \/>\n<\/fieldset>\n<p><span class=\"wpcf7-form-control-wrap\" data-name=\"Name\"><input size=\"40\" maxlength=\"400\" class=\"wpcf7-form-control wpcf7-text\" aria-invalid=\"false\" placeholder=\"Va\u0161e ime\" value=\"\" type=\"text\" name=\"Name\" \/><\/span><br \/>\n<span class=\"wpcf7-form-control-wrap\" data-name=\"Comapany\"><input size=\"40\" maxlength=\"400\" class=\"wpcf7-form-control wpcf7-text\" aria-invalid=\"false\" placeholder=\"Va\u0161e podjetje\" value=\"\" type=\"text\" name=\"Comapany\" \/><\/span><br \/>\n<span class=\"wpcf7-form-control-wrap\" data-name=\"Email\"><input size=\"40\" maxlength=\"400\" class=\"wpcf7-form-control wpcf7-email wpcf7-validates-as-required wpcf7-text wpcf7-validates-as-email\" aria-required=\"true\" aria-invalid=\"false\" placeholder=\"Va\u0161 e-po\u0161tni naslov*\" value=\"\" type=\"email\" name=\"Email\" \/><\/span><br \/>\n<span class=\"wpcf7-form-control-wrap\" data-name=\"Message\"><textarea cols=\"40\" rows=\"10\" maxlength=\"2000\" class=\"wpcf7-form-control wpcf7-textarea\" aria-invalid=\"false\" placeholder=\"Sporo\u010dilo\" name=\"Message\"><\/textarea><\/span>\n<\/p>\n<p><input class=\"wpcf7-form-control wpcf7-submit has-spinner\" type=\"submit\" value=\"Po\u0161lji\" \/>\n<\/p><div class=\"wpcf7-response-output\" aria-hidden=\"true\"><\/div>\n<input type=\"hidden\" name=\"trp-form-language\" value=\"sl\"\/><\/form>\n<\/div>\n\n\n\n\t\t<\/div>\n\t\t\t\t\t<\/div>\n\n\t\n\n<\/div>\n\n\t\t<\/div>\n\t\t\t\t\t<\/div>\n\n\t\n\n<\/div>\n\n\t\t<\/div>\n\n\t\t\n<style>\n#section_520228104 {\n  padding-top: 30px;\n  padding-bottom: 30px;\n  background-color: rgb(232, 234, 241);\n}\n<\/style>\n\t<\/section>","protected":false},"excerpt":{"rendered":"","protected":false},"author":1,"featured_media":0,"parent":0,"menu_order":0,"comment_status":"closed","ping_status":"closed","template":"page-blank.php","meta":{"footnotes":""},"class_list":["post-59","page","type-page","status-publish","hentry"],"_links":{"self":[{"href":"https:\/\/www.impacttesting.net\/sl\/wp-json\/wp\/v2\/pages\/59","targetHints":{"allow":["GET"]}}],"collection":[{"href":"https:\/\/www.impacttesting.net\/sl\/wp-json\/wp\/v2\/pages"}],"about":[{"href":"https:\/\/www.impacttesting.net\/sl\/wp-json\/wp\/v2\/types\/page"}],"author":[{"embeddable":true,"href":"https:\/\/www.impacttesting.net\/sl\/wp-json\/wp\/v2\/users\/1"}],"replies":[{"embeddable":true,"href":"https:\/\/www.impacttesting.net\/sl\/wp-json\/wp\/v2\/comments?post=59"}],"version-history":[{"count":5,"href":"https:\/\/www.impacttesting.net\/sl\/wp-json\/wp\/v2\/pages\/59\/revisions"}],"predecessor-version":[{"id":75,"href":"https:\/\/www.impacttesting.net\/sl\/wp-json\/wp\/v2\/pages\/59\/revisions\/75"}],"wp:attachment":[{"href":"https:\/\/www.impacttesting.net\/sl\/wp-json\/wp\/v2\/media?parent=59"}],"curies":[{"name":"wp","href":"https:\/\/api.w.org\/{rel}","templated":true}]}}