{"id":48,"date":"2025-12-24T03:25:25","date_gmt":"2025-12-24T03:25:25","guid":{"rendered":"https:\/\/www.impacttesting.net\/?page_id=48"},"modified":"2025-12-24T05:48:32","modified_gmt":"2025-12-24T05:48:32","slug":"pendulum-impact-tester","status":"publish","type":"page","link":"https:\/\/www.impacttesting.net\/sl\/pendulum-impact-tester\/","title":{"rendered":"PIT-01 Udarni tester z nihalom"},"content":{"rendered":"<section class=\"section\" id=\"section_1049383662\">\n\t\t<div class=\"bg section-bg fill bg-fill  bg-loaded\" >\n\n\t\t\t\n\t\t\t\n\t\t\t\n\n\t\t<\/div>\n\n\t\t\n\n\t\t<div class=\"section-content relative\">\n\t\t\t\n\n<div class=\"row\"  id=\"row-261920119\">\n\n\n\t<div id=\"col-2083971904\" class=\"col small-12 large-12\"  >\n\t\t\t\t<div class=\"col-inner\" style=\"background-color:rgb(92, 171, 188);\" >\n\t\t\t\n\t\t\t\n\n<div class=\"row\"  id=\"row-1889031107\">\n\n\n\t<div id=\"col-607067960\" class=\"col small-12 large-12\"  >\n\t\t\t\t<div class=\"col-inner\"  >\n\t\t\t\n\t\t\t\n\n\t<div id=\"text-842201481\" class=\"text\">\n\t\t\n\n<h1>PIT-01 Udarni tester z nihalom<\/h1>\n\t\t\n<style>\n#text-842201481 {\n  font-size: 1.5rem;\n  text-align: center;\n}\n<\/style>\n\t<\/div>\n\t\n\n\t\t<\/div>\n\t\t\t\t\n<style>\n#col-607067960 > .col-inner {\n  padding: 50px 10px 10px 10px;\n}\n<\/style>\n\t<\/div>\n\n\t\n\n<\/div>\n<div class=\"row align-middle align-center\"  id=\"row-855329482\">\n\n\n\t<div id=\"col-1359627981\" class=\"col medium-11 small-12 large-11\"  >\n\t\t\t\t<div class=\"col-inner\"  >\n\t\t\t\n\t\t\t\n\n<div class=\"row align-middle align-center\"  id=\"row-130708773\">\n\n\n\t<div id=\"col-197384436\" class=\"col medium-7 small-12 large-7\"  >\n\t\t\t\t<div class=\"col-inner\"  >\n\t\t\t\n\t\t\t\n\n<div class=\"row\"  id=\"row-601597603\">\n\n\n\t<div id=\"col-419013024\" class=\"col small-12 large-12\"  >\n\t\t\t\t<div class=\"col-inner text-center\"  >\n\t\t\t\n\t\t\t\n\n\t<div id=\"text-1972648045\" class=\"text\">\n\t\t\n\n<p>Spletna stran <strong>udarni tester z nihalom<\/strong> meri zmo\u017enost materiala, da se upre nenadnim udarcem, tako da bele\u017ei energijo, ki je potrebna za raztrganje ali penetracijo. <a href=\"https:\/\/www.impacttesting.net\/sl\/astm-d3420\/\"><strong>ASTM D3420<\/strong><\/a> zagotavlja standardizirano metodo za ocenjevanje odpornosti plasti\u010dnih folij proti udarcem, kar zagotavlja dosleden nadzor kakovosti in opredelitev materiala. Obi\u010dajno preizku\u0161eni materiali vklju\u010dujejo <strong>plasti\u010dne folije, laminate, kompozite, folije in papir, ki se uporabljajo v embala\u017ei<\/strong>, avtomobilske in gradbene aplikacije.<\/p>\n\t\t\n<style>\n#text-1972648045 {\n  color: rgb(0, 0, 0);\n}\n#text-1972648045 > * {\n  color: rgb(0, 0, 0);\n}\n<\/style>\n\t<\/div>\n\t\n\n\t\t<\/div>\n\t\t\t\t\t<\/div>\n\n\t\n\n\t<div id=\"col-1024892079\" class=\"col small-12 large-12\"  >\n\t\t\t\t<div class=\"col-inner text-center\"  >\n\t\t\t\n\t\t\t\n\n<a href=\"https:\/\/www.impacttesting.net\/sl\/contact-us\/\" class=\"button primary is-outline\"  style=\"border-radius:99px;\">\n    <span>Pi\u0161ite nam<\/span>\n  <i class=\"icon-chat\" aria-hidden=\"true\" ><\/i><\/a>\n\n\n\n\t\t<\/div>\n\t\t\t\t\t<\/div>\n\n\t\n\n<\/div>\n\n\t\t<\/div>\n\t\t\t\t\t<\/div>\n\n\t\n\n\t<div id=\"col-1135253821\" class=\"col medium-4 small-12 large-4\"  >\n\t\t\t\t<div class=\"col-inner\"  >\n\t\t\t\n\t\t\t\n\n<div class=\"row\"  id=\"row-2087882028\">\n\n\n\t<div id=\"col-143747490\" class=\"col small-12 large-12\"  >\n\t\t\t\t<div class=\"col-inner\"  >\n\t\t\t\n\t\t\t\n\n\t<div class=\"img has-hover x md-x lg-x y md-y lg-y\" id=\"image_1745870931\">\n\t\t\t\t\t\t\t\t<div class=\"img-inner dark\" >\n\t\t\t<img decoding=\"async\" width=\"728\" height=\"800\" src=\"https:\/\/www.impacttesting.net\/wp-content\/uploads\/2025\/12\/Pendulum-Impact-Tester-ASTM-D3420-amp-Spencer-Impact-Test-Impact-Testing-728x800.webp\" class=\"attachment-large size-large\" alt=\"Udarni test z nihalom - ASTM D3420 in Spencerjev udarni test - Udarno testiranje\" srcset=\"https:\/\/www.impacttesting.net\/wp-content\/uploads\/2025\/12\/Pendulum-Impact-Tester-ASTM-D3420-amp-Spencer-Impact-Test-Impact-Testing-728x800.webp 728w, https:\/\/www.impacttesting.net\/wp-content\/uploads\/2025\/12\/Pendulum-Impact-Tester-ASTM-D3420-amp-Spencer-Impact-Test-Impact-Testing-364x400.webp 364w, https:\/\/www.impacttesting.net\/wp-content\/uploads\/2025\/12\/Pendulum-Impact-Tester-ASTM-D3420-amp-Spencer-Impact-Test-Impact-Testing-768x844.webp 768w, https:\/\/www.impacttesting.net\/wp-content\/uploads\/2025\/12\/Pendulum-Impact-Tester-ASTM-D3420-amp-Spencer-Impact-Test-Impact-Testing-1397x1536.webp 1397w, https:\/\/www.impacttesting.net\/wp-content\/uploads\/2025\/12\/Pendulum-Impact-Tester-ASTM-D3420-amp-Spencer-Impact-Test-Impact-Testing.webp 1558w\" sizes=\"(max-width: 728px) 100vw, 728px\" \/>\t\t\t\t\t\t\n\t\t\t\t\t<\/div>\n\t\t\t\t\t\t\t\t\n<style>\n#image_1745870931 {\n  width: 100%;\n}\n<\/style>\n\t<\/div>\n\t\n\n\n\t\t<\/div>\n\t\t\t\t\t<\/div>\n\n\t\n\n<\/div>\n\n\t\t<\/div>\n\t\t\t\t\t<\/div>\n\n\t\n\n<\/div>\n\n\t\t<\/div>\n\t\t\t\t\t<\/div>\n\n\t\n\n<\/div>\n\n\t\t<\/div>\n\t\t\t\t\t<\/div>\n\n\t\n\n\n<style>\n#row-261920119 > .col > .col-inner {\n  border-radius: 25px;\n}\n<\/style>\n<\/div>\n\n\t\t<\/div>\n\n\t\t\n<style>\n#section_1049383662 {\n  padding-top: 30px;\n  padding-bottom: 30px;\n}\n<\/style>\n\t<\/section>\n\t\n\t<section class=\"section\" id=\"section_832183653\">\n\t\t<div class=\"bg section-bg fill bg-fill  bg-loaded\" >\n\n\t\t\t\n\t\t\t\n\t\t\t\n\n\t\t<\/div>\n\n\t\t\n\n\t\t<div class=\"section-content relative\">\n\t\t\t\n\n<div class=\"row\"  id=\"row-1868466041\">\n\n\n\t<div id=\"col-497630741\" class=\"col small-12 large-12\"  >\n\t\t\t\t<div class=\"col-inner\"  >\n\t\t\t\n\t\t\t\n\n<div class=\"row\"  id=\"row-912204213\">\n\n\n\t<div id=\"col-211931058\" class=\"col small-12 large-12\"  >\n\t\t\t\t<div class=\"col-inner\"  >\n\t\t\t\n\t\t\t\n\n<div class=\"row\"  id=\"row-1982624497\">\n\n\n\t<div id=\"col-1463366014\" class=\"col small-12 large-12\"  >\n\t\t\t\t<div class=\"col-inner\"  >\n\t\t\t\n\t\t\t\n\n\t<div id=\"text-2460543068\" class=\"text\">\n\t\t\n\n<h2>Kako deluje udarni tester z nihalom<\/h2>\n\t\t\n<style>\n#text-2460543068 {\n  font-size: 1.3rem;\n  text-align: center;\n}\n<\/style>\n\t<\/div>\n\t\n<p>Spletna stran <strong>PIT-01 Udarni tester z nihalom<\/strong> po <strong>Impacttesting.net<\/strong> je zasnovan tako, da zagotavlja natan\u010dne in ponovljive meritve udarne odpornosti. Postopek testiranja vklju\u010duje:<\/p>\n\n\t\t<\/div>\n\t\t\t\t\t<\/div>\n\n\t\n\n<\/div>\n<div class=\"row align-middle\"  id=\"row-223880512\">\n\n\n\t<div id=\"col-161092990\" class=\"col medium-6 small-12 large-6\"  >\n\t\t\t\t<div class=\"col-inner\"  >\n\t\t\t\n\t\t\t\n\n<ol>\n<li>Priprava vzorca: Izberemo vzorec enakomerne debeline in konsistence.<\/li>\n<li>vpenjanje vzorca: Film se pritrdi s pnevmatskim sistemom za vpenjanje.<\/li>\n<li>Sprostitev nihala: nihalo, opremljeno z udarno glavo, se samodejno sprosti z vnaprej dolo\u010dene vi\u0161ine.<\/li>\n<li>Merjenje u\u010dinka: Pri tem se zabele\u017ei energija, ki jo material absorbira ob udarcu.<\/li>\n<li>Analiza podatkov: Rezultati se prika\u017eejo na digitalnem vmesniku z opcijskim mikrotiskalnikom za takoj\u0161nje poro\u010danje.<\/li>\n<\/ol>\n\n\t\t<\/div>\n\t\t\t\t\t<\/div>\n\n\t\n\n\t<div id=\"col-1390630628\" class=\"col medium-6 small-12 large-6\"  >\n\t\t\t\t<div class=\"col-inner\"  >\n\t\t\t\n\t\t\t\n\n<div class=\"video video-fit mb\" style=\"padding-top:56.25%;\"><iframe title=\"ASTM D3420 Udarni tester z nihalom za plasti\u010dne folije Udarni tester za plasti\u010dne folije\" width=\"1020\" height=\"574\" src=\"https:\/\/www.youtube.com\/embed\/vEx4esxMESw?feature=oembed\" frameborder=\"0\" allow=\"accelerometer; autoplay; clipboard-write; encrypted-media; gyroscope; picture-in-picture; web-share\" referrerpolicy=\"strict-origin-when-cross-origin\" allowfullscreen><\/iframe><\/div>\n\n\n\t\t<\/div>\n\t\t\t\t\t<\/div>\n\n\t\n\n<\/div>\n\n\t\t<\/div>\n\t\t\t\t\t<\/div>\n\n\t\n\n<\/div>\n\n\t\t<\/div>\n\t\t\t\t\t<\/div>\n\n\t\n\n<\/div>\n<div class=\"row\"  id=\"row-786646931\">\n\n\n\t<div id=\"col-569585141\" class=\"col small-12 large-12\"  >\n\t\t\t\t<div class=\"col-inner\"  >\n\t\t\t\n\t\t\t\n\n<div class=\"row\"  id=\"row-1280545206\">\n\n\n\t<div id=\"col-261082952\" class=\"col small-12 large-12\"  >\n\t\t\t\t<div class=\"col-inner\"  >\n\t\t\t\n\t\t\t\n\n\t<div id=\"text-515756277\" class=\"text\">\n\t\t\n\n<h2>ASTM D3420 in Spencerjev udarni test<\/h2>\n\t\t\n<style>\n#text-515756277 {\n  font-size: 1.3rem;\n  text-align: center;\n}\n<\/style>\n\t<\/div>\n\t\n\n\t\t<\/div>\n\t\t\t\t\t<\/div>\n\n\t\n\n\t<div id=\"col-1841168850\" class=\"col small-12 large-12\"  >\n\t\t\t\t<div class=\"col-inner\"  >\n\t\t\t\n\t\t\t\n\n<h3>ASTM D3420 - Preskusna metoda za ugotavljanje odpornosti plasti\u010dne folije na udarce z nihalom<\/h3>\n<p><a href=\"https:\/\/www.impacttesting.net\/sl\/astm-d3420\/\">ASTM D3420<\/a> dolo\u010da metodo za dolo\u010danje <strong>odpornost plasti\u010dnih folij proti udarcem<\/strong> z merjenjem energije, ki je potrebna, da udarna glava z nihalom prebije preskusni vzorec. Test je zasnovan tako, da omogo\u010da vpogled v dinami\u010dno natezno obna\u0161anje materiala v pogojih visoke stopnje deformacije, zaradi \u010desar je bistvenega pomena za ocenjevanje materialov za embala\u017eo.<\/p>\n<p>Klju\u010dni vidiki standarda ASTM D3420 vklju\u010dujejo:<\/p>\n<p>Merjenje izgube energije zaradi udarca nihajne sonde na preskusni vzorec.<br \/>Dva postopka (A in B), ki se razlikujeta po velikosti vzorca, z <strong>Postopek B se pogosto imenuje Spencerjev udarni preskus<\/strong>.<br \/>Pomemben pri aplikacijah, ki zahtevajo visoko odpornost proti udarcem, kot so folije za pakiranje \u017eivil in farmacevtskih izdelkov.<\/p>\n<h3>Spencerjev test udarca: Specializirana razli\u010dica<\/h3>\n<p>Spletna stran <strong>Spencerjev udarni test<\/strong> je razli\u010dica standarda ASTM D3420, ki je obi\u010dajno povezana z <strong>Postopek B<\/strong>, ki uporablja <strong>objemka za vzorce s premerom 89 mm<\/strong>. Ta metoda se pogosto uporablja za ocenjevanje folij, ki se uporabljajo v pro\u017eni embala\u017ei, saj zagotavlja, da materiali prenesejo mehanske obremenitve, ne da bi se pretrgali ali predrli.<\/p>\n\n\t\t<\/div>\n\t\t\t\t\t<\/div>\n\n\t\n\n<\/div>\n\n\t\t<\/div>\n\t\t\t\t\t<\/div>\n\n\t\n\n<\/div>\n<div class=\"row\"  id=\"row-1011706016\">\n\n\n\t<div id=\"col-1629723866\" class=\"col small-12 large-12\"  >\n\t\t\t\t<div class=\"col-inner\"  >\n\t\t\t\n\t\t\t\n\n<div class=\"row\"  id=\"row-572261897\">\n\n\n\t<div id=\"col-1169734421\" class=\"col small-12 large-12\"  >\n\t\t\t\t<div class=\"col-inner\"  >\n\t\t\t\n\t\t\t\n\n\t<div id=\"text-2553759464\" class=\"text\">\n\t\t\n\n<h2>PIT-01 Udarni tester z nihalom<\/h2>\n\t\t\n<style>\n#text-2553759464 {\n  font-size: 1.3rem;\n  text-align: center;\n}\n<\/style>\n\t<\/div>\n\t\n\n\t\t<\/div>\n\t\t\t\t\t<\/div>\n\n\t\n\n<\/div>\n<div class=\"row\"  id=\"row-281009493\">\n\n\n\t<div id=\"col-25677037\" class=\"col medium-6 small-12 large-6\"  >\n\t\t\t\t<div class=\"col-inner\"  >\n\t\t\t\n\t\t\t\n\n<h3>Klju\u010dne lastnosti:<\/h3>\n<p>Udarni tester Cell Instruments' PIT-01 Pendulum Impact Tester ponuja napredne funkcije za zelo natan\u010dno testiranje materialov:<\/p>\n<ul>\n<li>Krmiljenje PLC in zaslon na dotik HMI za enostavno upravljanje.<\/li>\n<li>Pnevmatsko vpenjanje vzorcev za zagotavljanje stabilnega polo\u017eaja.<\/li>\n<li>Samodejno spro\u0161\u010danje nihala za dosledno preizku\u0161anje udarcev.<\/li>\n<li>Samodejna statistika podatkov in mikrotiskalnik za u\u010dinkovito dokumentiranje rezultatov.<\/li>\n<li>Natan\u010dno merjenje kotov za natan\u010dne izra\u010dune energije.<\/li>\n<li>Priklju\u010dek RS232 in programska oprema (po izbiri) za napredno analizo podatkov.<\/li>\n<\/ul>\n\n\t\t<\/div>\n\t\t\t\t\t<\/div>\n\n\t\n\n\t<div id=\"col-83408616\" class=\"col medium-6 small-12 large-6\"  >\n\t\t\t\t<div class=\"col-inner\"  >\n\t\t\t\n\t\t\t\n\n<h3>Tehni\u010dne specifikacije:<\/h3>\n<table width=\"360\">\n<tbody>\n<tr>\n<td style=\"text-align: center;\" width=\"143\">U\u010dinkovita energija<\/td>\n<td style=\"text-align: center;\" width=\"217\">1 J, 2 J, 3 J<\/td>\n<\/tr>\n<tr>\n<td style=\"text-align: center;\" width=\"143\">Resolucija<\/td>\n<td style=\"text-align: center;\" width=\"217\">\u00a00.001 J<\/td>\n<\/tr>\n<tr>\n<td style=\"text-align: center;\" width=\"143\">Velikost udarne glave<\/td>\n<td style=\"text-align: center;\" width=\"217\">\u042425,4, \u042419, \u042412,7 mm\u00a0<\/td>\n<\/tr>\n<tr>\n<td style=\"text-align: center;\" width=\"143\">Objemka za vzorce<\/td>\n<td style=\"text-align: center;\" width=\"217\">Pnevmatska objemka<\/td>\n<\/tr>\n<tr>\n<td style=\"text-align: center;\" width=\"143\">Premer objemke<\/td>\n<td style=\"text-align: center;\" width=\"217\">\u042489 mm, \u042460 mm<\/td>\n<\/tr>\n<tr>\n<td style=\"text-align: center;\" width=\"143\">Oskrba s plinom<\/td>\n<td style=\"text-align: center;\" width=\"217\">0,6 MPa \u03a66 mm PU cevi<\/td>\n<\/tr>\n<tr>\n<td style=\"text-align: center;\" width=\"143\">Velikost vzorca<\/td>\n<td style=\"text-align: center;\" width=\"217\">100*100 mm ali \u0424100 mm<\/td>\n<\/tr>\n<tr>\n<td style=\"text-align: center;\" width=\"143\">Napajanje\u00a0<\/td>\n<td style=\"text-align: center;\" width=\"217\">AC 110 ~ 220V 50Hz<\/td>\n<\/tr>\n<\/tbody>\n<\/table>\n\n\t\t<\/div>\n\t\t\t\t\t<\/div>\n\n\t\n\n<\/div>\n\n\t\t<\/div>\n\t\t\t\t\t<\/div>\n\n\t\n\n<\/div>\n\n\t\t<\/div>\n\n\t\t\n<style>\n#section_832183653 {\n  padding-top: 30px;\n  padding-bottom: 30px;\n}\n<\/style>\n\t<\/section>\n\t\n\t<section class=\"section\" id=\"section_2081079178\">\n\t\t<div class=\"bg section-bg fill bg-fill  bg-loaded\" >\n\n\t\t\t\n\t\t\t\n\t\t\t\n\n\t\t<\/div>\n\n\t\t\n\n\t\t<div class=\"section-content relative\">\n\t\t\t\n\n<div class=\"row\"  id=\"row-576953403\">\n\n\n\t<div id=\"col-887726924\" class=\"col small-12 large-12\"  >\n\t\t\t\t<div class=\"col-inner\"  >\n\t\t\t\n\t\t\t\n\n<div class=\"row align-equal align-center\"  id=\"row-953059655\">\n\n\n\t<div id=\"col-611990708\" class=\"col small-12 large-12\"  >\n\t\t\t\t<div class=\"col-inner\"  >\n\t\t\t\n\t\t\t\n\n\t<div id=\"text-1176047633\" class=\"text\">\n\t\t\n\n<h2>Zakaj izbrati Impacttesting.net's<br \/>PIT-01 Udarni tester z nihalom<\/h2>\n\t\t\n<style>\n#text-1176047633 {\n  font-size: 1.4rem;\n  text-align: center;\n}\n<\/style>\n\t<\/div>\n\t\n\n\t\t<\/div>\n\t\t\t\t\t<\/div>\n\n\t\n\n\t<div id=\"col-1625507723\" class=\"col medium-6 small-12 large-6\"  >\n\t\t\t\t<div class=\"col-inner text-center\"  >\n\t\t\t\n\t\t\t\n\n\t<div id=\"text-1265448597\" class=\"text\">\n\t\t\n\n<p>Z vklju\u010devanjem <strong>preskus udarca z nihalom<\/strong> v postopke nadzora kakovosti lahko izbolj\u0161ate trajnost izdelkov in skladnost z industrijskimi standardi. <strong>Impacttesting.net<\/strong> zagotavlja najsodobnej\u0161e re\u0161itve za izpolnjevanje va\u0161ih potreb po testiranju materialov.<\/p>\n\t\t\n<style>\n#text-1265448597 {\n  font-size: 1.1rem;\n  line-height: 2;\n}\n<\/style>\n\t<\/div>\n\t\n<a href=\"https:\/\/www.impacttesting.net\/sl\/contact-us\/\" class=\"button primary is-outline\"  style=\"border-radius:99px;\">\n    <span>Pi\u0161ite nam<\/span>\n  <i class=\"icon-chat\" aria-hidden=\"true\" ><\/i><\/a>\n\n\n\n\t\t<\/div>\n\t\t\t\t\t<\/div>\n\n\t\n\n\t<div id=\"col-1931119642\" class=\"col medium-4 small-12 large-4\"  >\n\t\t\t\t<div class=\"col-inner text-center\"  >\n\t\t\t\n\t\t\t\n\n\n<div class=\"wpcf7 no-js\" id=\"wpcf7-f10-o1\" lang=\"en-US\" dir=\"ltr\" data-wpcf7-id=\"10\">\n<div class=\"screen-reader-response\"><p role=\"status\" aria-live=\"polite\" aria-atomic=\"true\"><\/p> <ul><\/ul><\/div>\n<form action=\"\/sl\/wp-json\/wp\/v2\/pages\/48#wpcf7-f10-o1\" method=\"post\" class=\"wpcf7-form init\" aria-label=\"Contact form\" novalidate=\"novalidate\" data-status=\"init\" data-trp-original-action=\"\/sl\/wp-json\/wp\/v2\/pages\/48#wpcf7-f10-o1\">\n<fieldset class=\"hidden-fields-container\"><input type=\"hidden\" name=\"_wpcf7\" value=\"10\" \/><input type=\"hidden\" name=\"_wpcf7_version\" value=\"6.1.4\" \/><input type=\"hidden\" name=\"_wpcf7_locale\" value=\"en_US\" \/><input type=\"hidden\" name=\"_wpcf7_unit_tag\" value=\"wpcf7-f10-o1\" \/><input type=\"hidden\" name=\"_wpcf7_container_post\" value=\"0\" \/><input type=\"hidden\" name=\"_wpcf7_posted_data_hash\" value=\"\" \/><input type=\"hidden\" name=\"_wpcf7_recaptcha_response\" value=\"\" \/>\n<\/fieldset>\n<p><span class=\"wpcf7-form-control-wrap\" data-name=\"Name\"><input size=\"40\" maxlength=\"400\" class=\"wpcf7-form-control wpcf7-text\" aria-invalid=\"false\" placeholder=\"Va\u0161e ime\" value=\"\" type=\"text\" name=\"Name\" \/><\/span><br \/>\n<span class=\"wpcf7-form-control-wrap\" data-name=\"Comapany\"><input size=\"40\" maxlength=\"400\" class=\"wpcf7-form-control wpcf7-text\" aria-invalid=\"false\" placeholder=\"Va\u0161e podjetje\" value=\"\" type=\"text\" name=\"Comapany\" \/><\/span><br \/>\n<span class=\"wpcf7-form-control-wrap\" data-name=\"Email\"><input size=\"40\" maxlength=\"400\" class=\"wpcf7-form-control wpcf7-email wpcf7-validates-as-required wpcf7-text wpcf7-validates-as-email\" aria-required=\"true\" aria-invalid=\"false\" placeholder=\"Va\u0161 e-po\u0161tni naslov*\" value=\"\" type=\"email\" name=\"Email\" \/><\/span><br \/>\n<span class=\"wpcf7-form-control-wrap\" data-name=\"Message\"><textarea cols=\"40\" rows=\"10\" maxlength=\"2000\" class=\"wpcf7-form-control wpcf7-textarea\" aria-invalid=\"false\" placeholder=\"Sporo\u010dilo\" name=\"Message\"><\/textarea><\/span>\n<\/p>\n<p><input class=\"wpcf7-form-control wpcf7-submit has-spinner\" type=\"submit\" value=\"Po\u0161lji\" \/>\n<\/p><div class=\"wpcf7-response-output\" aria-hidden=\"true\"><\/div>\n<input type=\"hidden\" name=\"trp-form-language\" value=\"sl\"\/><\/form>\n<\/div>\n\n\n\n\t\t<\/div>\n\t\t\t\t\t<\/div>\n\n\t\n\n<\/div>\n\n\t\t<\/div>\n\t\t\t\t\t<\/div>\n\n\t\n\n<\/div>\n\n\t\t<\/div>\n\n\t\t\n<style>\n#section_2081079178 {\n  padding-top: 30px;\n  padding-bottom: 30px;\n  background-color: rgb(232, 234, 241);\n}\n<\/style>\n\t<\/section>","protected":false},"excerpt":{"rendered":"","protected":false},"author":1,"featured_media":0,"parent":0,"menu_order":0,"comment_status":"closed","ping_status":"closed","template":"page-blank.php","meta":{"footnotes":""},"class_list":["post-48","page","type-page","status-publish","hentry"],"_links":{"self":[{"href":"https:\/\/www.impacttesting.net\/sl\/wp-json\/wp\/v2\/pages\/48","targetHints":{"allow":["GET"]}}],"collection":[{"href":"https:\/\/www.impacttesting.net\/sl\/wp-json\/wp\/v2\/pages"}],"about":[{"href":"https:\/\/www.impacttesting.net\/sl\/wp-json\/wp\/v2\/types\/page"}],"author":[{"embeddable":true,"href":"https:\/\/www.impacttesting.net\/sl\/wp-json\/wp\/v2\/users\/1"}],"replies":[{"embeddable":true,"href":"https:\/\/www.impacttesting.net\/sl\/wp-json\/wp\/v2\/comments?post=48"}],"version-history":[{"count":5,"href":"https:\/\/www.impacttesting.net\/sl\/wp-json\/wp\/v2\/pages\/48\/revisions"}],"predecessor-version":[{"id":72,"href":"https:\/\/www.impacttesting.net\/sl\/wp-json\/wp\/v2\/pages\/48\/revisions\/72"}],"wp:attachment":[{"href":"https:\/\/www.impacttesting.net\/sl\/wp-json\/wp\/v2\/media?parent=48"}],"curies":[{"name":"wp","href":"https:\/\/api.w.org\/{rel}","templated":true}]}}