{"id":85,"date":"2025-12-24T07:51:49","date_gmt":"2025-12-24T07:51:49","guid":{"rendered":"https:\/\/www.impacttesting.net\/?page_id=85"},"modified":"2025-12-24T07:51:49","modified_gmt":"2025-12-24T07:51:49","slug":"iso-7765-1","status":"publish","type":"page","link":"https:\/\/www.impacttesting.net\/sk\/iso-7765-1\/","title":{"rendered":"ISO 7765-1"},"content":{"rendered":"<section class=\"section\" id=\"section_974770628\">\n\t\t<div class=\"bg section-bg fill bg-fill  bg-loaded\" >\n\n\t\t\t\n\t\t\t\n\t\t\t\n\n\t\t<\/div>\n\n\t\t\n\n\t\t<div class=\"section-content relative\">\n\t\t\t\n\n<div class=\"row\"  id=\"row-342583583\">\n\n\n\t<div id=\"col-915223084\" class=\"col small-12 large-12\"  >\n\t\t\t\t<div class=\"col-inner\" style=\"background-color:rgb(92, 171, 188);\" >\n\t\t\t\n\t\t\t\n\n<div class=\"row\"  id=\"row-2012876619\">\n\n\n\t<div id=\"col-1059556912\" class=\"col small-12 large-12\"  >\n\t\t\t\t<div class=\"col-inner\"  >\n\t\t\t\n\t\t\t\n\n\t<div id=\"text-2466404261\" class=\"text\">\n\t\t\n\n<h1>ISO 7765-1<\/h1>\n\t\t\n<style>\n#text-2466404261 {\n  font-size: 1.5rem;\n  text-align: center;\n}\n<\/style>\n\t<\/div>\n\t\n\t<div id=\"text-490738557\" class=\"text\">\n\t\t\n\n<h2>Met\u00f3da vo\u013ene padaj\u00facich \u0161\u00edpok<\/h2>\n\t\t\n<style>\n#text-490738557 {\n  text-align: center;\n}\n<\/style>\n\t<\/div>\n\t\n\n\t\t<\/div>\n\t\t\t\t\n<style>\n#col-1059556912 > .col-inner {\n  padding: 50px 10px 10px 10px;\n}\n<\/style>\n\t<\/div>\n\n\t\n\n<\/div>\n<div class=\"row align-middle align-center\"  id=\"row-445369613\">\n\n\n\t<div id=\"col-556138192\" class=\"col medium-11 small-12 large-11\"  >\n\t\t\t\t<div class=\"col-inner\"  >\n\t\t\t\n\t\t\t\n\n<div class=\"row align-center\"  id=\"row-269714425\">\n\n\n\t<div id=\"col-758295405\" class=\"col medium-7 small-12 large-7\"  >\n\t\t\t\t<div class=\"col-inner\"  >\n\t\t\t\n\t\t\t\n\n<div class=\"row\"  id=\"row-2080213648\">\n\n\n\t<div id=\"col-1321106174\" class=\"col small-12 large-12\"  >\n\t\t\t\t<div class=\"col-inner text-center\"  >\n\t\t\t\n\t\t\t\n\n\t<div id=\"text-4082533386\" class=\"text\">\n\t\t\n\n<p>Prijatie <a href=\"https:\/\/www.impacttesting.net\/sk\/iso-7765-1\/\"><strong>ISO 7765-1<\/strong><\/a> a pomocou <strong>met\u00f3da vo\u013ene padaj\u00facich \u0161\u00edpok<\/strong> umo\u017e\u0148uje odborn\u00edkom na materi\u00e1ly a obaly presne pos\u00fadi\u0165 <strong>odolnos\u0165 \u0161\u00edpok vo\u010di n\u00e1razu<\/strong>, \u010d\u00edm sa zabezpe\u010d\u00ed, \u017ee f\u00f3lie sp\u013a\u0148aj\u00fa normy odolnosti a bezpe\u010dnosti. <strong>ISO 7765-1<\/strong> je ide\u00e1lny pre plastov\u00e9 f\u00f3lie a f\u00f3lie pou\u017e\u00edvan\u00e9 v baliacich, po\u013enohospod\u00e1rskych, zdravotn\u00edckych a priemyseln\u00fdch aplik\u00e1ci\u00e1ch.<\/p>\n\t\t\n<style>\n#text-4082533386 {\n  color: rgb(0, 0, 0);\n}\n#text-4082533386 > * {\n  color: rgb(0, 0, 0);\n}\n<\/style>\n\t<\/div>\n\t\n\n\t\t<\/div>\n\t\t\t\t\t<\/div>\n\n\t\n\n\t<div id=\"col-256283740\" class=\"col small-12 large-12\"  >\n\t\t\t\t<div class=\"col-inner text-center\"  >\n\t\t\t\n\t\t\t\n\n<a href=\"https:\/\/www.impacttesting.net\/sk\/contact-us\/\" class=\"button primary is-outline\"  style=\"border-radius:99px;\">\n    <span>Kontaktujte n\u00e1s<\/span>\n  <i class=\"icon-chat\" aria-hidden=\"true\" ><\/i><\/a>\n\n\n\n\t\t<\/div>\n\t\t\t\t\t<\/div>\n\n\t\n\n<\/div>\n\n\t\t<\/div>\n\t\t\t\t\t<\/div>\n\n\t\n\n\t<div id=\"col-69797516\" class=\"col medium-4 small-12 large-4\"  >\n\t\t\t\t<div class=\"col-inner\"  >\n\t\t\t\n\t\t\t\n\n<div class=\"row\"  id=\"row-1315780426\">\n\n\n\t<div id=\"col-2075200373\" class=\"col small-12 large-12\"  >\n\t\t\t\t<div class=\"col-inner\"  >\n\t\t\t\n\t\t\t\n\n\t<div class=\"img has-hover x md-x lg-x y md-y lg-y\" id=\"image_1791279042\">\n\t\t\t\t\t\t\t\t<div class=\"img-inner dark\" >\n\t\t\t<img decoding=\"async\" width=\"600\" height=\"440\" src=\"https:\/\/www.impacttesting.net\/wp-content\/uploads\/2025\/12\/ISO-7765-1-Free-Falling-Dart-Method.webp\" class=\"attachment-large size-large\" alt=\"ISO 7765-1 Met\u00f3da vo\u013ene padaj\u00facich \u0161\u00edpok\" srcset=\"https:\/\/www.impacttesting.net\/wp-content\/uploads\/2025\/12\/ISO-7765-1-Free-Falling-Dart-Method.webp 600w, https:\/\/www.impacttesting.net\/wp-content\/uploads\/2025\/12\/ISO-7765-1-Free-Falling-Dart-Method-545x400.webp 545w\" sizes=\"(max-width: 600px) 100vw, 600px\" \/>\t\t\t\t\t\t\n\t\t\t\t\t<\/div>\n\t\t\t\t\t\t\t\t\n<style>\n#image_1791279042 {\n  width: 100%;\n}\n<\/style>\n\t<\/div>\n\t\n\n\n\t\t<\/div>\n\t\t\t\t\t<\/div>\n\n\t\n\n<\/div>\n\n\t\t<\/div>\n\t\t\t\t\t<\/div>\n\n\t\n\n<\/div>\n\n\t\t<\/div>\n\t\t\t\t\t<\/div>\n\n\t\n\n<\/div>\n\n\t\t<\/div>\n\t\t\t\t\t<\/div>\n\n\t\n\n\n<style>\n#row-342583583 > .col > .col-inner {\n  border-radius: 25px;\n}\n<\/style>\n<\/div>\n\n\t\t<\/div>\n\n\t\t\n<style>\n#section_974770628 {\n  padding-top: 30px;\n  padding-bottom: 30px;\n}\n<\/style>\n\t<\/section>\n\t\n\t<section class=\"section\" id=\"section_1033098028\">\n\t\t<div class=\"bg section-bg fill bg-fill  bg-loaded\" >\n\n\t\t\t\n\t\t\t\n\t\t\t\n\n\t\t<\/div>\n\n\t\t\n\n\t\t<div class=\"section-content relative\">\n\t\t\t\n\n<div class=\"row\"  id=\"row-360029875\">\n\n\n\t<div id=\"col-563626895\" class=\"col small-12 large-12\"  >\n\t\t\t\t<div class=\"col-inner\"  >\n\t\t\t\n\t\t\t\n\n<div class=\"row\"  id=\"row-985009158\">\n\n\n\t<div id=\"col-875753233\" class=\"col small-12 large-12\"  >\n\t\t\t\t<div class=\"col-inner\"  >\n\t\t\t\n\t\t\t\n\n\t<div id=\"text-2104327776\" class=\"text\">\n\t\t\n\n<h2>ISO 7765-1 a jej v\u00fdznam<\/h2>\n\t\t\n<style>\n#text-2104327776 {\n  font-size: 1.3rem;\n  text-align: center;\n}\n<\/style>\n\t<\/div>\n\t\n\n\t\t<\/div>\n\t\t\t\t\t<\/div>\n\n\t\n\n\t<div id=\"col-1333392069\" class=\"col small-12 large-12\"  >\n\t\t\t\t<div class=\"col-inner\"  >\n\t\t\t\n\t\t\t\n\n<p>Pochopenie a implement\u00e1cia <strong>ISO 7765-1<\/strong> je pre odborn\u00edkov pracuj\u00facich s plastov\u00fdmi f\u00f3liami a pru\u017en\u00fdmi materi\u00e1lmi ve\u013emi d\u00f4le\u017eit\u00e1. V tejto medzin\u00e1rodnej norme sa uv\u00e1dza postup na ur\u010denie <strong>odolnos\u0165 \u0161\u00edpok vo\u010di n\u00e1razu<\/strong> plastovej f\u00f3lie pomocou <strong>met\u00f3da vo\u013ene padaj\u00facich \u0161\u00edpok<\/strong>, \u010do je z\u00e1kladn\u00fd test kontroly kvality. Presn\u00e9 pou\u017eitie tejto met\u00f3dy pom\u00e1ha v\u00fdrobcom pos\u00fadi\u0165, ako dobre materi\u00e1ly odol\u00e1vaj\u00fa n\u00e1razov\u00e9mu za\u0165a\u017eeniu - \u010do je ukazovate\u013e trvanlivosti a v\u00fdkonu v re\u00e1lnych aplik\u00e1ci\u00e1ch. V odvetviach, ako s\u00fa obaly, farmaceutick\u00fd priemysel, elektronika a potravin\u00e1rstvo, zaru\u010duje dodr\u017eiavanie normy ISO 7765-1 spo\u013eahlivos\u0165, konzistentnos\u0165 a s\u00falad s glob\u00e1lnymi normami.<\/p>\n\n\t\t<\/div>\n\t\t\t\t\t<\/div>\n\n\t\n\n<\/div>\n\n\t\t<\/div>\n\t\t\t\t\t<\/div>\n\n\t\n\n<\/div>\n<div class=\"row\"  id=\"row-697798413\">\n\n\n\t<div id=\"col-1186829119\" class=\"col small-12 large-12\"  >\n\t\t\t\t<div class=\"col-inner\"  >\n\t\t\t\n\t\t\t\n\n<div class=\"row\"  id=\"row-1891544591\">\n\n\n\t<div id=\"col-1942726178\" class=\"col small-12 large-12\"  >\n\t\t\t\t<div class=\"col-inner\"  >\n\t\t\t\n\t\t\t\n\n<div class=\"row\"  id=\"row-2074639544\">\n\n\n\t<div id=\"col-130435059\" class=\"col small-12 large-12\"  >\n\t\t\t\t<div class=\"col-inner\"  >\n\t\t\t\n\t\t\t\n\n\t<div id=\"text-2486938109\" class=\"text\">\n\t\t\n\n<h2>Pochopenie met\u00f3dy vo\u013ene padaj\u00facich \u0161\u00edpok<\/h2>\n\t\t\n<style>\n#text-2486938109 {\n  font-size: 1.3rem;\n  text-align: center;\n}\n<\/style>\n\t<\/div>\n\t\n\n\t\t<\/div>\n\t\t\t\t\t<\/div>\n\n\t\n\n<\/div>\n<div class=\"row align-middle\"  id=\"row-145840364\">\n\n\n\t<div id=\"col-1064692868\" class=\"col medium-7 small-12 large-7\"  >\n\t\t\t\t<div class=\"col-inner\"  >\n\t\t\t\n\t\t\t\n\n<div><strong>ISO 7765-1<\/strong> \u0161pecifikuje sk\u00fa\u0161obn\u00fa met\u00f3du na ur\u010denie energie potrebnej na sp\u00f4sobenie poruchy plastov\u00fdch f\u00f3li\u00ed n\u00e1razom vo\u013ene padaj\u00facej strely. Sk\u00fa\u0161ka identifikuje <strong>n\u00e1razov\u00e1 poruchov\u00e1 hmotnos\u0165<\/strong>, definovan\u00e1 ako hmotnos\u0165 \u0161\u00edpky, ktor\u00e1 sp\u00f4sob\u00ed zlyhanie 50% sk\u00fa\u0161obn\u00fdch vzoriek za \u0161tandardizovan\u00fdch podmienok.<\/div>\n<div>Existuj\u00fa dva z\u00e1kladn\u00e9 postupy:<\/div>\n<ul>\n<li><strong>Met\u00f3da A<\/strong> pou\u017e\u00edva <strong>38 mm<\/strong> priemer \u0161\u00edpky spadnutej z <strong>0,66 metra<\/strong>.<\/li>\n<li><strong>Met\u00f3da B<\/strong> zamestn\u00e1va <strong>50 mm<\/strong> priemer \u0161\u00edpky spadnutej z <strong>1,5 metra<\/strong>.<\/li>\n<\/ul>\n<p>Ka\u017ed\u00e1 met\u00f3da je ur\u010den\u00e1 pre r\u00f4zne typy a hr\u00fabky materi\u00e1lov a z\u00edskan\u00e9 v\u00fdsledky nie s\u00fa vz\u00e1jomne zamenite\u013en\u00e9.<\/p>\n\n\t\t<\/div>\n\t\t\t\t\t<\/div>\n\n\t\n\n\t<div id=\"col-393721959\" class=\"col medium-5 small-12 large-5\"  >\n\t\t\t\t<div class=\"col-inner\"  >\n\t\t\t\n\t\t\t\n\n\t<div class=\"img has-hover x md-x lg-x y md-y lg-y\" id=\"image_1114510049\">\n\t\t<a class=\"\" href=\"https:\/\/www.impacttesting.net\/sk\/falling-dart-impact-tester\/\" >\t\t\t\t\t\t<div class=\"img-inner dark\" >\n\t\t\t<img decoding=\"async\" width=\"600\" height=\"440\" src=\"https:\/\/www.impacttesting.net\/wp-content\/uploads\/2025\/12\/ISO-7765-1-Free-Falling-Dart-Method.webp\" class=\"attachment-large size-large\" alt=\"ISO 7765-1 Met\u00f3da vo\u013ene padaj\u00facich \u0161\u00edpok\" srcset=\"https:\/\/www.impacttesting.net\/wp-content\/uploads\/2025\/12\/ISO-7765-1-Free-Falling-Dart-Method.webp 600w, https:\/\/www.impacttesting.net\/wp-content\/uploads\/2025\/12\/ISO-7765-1-Free-Falling-Dart-Method-545x400.webp 545w\" sizes=\"(max-width: 600px) 100vw, 600px\" \/>\t\t\t\t\t\t\n\t\t\t\t\t<\/div>\n\t\t\t\t\t\t<\/a>\t\t\n<style>\n#image_1114510049 {\n  width: 100%;\n}\n<\/style>\n\t<\/div>\n\t\n\n\n\t\t<\/div>\n\t\t\t\t\t<\/div>\n\n\t\n\n<\/div>\n\n\t\t<\/div>\n\t\t\t\t\t<\/div>\n\n\t\n\n<\/div>\n\n\t\t<\/div>\n\t\t\t\t\t<\/div>\n\n\t\n\n<\/div>\n<div class=\"row\"  id=\"row-151219362\">\n\n\n\t<div id=\"col-1666620138\" class=\"col small-12 large-12\"  >\n\t\t\t\t<div class=\"col-inner\"  >\n\t\t\t\n\t\t\t\n\n<div class=\"row\"  id=\"row-1003279171\">\n\n\n\t<div id=\"col-400176550\" class=\"col small-12 large-12\"  >\n\t\t\t\t<div class=\"col-inner\"  >\n\t\t\t\n\t\t\t\n\n\t<div id=\"text-1781594549\" class=\"text\">\n\t\t\n\n<h2>Met\u00f3da vo\u013ene padaj\u00facich \u0161\u00edpok: V\u00fdznam a postup<\/h2>\n\t\t\n<style>\n#text-1781594549 {\n  font-size: 1.3rem;\n  text-align: center;\n}\n<\/style>\n\t<\/div>\n\t\n\n\t\t<\/div>\n\t\t\t\t\t<\/div>\n\n\t\n\n<\/div>\n<div class=\"row\"  id=\"row-741454929\">\n\n\n\t<div id=\"col-142501402\" class=\"col medium-6 small-12 large-6\"  >\n\t\t\t\t<div class=\"col-inner\"  >\n\t\t\t\n\t\t\t\n\n<h3>Pr\u00edprava na testovanie<\/h3>\n<p>Pred vykonan\u00edm testu:<\/p>\n<ul>\n<li><strong>Vzorky stavu<\/strong> pri teplote 23 \u00b0C \u00b1 2 \u00b0C a relat\u00edvnej vlhkosti 50% \u00b1 5% po\u010das najmenej 40 hod\u00edn.<\/li>\n<li>Vyberte vzorky s <strong>rovnomern\u00e1 hr\u00fabka<\/strong> (\u00b110% nomin\u00e1lnej hodnoty).<\/li>\n<li>Pou\u017eite <strong>30 alebo viac vzoriek<\/strong> na zabezpe\u010denie \u0161tatistickej relevantnosti.<\/li>\n<\/ul>\n\n\t\t<\/div>\n\t\t\t\t\t<\/div>\n\n\t\n\n\t<div id=\"col-1523966214\" class=\"col medium-6 small-12 large-6\"  >\n\t\t\t\t<div class=\"col-inner\"  >\n\t\t\t\n\t\t\t\n\n<h3>Po\u017eiadavky na vybavenie<\/h3>\n<div>\u0160tandardn\u00e9 testovacie nastavenie zah\u0155\u0148a:<\/div>\n<ul>\n<li>A <strong>\u0161\u00edpka s polgu\u013eovou hlavou<\/strong> a odn\u00edmate\u013en\u00e9 pr\u00edrastkov\u00e9 z\u00e1va\u017eia.<\/li>\n<li>. <strong>elektromagnet alebo mechanick\u00fd<\/strong> uvo\u013e\u0148ovac\u00ed mechanizmus na kontrolovan\u00fd pokles.<\/li>\n<li>A <strong>dvojdielny up\u00ednac\u00ed syst\u00e9m<\/strong> aby ste vzorku pevne dr\u017eali.<\/li>\n<li>A <strong>mikrometer<\/strong> na presn\u00e9 meranie hr\u00fabky.<\/li>\n<li><strong>Bezpe\u010dnostn\u00e9 tienenie<\/strong> na ochranu pou\u017e\u00edvate\u013eov a pr\u00edstroja.<\/li>\n<\/ul>\n\n\t\t<\/div>\n\t\t\t\t\t<\/div>\n\n\t\n\n<\/div>\n<div class=\"row align-middle\"  id=\"row-1624801934\">\n\n\n\t<div id=\"col-1910015275\" class=\"col small-12 large-12\"  >\n\t\t\t\t<div class=\"col-inner\"  >\n\t\t\t\n\t\t\t\n\n\t<div id=\"text-1695987235\" class=\"text\">\n\t\t\n\n<h3>Vykonanie testu odolnosti \u0161\u00edpok proti n\u00e1razu<\/h3>\n\t\t\n<style>\n#text-1695987235 {\n  text-align: center;\n}\n<\/style>\n\t<\/div>\n\t\n\n\t\t<\/div>\n\t\t\t\t\t<\/div>\n\n\t\n\n\t<div id=\"col-495823473\" class=\"col medium-6 small-12 large-6\"  >\n\t\t\t\t<div class=\"col-inner\"  >\n\t\t\t\n\t\t\t\n\n<h4>1. Vyberte testovaciu met\u00f3du (A alebo B):<\/h4>\n<ul>\n<li><strong>Met\u00f3da A<\/strong>: 38 mm \u0161\u00edpka, v\u00fd\u0161ka p\u00e1du 0,66 m.<\/li>\n<li><strong>Met\u00f3da B<\/strong>: 50 mm \u0161\u00edpka, v\u00fd\u0161ka p\u00e1du 1,5 m.<\/li>\n<\/ul>\n<h4>2. Pr\u00edprava a upnutie vzorky:<\/h4>\n<p>Uistite sa, \u017ee f\u00f3lia le\u017e\u00ed rovne bez z\u00e1hybov. V pr\u00edpade potreby pou\u017eite proti\u0161mykov\u00e9 prostriedky, ako je krokusov\u00e1 tkanina alebo br\u00fasny papier.<\/p>\n<h4>3. Nastavte \u0161\u00edpky a pr\u00edrastkov\u00e9 z\u00e1va\u017eia:<\/h4>\n<p>Za\u010dnite so zn\u00e1mou hmotnos\u0165ou a zvy\u0161ujte alebo zni\u017eujte ju na z\u00e1klade v\u00fdsledkov por\u00fach, k\u00fdm sa nestanov\u00ed miera por\u00fach 50%.<\/p>\n\n\t\t<\/div>\n\t\t\t\t\t<\/div>\n\n\t\n\n\t<div id=\"col-950052840\" class=\"col medium-6 small-12 large-6\"  >\n\t\t\t\t<div class=\"col-inner\"  >\n\t\t\t\n\t\t\t\n\n<div class=\"video video-fit mb\" style=\"padding-top:56.25%;\"><iframe title=\"Tester n\u00e1razu padaj\u00facou \u0161\u00edpkou na platov\u00e9 f\u00f3lie a listy Met\u00f3da A a Met\u00f3da B ASTM D1709 ISO 7765-1\" width=\"1020\" height=\"574\" src=\"https:\/\/www.youtube.com\/embed\/a3_9M0x3w7U?feature=oembed\" frameborder=\"0\" allow=\"accelerometer; autoplay; clipboard-write; encrypted-media; gyroscope; picture-in-picture; web-share\" referrerpolicy=\"strict-origin-when-cross-origin\" allowfullscreen><\/iframe><\/div>\n\n\n\t\t<\/div>\n\t\t\t\t\t<\/div>\n\n\t\n\n\t<div id=\"col-405610369\" class=\"col small-12 large-12\"  >\n\t\t\t\t<div class=\"col-inner\"  >\n\t\t\t\n\t\t\t\n\n<h4>4. Uvo\u013enite \u0161\u00edpku:<\/h4>\n<p>Pomocou elektromagnetu alebo vzduchov\u00e9ho uvo\u013e\u0148ova\u010da spustite \u0161\u00edpku vertik\u00e1lne na stred vzorky.<\/p>\n<h4>5. Zaznamenajte v\u00fdsledok:<\/h4>\n<p>Zaznamenajte, \u010di vzorka zlyhala (prepichnutie alebo pretrhnutie) alebo pre\u017eila. Pokra\u010dujte, k\u00fdm nebudete m\u00f4c\u0165 \u0161tatisticky vypo\u010d\u00edta\u0165 hmotnos\u0165 pri poruche vplyvom n\u00e1razu.<\/p>\n<h4>6. Analyzujte v\u00fdsledky:<\/h4>\n<p>Vyhodno\u0165te v\u00fdsledky s oh\u013eadom na hr\u00fabku vzorky, konzistenciu materi\u00e1lu a chybovos\u0165. V\u00fdsledky pod\u013ea normy ISO 7765-1 m\u00f4\u017eu by\u0165 u\u017eito\u010dn\u00e9 na porovnanie materi\u00e1lov, ale nemali by sa normalizova\u0165 pri r\u00f4znych hr\u00fabkach.<\/p>\n\n\t\t<\/div>\n\t\t\t\t\t<\/div>\n\n\t\n\n<\/div>\n\n\t\t<\/div>\n\t\t\t\t\t<\/div>\n\n\t\n\n<\/div>\n\n\t\t<\/div>\n\n\t\t\n<style>\n#section_1033098028 {\n  padding-top: 30px;\n  padding-bottom: 30px;\n}\n<\/style>\n\t<\/section>\n\t\n\t<section class=\"section\" id=\"section_114052946\">\n\t\t<div class=\"bg section-bg fill bg-fill  bg-loaded\" >\n\n\t\t\t\n\t\t\t\n\t\t\t\n\n\t\t<\/div>\n\n\t\t\n\n\t\t<div class=\"section-content relative\">\n\t\t\t\n\n<div class=\"row\"  id=\"row-564544805\">\n\n\n\t<div id=\"col-1396864225\" class=\"col small-12 large-12\"  >\n\t\t\t\t<div class=\"col-inner\"  >\n\t\t\t\n\t\t\t\n\n<div class=\"row align-center\"  id=\"row-1872951267\">\n\n\n\t<div id=\"col-1896696846\" class=\"col small-12 large-12\"  >\n\t\t\t\t<div class=\"col-inner\"  >\n\t\t\t\n\t\t\t\n\n\t<div id=\"text-69868063\" class=\"text\">\n\t\t\n\n<h2>Pre\u010do si vybra\u0165 Impacttesting.net<br \/>FDT-01 Tester na testovanie kvapiek \u0161\u00edpok<\/h2>\n\t\t\n<style>\n#text-69868063 {\n  font-size: 1.4rem;\n  text-align: center;\n}\n<\/style>\n\t<\/div>\n\t\n\n\t\t<\/div>\n\t\t\t\t\t<\/div>\n\n\t\n\n\t<div id=\"col-1438694912\" class=\"col small-12 large-12\"  >\n\t\t\t\t<div class=\"col-inner\"  >\n\t\t\t\n\t\t\t\n\n<p>Na zabezpe\u010denie presnosti, opakovate\u013enosti a s\u00faladu s <strong>ISO 7765-1<\/strong>, odpor\u00fa\u010dame <strong>FDT-01 <a href=\"https:\/\/www.impacttesting.net\/sk\/falling-dart-impact-tester\/\">Tester n\u00e1razov \u0161\u00edpok <\/a><\/strong>pod\u013ea <strong>Impacttesting.net<\/strong>.<\/p>\n\n\t\t<\/div>\n\t\t\t\t\t<\/div>\n\n\t\n\n\t<div id=\"col-1120261352\" class=\"col medium-7 small-12 large-7\"  >\n\t\t\t\t<div class=\"col-inner text-center\"  >\n\t\t\t\n\t\t\t\n\n\t<div id=\"text-2336972022\" class=\"text\">\n\t\t\n\n<p class=\"\" data-start=\"4386\" data-end=\"4422\">Presn\u00e9 nastavenie v\u00fd\u0161ky p\u00e1du \u0161\u00edpky.<br \/>Jednoduch\u00e1 mont\u00e1\u017e vzoriek pomocou pneumatick\u00fdch svoriek.<br \/>Zber a anal\u00fdza \u00fadajov o vplyve v re\u00e1lnom \u010dase.<br \/>S\u00falad s met\u00f3dou A aj met\u00f3dou B.<\/p>\n\t\t\n<style>\n#text-2336972022 {\n  font-size: 1.1rem;\n  line-height: 1.3;\n}\n<\/style>\n\t<\/div>\n\t\n\t<div id=\"text-104358500\" class=\"text\">\n\t\t\n\n<p class=\"\" data-start=\"4676\" data-end=\"4874\">Jeho pokro\u010dil\u00e9 bezpe\u010dnostn\u00e9 funkcie a digit\u00e1lne ovl\u00e1dacie prvky minimalizuj\u00fa \u013eudsk\u00e9 chyby a zabezpe\u010duj\u00fa spo\u013eahliv\u00e9, reprodukovate\u013en\u00e9 v\u00fdsledky, \u010do ho rob\u00ed vhodn\u00fdm pre v\u00fdrobcov obalov\u00fdch f\u00f3li\u00ed, spracovate\u013eov a laborat\u00f3ri\u00e1 kontroly kvality.<\/p>\n\t\t\n<style>\n#text-104358500 {\n  font-size: 1.1rem;\n}\n<\/style>\n\t<\/div>\n\t\n<a href=\"https:\/\/www.impacttesting.net\/sk\/contact-us\/\" class=\"button primary is-outline\"  style=\"border-radius:99px;\">\n    <span>Kontaktujte n\u00e1s<\/span>\n  <i class=\"icon-chat\" aria-hidden=\"true\" ><\/i><\/a>\n\n\n\n\t\t<\/div>\n\t\t\t\t\t<\/div>\n\n\t\n\n\t<div id=\"col-837172974\" class=\"col medium-4 small-12 large-4\"  >\n\t\t\t\t<div class=\"col-inner text-center\"  >\n\t\t\t\n\t\t\t\n\n\n<div class=\"wpcf7 no-js\" id=\"wpcf7-f10-o1\" lang=\"en-US\" dir=\"ltr\" data-wpcf7-id=\"10\">\n<div class=\"screen-reader-response\"><p role=\"status\" aria-live=\"polite\" aria-atomic=\"true\"><\/p> <ul><\/ul><\/div>\n<form action=\"\/sk\/wp-json\/wp\/v2\/pages\/85#wpcf7-f10-o1\" method=\"post\" class=\"wpcf7-form init\" aria-label=\"Contact form\" novalidate=\"novalidate\" data-status=\"init\" data-trp-original-action=\"\/sk\/wp-json\/wp\/v2\/pages\/85#wpcf7-f10-o1\">\n<fieldset class=\"hidden-fields-container\"><input type=\"hidden\" name=\"_wpcf7\" value=\"10\" \/><input type=\"hidden\" name=\"_wpcf7_version\" value=\"6.1.4\" \/><input type=\"hidden\" name=\"_wpcf7_locale\" value=\"en_US\" \/><input type=\"hidden\" name=\"_wpcf7_unit_tag\" value=\"wpcf7-f10-o1\" \/><input type=\"hidden\" name=\"_wpcf7_container_post\" value=\"0\" \/><input type=\"hidden\" name=\"_wpcf7_posted_data_hash\" value=\"\" \/><input type=\"hidden\" name=\"_wpcf7_recaptcha_response\" value=\"\" \/>\n<\/fieldset>\n<p><span class=\"wpcf7-form-control-wrap\" data-name=\"Name\"><input size=\"40\" maxlength=\"400\" class=\"wpcf7-form-control wpcf7-text\" aria-invalid=\"false\" placeholder=\"Va\u0161e meno\" value=\"\" type=\"text\" name=\"Name\" \/><\/span><br \/>\n<span class=\"wpcf7-form-control-wrap\" data-name=\"Comapany\"><input size=\"40\" maxlength=\"400\" class=\"wpcf7-form-control wpcf7-text\" aria-invalid=\"false\" placeholder=\"Va\u0161a spolo\u010dnos\u0165\" value=\"\" type=\"text\" name=\"Comapany\" \/><\/span><br \/>\n<span class=\"wpcf7-form-control-wrap\" data-name=\"Email\"><input size=\"40\" maxlength=\"400\" class=\"wpcf7-form-control wpcf7-email wpcf7-validates-as-required wpcf7-text wpcf7-validates-as-email\" aria-required=\"true\" aria-invalid=\"false\" placeholder=\"V\u00e1\u0161 e-mail*\" value=\"\" type=\"email\" name=\"Email\" \/><\/span><br \/>\n<span class=\"wpcf7-form-control-wrap\" data-name=\"Message\"><textarea cols=\"40\" rows=\"10\" maxlength=\"2000\" class=\"wpcf7-form-control wpcf7-textarea\" aria-invalid=\"false\" placeholder=\"Spr\u00e1va\" name=\"Message\"><\/textarea><\/span>\n<\/p>\n<p><input class=\"wpcf7-form-control wpcf7-submit has-spinner\" type=\"submit\" value=\"Odosla\u0165\" \/>\n<\/p><div class=\"wpcf7-response-output\" aria-hidden=\"true\"><\/div>\n<input type=\"hidden\" name=\"trp-form-language\" value=\"sk\"\/><\/form>\n<\/div>\n\n\n\n\t\t<\/div>\n\t\t\t\t\t<\/div>\n\n\t\n\n<\/div>\n\n\t\t<\/div>\n\t\t\t\t\t<\/div>\n\n\t\n\n<\/div>\n\n\t\t<\/div>\n\n\t\t\n<style>\n#section_114052946 {\n  padding-top: 30px;\n  padding-bottom: 30px;\n  background-color: rgb(232, 234, 241);\n}\n<\/style>\n\t<\/section>","protected":false},"excerpt":{"rendered":"","protected":false},"author":1,"featured_media":0,"parent":0,"menu_order":0,"comment_status":"closed","ping_status":"closed","template":"page-blank.php","meta":{"footnotes":""},"class_list":["post-85","page","type-page","status-publish","hentry"],"_links":{"self":[{"href":"https:\/\/www.impacttesting.net\/sk\/wp-json\/wp\/v2\/pages\/85","targetHints":{"allow":["GET"]}}],"collection":[{"href":"https:\/\/www.impacttesting.net\/sk\/wp-json\/wp\/v2\/pages"}],"about":[{"href":"https:\/\/www.impacttesting.net\/sk\/wp-json\/wp\/v2\/types\/page"}],"author":[{"embeddable":true,"href":"https:\/\/www.impacttesting.net\/sk\/wp-json\/wp\/v2\/users\/1"}],"replies":[{"embeddable":true,"href":"https:\/\/www.impacttesting.net\/sk\/wp-json\/wp\/v2\/comments?post=85"}],"version-history":[{"count":2,"href":"https:\/\/www.impacttesting.net\/sk\/wp-json\/wp\/v2\/pages\/85\/revisions"}],"predecessor-version":[{"id":87,"href":"https:\/\/www.impacttesting.net\/sk\/wp-json\/wp\/v2\/pages\/85\/revisions\/87"}],"wp:attachment":[{"href":"https:\/\/www.impacttesting.net\/sk\/wp-json\/wp\/v2\/media?parent=85"}],"curies":[{"name":"wp","href":"https:\/\/api.w.org\/{rel}","templated":true}]}}