{"id":74,"date":"2025-12-24T06:33:06","date_gmt":"2025-12-24T06:33:06","guid":{"rendered":"https:\/\/www.impacttesting.net\/?page_id=74"},"modified":"2025-12-24T06:33:06","modified_gmt":"2025-12-24T06:33:06","slug":"ball-drop-tester","status":"publish","type":"page","link":"https:\/\/www.impacttesting.net\/sk\/ball-drop-tester\/","title":{"rendered":"FBT-01 Tester p\u00e1du gu\u013e\u00f4\u010dky"},"content":{"rendered":"<section class=\"section\" id=\"section_1294968338\">\n\t\t<div class=\"bg section-bg fill bg-fill  bg-loaded\" >\n\n\t\t\t\n\t\t\t\n\t\t\t\n\n\t\t<\/div>\n\n\t\t\n\n\t\t<div class=\"section-content relative\">\n\t\t\t\n\n<div class=\"row\"  id=\"row-2000691966\">\n\n\n\t<div id=\"col-462300818\" class=\"col small-12 large-12\"  >\n\t\t\t\t<div class=\"col-inner\" style=\"background-color:rgb(92, 171, 188);\" >\n\t\t\t\n\t\t\t\n\n<div class=\"row\"  id=\"row-463804355\">\n\n\n\t<div id=\"col-1606766823\" class=\"col small-12 large-12\"  >\n\t\t\t\t<div class=\"col-inner\"  >\n\t\t\t\n\t\t\t\n\n\t<div id=\"text-3555366688\" class=\"text\">\n\t\t\n\n<h1>FBT-01 Tester p\u00e1du gu\u013e\u00f4\u010dky<\/h1>\n\t\t\n<style>\n#text-3555366688 {\n  font-size: 1.5rem;\n  text-align: center;\n}\n<\/style>\n\t<\/div>\n\t\n\n\t\t<\/div>\n\t\t\t\t\n<style>\n#col-1606766823 > .col-inner {\n  padding: 50px 10px 10px 10px;\n}\n<\/style>\n\t<\/div>\n\n\t\n\n<\/div>\n<div class=\"row align-middle align-center\"  id=\"row-899611858\">\n\n\n\t<div id=\"col-312696961\" class=\"col medium-11 small-12 large-11\"  >\n\t\t\t\t<div class=\"col-inner\"  >\n\t\t\t\n\t\t\t\n\n<div class=\"row align-middle align-center\"  id=\"row-391099164\">\n\n\n\t<div id=\"col-379792890\" class=\"col medium-7 small-12 large-7\"  >\n\t\t\t\t<div class=\"col-inner\"  >\n\t\t\t\n\t\t\t\n\n<div class=\"row\"  id=\"row-70618347\">\n\n\n\t<div id=\"col-69722913\" class=\"col small-12 large-12\"  >\n\t\t\t\t<div class=\"col-inner text-center\"  >\n\t\t\t\n\t\t\t\n\n\t<div id=\"text-2208471925\" class=\"text\">\n\t\t\n\n<p>Str\u00e1nka <a href=\"https:\/\/www.impacttesting.net\/sk\/ball-drop-tester\/\"><strong>tester kvapky lopti\u010dky<\/strong><\/a> je z\u00e1kladn\u00fd n\u00e1stroj pou\u017e\u00edvan\u00fd na hodnotenie odolnosti materi\u00e1lov, ako s\u00fa plastov\u00e9 f\u00f3lie, filmy a ochrann\u00e9 okuliare, vo\u010di n\u00e1razu. T\u00e1to sk\u00fa\u0161ka m\u00e1 z\u00e1sadn\u00fd v\u00fdznam v priemyseln\u00fdch odvetviach, ako je balenie, automobilov\u00fd priemysel a v\u00fdroba bezpe\u010dnostn\u00fdch zariaden\u00ed, preto\u017ee zabezpe\u010duje, aby materi\u00e1ly odolali vonkaj\u0161\u00edm sil\u00e1m bez v\u00fdrazn\u00e9ho po\u0161kodenia.<\/p>\n\t\t\n<style>\n#text-2208471925 {\n  color: rgb(0, 0, 0);\n}\n#text-2208471925 > * {\n  color: rgb(0, 0, 0);\n}\n<\/style>\n\t<\/div>\n\t\n\n\t\t<\/div>\n\t\t\t\t\t<\/div>\n\n\t\n\n\t<div id=\"col-113936181\" class=\"col small-12 large-12\"  >\n\t\t\t\t<div class=\"col-inner text-center\"  >\n\t\t\t\n\t\t\t\n\n<a href=\"https:\/\/www.impacttesting.net\/sk\/contact-us\/\" class=\"button primary is-outline\"  style=\"border-radius:99px;\">\n    <span>Kontaktujte n\u00e1s<\/span>\n  <i class=\"icon-chat\" aria-hidden=\"true\" ><\/i><\/a>\n\n\n\n\t\t<\/div>\n\t\t\t\t\t<\/div>\n\n\t\n\n<\/div>\n\n\t\t<\/div>\n\t\t\t\t\t<\/div>\n\n\t\n\n\t<div id=\"col-480518560\" class=\"col medium-3 small-12 large-3\"  >\n\t\t\t\t<div class=\"col-inner\"  >\n\t\t\t\n\t\t\t\n\n<div class=\"row\"  id=\"row-1161134882\">\n\n\n\t<div id=\"col-1782324233\" class=\"col small-12 large-12\"  >\n\t\t\t\t<div class=\"col-inner text-center\"  >\n\t\t\t\n\t\t\t\n\n\t<div class=\"img has-hover x md-x lg-x y md-y lg-y\" id=\"image_167391766\">\n\t\t\t\t\t\t\t\t<div class=\"img-inner dark\" >\n\t\t\t<img decoding=\"async\" width=\"318\" height=\"800\" src=\"https:\/\/www.impacttesting.net\/wp-content\/uploads\/2025\/12\/Ball-Drop-Tester-Ball-Impact-Test-for-Safety-Glasses-318x800.webp\" class=\"attachment-large size-large\" alt=\"Tester p\u00e1du lopti\u010dky - test n\u00e1razu lopti\u010dky pre ochrann\u00e9 okuliare\" srcset=\"https:\/\/www.impacttesting.net\/wp-content\/uploads\/2025\/12\/Ball-Drop-Tester-Ball-Impact-Test-for-Safety-Glasses-318x800.webp 318w, https:\/\/www.impacttesting.net\/wp-content\/uploads\/2025\/12\/Ball-Drop-Tester-Ball-Impact-Test-for-Safety-Glasses-159x400.webp 159w, https:\/\/www.impacttesting.net\/wp-content\/uploads\/2025\/12\/Ball-Drop-Tester-Ball-Impact-Test-for-Safety-Glasses-768x1934.webp 768w, https:\/\/www.impacttesting.net\/wp-content\/uploads\/2025\/12\/Ball-Drop-Tester-Ball-Impact-Test-for-Safety-Glasses-610x1536.webp 610w, https:\/\/www.impacttesting.net\/wp-content\/uploads\/2025\/12\/Ball-Drop-Tester-Ball-Impact-Test-for-Safety-Glasses-813x2048.webp 813w, https:\/\/www.impacttesting.net\/wp-content\/uploads\/2025\/12\/Ball-Drop-Tester-Ball-Impact-Test-for-Safety-Glasses-scaled.webp 1017w\" sizes=\"(max-width: 318px) 100vw, 318px\" \/>\t\t\t\t\t\t\n\t\t\t\t\t<\/div>\n\t\t\t\t\t\t\t\t\n<style>\n#image_167391766 {\n  width: 80%;\n}\n<\/style>\n\t<\/div>\n\t\n\n\n\t\t<\/div>\n\t\t\t\t\t<\/div>\n\n\t\n\n<\/div>\n\n\t\t<\/div>\n\t\t\t\t\t<\/div>\n\n\t\n\n<\/div>\n\n\t\t<\/div>\n\t\t\t\t\t<\/div>\n\n\t\n\n<\/div>\n\n\t\t<\/div>\n\t\t\t\t\t<\/div>\n\n\t\n\n\n<style>\n#row-2000691966 > .col > .col-inner {\n  border-radius: 25px;\n}\n<\/style>\n<\/div>\n\n\t\t<\/div>\n\n\t\t\n<style>\n#section_1294968338 {\n  padding-top: 30px;\n  padding-bottom: 30px;\n}\n<\/style>\n\t<\/section>\n\t\n\t<section class=\"section\" id=\"section_273888105\">\n\t\t<div class=\"bg section-bg fill bg-fill  bg-loaded\" >\n\n\t\t\t\n\t\t\t\n\t\t\t\n\n\t\t<\/div>\n\n\t\t\n\n\t\t<div class=\"section-content relative\">\n\t\t\t\n\n<div class=\"row\"  id=\"row-2108059841\">\n\n\n\t<div id=\"col-2041212309\" class=\"col small-12 large-12\"  >\n\t\t\t\t<div class=\"col-inner\"  >\n\t\t\t\n\t\t\t\n\n<div class=\"row\"  id=\"row-543056837\">\n\n\n\t<div id=\"col-1891137302\" class=\"col small-12 large-12\"  >\n\t\t\t\t<div class=\"col-inner\"  >\n\t\t\t\n\t\t\t\n\n<div class=\"row align-middle align-center\"  id=\"row-1535120162\">\n\n\n\t<div id=\"col-385941301\" class=\"col medium-5 small-12 large-5\"  >\n\t\t\t\t<div class=\"col-inner text-center\"  >\n\t\t\t\n\t\t\t\n\n\t<div class=\"img has-hover x md-x lg-x y md-y lg-y\" id=\"image_1581018391\">\n\t\t\t\t\t\t\t\t<div class=\"img-inner dark\" >\n\t\t\t<img decoding=\"async\" width=\"600\" height=\"720\" src=\"https:\/\/www.impacttesting.net\/wp-content\/uploads\/2025\/12\/Ball-Drop-Tester.webp\" class=\"attachment-large size-large\" alt=\"Tester kvapiek gu\u013e\u00f4\u010dok\" srcset=\"https:\/\/www.impacttesting.net\/wp-content\/uploads\/2025\/12\/Ball-Drop-Tester.webp 600w, https:\/\/www.impacttesting.net\/wp-content\/uploads\/2025\/12\/Ball-Drop-Tester-333x400.webp 333w\" sizes=\"(max-width: 600px) 100vw, 600px\" \/>\t\t\t\t\t\t\n\t\t\t\t\t<\/div>\n\t\t\t\t\t\t\t\t\n<style>\n#image_1581018391 {\n  width: 100%;\n}\n<\/style>\n\t<\/div>\n\t\n\n\n\t\t<\/div>\n\t\t\t\t\t<\/div>\n\n\t\n\n\t<div id=\"col-648323151\" class=\"col medium-7 small-12 large-7\"  >\n\t\t\t\t<div class=\"col-inner text-left\"  >\n\t\t\t\n\t\t\t\n\n\t<div id=\"text-2989661099\" class=\"text\">\n\t\t\n\n<h2>Pochopenie testera Ball Drop Tester<\/h2>\n\t\t\n<style>\n#text-2989661099 {\n  font-size: 1.3rem;\n  text-align: left;\n}\n<\/style>\n\t<\/div>\n\t\n<p>Zariadenie funguje tak, \u017ee na sk\u00fa\u0161obn\u00fa vzorku sa z vopred ur\u010denej v\u00fd\u0161ky spust\u00ed oce\u013eov\u00e1 gu\u013e\u00f4\u010dka s ur\u010denou hmotnos\u0165ou a priemerom. Na pos\u00fadenie odolnosti proti n\u00e1razu sa analyzuje stupe\u0148 po\u0161kodenia alebo deform\u00e1cie. T\u00e1to sk\u00fa\u0161ka je obzvl\u00e1\u0161\u0165 d\u00f4le\u017eit\u00e1 pri dodr\u017eiavan\u00ed bezpe\u010dnostn\u00fdch noriem, ako napr. <strong><a href=\"https:\/\/www.impacttesting.net\/sk\/ansi-z87-1\/\">ANSI Z87.1<\/a> n\u00e1razov\u00e1 sk\u00fa\u0161ka<\/strong>.<\/p>\n<a href=\"https:\/\/www.impacttesting.net\/sk\/contact-us\/\" class=\"button primary is-outline\"  style=\"border-radius:99px;\">\n    <span>Kontaktujte n\u00e1s<\/span>\n  <\/a>\n\n\n\n\t\t<\/div>\n\t\t\t\t\t<\/div>\n\n\t\n\n<\/div>\n\n\t\t<\/div>\n\t\t\t\t\t<\/div>\n\n\t\n\n<\/div>\n\n\t\t<\/div>\n\t\t\t\t\t<\/div>\n\n\t\n\n<\/div>\n<div class=\"row\"  id=\"row-483911354\">\n\n\n\t<div id=\"col-190696707\" class=\"col small-12 large-12\"  >\n\t\t\t\t<div class=\"col-inner\"  >\n\t\t\t\n\t\t\t\n\n<div class=\"row\"  id=\"row-1439272607\">\n\n\n\t<div id=\"col-1560804314\" class=\"col small-12 large-12\"  >\n\t\t\t\t<div class=\"col-inner\"  >\n\t\t\t\n\t\t\t\n\n\t<div id=\"text-1073788343\" class=\"text\">\n\t\t\n\n<h2>N\u00e1razov\u00fd test pod\u013ea normy ANSI Z87.1: K\u013e\u00fa\u010dov\u00e9 po\u017eiadavky<\/h2>\n\t\t\n<style>\n#text-1073788343 {\n  font-size: 1.3rem;\n  text-align: center;\n}\n<\/style>\n\t<\/div>\n\t\n\n\t\t<\/div>\n\t\t\t\t\t<\/div>\n\n\t\n\n<\/div>\n<div class=\"row align-middle align-center\"  id=\"row-644341176\">\n\n\n\t<div id=\"col-2036463157\" class=\"col medium-7 small-12 large-7\"  >\n\t\t\t\t<div class=\"col-inner\"  >\n\t\t\t\n\t\t\t\n\n<p>Str\u00e1nka <strong>N\u00e1razov\u00fd test pod\u013ea normy ANSI Z87.1<\/strong> je \u0161tandardizovan\u00e1 met\u00f3da ur\u010den\u00e1 na hodnotenie odolnosti ochrann\u00fdch okuliarov proti n\u00e1razu. \u00da\u010delom tejto sk\u00fa\u0161ky je zabezpe\u010di\u0165, aby ochrann\u00e9 okuliare, okuliare a tv\u00e1rov\u00e9 \u0161t\u00edty sp\u013a\u0148ali minim\u00e1lne bezpe\u010dnostn\u00e9 po\u017eiadavky na ochranu pou\u017e\u00edvate\u013eov pred projektilmi s vysokou r\u00fdchlos\u0165ou.<\/p>\n<h3>Testovacie zariadenie a nastavenie<\/h3>\n<ul>\n<li>Na zaistenie sk\u00fa\u0161obnej vzorky v polohe \u010delom nahor sa pou\u017e\u00edva pevn\u00fd model hlavy.<\/li>\n<li>A <strong>Oce\u013eov\u00e1 gu\u013ea s priemerom 25,4 mm (1,0 palca)<\/strong>, v\u00e1\u017eenie <strong>68 g (2,4 oz)<\/strong>, sl\u00fa\u017ei ako projektil.<\/li>\n<li>Oce\u013eov\u00e1 gu\u013e\u00f4\u010dka sa uvo\u013en\u00ed z <strong>v\u00fd\u0161ka 127 cm (50 palcov)<\/strong> cez veden\u00fa trubicu.<\/li>\n<li>Z\u00e1klad\u0148a makety hlavy m\u00e1 hmotnos\u0165 najmenej <strong>30 kg (66 lb)<\/strong> na zabezpe\u010denie stability po\u010das testovania.<\/li>\n<\/ul>\n<h3>Postup testovania<\/h3>\n<ol>\n<li>Sk\u00fa\u0161obn\u00e1 vzorka je bezpe\u010dne pripevnen\u00e1 na makete hlavy, \u010do napodob\u0148uje podmienky pou\u017e\u00edvania v re\u00e1lnom svete.<\/li>\n<li>Za vzorkou je umiestnen\u00fd podporn\u00fd blok, ktor\u00fd udr\u017eiava spr\u00e1vne zarovnanie.<\/li>\n<li>Oce\u013eov\u00e1 gu\u013e\u00f4\u010dka dopadne na povrch \u0161o\u0161ovky alebo materi\u00e1lu v l\u00ednii s o\u010dami.<\/li>\n<li>Test sa opakuje \u0161tyrikr\u00e1t na r\u00f4znych miestach \u0161o\u0161ovky, aby sa dosiahla presnos\u0165.<\/li>\n<li>Po\u0161kodenie sp\u00f4soben\u00e9 n\u00e1razom sa analyzuje s cie\u013eom ur\u010di\u0165, \u010di materi\u00e1l sp\u013a\u0148a bezpe\u010dnostn\u00e9 krit\u00e9ri\u00e1.<\/li>\n<\/ol>\n\n\t\t<\/div>\n\t\t\t\t\t<\/div>\n\n\t\n\n\t<div id=\"col-1991397238\" class=\"col medium-4 small-12 large-4\"  >\n\t\t\t\t<div class=\"col-inner\"  >\n\t\t\t\n\t\t\t\n\n<div class=\"video video-fit mb\" style=\"padding-top:200%;\"><iframe title=\"Tester n\u00e1razu padaj\u00facej gu\u013e\u00f4\u010dky pre plastov\u00e9 f\u00f3lie a dosky\" width=\"563\" height=\"1000\" src=\"https:\/\/www.youtube.com\/embed\/AvdivZPwIxc?feature=oembed\" frameborder=\"0\" allow=\"accelerometer; autoplay; clipboard-write; encrypted-media; gyroscope; picture-in-picture; web-share\" referrerpolicy=\"strict-origin-when-cross-origin\" allowfullscreen><\/iframe><\/div>\n\n\n\t\t<\/div>\n\t\t\t\t\t<\/div>\n\n\t\n\n<\/div>\n\n\t\t<\/div>\n\t\t\t\t\t<\/div>\n\n\t\n\n<\/div>\n<div class=\"row\"  id=\"row-615640167\">\n\n\n\t<div id=\"col-755680889\" class=\"col small-12 large-12\"  >\n\t\t\t\t<div class=\"col-inner\"  >\n\t\t\t\n\t\t\t\n\n<div class=\"row\"  id=\"row-990079989\">\n\n\n\t<div id=\"col-136514791\" class=\"col small-12 large-12\"  >\n\t\t\t\t<div class=\"col-inner\"  >\n\t\t\t\n\t\t\t\n\n\t<div id=\"text-3822943493\" class=\"text\">\n\t\t\n\n<h2>FBT-01 Tester n\u00e1razov padaj\u00facich \u0161\u00edpok<\/h2>\n\t\t\n<style>\n#text-3822943493 {\n  font-size: 1.3rem;\n  text-align: center;\n}\n<\/style>\n\t<\/div>\n\t\n\n\t\t<\/div>\n\t\t\t\t\t<\/div>\n\n\t\n\n<\/div>\n<div class=\"row align-middle align-center\"  id=\"row-1392633023\">\n\n\n\t<div id=\"col-1815246780\" class=\"col medium-6 small-12 large-6\"  >\n\t\t\t\t<div class=\"col-inner\"  >\n\t\t\t\n\t\t\t\n\n<h3>K\u013e\u00fa\u010dov\u00e9 vlastnosti:<\/h3>\n<ul>\n<li><strong>Nastavite\u013en\u00e1 v\u00fd\u0161ka n\u00e1razu<\/strong> pre prisp\u00f4soben\u00e9 testovacie scen\u00e1re<\/li>\n<li><strong>Viacero mo\u017enost\u00ed ve\u013ekosti lopti\u010dky<\/strong> pre r\u00f4zne testovacie aplik\u00e1cie<\/li>\n<li><strong>Elektromagnetick\u00e9 gu\u013e\u00f4\u010dkov\u00e9 zavesenie<\/strong> na presn\u00e9 na\u010dasovanie uvo\u013enenia<\/li>\n<li><strong>Pneumatick\u00e9 up\u00ednanie vzoriek<\/strong> na bezpe\u010dn\u00e9 umiestnenie vzorky<\/li>\n<li><strong>Zobrazenie v\u00fdsledkov testu viacer\u00fdch jednotiek<\/strong> na jednoduch\u00fa interpret\u00e1ciu \u00fadajov<\/li>\n<li><strong>Integrovan\u00e1 mikrotla\u010diare\u0148<\/strong> pre dokument\u00e1ciu v\u00fdsledkov na mieste<\/li>\n<li><strong>Volite\u013en\u00fd profesion\u00e1lny softv\u00e9r<\/strong> pre pokro\u010dil\u00fa anal\u00fdzu \u00fadajov<\/li>\n<\/ul>\n\n\t\t<\/div>\n\t\t\t\t\t<\/div>\n\n\t\n\n\t<div id=\"col-502199804\" class=\"col medium-6 small-12 large-6\"  >\n\t\t\t\t<div class=\"col-inner\"  >\n\t\t\t\n\t\t\t\n\n<h3>Technick\u00e9 \u0161pecifik\u00e1cie:<\/h3>\n<ul>\n<li><strong>V\u00fd\u0161ka n\u00e1razu<\/strong>: Nastavite\u013en\u00e1 v rozsahu od 300 mm do 600 mm (mo\u017enos\u0165 roz\u0161\u00edrenia pod\u013ea potreby)<\/li>\n<li><strong>Priemery gu\u013e\u00f4\u010dok<\/strong>: 23 mm, 25 mm, 28,6 mm, 38,1 mm, 50,8 mm<\/li>\n<li><strong>Presnos\u0165<\/strong>: 0,1 g (0,1 J)<\/li>\n<li><strong>Ve\u013ekos\u0165 vzorky<\/strong>: Minim\u00e1lne 150 mm x 150 mm<\/li>\n<li><strong>Dod\u00e1vka plynu<\/strong>: 0,6 MPa PU r\u00farka (\u03a68 mm)<\/li>\n<li><strong>Nap\u00e1janie<\/strong>: AC 110~220V, 50Hz<\/li>\n<\/ul>\n\n\t\t<\/div>\n\t\t\t\t\t<\/div>\n\n\t\n\n<\/div>\n\n\t\t<\/div>\n\t\t\t\t\t<\/div>\n\n\t\n\n<\/div>\n<div class=\"row\"  id=\"row-1597431904\">\n\n\n\t<div id=\"col-1822575541\" class=\"col small-12 large-12\"  >\n\t\t\t\t<div class=\"col-inner\"  >\n\t\t\t\n\t\t\t\n\n<div class=\"row\"  id=\"row-1482868422\">\n\n\n\t<div id=\"col-855114045\" class=\"col small-12 large-12\"  >\n\t\t\t\t<div class=\"col-inner\"  >\n\t\t\t\n\t\t\t\n\n\t<div id=\"text-1642670249\" class=\"text\">\n\t\t\n\n<h2>Test n\u00e1razu lopty: Faktory ovplyv\u0148uj\u00face v\u00fdsledky<\/h2>\n\t\t\n<style>\n#text-1642670249 {\n  font-size: 1.3rem;\n  text-align: center;\n}\n<\/style>\n\t<\/div>\n\t\n\n\t\t<\/div>\n\t\t\t\t\t<\/div>\n\n\t\n\n\t<div id=\"col-464778698\" class=\"col small-12 large-12\"  >\n\t\t\t\t<div class=\"col-inner\"  >\n\t\t\t\n\t\t\t\n\n<p>Testom n\u00e1razu lopty sa meria, ako dobre materi\u00e1ly odol\u00e1vaj\u00fa silov\u00e9mu kontaktu s padaj\u00facim predmetom. V\u00fdsledky testu ovplyv\u0148uje nieko\u013eko faktorov:<\/p>\n<h4>1. V\u00fd\u0161ka p\u00e1du<\/h4>\n<p>Vy\u0161\u0161ia v\u00fd\u0161ka p\u00e1du vytv\u00e1ra v\u00e4\u010d\u0161iu energiu n\u00e1razu, \u010d\u00edm simuluje extr\u00e9mnej\u0161ie scen\u00e1re v re\u00e1lnom svete.<\/p>\n<h4>2. Ve\u013ekos\u0165 a hmotnos\u0165 lopti\u010dky<\/h4>\n<p>V\u00e4\u010d\u0161ie a \u0165a\u017e\u0161ie gu\u013e\u00f4\u010dky p\u00f4sobia pri n\u00e1raze v\u00e4\u010d\u0161ou silou, \u010do ovplyv\u0148uje deform\u00e1ciu alebo poru\u0161enie materi\u00e1lu.<\/p>\n<h4>3. Vlastnosti materi\u00e1lu<\/h4>\n<p>H\u00fa\u017eevnatos\u0165, hr\u00fabka a pru\u017enos\u0165 prispievaj\u00fa k tomu, ako materi\u00e1l absorbuje a rozpty\u013euje energiu n\u00e1razu.<\/p>\n\n\t\t<\/div>\n\t\t\t\t\t<\/div>\n\n\t\n\n<\/div>\n\n\t\t<\/div>\n\t\t\t\t\t<\/div>\n\n\t\n\n<\/div>\n\n\t\t<\/div>\n\n\t\t\n<style>\n#section_273888105 {\n  padding-top: 30px;\n  padding-bottom: 30px;\n}\n<\/style>\n\t<\/section>\n\t\n\t<section class=\"section\" id=\"section_1567577477\">\n\t\t<div class=\"bg section-bg fill bg-fill  bg-loaded\" >\n\n\t\t\t\n\t\t\t\n\t\t\t\n\n\t\t<\/div>\n\n\t\t\n\n\t\t<div class=\"section-content relative\">\n\t\t\t\n\n<div class=\"row\"  id=\"row-762328558\">\n\n\n\t<div id=\"col-831970374\" class=\"col small-12 large-12\"  >\n\t\t\t\t<div class=\"col-inner\"  >\n\t\t\t\n\t\t\t\n\n<div class=\"row align-equal align-center\"  id=\"row-1404816992\">\n\n\n\t<div id=\"col-909706749\" class=\"col small-12 large-12\"  >\n\t\t\t\t<div class=\"col-inner\"  >\n\t\t\t\n\t\t\t\n\n\t<div id=\"text-1276744624\" class=\"text\">\n\t\t\n\n<h2>Pre\u010do si vybra\u0165 Impacttesting.net<br \/>FBT-01 Tester p\u00e1du gu\u013e\u00f4\u010dky<\/h2>\n\t\t\n<style>\n#text-1276744624 {\n  font-size: 1.4rem;\n  text-align: center;\n}\n<\/style>\n\t<\/div>\n\t\n\n\t\t<\/div>\n\t\t\t\t\t<\/div>\n\n\t\n\n\t<div id=\"col-1298322650\" class=\"col medium-6 small-12 large-6\"  >\n\t\t\t\t<div class=\"col-inner text-center\"  >\n\t\t\t\n\t\t\t\n\n\t<div id=\"text-3342499864\" class=\"text\">\n\t\t\n\n<p>Str\u00e1nka <strong>tester kvapky lopti\u010dky<\/strong> je d\u00f4le\u017eit\u00fdm n\u00e1strojom pre v\u00fdrobcov a odborn\u00edkov na kontrolu kvality. Pom\u00e1ha zabezpe\u010di\u0165, aby materi\u00e1ly sp\u013a\u0148ali po\u017eiadavky na odolnos\u0165 proti n\u00e1razu, a t\u00fdm poskytuje istotu v oblasti trvanlivosti v\u00fdrobkov a bezpe\u010dnosti pou\u017e\u00edvate\u013eov. \u010ci u\u017e ide o testovanie ochrann\u00fdch okuliarov pod\u013ea <a href=\"https:\/\/www.impacttesting.net\/sk\/ansi-z87-1\/\"><strong>Normy ANSI Z87.1<\/strong><\/a> alebo vykon\u00e1vanie v\u0161eobecn\u00fdch <strong>testy n\u00e1razu lopti\u010dky<\/strong>, t\u00e1to met\u00f3da zohr\u00e1va d\u00f4le\u017eit\u00fa \u00falohu pri hodnoten\u00ed vlastnost\u00ed materi\u00e1lu.<\/p>\n\t\t\n<style>\n#text-3342499864 {\n  font-size: 1.1rem;\n  line-height: 2;\n}\n<\/style>\n\t<\/div>\n\t\n<a href=\"https:\/\/www.impacttesting.net\/sk\/contact-us\/\" class=\"button primary is-outline\"  style=\"border-radius:99px;\">\n    <span>Kontaktujte n\u00e1s<\/span>\n  <i class=\"icon-chat\" aria-hidden=\"true\" ><\/i><\/a>\n\n\n\n\t\t<\/div>\n\t\t\t\t\t<\/div>\n\n\t\n\n\t<div id=\"col-1006673093\" class=\"col medium-4 small-12 large-4\"  >\n\t\t\t\t<div class=\"col-inner text-center\"  >\n\t\t\t\n\t\t\t\n\n\n<div class=\"wpcf7 no-js\" id=\"wpcf7-f10-o1\" lang=\"en-US\" dir=\"ltr\" data-wpcf7-id=\"10\">\n<div class=\"screen-reader-response\"><p role=\"status\" aria-live=\"polite\" aria-atomic=\"true\"><\/p> <ul><\/ul><\/div>\n<form action=\"\/sk\/wp-json\/wp\/v2\/pages\/74#wpcf7-f10-o1\" method=\"post\" class=\"wpcf7-form init\" aria-label=\"Contact form\" novalidate=\"novalidate\" data-status=\"init\" data-trp-original-action=\"\/sk\/wp-json\/wp\/v2\/pages\/74#wpcf7-f10-o1\">\n<fieldset class=\"hidden-fields-container\"><input type=\"hidden\" name=\"_wpcf7\" value=\"10\" \/><input type=\"hidden\" name=\"_wpcf7_version\" value=\"6.1.4\" \/><input type=\"hidden\" name=\"_wpcf7_locale\" value=\"en_US\" \/><input type=\"hidden\" name=\"_wpcf7_unit_tag\" value=\"wpcf7-f10-o1\" \/><input type=\"hidden\" name=\"_wpcf7_container_post\" value=\"0\" \/><input type=\"hidden\" name=\"_wpcf7_posted_data_hash\" value=\"\" \/><input type=\"hidden\" name=\"_wpcf7_recaptcha_response\" value=\"\" \/>\n<\/fieldset>\n<p><span class=\"wpcf7-form-control-wrap\" data-name=\"Name\"><input size=\"40\" maxlength=\"400\" class=\"wpcf7-form-control wpcf7-text\" aria-invalid=\"false\" placeholder=\"Va\u0161e meno\" value=\"\" type=\"text\" name=\"Name\" \/><\/span><br \/>\n<span class=\"wpcf7-form-control-wrap\" data-name=\"Comapany\"><input size=\"40\" maxlength=\"400\" class=\"wpcf7-form-control wpcf7-text\" aria-invalid=\"false\" placeholder=\"Va\u0161a spolo\u010dnos\u0165\" value=\"\" type=\"text\" name=\"Comapany\" \/><\/span><br \/>\n<span class=\"wpcf7-form-control-wrap\" data-name=\"Email\"><input size=\"40\" maxlength=\"400\" class=\"wpcf7-form-control wpcf7-email wpcf7-validates-as-required wpcf7-text wpcf7-validates-as-email\" aria-required=\"true\" aria-invalid=\"false\" placeholder=\"V\u00e1\u0161 e-mail*\" value=\"\" type=\"email\" name=\"Email\" \/><\/span><br \/>\n<span class=\"wpcf7-form-control-wrap\" data-name=\"Message\"><textarea cols=\"40\" rows=\"10\" maxlength=\"2000\" class=\"wpcf7-form-control wpcf7-textarea\" aria-invalid=\"false\" placeholder=\"Spr\u00e1va\" name=\"Message\"><\/textarea><\/span>\n<\/p>\n<p><input class=\"wpcf7-form-control wpcf7-submit has-spinner\" type=\"submit\" value=\"Odosla\u0165\" \/>\n<\/p><div class=\"wpcf7-response-output\" aria-hidden=\"true\"><\/div>\n<input type=\"hidden\" name=\"trp-form-language\" value=\"sk\"\/><\/form>\n<\/div>\n\n\n\n\t\t<\/div>\n\t\t\t\t\t<\/div>\n\n\t\n\n<\/div>\n\n\t\t<\/div>\n\t\t\t\t\t<\/div>\n\n\t\n\n<\/div>\n\n\t\t<\/div>\n\n\t\t\n<style>\n#section_1567577477 {\n  padding-top: 30px;\n  padding-bottom: 30px;\n  background-color: rgb(232, 234, 241);\n}\n<\/style>\n\t<\/section>","protected":false},"excerpt":{"rendered":"","protected":false},"author":1,"featured_media":0,"parent":0,"menu_order":0,"comment_status":"closed","ping_status":"closed","template":"page-blank.php","meta":{"footnotes":""},"class_list":["post-74","page","type-page","status-publish","hentry"],"_links":{"self":[{"href":"https:\/\/www.impacttesting.net\/sk\/wp-json\/wp\/v2\/pages\/74","targetHints":{"allow":["GET"]}}],"collection":[{"href":"https:\/\/www.impacttesting.net\/sk\/wp-json\/wp\/v2\/pages"}],"about":[{"href":"https:\/\/www.impacttesting.net\/sk\/wp-json\/wp\/v2\/types\/page"}],"author":[{"embeddable":true,"href":"https:\/\/www.impacttesting.net\/sk\/wp-json\/wp\/v2\/users\/1"}],"replies":[{"embeddable":true,"href":"https:\/\/www.impacttesting.net\/sk\/wp-json\/wp\/v2\/comments?post=74"}],"version-history":[{"count":2,"href":"https:\/\/www.impacttesting.net\/sk\/wp-json\/wp\/v2\/pages\/74\/revisions"}],"predecessor-version":[{"id":78,"href":"https:\/\/www.impacttesting.net\/sk\/wp-json\/wp\/v2\/pages\/74\/revisions\/78"}],"wp:attachment":[{"href":"https:\/\/www.impacttesting.net\/sk\/wp-json\/wp\/v2\/media?parent=74"}],"curies":[{"name":"wp","href":"https:\/\/api.w.org\/{rel}","templated":true}]}}