{"id":66,"date":"2025-12-24T05:51:29","date_gmt":"2025-12-24T05:51:29","guid":{"rendered":"https:\/\/www.impacttesting.net\/?page_id=66"},"modified":"2025-12-24T05:51:29","modified_gmt":"2025-12-24T05:51:29","slug":"astm-d1709","status":"publish","type":"page","link":"https:\/\/www.impacttesting.net\/sk\/astm-d1709\/","title":{"rendered":"ASTM D1709"},"content":{"rendered":"<section class=\"section\" id=\"section_176605023\">\n\t\t<div class=\"bg section-bg fill bg-fill  bg-loaded\" >\n\n\t\t\t\n\t\t\t\n\t\t\t\n\n\t\t<\/div>\n\n\t\t\n\n\t\t<div class=\"section-content relative\">\n\t\t\t\n\n<div class=\"row\"  id=\"row-126191334\">\n\n\n\t<div id=\"col-147065572\" class=\"col small-12 large-12\"  >\n\t\t\t\t<div class=\"col-inner\" style=\"background-color:rgb(92, 171, 188);\" >\n\t\t\t\n\t\t\t\n\n<div class=\"row\"  id=\"row-1198747892\">\n\n\n\t<div id=\"col-1014891933\" class=\"col small-12 large-12\"  >\n\t\t\t\t<div class=\"col-inner\"  >\n\t\t\t\n\t\t\t\n\n\t<div id=\"text-3479605273\" class=\"text\">\n\t\t\n\n<h1>ASTM D1709<\/h1>\n\t\t\n<style>\n#text-3479605273 {\n  font-size: 1.5rem;\n  text-align: center;\n}\n<\/style>\n\t<\/div>\n\t\n\t<div id=\"text-56992069\" class=\"text\">\n\t\t\n\n<h2>Met\u00f3da sk\u00fa\u0161ky kvapky \u0161\u00edpky pre plastov\u00fa f\u00f3liu<\/h2>\n\t\t\n<style>\n#text-56992069 {\n  text-align: center;\n}\n<\/style>\n\t<\/div>\n\t\n\n\t\t<\/div>\n\t\t\t\t\n<style>\n#col-1014891933 > .col-inner {\n  padding: 50px 10px 10px 10px;\n}\n<\/style>\n\t<\/div>\n\n\t\n\n<\/div>\n<div class=\"row align-middle align-center\"  id=\"row-1794708066\">\n\n\n\t<div id=\"col-750218421\" class=\"col medium-11 small-12 large-11\"  >\n\t\t\t\t<div class=\"col-inner\"  >\n\t\t\t\n\t\t\t\n\n<div class=\"row align-center\"  id=\"row-1416799523\">\n\n\n\t<div id=\"col-1784830054\" class=\"col medium-7 small-12 large-7\"  >\n\t\t\t\t<div class=\"col-inner\"  >\n\t\t\t\n\t\t\t\n\n<div class=\"row\"  id=\"row-1743384703\">\n\n\n\t<div id=\"col-1670806046\" class=\"col small-12 large-12\"  >\n\t\t\t\t<div class=\"col-inner text-center\"  >\n\t\t\t\n\t\t\t\n\n\t<div id=\"text-440269340\" class=\"text\">\n\t\t\n\n<p>Str\u00e1nka <strong>Test p\u00e1dom \u0161\u00edpky pod\u013ea normy ASTM D1709<\/strong> je k\u013e\u00fa\u010dovou met\u00f3dou na pos\u00fadenie odolnosti plastov\u00fdch f\u00f3li\u00ed a podobn\u00fdch materi\u00e1lov vo\u010di n\u00e1razu. Dodr\u017eiavan\u00edm \u0161tandardn\u00fdch postupov, v\u00fdberom spr\u00e1vnej sk\u00fa\u0161obnej met\u00f3dy a pou\u017eit\u00edm spo\u013eahliv\u00e9ho zariadenia, ako je napr. <strong>FDT-01 od Impacttesting.net<\/strong>, m\u00f4\u017eete zabezpe\u010di\u0165 konzistentn\u00fa kvalitu a s\u00falad s priemyseln\u00fdmi normami.<\/p>\n\t\t\n<style>\n#text-440269340 {\n  color: rgb(0, 0, 0);\n}\n#text-440269340 > * {\n  color: rgb(0, 0, 0);\n}\n<\/style>\n\t<\/div>\n\t\n\n\t\t<\/div>\n\t\t\t\t\t<\/div>\n\n\t\n\n\t<div id=\"col-107472427\" class=\"col small-12 large-12\"  >\n\t\t\t\t<div class=\"col-inner text-center\"  >\n\t\t\t\n\t\t\t\n\n<a href=\"https:\/\/www.impacttesting.net\/sk\/contact-us\/\" class=\"button primary is-outline\"  style=\"border-radius:99px;\">\n    <span>Kontaktujte n\u00e1s<\/span>\n  <i class=\"icon-chat\" aria-hidden=\"true\" ><\/i><\/a>\n\n\n\n\t\t<\/div>\n\t\t\t\t\t<\/div>\n\n\t\n\n<\/div>\n\n\t\t<\/div>\n\t\t\t\t\t<\/div>\n\n\t\n\n\t<div id=\"col-1913365635\" class=\"col medium-4 small-12 large-4\"  >\n\t\t\t\t<div class=\"col-inner\"  >\n\t\t\t\n\t\t\t\n\n<div class=\"row\"  id=\"row-111136274\">\n\n\n\t<div id=\"col-97505277\" class=\"col small-12 large-12\"  >\n\t\t\t\t<div class=\"col-inner\"  >\n\t\t\t\n\t\t\t\n\n\t<div class=\"img has-hover x md-x lg-x y md-y lg-y\" id=\"image_1719639570\">\n\t\t\t\t\t\t\t\t<div class=\"img-inner dark\" >\n\t\t\t<img decoding=\"async\" width=\"600\" height=\"440\" src=\"https:\/\/www.impacttesting.net\/wp-content\/uploads\/2025\/12\/ASTM-D1709-Dart-Drop-Test-Method-for-Plastic-Film.webp\" class=\"attachment-large size-large\" alt=\"ASTM D1709 Met\u00f3da sk\u00fa\u0161ky p\u00e1du plastovej f\u00f3lie \u0161\u00edpkou\" srcset=\"https:\/\/www.impacttesting.net\/wp-content\/uploads\/2025\/12\/ASTM-D1709-Dart-Drop-Test-Method-for-Plastic-Film.webp 600w, https:\/\/www.impacttesting.net\/wp-content\/uploads\/2025\/12\/ASTM-D1709-Dart-Drop-Test-Method-for-Plastic-Film-545x400.webp 545w\" sizes=\"(max-width: 600px) 100vw, 600px\" \/>\t\t\t\t\t\t\n\t\t\t\t\t<\/div>\n\t\t\t\t\t\t\t\t\n<style>\n#image_1719639570 {\n  width: 100%;\n}\n<\/style>\n\t<\/div>\n\t\n\n\n\t\t<\/div>\n\t\t\t\t\t<\/div>\n\n\t\n\n<\/div>\n\n\t\t<\/div>\n\t\t\t\t\t<\/div>\n\n\t\n\n<\/div>\n\n\t\t<\/div>\n\t\t\t\t\t<\/div>\n\n\t\n\n<\/div>\n\n\t\t<\/div>\n\t\t\t\t\t<\/div>\n\n\t\n\n\n<style>\n#row-126191334 > .col > .col-inner {\n  border-radius: 25px;\n}\n<\/style>\n<\/div>\n\n\t\t<\/div>\n\n\t\t\n<style>\n#section_176605023 {\n  padding-top: 30px;\n  padding-bottom: 30px;\n}\n<\/style>\n\t<\/section>\n\t\n\t<section class=\"section\" id=\"section_1686799842\">\n\t\t<div class=\"bg section-bg fill bg-fill  bg-loaded\" >\n\n\t\t\t\n\t\t\t\n\t\t\t\n\n\t\t<\/div>\n\n\t\t\n\n\t\t<div class=\"section-content relative\">\n\t\t\t\n\n<div class=\"row\"  id=\"row-359277252\">\n\n\n\t<div id=\"col-1032721522\" class=\"col small-12 large-12\"  >\n\t\t\t\t<div class=\"col-inner\"  >\n\t\t\t\n\t\t\t\n\n<div class=\"row\"  id=\"row-286691277\">\n\n\n\t<div id=\"col-428530653\" class=\"col small-12 large-12\"  >\n\t\t\t\t<div class=\"col-inner\"  >\n\t\t\t\n\t\t\t\n\n\t<div id=\"text-3110795029\" class=\"text\">\n\t\t\n\n<h2>ASTM D1709 a jej v\u00fdznam<\/h2>\n\t\t\n<style>\n#text-3110795029 {\n  font-size: 1.3rem;\n  text-align: center;\n}\n<\/style>\n\t<\/div>\n\t\n\n\t\t<\/div>\n\t\t\t\t\t<\/div>\n\n\t\n\n\t<div id=\"col-488861691\" class=\"col small-12 large-12\"  >\n\t\t\t\t<div class=\"col-inner\"  >\n\t\t\t\n\t\t\t\n\n<p>Pri zabezpe\u010dovan\u00ed kvality pru\u017en\u00fdch obalov\u00fdch materi\u00e1lov, najm\u00e4 plastov\u00fdch f\u00f3li\u00ed, zohr\u00e1va norma ASTM D1709 d\u00f4le\u017eit\u00fa \u00falohu. T\u00e1to medzin\u00e1rodn\u00e1 norma \u0161pecifikuje <strong>met\u00f3da sk\u00fa\u0161ky p\u00e1dom \u0161\u00edpky<\/strong>, v ktorom sa hodnot\u00ed odolnos\u0165 plastov\u00fdch f\u00f3li\u00ed proti n\u00e1razu stanoven\u00edm energie potrebnej na sp\u00f4sobenie poruchy pri p\u00e1de za\u0165a\u017eenej strely z pevnej v\u00fd\u0161ky. V\u00fdsledky s\u00fa d\u00f4le\u017eit\u00e9 na zabezpe\u010denie vlastnost\u00ed v\u00fdrobku po\u010das prepravy, manipul\u00e1cie a pou\u017e\u00edvania. Pre v\u00fdrobcov, odborn\u00edkov na kontrolu kvality a laborat\u00f3ri\u00e1 pracuj\u00face s polym\u00e9rov\u00fdmi f\u00f3liami je pochopenie a implement\u00e1cia normy ASTM D1709 z\u00e1rukou dodr\u017eiavania v\u00fdkonnostn\u00fdch noriem a konzistentnosti v\u00fdroby.<\/p>\n\n\t\t<\/div>\n\t\t\t\t\t<\/div>\n\n\t\n\n<\/div>\n\n\t\t<\/div>\n\t\t\t\t\t<\/div>\n\n\t\n\n<\/div>\n<div class=\"row\"  id=\"row-101756930\">\n\n\n\t<div id=\"col-786600829\" class=\"col small-12 large-12\"  >\n\t\t\t\t<div class=\"col-inner\"  >\n\t\t\t\n\t\t\t\n\n<div class=\"row\"  id=\"row-1106744567\">\n\n\n\t<div id=\"col-618975051\" class=\"col small-12 large-12\"  >\n\t\t\t\t<div class=\"col-inner\"  >\n\t\t\t\n\t\t\t\n\n<div class=\"row\"  id=\"row-2136049409\">\n\n\n\t<div id=\"col-1604144748\" class=\"col small-12 large-12\"  >\n\t\t\t\t<div class=\"col-inner\"  >\n\t\t\t\n\t\t\t\n\n\t<div id=\"text-3454230402\" class=\"text\">\n\t\t\n\n<h2>Pochopenie met\u00f3dy sk\u00fa\u0161ky p\u00e1dom \u0161\u00edpky<\/h2>\n\t\t\n<style>\n#text-3454230402 {\n  font-size: 1.3rem;\n  text-align: center;\n}\n<\/style>\n\t<\/div>\n\t\n\n\t\t<\/div>\n\t\t\t\t\t<\/div>\n\n\t\n\n<\/div>\n<div class=\"row align-middle\"  id=\"row-621455096\">\n\n\n\t<div id=\"col-1618165285\" class=\"col medium-7 small-12 large-7\"  >\n\t\t\t\t<div class=\"col-inner\"  >\n\t\t\t\n\t\t\t\n\n<p>Str\u00e1nka <strong>test kvapky \u0161\u00edpky<\/strong> ako je definovan\u00e9 v norme ASTM D1709, zah\u0155\u0148a p\u00fa\u0161\u0165anie \u0161\u00edpky s polgu\u013eovou hlavou na upnut\u00fa vzorku f\u00f3lie s cie\u013eom ur\u010di\u0165 hmotnos\u0165, ktor\u00e1 sp\u00f4sob\u00ed poruchu 50% testovan\u00fdch vzoriek. Sk\u00fa\u0161ka poskytuje kvantitat\u00edvne meranie odolnosti proti n\u00e1razu.<\/p>\n<p>Existuj\u00fa dve z\u00e1kladn\u00e9 testovacie met\u00f3dy:<\/p>\n<ul>\n<li><strong>Met\u00f3da A<\/strong>: Pou\u017e\u00edva sa \u0161\u00edpka s priemerom 38,10 mm, ktor\u00e1 sa zhadzuje z v\u00fd\u0161ky 0,66 m.<\/li>\n<li><strong>Met\u00f3da B<\/strong>: Pou\u017e\u00edva sa \u0161\u00edpka s priemerom 50,80 mm vrhan\u00e1 z v\u00fd\u0161ky 1,52 m.<\/li>\n<\/ul>\n<p>Ka\u017ed\u00e1 met\u00f3da je vhodn\u00e1 pre r\u00f4zne typy f\u00f3li\u00ed a prahov\u00e9 hodnoty v\u00fdkonu. Met\u00f3da A je be\u017enej\u0161ia pre \u013eah\u0161ie alebo ten\u0161ie f\u00f3lie, zatia\u013e \u010do met\u00f3da B sa pou\u017e\u00edva, ke\u010f sa o\u010dak\u00e1va vy\u0161\u0161\u00ed energetick\u00fd n\u00e1raz.<\/p>\n\n\t\t<\/div>\n\t\t\t\t\t<\/div>\n\n\t\n\n\t<div id=\"col-20612796\" class=\"col medium-5 small-12 large-5\"  >\n\t\t\t\t<div class=\"col-inner\"  >\n\t\t\t\n\t\t\t\n\n\t<div class=\"img has-hover x md-x lg-x y md-y lg-y\" id=\"image_685153899\">\n\t\t\t\t\t\t\t\t<div class=\"img-inner dark\" >\n\t\t\t<img decoding=\"async\" width=\"600\" height=\"440\" src=\"https:\/\/www.impacttesting.net\/wp-content\/uploads\/2025\/12\/ASTM-D1709-Dart-Drop-Test-Method-for-Plastic-Film.webp\" class=\"attachment-large size-large\" alt=\"ASTM D1709 Met\u00f3da sk\u00fa\u0161ky p\u00e1du plastovej f\u00f3lie \u0161\u00edpkou\" srcset=\"https:\/\/www.impacttesting.net\/wp-content\/uploads\/2025\/12\/ASTM-D1709-Dart-Drop-Test-Method-for-Plastic-Film.webp 600w, https:\/\/www.impacttesting.net\/wp-content\/uploads\/2025\/12\/ASTM-D1709-Dart-Drop-Test-Method-for-Plastic-Film-545x400.webp 545w\" sizes=\"(max-width: 600px) 100vw, 600px\" \/>\t\t\t\t\t\t\n\t\t\t\t\t<\/div>\n\t\t\t\t\t\t\t\t\n<style>\n#image_685153899 {\n  width: 100%;\n}\n<\/style>\n\t<\/div>\n\t\n\n\n\t\t<\/div>\n\t\t\t\t\t<\/div>\n\n\t\n\n<\/div>\n\n\t\t<\/div>\n\t\t\t\t\t<\/div>\n\n\t\n\n<\/div>\n\n\t\t<\/div>\n\t\t\t\t\t<\/div>\n\n\t\n\n<\/div>\n<div class=\"row\"  id=\"row-1792940758\">\n\n\n\t<div id=\"col-1576260810\" class=\"col small-12 large-12\"  >\n\t\t\t\t<div class=\"col-inner\"  >\n\t\t\t\n\t\t\t\n\n<div class=\"row\"  id=\"row-2122240867\">\n\n\n\t<div id=\"col-668356440\" class=\"col small-12 large-12\"  >\n\t\t\t\t<div class=\"col-inner\"  >\n\t\t\t\n\t\t\t\n\n\t<div id=\"text-865868230\" class=\"text\">\n\t\t\n\n<h2>K\u013e\u00fa\u010dov\u00e9 kroky v postupe n\u00e1razovej sk\u00fa\u0161ky \u0161\u00edpok<\/h2>\n\t\t\n<style>\n#text-865868230 {\n  font-size: 1.3rem;\n  text-align: center;\n}\n<\/style>\n\t<\/div>\n\t\n\n\t\t<\/div>\n\t\t\t\t\t<\/div>\n\n\t\n\n<\/div>\n<div class=\"row\"  id=\"row-398127224\">\n\n\n\t<div id=\"col-1110832186\" class=\"col medium-6 small-12 large-6\"  >\n\t\t\t\t<div class=\"col-inner\"  >\n\t\t\t\n\t\t\t\n\n<h3>Pr\u00edprava sk\u00fa\u0161obnej vzorky<\/h3>\n<ul>\n<li><strong>Ve\u013ekos\u0165 a kvalita<\/strong>: Uistite sa, \u017ee vzorky s\u00fa dostato\u010dne ve\u013ek\u00e9, aby presahovali svorku a nemaj\u00fa vidite\u013en\u00e9 chyby, ako s\u00fa dierky alebo z\u00e1hyby.<\/li>\n<li><strong>Odber vzoriek<\/strong>: Odoberte vzorky, ktor\u00e9 s\u00fa reprezentat\u00edvne pre cel\u00fa v\u00fdrobn\u00fa d\u00e1vku filmu.<\/li>\n<li><strong>Kondi\u010dn\u00e1 pr\u00edprava<\/strong>: V\u0161etky vzorky pred testovan\u00edm kondicionujte najmenej 40 hod\u00edn pri teplote 23 \u00b1 2 \u00b0C a relat\u00edvnej vlhkosti 50 \u00b1 10%, ako je uveden\u00e9 v norme ASTM D618.<\/li>\n<\/ul>\n\n\t\t<\/div>\n\t\t\t\t\t<\/div>\n\n\t\n\n\t<div id=\"col-334857014\" class=\"col medium-6 small-12 large-6\"  >\n\t\t\t\t<div class=\"col-inner\"  >\n\t\t\t\n\t\t\t\n\n<h3>Nastavenie pr\u00edstroja<\/h3>\n<ul>\n<li>Pou\u017eite schv\u00e1len\u00fd tester na p\u00e1d \u0161\u00edpok, ako je napr. <strong>FDT-01 od Impacttesting.net<\/strong>, ktor\u00fd podporuje met\u00f3du A aj B s presn\u00fdmi mechanizmami uvo\u013e\u0148ovania \u0161\u00edpok.<\/li>\n<li>Vyberte a skontrolujte hlavu \u0161\u00edpky, \u010di nie je po\u0161kriaban\u00e1 alebo po\u0161koden\u00e1.<\/li>\n<li>Presne nastavte v\u00fd\u0161ku p\u00e1du na z\u00e1klade zvolenej sk\u00fa\u0161obnej met\u00f3dy.<\/li>\n<li>Uistite sa, \u017ee uvo\u013enenie \u0161\u00edpky dopad\u00e1 na stred upnutej vzorky a \u017ee nedoch\u00e1dza k jej sk\u013aznutiu.<\/li>\n<\/ul>\n\n\t\t<\/div>\n\t\t\t\t\t<\/div>\n\n\t\n\n<\/div>\n<div class=\"row align-middle\"  id=\"row-1107265754\">\n\n\n\t<div id=\"col-1097461636\" class=\"col medium-8 small-12 large-8\"  >\n\t\t\t\t<div class=\"col-inner\"  >\n\t\t\t\n\t\t\t\n\n<h3>Techniky testovania p\u00e1du \u0161\u00edpok<\/h3>\n<p>Pod\u013ea normy ASTM D1709 existuj\u00fa dve hlavn\u00e9 testovacie techniky:<\/p>\n<h4>Schodiskov\u00e1 met\u00f3da<\/h4>\n<ul>\n<li>Pou\u017e\u00edvajte jednotn\u00e9 pr\u00edrastky hmotnosti (\u0394W).<\/li>\n<li>Po ka\u017edej vzorke zv\u00fd\u0161te alebo zn\u00ed\u017ete hmotnos\u0165 \u0161\u00edpky v z\u00e1vislosti od v\u00fdsledku zlyhania.<\/li>\n<li>Test pokra\u010duje, k\u00fdm sa nez\u00edska 10 zlyhan\u00ed (X) a 10 nezlyhan\u00ed (0).<\/li>\n<li>Vypo\u010d\u00edtajte hmotnos\u0165 pri poruche (WF) pomocou vzorca schodiskovej met\u00f3dy:<br \/><strong>WF = W0 + \u0394W(N\/A - 0,5)<\/strong><br \/>Kde:<br \/><strong>W<sub>0<\/sub> <\/strong> je po\u010diato\u010dn\u00e1 hmotnos\u0165<br \/><strong>\u0394W<\/strong> je pr\u00edrastok<br \/><strong>N<\/strong> je celkov\u00fd po\u010det zlyhan\u00ed (10)<br \/><strong>A<\/strong> je s\u00fa\u010det hodn\u00f4t indexov ne\u00faspe\u0161n\u00fdch vzoriek<\/li>\n<\/ul>\n<h4>Alternat\u00edvna met\u00f3da<\/h4>\n<ul>\n<li>Pre skupinu vzoriek (zvy\u010dajne 10) pou\u017eite pevn\u00fa hmotnos\u0165 \u0161\u00edpky.<\/li>\n<li>Hmotnos\u0165 \u0161\u00edpok v skupin\u00e1ch sa m\u00f4\u017ee meni\u0165.<\/li>\n<li>Ur\u010dite prah zlyhania pomocou vykreslen\u00fdch \u00fadajov alebo k\u013azav\u00fdch priemerov.<\/li>\n<\/ul>\n<p>Tento pr\u00edstup sa \u010dasto pou\u017e\u00edva v<strong> be\u017en\u00e1 kontrola kvality<\/strong> na r\u00fdchle kontroly.<\/p>\n\n\t\t<\/div>\n\t\t\t\t\t<\/div>\n\n\t\n\n\t<div id=\"col-1072382897\" class=\"col medium-4 small-12 large-4\"  >\n\t\t\t\t<div class=\"col-inner\"  >\n\t\t\t\n\t\t\t\n\n<div class=\"video video-fit mb\" style=\"padding-top:200%;\"><iframe title=\"Tester n\u00e1razu padaj\u00facej gu\u013e\u00f4\u010dky pre plastov\u00e9 f\u00f3lie a dosky\" width=\"563\" height=\"1000\" src=\"https:\/\/www.youtube.com\/embed\/AvdivZPwIxc?feature=oembed\" frameborder=\"0\" allow=\"accelerometer; autoplay; clipboard-write; encrypted-media; gyroscope; picture-in-picture; web-share\" referrerpolicy=\"strict-origin-when-cross-origin\" allowfullscreen><\/iframe><\/div>\n\n\n\t\t<\/div>\n\t\t\t\t\t<\/div>\n\n\t\n\n<\/div>\n\n\t\t<\/div>\n\t\t\t\t\t<\/div>\n\n\t\n\n<\/div>\n<div class=\"row\"  id=\"row-1116228772\">\n\n\n\t<div id=\"col-49897734\" class=\"col small-12 large-12\"  >\n\t\t\t\t<div class=\"col-inner\"  >\n\t\t\t\n\t\t\t\n\n<div class=\"row\"  id=\"row-585746246\">\n\n\n\t<div id=\"col-6984147\" class=\"col small-12 large-12\"  >\n\t\t\t\t<div class=\"col-inner\"  >\n\t\t\t\n\t\t\t\n\n\t<div id=\"text-639157319\" class=\"text\">\n\t\t\n\n<h2>Be\u017en\u00e9 probl\u00e9my a rie\u0161enia<\/h2>\n\t\t\n<style>\n#text-639157319 {\n  font-size: 1.3rem;\n  text-align: center;\n}\n<\/style>\n\t<\/div>\n\t\n\n\t\t<\/div>\n\t\t\t\t\t<\/div>\n\n\t\n\n\t<div id=\"col-1783645139\" class=\"col small-12 large-12\"  >\n\t\t\t\t<div class=\"col-inner\"  >\n\t\t\t\n\t\t\t\n\n\t<div id=\"text-1149669916\" class=\"text\">\n\t\t\n\n<p><strong>Sk\u013aznutie vzorky<\/strong>: Pou\u017eite vhodn\u00e9 svorky a povrchov\u00fa \u00fapravu (napr. krokusov\u00fa tkaninu), aby ste zabr\u00e1nili pohybu pri n\u00e1raze.<\/p>\n<p><strong>Nekonzistentn\u00e9 v\u00fdsledky<\/strong>: Overte podmienky prostredia, zarovnanie \u0161\u00edpok a pr\u00edpravu vzoriek, aby sa zabezpe\u010dila opakovate\u013enos\u0165.<\/p>\n<p><strong>Odraz \u0161\u00edpok<\/strong>: \u0160\u00edpku po z\u00e1sahu v\u017edy zachy\u0165te, aby nedo\u0161lo k viacn\u00e1sobn\u00e9mu kontaktu a mo\u017en\u00e9mu po\u0161kodeniu povrchu.<\/p>\n\t\t\n<style>\n#text-1149669916 {\n  text-align: center;\n}\n<\/style>\n\t<\/div>\n\t\n\n\t\t<\/div>\n\t\t\t\t\t<\/div>\n\n\t\n\n<\/div>\n\n\t\t<\/div>\n\t\t\t\t\t<\/div>\n\n\t\n\n<\/div>\n\n\t\t<\/div>\n\n\t\t\n<style>\n#section_1686799842 {\n  padding-top: 30px;\n  padding-bottom: 30px;\n}\n<\/style>\n\t<\/section>\n\t\n\t<section class=\"section\" id=\"section_893074629\">\n\t\t<div class=\"bg section-bg fill bg-fill  bg-loaded\" >\n\n\t\t\t\n\t\t\t\n\t\t\t\n\n\t\t<\/div>\n\n\t\t\n\n\t\t<div class=\"section-content relative\">\n\t\t\t\n\n<div class=\"row\"  id=\"row-1673932938\">\n\n\n\t<div id=\"col-610162682\" class=\"col small-12 large-12\"  >\n\t\t\t\t<div class=\"col-inner\"  >\n\t\t\t\n\t\t\t\n\n<div class=\"row align-center\"  id=\"row-1819211420\">\n\n\n\t<div id=\"col-643852885\" class=\"col small-12 large-12\"  >\n\t\t\t\t<div class=\"col-inner\"  >\n\t\t\t\n\t\t\t\n\n\t<div id=\"text-791119767\" class=\"text\">\n\t\t\n\n<h2>Pre\u010do si vybra\u0165 Impacttesting.net<br \/>FDT-01 Tester na testovanie kvapiek \u0161\u00edpok<\/h2>\n\t\t\n<style>\n#text-791119767 {\n  font-size: 1.4rem;\n  text-align: center;\n}\n<\/style>\n\t<\/div>\n\t\n\n\t\t<\/div>\n\t\t\t\t\t<\/div>\n\n\t\n\n\t<div id=\"col-1068461618\" class=\"col small-12 large-12\"  >\n\t\t\t\t<div class=\"col-inner\"  >\n\t\t\t\n\t\t\t\n\n<p>Str\u00e1nka <strong>FDT-01 <a href=\"https:\/\/www.impacttesting.net\/sk\/falling-dart-impact-tester\/\">Tester n\u00e1razov \u0161\u00edpok<\/a><\/strong> z adresy <a href=\"https:\/\/www.impacttesting.net\/sk\/\">Impacttesting.net<\/a> je \u0161peci\u00e1lne navrhnut\u00fd na presn\u00e9 a efekt\u00edvne testovanie na <a href=\"https:\/\/www.impacttesting.net\/sk\/astm-d1709\/\"><strong>ASTM D1709<\/strong><\/a>. Tento n\u00e1stroj:<\/p>\n\n\t\t<\/div>\n\t\t\t\t\t<\/div>\n\n\t\n\n\t<div id=\"col-1268193409\" class=\"col medium-7 small-12 large-7\"  >\n\t\t\t\t<div class=\"col-inner text-center\"  >\n\t\t\t\n\t\t\t\n\n\t<div id=\"text-764520107\" class=\"text\">\n\t\t\n\n<p>Podporuje testovanie met\u00f3dou A aj B<br \/>Presn\u00e9 nastavenie v\u00fd\u0161ky p\u00e1du a uvo\u013enenie \u0161\u00edpky<br \/>Pon\u00faka digit\u00e1lne riadenie a zber \u00fadajov na spo\u013eahliv\u00e9 sledovanie v\u00fdsledkov<br \/>Zvy\u0161uje produktivitu v\u010faka intuit\u00edvnemu rozhraniu a robustnej kon\u0161trukcii<\/p>\n\t\t\n<style>\n#text-764520107 {\n  font-size: 1.1rem;\n  line-height: 1.3;\n}\n<\/style>\n\t<\/div>\n\t\n\t<div id=\"text-2487202874\" class=\"text\">\n\t\t\n\n<p>Na\u0161e odborn\u00e9 znalosti v oblasti <strong>testovanie obalov\u00fdch materi\u00e1lov<\/strong>v kombin\u00e1cii s prisp\u00f4sobite\u013en\u00fdmi funkciami a podporou automatiz\u00e1cie je FDT-01 ide\u00e1lnym rie\u0161en\u00edm pre laborat\u00f3ri\u00e1, v\u00fdrobn\u00e9 linky a kontroln\u00e9 agent\u00fary.<\/p>\n\t\t\n<style>\n#text-2487202874 {\n  font-size: 1.1rem;\n}\n<\/style>\n\t<\/div>\n\t\n<a href=\"https:\/\/www.impacttesting.net\/sk\/contact-us\/\" class=\"button primary is-outline\"  style=\"border-radius:99px;\">\n    <span>Kontaktujte n\u00e1s<\/span>\n  <i class=\"icon-chat\" aria-hidden=\"true\" ><\/i><\/a>\n\n\n\n\t\t<\/div>\n\t\t\t\t\t<\/div>\n\n\t\n\n\t<div id=\"col-399508506\" class=\"col medium-4 small-12 large-4\"  >\n\t\t\t\t<div class=\"col-inner text-center\"  >\n\t\t\t\n\t\t\t\n\n\n<div class=\"wpcf7 no-js\" id=\"wpcf7-f10-o1\" lang=\"en-US\" dir=\"ltr\" data-wpcf7-id=\"10\">\n<div class=\"screen-reader-response\"><p role=\"status\" aria-live=\"polite\" aria-atomic=\"true\"><\/p> <ul><\/ul><\/div>\n<form action=\"\/sk\/wp-json\/wp\/v2\/pages\/66#wpcf7-f10-o1\" method=\"post\" class=\"wpcf7-form init\" aria-label=\"Contact form\" novalidate=\"novalidate\" data-status=\"init\" data-trp-original-action=\"\/sk\/wp-json\/wp\/v2\/pages\/66#wpcf7-f10-o1\">\n<fieldset class=\"hidden-fields-container\"><input type=\"hidden\" name=\"_wpcf7\" value=\"10\" \/><input type=\"hidden\" name=\"_wpcf7_version\" value=\"6.1.4\" \/><input type=\"hidden\" name=\"_wpcf7_locale\" value=\"en_US\" \/><input type=\"hidden\" name=\"_wpcf7_unit_tag\" value=\"wpcf7-f10-o1\" \/><input type=\"hidden\" name=\"_wpcf7_container_post\" value=\"0\" \/><input type=\"hidden\" name=\"_wpcf7_posted_data_hash\" value=\"\" \/><input type=\"hidden\" name=\"_wpcf7_recaptcha_response\" value=\"\" \/>\n<\/fieldset>\n<p><span class=\"wpcf7-form-control-wrap\" data-name=\"Name\"><input size=\"40\" maxlength=\"400\" class=\"wpcf7-form-control wpcf7-text\" aria-invalid=\"false\" placeholder=\"Va\u0161e meno\" value=\"\" type=\"text\" name=\"Name\" \/><\/span><br \/>\n<span class=\"wpcf7-form-control-wrap\" data-name=\"Comapany\"><input size=\"40\" maxlength=\"400\" class=\"wpcf7-form-control wpcf7-text\" aria-invalid=\"false\" placeholder=\"Va\u0161a spolo\u010dnos\u0165\" value=\"\" type=\"text\" name=\"Comapany\" \/><\/span><br \/>\n<span class=\"wpcf7-form-control-wrap\" data-name=\"Email\"><input size=\"40\" maxlength=\"400\" class=\"wpcf7-form-control wpcf7-email wpcf7-validates-as-required wpcf7-text wpcf7-validates-as-email\" aria-required=\"true\" aria-invalid=\"false\" placeholder=\"V\u00e1\u0161 e-mail*\" value=\"\" type=\"email\" name=\"Email\" \/><\/span><br \/>\n<span class=\"wpcf7-form-control-wrap\" data-name=\"Message\"><textarea cols=\"40\" rows=\"10\" maxlength=\"2000\" class=\"wpcf7-form-control wpcf7-textarea\" aria-invalid=\"false\" placeholder=\"Spr\u00e1va\" name=\"Message\"><\/textarea><\/span>\n<\/p>\n<p><input class=\"wpcf7-form-control wpcf7-submit has-spinner\" type=\"submit\" value=\"Odosla\u0165\" \/>\n<\/p><div class=\"wpcf7-response-output\" aria-hidden=\"true\"><\/div>\n<input type=\"hidden\" name=\"trp-form-language\" value=\"sk\"\/><\/form>\n<\/div>\n\n\n\n\t\t<\/div>\n\t\t\t\t\t<\/div>\n\n\t\n\n<\/div>\n\n\t\t<\/div>\n\t\t\t\t\t<\/div>\n\n\t\n\n<\/div>\n\n\t\t<\/div>\n\n\t\t\n<style>\n#section_893074629 {\n  padding-top: 30px;\n  padding-bottom: 30px;\n  background-color: rgb(232, 234, 241);\n}\n<\/style>\n\t<\/section>","protected":false},"excerpt":{"rendered":"","protected":false},"author":1,"featured_media":0,"parent":0,"menu_order":0,"comment_status":"closed","ping_status":"closed","template":"page-blank.php","meta":{"footnotes":""},"class_list":["post-66","page","type-page","status-publish","hentry"],"_links":{"self":[{"href":"https:\/\/www.impacttesting.net\/sk\/wp-json\/wp\/v2\/pages\/66","targetHints":{"allow":["GET"]}}],"collection":[{"href":"https:\/\/www.impacttesting.net\/sk\/wp-json\/wp\/v2\/pages"}],"about":[{"href":"https:\/\/www.impacttesting.net\/sk\/wp-json\/wp\/v2\/types\/page"}],"author":[{"embeddable":true,"href":"https:\/\/www.impacttesting.net\/sk\/wp-json\/wp\/v2\/users\/1"}],"replies":[{"embeddable":true,"href":"https:\/\/www.impacttesting.net\/sk\/wp-json\/wp\/v2\/comments?post=66"}],"version-history":[{"count":1,"href":"https:\/\/www.impacttesting.net\/sk\/wp-json\/wp\/v2\/pages\/66\/revisions"}],"predecessor-version":[{"id":73,"href":"https:\/\/www.impacttesting.net\/sk\/wp-json\/wp\/v2\/pages\/66\/revisions\/73"}],"wp:attachment":[{"href":"https:\/\/www.impacttesting.net\/sk\/wp-json\/wp\/v2\/media?parent=66"}],"curies":[{"name":"wp","href":"https:\/\/api.w.org\/{rel}","templated":true}]}}