{"id":57,"date":"2025-12-24T05:15:35","date_gmt":"2025-12-24T05:15:35","guid":{"rendered":"https:\/\/www.impacttesting.net\/?page_id=57"},"modified":"2025-12-24T05:44:13","modified_gmt":"2025-12-24T05:44:13","slug":"ansi-z87-1","status":"publish","type":"page","link":"https:\/\/www.impacttesting.net\/sk\/ansi-z87-1\/","title":{"rendered":"ANSI Z87.1"},"content":{"rendered":"<section class=\"section\" id=\"section_1739981069\">\n\t\t<div class=\"bg section-bg fill bg-fill  bg-loaded\" >\n\n\t\t\t\n\t\t\t\n\t\t\t\n\n\t\t<\/div>\n\n\t\t\n\n\t\t<div class=\"section-content relative\">\n\t\t\t\n\n<div class=\"row\"  id=\"row-275469768\">\n\n\n\t<div id=\"col-1303333983\" class=\"col small-12 large-12\"  >\n\t\t\t\t<div class=\"col-inner\" style=\"background-color:rgb(92, 171, 188);\" >\n\t\t\t\n\t\t\t\n\n<div class=\"row\"  id=\"row-1865022478\">\n\n\n\t<div id=\"col-2072007902\" class=\"col small-12 large-12\"  >\n\t\t\t\t<div class=\"col-inner\"  >\n\t\t\t\n\t\t\t\n\n\t<div id=\"text-1362747383\" class=\"text\">\n\t\t\n\n<h1>ANSI Z87.1<\/h1>\n\t\t\n<style>\n#text-1362747383 {\n  font-size: 1.5rem;\n  text-align: center;\n}\n<\/style>\n\t<\/div>\n\t\n\t<div id=\"text-40514924\" class=\"text\">\n\t\t\n\n<h2>Sk\u00fa\u0161ka p\u00e1dom lopti\u010dky pre ochrann\u00e9 okuliare<\/h2>\n\t\t\n<style>\n#text-40514924 {\n  text-align: center;\n}\n<\/style>\n\t<\/div>\n\t\n\n\t\t<\/div>\n\t\t\t\t\n<style>\n#col-2072007902 > .col-inner {\n  padding: 50px 10px 10px 10px;\n}\n<\/style>\n\t<\/div>\n\n\t\n\n<\/div>\n<div class=\"row align-middle align-center\"  id=\"row-1888652711\">\n\n\n\t<div id=\"col-832053720\" class=\"col medium-11 small-12 large-11\"  >\n\t\t\t\t<div class=\"col-inner\"  >\n\t\t\t\n\t\t\t\n\n<div class=\"row align-center\"  id=\"row-450703561\">\n\n\n\t<div id=\"col-467612468\" class=\"col medium-7 small-12 large-7\"  >\n\t\t\t\t<div class=\"col-inner\"  >\n\t\t\t\n\t\t\t\n\n<div class=\"row\"  id=\"row-723536605\">\n\n\n\t<div id=\"col-1790678507\" class=\"col small-12 large-12\"  >\n\t\t\t\t<div class=\"col-inner text-center\"  >\n\t\t\t\n\t\t\t\n\n\t<div id=\"text-1391108946\" class=\"text\">\n\t\t\n\n<p><strong>ANSI Z87.1<\/strong> je kritick\u00e1 norma, ktor\u00fa vypracoval Americk\u00fd n\u00e1rodn\u00fd normaliza\u010dn\u00fd in\u0161tit\u00fat (ANSI) v spolupr\u00e1ci s Medzin\u00e1rodnou asoci\u00e1ciou pre bezpe\u010dnostn\u00e9 zariadenia (ISEA). Uv\u00e1dza \u0161pecifik\u00e1cie v\u00fdkonu a krit\u00e9ri\u00e1 testovania ochrann\u00fdch okuliarov v pracovnom a vzdel\u00e1vacom prostred\u00ed. T\u00e1to norma zabezpe\u010duje, aby <strong>ochrann\u00e9 okuliare, okuliare a tv\u00e1rov\u00e9 \u0161t\u00edty<\/strong> odol\u00e1va potenci\u00e1lnym nebezpe\u010denstv\u00e1m, ako s\u00fa n\u00e1razy, neionizuj\u00face \u017eiarenie a vystavenie chemick\u00fdm l\u00e1tkam.<\/p>\n\t\t\n<style>\n#text-1391108946 {\n  color: rgb(0, 0, 0);\n}\n#text-1391108946 > * {\n  color: rgb(0, 0, 0);\n}\n<\/style>\n\t<\/div>\n\t\n\n\t\t<\/div>\n\t\t\t\t\t<\/div>\n\n\t\n\n\t<div id=\"col-1289251892\" class=\"col small-12 large-12\"  >\n\t\t\t\t<div class=\"col-inner text-center\"  >\n\t\t\t\n\t\t\t\n\n<a href=\"https:\/\/www.impacttesting.net\/sk\/contact-us\/\" class=\"button primary is-outline\"  style=\"border-radius:99px;\">\n    <span>Kontaktujte n\u00e1s<\/span>\n  <i class=\"icon-chat\" aria-hidden=\"true\" ><\/i><\/a>\n\n\n\n\t\t<\/div>\n\t\t\t\t\t<\/div>\n\n\t\n\n<\/div>\n\n\t\t<\/div>\n\t\t\t\t\t<\/div>\n\n\t\n\n\t<div id=\"col-92772110\" class=\"col medium-4 small-12 large-4\"  >\n\t\t\t\t<div class=\"col-inner\"  >\n\t\t\t\n\t\t\t\n\n<div class=\"row\"  id=\"row-1434643238\">\n\n\n\t<div id=\"col-349468605\" class=\"col small-12 large-12\"  >\n\t\t\t\t<div class=\"col-inner\"  >\n\t\t\t\n\t\t\t\n\n\t<div class=\"img has-hover x md-x lg-x y md-y lg-y\" id=\"image_356116196\">\n\t\t<a class=\"\" href=\"https:\/\/www.impacttesting.net\/sk\/ball-drop-tester\/\" target=\"_blank\" rel=\"noopener\" >\t\t\t\t\t\t<div class=\"img-inner dark\" >\n\t\t\t<img decoding=\"async\" width=\"600\" height=\"440\" src=\"https:\/\/www.impacttesting.net\/wp-content\/uploads\/2025\/12\/ANSI-Z87.1-Drop-Ball-Test-for-Safety-Glasses.webp\" class=\"attachment-large size-large\" alt=\"ANSI Z87.1 Test p\u00e1dovej gule pre ochrann\u00e9 okuliare\" srcset=\"https:\/\/www.impacttesting.net\/wp-content\/uploads\/2025\/12\/ANSI-Z87.1-Drop-Ball-Test-for-Safety-Glasses.webp 600w, https:\/\/www.impacttesting.net\/wp-content\/uploads\/2025\/12\/ANSI-Z87.1-Drop-Ball-Test-for-Safety-Glasses-545x400.webp 545w\" sizes=\"(max-width: 600px) 100vw, 600px\" \/>\t\t\t\t\t\t\n\t\t\t\t\t<\/div>\n\t\t\t\t\t\t<\/a>\t\t\n<style>\n#image_356116196 {\n  width: 100%;\n}\n<\/style>\n\t<\/div>\n\t\n\n\n\t\t<\/div>\n\t\t\t\t\t<\/div>\n\n\t\n\n<\/div>\n\n\t\t<\/div>\n\t\t\t\t\t<\/div>\n\n\t\n\n<\/div>\n\n\t\t<\/div>\n\t\t\t\t\t<\/div>\n\n\t\n\n<\/div>\n\n\t\t<\/div>\n\t\t\t\t\t<\/div>\n\n\t\n\n\n<style>\n#row-275469768 > .col > .col-inner {\n  border-radius: 25px;\n}\n<\/style>\n<\/div>\n\n\t\t<\/div>\n\n\t\t\n<style>\n#section_1739981069 {\n  padding-top: 30px;\n  padding-bottom: 30px;\n}\n<\/style>\n\t<\/section>\n\t\n\t<section class=\"section\" id=\"section_1808065023\">\n\t\t<div class=\"bg section-bg fill bg-fill  bg-loaded\" >\n\n\t\t\t\n\t\t\t\n\t\t\t\n\n\t\t<\/div>\n\n\t\t\n\n\t\t<div class=\"section-content relative\">\n\t\t\t\n\n<div class=\"row\"  id=\"row-1552221149\">\n\n\n\t<div id=\"col-2142592254\" class=\"col small-12 large-12\"  >\n\t\t\t\t<div class=\"col-inner\"  >\n\t\t\t\n\t\t\t\n\n<div class=\"row\"  id=\"row-484588617\">\n\n\n\t<div id=\"col-860439147\" class=\"col small-12 large-12\"  >\n\t\t\t\t<div class=\"col-inner\"  >\n\t\t\t\n\t\t\t\n\n<div class=\"row\"  id=\"row-1225454423\">\n\n\n\t<div id=\"col-277854421\" class=\"col small-12 large-12\"  >\n\t\t\t\t<div class=\"col-inner\"  >\n\t\t\t\n\t\t\t\n\n\t<div id=\"text-1915988470\" class=\"text\">\n\t\t\n\n<h2>ANSI Z87.1 Test p\u00e1dovej gule pre ochrann\u00e9 okuliare<\/h2>\n\t\t\n<style>\n#text-1915988470 {\n  font-size: 1.3rem;\n  text-align: center;\n}\n<\/style>\n\t<\/div>\n\t\n<p data-pm-slice=\"1 1 &#091;&#093;\">Jedn\u00fdm zo z\u00e1kladn\u00fdch hodnoten\u00ed uveden\u00fdch v norme ANSI Z87.1 je <strong>drop ball test pre ochrann\u00e9 okuliare<\/strong>. Tento postup je rozhoduj\u00faci pre overenie odolnosti \u0161o\u0161oviek pou\u017e\u00edvan\u00fdch v osobn\u00fdch ochrann\u00fdch prostriedkoch (OOP) proti n\u00e1razu.<\/p>\n\n\t\t<\/div>\n\t\t\t\t\t<\/div>\n\n\t\n\n<\/div>\n<div class=\"row\"  id=\"row-2142886205\">\n\n\n\t<div id=\"col-981406077\" class=\"col medium-6 small-12 large-6\"  >\n\t\t\t\t<div class=\"col-inner\"  >\n\t\t\t\n\t\t\t\n\n<h3>\u00da\u010del a z\u00e1sady testu<\/h3>\n<p>\u00da\u010delom testu s padaj\u00facou lopti\u010dkou je simulova\u0165 re\u00e1lne situ\u00e1cie, pri ktor\u00fdch m\u00f4\u017eu by\u0165 ochrann\u00e9 okuliare vystaven\u00e9 n\u00e1hlemu n\u00e1razu. Hodnot\u00ed sa pri \u0148om, \u010di materi\u00e1l \u0161o\u0161oviek dok\u00e1\u017ee absorbova\u0165 a rozlo\u017ei\u0165 energiu bez toho, aby sa rozbil alebo prerazil, a tak chr\u00e1ni\u0165 o\u010di pou\u017e\u00edvate\u013ea.<\/p>\n\t<div class=\"img has-hover x md-x lg-x y md-y lg-y\" id=\"image_118749481\">\n\t\t\t\t\t\t\t\t<div class=\"img-inner dark\" >\n\t\t\t<img decoding=\"async\" width=\"600\" height=\"200\" src=\"https:\/\/www.impacttesting.net\/wp-content\/uploads\/2025\/12\/ANSI-Z87.1.webp\" class=\"attachment-large size-large\" alt=\"ANSI Z87.1\" \/>\t\t\t\t\t\t\n\t\t\t\t\t<\/div>\n\t\t\t\t\t\t\t\t\n<style>\n#image_118749481 {\n  width: 85%;\n}\n<\/style>\n\t<\/div>\n\t\n\n\n\t\t<\/div>\n\t\t\t\t\t<\/div>\n\n\t\n\n\t<div id=\"col-1688624689\" class=\"col medium-6 small-12 large-6\"  >\n\t\t\t\t<div class=\"col-inner\"  >\n\t\t\t\n\t\t\t\n\n<h3>Ako sa test vykon\u00e1va<\/h3>\n<p>Pod\u013ea oddielu 9.6 normy ANSI Z87.1:<\/p>\n<ul>\n<li>Pou\u017e\u00edva sa oce\u013eov\u00e1 gu\u013e\u00f4\u010dka s priemerom 25,4 mm (1,0 palca) a hmotnos\u0165ou 68 g (2,4 oz).<\/li>\n<li>Lopti\u010dka sa sp\u00fa\u0161\u0165a z v\u00fd\u0161ky 127 cm na objekt\u00edv umiestnen\u00fd na pevnej makete hlavy, ktor\u00e1 kop\u00edruje \u0161trukt\u00faru \u013eudskej tv\u00e1re.<\/li>\n<li>Po n\u00e1raze mus\u00ed zosta\u0165 \u0161o\u0161ovka neporu\u0161en\u00e1, bez praskl\u00edn alebo prierazov.<\/li>\n<li>Ka\u017ed\u00e1 kombin\u00e1cia materi\u00e1lu a povlaku sa mus\u00ed otestova\u0165 na \u0161tyroch zariadeniach, \u010d\u00edm sa zabezpe\u010d\u00ed spo\u013eahliv\u00e1 konzistencia.<\/li>\n<\/ul>\n\n\t\t<\/div>\n\t\t\t\t\t<\/div>\n\n\t\n\n<\/div>\n\n\t\t<\/div>\n\t\t\t\t\t<\/div>\n\n\t\n\n<\/div>\n\n\t\t<\/div>\n\t\t\t\t\t<\/div>\n\n\t\n\n<\/div>\n<div class=\"row\"  id=\"row-1527726669\">\n\n\n\t<div id=\"col-278722257\" class=\"col small-12 large-12\"  >\n\t\t\t\t<div class=\"col-inner\"  >\n\t\t\t\n\t\t\t\n\n<div class=\"row\"  id=\"row-1577346871\">\n\n\n\t<div id=\"col-1977404024\" class=\"col small-12 large-12\"  >\n\t\t\t\t<div class=\"col-inner\"  >\n\t\t\t\n\t\t\t\n\n\t<div id=\"text-3262292114\" class=\"text\">\n\t\t\n\n<h2>Zariadenia na testovanie lopti\u010diek<\/h2>\n\t\t\n<style>\n#text-3262292114 {\n  font-size: 1.3rem;\n  text-align: center;\n}\n<\/style>\n\t<\/div>\n\t\n\n\t\t<\/div>\n\t\t\t\t\t<\/div>\n\n\t\n\n<\/div>\n<div class=\"row align-middle\"  id=\"row-1197884059\">\n\n\n\t<div id=\"col-1497196726\" class=\"col medium-6 small-12 large-6\"  >\n\t\t\t\t<div class=\"col-inner\"  >\n\t\t\t\n\t\t\t\n\n<p>Na dosiahnutie opakovate\u013en\u00e9ho a spo\u013eahliv\u00e9ho testovania je potrebn\u00e9 \u0161pecializovan\u00e9 zariadenie. Zariadenie FBT-01 <a href=\"https:\/\/www.impacttesting.net\/sk\/ball-drop-tester\/\"><strong>Tester kvapiek gu\u013e\u00f4\u010dok<\/strong><\/a> od spolo\u010dnosti Cell Instruments s\u00fa navrhnut\u00e9 tak, aby sp\u013a\u0148ali a presahovali tento \u0161tandard. Pon\u00faka:<\/p>\n<ul>\n<li>Presn\u00e9 elektromagnetick\u00e9 uvo\u013e\u0148ovanie lopti\u010dky pre konzistentn\u00fa energiu \u00faderu.<\/li>\n<li>Nastavite\u013en\u00e1 v\u00fd\u0161ka n\u00e1razu a \u0161pecifik\u00e1cie lopti\u010dky na v\u0161estrann\u00e9 testovacie nastavenia.<\/li>\n<li>Dotykov\u00fd displej HMI a riadenie PLC pre stabilitu testovania na priemyselnej \u00farovni.<\/li>\n<\/ul>\n<p>V\u010faka tomu je ide\u00e1lny pre v\u00fdrobcov ochrann\u00fdch okuliarov, <strong>Oddelenia kontroly kvality osobn\u00fdch ochrann\u00fdch prostriedkov<\/strong>a <strong>testovacie laborat\u00f3ri\u00e1 tret\u00edch str\u00e1n<\/strong> ktor\u00e9 vy\u017eaduj\u00fa n\u00e1razov\u00e9 sk\u00fa\u0161ky v s\u00falade s ANSI.<\/p>\n\n\t\t<\/div>\n\t\t\t\t\t<\/div>\n\n\t\n\n\t<div id=\"col-1454554731\" class=\"col medium-6 small-12 large-6\"  >\n\t\t\t\t<div class=\"col-inner\"  >\n\t\t\t\n\t\t\t\n\n\t<div class=\"img has-hover x md-x lg-x y md-y lg-y\" id=\"image_298310741\">\n\t\t<a class=\"\" href=\"https:\/\/www.impacttesting.net\/sk\/ball-drop-tester\/\" >\t\t\t\t\t\t<div class=\"img-inner dark\" >\n\t\t\t<img decoding=\"async\" width=\"600\" height=\"440\" src=\"https:\/\/www.impacttesting.net\/wp-content\/uploads\/2025\/12\/ANSI-Z87.1-Drop-Ball-Test-for-Safety-Glasses.webp\" class=\"attachment-large size-large\" alt=\"ANSI Z87.1 Test p\u00e1dovej gule pre ochrann\u00e9 okuliare\" srcset=\"https:\/\/www.impacttesting.net\/wp-content\/uploads\/2025\/12\/ANSI-Z87.1-Drop-Ball-Test-for-Safety-Glasses.webp 600w, https:\/\/www.impacttesting.net\/wp-content\/uploads\/2025\/12\/ANSI-Z87.1-Drop-Ball-Test-for-Safety-Glasses-545x400.webp 545w\" sizes=\"(max-width: 600px) 100vw, 600px\" \/>\t\t\t\t\t\t\n\t\t\t\t\t<\/div>\n\t\t\t\t\t\t<\/a>\t\t\n<style>\n#image_298310741 {\n  width: 100%;\n}\n<\/style>\n\t<\/div>\n\t\n\n\n\t\t<\/div>\n\t\t\t\t\t<\/div>\n\n\t\n\n<\/div>\n\n\t\t<\/div>\n\t\t\t\t\t<\/div>\n\n\t\n\n<\/div>\n\n\t\t<\/div>\n\n\t\t\n<style>\n#section_1808065023 {\n  padding-top: 30px;\n  padding-bottom: 30px;\n}\n<\/style>\n\t<\/section>\n\t\n\t<section class=\"section\" id=\"section_1714782309\">\n\t\t<div class=\"bg section-bg fill bg-fill  bg-loaded\" >\n\n\t\t\t\n\t\t\t\n\t\t\t\n\n\t\t<\/div>\n\n\t\t\n\n\t\t<div class=\"section-content relative\">\n\t\t\t\n\n<div class=\"row\"  id=\"row-2105945498\">\n\n\n\t<div id=\"col-1519575509\" class=\"col small-12 large-12\"  >\n\t\t\t\t<div class=\"col-inner\"  >\n\t\t\t\n\t\t\t\n\n<div class=\"row align-equal align-center\"  id=\"row-185979137\">\n\n\n\t<div id=\"col-2016598192\" class=\"col small-12 large-12\"  >\n\t\t\t\t<div class=\"col-inner\"  >\n\t\t\t\n\t\t\t\n\n\t<div id=\"text-1517982853\" class=\"text\">\n\t\t\n\n<h2>Pre\u010do si vybra\u0165 Impacttesting.net<br \/>FBT-01 Tester kvapkov\u00fdch gu\u013e\u00f4\u010dok<\/h2>\n\t\t\n<style>\n#text-1517982853 {\n  font-size: 1.4rem;\n  text-align: center;\n}\n<\/style>\n\t<\/div>\n\t\n\n\t\t<\/div>\n\t\t\t\t\t<\/div>\n\n\t\n\n\t<div id=\"col-1717923956\" class=\"col medium-6 small-12 large-6\"  >\n\t\t\t\t<div class=\"col-inner text-center\"  >\n\t\t\t\n\t\t\t\n\n\t<div id=\"text-1060931721\" class=\"text\">\n\t\t\n\n<p>Dodr\u017eiavanie <a href=\"https:\/\/www.impacttesting.net\/sk\/ansi-z87-1\/\"><strong>ANSI Z87.1<\/strong><\/a> prostredn\u00edctvom spo\u013eahliv\u00e9ho drop ball testovania zaru\u010duje, \u017ee ochrann\u00e9 okuliare vydr\u017eia ka\u017edodenn\u00e9 priemyseln\u00e9 rizik\u00e1. V\u010faka pokro\u010dil\u00fdm rie\u0161eniam spolo\u010dnosti Cell Instruments, ako napr. <strong>FBT-01<\/strong>, z\u00edskate d\u00f4veru v zhodu a schopnos\u0165 ochrany v\u00e1\u0161ho produktu.<\/p>\n<p>Nechajte spolo\u010dnos\u0165 Cell Instruments, aby sa stala va\u0161\u00edm partnerom pri dosahovan\u00ed dokonalosti v oblasti testovania materi\u00e1lov a dodr\u017eiavania normy ANSI Z87.1.<\/p>\n\t\t\n<style>\n#text-1060931721 {\n  font-size: 1.1rem;\n  line-height: 2;\n}\n<\/style>\n\t<\/div>\n\t\n<a href=\"https:\/\/www.impacttesting.net\/sk\/contact-us\/\" class=\"button primary is-outline\"  style=\"border-radius:99px;\">\n    <span>Kontaktujte n\u00e1s<\/span>\n  <i class=\"icon-chat\" aria-hidden=\"true\" ><\/i><\/a>\n\n\n\n\t\t<\/div>\n\t\t\t\t\t<\/div>\n\n\t\n\n\t<div id=\"col-1959493597\" class=\"col medium-4 small-12 large-4\"  >\n\t\t\t\t<div class=\"col-inner text-center\"  >\n\t\t\t\n\t\t\t\n\n\n<div class=\"wpcf7 no-js\" id=\"wpcf7-f10-o1\" lang=\"en-US\" dir=\"ltr\" data-wpcf7-id=\"10\">\n<div class=\"screen-reader-response\"><p role=\"status\" aria-live=\"polite\" aria-atomic=\"true\"><\/p> <ul><\/ul><\/div>\n<form action=\"\/sk\/wp-json\/wp\/v2\/pages\/57#wpcf7-f10-o1\" method=\"post\" class=\"wpcf7-form init\" aria-label=\"Contact form\" novalidate=\"novalidate\" data-status=\"init\" data-trp-original-action=\"\/sk\/wp-json\/wp\/v2\/pages\/57#wpcf7-f10-o1\">\n<fieldset class=\"hidden-fields-container\"><input type=\"hidden\" name=\"_wpcf7\" value=\"10\" \/><input type=\"hidden\" name=\"_wpcf7_version\" value=\"6.1.4\" \/><input type=\"hidden\" name=\"_wpcf7_locale\" value=\"en_US\" \/><input type=\"hidden\" name=\"_wpcf7_unit_tag\" value=\"wpcf7-f10-o1\" \/><input type=\"hidden\" name=\"_wpcf7_container_post\" value=\"0\" \/><input type=\"hidden\" name=\"_wpcf7_posted_data_hash\" value=\"\" \/><input type=\"hidden\" name=\"_wpcf7_recaptcha_response\" value=\"\" \/>\n<\/fieldset>\n<p><span class=\"wpcf7-form-control-wrap\" data-name=\"Name\"><input size=\"40\" maxlength=\"400\" class=\"wpcf7-form-control wpcf7-text\" aria-invalid=\"false\" placeholder=\"Va\u0161e meno\" value=\"\" type=\"text\" name=\"Name\" \/><\/span><br \/>\n<span class=\"wpcf7-form-control-wrap\" data-name=\"Comapany\"><input size=\"40\" maxlength=\"400\" class=\"wpcf7-form-control wpcf7-text\" aria-invalid=\"false\" placeholder=\"Va\u0161a spolo\u010dnos\u0165\" value=\"\" type=\"text\" name=\"Comapany\" \/><\/span><br \/>\n<span class=\"wpcf7-form-control-wrap\" data-name=\"Email\"><input size=\"40\" maxlength=\"400\" class=\"wpcf7-form-control wpcf7-email wpcf7-validates-as-required wpcf7-text wpcf7-validates-as-email\" aria-required=\"true\" aria-invalid=\"false\" placeholder=\"V\u00e1\u0161 e-mail*\" value=\"\" type=\"email\" name=\"Email\" \/><\/span><br \/>\n<span class=\"wpcf7-form-control-wrap\" data-name=\"Message\"><textarea cols=\"40\" rows=\"10\" maxlength=\"2000\" class=\"wpcf7-form-control wpcf7-textarea\" aria-invalid=\"false\" placeholder=\"Spr\u00e1va\" name=\"Message\"><\/textarea><\/span>\n<\/p>\n<p><input class=\"wpcf7-form-control wpcf7-submit has-spinner\" type=\"submit\" value=\"Odosla\u0165\" \/>\n<\/p><div class=\"wpcf7-response-output\" aria-hidden=\"true\"><\/div>\n<input type=\"hidden\" name=\"trp-form-language\" value=\"sk\"\/><\/form>\n<\/div>\n\n\n\n\t\t<\/div>\n\t\t\t\t\t<\/div>\n\n\t\n\n<\/div>\n\n\t\t<\/div>\n\t\t\t\t\t<\/div>\n\n\t\n\n<\/div>\n\n\t\t<\/div>\n\n\t\t\n<style>\n#section_1714782309 {\n  padding-top: 30px;\n  padding-bottom: 30px;\n  background-color: rgb(232, 234, 241);\n}\n<\/style>\n\t<\/section>","protected":false},"excerpt":{"rendered":"","protected":false},"author":1,"featured_media":0,"parent":0,"menu_order":0,"comment_status":"closed","ping_status":"closed","template":"page-blank.php","meta":{"footnotes":""},"class_list":["post-57","page","type-page","status-publish","hentry"],"_links":{"self":[{"href":"https:\/\/www.impacttesting.net\/sk\/wp-json\/wp\/v2\/pages\/57","targetHints":{"allow":["GET"]}}],"collection":[{"href":"https:\/\/www.impacttesting.net\/sk\/wp-json\/wp\/v2\/pages"}],"about":[{"href":"https:\/\/www.impacttesting.net\/sk\/wp-json\/wp\/v2\/types\/page"}],"author":[{"embeddable":true,"href":"https:\/\/www.impacttesting.net\/sk\/wp-json\/wp\/v2\/users\/1"}],"replies":[{"embeddable":true,"href":"https:\/\/www.impacttesting.net\/sk\/wp-json\/wp\/v2\/comments?post=57"}],"version-history":[{"count":4,"href":"https:\/\/www.impacttesting.net\/sk\/wp-json\/wp\/v2\/pages\/57\/revisions"}],"predecessor-version":[{"id":68,"href":"https:\/\/www.impacttesting.net\/sk\/wp-json\/wp\/v2\/pages\/57\/revisions\/68"}],"wp:attachment":[{"href":"https:\/\/www.impacttesting.net\/sk\/wp-json\/wp\/v2\/media?parent=57"}],"curies":[{"name":"wp","href":"https:\/\/api.w.org\/{rel}","templated":true}]}}