{"id":48,"date":"2025-12-24T03:25:25","date_gmt":"2025-12-24T03:25:25","guid":{"rendered":"https:\/\/www.impacttesting.net\/?page_id=48"},"modified":"2025-12-24T05:48:32","modified_gmt":"2025-12-24T05:48:32","slug":"pendulum-impact-tester","status":"publish","type":"page","link":"https:\/\/www.impacttesting.net\/sk\/pendulum-impact-tester\/","title":{"rendered":"PIT-01 kyvadlov\u00fd n\u00e1razov\u00fd tester"},"content":{"rendered":"<section class=\"section\" id=\"section_2012697994\">\n\t\t<div class=\"bg section-bg fill bg-fill  bg-loaded\" >\n\n\t\t\t\n\t\t\t\n\t\t\t\n\n\t\t<\/div>\n\n\t\t\n\n\t\t<div class=\"section-content relative\">\n\t\t\t\n\n<div class=\"row\"  id=\"row-1016012\">\n\n\n\t<div id=\"col-1990144572\" class=\"col small-12 large-12\"  >\n\t\t\t\t<div class=\"col-inner\" style=\"background-color:rgb(92, 171, 188);\" >\n\t\t\t\n\t\t\t\n\n<div class=\"row\"  id=\"row-439864799\">\n\n\n\t<div id=\"col-1877724638\" class=\"col small-12 large-12\"  >\n\t\t\t\t<div class=\"col-inner\"  >\n\t\t\t\n\t\t\t\n\n\t<div id=\"text-440332394\" class=\"text\">\n\t\t\n\n<h1>PIT-01 kyvadlov\u00fd n\u00e1razov\u00fd tester<\/h1>\n\t\t\n<style>\n#text-440332394 {\n  font-size: 1.5rem;\n  text-align: center;\n}\n<\/style>\n\t<\/div>\n\t\n\n\t\t<\/div>\n\t\t\t\t\n<style>\n#col-1877724638 > .col-inner {\n  padding: 50px 10px 10px 10px;\n}\n<\/style>\n\t<\/div>\n\n\t\n\n<\/div>\n<div class=\"row align-middle align-center\"  id=\"row-874775170\">\n\n\n\t<div id=\"col-1824567591\" class=\"col medium-11 small-12 large-11\"  >\n\t\t\t\t<div class=\"col-inner\"  >\n\t\t\t\n\t\t\t\n\n<div class=\"row align-middle align-center\"  id=\"row-1015738703\">\n\n\n\t<div id=\"col-628616824\" class=\"col medium-7 small-12 large-7\"  >\n\t\t\t\t<div class=\"col-inner\"  >\n\t\t\t\n\t\t\t\n\n<div class=\"row\"  id=\"row-1877003684\">\n\n\n\t<div id=\"col-304276238\" class=\"col small-12 large-12\"  >\n\t\t\t\t<div class=\"col-inner text-center\"  >\n\t\t\t\n\t\t\t\n\n\t<div id=\"text-3019096362\" class=\"text\">\n\t\t\n\n<p>Str\u00e1nka <strong>kyvadlov\u00fd n\u00e1razov\u00fd tester<\/strong> meria schopnos\u0165 materi\u00e1lu odol\u00e1va\u0165 n\u00e1hlym n\u00e1razom zaznamen\u00e1van\u00edm energie potrebnej na sp\u00f4sobenie prasknutia alebo penetr\u00e1cie. <a href=\"https:\/\/www.impacttesting.net\/sk\/astm-d3420\/\"><strong>ASTM D3420<\/strong><\/a> poskytuje \u0161tandardizovan\u00fa met\u00f3du na hodnotenie odolnosti plastov\u00fdch f\u00f3li\u00ed proti n\u00e1razu, \u010d\u00edm sa zabezpe\u010duje d\u00f4sledn\u00e1 kontrola kvality a charakteriz\u00e1cia materi\u00e1lu. Medzi be\u017ene testovan\u00e9 materi\u00e1ly patria <strong>plastov\u00e9 f\u00f3lie, lamin\u00e1ty, kompozitn\u00e9 materi\u00e1ly, f\u00f3lie a papier pou\u017e\u00edvan\u00e9 pri balen\u00ed<\/strong>, v automobilovom priemysle a v stavebn\u00edctve.<\/p>\n\t\t\n<style>\n#text-3019096362 {\n  color: rgb(0, 0, 0);\n}\n#text-3019096362 > * {\n  color: rgb(0, 0, 0);\n}\n<\/style>\n\t<\/div>\n\t\n\n\t\t<\/div>\n\t\t\t\t\t<\/div>\n\n\t\n\n\t<div id=\"col-586451846\" class=\"col small-12 large-12\"  >\n\t\t\t\t<div class=\"col-inner text-center\"  >\n\t\t\t\n\t\t\t\n\n<a href=\"https:\/\/www.impacttesting.net\/sk\/contact-us\/\" class=\"button primary is-outline\"  style=\"border-radius:99px;\">\n    <span>Kontaktujte n\u00e1s<\/span>\n  <i class=\"icon-chat\" aria-hidden=\"true\" ><\/i><\/a>\n\n\n\n\t\t<\/div>\n\t\t\t\t\t<\/div>\n\n\t\n\n<\/div>\n\n\t\t<\/div>\n\t\t\t\t\t<\/div>\n\n\t\n\n\t<div id=\"col-319107950\" class=\"col medium-4 small-12 large-4\"  >\n\t\t\t\t<div class=\"col-inner\"  >\n\t\t\t\n\t\t\t\n\n<div class=\"row\"  id=\"row-1583972589\">\n\n\n\t<div id=\"col-1751331635\" class=\"col small-12 large-12\"  >\n\t\t\t\t<div class=\"col-inner\"  >\n\t\t\t\n\t\t\t\n\n\t<div class=\"img has-hover x md-x lg-x y md-y lg-y\" id=\"image_571129194\">\n\t\t\t\t\t\t\t\t<div class=\"img-inner dark\" >\n\t\t\t<img decoding=\"async\" width=\"728\" height=\"800\" src=\"https:\/\/www.impacttesting.net\/wp-content\/uploads\/2025\/12\/Pendulum-Impact-Tester-ASTM-D3420-amp-Spencer-Impact-Test-Impact-Testing-728x800.webp\" class=\"attachment-large size-large\" alt=\"Kyvadlov\u00fd n\u00e1razov\u00fd test - ASTM D3420 &amp; Spencer Impact Test - N\u00e1razov\u00e9 sk\u00fa\u0161ky\" srcset=\"https:\/\/www.impacttesting.net\/wp-content\/uploads\/2025\/12\/Pendulum-Impact-Tester-ASTM-D3420-amp-Spencer-Impact-Test-Impact-Testing-728x800.webp 728w, https:\/\/www.impacttesting.net\/wp-content\/uploads\/2025\/12\/Pendulum-Impact-Tester-ASTM-D3420-amp-Spencer-Impact-Test-Impact-Testing-364x400.webp 364w, https:\/\/www.impacttesting.net\/wp-content\/uploads\/2025\/12\/Pendulum-Impact-Tester-ASTM-D3420-amp-Spencer-Impact-Test-Impact-Testing-768x844.webp 768w, https:\/\/www.impacttesting.net\/wp-content\/uploads\/2025\/12\/Pendulum-Impact-Tester-ASTM-D3420-amp-Spencer-Impact-Test-Impact-Testing-1397x1536.webp 1397w, https:\/\/www.impacttesting.net\/wp-content\/uploads\/2025\/12\/Pendulum-Impact-Tester-ASTM-D3420-amp-Spencer-Impact-Test-Impact-Testing.webp 1558w\" sizes=\"(max-width: 728px) 100vw, 728px\" \/>\t\t\t\t\t\t\n\t\t\t\t\t<\/div>\n\t\t\t\t\t\t\t\t\n<style>\n#image_571129194 {\n  width: 100%;\n}\n<\/style>\n\t<\/div>\n\t\n\n\n\t\t<\/div>\n\t\t\t\t\t<\/div>\n\n\t\n\n<\/div>\n\n\t\t<\/div>\n\t\t\t\t\t<\/div>\n\n\t\n\n<\/div>\n\n\t\t<\/div>\n\t\t\t\t\t<\/div>\n\n\t\n\n<\/div>\n\n\t\t<\/div>\n\t\t\t\t\t<\/div>\n\n\t\n\n\n<style>\n#row-1016012 > .col > .col-inner {\n  border-radius: 25px;\n}\n<\/style>\n<\/div>\n\n\t\t<\/div>\n\n\t\t\n<style>\n#section_2012697994 {\n  padding-top: 30px;\n  padding-bottom: 30px;\n}\n<\/style>\n\t<\/section>\n\t\n\t<section class=\"section\" id=\"section_1972529021\">\n\t\t<div class=\"bg section-bg fill bg-fill  bg-loaded\" >\n\n\t\t\t\n\t\t\t\n\t\t\t\n\n\t\t<\/div>\n\n\t\t\n\n\t\t<div class=\"section-content relative\">\n\t\t\t\n\n<div class=\"row\"  id=\"row-131552058\">\n\n\n\t<div id=\"col-1373009508\" class=\"col small-12 large-12\"  >\n\t\t\t\t<div class=\"col-inner\"  >\n\t\t\t\n\t\t\t\n\n<div class=\"row\"  id=\"row-1124328299\">\n\n\n\t<div id=\"col-834891749\" class=\"col small-12 large-12\"  >\n\t\t\t\t<div class=\"col-inner\"  >\n\t\t\t\n\t\t\t\n\n<div class=\"row\"  id=\"row-1118125260\">\n\n\n\t<div id=\"col-102706046\" class=\"col small-12 large-12\"  >\n\t\t\t\t<div class=\"col-inner\"  >\n\t\t\t\n\t\t\t\n\n\t<div id=\"text-2465708487\" class=\"text\">\n\t\t\n\n<h2>Ako funguje kyvadlov\u00fd n\u00e1razov\u00fd tester<\/h2>\n\t\t\n<style>\n#text-2465708487 {\n  font-size: 1.3rem;\n  text-align: center;\n}\n<\/style>\n\t<\/div>\n\t\n<p>Str\u00e1nka <strong>PIT-01 kyvadlov\u00fd n\u00e1razov\u00fd tester<\/strong> pod\u013ea <strong>Impacttesting.net<\/strong> je navrhnut\u00fd tak, aby poskytoval presn\u00e9 a opakovate\u013en\u00e9 merania odolnosti proti n\u00e1razu. Proces testovania zah\u0155\u0148a:<\/p>\n\n\t\t<\/div>\n\t\t\t\t\t<\/div>\n\n\t\n\n<\/div>\n<div class=\"row align-middle\"  id=\"row-1494405889\">\n\n\n\t<div id=\"col-1529737595\" class=\"col medium-6 small-12 large-6\"  >\n\t\t\t\t<div class=\"col-inner\"  >\n\t\t\t\n\t\t\t\n\n<ol>\n<li>Pr\u00edprava vzorky: Vyberie sa vzorka rovnakej hr\u00fabky a konzistencie.<\/li>\n<li>Up\u00ednanie vzoriek: F\u00f3lia sa upev\u0148uje pomocou pneumatick\u00e9ho up\u00ednacieho syst\u00e9mu.<\/li>\n<li>Uvo\u013enenie kyvadla: Kyvadlo vybaven\u00e9 n\u00e1razovou hlavicou sa automaticky uvo\u013en\u00ed z vopred definovanej v\u00fd\u0161ky.<\/li>\n<li>Meranie vplyvu: Zaznamen\u00e1va sa energia absorbovan\u00e1 materi\u00e1lom pri n\u00e1raze.<\/li>\n<li>Anal\u00fdza \u00fadajov: V\u00fdsledky sa zobrazuj\u00fa na digit\u00e1lnom rozhran\u00ed s volite\u013enou mikrotla\u010diar\u0148ou na okam\u017eit\u00e9 hl\u00e1senie.<\/li>\n<\/ol>\n\n\t\t<\/div>\n\t\t\t\t\t<\/div>\n\n\t\n\n\t<div id=\"col-967471686\" class=\"col medium-6 small-12 large-6\"  >\n\t\t\t\t<div class=\"col-inner\"  >\n\t\t\t\n\t\t\t\n\n<div class=\"video video-fit mb\" style=\"padding-top:56.25%;\"><iframe title=\"ASTM D3420 kyvadlov\u00fd n\u00e1razov\u00fd tester pre plastov\u00e9 f\u00f3lie\" width=\"1020\" height=\"574\" src=\"https:\/\/www.youtube.com\/embed\/vEx4esxMESw?feature=oembed\" frameborder=\"0\" allow=\"accelerometer; autoplay; clipboard-write; encrypted-media; gyroscope; picture-in-picture; web-share\" referrerpolicy=\"strict-origin-when-cross-origin\" allowfullscreen><\/iframe><\/div>\n\n\n\t\t<\/div>\n\t\t\t\t\t<\/div>\n\n\t\n\n<\/div>\n\n\t\t<\/div>\n\t\t\t\t\t<\/div>\n\n\t\n\n<\/div>\n\n\t\t<\/div>\n\t\t\t\t\t<\/div>\n\n\t\n\n<\/div>\n<div class=\"row\"  id=\"row-1967960272\">\n\n\n\t<div id=\"col-1505505314\" class=\"col small-12 large-12\"  >\n\t\t\t\t<div class=\"col-inner\"  >\n\t\t\t\n\t\t\t\n\n<div class=\"row\"  id=\"row-759733925\">\n\n\n\t<div id=\"col-912743054\" class=\"col small-12 large-12\"  >\n\t\t\t\t<div class=\"col-inner\"  >\n\t\t\t\n\t\t\t\n\n\t<div id=\"text-510769091\" class=\"text\">\n\t\t\n\n<h2>ASTM D3420 a Spencerova n\u00e1razov\u00e1 sk\u00fa\u0161ka<\/h2>\n\t\t\n<style>\n#text-510769091 {\n  font-size: 1.3rem;\n  text-align: center;\n}\n<\/style>\n\t<\/div>\n\t\n\n\t\t<\/div>\n\t\t\t\t\t<\/div>\n\n\t\n\n\t<div id=\"col-689038028\" class=\"col small-12 large-12\"  >\n\t\t\t\t<div class=\"col-inner\"  >\n\t\t\t\n\t\t\t\n\n<h3>ASTM D3420 - Sk\u00fa\u0161obn\u00e1 met\u00f3da odolnosti plastovej f\u00f3lie proti n\u00e1razu kyvadla<\/h3>\n<p><a href=\"https:\/\/www.impacttesting.net\/sk\/astm-d3420\/\">ASTM D3420<\/a> \u0161pecifikuje met\u00f3du na ur\u010denie <strong>odolnos\u0165 plastov\u00fdch f\u00f3li\u00ed proti n\u00e1razu<\/strong> meran\u00edm energie potrebnej na preniknutie kyvadla do sk\u00fa\u0161obnej vzorky. Sk\u00fa\u0161ka je navrhnut\u00e1 tak, aby poskytla inform\u00e1cie o dynamickom spr\u00e1van\u00ed materi\u00e1lu v \u0165ahu v podmienkach vysokej r\u00fdchlosti nam\u00e1hania, \u010do je nevyhnutn\u00e9 na hodnotenie obalov\u00fdch materi\u00e1lov.<\/p>\n<p>K\u013e\u00fa\u010dov\u00e9 aspekty normy ASTM D3420 zah\u0155\u0148aj\u00fa:<\/p>\n<p>Meranie straty energie sp\u00f4sobenej n\u00e1razom kyvadlovej sondy na sk\u00fa\u0161obn\u00fa vzorku.<br \/>Dva postupy (A a B), ktor\u00e9 sa l\u00ed\u0161ia ve\u013ekos\u0165ou vzorky, s <strong>Postup B \u010dasto ozna\u010dovan\u00fd ako Spencerov n\u00e1razov\u00fd test<\/strong>.<br \/>V\u00fdznam v aplik\u00e1ci\u00e1ch vy\u017eaduj\u00facich vysok\u00fa odolnos\u0165 vo\u010di n\u00e1razom, ako s\u00fa potravin\u00e1rske a farmaceutick\u00e9 obalov\u00e9 f\u00f3lie.<\/p>\n<h3>Spencerov n\u00e1razov\u00fd test: \u0160pecializovan\u00e1 vari\u00e1cia<\/h3>\n<p>Str\u00e1nka <strong>Spencerov n\u00e1razov\u00fd test<\/strong> je variantom normy ASTM D3420, ktor\u00fd sa zvy\u010dajne sp\u00e1ja s <strong>Postup B<\/strong>, ktor\u00fd pou\u017e\u00edva <strong>Svorka na vzorky s priemerom 89 mm<\/strong>. T\u00e1to met\u00f3da sa be\u017ene pou\u017e\u00edva na hodnotenie f\u00f3li\u00ed pou\u017e\u00edvan\u00fdch v pru\u017en\u00fdch obaloch, \u010d\u00edm sa zabezpe\u010duje, \u017ee materi\u00e1ly vydr\u017eia mechanick\u00e9 nam\u00e1hanie bez roztrhnutia alebo pretrhnutia.<\/p>\n\n\t\t<\/div>\n\t\t\t\t\t<\/div>\n\n\t\n\n<\/div>\n\n\t\t<\/div>\n\t\t\t\t\t<\/div>\n\n\t\n\n<\/div>\n<div class=\"row\"  id=\"row-1455004636\">\n\n\n\t<div id=\"col-1261857899\" class=\"col small-12 large-12\"  >\n\t\t\t\t<div class=\"col-inner\"  >\n\t\t\t\n\t\t\t\n\n<div class=\"row\"  id=\"row-532617463\">\n\n\n\t<div id=\"col-177909007\" class=\"col small-12 large-12\"  >\n\t\t\t\t<div class=\"col-inner\"  >\n\t\t\t\n\t\t\t\n\n\t<div id=\"text-2207748497\" class=\"text\">\n\t\t\n\n<h2>PIT-01 kyvadlov\u00fd n\u00e1razov\u00fd tester<\/h2>\n\t\t\n<style>\n#text-2207748497 {\n  font-size: 1.3rem;\n  text-align: center;\n}\n<\/style>\n\t<\/div>\n\t\n\n\t\t<\/div>\n\t\t\t\t\t<\/div>\n\n\t\n\n<\/div>\n<div class=\"row\"  id=\"row-442460125\">\n\n\n\t<div id=\"col-187192101\" class=\"col medium-6 small-12 large-6\"  >\n\t\t\t\t<div class=\"col-inner\"  >\n\t\t\t\n\t\t\t\n\n<h3>K\u013e\u00fa\u010dov\u00e9 vlastnosti:<\/h3>\n<p>Kyvadlov\u00fd r\u00e1zov\u00fd tester Cell Instruments' PIT-01 pon\u00faka pokro\u010dil\u00e9 funkcie na vysoko presn\u00e9 testovanie materi\u00e1lov:<\/p>\n<ul>\n<li>Ovl\u00e1danie PLC a dotykov\u00fd displej HMI na jednoduch\u00e9 ovl\u00e1danie.<\/li>\n<li>Pneumatick\u00e9 up\u00ednanie vzoriek na zabezpe\u010denie stabiln\u00e9ho umiestnenia.<\/li>\n<li>Automatick\u00e9 uvo\u013enenie kyvadla na d\u00f4sledn\u00e9 testovanie n\u00e1razom.<\/li>\n<li>Automatick\u00e1 \u0161tatistika \u00fadajov a mikrotla\u010diare\u0148 na efekt\u00edvnu dokument\u00e1ciu v\u00fdsledkov.<\/li>\n<li>Presn\u00e9 meranie uhlov na presn\u00e9 v\u00fdpo\u010dty energie.<\/li>\n<li>Port RS232 a softv\u00e9r (volite\u013en\u00fd) na pokro\u010dil\u00fa anal\u00fdzu \u00fadajov.<\/li>\n<\/ul>\n\n\t\t<\/div>\n\t\t\t\t\t<\/div>\n\n\t\n\n\t<div id=\"col-1089670109\" class=\"col medium-6 small-12 large-6\"  >\n\t\t\t\t<div class=\"col-inner\"  >\n\t\t\t\n\t\t\t\n\n<h3>Technick\u00e9 \u0161pecifik\u00e1cie:<\/h3>\n<table width=\"360\">\n<tbody>\n<tr>\n<td style=\"text-align: center;\" width=\"143\">Impact Energy<\/td>\n<td style=\"text-align: center;\" width=\"217\">1 J, 2 J, 3 J<\/td>\n<\/tr>\n<tr>\n<td style=\"text-align: center;\" width=\"143\">Rozl\u00ed\u0161enie<\/td>\n<td style=\"text-align: center;\" width=\"217\">\u00a00.001 J<\/td>\n<\/tr>\n<tr>\n<td style=\"text-align: center;\" width=\"143\">Ve\u013ekos\u0165 n\u00e1razovej hlavy<\/td>\n<td style=\"text-align: center;\" width=\"217\">\u042425,4, \u042419, \u042412,7 mm\u00a0<\/td>\n<\/tr>\n<tr>\n<td style=\"text-align: center;\" width=\"143\">Svorka na vzorky<\/td>\n<td style=\"text-align: center;\" width=\"217\">Pneumatick\u00e1 svorka<\/td>\n<\/tr>\n<tr>\n<td style=\"text-align: center;\" width=\"143\">Priemer svorky<\/td>\n<td style=\"text-align: center;\" width=\"217\">\u042489 mm, \u042460 mm<\/td>\n<\/tr>\n<tr>\n<td style=\"text-align: center;\" width=\"143\">Dod\u00e1vka plynu<\/td>\n<td style=\"text-align: center;\" width=\"217\">0,6 MPa \u03a66 mm PU r\u00farky<\/td>\n<\/tr>\n<tr>\n<td style=\"text-align: center;\" width=\"143\">Ve\u013ekos\u0165 vzorky<\/td>\n<td style=\"text-align: center;\" width=\"217\">100*100 mm alebo \u0424100 mm<\/td>\n<\/tr>\n<tr>\n<td style=\"text-align: center;\" width=\"143\">Nap\u00e1janie\u00a0<\/td>\n<td style=\"text-align: center;\" width=\"217\">AC 110~220V 50Hz<\/td>\n<\/tr>\n<\/tbody>\n<\/table>\n\n\t\t<\/div>\n\t\t\t\t\t<\/div>\n\n\t\n\n<\/div>\n\n\t\t<\/div>\n\t\t\t\t\t<\/div>\n\n\t\n\n<\/div>\n\n\t\t<\/div>\n\n\t\t\n<style>\n#section_1972529021 {\n  padding-top: 30px;\n  padding-bottom: 30px;\n}\n<\/style>\n\t<\/section>\n\t\n\t<section class=\"section\" id=\"section_1792878225\">\n\t\t<div class=\"bg section-bg fill bg-fill  bg-loaded\" >\n\n\t\t\t\n\t\t\t\n\t\t\t\n\n\t\t<\/div>\n\n\t\t\n\n\t\t<div class=\"section-content relative\">\n\t\t\t\n\n<div class=\"row\"  id=\"row-312044832\">\n\n\n\t<div id=\"col-537675810\" class=\"col small-12 large-12\"  >\n\t\t\t\t<div class=\"col-inner\"  >\n\t\t\t\n\t\t\t\n\n<div class=\"row align-equal align-center\"  id=\"row-925166923\">\n\n\n\t<div id=\"col-928465756\" class=\"col small-12 large-12\"  >\n\t\t\t\t<div class=\"col-inner\"  >\n\t\t\t\n\t\t\t\n\n\t<div id=\"text-689080129\" class=\"text\">\n\t\t\n\n<h2>Pre\u010do si vybra\u0165 Impacttesting.net<br \/>PIT-01 kyvadlov\u00fd n\u00e1razov\u00fd tester<\/h2>\n\t\t\n<style>\n#text-689080129 {\n  font-size: 1.4rem;\n  text-align: center;\n}\n<\/style>\n\t<\/div>\n\t\n\n\t\t<\/div>\n\t\t\t\t\t<\/div>\n\n\t\n\n\t<div id=\"col-1083802141\" class=\"col medium-6 small-12 large-6\"  >\n\t\t\t\t<div class=\"col-inner text-center\"  >\n\t\t\t\n\t\t\t\n\n\t<div id=\"text-985624677\" class=\"text\">\n\t\t\n\n<p>Integr\u00e1ciou <strong>kyvadlov\u00e1 n\u00e1razov\u00e1 sk\u00fa\u0161ka<\/strong> do svojich procesov kontroly kvality, m\u00f4\u017eete zv\u00fd\u0161i\u0165 trvanlivos\u0165 v\u00fdrobkov a ich s\u00falad s priemyseln\u00fdmi normami. <strong>Impacttesting.net<\/strong> poskytuje najmodernej\u0161ie rie\u0161enia na splnenie va\u0161ich potrieb v oblasti testovania materi\u00e1lov.<\/p>\n\t\t\n<style>\n#text-985624677 {\n  font-size: 1.1rem;\n  line-height: 2;\n}\n<\/style>\n\t<\/div>\n\t\n<a href=\"https:\/\/www.impacttesting.net\/sk\/contact-us\/\" class=\"button primary is-outline\"  style=\"border-radius:99px;\">\n    <span>Kontaktujte n\u00e1s<\/span>\n  <i class=\"icon-chat\" aria-hidden=\"true\" ><\/i><\/a>\n\n\n\n\t\t<\/div>\n\t\t\t\t\t<\/div>\n\n\t\n\n\t<div id=\"col-235834230\" class=\"col medium-4 small-12 large-4\"  >\n\t\t\t\t<div class=\"col-inner text-center\"  >\n\t\t\t\n\t\t\t\n\n\n<div class=\"wpcf7 no-js\" id=\"wpcf7-f10-o1\" lang=\"en-US\" dir=\"ltr\" data-wpcf7-id=\"10\">\n<div class=\"screen-reader-response\"><p role=\"status\" aria-live=\"polite\" aria-atomic=\"true\"><\/p> <ul><\/ul><\/div>\n<form action=\"\/sk\/wp-json\/wp\/v2\/pages\/48#wpcf7-f10-o1\" method=\"post\" class=\"wpcf7-form init\" aria-label=\"Contact form\" novalidate=\"novalidate\" data-status=\"init\" data-trp-original-action=\"\/sk\/wp-json\/wp\/v2\/pages\/48#wpcf7-f10-o1\">\n<fieldset class=\"hidden-fields-container\"><input type=\"hidden\" name=\"_wpcf7\" value=\"10\" \/><input type=\"hidden\" name=\"_wpcf7_version\" value=\"6.1.4\" \/><input type=\"hidden\" name=\"_wpcf7_locale\" value=\"en_US\" \/><input type=\"hidden\" name=\"_wpcf7_unit_tag\" value=\"wpcf7-f10-o1\" \/><input type=\"hidden\" name=\"_wpcf7_container_post\" value=\"0\" \/><input type=\"hidden\" name=\"_wpcf7_posted_data_hash\" value=\"\" \/><input type=\"hidden\" name=\"_wpcf7_recaptcha_response\" value=\"\" \/>\n<\/fieldset>\n<p><span class=\"wpcf7-form-control-wrap\" data-name=\"Name\"><input size=\"40\" maxlength=\"400\" class=\"wpcf7-form-control wpcf7-text\" aria-invalid=\"false\" placeholder=\"Va\u0161e meno\" value=\"\" type=\"text\" name=\"Name\" \/><\/span><br \/>\n<span class=\"wpcf7-form-control-wrap\" data-name=\"Comapany\"><input size=\"40\" maxlength=\"400\" class=\"wpcf7-form-control wpcf7-text\" aria-invalid=\"false\" placeholder=\"Va\u0161a spolo\u010dnos\u0165\" value=\"\" type=\"text\" name=\"Comapany\" \/><\/span><br \/>\n<span class=\"wpcf7-form-control-wrap\" data-name=\"Email\"><input size=\"40\" maxlength=\"400\" class=\"wpcf7-form-control wpcf7-email wpcf7-validates-as-required wpcf7-text wpcf7-validates-as-email\" aria-required=\"true\" aria-invalid=\"false\" placeholder=\"V\u00e1\u0161 e-mail*\" value=\"\" type=\"email\" name=\"Email\" \/><\/span><br \/>\n<span class=\"wpcf7-form-control-wrap\" data-name=\"Message\"><textarea cols=\"40\" rows=\"10\" maxlength=\"2000\" class=\"wpcf7-form-control wpcf7-textarea\" aria-invalid=\"false\" placeholder=\"Spr\u00e1va\" name=\"Message\"><\/textarea><\/span>\n<\/p>\n<p><input class=\"wpcf7-form-control wpcf7-submit has-spinner\" type=\"submit\" value=\"Odosla\u0165\" \/>\n<\/p><div class=\"wpcf7-response-output\" aria-hidden=\"true\"><\/div>\n<input type=\"hidden\" name=\"trp-form-language\" value=\"sk\"\/><\/form>\n<\/div>\n\n\n\n\t\t<\/div>\n\t\t\t\t\t<\/div>\n\n\t\n\n<\/div>\n\n\t\t<\/div>\n\t\t\t\t\t<\/div>\n\n\t\n\n<\/div>\n\n\t\t<\/div>\n\n\t\t\n<style>\n#section_1792878225 {\n  padding-top: 30px;\n  padding-bottom: 30px;\n  background-color: rgb(232, 234, 241);\n}\n<\/style>\n\t<\/section>","protected":false},"excerpt":{"rendered":"","protected":false},"author":1,"featured_media":0,"parent":0,"menu_order":0,"comment_status":"closed","ping_status":"closed","template":"page-blank.php","meta":{"footnotes":""},"class_list":["post-48","page","type-page","status-publish","hentry"],"_links":{"self":[{"href":"https:\/\/www.impacttesting.net\/sk\/wp-json\/wp\/v2\/pages\/48","targetHints":{"allow":["GET"]}}],"collection":[{"href":"https:\/\/www.impacttesting.net\/sk\/wp-json\/wp\/v2\/pages"}],"about":[{"href":"https:\/\/www.impacttesting.net\/sk\/wp-json\/wp\/v2\/types\/page"}],"author":[{"embeddable":true,"href":"https:\/\/www.impacttesting.net\/sk\/wp-json\/wp\/v2\/users\/1"}],"replies":[{"embeddable":true,"href":"https:\/\/www.impacttesting.net\/sk\/wp-json\/wp\/v2\/comments?post=48"}],"version-history":[{"count":5,"href":"https:\/\/www.impacttesting.net\/sk\/wp-json\/wp\/v2\/pages\/48\/revisions"}],"predecessor-version":[{"id":72,"href":"https:\/\/www.impacttesting.net\/sk\/wp-json\/wp\/v2\/pages\/48\/revisions\/72"}],"wp:attachment":[{"href":"https:\/\/www.impacttesting.net\/sk\/wp-json\/wp\/v2\/media?parent=48"}],"curies":[{"name":"wp","href":"https:\/\/api.w.org\/{rel}","templated":true}]}}