{"id":85,"date":"2025-12-24T07:51:49","date_gmt":"2025-12-24T07:51:49","guid":{"rendered":"https:\/\/www.impacttesting.net\/?page_id=85"},"modified":"2025-12-24T07:51:49","modified_gmt":"2025-12-24T07:51:49","slug":"iso-7765-1","status":"publish","type":"page","link":"https:\/\/www.impacttesting.net\/ro\/iso-7765-1\/","title":{"rendered":"ISO 7765-1"},"content":{"rendered":"<section class=\"section\" id=\"section_585807515\">\n\t\t<div class=\"bg section-bg fill bg-fill  bg-loaded\" >\n\n\t\t\t\n\t\t\t\n\t\t\t\n\n\t\t<\/div>\n\n\t\t\n\n\t\t<div class=\"section-content relative\">\n\t\t\t\n\n<div class=\"row\"  id=\"row-1617494472\">\n\n\n\t<div id=\"col-1747103960\" class=\"col small-12 large-12\"  >\n\t\t\t\t<div class=\"col-inner\" style=\"background-color:rgb(92, 171, 188);\" >\n\t\t\t\n\t\t\t\n\n<div class=\"row\"  id=\"row-2004664132\">\n\n\n\t<div id=\"col-1533047129\" class=\"col small-12 large-12\"  >\n\t\t\t\t<div class=\"col-inner\"  >\n\t\t\t\n\t\t\t\n\n\t<div id=\"text-994603291\" class=\"text\">\n\t\t\n\n<h1>ISO 7765-1<\/h1>\n\t\t\n<style>\n#text-994603291 {\n  font-size: 1.5rem;\n  text-align: center;\n}\n<\/style>\n\t<\/div>\n\t\n\t<div id=\"text-2045703031\" class=\"text\">\n\t\t\n\n<h2>Metoda s\u0103ge\u021bii cu c\u0103dere liber\u0103<\/h2>\n\t\t\n<style>\n#text-2045703031 {\n  text-align: center;\n}\n<\/style>\n\t<\/div>\n\t\n\n\t\t<\/div>\n\t\t\t\t\n<style>\n#col-1533047129 > .col-inner {\n  padding: 50px 10px 10px 10px;\n}\n<\/style>\n\t<\/div>\n\n\t\n\n<\/div>\n<div class=\"row align-middle align-center\"  id=\"row-727077964\">\n\n\n\t<div id=\"col-713718666\" class=\"col medium-11 small-12 large-11\"  >\n\t\t\t\t<div class=\"col-inner\"  >\n\t\t\t\n\t\t\t\n\n<div class=\"row align-center\"  id=\"row-1947657615\">\n\n\n\t<div id=\"col-195813109\" class=\"col medium-7 small-12 large-7\"  >\n\t\t\t\t<div class=\"col-inner\"  >\n\t\t\t\n\t\t\t\n\n<div class=\"row\"  id=\"row-1604176377\">\n\n\n\t<div id=\"col-825036818\" class=\"col small-12 large-12\"  >\n\t\t\t\t<div class=\"col-inner text-center\"  >\n\t\t\t\n\t\t\t\n\n\t<div id=\"text-1108769072\" class=\"text\">\n\t\t\n\n<p>Adoptarea <a href=\"https:\/\/www.impacttesting.net\/ro\/iso-7765-1\/\"><strong>ISO 7765-1<\/strong><\/a> \u0219i utiliz\u00e2nd <strong>Metoda s\u0103ge\u021bii care cade liber<\/strong> permite profesioni\u0219tilor din domeniul materialelor \u0219i ambalajelor s\u0103 evalueze cu acurate\u021be <strong>rezisten\u021ba la impact a s\u0103ge\u021bii<\/strong>, asigur\u00e2ndu-se c\u0103 filmele \u00eendeplinesc standardele de durabilitate \u0219i siguran\u021b\u0103. <strong>ISO 7765-1<\/strong> este ideal pentru filme \u0219i folii din plastic utilizate \u00een ambalaje, agricultur\u0103, aplica\u021bii medicale \u0219i industriale.<\/p>\n\t\t\n<style>\n#text-1108769072 {\n  color: rgb(0, 0, 0);\n}\n#text-1108769072 > * {\n  color: rgb(0, 0, 0);\n}\n<\/style>\n\t<\/div>\n\t\n\n\t\t<\/div>\n\t\t\t\t\t<\/div>\n\n\t\n\n\t<div id=\"col-909600496\" class=\"col small-12 large-12\"  >\n\t\t\t\t<div class=\"col-inner text-center\"  >\n\t\t\t\n\t\t\t\n\n<a href=\"https:\/\/www.impacttesting.net\/ro\/contact-us\/\" class=\"button primary is-outline\"  style=\"border-radius:99px;\">\n    <span>Contacta\u021bi-ne<\/span>\n  <i class=\"icon-chat\" aria-hidden=\"true\" ><\/i><\/a>\n\n\n\n\t\t<\/div>\n\t\t\t\t\t<\/div>\n\n\t\n\n<\/div>\n\n\t\t<\/div>\n\t\t\t\t\t<\/div>\n\n\t\n\n\t<div id=\"col-2005779781\" class=\"col medium-4 small-12 large-4\"  >\n\t\t\t\t<div class=\"col-inner\"  >\n\t\t\t\n\t\t\t\n\n<div class=\"row\"  id=\"row-1928525600\">\n\n\n\t<div id=\"col-684097410\" class=\"col small-12 large-12\"  >\n\t\t\t\t<div class=\"col-inner\"  >\n\t\t\t\n\t\t\t\n\n\t<div class=\"img has-hover x md-x lg-x y md-y lg-y\" id=\"image_894772274\">\n\t\t\t\t\t\t\t\t<div class=\"img-inner dark\" >\n\t\t\t<img decoding=\"async\" width=\"600\" height=\"440\" src=\"https:\/\/www.impacttesting.net\/wp-content\/uploads\/2025\/12\/ISO-7765-1-Free-Falling-Dart-Method.webp\" class=\"attachment-large size-large\" alt=\"ISO 7765-1 Metoda s\u0103ge\u021bii \u00een c\u0103dere liber\u0103\" srcset=\"https:\/\/www.impacttesting.net\/wp-content\/uploads\/2025\/12\/ISO-7765-1-Free-Falling-Dart-Method.webp 600w, https:\/\/www.impacttesting.net\/wp-content\/uploads\/2025\/12\/ISO-7765-1-Free-Falling-Dart-Method-545x400.webp 545w\" sizes=\"(max-width: 600px) 100vw, 600px\" \/>\t\t\t\t\t\t\n\t\t\t\t\t<\/div>\n\t\t\t\t\t\t\t\t\n<style>\n#image_894772274 {\n  width: 100%;\n}\n<\/style>\n\t<\/div>\n\t\n\n\n\t\t<\/div>\n\t\t\t\t\t<\/div>\n\n\t\n\n<\/div>\n\n\t\t<\/div>\n\t\t\t\t\t<\/div>\n\n\t\n\n<\/div>\n\n\t\t<\/div>\n\t\t\t\t\t<\/div>\n\n\t\n\n<\/div>\n\n\t\t<\/div>\n\t\t\t\t\t<\/div>\n\n\t\n\n\n<style>\n#row-1617494472 > .col > .col-inner {\n  border-radius: 25px;\n}\n<\/style>\n<\/div>\n\n\t\t<\/div>\n\n\t\t\n<style>\n#section_585807515 {\n  padding-top: 30px;\n  padding-bottom: 30px;\n}\n<\/style>\n\t<\/section>\n\t\n\t<section class=\"section\" id=\"section_1213838841\">\n\t\t<div class=\"bg section-bg fill bg-fill  bg-loaded\" >\n\n\t\t\t\n\t\t\t\n\t\t\t\n\n\t\t<\/div>\n\n\t\t\n\n\t\t<div class=\"section-content relative\">\n\t\t\t\n\n<div class=\"row\"  id=\"row-701019107\">\n\n\n\t<div id=\"col-617321633\" class=\"col small-12 large-12\"  >\n\t\t\t\t<div class=\"col-inner\"  >\n\t\t\t\n\t\t\t\n\n<div class=\"row\"  id=\"row-169471929\">\n\n\n\t<div id=\"col-462583238\" class=\"col small-12 large-12\"  >\n\t\t\t\t<div class=\"col-inner\"  >\n\t\t\t\n\t\t\t\n\n\t<div id=\"text-518191731\" class=\"text\">\n\t\t\n\n<h2>ISO 7765-1 \u0219i importan\u021ba sa<\/h2>\n\t\t\n<style>\n#text-518191731 {\n  font-size: 1.3rem;\n  text-align: center;\n}\n<\/style>\n\t<\/div>\n\t\n\n\t\t<\/div>\n\t\t\t\t\t<\/div>\n\n\t\n\n\t<div id=\"col-573466854\" class=\"col small-12 large-12\"  >\n\t\t\t\t<div class=\"col-inner\"  >\n\t\t\t\n\t\t\t\n\n<p>\u00cen\u021belegerea \u0219i punerea \u00een aplicare <strong>ISO 7765-1<\/strong> este esen\u021bial pentru profesioni\u0219tii care lucreaz\u0103 cu folii de plastic \u0219i materiale flexibile. Acest standard interna\u021bional prezint\u0103 procedura de determinare a <strong>rezisten\u021ba la impact a s\u0103ge\u021bii<\/strong> a unei folii de plastic cu ajutorul <strong>Metoda s\u0103ge\u021bii care cade liber<\/strong>, un test esen\u021bial de control al calit\u0103\u021bii. Aplicarea precis\u0103 a acestei metode ajut\u0103 produc\u0103torii s\u0103 evalueze c\u00e2t de bine pot rezista materialele la sarcini de impact - un indicator al durabilit\u0103\u021bii \u0219i performan\u021bei \u00een aplica\u021bii reale. Pentru industrii precum ambalaje, produse farmaceutice, electronice \u0219i alimentare, aderarea la ISO 7765-1 asigur\u0103 fiabilitatea, consecven\u021ba \u0219i conformitatea cu standardele globale.<\/p>\n\n\t\t<\/div>\n\t\t\t\t\t<\/div>\n\n\t\n\n<\/div>\n\n\t\t<\/div>\n\t\t\t\t\t<\/div>\n\n\t\n\n<\/div>\n<div class=\"row\"  id=\"row-120463298\">\n\n\n\t<div id=\"col-1387988151\" class=\"col small-12 large-12\"  >\n\t\t\t\t<div class=\"col-inner\"  >\n\t\t\t\n\t\t\t\n\n<div class=\"row\"  id=\"row-1763228888\">\n\n\n\t<div id=\"col-492150595\" class=\"col small-12 large-12\"  >\n\t\t\t\t<div class=\"col-inner\"  >\n\t\t\t\n\t\t\t\n\n<div class=\"row\"  id=\"row-1373495662\">\n\n\n\t<div id=\"col-196742191\" class=\"col small-12 large-12\"  >\n\t\t\t\t<div class=\"col-inner\"  >\n\t\t\t\n\t\t\t\n\n\t<div id=\"text-409593243\" class=\"text\">\n\t\t\n\n<h2>\u00cen\u021belegerea metodei s\u0103ge\u021bii cu c\u0103dere liber\u0103<\/h2>\n\t\t\n<style>\n#text-409593243 {\n  font-size: 1.3rem;\n  text-align: center;\n}\n<\/style>\n\t<\/div>\n\t\n\n\t\t<\/div>\n\t\t\t\t\t<\/div>\n\n\t\n\n<\/div>\n<div class=\"row align-middle\"  id=\"row-622855031\">\n\n\n\t<div id=\"col-977116719\" class=\"col medium-7 small-12 large-7\"  >\n\t\t\t\t<div class=\"col-inner\"  >\n\t\t\t\n\t\t\t\n\n<div><strong>ISO 7765-1<\/strong> specific\u0103 o metod\u0103 de \u00eencercare pentru a determina energia necesar\u0103 pentru a provoca ruperea filmelor din plastic prin impactul unei s\u0103ge\u021bi \u00een c\u0103dere liber\u0103. \u00cencercarea identific\u0103 <strong>mas\u0103 de e\u0219ec la impact<\/strong>, definit\u0103 ca masa s\u0103ge\u021bii care provoac\u0103 cedarea 50% din epruvete \u00een condi\u021bii standardizate.<\/div>\n<div>Exist\u0103 dou\u0103 proceduri principale:<\/div>\n<ul>\n<li><strong>Metoda A<\/strong> utilizeaz\u0103 un <strong>38 mm<\/strong> s\u0103geat\u0103 cu diametrul sc\u0103zut de la <strong>0,66 metri<\/strong>.<\/li>\n<li><strong>Metoda B<\/strong> utilizeaz\u0103 un <strong>50 mm<\/strong> s\u0103geat\u0103 cu diametrul sc\u0103zut de la <strong>1,5 metri<\/strong>.<\/li>\n<\/ul>\n<p>Fiecare metod\u0103 se refer\u0103 la diferite tipuri de materiale \u0219i grosimi, iar rezultatele ob\u021binute nu sunt interschimbabile.<\/p>\n\n\t\t<\/div>\n\t\t\t\t\t<\/div>\n\n\t\n\n\t<div id=\"col-405352836\" class=\"col medium-5 small-12 large-5\"  >\n\t\t\t\t<div class=\"col-inner\"  >\n\t\t\t\n\t\t\t\n\n\t<div class=\"img has-hover x md-x lg-x y md-y lg-y\" id=\"image_104404430\">\n\t\t<a class=\"\" href=\"https:\/\/www.impacttesting.net\/ro\/falling-dart-impact-tester\/\" >\t\t\t\t\t\t<div class=\"img-inner dark\" >\n\t\t\t<img decoding=\"async\" width=\"600\" height=\"440\" src=\"https:\/\/www.impacttesting.net\/wp-content\/uploads\/2025\/12\/ISO-7765-1-Free-Falling-Dart-Method.webp\" class=\"attachment-large size-large\" alt=\"ISO 7765-1 Metoda s\u0103ge\u021bii \u00een c\u0103dere liber\u0103\" srcset=\"https:\/\/www.impacttesting.net\/wp-content\/uploads\/2025\/12\/ISO-7765-1-Free-Falling-Dart-Method.webp 600w, https:\/\/www.impacttesting.net\/wp-content\/uploads\/2025\/12\/ISO-7765-1-Free-Falling-Dart-Method-545x400.webp 545w\" sizes=\"(max-width: 600px) 100vw, 600px\" \/>\t\t\t\t\t\t\n\t\t\t\t\t<\/div>\n\t\t\t\t\t\t<\/a>\t\t\n<style>\n#image_104404430 {\n  width: 100%;\n}\n<\/style>\n\t<\/div>\n\t\n\n\n\t\t<\/div>\n\t\t\t\t\t<\/div>\n\n\t\n\n<\/div>\n\n\t\t<\/div>\n\t\t\t\t\t<\/div>\n\n\t\n\n<\/div>\n\n\t\t<\/div>\n\t\t\t\t\t<\/div>\n\n\t\n\n<\/div>\n<div class=\"row\"  id=\"row-915057380\">\n\n\n\t<div id=\"col-1168818964\" class=\"col small-12 large-12\"  >\n\t\t\t\t<div class=\"col-inner\"  >\n\t\t\t\n\t\t\t\n\n<div class=\"row\"  id=\"row-746507188\">\n\n\n\t<div id=\"col-1902596684\" class=\"col small-12 large-12\"  >\n\t\t\t\t<div class=\"col-inner\"  >\n\t\t\t\n\t\t\t\n\n\t<div id=\"text-1026066627\" class=\"text\">\n\t\t\n\n<h2>Metoda s\u0103ge\u021bii \u00een c\u0103dere liber\u0103: Importan\u021b\u0103 \u0219i procedur\u0103<\/h2>\n\t\t\n<style>\n#text-1026066627 {\n  font-size: 1.3rem;\n  text-align: center;\n}\n<\/style>\n\t<\/div>\n\t\n\n\t\t<\/div>\n\t\t\t\t\t<\/div>\n\n\t\n\n<\/div>\n<div class=\"row\"  id=\"row-252464709\">\n\n\n\t<div id=\"col-1176854048\" class=\"col medium-6 small-12 large-6\"  >\n\t\t\t\t<div class=\"col-inner\"  >\n\t\t\t\n\t\t\t\n\n<h3>Preg\u0103tirea pentru test<\/h3>\n<p>\u00cenainte de efectuarea testului:<\/p>\n<ul>\n<li><strong>Specimene de stare<\/strong> la 23\u00b0C \u00b1 2\u00b0C \u0219i 50% \u00b1 5% RH timp de cel pu\u021bin 40 de ore.<\/li>\n<li>Selecta\u021bi specimene cu <strong>grosime uniform\u0103<\/strong> (\u00b110% din nominal).<\/li>\n<li>Utilizare <strong>30 sau mai multe probe<\/strong> pentru a asigura relevan\u021ba statistic\u0103.<\/li>\n<\/ul>\n\n\t\t<\/div>\n\t\t\t\t\t<\/div>\n\n\t\n\n\t<div id=\"col-1462922974\" class=\"col medium-6 small-12 large-6\"  >\n\t\t\t\t<div class=\"col-inner\"  >\n\t\t\t\n\t\t\t\n\n<h3>Cerin\u021be privind echipamentele<\/h3>\n<div>O configura\u021bie standard de testare include:<\/div>\n<ul>\n<li>A <strong>s\u0103geat\u0103 cu cap emisferic<\/strong> \u0219i greut\u0103\u021bi incrementale deta\u0219abile.<\/li>\n<li>O <strong>electromagnet sau mecanic<\/strong> mecanism de eliberare pentru pic\u0103tur\u0103 controlat\u0103.<\/li>\n<li>A <strong>sistem de prindere din dou\u0103 piese<\/strong> pentru a \u021bine ferm specimenul.<\/li>\n<li>A <strong>micrometru<\/strong> pentru m\u0103surarea precis\u0103 a grosimii.<\/li>\n<li><strong>Protec\u021bie de siguran\u021b\u0103<\/strong> pentru a proteja utilizatorii \u0219i aparatul.<\/li>\n<\/ul>\n\n\t\t<\/div>\n\t\t\t\t\t<\/div>\n\n\t\n\n<\/div>\n<div class=\"row align-middle\"  id=\"row-972733160\">\n\n\n\t<div id=\"col-1268937960\" class=\"col small-12 large-12\"  >\n\t\t\t\t<div class=\"col-inner\"  >\n\t\t\t\n\t\t\t\n\n\t<div id=\"text-614793870\" class=\"text\">\n\t\t\n\n<h3>Executarea testului de rezisten\u021b\u0103 la impact a s\u0103ge\u021bii<\/h3>\n\t\t\n<style>\n#text-614793870 {\n  text-align: center;\n}\n<\/style>\n\t<\/div>\n\t\n\n\t\t<\/div>\n\t\t\t\t\t<\/div>\n\n\t\n\n\t<div id=\"col-1558777318\" class=\"col medium-6 small-12 large-6\"  >\n\t\t\t\t<div class=\"col-inner\"  >\n\t\t\t\n\t\t\t\n\n<h4>1. Alege\u021bi metoda de testare (A sau B):<\/h4>\n<ul>\n<li><strong>Metoda A<\/strong>: S\u0103geat\u0103 de 38 mm, \u00een\u0103l\u021bime de c\u0103dere 0,66 m.<\/li>\n<li><strong>Metoda B<\/strong>: S\u0103geat\u0103 de 50 mm, \u00een\u0103l\u021bime de c\u0103dere 1,5 m.<\/li>\n<\/ul>\n<h4>2. Preg\u0103tirea \u0219i fixarea specimenului:<\/h4>\n<p>Asigura\u021bi-v\u0103 c\u0103 filmul este plat, f\u0103r\u0103 riduri. Dac\u0103 este necesar, utiliza\u021bi m\u0103suri anti-alunecare, cum ar fi p\u00e2nz\u0103 crocus sau h\u00e2rtie abraziv\u0103.<\/p>\n<h4>3. Seta\u021bi greut\u0103\u021bile s\u0103ge\u021bii \u0219i incrementale:<\/h4>\n<p>\u00cencepe\u021bi cu o mas\u0103 cunoscut\u0103 \u0219i m\u0103ri\u021bi-o sau mic\u0219ora\u021bi-o pe baza rezultatelor e\u0219ecurilor p\u00e2n\u0103 c\u00e2nd se determin\u0103 rata e\u0219ecurilor 50%.<\/p>\n\n\t\t<\/div>\n\t\t\t\t\t<\/div>\n\n\t\n\n\t<div id=\"col-1142184059\" class=\"col medium-6 small-12 large-6\"  >\n\t\t\t\t<div class=\"col-inner\"  >\n\t\t\t\n\t\t\t\n\n<div class=\"video video-fit mb\" style=\"padding-top:56.25%;\"><iframe title=\"Tester de impact cu s\u0103ge\u021bi c\u0103z\u0103toare pe folie \u0219i foaie platic\u0103 Metoda A \u0219i metoda B ASTM D1709 ISO 7765-1\" width=\"1020\" height=\"574\" src=\"https:\/\/www.youtube.com\/embed\/a3_9M0x3w7U?feature=oembed\" frameborder=\"0\" allow=\"accelerometer; autoplay; clipboard-write; encrypted-media; gyroscope; picture-in-picture; web-share\" referrerpolicy=\"strict-origin-when-cross-origin\" allowfullscreen><\/iframe><\/div>\n\n\n\t\t<\/div>\n\t\t\t\t\t<\/div>\n\n\t\n\n\t<div id=\"col-728778303\" class=\"col small-12 large-12\"  >\n\t\t\t\t<div class=\"col-inner\"  >\n\t\t\t\n\t\t\t\n\n<h4>4. Elibera\u021bi s\u0103geata:<\/h4>\n<p>Folosi\u021bi electromagnetul sau dispozitivul de eliberare a aerului pentru a l\u0103sa s\u0103geata s\u0103 cad\u0103 vertical pe centrul specimenului.<\/p>\n<h4>5. \u00cenregistra\u021bi rezultatul:<\/h4>\n<p>Nota\u021bi dac\u0103 epruveta cedeaz\u0103 (perforat\u0103 sau rupt\u0103) sau supravie\u021buie\u0219te. Continua\u021bi p\u00e2n\u0103 c\u00e2nd pute\u021bi calcula statistic masa ced\u0103rii prin impact.<\/p>\n<h4>6. Analiza\u021bi rezultatele:<\/h4>\n<p>Evalua\u021bi rezultatele lu\u00e2nd \u00een considerare grosimea e\u0219antionului, consisten\u021ba materialului \u0219i rata de defectare. Rezultatele ISO 7765-1 pot fi utile pentru compararea materialelor, dar nu ar trebui s\u0103 fie normalizate \u00een func\u021bie de grosimi diferite.<\/p>\n\n\t\t<\/div>\n\t\t\t\t\t<\/div>\n\n\t\n\n<\/div>\n\n\t\t<\/div>\n\t\t\t\t\t<\/div>\n\n\t\n\n<\/div>\n\n\t\t<\/div>\n\n\t\t\n<style>\n#section_1213838841 {\n  padding-top: 30px;\n  padding-bottom: 30px;\n}\n<\/style>\n\t<\/section>\n\t\n\t<section class=\"section\" id=\"section_1151680811\">\n\t\t<div class=\"bg section-bg fill bg-fill  bg-loaded\" >\n\n\t\t\t\n\t\t\t\n\t\t\t\n\n\t\t<\/div>\n\n\t\t\n\n\t\t<div class=\"section-content relative\">\n\t\t\t\n\n<div class=\"row\"  id=\"row-353966001\">\n\n\n\t<div id=\"col-1790752044\" class=\"col small-12 large-12\"  >\n\t\t\t\t<div class=\"col-inner\"  >\n\t\t\t\n\t\t\t\n\n<div class=\"row align-center\"  id=\"row-148629284\">\n\n\n\t<div id=\"col-1364833308\" class=\"col small-12 large-12\"  >\n\t\t\t\t<div class=\"col-inner\"  >\n\t\t\t\n\t\t\t\n\n\t<div id=\"text-3945569705\" class=\"text\">\n\t\t\n\n<h2>De ce s\u0103 alege\u021bi Impacttesting.net's<br \/>FDT-01 Tester de c\u0103dere a s\u0103ge\u021bii<\/h2>\n\t\t\n<style>\n#text-3945569705 {\n  font-size: 1.4rem;\n  text-align: center;\n}\n<\/style>\n\t<\/div>\n\t\n\n\t\t<\/div>\n\t\t\t\t\t<\/div>\n\n\t\n\n\t<div id=\"col-232946676\" class=\"col small-12 large-12\"  >\n\t\t\t\t<div class=\"col-inner\"  >\n\t\t\t\n\t\t\t\n\n<p>Pentru a asigura precizia, repetabilitatea \u0219i conformitatea cu <strong>ISO 7765-1<\/strong>, v\u0103 recomand\u0103m <strong>FDT-01 <a href=\"https:\/\/www.impacttesting.net\/ro\/falling-dart-impact-tester\/\">Tester de impact Dart <\/a><\/strong>de <strong>Impacttesting.net<\/strong>.<\/p>\n\n\t\t<\/div>\n\t\t\t\t\t<\/div>\n\n\t\n\n\t<div id=\"col-182542767\" class=\"col medium-7 small-12 large-7\"  >\n\t\t\t\t<div class=\"col-inner text-center\"  >\n\t\t\t\n\t\t\t\n\n\t<div id=\"text-1134962650\" class=\"text\">\n\t\t\n\n<p class=\"\" data-start=\"4386\" data-end=\"4422\">Reglare precis\u0103 a \u00een\u0103l\u021bimii de c\u0103dere a s\u0103ge\u021bii.<br \/>Montare u\u0219oar\u0103 a specimenului cu cleme pneumatice.<br \/>Colectarea \u0219i analiza datelor privind impactul \u00een timp real.<br \/>Respectarea at\u00e2t a metodei A, c\u00e2t \u0219i a metodei B.<\/p>\n\t\t\n<style>\n#text-1134962650 {\n  font-size: 1.1rem;\n  line-height: 1.3;\n}\n<\/style>\n\t<\/div>\n\t\n\t<div id=\"text-2540922618\" class=\"text\">\n\t\t\n\n<p class=\"\" data-start=\"4676\" data-end=\"4874\">Caracteristicile sale avansate de siguran\u021b\u0103 \u0219i comenzile digitale minimizeaz\u0103 eroarea uman\u0103 \u0219i asigur\u0103 rezultate fiabile \u0219i reproductibile, f\u0103c\u00e2ndu-l un instrument ideal pentru produc\u0103torii de filme pentru ambalaje, convertori \u0219i laboratoare de control al calit\u0103\u021bii.<\/p>\n\t\t\n<style>\n#text-2540922618 {\n  font-size: 1.1rem;\n}\n<\/style>\n\t<\/div>\n\t\n<a href=\"https:\/\/www.impacttesting.net\/ro\/contact-us\/\" class=\"button primary is-outline\"  style=\"border-radius:99px;\">\n    <span>Contacta\u021bi-ne<\/span>\n  <i class=\"icon-chat\" aria-hidden=\"true\" ><\/i><\/a>\n\n\n\n\t\t<\/div>\n\t\t\t\t\t<\/div>\n\n\t\n\n\t<div id=\"col-212468074\" class=\"col medium-4 small-12 large-4\"  >\n\t\t\t\t<div class=\"col-inner text-center\"  >\n\t\t\t\n\t\t\t\n\n\n<div class=\"wpcf7 no-js\" id=\"wpcf7-f10-o1\" lang=\"en-US\" dir=\"ltr\" data-wpcf7-id=\"10\">\n<div class=\"screen-reader-response\"><p role=\"status\" aria-live=\"polite\" aria-atomic=\"true\"><\/p> <ul><\/ul><\/div>\n<form action=\"\/ro\/wp-json\/wp\/v2\/pages\/85#wpcf7-f10-o1\" method=\"post\" class=\"wpcf7-form init\" aria-label=\"Contact form\" novalidate=\"novalidate\" data-status=\"init\" data-trp-original-action=\"\/ro\/wp-json\/wp\/v2\/pages\/85#wpcf7-f10-o1\">\n<fieldset class=\"hidden-fields-container\"><input type=\"hidden\" name=\"_wpcf7\" value=\"10\" \/><input type=\"hidden\" name=\"_wpcf7_version\" value=\"6.1.4\" \/><input type=\"hidden\" name=\"_wpcf7_locale\" value=\"en_US\" \/><input type=\"hidden\" name=\"_wpcf7_unit_tag\" value=\"wpcf7-f10-o1\" \/><input type=\"hidden\" name=\"_wpcf7_container_post\" value=\"0\" \/><input type=\"hidden\" name=\"_wpcf7_posted_data_hash\" value=\"\" \/><input type=\"hidden\" name=\"_wpcf7_recaptcha_response\" value=\"\" \/>\n<\/fieldset>\n<p><span class=\"wpcf7-form-control-wrap\" data-name=\"Name\"><input size=\"40\" maxlength=\"400\" class=\"wpcf7-form-control wpcf7-text\" aria-invalid=\"false\" placeholder=\"Numele dvs.\" value=\"\" type=\"text\" name=\"Name\" \/><\/span><br \/>\n<span class=\"wpcf7-form-control-wrap\" data-name=\"Comapany\"><input size=\"40\" maxlength=\"400\" class=\"wpcf7-form-control wpcf7-text\" aria-invalid=\"false\" placeholder=\"Comapania dvs.\" value=\"\" type=\"text\" name=\"Comapany\" \/><\/span><br \/>\n<span class=\"wpcf7-form-control-wrap\" data-name=\"Email\"><input size=\"40\" maxlength=\"400\" class=\"wpcf7-form-control wpcf7-email wpcf7-validates-as-required wpcf7-text wpcf7-validates-as-email\" aria-required=\"true\" aria-invalid=\"false\" placeholder=\"Adresa dvs. de e-mail*\" value=\"\" type=\"email\" name=\"Email\" \/><\/span><br \/>\n<span class=\"wpcf7-form-control-wrap\" data-name=\"Message\"><textarea cols=\"40\" rows=\"10\" maxlength=\"2000\" class=\"wpcf7-form-control wpcf7-textarea\" aria-invalid=\"false\" placeholder=\"Mesaj\" name=\"Message\"><\/textarea><\/span>\n<\/p>\n<p><input class=\"wpcf7-form-control wpcf7-submit has-spinner\" type=\"submit\" value=\"Trimite\" \/>\n<\/p><div class=\"wpcf7-response-output\" aria-hidden=\"true\"><\/div>\n<input type=\"hidden\" name=\"trp-form-language\" value=\"ro\"\/><\/form>\n<\/div>\n\n\n\n\t\t<\/div>\n\t\t\t\t\t<\/div>\n\n\t\n\n<\/div>\n\n\t\t<\/div>\n\t\t\t\t\t<\/div>\n\n\t\n\n<\/div>\n\n\t\t<\/div>\n\n\t\t\n<style>\n#section_1151680811 {\n  padding-top: 30px;\n  padding-bottom: 30px;\n  background-color: rgb(232, 234, 241);\n}\n<\/style>\n\t<\/section>","protected":false},"excerpt":{"rendered":"","protected":false},"author":1,"featured_media":0,"parent":0,"menu_order":0,"comment_status":"closed","ping_status":"closed","template":"page-blank.php","meta":{"footnotes":""},"class_list":["post-85","page","type-page","status-publish","hentry"],"_links":{"self":[{"href":"https:\/\/www.impacttesting.net\/ro\/wp-json\/wp\/v2\/pages\/85","targetHints":{"allow":["GET"]}}],"collection":[{"href":"https:\/\/www.impacttesting.net\/ro\/wp-json\/wp\/v2\/pages"}],"about":[{"href":"https:\/\/www.impacttesting.net\/ro\/wp-json\/wp\/v2\/types\/page"}],"author":[{"embeddable":true,"href":"https:\/\/www.impacttesting.net\/ro\/wp-json\/wp\/v2\/users\/1"}],"replies":[{"embeddable":true,"href":"https:\/\/www.impacttesting.net\/ro\/wp-json\/wp\/v2\/comments?post=85"}],"version-history":[{"count":2,"href":"https:\/\/www.impacttesting.net\/ro\/wp-json\/wp\/v2\/pages\/85\/revisions"}],"predecessor-version":[{"id":87,"href":"https:\/\/www.impacttesting.net\/ro\/wp-json\/wp\/v2\/pages\/85\/revisions\/87"}],"wp:attachment":[{"href":"https:\/\/www.impacttesting.net\/ro\/wp-json\/wp\/v2\/media?parent=85"}],"curies":[{"name":"wp","href":"https:\/\/api.w.org\/{rel}","templated":true}]}}