{"id":74,"date":"2025-12-24T06:33:06","date_gmt":"2025-12-24T06:33:06","guid":{"rendered":"https:\/\/www.impacttesting.net\/?page_id=74"},"modified":"2025-12-24T06:33:06","modified_gmt":"2025-12-24T06:33:06","slug":"ball-drop-tester","status":"publish","type":"page","link":"https:\/\/www.impacttesting.net\/ro\/ball-drop-tester\/","title":{"rendered":"FBT-01 Tester de c\u0103dere a mingii"},"content":{"rendered":"<section class=\"section\" id=\"section_502799924\">\n\t\t<div class=\"bg section-bg fill bg-fill  bg-loaded\" >\n\n\t\t\t\n\t\t\t\n\t\t\t\n\n\t\t<\/div>\n\n\t\t\n\n\t\t<div class=\"section-content relative\">\n\t\t\t\n\n<div class=\"row\"  id=\"row-104511171\">\n\n\n\t<div id=\"col-775411226\" class=\"col small-12 large-12\"  >\n\t\t\t\t<div class=\"col-inner\" style=\"background-color:rgb(92, 171, 188);\" >\n\t\t\t\n\t\t\t\n\n<div class=\"row\"  id=\"row-1061831675\">\n\n\n\t<div id=\"col-1296903970\" class=\"col small-12 large-12\"  >\n\t\t\t\t<div class=\"col-inner\"  >\n\t\t\t\n\t\t\t\n\n\t<div id=\"text-2870496427\" class=\"text\">\n\t\t\n\n<h1>FBT-01 Tester de c\u0103dere a mingii<\/h1>\n\t\t\n<style>\n#text-2870496427 {\n  font-size: 1.5rem;\n  text-align: center;\n}\n<\/style>\n\t<\/div>\n\t\n\n\t\t<\/div>\n\t\t\t\t\n<style>\n#col-1296903970 > .col-inner {\n  padding: 50px 10px 10px 10px;\n}\n<\/style>\n\t<\/div>\n\n\t\n\n<\/div>\n<div class=\"row align-middle align-center\"  id=\"row-884306372\">\n\n\n\t<div id=\"col-59191484\" class=\"col medium-11 small-12 large-11\"  >\n\t\t\t\t<div class=\"col-inner\"  >\n\t\t\t\n\t\t\t\n\n<div class=\"row align-middle align-center\"  id=\"row-1662539637\">\n\n\n\t<div id=\"col-608940855\" class=\"col medium-7 small-12 large-7\"  >\n\t\t\t\t<div class=\"col-inner\"  >\n\t\t\t\n\t\t\t\n\n<div class=\"row\"  id=\"row-382097519\">\n\n\n\t<div id=\"col-1891178741\" class=\"col small-12 large-12\"  >\n\t\t\t\t<div class=\"col-inner text-center\"  >\n\t\t\t\n\t\t\t\n\n\t<div id=\"text-3501163258\" class=\"text\">\n\t\t\n\n<p>The <a href=\"https:\/\/www.impacttesting.net\/ro\/ball-drop-tester\/\"><strong>tester pic\u0103tur\u0103 de minge<\/strong><\/a> este un instrument esen\u021bial utilizat pentru a evalua rezisten\u021ba la impact a materialelor, cum ar fi foi de plastic, filme \u0219i ochelari de protec\u021bie. Acest test este crucial \u00een industrii precum ambalarea, industria auto \u0219i produc\u021bia de echipamente de siguran\u021b\u0103, asigur\u00e2ndu-se c\u0103 materialele pot rezista for\u021belor externe f\u0103r\u0103 deterior\u0103ri semnificative.<\/p>\n\t\t\n<style>\n#text-3501163258 {\n  color: rgb(0, 0, 0);\n}\n#text-3501163258 > * {\n  color: rgb(0, 0, 0);\n}\n<\/style>\n\t<\/div>\n\t\n\n\t\t<\/div>\n\t\t\t\t\t<\/div>\n\n\t\n\n\t<div id=\"col-79829528\" class=\"col small-12 large-12\"  >\n\t\t\t\t<div class=\"col-inner text-center\"  >\n\t\t\t\n\t\t\t\n\n<a href=\"https:\/\/www.impacttesting.net\/ro\/contact-us\/\" class=\"button primary is-outline\"  style=\"border-radius:99px;\">\n    <span>Contacta\u021bi-ne<\/span>\n  <i class=\"icon-chat\" aria-hidden=\"true\" ><\/i><\/a>\n\n\n\n\t\t<\/div>\n\t\t\t\t\t<\/div>\n\n\t\n\n<\/div>\n\n\t\t<\/div>\n\t\t\t\t\t<\/div>\n\n\t\n\n\t<div id=\"col-1091645920\" class=\"col medium-3 small-12 large-3\"  >\n\t\t\t\t<div class=\"col-inner\"  >\n\t\t\t\n\t\t\t\n\n<div class=\"row\"  id=\"row-1842876666\">\n\n\n\t<div id=\"col-441368171\" class=\"col small-12 large-12\"  >\n\t\t\t\t<div class=\"col-inner text-center\"  >\n\t\t\t\n\t\t\t\n\n\t<div class=\"img has-hover x md-x lg-x y md-y lg-y\" id=\"image_1153882437\">\n\t\t\t\t\t\t\t\t<div class=\"img-inner dark\" >\n\t\t\t<img decoding=\"async\" width=\"318\" height=\"800\" src=\"https:\/\/www.impacttesting.net\/wp-content\/uploads\/2025\/12\/Ball-Drop-Tester-Ball-Impact-Test-for-Safety-Glasses-318x800.webp\" class=\"attachment-large size-large\" alt=\"Tester de c\u0103dere cu bil\u0103 - Test de impact cu bil\u0103 pentru ochelari de protec\u021bie\" srcset=\"https:\/\/www.impacttesting.net\/wp-content\/uploads\/2025\/12\/Ball-Drop-Tester-Ball-Impact-Test-for-Safety-Glasses-318x800.webp 318w, https:\/\/www.impacttesting.net\/wp-content\/uploads\/2025\/12\/Ball-Drop-Tester-Ball-Impact-Test-for-Safety-Glasses-159x400.webp 159w, https:\/\/www.impacttesting.net\/wp-content\/uploads\/2025\/12\/Ball-Drop-Tester-Ball-Impact-Test-for-Safety-Glasses-768x1934.webp 768w, https:\/\/www.impacttesting.net\/wp-content\/uploads\/2025\/12\/Ball-Drop-Tester-Ball-Impact-Test-for-Safety-Glasses-610x1536.webp 610w, https:\/\/www.impacttesting.net\/wp-content\/uploads\/2025\/12\/Ball-Drop-Tester-Ball-Impact-Test-for-Safety-Glasses-813x2048.webp 813w, https:\/\/www.impacttesting.net\/wp-content\/uploads\/2025\/12\/Ball-Drop-Tester-Ball-Impact-Test-for-Safety-Glasses-scaled.webp 1017w\" sizes=\"(max-width: 318px) 100vw, 318px\" \/>\t\t\t\t\t\t\n\t\t\t\t\t<\/div>\n\t\t\t\t\t\t\t\t\n<style>\n#image_1153882437 {\n  width: 80%;\n}\n<\/style>\n\t<\/div>\n\t\n\n\n\t\t<\/div>\n\t\t\t\t\t<\/div>\n\n\t\n\n<\/div>\n\n\t\t<\/div>\n\t\t\t\t\t<\/div>\n\n\t\n\n<\/div>\n\n\t\t<\/div>\n\t\t\t\t\t<\/div>\n\n\t\n\n<\/div>\n\n\t\t<\/div>\n\t\t\t\t\t<\/div>\n\n\t\n\n\n<style>\n#row-104511171 > .col > .col-inner {\n  border-radius: 25px;\n}\n<\/style>\n<\/div>\n\n\t\t<\/div>\n\n\t\t\n<style>\n#section_502799924 {\n  padding-top: 30px;\n  padding-bottom: 30px;\n}\n<\/style>\n\t<\/section>\n\t\n\t<section class=\"section\" id=\"section_1771583379\">\n\t\t<div class=\"bg section-bg fill bg-fill  bg-loaded\" >\n\n\t\t\t\n\t\t\t\n\t\t\t\n\n\t\t<\/div>\n\n\t\t\n\n\t\t<div class=\"section-content relative\">\n\t\t\t\n\n<div class=\"row\"  id=\"row-2063426921\">\n\n\n\t<div id=\"col-1605056170\" class=\"col small-12 large-12\"  >\n\t\t\t\t<div class=\"col-inner\"  >\n\t\t\t\n\t\t\t\n\n<div class=\"row\"  id=\"row-1198500625\">\n\n\n\t<div id=\"col-213212070\" class=\"col small-12 large-12\"  >\n\t\t\t\t<div class=\"col-inner\"  >\n\t\t\t\n\t\t\t\n\n<div class=\"row align-middle align-center\"  id=\"row-1559265810\">\n\n\n\t<div id=\"col-978748089\" class=\"col medium-5 small-12 large-5\"  >\n\t\t\t\t<div class=\"col-inner text-center\"  >\n\t\t\t\n\t\t\t\n\n\t<div class=\"img has-hover x md-x lg-x y md-y lg-y\" id=\"image_993562893\">\n\t\t\t\t\t\t\t\t<div class=\"img-inner dark\" >\n\t\t\t<img decoding=\"async\" width=\"600\" height=\"720\" src=\"https:\/\/www.impacttesting.net\/wp-content\/uploads\/2025\/12\/Ball-Drop-Tester.webp\" class=\"attachment-large size-large\" alt=\"Tester pic\u0103tur\u0103 de minge\" srcset=\"https:\/\/www.impacttesting.net\/wp-content\/uploads\/2025\/12\/Ball-Drop-Tester.webp 600w, https:\/\/www.impacttesting.net\/wp-content\/uploads\/2025\/12\/Ball-Drop-Tester-333x400.webp 333w\" sizes=\"(max-width: 600px) 100vw, 600px\" \/>\t\t\t\t\t\t\n\t\t\t\t\t<\/div>\n\t\t\t\t\t\t\t\t\n<style>\n#image_993562893 {\n  width: 100%;\n}\n<\/style>\n\t<\/div>\n\t\n\n\n\t\t<\/div>\n\t\t\t\t\t<\/div>\n\n\t\n\n\t<div id=\"col-425229606\" class=\"col medium-7 small-12 large-7\"  >\n\t\t\t\t<div class=\"col-inner text-left\"  >\n\t\t\t\n\t\t\t\n\n\t<div id=\"text-3282293487\" class=\"text\">\n\t\t\n\n<h2>\u00cen\u021belegerea testerului Ball Drop<\/h2>\n\t\t\n<style>\n#text-3282293487 {\n  font-size: 1.3rem;\n  text-align: left;\n}\n<\/style>\n\t<\/div>\n\t\n<p>Dispozitivul func\u021bioneaz\u0103 prin aruncarea unei bile de o\u021bel cu o mas\u0103 \u0219i un diametru specificate de la o \u00een\u0103l\u021bime predeterminat\u0103 pe epruvet\u0103. Gradul de deteriorare sau de deformare este analizat pentru a evalua rezisten\u021ba la impact. Acest test este deosebit de important \u00een conformitate cu standardele de siguran\u021b\u0103, cum ar fi <strong><a href=\"https:\/\/www.impacttesting.net\/ro\/ansi-z87-1\/\">ANSI Z87.1<\/a> test de impact<\/strong>.<\/p>\n<a href=\"https:\/\/www.impacttesting.net\/ro\/contact-us\/\" class=\"button primary is-outline\"  style=\"border-radius:99px;\">\n    <span>Contacta\u021bi-ne<\/span>\n  <\/a>\n\n\n\n\t\t<\/div>\n\t\t\t\t\t<\/div>\n\n\t\n\n<\/div>\n\n\t\t<\/div>\n\t\t\t\t\t<\/div>\n\n\t\n\n<\/div>\n\n\t\t<\/div>\n\t\t\t\t\t<\/div>\n\n\t\n\n<\/div>\n<div class=\"row\"  id=\"row-1237102824\">\n\n\n\t<div id=\"col-1099325641\" class=\"col small-12 large-12\"  >\n\t\t\t\t<div class=\"col-inner\"  >\n\t\t\t\n\t\t\t\n\n<div class=\"row\"  id=\"row-2006037796\">\n\n\n\t<div id=\"col-1229523415\" class=\"col small-12 large-12\"  >\n\t\t\t\t<div class=\"col-inner\"  >\n\t\t\t\n\t\t\t\n\n\t<div id=\"text-2446684790\" class=\"text\">\n\t\t\n\n<h2>Testul de impact ANSI Z87.1: Cerin\u021be cheie<\/h2>\n\t\t\n<style>\n#text-2446684790 {\n  font-size: 1.3rem;\n  text-align: center;\n}\n<\/style>\n\t<\/div>\n\t\n\n\t\t<\/div>\n\t\t\t\t\t<\/div>\n\n\t\n\n<\/div>\n<div class=\"row align-middle align-center\"  id=\"row-1005061191\">\n\n\n\t<div id=\"col-1852257498\" class=\"col medium-7 small-12 large-7\"  >\n\t\t\t\t<div class=\"col-inner\"  >\n\t\t\t\n\t\t\t\n\n<p>The <strong>Test de impact ANSI Z87.1<\/strong> este o metod\u0103 standardizat\u0103 conceput\u0103 pentru a evalua rezisten\u021ba la impact a ochelarilor de protec\u021bie. Scopul acestui test este de a se asigura c\u0103 ochelarii de protec\u021bie, ochelarii de protec\u021bie \u0219i ecranele faciale \u00eendeplinesc cerin\u021bele minime de siguran\u021b\u0103 pentru a proteja utilizatorii de proiectile de mare vitez\u0103.<\/p>\n<h3>Aparatur\u0103 de testare \u0219i configurare<\/h3>\n<ul>\n<li>Se utilizeaz\u0103 o form\u0103 de cap rigid\u0103 pentru a fixa epruveta \u00eentr-o pozi\u021bie cu fa\u021ba \u00een sus.<\/li>\n<li>A <strong>Bil\u0103 de o\u021bel cu diametrul de 25,4 mm (1.0 in.)<\/strong>, c\u00e2nt\u0103rire <strong>68 g (2,4 oz)<\/strong>, serve\u0219te drept proiectil.<\/li>\n<li>Bila de o\u021bel este eliberat\u0103 dintr-un <strong>\u00een\u0103l\u021bime de 127 cm (50 in.)<\/strong> prin intermediul unui tub ghidat.<\/li>\n<li>Baza capului-manechin are o mas\u0103 de cel pu\u021bin <strong>30 kg (66 lb)<\/strong> pentru a asigura stabilitatea \u00een timpul test\u0103rii.<\/li>\n<\/ul>\n<h3>Procedura de testare<\/h3>\n<ol>\n<li>Specimenul de testare este montat \u00een siguran\u021b\u0103 pe capul-manechin, imit\u00e2nd condi\u021biile reale de utilizare.<\/li>\n<li>Un bloc de sus\u021binere este plasat \u00een spatele specimenului pentru a men\u021bine alinierea corect\u0103.<\/li>\n<li>Bila de o\u021bel este l\u0103sat\u0103 s\u0103 cad\u0103 pe lentil\u0103 sau pe suprafa\u021ba materialului, \u00een linie cu zona ochilor.<\/li>\n<li>Testul se repet\u0103 de patru ori pe diferite puncte ale lentilei pentru acurate\u021be.<\/li>\n<li>Daunele provocate de impact sunt analizate pentru a determina dac\u0103 materialul \u00eendepline\u0219te criteriile de siguran\u021b\u0103.<\/li>\n<\/ol>\n\n\t\t<\/div>\n\t\t\t\t\t<\/div>\n\n\t\n\n\t<div id=\"col-314854214\" class=\"col medium-4 small-12 large-4\"  >\n\t\t\t\t<div class=\"col-inner\"  >\n\t\t\t\n\t\t\t\n\n<div class=\"video video-fit mb\" style=\"padding-top:200%;\"><iframe title=\"Tester de impact cu bil\u0103 c\u0103z\u0103toare pentru filme \u0219i folii din plastic\" width=\"563\" height=\"1000\" src=\"https:\/\/www.youtube.com\/embed\/AvdivZPwIxc?feature=oembed\" frameborder=\"0\" allow=\"accelerometer; autoplay; clipboard-write; encrypted-media; gyroscope; picture-in-picture; web-share\" referrerpolicy=\"strict-origin-when-cross-origin\" allowfullscreen><\/iframe><\/div>\n\n\n\t\t<\/div>\n\t\t\t\t\t<\/div>\n\n\t\n\n<\/div>\n\n\t\t<\/div>\n\t\t\t\t\t<\/div>\n\n\t\n\n<\/div>\n<div class=\"row\"  id=\"row-830534556\">\n\n\n\t<div id=\"col-144635813\" class=\"col small-12 large-12\"  >\n\t\t\t\t<div class=\"col-inner\"  >\n\t\t\t\n\t\t\t\n\n<div class=\"row\"  id=\"row-717905274\">\n\n\n\t<div id=\"col-1530960275\" class=\"col small-12 large-12\"  >\n\t\t\t\t<div class=\"col-inner\"  >\n\t\t\t\n\t\t\t\n\n\t<div id=\"text-2042047871\" class=\"text\">\n\t\t\n\n<h2>FBT-01 Tester de impact pentru s\u0103ge\u021bi c\u0103z\u0103toare<\/h2>\n\t\t\n<style>\n#text-2042047871 {\n  font-size: 1.3rem;\n  text-align: center;\n}\n<\/style>\n\t<\/div>\n\t\n\n\t\t<\/div>\n\t\t\t\t\t<\/div>\n\n\t\n\n<\/div>\n<div class=\"row align-middle align-center\"  id=\"row-230852197\">\n\n\n\t<div id=\"col-832557329\" class=\"col medium-6 small-12 large-6\"  >\n\t\t\t\t<div class=\"col-inner\"  >\n\t\t\t\n\t\t\t\n\n<h3>Caracteristici principale:<\/h3>\n<ul>\n<li><strong>\u00cen\u0103l\u021bime de impact reglabil\u0103<\/strong> pentru scenarii de testare personalizate<\/li>\n<li><strong>Op\u021biuni multiple de m\u0103rime a bilelor<\/strong> pentru diverse aplica\u021bii de testare<\/li>\n<li><strong>Suspensie electromagnetic\u0103 cu bile<\/strong> pentru o sincronizare precis\u0103 a eliber\u0103rii<\/li>\n<li><strong>Fixarea pneumatic\u0103 a probei<\/strong> pentru pozi\u021bionarea sigur\u0103 a specimenului<\/li>\n<li><strong>Afi\u0219are rezultat test multiunitate<\/strong> pentru o interpretare u\u0219oar\u0103 a datelor<\/li>\n<li><strong>Micro-imprimant\u0103 integrat\u0103<\/strong> pentru documentarea rezultatelor la fa\u021ba locului<\/li>\n<li><strong>Software profesional op\u021bional<\/strong> pentru analiza avansat\u0103 a datelor<\/li>\n<\/ul>\n\n\t\t<\/div>\n\t\t\t\t\t<\/div>\n\n\t\n\n\t<div id=\"col-1387515097\" class=\"col medium-6 small-12 large-6\"  >\n\t\t\t\t<div class=\"col-inner\"  >\n\t\t\t\n\t\t\t\n\n<h3>Specifica\u021bii tehnice:<\/h3>\n<ul>\n<li><strong>\u00cen\u0103l\u021bimea impactului<\/strong>: Reglabil de la 300 mm la 600 mm (extensibil \u00een func\u021bie de necesit\u0103\u021bi)<\/li>\n<li><strong>Diametrul bilelor<\/strong>: 23 mm, 25 mm, 28,6 mm, 38,1 mm, 50,8 mm<\/li>\n<li><strong>Acurate\u021be<\/strong>: 0,1g (0,1J)<\/li>\n<li><strong>Dimensiunea specimenului<\/strong>: Minim 150 mm x 150 mm<\/li>\n<li><strong>Alimentarea cu gaz<\/strong>: 0,6 MPa \u021aeav\u0103 PU (\u03a68 mm)<\/li>\n<li><strong>Surs\u0103 de alimentare<\/strong>: AC 110~220V, 50Hz<\/li>\n<\/ul>\n\n\t\t<\/div>\n\t\t\t\t\t<\/div>\n\n\t\n\n<\/div>\n\n\t\t<\/div>\n\t\t\t\t\t<\/div>\n\n\t\n\n<\/div>\n<div class=\"row\"  id=\"row-1520200615\">\n\n\n\t<div id=\"col-1790606985\" class=\"col small-12 large-12\"  >\n\t\t\t\t<div class=\"col-inner\"  >\n\t\t\t\n\t\t\t\n\n<div class=\"row\"  id=\"row-1721874045\">\n\n\n\t<div id=\"col-1331976822\" class=\"col small-12 large-12\"  >\n\t\t\t\t<div class=\"col-inner\"  >\n\t\t\t\n\t\t\t\n\n\t<div id=\"text-1178288333\" class=\"text\">\n\t\t\n\n<h2>Testul de impact al bilei: Factori care influen\u021beaz\u0103 rezultatele<\/h2>\n\t\t\n<style>\n#text-1178288333 {\n  font-size: 1.3rem;\n  text-align: center;\n}\n<\/style>\n\t<\/div>\n\t\n\n\t\t<\/div>\n\t\t\t\t\t<\/div>\n\n\t\n\n\t<div id=\"col-739895083\" class=\"col small-12 large-12\"  >\n\t\t\t\t<div class=\"col-inner\"  >\n\t\t\t\n\t\t\t\n\n<p>Testul de impact cu mingea m\u0103soar\u0103 rezisten\u021ba materialelor la contactul cu for\u021ba cu un obiect care cade. Mai mul\u021bi factori influen\u021beaz\u0103 rezultatele testului:<\/p>\n<h4>1. \u00cen\u0103l\u021bimea pic\u0103turii<\/h4>\n<p>\u00cen\u0103l\u021bimile de c\u0103dere mai mari genereaz\u0103 o energie de impact mai mare, simul\u00e2nd scenarii mai extreme din lumea real\u0103.<\/p>\n<h4>2. M\u0103rimea \u0219i masa bilelor<\/h4>\n<p>Bilele mai mari \u0219i mai grele exercit\u0103 o for\u021b\u0103 mai mare la impact, influen\u021b\u00e2nd c\u00e2t de mult se deformeaz\u0103 sau se rupe un material.<\/p>\n<h4>3. Propriet\u0103\u021bile materialelor<\/h4>\n<p>Rezisten\u021ba, grosimea \u0219i elasticitatea contribuie toate la modul \u00een care un material absoarbe \u0219i disperseaz\u0103 energia de impact.<\/p>\n\n\t\t<\/div>\n\t\t\t\t\t<\/div>\n\n\t\n\n<\/div>\n\n\t\t<\/div>\n\t\t\t\t\t<\/div>\n\n\t\n\n<\/div>\n\n\t\t<\/div>\n\n\t\t\n<style>\n#section_1771583379 {\n  padding-top: 30px;\n  padding-bottom: 30px;\n}\n<\/style>\n\t<\/section>\n\t\n\t<section class=\"section\" id=\"section_1282895702\">\n\t\t<div class=\"bg section-bg fill bg-fill  bg-loaded\" >\n\n\t\t\t\n\t\t\t\n\t\t\t\n\n\t\t<\/div>\n\n\t\t\n\n\t\t<div class=\"section-content relative\">\n\t\t\t\n\n<div class=\"row\"  id=\"row-212399127\">\n\n\n\t<div id=\"col-1424770881\" class=\"col small-12 large-12\"  >\n\t\t\t\t<div class=\"col-inner\"  >\n\t\t\t\n\t\t\t\n\n<div class=\"row align-equal align-center\"  id=\"row-1996423911\">\n\n\n\t<div id=\"col-1943871197\" class=\"col small-12 large-12\"  >\n\t\t\t\t<div class=\"col-inner\"  >\n\t\t\t\n\t\t\t\n\n\t<div id=\"text-1252411508\" class=\"text\">\n\t\t\n\n<h2>De ce s\u0103 alege\u021bi Impacttesting.net's<br \/>FBT-01 Tester de c\u0103dere a mingii<\/h2>\n\t\t\n<style>\n#text-1252411508 {\n  font-size: 1.4rem;\n  text-align: center;\n}\n<\/style>\n\t<\/div>\n\t\n\n\t\t<\/div>\n\t\t\t\t\t<\/div>\n\n\t\n\n\t<div id=\"col-296820908\" class=\"col medium-6 small-12 large-6\"  >\n\t\t\t\t<div class=\"col-inner text-center\"  >\n\t\t\t\n\t\t\t\n\n\t<div id=\"text-4121543327\" class=\"text\">\n\t\t\n\n<p>The <strong>tester pic\u0103tur\u0103 de minge<\/strong> este un instrument esen\u021bial pentru produc\u0103tori \u0219i profesioni\u0219tii din domeniul controlului calit\u0103\u021bii. Acesta ajut\u0103 la asigurarea faptului c\u0103 materialele \u00eendeplinesc cerin\u021bele privind rezisten\u021ba la impact, oferind \u00eencredere \u00een durabilitatea produselor \u0219i siguran\u021ba utilizatorilor. Fie c\u0103 testa\u021bi ochelarii de protec\u021bie \u00een conformitate cu <a href=\"https:\/\/www.impacttesting.net\/ro\/ansi-z87-1\/\"><strong>Standarde ANSI Z87.1<\/strong><\/a> sau desf\u0103\u0219urarea de activit\u0103\u021bi generale <strong>teste de impact cu bile<\/strong>, aceast\u0103 metod\u0103 joac\u0103 un rol esen\u021bial \u00een evaluarea performan\u021bei materialelor.<\/p>\n\t\t\n<style>\n#text-4121543327 {\n  font-size: 1.1rem;\n  line-height: 2;\n}\n<\/style>\n\t<\/div>\n\t\n<a href=\"https:\/\/www.impacttesting.net\/ro\/contact-us\/\" class=\"button primary is-outline\"  style=\"border-radius:99px;\">\n    <span>Contacta\u021bi-ne<\/span>\n  <i class=\"icon-chat\" aria-hidden=\"true\" ><\/i><\/a>\n\n\n\n\t\t<\/div>\n\t\t\t\t\t<\/div>\n\n\t\n\n\t<div id=\"col-1804503460\" class=\"col medium-4 small-12 large-4\"  >\n\t\t\t\t<div class=\"col-inner text-center\"  >\n\t\t\t\n\t\t\t\n\n\n<div class=\"wpcf7 no-js\" id=\"wpcf7-f10-o1\" lang=\"en-US\" dir=\"ltr\" data-wpcf7-id=\"10\">\n<div class=\"screen-reader-response\"><p role=\"status\" aria-live=\"polite\" aria-atomic=\"true\"><\/p> <ul><\/ul><\/div>\n<form action=\"\/ro\/wp-json\/wp\/v2\/pages\/74#wpcf7-f10-o1\" method=\"post\" class=\"wpcf7-form init\" aria-label=\"Contact form\" novalidate=\"novalidate\" data-status=\"init\" data-trp-original-action=\"\/ro\/wp-json\/wp\/v2\/pages\/74#wpcf7-f10-o1\">\n<fieldset class=\"hidden-fields-container\"><input type=\"hidden\" name=\"_wpcf7\" value=\"10\" \/><input type=\"hidden\" name=\"_wpcf7_version\" value=\"6.1.4\" \/><input type=\"hidden\" name=\"_wpcf7_locale\" value=\"en_US\" \/><input type=\"hidden\" name=\"_wpcf7_unit_tag\" value=\"wpcf7-f10-o1\" \/><input type=\"hidden\" name=\"_wpcf7_container_post\" value=\"0\" \/><input type=\"hidden\" name=\"_wpcf7_posted_data_hash\" value=\"\" \/><input type=\"hidden\" name=\"_wpcf7_recaptcha_response\" value=\"\" \/>\n<\/fieldset>\n<p><span class=\"wpcf7-form-control-wrap\" data-name=\"Name\"><input size=\"40\" maxlength=\"400\" class=\"wpcf7-form-control wpcf7-text\" aria-invalid=\"false\" placeholder=\"Numele dvs.\" value=\"\" type=\"text\" name=\"Name\" \/><\/span><br \/>\n<span class=\"wpcf7-form-control-wrap\" data-name=\"Comapany\"><input size=\"40\" maxlength=\"400\" class=\"wpcf7-form-control wpcf7-text\" aria-invalid=\"false\" placeholder=\"Comapania dvs.\" value=\"\" type=\"text\" name=\"Comapany\" \/><\/span><br \/>\n<span class=\"wpcf7-form-control-wrap\" data-name=\"Email\"><input size=\"40\" maxlength=\"400\" class=\"wpcf7-form-control wpcf7-email wpcf7-validates-as-required wpcf7-text wpcf7-validates-as-email\" aria-required=\"true\" aria-invalid=\"false\" placeholder=\"Adresa dvs. de e-mail*\" value=\"\" type=\"email\" name=\"Email\" \/><\/span><br \/>\n<span class=\"wpcf7-form-control-wrap\" data-name=\"Message\"><textarea cols=\"40\" rows=\"10\" maxlength=\"2000\" class=\"wpcf7-form-control wpcf7-textarea\" aria-invalid=\"false\" placeholder=\"Mesaj\" name=\"Message\"><\/textarea><\/span>\n<\/p>\n<p><input class=\"wpcf7-form-control wpcf7-submit has-spinner\" type=\"submit\" value=\"Trimite\" \/>\n<\/p><div class=\"wpcf7-response-output\" aria-hidden=\"true\"><\/div>\n<input type=\"hidden\" name=\"trp-form-language\" value=\"ro\"\/><\/form>\n<\/div>\n\n\n\n\t\t<\/div>\n\t\t\t\t\t<\/div>\n\n\t\n\n<\/div>\n\n\t\t<\/div>\n\t\t\t\t\t<\/div>\n\n\t\n\n<\/div>\n\n\t\t<\/div>\n\n\t\t\n<style>\n#section_1282895702 {\n  padding-top: 30px;\n  padding-bottom: 30px;\n  background-color: rgb(232, 234, 241);\n}\n<\/style>\n\t<\/section>","protected":false},"excerpt":{"rendered":"","protected":false},"author":1,"featured_media":0,"parent":0,"menu_order":0,"comment_status":"closed","ping_status":"closed","template":"page-blank.php","meta":{"footnotes":""},"class_list":["post-74","page","type-page","status-publish","hentry"],"_links":{"self":[{"href":"https:\/\/www.impacttesting.net\/ro\/wp-json\/wp\/v2\/pages\/74","targetHints":{"allow":["GET"]}}],"collection":[{"href":"https:\/\/www.impacttesting.net\/ro\/wp-json\/wp\/v2\/pages"}],"about":[{"href":"https:\/\/www.impacttesting.net\/ro\/wp-json\/wp\/v2\/types\/page"}],"author":[{"embeddable":true,"href":"https:\/\/www.impacttesting.net\/ro\/wp-json\/wp\/v2\/users\/1"}],"replies":[{"embeddable":true,"href":"https:\/\/www.impacttesting.net\/ro\/wp-json\/wp\/v2\/comments?post=74"}],"version-history":[{"count":2,"href":"https:\/\/www.impacttesting.net\/ro\/wp-json\/wp\/v2\/pages\/74\/revisions"}],"predecessor-version":[{"id":78,"href":"https:\/\/www.impacttesting.net\/ro\/wp-json\/wp\/v2\/pages\/74\/revisions\/78"}],"wp:attachment":[{"href":"https:\/\/www.impacttesting.net\/ro\/wp-json\/wp\/v2\/media?parent=74"}],"curies":[{"name":"wp","href":"https:\/\/api.w.org\/{rel}","templated":true}]}}