{"id":59,"date":"2025-12-24T05:33:37","date_gmt":"2025-12-24T05:33:37","guid":{"rendered":"https:\/\/www.impacttesting.net\/?page_id=59"},"modified":"2025-12-24T06:11:16","modified_gmt":"2025-12-24T06:11:16","slug":"astm-d3420","status":"publish","type":"page","link":"https:\/\/www.impacttesting.net\/ro\/astm-d3420\/","title":{"rendered":"ASTM D3420"},"content":{"rendered":"<section class=\"section\" id=\"section_326303683\">\n\t\t<div class=\"bg section-bg fill bg-fill  bg-loaded\" >\n\n\t\t\t\n\t\t\t\n\t\t\t\n\n\t\t<\/div>\n\n\t\t\n\n\t\t<div class=\"section-content relative\">\n\t\t\t\n\n<div class=\"row\"  id=\"row-1021447115\">\n\n\n\t<div id=\"col-2120884114\" class=\"col small-12 large-12\"  >\n\t\t\t\t<div class=\"col-inner\" style=\"background-color:rgb(92, 171, 188);\" >\n\t\t\t\n\t\t\t\n\n<div class=\"row\"  id=\"row-877741892\">\n\n\n\t<div id=\"col-2137687513\" class=\"col small-12 large-12\"  >\n\t\t\t\t<div class=\"col-inner\"  >\n\t\t\t\n\t\t\t\n\n\t<div id=\"text-887800692\" class=\"text\">\n\t\t\n\n<h1>ASTM D1709<\/h1>\n\t\t\n<style>\n#text-887800692 {\n  font-size: 1.5rem;\n  text-align: center;\n}\n<\/style>\n\t<\/div>\n\t\n\t<div id=\"text-3367118303\" class=\"text\">\n\t\t\n\n<h2>Rezisten\u021ba la impact Pendulum a foliei din plastic<\/h2>\n\t\t\n<style>\n#text-3367118303 {\n  text-align: center;\n}\n<\/style>\n\t<\/div>\n\t\n\n\t\t<\/div>\n\t\t\t\t\n<style>\n#col-2137687513 > .col-inner {\n  padding: 50px 10px 10px 10px;\n}\n<\/style>\n\t<\/div>\n\n\t\n\n<\/div>\n<div class=\"row align-middle align-center\"  id=\"row-2091303657\">\n\n\n\t<div id=\"col-1037478473\" class=\"col medium-11 small-12 large-11\"  >\n\t\t\t\t<div class=\"col-inner\"  >\n\t\t\t\n\t\t\t\n\n<div class=\"row align-middle align-center\"  id=\"row-456214458\">\n\n\n\t<div id=\"col-1650437733\" class=\"col medium-7 small-12 large-7\"  >\n\t\t\t\t<div class=\"col-inner\"  >\n\t\t\t\n\t\t\t\n\n<div class=\"row\"  id=\"row-335058555\">\n\n\n\t<div id=\"col-1010033832\" class=\"col small-12 large-12\"  >\n\t\t\t\t<div class=\"col-inner text-center\"  >\n\t\t\t\n\t\t\t\n\n\t<div id=\"text-294643716\" class=\"text\">\n\t\t\n\n<p>Rezisten\u021ba la impact joac\u0103 un rol esen\u021bial \u00een evaluarea durabilit\u0103\u021bii \u0219i performan\u021bei unui material supus unor solicit\u0103ri bru\u0219te. <a href=\"https:\/\/www.impacttesting.net\/ro\/astm-d3420\/\"><strong>ASTM D3420<\/strong><\/a>, metoda standard de testare pentru <strong>Rezisten\u021ba la impact Pendulum a foliei din plastic<\/strong>, ofer\u0103 un punct de referin\u021b\u0103 esen\u021bial pentru determinarea rezisten\u021bei filmelor din plastic. Aceast\u0103 metod\u0103 este deosebit de valoroas\u0103 pentru inginerii de ambalare, cercet\u0103torii \u00een domeniul materialelor \u0219i profesioni\u0219tii din domeniul controlului calit\u0103\u021bii care doresc s\u0103 se asigure c\u0103 foliile \u00eendeplinesc cerin\u021bele de performan\u021b\u0103 specifice aplica\u021biilor.<\/p>\n\t\t\n<style>\n#text-294643716 {\n  color: rgb(0, 0, 0);\n}\n#text-294643716 > * {\n  color: rgb(0, 0, 0);\n}\n<\/style>\n\t<\/div>\n\t\n\n\t\t<\/div>\n\t\t\t\t\t<\/div>\n\n\t\n\n\t<div id=\"col-44443538\" class=\"col small-12 large-12\"  >\n\t\t\t\t<div class=\"col-inner text-center\"  >\n\t\t\t\n\t\t\t\n\n<a href=\"https:\/\/www.impacttesting.net\/ro\/contact-us\/\" class=\"button primary is-outline\"  style=\"border-radius:99px;\">\n    <span>Contacta\u021bi-ne<\/span>\n  <i class=\"icon-chat\" aria-hidden=\"true\" ><\/i><\/a>\n\n\n\n\t\t<\/div>\n\t\t\t\t\t<\/div>\n\n\t\n\n<\/div>\n\n\t\t<\/div>\n\t\t\t\t\t<\/div>\n\n\t\n\n\t<div id=\"col-236570964\" class=\"col medium-5 small-12 large-5\"  >\n\t\t\t\t<div class=\"col-inner\"  >\n\t\t\t\n\t\t\t\n\n<div class=\"row\"  id=\"row-1038498330\">\n\n\n\t<div id=\"col-920966353\" class=\"col small-12 large-12\"  >\n\t\t\t\t<div class=\"col-inner\"  >\n\t\t\t\n\t\t\t\n\n\t<div class=\"img has-hover x md-x lg-x y md-y lg-y\" id=\"image_17422132\">\n\t\t<a class=\"\" href=\"https:\/\/www.impacttesting.net\/ro\/falling-dart-impact-tester\/\" >\t\t\t\t\t\t<div class=\"img-inner dark\" >\n\t\t\t<img decoding=\"async\" width=\"600\" height=\"440\" src=\"https:\/\/www.impacttesting.net\/wp-content\/uploads\/2025\/12\/ASTM-D3420-Pendulum-Impact-Resistance-of-Plastic-Film.webp\" class=\"attachment-large size-large\" alt=\"ASTM D3420 Rezisten\u021ba la impact Pendulum a filmului din plastic\" srcset=\"https:\/\/www.impacttesting.net\/wp-content\/uploads\/2025\/12\/ASTM-D3420-Pendulum-Impact-Resistance-of-Plastic-Film.webp 600w, https:\/\/www.impacttesting.net\/wp-content\/uploads\/2025\/12\/ASTM-D3420-Pendulum-Impact-Resistance-of-Plastic-Film-545x400.webp 545w\" sizes=\"(max-width: 600px) 100vw, 600px\" \/>\t\t\t\t\t\t\n\t\t\t\t\t<\/div>\n\t\t\t\t\t\t<\/a>\t\t\n<style>\n#image_17422132 {\n  width: 100%;\n}\n<\/style>\n\t<\/div>\n\t\n\n\n\t\t<\/div>\n\t\t\t\t\t<\/div>\n\n\t\n\n<\/div>\n\n\t\t<\/div>\n\t\t\t\t\t<\/div>\n\n\t\n\n<\/div>\n\n\t\t<\/div>\n\t\t\t\t\t<\/div>\n\n\t\n\n<\/div>\n\n\t\t<\/div>\n\t\t\t\t\t<\/div>\n\n\t\n\n\n<style>\n#row-1021447115 > .col > .col-inner {\n  border-radius: 25px;\n}\n<\/style>\n<\/div>\n\n\t\t<\/div>\n\n\t\t\n<style>\n#section_326303683 {\n  padding-top: 30px;\n  padding-bottom: 30px;\n}\n<\/style>\n\t<\/section>\n\t\n\t<section class=\"section\" id=\"section_31250658\">\n\t\t<div class=\"bg section-bg fill bg-fill  bg-loaded\" >\n\n\t\t\t\n\t\t\t\n\t\t\t\n\n\t\t<\/div>\n\n\t\t\n\n\t\t<div class=\"section-content relative\">\n\t\t\t\n\n<div class=\"row\"  id=\"row-982166937\">\n\n\n\t<div id=\"col-1633807603\" class=\"col small-12 large-12\"  >\n\t\t\t\t<div class=\"col-inner\"  >\n\t\t\t\n\t\t\t\n\n<div class=\"row\"  id=\"row-1759090082\">\n\n\n\t<div id=\"col-986442108\" class=\"col small-12 large-12\"  >\n\t\t\t\t<div class=\"col-inner\"  >\n\t\t\t\n\t\t\t\n\n\t<div id=\"text-2597801943\" class=\"text\">\n\t\t\n\n<h2>ASTM D3420 \u0219i importan\u021ba sa<\/h2>\n\t\t\n<style>\n#text-2597801943 {\n  font-size: 1.3rem;\n  text-align: center;\n}\n<\/style>\n\t<\/div>\n\t\n\n\t\t<\/div>\n\t\t\t\t\t<\/div>\n\n\t\n\n\t<div id=\"col-1223217310\" class=\"col small-12 large-12\"  >\n\t\t\t\t<div class=\"col-inner\"  >\n\t\t\t\n\t\t\t\n\n<p>Standardul ASTM D3420 define\u0219te o metod\u0103 de m\u0103surare a energiei necesare pentru perforarea unui specimen de folie de plastic cu ajutorul unui aparat cu pendul. Energia cinetic\u0103 a pendulului imit\u0103 for\u021bele reale cu care se poate confrunta o folie, cum ar fi \u00een timpul ambal\u0103rii, transportului sau manipul\u0103rii. Rezultatul reflect\u0103 comportamentul dinamic la trac\u021biune al foliei, oferind o evaluare mai realist\u0103 dec\u00e2t testele statice la trac\u021biune.<\/p>\n\n\t\t<\/div>\n\t\t\t\t\t<\/div>\n\n\t\n\n\t<div id=\"col-46252930\" class=\"col small-12 large-12\"  >\n\t\t\t\t<div class=\"col-inner\"  >\n\t\t\t\n\t\t\t\n\n\t<div id=\"text-1418114447\" class=\"text\">\n\t\t\n\n<h3>ASTM D3420 - Standarde ASTM pentru testarea la impact a materialelor plastice<\/h3>\n\t\t\n<style>\n#text-1418114447 {\n  text-align: center;\n}\n<\/style>\n\t<\/div>\n\t\n\n\t\t<\/div>\n\t\t\t\t\t<\/div>\n\n\t\n\n\t<div id=\"col-2076995278\" class=\"col small-12 large-12\"  >\n\t\t\t\t<div class=\"col-inner\"  >\n\t\t\t\n\t\t\t\n\n<p>ASTM D3420 se concentreaz\u0103 \u00een special pe <strong>rezisten\u021b\u0103 la impact prin pendulare<\/strong>, f\u0103c\u00e2ndu-l unul dintre cele mai relevante <strong>Standarde ASTM pentru testarea la impact a materialelor plastice<\/strong>. \u00cen timp ce alte metode precum ASTM D1709 sau D4272 testeaz\u0103 propriet\u0103\u021bi similare, D3420 este deosebit de avantajoas\u0103 deoarece:<\/p>\n<ul>\n<li>Acesta permite testarea dinamic\u0103 la rate de deformare mai mari.<\/li>\n<li>Acesta ofer\u0103 dou\u0103 proceduri de testare (procedura A \u0219i procedura B) cu dimensiuni diferite ale probelor \u0219i sondei.<\/li>\n<li>Acesta ofer\u0103 rezultate bazate pe energie, oferind o perspectiv\u0103 asupra ini\u021bierii \u0219i propag\u0103rii defec\u021biunilor.<\/li>\n<\/ul>\n<p>Acest standard este utilizat pe scar\u0103 larg\u0103 \u00een evaluarea filmelor fabricate din <strong>polietilen\u0103, polipropilen\u0103, PET<\/strong>\u0219i alte materiale obi\u0219nuite de ambalare.<\/p>\n\n\t\t<\/div>\n\t\t\t\t\t<\/div>\n\n\t\n\n<\/div>\n\n\t\t<\/div>\n\t\t\t\t\t<\/div>\n\n\t\n\n<\/div>\n<div class=\"row\"  id=\"row-69598115\">\n\n\n\t<div id=\"col-237290772\" class=\"col small-12 large-12\"  >\n\t\t\t\t<div class=\"col-inner\"  >\n\t\t\t\n\t\t\t\n\n<div class=\"row\"  id=\"row-1976222331\">\n\n\n\t<div id=\"col-599427636\" class=\"col small-12 large-12\"  >\n\t\t\t\t<div class=\"col-inner\"  >\n\t\t\t\n\t\t\t\n\n\t<div id=\"text-1758451990\" class=\"text\">\n\t\t\n\n<h2>Tester de impact cu pendul aferent<\/h2>\n\t\t\n<style>\n#text-1758451990 {\n  font-size: 1.3rem;\n  text-align: center;\n}\n<\/style>\n\t<\/div>\n\t\n\n\t\t<\/div>\n\t\t\t\t\t<\/div>\n\n\t\n\n<\/div>\n<div class=\"row\"  id=\"row-133515562\">\n\n\n\t<div id=\"col-1862423297\" class=\"col medium-6 small-12 large-6\"  >\n\t\t\t\t<div class=\"col-inner\"  >\n\t\t\t\n\t\t\t\n\n<h3>Aparatur\u0103 de testare \u0219i configurare<\/h3>\n<p>Pentru a efectua testele ASTM D3420, ve\u021bi avea nevoie de un tester de impact cu pendul calibrat. Testul <a href=\"https:\/\/www.impacttesting.net\/ro\/pendulum-impact-tester\/\"><strong>Tester de impact cu pendul PIT-01<\/strong><\/a> de la <strong>Cell Instruments<\/strong> este o solu\u021bie excelent\u0103 care respect\u0103 pe deplin cerin\u021bele ASTM D3420 \u0219i ofer\u0103:<\/p>\n<ul>\n<li>M\u0103surare de \u00eenalt\u0103 precizie a energiei (0,5 J p\u00e2n\u0103 la 5,0 J)<\/li>\n<li>Greut\u0103\u021bi op\u021bionale pentru intervale de testare flexibile<\/li>\n<li>Afi\u0219aj digital pentru facilitarea capt\u0103rii datelor<\/li>\n<li>Dou\u0103 capete de impact interschimbabile pentru procedura A (deschidere de 60 mm) \u0219i procedura B (deschidere de 89 mm)<\/li>\n<\/ul>\n<p>Testerul trebuie montat pe o suprafa\u021b\u0103 plan\u0103, cu o ancorare adecvat\u0103 pentru testele cu energie mai mare.<\/p>\n\n\t\t<\/div>\n\t\t\t\t\t<\/div>\n\n\t\n\n\t<div id=\"col-22214062\" class=\"col medium-6 small-12 large-6\"  >\n\t\t\t\t<div class=\"col-inner\"  >\n\t\t\t\n\t\t\t\n\n<h3>Preg\u0103tirea \u0219i condi\u021bionarea probelor<\/h3>\n<p>Preg\u0103tirea corect\u0103 a specimenului asigur\u0103 rezultate precise \u0219i repetabile. Urma\u021bi ace\u0219ti pa\u0219i:<\/p>\n<ul>\n<li><strong>Tip de specimen<\/strong>: Utiliza\u021bi probe de film circulare sau p\u0103trate cu diametrul de 100 mm sau 100\u00d7100 mm.<\/li>\n<li><strong>Grosime<\/strong>: M\u0103sura\u021bi cu un micrometru p\u00e2n\u0103 la cel mai apropiat 0,00125 mm.<\/li>\n<li><strong>Condi\u021bionare<\/strong>: Precondi\u021biona\u021bi probele la 23 \u00b1 2\u00b0C \u0219i 50 \u00b1 10% umiditate relativ\u0103 (conform ASTM D618) timp de cel pu\u021bin 40 de ore.<\/li>\n<\/ul>\n<p>Asigura\u021bi-v\u0103 c\u0103 specimenele sunt <strong>f\u0103r\u0103 falduri, defecte sau grosime neuniform\u0103<\/strong>, ceea ce ar putea distorsiona rezultatele.<\/p>\n\n\t\t<\/div>\n\t\t\t\t\t<\/div>\n\n\t\n\n<\/div>\n\n\t\t<\/div>\n\t\t\t\t\t<\/div>\n\n\t\n\n<\/div>\n<div class=\"row\"  id=\"row-1476077313\">\n\n\n\t<div id=\"col-1564379150\" class=\"col small-12 large-12\"  >\n\t\t\t\t<div class=\"col-inner\"  >\n\t\t\t\n\t\t\t\n\n<div class=\"row\"  id=\"row-105738826\">\n\n\n\t<div id=\"col-1492728354\" class=\"col small-12 large-12\"  >\n\t\t\t\t<div class=\"col-inner\"  >\n\t\t\t\n\t\t\t\n\n<div class=\"row\"  id=\"row-1558645611\">\n\n\n\t<div id=\"col-1057409243\" class=\"col small-12 large-12\"  >\n\t\t\t\t<div class=\"col-inner\"  >\n\t\t\t\n\t\t\t\n\n\t<div id=\"text-1014344731\" class=\"text\">\n\t\t\n\n<h2>Prezentare general\u0103 a procedurii de testare a impactului pendulului<\/h2>\n\t\t\n<style>\n#text-1014344731 {\n  font-size: 1.3rem;\n  text-align: center;\n}\n<\/style>\n\t<\/div>\n\t\n\n\t\t<\/div>\n\t\t\t\t\t<\/div>\n\n\t\n\n<\/div>\n<div class=\"row align-bottom align-center\"  id=\"row-117637819\">\n\n\n\t<div id=\"col-1322558176\" class=\"col medium-7 small-12 large-7\"  >\n\t\t\t\t<div class=\"col-inner\"  >\n\t\t\t\n\t\t\t\n\n<ol>\n<li><strong>Prinde\u021bi specimenul<\/strong> \u00eentre dou\u0103 pl\u0103ci circulare.<\/li>\n<li><strong>Ridica\u021bi \u0219i fixa\u021bi pendulul<\/strong> la pozi\u021bia sa ini\u021bial\u0103.<\/li>\n<li><strong>Reseta\u021bi citirea<\/strong> \u0219i verifica\u021bi alinierea corect\u0103.<\/li>\n<li><strong>Elibera\u021bi pendulul<\/strong> pentru a lovi centrul specimenului.<\/li>\n<li><strong>Citi\u021bi valoarea energiei<\/strong> din cadranul digital sau analogic.<\/li>\n<\/ol>\n<p>Repeta\u021bi acest test pe cel pu\u021bin cinci exemplare pentru a ob\u021bine o valoare medie pentru raportare.<\/p>\n<p>Not\u0103: Dac\u0103 pendulul nu reu\u0219e\u0219te s\u0103 perforeze filmul, cre\u0219te\u021bi energia de impact prin ad\u0103ugarea de greut\u0103\u021bi auxiliare sau prin utilizarea unei probe mai sub\u021biri.<\/p>\n\n\t\t<\/div>\n\t\t\t\t\t<\/div>\n\n\t\n\n\t<div id=\"col-2142569002\" class=\"col medium-5 small-12 large-5\"  >\n\t\t\t\t<div class=\"col-inner\"  >\n\t\t\t\n\t\t\t\n\n<div class=\"video video-fit mb\" style=\"padding-top:56.25%;\"><iframe title=\"ASTM D3420 Tester de impact Pendulum pentru filme din plastic Foi de impact Tester\" width=\"1020\" height=\"574\" src=\"https:\/\/www.youtube.com\/embed\/vEx4esxMESw?feature=oembed\" frameborder=\"0\" allow=\"accelerometer; autoplay; clipboard-write; encrypted-media; gyroscope; picture-in-picture; web-share\" referrerpolicy=\"strict-origin-when-cross-origin\" allowfullscreen><\/iframe><\/div>\n\n\n\t\t<\/div>\n\t\t\t\t\t<\/div>\n\n\t\n\n<\/div>\n\n\t\t<\/div>\n\t\t\t\t\t<\/div>\n\n\t\n\n<\/div>\n\n\t\t<\/div>\n\t\t\t\t\t<\/div>\n\n\t\n\n<\/div>\n<div class=\"row\"  id=\"row-913970116\">\n\n\n\t<div id=\"col-352080855\" class=\"col small-12 large-12\"  >\n\t\t\t\t<div class=\"col-inner\"  >\n\t\t\t\n\t\t\t\n\n<div class=\"row\"  id=\"row-1808409338\">\n\n\n\t<div id=\"col-195538220\" class=\"col small-12 large-12\"  >\n\t\t\t\t<div class=\"col-inner\"  >\n\t\t\t\n\t\t\t\n\n<div class=\"row\"  id=\"row-508220528\">\n\n\n\t<div id=\"col-1840943264\" class=\"col small-12 large-12\"  >\n\t\t\t\t<div class=\"col-inner\"  >\n\t\t\t\n\t\t\t\n\n\t<div id=\"text-2640991546\" class=\"text\">\n\t\t\n\n<h2>Interpretarea datelor \u0219i analiza rezultatelor<\/h2>\n\t\t\n<style>\n#text-2640991546 {\n  font-size: 1.3rem;\n  text-align: center;\n}\n<\/style>\n\t<\/div>\n\t\n\n\t\t<\/div>\n\t\t\t\t\t<\/div>\n\n\t\n\n<\/div>\n<div class=\"row align-middle align-center\"  id=\"row-1931422084\">\n\n\n\t<div id=\"col-425614291\" class=\"col medium-5 small-12 large-5\"  >\n\t\t\t\t<div class=\"col-inner\"  >\n\t\t\t\n\t\t\t\n\n<ol>\n<li>Rezultatul final reprezint\u0103 energia (\u00een jouli) necesar\u0103 pentru perforarea peliculei. Aceasta este o m\u0103sur\u0103 direct\u0103 a rezisten\u021bei la impact a materialului. Valorile mai mari indic\u0103 folii mai rezistente.<\/li>\n<li>Atunci c\u00e2nd se compar\u0103 materiale sau loturi, este esen\u021bial s\u0103 se asigure uniformitatea grosimii, a condi\u021biilor de mediu \u0219i a set\u0103rilor clemei pentru a elimina variabilitatea.<\/li>\n<\/ol>\n\n\t\t<\/div>\n\t\t\t\t\t<\/div>\n\n\t\n\n\t<div id=\"col-769201857\" class=\"col medium-5 small-12 large-5\"  >\n\t\t\t\t<div class=\"col-inner\"  >\n\t\t\t\n\t\t\t\n\n\t<div class=\"img has-hover x md-x lg-x y md-y lg-y\" id=\"image_572116201\">\n\t\t\t\t\t\t\t\t<div class=\"img-inner dark\" >\n\t\t\t<img decoding=\"async\" width=\"600\" height=\"440\" src=\"https:\/\/www.impacttesting.net\/wp-content\/uploads\/2025\/12\/ASTM-D3420-Pendulum-Impact-Resistance-of-Plastic-Film.webp\" class=\"attachment-large size-large\" alt=\"ASTM D3420 Rezisten\u021ba la impact Pendulum a filmului din plastic\" srcset=\"https:\/\/www.impacttesting.net\/wp-content\/uploads\/2025\/12\/ASTM-D3420-Pendulum-Impact-Resistance-of-Plastic-Film.webp 600w, https:\/\/www.impacttesting.net\/wp-content\/uploads\/2025\/12\/ASTM-D3420-Pendulum-Impact-Resistance-of-Plastic-Film-545x400.webp 545w\" sizes=\"(max-width: 600px) 100vw, 600px\" \/>\t\t\t\t\t\t\n\t\t\t\t\t<\/div>\n\t\t\t\t\t\t\t\t\n<style>\n#image_572116201 {\n  width: 100%;\n}\n<\/style>\n\t<\/div>\n\t\n\n\n\t\t<\/div>\n\t\t\t\t\t<\/div>\n\n\t\n\n<\/div>\n\n\t\t<\/div>\n\t\t\t\t\t<\/div>\n\n\t\n\n<\/div>\n\n\t\t<\/div>\n\t\t\t\t\t<\/div>\n\n\t\n\n<\/div>\n\n\t\t<\/div>\n\n\t\t\n<style>\n#section_31250658 {\n  padding-top: 30px;\n  padding-bottom: 30px;\n}\n<\/style>\n\t<\/section>\n\t\n\t<section class=\"section\" id=\"section_1174315372\">\n\t\t<div class=\"bg section-bg fill bg-fill  bg-loaded\" >\n\n\t\t\t\n\t\t\t\n\t\t\t\n\n\t\t<\/div>\n\n\t\t\n\n\t\t<div class=\"section-content relative\">\n\t\t\t\n\n<div class=\"row\"  id=\"row-268427240\">\n\n\n\t<div id=\"col-192690098\" class=\"col small-12 large-12\"  >\n\t\t\t\t<div class=\"col-inner\"  >\n\t\t\t\n\t\t\t\n\n<div class=\"row align-center\"  id=\"row-124752158\">\n\n\n\t<div id=\"col-2095288866\" class=\"col small-12 large-12\"  >\n\t\t\t\t<div class=\"col-inner\"  >\n\t\t\t\n\t\t\t\n\n\t<div id=\"text-293530854\" class=\"text\">\n\t\t\n\n<h2>De ce s\u0103 alege\u021bi Impacttesting.net's<br \/>Tester de impact cu pendul PIT-01<\/h2>\n\t\t\n<style>\n#text-293530854 {\n  font-size: 1.4rem;\n  text-align: center;\n}\n<\/style>\n\t<\/div>\n\t\n\n\t\t<\/div>\n\t\t\t\t\t<\/div>\n\n\t\n\n\t<div id=\"col-1348868776\" class=\"col small-12 large-12\"  >\n\t\t\t\t<div class=\"col-inner\"  >\n\t\t\t\n\t\t\t\n\n<p>The <a href=\"https:\/\/www.impacttesting.net\/ro\/pendulum-impact-tester\/\"><strong>Tester de impact cu pendul PIT-01<\/strong><\/a> de la Impacttesting.net este inginerie avansat\u0103 \u0219i interfa\u021b\u0103 u\u0219or de utilizat face ideal pentru:<\/p>\n\n\t\t<\/div>\n\t\t\t\t\t<\/div>\n\n\t\n\n\t<div id=\"col-1782907580\" class=\"col medium-7 small-12 large-7\"  >\n\t\t\t\t<div class=\"col-inner text-center\"  >\n\t\t\t\n\t\t\t\n\n\t<div id=\"text-4027759285\" class=\"text\">\n\t\t\n\n<p>Controlul calit\u0103\u021bii foliilor de ambalaj<br \/>Teste de laborator pentru cercetare \u0219i dezvoltare<br \/>Conformitatea cu <a href=\"https:\/\/www.impacttesting.net\/ro\/astm-d3420\/\"><strong>ASTM D3420<\/strong><\/a> \u0219i standardele aferente<\/p>\n\t\t\n<style>\n#text-4027759285 {\n  font-size: 1.1rem;\n  line-height: 1.3;\n}\n<\/style>\n\t<\/div>\n\t\n\t<div id=\"text-3712472591\" class=\"text\">\n\t\t\n\n<p>Prin adoptarea PIT-01, utilizatorii dob\u00e2ndesc \u00eencredere \u00een <strong>acurate\u021be, repetabilitate \u0219i eficien\u021b\u0103<\/strong> a proceselor lor de testare a impactului.<\/p>\n\t\t\n<style>\n#text-3712472591 {\n  font-size: 1.1rem;\n}\n<\/style>\n\t<\/div>\n\t\n<a href=\"https:\/\/www.impacttesting.net\/ro\/contact-us\/\" class=\"button primary is-outline\"  style=\"border-radius:99px;\">\n    <span>Contacta\u021bi-ne<\/span>\n  <i class=\"icon-chat\" aria-hidden=\"true\" ><\/i><\/a>\n\n\n\n\t\t<\/div>\n\t\t\t\t\t<\/div>\n\n\t\n\n\t<div id=\"col-2016538276\" class=\"col medium-4 small-12 large-4\"  >\n\t\t\t\t<div class=\"col-inner text-center\"  >\n\t\t\t\n\t\t\t\n\n\n<div class=\"wpcf7 no-js\" id=\"wpcf7-f10-o1\" lang=\"en-US\" dir=\"ltr\" data-wpcf7-id=\"10\">\n<div class=\"screen-reader-response\"><p role=\"status\" aria-live=\"polite\" aria-atomic=\"true\"><\/p> <ul><\/ul><\/div>\n<form action=\"\/ro\/wp-json\/wp\/v2\/pages\/59#wpcf7-f10-o1\" method=\"post\" class=\"wpcf7-form init\" aria-label=\"Contact form\" novalidate=\"novalidate\" data-status=\"init\" data-trp-original-action=\"\/ro\/wp-json\/wp\/v2\/pages\/59#wpcf7-f10-o1\">\n<fieldset class=\"hidden-fields-container\"><input type=\"hidden\" name=\"_wpcf7\" value=\"10\" \/><input type=\"hidden\" name=\"_wpcf7_version\" value=\"6.1.4\" \/><input type=\"hidden\" name=\"_wpcf7_locale\" value=\"en_US\" \/><input type=\"hidden\" name=\"_wpcf7_unit_tag\" value=\"wpcf7-f10-o1\" \/><input type=\"hidden\" name=\"_wpcf7_container_post\" value=\"0\" \/><input type=\"hidden\" name=\"_wpcf7_posted_data_hash\" value=\"\" \/><input type=\"hidden\" name=\"_wpcf7_recaptcha_response\" value=\"\" \/>\n<\/fieldset>\n<p><span class=\"wpcf7-form-control-wrap\" data-name=\"Name\"><input size=\"40\" maxlength=\"400\" class=\"wpcf7-form-control wpcf7-text\" aria-invalid=\"false\" placeholder=\"Numele dvs.\" value=\"\" type=\"text\" name=\"Name\" \/><\/span><br \/>\n<span class=\"wpcf7-form-control-wrap\" data-name=\"Comapany\"><input size=\"40\" maxlength=\"400\" class=\"wpcf7-form-control wpcf7-text\" aria-invalid=\"false\" placeholder=\"Comapania dvs.\" value=\"\" type=\"text\" name=\"Comapany\" \/><\/span><br \/>\n<span class=\"wpcf7-form-control-wrap\" data-name=\"Email\"><input size=\"40\" maxlength=\"400\" class=\"wpcf7-form-control wpcf7-email wpcf7-validates-as-required wpcf7-text wpcf7-validates-as-email\" aria-required=\"true\" aria-invalid=\"false\" placeholder=\"Adresa dvs. de e-mail*\" value=\"\" type=\"email\" name=\"Email\" \/><\/span><br \/>\n<span class=\"wpcf7-form-control-wrap\" data-name=\"Message\"><textarea cols=\"40\" rows=\"10\" maxlength=\"2000\" class=\"wpcf7-form-control wpcf7-textarea\" aria-invalid=\"false\" placeholder=\"Mesaj\" name=\"Message\"><\/textarea><\/span>\n<\/p>\n<p><input class=\"wpcf7-form-control wpcf7-submit has-spinner\" type=\"submit\" value=\"Trimite\" \/>\n<\/p><div class=\"wpcf7-response-output\" aria-hidden=\"true\"><\/div>\n<input type=\"hidden\" name=\"trp-form-language\" value=\"ro\"\/><\/form>\n<\/div>\n\n\n\n\t\t<\/div>\n\t\t\t\t\t<\/div>\n\n\t\n\n<\/div>\n\n\t\t<\/div>\n\t\t\t\t\t<\/div>\n\n\t\n\n<\/div>\n\n\t\t<\/div>\n\n\t\t\n<style>\n#section_1174315372 {\n  padding-top: 30px;\n  padding-bottom: 30px;\n  background-color: rgb(232, 234, 241);\n}\n<\/style>\n\t<\/section>","protected":false},"excerpt":{"rendered":"","protected":false},"author":1,"featured_media":0,"parent":0,"menu_order":0,"comment_status":"closed","ping_status":"closed","template":"page-blank.php","meta":{"footnotes":""},"class_list":["post-59","page","type-page","status-publish","hentry"],"_links":{"self":[{"href":"https:\/\/www.impacttesting.net\/ro\/wp-json\/wp\/v2\/pages\/59","targetHints":{"allow":["GET"]}}],"collection":[{"href":"https:\/\/www.impacttesting.net\/ro\/wp-json\/wp\/v2\/pages"}],"about":[{"href":"https:\/\/www.impacttesting.net\/ro\/wp-json\/wp\/v2\/types\/page"}],"author":[{"embeddable":true,"href":"https:\/\/www.impacttesting.net\/ro\/wp-json\/wp\/v2\/users\/1"}],"replies":[{"embeddable":true,"href":"https:\/\/www.impacttesting.net\/ro\/wp-json\/wp\/v2\/comments?post=59"}],"version-history":[{"count":5,"href":"https:\/\/www.impacttesting.net\/ro\/wp-json\/wp\/v2\/pages\/59\/revisions"}],"predecessor-version":[{"id":75,"href":"https:\/\/www.impacttesting.net\/ro\/wp-json\/wp\/v2\/pages\/59\/revisions\/75"}],"wp:attachment":[{"href":"https:\/\/www.impacttesting.net\/ro\/wp-json\/wp\/v2\/media?parent=59"}],"curies":[{"name":"wp","href":"https:\/\/api.w.org\/{rel}","templated":true}]}}