{"id":48,"date":"2025-12-24T03:25:25","date_gmt":"2025-12-24T03:25:25","guid":{"rendered":"https:\/\/www.impacttesting.net\/?page_id=48"},"modified":"2025-12-24T05:48:32","modified_gmt":"2025-12-24T05:48:32","slug":"pendulum-impact-tester","status":"publish","type":"page","link":"https:\/\/www.impacttesting.net\/ro\/pendulum-impact-tester\/","title":{"rendered":"Tester de impact cu pendul PIT-01"},"content":{"rendered":"<section class=\"section\" id=\"section_412549362\">\n\t\t<div class=\"bg section-bg fill bg-fill  bg-loaded\" >\n\n\t\t\t\n\t\t\t\n\t\t\t\n\n\t\t<\/div>\n\n\t\t\n\n\t\t<div class=\"section-content relative\">\n\t\t\t\n\n<div class=\"row\"  id=\"row-1980408500\">\n\n\n\t<div id=\"col-932241104\" class=\"col small-12 large-12\"  >\n\t\t\t\t<div class=\"col-inner\" style=\"background-color:rgb(92, 171, 188);\" >\n\t\t\t\n\t\t\t\n\n<div class=\"row\"  id=\"row-2099203603\">\n\n\n\t<div id=\"col-823264658\" class=\"col small-12 large-12\"  >\n\t\t\t\t<div class=\"col-inner\"  >\n\t\t\t\n\t\t\t\n\n\t<div id=\"text-3815480829\" class=\"text\">\n\t\t\n\n<h1>Tester de impact cu pendul PIT-01<\/h1>\n\t\t\n<style>\n#text-3815480829 {\n  font-size: 1.5rem;\n  text-align: center;\n}\n<\/style>\n\t<\/div>\n\t\n\n\t\t<\/div>\n\t\t\t\t\n<style>\n#col-823264658 > .col-inner {\n  padding: 50px 10px 10px 10px;\n}\n<\/style>\n\t<\/div>\n\n\t\n\n<\/div>\n<div class=\"row align-middle align-center\"  id=\"row-25499593\">\n\n\n\t<div id=\"col-548663266\" class=\"col medium-11 small-12 large-11\"  >\n\t\t\t\t<div class=\"col-inner\"  >\n\t\t\t\n\t\t\t\n\n<div class=\"row align-middle align-center\"  id=\"row-66109488\">\n\n\n\t<div id=\"col-2064114483\" class=\"col medium-7 small-12 large-7\"  >\n\t\t\t\t<div class=\"col-inner\"  >\n\t\t\t\n\t\t\t\n\n<div class=\"row\"  id=\"row-1143631912\">\n\n\n\t<div id=\"col-1252473399\" class=\"col small-12 large-12\"  >\n\t\t\t\t<div class=\"col-inner text-center\"  >\n\t\t\t\n\t\t\t\n\n\t<div id=\"text-841159785\" class=\"text\">\n\t\t\n\n<p>The <strong>tester de impact cu pendul<\/strong> m\u0103soar\u0103 capacitatea unui material de a rezista la impacturi bru\u0219te prin \u00eenregistrarea energiei necesare pentru a provoca ruperea sau penetrarea. <a href=\"https:\/\/www.impacttesting.net\/ro\/astm-d3420\/\"><strong>ASTM D3420<\/strong><\/a> ofer\u0103 o metod\u0103 standardizat\u0103 de evaluare a rezisten\u021bei la impact a filmelor din plastic, asigur\u00e2nd un control consistent al calit\u0103\u021bii \u0219i caracterizarea materialelor. Materialele testate \u00een mod obi\u0219nuit includ <strong>folii de plastic, laminate, compozite, folii \u0219i h\u00e2rtie utilizate la ambalare<\/strong>, automobile \u0219i aplica\u021bii \u00een construc\u021bii.<\/p>\n\t\t\n<style>\n#text-841159785 {\n  color: rgb(0, 0, 0);\n}\n#text-841159785 > * {\n  color: rgb(0, 0, 0);\n}\n<\/style>\n\t<\/div>\n\t\n\n\t\t<\/div>\n\t\t\t\t\t<\/div>\n\n\t\n\n\t<div id=\"col-456436493\" class=\"col small-12 large-12\"  >\n\t\t\t\t<div class=\"col-inner text-center\"  >\n\t\t\t\n\t\t\t\n\n<a href=\"https:\/\/www.impacttesting.net\/ro\/contact-us\/\" class=\"button primary is-outline\"  style=\"border-radius:99px;\">\n    <span>Contacta\u021bi-ne<\/span>\n  <i class=\"icon-chat\" aria-hidden=\"true\" ><\/i><\/a>\n\n\n\n\t\t<\/div>\n\t\t\t\t\t<\/div>\n\n\t\n\n<\/div>\n\n\t\t<\/div>\n\t\t\t\t\t<\/div>\n\n\t\n\n\t<div id=\"col-2039684783\" class=\"col medium-4 small-12 large-4\"  >\n\t\t\t\t<div class=\"col-inner\"  >\n\t\t\t\n\t\t\t\n\n<div class=\"row\"  id=\"row-1228834820\">\n\n\n\t<div id=\"col-692270476\" class=\"col small-12 large-12\"  >\n\t\t\t\t<div class=\"col-inner\"  >\n\t\t\t\n\t\t\t\n\n\t<div class=\"img has-hover x md-x lg-x y md-y lg-y\" id=\"image_1308529802\">\n\t\t\t\t\t\t\t\t<div class=\"img-inner dark\" >\n\t\t\t<img decoding=\"async\" width=\"728\" height=\"800\" src=\"https:\/\/www.impacttesting.net\/wp-content\/uploads\/2025\/12\/Pendulum-Impact-Tester-ASTM-D3420-amp-Spencer-Impact-Test-Impact-Testing-728x800.webp\" class=\"attachment-large size-large\" alt=\"Tester de impact cu pendul - ASTM D3420 &amp; Spencer Impact Test - Testarea impactului\" srcset=\"https:\/\/www.impacttesting.net\/wp-content\/uploads\/2025\/12\/Pendulum-Impact-Tester-ASTM-D3420-amp-Spencer-Impact-Test-Impact-Testing-728x800.webp 728w, https:\/\/www.impacttesting.net\/wp-content\/uploads\/2025\/12\/Pendulum-Impact-Tester-ASTM-D3420-amp-Spencer-Impact-Test-Impact-Testing-364x400.webp 364w, https:\/\/www.impacttesting.net\/wp-content\/uploads\/2025\/12\/Pendulum-Impact-Tester-ASTM-D3420-amp-Spencer-Impact-Test-Impact-Testing-768x844.webp 768w, https:\/\/www.impacttesting.net\/wp-content\/uploads\/2025\/12\/Pendulum-Impact-Tester-ASTM-D3420-amp-Spencer-Impact-Test-Impact-Testing-1397x1536.webp 1397w, https:\/\/www.impacttesting.net\/wp-content\/uploads\/2025\/12\/Pendulum-Impact-Tester-ASTM-D3420-amp-Spencer-Impact-Test-Impact-Testing.webp 1558w\" sizes=\"(max-width: 728px) 100vw, 728px\" \/>\t\t\t\t\t\t\n\t\t\t\t\t<\/div>\n\t\t\t\t\t\t\t\t\n<style>\n#image_1308529802 {\n  width: 100%;\n}\n<\/style>\n\t<\/div>\n\t\n\n\n\t\t<\/div>\n\t\t\t\t\t<\/div>\n\n\t\n\n<\/div>\n\n\t\t<\/div>\n\t\t\t\t\t<\/div>\n\n\t\n\n<\/div>\n\n\t\t<\/div>\n\t\t\t\t\t<\/div>\n\n\t\n\n<\/div>\n\n\t\t<\/div>\n\t\t\t\t\t<\/div>\n\n\t\n\n\n<style>\n#row-1980408500 > .col > .col-inner {\n  border-radius: 25px;\n}\n<\/style>\n<\/div>\n\n\t\t<\/div>\n\n\t\t\n<style>\n#section_412549362 {\n  padding-top: 30px;\n  padding-bottom: 30px;\n}\n<\/style>\n\t<\/section>\n\t\n\t<section class=\"section\" id=\"section_1656691792\">\n\t\t<div class=\"bg section-bg fill bg-fill  bg-loaded\" >\n\n\t\t\t\n\t\t\t\n\t\t\t\n\n\t\t<\/div>\n\n\t\t\n\n\t\t<div class=\"section-content relative\">\n\t\t\t\n\n<div class=\"row\"  id=\"row-89511033\">\n\n\n\t<div id=\"col-1342272623\" class=\"col small-12 large-12\"  >\n\t\t\t\t<div class=\"col-inner\"  >\n\t\t\t\n\t\t\t\n\n<div class=\"row\"  id=\"row-1725264505\">\n\n\n\t<div id=\"col-415761601\" class=\"col small-12 large-12\"  >\n\t\t\t\t<div class=\"col-inner\"  >\n\t\t\t\n\t\t\t\n\n<div class=\"row\"  id=\"row-554236030\">\n\n\n\t<div id=\"col-1106158561\" class=\"col small-12 large-12\"  >\n\t\t\t\t<div class=\"col-inner\"  >\n\t\t\t\n\t\t\t\n\n\t<div id=\"text-923291521\" class=\"text\">\n\t\t\n\n<h2>Cum func\u021bioneaz\u0103 testerul de impact cu pendul<\/h2>\n\t\t\n<style>\n#text-923291521 {\n  font-size: 1.3rem;\n  text-align: center;\n}\n<\/style>\n\t<\/div>\n\t\n<p>The <strong>Tester de impact cu pendul PIT-01<\/strong> de <strong>Impacttesting.net<\/strong> este conceput pentru a furniza m\u0103sur\u0103tori precise \u0219i repetabile ale rezisten\u021bei la impact. Procesul de testare implic\u0103:<\/p>\n\n\t\t<\/div>\n\t\t\t\t\t<\/div>\n\n\t\n\n<\/div>\n<div class=\"row align-middle\"  id=\"row-1253942331\">\n\n\n\t<div id=\"col-1214502972\" class=\"col medium-6 small-12 large-6\"  >\n\t\t\t\t<div class=\"col-inner\"  >\n\t\t\t\n\t\t\t\n\n<ol>\n<li>Preg\u0103tirea specimenului: Se selecteaz\u0103 un e\u0219antion de grosime \u0219i consisten\u021b\u0103 uniforme.<\/li>\n<li>Fixarea specimenului: Filmul este fixat \u00een pozi\u021bie cu ajutorul unui sistem pneumatic de prindere.<\/li>\n<li>Eliberarea pendulului: Pendulul, echipat cu un cap de impact, este eliberat automat de la o \u00een\u0103l\u021bime predefinit\u0103.<\/li>\n<li>M\u0103surarea impactului: Se \u00eenregistreaz\u0103 energia absorbit\u0103 de material la impact.<\/li>\n<li>Analiza datelor: Rezultatele sunt afi\u0219ate pe o interfa\u021b\u0103 digital\u0103, cu o microimprimant\u0103 op\u021bional\u0103 pentru raportare imediat\u0103.<\/li>\n<\/ol>\n\n\t\t<\/div>\n\t\t\t\t\t<\/div>\n\n\t\n\n\t<div id=\"col-1754904340\" class=\"col medium-6 small-12 large-6\"  >\n\t\t\t\t<div class=\"col-inner\"  >\n\t\t\t\n\t\t\t\n\n<div class=\"video video-fit mb\" style=\"padding-top:56.25%;\"><iframe title=\"ASTM D3420 Tester de impact Pendulum pentru filme din plastic Foi de impact Tester\" width=\"1020\" height=\"574\" src=\"https:\/\/www.youtube.com\/embed\/vEx4esxMESw?feature=oembed\" frameborder=\"0\" allow=\"accelerometer; autoplay; clipboard-write; encrypted-media; gyroscope; picture-in-picture; web-share\" referrerpolicy=\"strict-origin-when-cross-origin\" allowfullscreen><\/iframe><\/div>\n\n\n\t\t<\/div>\n\t\t\t\t\t<\/div>\n\n\t\n\n<\/div>\n\n\t\t<\/div>\n\t\t\t\t\t<\/div>\n\n\t\n\n<\/div>\n\n\t\t<\/div>\n\t\t\t\t\t<\/div>\n\n\t\n\n<\/div>\n<div class=\"row\"  id=\"row-270971570\">\n\n\n\t<div id=\"col-1767069513\" class=\"col small-12 large-12\"  >\n\t\t\t\t<div class=\"col-inner\"  >\n\t\t\t\n\t\t\t\n\n<div class=\"row\"  id=\"row-1466911023\">\n\n\n\t<div id=\"col-189541379\" class=\"col small-12 large-12\"  >\n\t\t\t\t<div class=\"col-inner\"  >\n\t\t\t\n\t\t\t\n\n\t<div id=\"text-2967863951\" class=\"text\">\n\t\t\n\n<h2>ASTM D3420 \u0219i testul de impact Spencer<\/h2>\n\t\t\n<style>\n#text-2967863951 {\n  font-size: 1.3rem;\n  text-align: center;\n}\n<\/style>\n\t<\/div>\n\t\n\n\t\t<\/div>\n\t\t\t\t\t<\/div>\n\n\t\n\n\t<div id=\"col-876843776\" class=\"col small-12 large-12\"  >\n\t\t\t\t<div class=\"col-inner\"  >\n\t\t\t\n\t\t\t\n\n<h3>ASTM D3420 - Metoda de testare a rezisten\u021bei la impact cu pendul a filmului din plastic<\/h3>\n<p><a href=\"https:\/\/www.impacttesting.net\/ro\/astm-d3420\/\">ASTM D3420<\/a> specific\u0103 o metod\u0103 de determinare a <strong>rezisten\u021ba la impact a filmelor din plastic<\/strong> prin m\u0103surarea energiei necesare pentru ca un pendul de impact s\u0103 penetreze o prob\u0103 de testare. \u00cencercarea este conceput\u0103 pentru a oferi informa\u021bii despre comportamentul dinamic la trac\u021biune al unui material \u00een condi\u021bii de tensiune ridicat\u0103, ceea ce o face esen\u021bial\u0103 pentru evaluarea materialelor de ambalare.<\/p>\n<p>Aspectele cheie ale ASTM D3420 includ:<\/p>\n<p>M\u0103surarea pierderii de energie ca urmare a impactului unei sonde pendul pe epruvet\u0103.<br \/>Dou\u0103 proceduri (A \u0219i B) care difer\u0103 \u00een ceea ce prive\u0219te dimensiunea e\u0219antionului, cu <strong>Procedura B, denumit\u0103 adesea testul de impact Spencer<\/strong>.<br \/>Importan\u021b\u0103 \u00een aplica\u021biile care necesit\u0103 rezisten\u021b\u0103 ridicat\u0103 la impact, cum ar fi foliile pentru ambalarea produselor alimentare \u0219i farmaceutice.<\/p>\n<h3>Testul de impact Spencer: O varia\u021bie specializat\u0103<\/h3>\n<p>The <strong>Testul de impact Spencer<\/strong> este o variant\u0103 a ASTM D3420, asociat\u0103 de obicei cu <strong>Procedura B<\/strong>, care utilizeaz\u0103 un <strong>Clem\u0103 pentru specimen cu diametrul de 89 mm<\/strong>. Aceast\u0103 metod\u0103 este utilizat\u0103 pe scar\u0103 larg\u0103 pentru evaluarea filmelor utilizate \u00een ambalaje flexibile, asigur\u00e2ndu-se c\u0103 materialele pot rezista la solicit\u0103ri mecanice f\u0103r\u0103 a se rupe sau perfora.<\/p>\n\n\t\t<\/div>\n\t\t\t\t\t<\/div>\n\n\t\n\n<\/div>\n\n\t\t<\/div>\n\t\t\t\t\t<\/div>\n\n\t\n\n<\/div>\n<div class=\"row\"  id=\"row-1512404043\">\n\n\n\t<div id=\"col-644080638\" class=\"col small-12 large-12\"  >\n\t\t\t\t<div class=\"col-inner\"  >\n\t\t\t\n\t\t\t\n\n<div class=\"row\"  id=\"row-231047043\">\n\n\n\t<div id=\"col-897750235\" class=\"col small-12 large-12\"  >\n\t\t\t\t<div class=\"col-inner\"  >\n\t\t\t\n\t\t\t\n\n\t<div id=\"text-3179271705\" class=\"text\">\n\t\t\n\n<h2>Tester de impact cu pendul PIT-01<\/h2>\n\t\t\n<style>\n#text-3179271705 {\n  font-size: 1.3rem;\n  text-align: center;\n}\n<\/style>\n\t<\/div>\n\t\n\n\t\t<\/div>\n\t\t\t\t\t<\/div>\n\n\t\n\n<\/div>\n<div class=\"row\"  id=\"row-2068295868\">\n\n\n\t<div id=\"col-1765527790\" class=\"col medium-6 small-12 large-6\"  >\n\t\t\t\t<div class=\"col-inner\"  >\n\t\t\t\n\t\t\t\n\n<h3>Caracteristici principale:<\/h3>\n<p>Testerul de impact cu pendul Cell Instruments' PIT-01 ofer\u0103 caracteristici avansate pentru testarea materialelor de \u00eenalt\u0103 precizie:<\/p>\n<ul>\n<li>Control PLC \u0219i ecran tactil HMI pentru o operare u\u0219oar\u0103.<\/li>\n<li>Prindere pneumatic\u0103 a specimenului pentru a asigura o pozi\u021bionare stabil\u0103.<\/li>\n<li>Eliberare automat\u0103 a pendulului pentru testarea consecvent\u0103 a impactului.<\/li>\n<li>Data Auto-Statistics &amp; Microprinter pentru documentarea eficient\u0103 a rezultatelor.<\/li>\n<li>M\u0103surare precis\u0103 a unghiului pentru calcule energetice exacte.<\/li>\n<li>Port RS232 \u0219i software (op\u021bional) pentru analiza avansat\u0103 a datelor.<\/li>\n<\/ul>\n\n\t\t<\/div>\n\t\t\t\t\t<\/div>\n\n\t\n\n\t<div id=\"col-614781510\" class=\"col medium-6 small-12 large-6\"  >\n\t\t\t\t<div class=\"col-inner\"  >\n\t\t\t\n\t\t\t\n\n<h3>Specifica\u021bii tehnice:<\/h3>\n<table width=\"360\">\n<tbody>\n<tr>\n<td style=\"text-align: center;\" width=\"143\">Energie de impact<\/td>\n<td style=\"text-align: center;\" width=\"217\">1 J, 2 J, 3 J<\/td>\n<\/tr>\n<tr>\n<td style=\"text-align: center;\" width=\"143\">Rezolu\u021bie<\/td>\n<td style=\"text-align: center;\" width=\"217\">\u00a00.001 J<\/td>\n<\/tr>\n<tr>\n<td style=\"text-align: center;\" width=\"143\">Dimensiunea capului de impact<\/td>\n<td style=\"text-align: center;\" width=\"217\">\u042425.4, \u042419, \u042412.7 mm\u00a0<\/td>\n<\/tr>\n<tr>\n<td style=\"text-align: center;\" width=\"143\">Clem\u0103 pentru specimen<\/td>\n<td style=\"text-align: center;\" width=\"217\">Clem\u0103 pneumatic\u0103<\/td>\n<\/tr>\n<tr>\n<td style=\"text-align: center;\" width=\"143\">Diametrul clemei<\/td>\n<td style=\"text-align: center;\" width=\"217\">\u042489 mm, \u042460 mm<\/td>\n<\/tr>\n<tr>\n<td style=\"text-align: center;\" width=\"143\">Alimentarea cu gaz<\/td>\n<td style=\"text-align: center;\" width=\"217\">0,6 MPa \u03a66 mm Tub PU<\/td>\n<\/tr>\n<tr>\n<td style=\"text-align: center;\" width=\"143\">Dimensiunea specimenului<\/td>\n<td style=\"text-align: center;\" width=\"217\">100*100 mm sau \u0424100 mm<\/td>\n<\/tr>\n<tr>\n<td style=\"text-align: center;\" width=\"143\">Surs\u0103 de alimentare\u00a0<\/td>\n<td style=\"text-align: center;\" width=\"217\">AC 110~220V 50Hz<\/td>\n<\/tr>\n<\/tbody>\n<\/table>\n\n\t\t<\/div>\n\t\t\t\t\t<\/div>\n\n\t\n\n<\/div>\n\n\t\t<\/div>\n\t\t\t\t\t<\/div>\n\n\t\n\n<\/div>\n\n\t\t<\/div>\n\n\t\t\n<style>\n#section_1656691792 {\n  padding-top: 30px;\n  padding-bottom: 30px;\n}\n<\/style>\n\t<\/section>\n\t\n\t<section class=\"section\" id=\"section_503387340\">\n\t\t<div class=\"bg section-bg fill bg-fill  bg-loaded\" >\n\n\t\t\t\n\t\t\t\n\t\t\t\n\n\t\t<\/div>\n\n\t\t\n\n\t\t<div class=\"section-content relative\">\n\t\t\t\n\n<div class=\"row\"  id=\"row-1691531734\">\n\n\n\t<div id=\"col-147196713\" class=\"col small-12 large-12\"  >\n\t\t\t\t<div class=\"col-inner\"  >\n\t\t\t\n\t\t\t\n\n<div class=\"row align-equal align-center\"  id=\"row-104068313\">\n\n\n\t<div id=\"col-1740995955\" class=\"col small-12 large-12\"  >\n\t\t\t\t<div class=\"col-inner\"  >\n\t\t\t\n\t\t\t\n\n\t<div id=\"text-4288812737\" class=\"text\">\n\t\t\n\n<h2>De ce s\u0103 alege\u021bi Impacttesting.net's<br \/>Tester de impact cu pendul PIT-01<\/h2>\n\t\t\n<style>\n#text-4288812737 {\n  font-size: 1.4rem;\n  text-align: center;\n}\n<\/style>\n\t<\/div>\n\t\n\n\t\t<\/div>\n\t\t\t\t\t<\/div>\n\n\t\n\n\t<div id=\"col-1674092265\" class=\"col medium-6 small-12 large-6\"  >\n\t\t\t\t<div class=\"col-inner text-center\"  >\n\t\t\t\n\t\t\t\n\n\t<div id=\"text-3955351605\" class=\"text\">\n\t\t\n\n<p>Prin integrarea <strong>\u00eencercarea de impact cu pendul<\/strong> \u00een procesele dvs. de control al calit\u0103\u021bii, pute\u021bi spori durabilitatea produselor \u0219i conformitatea cu standardele industriale. <strong>Impacttesting.net<\/strong> ofer\u0103 solu\u021bii de ultim\u0103 genera\u021bie pentru a v\u0103 satisface nevoile de testare a materialelor.<\/p>\n\t\t\n<style>\n#text-3955351605 {\n  font-size: 1.1rem;\n  line-height: 2;\n}\n<\/style>\n\t<\/div>\n\t\n<a href=\"https:\/\/www.impacttesting.net\/ro\/contact-us\/\" class=\"button primary is-outline\"  style=\"border-radius:99px;\">\n    <span>Contacta\u021bi-ne<\/span>\n  <i class=\"icon-chat\" aria-hidden=\"true\" ><\/i><\/a>\n\n\n\n\t\t<\/div>\n\t\t\t\t\t<\/div>\n\n\t\n\n\t<div id=\"col-711397001\" class=\"col medium-4 small-12 large-4\"  >\n\t\t\t\t<div class=\"col-inner text-center\"  >\n\t\t\t\n\t\t\t\n\n\n<div class=\"wpcf7 no-js\" id=\"wpcf7-f10-o1\" lang=\"en-US\" dir=\"ltr\" data-wpcf7-id=\"10\">\n<div class=\"screen-reader-response\"><p role=\"status\" aria-live=\"polite\" aria-atomic=\"true\"><\/p> <ul><\/ul><\/div>\n<form action=\"\/ro\/wp-json\/wp\/v2\/pages\/48#wpcf7-f10-o1\" method=\"post\" class=\"wpcf7-form init\" aria-label=\"Contact form\" novalidate=\"novalidate\" data-status=\"init\" data-trp-original-action=\"\/ro\/wp-json\/wp\/v2\/pages\/48#wpcf7-f10-o1\">\n<fieldset class=\"hidden-fields-container\"><input type=\"hidden\" name=\"_wpcf7\" value=\"10\" \/><input type=\"hidden\" name=\"_wpcf7_version\" value=\"6.1.4\" \/><input type=\"hidden\" name=\"_wpcf7_locale\" value=\"en_US\" \/><input type=\"hidden\" name=\"_wpcf7_unit_tag\" value=\"wpcf7-f10-o1\" \/><input type=\"hidden\" name=\"_wpcf7_container_post\" value=\"0\" \/><input type=\"hidden\" name=\"_wpcf7_posted_data_hash\" value=\"\" \/><input type=\"hidden\" name=\"_wpcf7_recaptcha_response\" value=\"\" \/>\n<\/fieldset>\n<p><span class=\"wpcf7-form-control-wrap\" data-name=\"Name\"><input size=\"40\" maxlength=\"400\" class=\"wpcf7-form-control wpcf7-text\" aria-invalid=\"false\" placeholder=\"Numele dvs.\" value=\"\" type=\"text\" name=\"Name\" \/><\/span><br \/>\n<span class=\"wpcf7-form-control-wrap\" data-name=\"Comapany\"><input size=\"40\" maxlength=\"400\" class=\"wpcf7-form-control wpcf7-text\" aria-invalid=\"false\" placeholder=\"Comapania dvs.\" value=\"\" type=\"text\" name=\"Comapany\" \/><\/span><br \/>\n<span class=\"wpcf7-form-control-wrap\" data-name=\"Email\"><input size=\"40\" maxlength=\"400\" class=\"wpcf7-form-control wpcf7-email wpcf7-validates-as-required wpcf7-text wpcf7-validates-as-email\" aria-required=\"true\" aria-invalid=\"false\" placeholder=\"Adresa dvs. de e-mail*\" value=\"\" type=\"email\" name=\"Email\" \/><\/span><br \/>\n<span class=\"wpcf7-form-control-wrap\" data-name=\"Message\"><textarea cols=\"40\" rows=\"10\" maxlength=\"2000\" class=\"wpcf7-form-control wpcf7-textarea\" aria-invalid=\"false\" placeholder=\"Mesaj\" name=\"Message\"><\/textarea><\/span>\n<\/p>\n<p><input class=\"wpcf7-form-control wpcf7-submit has-spinner\" type=\"submit\" value=\"Trimite\" \/>\n<\/p><div class=\"wpcf7-response-output\" aria-hidden=\"true\"><\/div>\n<input type=\"hidden\" name=\"trp-form-language\" value=\"ro\"\/><\/form>\n<\/div>\n\n\n\n\t\t<\/div>\n\t\t\t\t\t<\/div>\n\n\t\n\n<\/div>\n\n\t\t<\/div>\n\t\t\t\t\t<\/div>\n\n\t\n\n<\/div>\n\n\t\t<\/div>\n\n\t\t\n<style>\n#section_503387340 {\n  padding-top: 30px;\n  padding-bottom: 30px;\n  background-color: rgb(232, 234, 241);\n}\n<\/style>\n\t<\/section>","protected":false},"excerpt":{"rendered":"","protected":false},"author":1,"featured_media":0,"parent":0,"menu_order":0,"comment_status":"closed","ping_status":"closed","template":"page-blank.php","meta":{"footnotes":""},"class_list":["post-48","page","type-page","status-publish","hentry"],"_links":{"self":[{"href":"https:\/\/www.impacttesting.net\/ro\/wp-json\/wp\/v2\/pages\/48","targetHints":{"allow":["GET"]}}],"collection":[{"href":"https:\/\/www.impacttesting.net\/ro\/wp-json\/wp\/v2\/pages"}],"about":[{"href":"https:\/\/www.impacttesting.net\/ro\/wp-json\/wp\/v2\/types\/page"}],"author":[{"embeddable":true,"href":"https:\/\/www.impacttesting.net\/ro\/wp-json\/wp\/v2\/users\/1"}],"replies":[{"embeddable":true,"href":"https:\/\/www.impacttesting.net\/ro\/wp-json\/wp\/v2\/comments?post=48"}],"version-history":[{"count":5,"href":"https:\/\/www.impacttesting.net\/ro\/wp-json\/wp\/v2\/pages\/48\/revisions"}],"predecessor-version":[{"id":72,"href":"https:\/\/www.impacttesting.net\/ro\/wp-json\/wp\/v2\/pages\/48\/revisions\/72"}],"wp:attachment":[{"href":"https:\/\/www.impacttesting.net\/ro\/wp-json\/wp\/v2\/media?parent=48"}],"curies":[{"name":"wp","href":"https:\/\/api.w.org\/{rel}","templated":true}]}}