{"id":85,"date":"2025-12-24T07:51:49","date_gmt":"2025-12-24T07:51:49","guid":{"rendered":"https:\/\/www.impacttesting.net\/?page_id=85"},"modified":"2025-12-24T07:51:49","modified_gmt":"2025-12-24T07:51:49","slug":"iso-7765-1","status":"publish","type":"page","link":"https:\/\/www.impacttesting.net\/pt\/iso-7765-1\/","title":{"rendered":"ISO 7765-1"},"content":{"rendered":"<section class=\"section\" id=\"section_422723956\">\n\t\t<div class=\"bg section-bg fill bg-fill  bg-loaded\" >\n\n\t\t\t\n\t\t\t\n\t\t\t\n\n\t\t<\/div>\n\n\t\t\n\n\t\t<div class=\"section-content relative\">\n\t\t\t\n\n<div class=\"row\"  id=\"row-1826851635\">\n\n\n\t<div id=\"col-1833671864\" class=\"col small-12 large-12\"  >\n\t\t\t\t<div class=\"col-inner\" style=\"background-color:rgb(92, 171, 188);\" >\n\t\t\t\n\t\t\t\n\n<div class=\"row\"  id=\"row-1810529359\">\n\n\n\t<div id=\"col-1869959978\" class=\"col small-12 large-12\"  >\n\t\t\t\t<div class=\"col-inner\"  >\n\t\t\t\n\t\t\t\n\n\t<div id=\"text-1724591718\" class=\"text\">\n\t\t\n\n<h1>ISO 7765-1<\/h1>\n\t\t\n<style>\n#text-1724591718 {\n  font-size: 1.5rem;\n  text-align: center;\n}\n<\/style>\n\t<\/div>\n\t\n\t<div id=\"text-2551967662\" class=\"text\">\n\t\t\n\n<h2>M\u00e9todo do dardo de queda livre<\/h2>\n\t\t\n<style>\n#text-2551967662 {\n  text-align: center;\n}\n<\/style>\n\t<\/div>\n\t\n\n\t\t<\/div>\n\t\t\t\t\n<style>\n#col-1869959978 > .col-inner {\n  padding: 50px 10px 10px 10px;\n}\n<\/style>\n\t<\/div>\n\n\t\n\n<\/div>\n<div class=\"row align-middle align-center\"  id=\"row-1775209746\">\n\n\n\t<div id=\"col-1558639916\" class=\"col medium-11 small-12 large-11\"  >\n\t\t\t\t<div class=\"col-inner\"  >\n\t\t\t\n\t\t\t\n\n<div class=\"row align-center\"  id=\"row-63842932\">\n\n\n\t<div id=\"col-701663716\" class=\"col medium-7 small-12 large-7\"  >\n\t\t\t\t<div class=\"col-inner\"  >\n\t\t\t\n\t\t\t\n\n<div class=\"row\"  id=\"row-257290812\">\n\n\n\t<div id=\"col-659953743\" class=\"col small-12 large-12\"  >\n\t\t\t\t<div class=\"col-inner text-center\"  >\n\t\t\t\n\t\t\t\n\n\t<div id=\"text-1385822083\" class=\"text\">\n\t\t\n\n<p>Adotar <a href=\"https:\/\/www.impacttesting.net\/pt\/iso-7765-1\/\"><strong>ISO 7765-1<\/strong><\/a> e utilizando o <strong>m\u00e9todo do dardo de queda livre<\/strong> permite que os profissionais de materiais e embalagens avaliem com precis\u00e3o <strong>resist\u00eancia ao impacto do dardo<\/strong>A empresa garante que as pel\u00edculas cumprem as normas de durabilidade e seguran\u00e7a. <strong>ISO 7765-1<\/strong> \u00e9 ideal para pel\u00edculas e folhas de pl\u00e1stico utilizadas em aplica\u00e7\u00f5es de embalagem, agr\u00edcolas, m\u00e9dicas e industriais.<\/p>\n\t\t\n<style>\n#text-1385822083 {\n  color: rgb(0, 0, 0);\n}\n#text-1385822083 > * {\n  color: rgb(0, 0, 0);\n}\n<\/style>\n\t<\/div>\n\t\n\n\t\t<\/div>\n\t\t\t\t\t<\/div>\n\n\t\n\n\t<div id=\"col-1582077299\" class=\"col small-12 large-12\"  >\n\t\t\t\t<div class=\"col-inner text-center\"  >\n\t\t\t\n\t\t\t\n\n<a href=\"https:\/\/www.impacttesting.net\/pt\/contact-us\/\" class=\"button primary is-outline\"  style=\"border-radius:99px;\">\n    <span>Contactar-nos<\/span>\n  <i class=\"icon-chat\" aria-hidden=\"true\" ><\/i><\/a>\n\n\n\n\t\t<\/div>\n\t\t\t\t\t<\/div>\n\n\t\n\n<\/div>\n\n\t\t<\/div>\n\t\t\t\t\t<\/div>\n\n\t\n\n\t<div id=\"col-99107921\" class=\"col medium-4 small-12 large-4\"  >\n\t\t\t\t<div class=\"col-inner\"  >\n\t\t\t\n\t\t\t\n\n<div class=\"row\"  id=\"row-1894324934\">\n\n\n\t<div id=\"col-72976864\" class=\"col small-12 large-12\"  >\n\t\t\t\t<div class=\"col-inner\"  >\n\t\t\t\n\t\t\t\n\n\t<div class=\"img has-hover x md-x lg-x y md-y lg-y\" id=\"image_817508373\">\n\t\t\t\t\t\t\t\t<div class=\"img-inner dark\" >\n\t\t\t<img decoding=\"async\" width=\"600\" height=\"440\" src=\"https:\/\/www.impacttesting.net\/wp-content\/uploads\/2025\/12\/ISO-7765-1-Free-Falling-Dart-Method.webp\" class=\"attachment-large size-large\" alt=\"ISO 7765-1 M\u00e9todo do dardo em queda livre\" srcset=\"https:\/\/www.impacttesting.net\/wp-content\/uploads\/2025\/12\/ISO-7765-1-Free-Falling-Dart-Method.webp 600w, https:\/\/www.impacttesting.net\/wp-content\/uploads\/2025\/12\/ISO-7765-1-Free-Falling-Dart-Method-545x400.webp 545w\" sizes=\"(max-width: 600px) 100vw, 600px\" \/>\t\t\t\t\t\t\n\t\t\t\t\t<\/div>\n\t\t\t\t\t\t\t\t\n<style>\n#image_817508373 {\n  width: 100%;\n}\n<\/style>\n\t<\/div>\n\t\n\n\n\t\t<\/div>\n\t\t\t\t\t<\/div>\n\n\t\n\n<\/div>\n\n\t\t<\/div>\n\t\t\t\t\t<\/div>\n\n\t\n\n<\/div>\n\n\t\t<\/div>\n\t\t\t\t\t<\/div>\n\n\t\n\n<\/div>\n\n\t\t<\/div>\n\t\t\t\t\t<\/div>\n\n\t\n\n\n<style>\n#row-1826851635 > .col > .col-inner {\n  border-radius: 25px;\n}\n<\/style>\n<\/div>\n\n\t\t<\/div>\n\n\t\t\n<style>\n#section_422723956 {\n  padding-top: 30px;\n  padding-bottom: 30px;\n}\n<\/style>\n\t<\/section>\n\t\n\t<section class=\"section\" id=\"section_1920596523\">\n\t\t<div class=\"bg section-bg fill bg-fill  bg-loaded\" >\n\n\t\t\t\n\t\t\t\n\t\t\t\n\n\t\t<\/div>\n\n\t\t\n\n\t\t<div class=\"section-content relative\">\n\t\t\t\n\n<div class=\"row\"  id=\"row-1050676547\">\n\n\n\t<div id=\"col-1821824320\" class=\"col small-12 large-12\"  >\n\t\t\t\t<div class=\"col-inner\"  >\n\t\t\t\n\t\t\t\n\n<div class=\"row\"  id=\"row-813120826\">\n\n\n\t<div id=\"col-769892974\" class=\"col small-12 large-12\"  >\n\t\t\t\t<div class=\"col-inner\"  >\n\t\t\t\n\t\t\t\n\n\t<div id=\"text-4113344392\" class=\"text\">\n\t\t\n\n<h2>ISO 7765-1 e a sua import\u00e2ncia<\/h2>\n\t\t\n<style>\n#text-4113344392 {\n  font-size: 1.3rem;\n  text-align: center;\n}\n<\/style>\n\t<\/div>\n\t\n\n\t\t<\/div>\n\t\t\t\t\t<\/div>\n\n\t\n\n\t<div id=\"col-2113433462\" class=\"col small-12 large-12\"  >\n\t\t\t\t<div class=\"col-inner\"  >\n\t\t\t\n\t\t\t\n\n<p>Compreender e aplicar <strong>ISO 7765-1<\/strong> \u00e9 crucial para os profissionais que trabalham com pel\u00edculas de pl\u00e1stico e materiais flex\u00edveis. Esta norma internacional descreve o procedimento para determinar a <strong>resist\u00eancia ao impacto do dardo<\/strong> de uma pel\u00edcula de pl\u00e1stico utilizando a <strong>m\u00e9todo do dardo de queda livre<\/strong>um teste de controlo de qualidade essencial. A aplica\u00e7\u00e3o exacta deste m\u00e9todo ajuda os fabricantes a avaliar a capacidade dos materiais para suportar cargas de impacto - um indicador de durabilidade e desempenho em aplica\u00e7\u00f5es reais. Para ind\u00fastrias como a das embalagens, farmac\u00eautica, eletr\u00f3nica e alimentar, a ades\u00e3o \u00e0 norma ISO 7765-1 garante fiabilidade, consist\u00eancia e conformidade com as normas globais.<\/p>\n\n\t\t<\/div>\n\t\t\t\t\t<\/div>\n\n\t\n\n<\/div>\n\n\t\t<\/div>\n\t\t\t\t\t<\/div>\n\n\t\n\n<\/div>\n<div class=\"row\"  id=\"row-1509432708\">\n\n\n\t<div id=\"col-44360755\" class=\"col small-12 large-12\"  >\n\t\t\t\t<div class=\"col-inner\"  >\n\t\t\t\n\t\t\t\n\n<div class=\"row\"  id=\"row-1297839288\">\n\n\n\t<div id=\"col-443916723\" class=\"col small-12 large-12\"  >\n\t\t\t\t<div class=\"col-inner\"  >\n\t\t\t\n\t\t\t\n\n<div class=\"row\"  id=\"row-2080616790\">\n\n\n\t<div id=\"col-1671794815\" class=\"col small-12 large-12\"  >\n\t\t\t\t<div class=\"col-inner\"  >\n\t\t\t\n\t\t\t\n\n\t<div id=\"text-1941713169\" class=\"text\">\n\t\t\n\n<h2>Compreender o m\u00e9todo do dardo de queda livre<\/h2>\n\t\t\n<style>\n#text-1941713169 {\n  font-size: 1.3rem;\n  text-align: center;\n}\n<\/style>\n\t<\/div>\n\t\n\n\t\t<\/div>\n\t\t\t\t\t<\/div>\n\n\t\n\n<\/div>\n<div class=\"row align-middle\"  id=\"row-1012897757\">\n\n\n\t<div id=\"col-2125549890\" class=\"col medium-7 small-12 large-7\"  >\n\t\t\t\t<div class=\"col-inner\"  >\n\t\t\t\n\t\t\t\n\n<div><strong>ISO 7765-1<\/strong> especifica um m\u00e9todo de ensaio para determinar a energia necess\u00e1ria para provocar a rutura de pel\u00edculas de pl\u00e1stico pelo impacto de um dardo em queda livre. O ensaio identifica a <strong>massa de falha por impacto<\/strong>definida como a massa do dardo que provoca a falha de 50% dos provetes de ensaio em condi\u00e7\u00f5es normalizadas.<\/div>\n<div>Existem dois procedimentos principais:<\/div>\n<ul>\n<li><strong>M\u00e9todo A<\/strong> utiliza um <strong>38 mm<\/strong> dardo de di\u00e2metro largado de <strong>0,66 metros<\/strong>.<\/li>\n<li><strong>M\u00e9todo B<\/strong> emprega um <strong>50 mm<\/strong> dardo de di\u00e2metro largado de <strong>1,5 metros<\/strong>.<\/li>\n<\/ul>\n<p>Cada m\u00e9todo \u00e9 adaptado a diferentes tipos de materiais e espessuras, e os resultados obtidos n\u00e3o s\u00e3o intercambi\u00e1veis.<\/p>\n\n\t\t<\/div>\n\t\t\t\t\t<\/div>\n\n\t\n\n\t<div id=\"col-2011138651\" class=\"col medium-5 small-12 large-5\"  >\n\t\t\t\t<div class=\"col-inner\"  >\n\t\t\t\n\t\t\t\n\n\t<div class=\"img has-hover x md-x lg-x y md-y lg-y\" id=\"image_439721262\">\n\t\t<a class=\"\" href=\"https:\/\/www.impacttesting.net\/pt\/falling-dart-impact-tester\/\" >\t\t\t\t\t\t<div class=\"img-inner dark\" >\n\t\t\t<img decoding=\"async\" width=\"600\" height=\"440\" src=\"https:\/\/www.impacttesting.net\/wp-content\/uploads\/2025\/12\/ISO-7765-1-Free-Falling-Dart-Method.webp\" class=\"attachment-large size-large\" alt=\"ISO 7765-1 M\u00e9todo do dardo em queda livre\" srcset=\"https:\/\/www.impacttesting.net\/wp-content\/uploads\/2025\/12\/ISO-7765-1-Free-Falling-Dart-Method.webp 600w, https:\/\/www.impacttesting.net\/wp-content\/uploads\/2025\/12\/ISO-7765-1-Free-Falling-Dart-Method-545x400.webp 545w\" sizes=\"(max-width: 600px) 100vw, 600px\" \/>\t\t\t\t\t\t\n\t\t\t\t\t<\/div>\n\t\t\t\t\t\t<\/a>\t\t\n<style>\n#image_439721262 {\n  width: 100%;\n}\n<\/style>\n\t<\/div>\n\t\n\n\n\t\t<\/div>\n\t\t\t\t\t<\/div>\n\n\t\n\n<\/div>\n\n\t\t<\/div>\n\t\t\t\t\t<\/div>\n\n\t\n\n<\/div>\n\n\t\t<\/div>\n\t\t\t\t\t<\/div>\n\n\t\n\n<\/div>\n<div class=\"row\"  id=\"row-2121987789\">\n\n\n\t<div id=\"col-399673942\" class=\"col small-12 large-12\"  >\n\t\t\t\t<div class=\"col-inner\"  >\n\t\t\t\n\t\t\t\n\n<div class=\"row\"  id=\"row-1966448156\">\n\n\n\t<div id=\"col-102610894\" class=\"col small-12 large-12\"  >\n\t\t\t\t<div class=\"col-inner\"  >\n\t\t\t\n\t\t\t\n\n\t<div id=\"text-1099287157\" class=\"text\">\n\t\t\n\n<h2>M\u00e9todo do dardo de queda livre: Import\u00e2ncia e procedimento<\/h2>\n\t\t\n<style>\n#text-1099287157 {\n  font-size: 1.3rem;\n  text-align: center;\n}\n<\/style>\n\t<\/div>\n\t\n\n\t\t<\/div>\n\t\t\t\t\t<\/div>\n\n\t\n\n<\/div>\n<div class=\"row\"  id=\"row-1471658365\">\n\n\n\t<div id=\"col-486660830\" class=\"col medium-6 small-12 large-6\"  >\n\t\t\t\t<div class=\"col-inner\"  >\n\t\t\t\n\t\t\t\n\n<h3>Prepara\u00e7\u00e3o para o teste<\/h3>\n<p>Antes de efetuar o teste:<\/p>\n<ul>\n<li><strong>Esp\u00e9cimes de condi\u00e7\u00e3o<\/strong> a 23\u00b0C \u00b1 2\u00b0C e 50% \u00b1 5% HR durante pelo menos 40 horas.<\/li>\n<li>Selecionar esp\u00e9cimes com <strong>espessura uniforme<\/strong> (\u00b110% da nominal).<\/li>\n<li>Utiliza\u00e7\u00e3o <strong>30 ou mais amostras<\/strong> para garantir a relev\u00e2ncia estat\u00edstica.<\/li>\n<\/ul>\n\n\t\t<\/div>\n\t\t\t\t\t<\/div>\n\n\t\n\n\t<div id=\"col-197820795\" class=\"col medium-6 small-12 large-6\"  >\n\t\t\t\t<div class=\"col-inner\"  >\n\t\t\t\n\t\t\t\n\n<h3>Requisitos de equipamento<\/h3>\n<div>Uma configura\u00e7\u00e3o de teste padr\u00e3o inclui:<\/div>\n<ul>\n<li>A <strong>dardo com cabe\u00e7a hemisf\u00e9rica<\/strong> e pesos incrementais amov\u00edveis.<\/li>\n<li>Um <strong>eletro\u00edman ou mec\u00e2nico<\/strong> mecanismo de liberta\u00e7\u00e3o para uma queda controlada.<\/li>\n<li>A <strong>sistema de fixa\u00e7\u00e3o de duas pe\u00e7as<\/strong> para segurar firmemente o esp\u00e9cime.<\/li>\n<li>A <strong>micr\u00f3metro<\/strong> para uma medi\u00e7\u00e3o exacta da espessura.<\/li>\n<li><strong>Prote\u00e7\u00e3o de seguran\u00e7a<\/strong> para proteger os utilizadores e o aparelho.<\/li>\n<\/ul>\n\n\t\t<\/div>\n\t\t\t\t\t<\/div>\n\n\t\n\n<\/div>\n<div class=\"row align-middle\"  id=\"row-209793456\">\n\n\n\t<div id=\"col-1103938738\" class=\"col small-12 large-12\"  >\n\t\t\t\t<div class=\"col-inner\"  >\n\t\t\t\n\t\t\t\n\n\t<div id=\"text-4103922895\" class=\"text\">\n\t\t\n\n<h3>Execu\u00e7\u00e3o do teste de resist\u00eancia ao impacto do dardo<\/h3>\n\t\t\n<style>\n#text-4103922895 {\n  text-align: center;\n}\n<\/style>\n\t<\/div>\n\t\n\n\t\t<\/div>\n\t\t\t\t\t<\/div>\n\n\t\n\n\t<div id=\"col-192292409\" class=\"col medium-6 small-12 large-6\"  >\n\t\t\t\t<div class=\"col-inner\"  >\n\t\t\t\n\t\t\t\n\n<h4>1. Selecionar o m\u00e9todo de ensaio (A ou B):<\/h4>\n<ul>\n<li><strong>M\u00e9todo A<\/strong>: Dardo de 38 mm, altura de queda de 0,66 m.<\/li>\n<li><strong>M\u00e9todo B<\/strong>: Dardo de 50 mm, altura de queda de 1,5 m.<\/li>\n<\/ul>\n<h4>2. Preparar e fixar a amostra:<\/h4>\n<p>Assegurar que a pel\u00edcula fica plana e sem rugas. Se necess\u00e1rio, utilizar medidas antiderrapantes como um pano de croco ou papel abrasivo.<\/p>\n<h4>3. Definir os pesos do dardo e do incremento:<\/h4>\n<p>Come\u00e7ar com uma massa conhecida e aument\u00e1-la ou diminu\u00ed-la com base nos resultados das falhas at\u00e9 se determinar a taxa de falhas do 50%.<\/p>\n\n\t\t<\/div>\n\t\t\t\t\t<\/div>\n\n\t\n\n\t<div id=\"col-1083750350\" class=\"col medium-6 small-12 large-6\"  >\n\t\t\t\t<div class=\"col-inner\"  >\n\t\t\t\n\t\t\t\n\n<div class=\"video video-fit mb\" style=\"padding-top:56.25%;\"><iframe title=\"Ensaio de impacto de dardo em queda em pel\u00edcula e folha de pl\u00e1stico M\u00e9todo A e M\u00e9todo B ASTM D1709 ISO 7765-1\" width=\"1020\" height=\"574\" src=\"https:\/\/www.youtube.com\/embed\/a3_9M0x3w7U?feature=oembed\" frameborder=\"0\" allow=\"accelerometer; autoplay; clipboard-write; encrypted-media; gyroscope; picture-in-picture; web-share\" referrerpolicy=\"strict-origin-when-cross-origin\" allowfullscreen><\/iframe><\/div>\n\n\n\t\t<\/div>\n\t\t\t\t\t<\/div>\n\n\t\n\n\t<div id=\"col-1034985256\" class=\"col small-12 large-12\"  >\n\t\t\t\t<div class=\"col-inner\"  >\n\t\t\t\n\t\t\t\n\n<h4>4. Soltar o dardo:<\/h4>\n<p>Utilizar o eletro\u00edman ou o disparador de ar para deixar cair o dardo verticalmente no centro da amostra.<\/p>\n<h4>5. Registar o resultado:<\/h4>\n<p>Anote se o esp\u00e9cime falha (perfurado ou rompido) ou sobrevive. Continue at\u00e9 poder calcular estatisticamente a massa de rotura por impacto.<\/p>\n<h4>6. Analisar os resultados:<\/h4>\n<p>Avaliar os resultados considerando a espessura da amostra, a consist\u00eancia do material e a taxa de falha. Os resultados da ISO 7765-1 podem ser \u00fateis para a compara\u00e7\u00e3o de materiais, mas n\u00e3o devem ser normalizados em espessuras vari\u00e1veis.<\/p>\n\n\t\t<\/div>\n\t\t\t\t\t<\/div>\n\n\t\n\n<\/div>\n\n\t\t<\/div>\n\t\t\t\t\t<\/div>\n\n\t\n\n<\/div>\n\n\t\t<\/div>\n\n\t\t\n<style>\n#section_1920596523 {\n  padding-top: 30px;\n  padding-bottom: 30px;\n}\n<\/style>\n\t<\/section>\n\t\n\t<section class=\"section\" id=\"section_638378744\">\n\t\t<div class=\"bg section-bg fill bg-fill  bg-loaded\" >\n\n\t\t\t\n\t\t\t\n\t\t\t\n\n\t\t<\/div>\n\n\t\t\n\n\t\t<div class=\"section-content relative\">\n\t\t\t\n\n<div class=\"row\"  id=\"row-1786177093\">\n\n\n\t<div id=\"col-270029293\" class=\"col small-12 large-12\"  >\n\t\t\t\t<div class=\"col-inner\"  >\n\t\t\t\n\t\t\t\n\n<div class=\"row align-center\"  id=\"row-1876306081\">\n\n\n\t<div id=\"col-874825311\" class=\"col small-12 large-12\"  >\n\t\t\t\t<div class=\"col-inner\"  >\n\t\t\t\n\t\t\t\n\n\t<div id=\"text-285446004\" class=\"text\">\n\t\t\n\n<h2>Porqu\u00ea escolher o Impacttesting.net<br \/>Testador de queda de dardo FDT-01<\/h2>\n\t\t\n<style>\n#text-285446004 {\n  font-size: 1.4rem;\n  text-align: center;\n}\n<\/style>\n\t<\/div>\n\t\n\n\t\t<\/div>\n\t\t\t\t\t<\/div>\n\n\t\n\n\t<div id=\"col-805182455\" class=\"col small-12 large-12\"  >\n\t\t\t\t<div class=\"col-inner\"  >\n\t\t\t\n\t\t\t\n\n<p>Para garantir a precis\u00e3o, a repetibilidade e a conformidade com <strong>ISO 7765-1<\/strong>recomendamos o <strong>FDT-01 <a href=\"https:\/\/www.impacttesting.net\/pt\/falling-dart-impact-tester\/\">Testador de impacto de dardo <\/a><\/strong>por <strong>Impacttesting.net<\/strong>.<\/p>\n\n\t\t<\/div>\n\t\t\t\t\t<\/div>\n\n\t\n\n\t<div id=\"col-452464248\" class=\"col medium-7 small-12 large-7\"  >\n\t\t\t\t<div class=\"col-inner text-center\"  >\n\t\t\t\n\t\t\t\n\n\t<div id=\"text-933225852\" class=\"text\">\n\t\t\n\n<p class=\"\" data-start=\"4386\" data-end=\"4422\">Ajuste exato da altura de queda do dardo.<br \/>Montagem f\u00e1cil de amostras com pin\u00e7as pneum\u00e1ticas.<br \/>Recolha e an\u00e1lise de dados sobre o impacto em tempo real.<br \/>Conformidade com o m\u00e9todo A e o m\u00e9todo B.<\/p>\n\t\t\n<style>\n#text-933225852 {\n  font-size: 1.1rem;\n  line-height: 1.3;\n}\n<\/style>\n\t<\/div>\n\t\n\t<div id=\"text-1151294427\" class=\"text\">\n\t\t\n\n<p class=\"\" data-start=\"4676\" data-end=\"4874\">As suas carater\u00edsticas de seguran\u00e7a avan\u00e7adas e os controlos digitais minimizam o erro humano e asseguram resultados fi\u00e1veis e reprodut\u00edveis, tornando-o uma refer\u00eancia para os produtores de pel\u00edculas de embalagem, conversores e laborat\u00f3rios de controlo de qualidade.<\/p>\n\t\t\n<style>\n#text-1151294427 {\n  font-size: 1.1rem;\n}\n<\/style>\n\t<\/div>\n\t\n<a href=\"https:\/\/www.impacttesting.net\/pt\/contact-us\/\" class=\"button primary is-outline\"  style=\"border-radius:99px;\">\n    <span>Contactar-nos<\/span>\n  <i class=\"icon-chat\" aria-hidden=\"true\" ><\/i><\/a>\n\n\n\n\t\t<\/div>\n\t\t\t\t\t<\/div>\n\n\t\n\n\t<div id=\"col-1121225469\" class=\"col medium-4 small-12 large-4\"  >\n\t\t\t\t<div class=\"col-inner text-center\"  >\n\t\t\t\n\t\t\t\n\n\n<div class=\"wpcf7 no-js\" id=\"wpcf7-f10-o1\" lang=\"en-US\" dir=\"ltr\" data-wpcf7-id=\"10\">\n<div class=\"screen-reader-response\"><p role=\"status\" aria-live=\"polite\" aria-atomic=\"true\"><\/p> <ul><\/ul><\/div>\n<form action=\"\/pt\/wp-json\/wp\/v2\/pages\/85#wpcf7-f10-o1\" method=\"post\" class=\"wpcf7-form init\" aria-label=\"Contact form\" novalidate=\"novalidate\" data-status=\"init\" data-trp-original-action=\"\/pt\/wp-json\/wp\/v2\/pages\/85#wpcf7-f10-o1\">\n<fieldset class=\"hidden-fields-container\"><input type=\"hidden\" name=\"_wpcf7\" value=\"10\" \/><input type=\"hidden\" name=\"_wpcf7_version\" value=\"6.1.4\" \/><input type=\"hidden\" name=\"_wpcf7_locale\" value=\"en_US\" \/><input type=\"hidden\" name=\"_wpcf7_unit_tag\" value=\"wpcf7-f10-o1\" \/><input type=\"hidden\" name=\"_wpcf7_container_post\" value=\"0\" \/><input type=\"hidden\" name=\"_wpcf7_posted_data_hash\" value=\"\" \/><input type=\"hidden\" name=\"_wpcf7_recaptcha_response\" value=\"\" \/>\n<\/fieldset>\n<p><span class=\"wpcf7-form-control-wrap\" data-name=\"Name\"><input size=\"40\" maxlength=\"400\" class=\"wpcf7-form-control wpcf7-text\" aria-invalid=\"false\" placeholder=\"O seu nome\" value=\"\" type=\"text\" name=\"Name\" \/><\/span><br \/>\n<span class=\"wpcf7-form-control-wrap\" data-name=\"Comapany\"><input size=\"40\" maxlength=\"400\" class=\"wpcf7-form-control wpcf7-text\" aria-invalid=\"false\" placeholder=\"A sua empresa\" value=\"\" type=\"text\" name=\"Comapany\" \/><\/span><br \/>\n<span class=\"wpcf7-form-control-wrap\" data-name=\"Email\"><input size=\"40\" maxlength=\"400\" class=\"wpcf7-form-control wpcf7-email wpcf7-validates-as-required wpcf7-text wpcf7-validates-as-email\" aria-required=\"true\" aria-invalid=\"false\" placeholder=\"O seu e-mail*\" value=\"\" type=\"email\" name=\"Email\" \/><\/span><br \/>\n<span class=\"wpcf7-form-control-wrap\" data-name=\"Message\"><textarea cols=\"40\" rows=\"10\" maxlength=\"2000\" class=\"wpcf7-form-control wpcf7-textarea\" aria-invalid=\"false\" placeholder=\"Mensagem\" name=\"Message\"><\/textarea><\/span>\n<\/p>\n<p><input class=\"wpcf7-form-control wpcf7-submit has-spinner\" type=\"submit\" value=\"Enviar\" \/>\n<\/p><div class=\"wpcf7-response-output\" aria-hidden=\"true\"><\/div>\n<input type=\"hidden\" name=\"trp-form-language\" value=\"pt\"\/><\/form>\n<\/div>\n\n\n\n\t\t<\/div>\n\t\t\t\t\t<\/div>\n\n\t\n\n<\/div>\n\n\t\t<\/div>\n\t\t\t\t\t<\/div>\n\n\t\n\n<\/div>\n\n\t\t<\/div>\n\n\t\t\n<style>\n#section_638378744 {\n  padding-top: 30px;\n  padding-bottom: 30px;\n  background-color: rgb(232, 234, 241);\n}\n<\/style>\n\t<\/section>","protected":false},"excerpt":{"rendered":"","protected":false},"author":1,"featured_media":0,"parent":0,"menu_order":0,"comment_status":"closed","ping_status":"closed","template":"page-blank.php","meta":{"footnotes":""},"class_list":["post-85","page","type-page","status-publish","hentry"],"_links":{"self":[{"href":"https:\/\/www.impacttesting.net\/pt\/wp-json\/wp\/v2\/pages\/85","targetHints":{"allow":["GET"]}}],"collection":[{"href":"https:\/\/www.impacttesting.net\/pt\/wp-json\/wp\/v2\/pages"}],"about":[{"href":"https:\/\/www.impacttesting.net\/pt\/wp-json\/wp\/v2\/types\/page"}],"author":[{"embeddable":true,"href":"https:\/\/www.impacttesting.net\/pt\/wp-json\/wp\/v2\/users\/1"}],"replies":[{"embeddable":true,"href":"https:\/\/www.impacttesting.net\/pt\/wp-json\/wp\/v2\/comments?post=85"}],"version-history":[{"count":2,"href":"https:\/\/www.impacttesting.net\/pt\/wp-json\/wp\/v2\/pages\/85\/revisions"}],"predecessor-version":[{"id":87,"href":"https:\/\/www.impacttesting.net\/pt\/wp-json\/wp\/v2\/pages\/85\/revisions\/87"}],"wp:attachment":[{"href":"https:\/\/www.impacttesting.net\/pt\/wp-json\/wp\/v2\/media?parent=85"}],"curies":[{"name":"wp","href":"https:\/\/api.w.org\/{rel}","templated":true}]}}