{"id":79,"date":"2025-12-24T07:35:25","date_gmt":"2025-12-24T07:35:25","guid":{"rendered":"https:\/\/www.impacttesting.net\/?page_id=79"},"modified":"2025-12-24T07:35:25","modified_gmt":"2025-12-24T07:35:25","slug":"falling-dart-impact-tester","status":"publish","type":"page","link":"https:\/\/www.impacttesting.net\/pt\/falling-dart-impact-tester\/","title":{"rendered":"FDT-01 Testador de impacto de dardo em queda"},"content":{"rendered":"<section class=\"section\" id=\"section_1679651252\">\n\t\t<div class=\"bg section-bg fill bg-fill  bg-loaded\" >\n\n\t\t\t\n\t\t\t\n\t\t\t\n\n\t\t<\/div>\n\n\t\t\n\n\t\t<div class=\"section-content relative\">\n\t\t\t\n\n<div class=\"row\"  id=\"row-1462495998\">\n\n\n\t<div id=\"col-1454250767\" class=\"col small-12 large-12\"  >\n\t\t\t\t<div class=\"col-inner\" style=\"background-color:rgb(92, 171, 188);\" >\n\t\t\t\n\t\t\t\n\n<div class=\"row\"  id=\"row-1136951920\">\n\n\n\t<div id=\"col-336156005\" class=\"col small-12 large-12\"  >\n\t\t\t\t<div class=\"col-inner\"  >\n\t\t\t\n\t\t\t\n\n\t<div id=\"text-1681755044\" class=\"text\">\n\t\t\n\n<h1>FDT-01 Testador de impacto de dardo em queda<\/h1>\n\t\t\n<style>\n#text-1681755044 {\n  font-size: 1.5rem;\n  text-align: center;\n}\n<\/style>\n\t<\/div>\n\t\n\n\t\t<\/div>\n\t\t\t\t\n<style>\n#col-336156005 > .col-inner {\n  padding: 50px 10px 10px 10px;\n}\n<\/style>\n\t<\/div>\n\n\t\n\n<\/div>\n<div class=\"row align-middle align-center\"  id=\"row-437346231\">\n\n\n\t<div id=\"col-1092148250\" class=\"col medium-11 small-12 large-11\"  >\n\t\t\t\t<div class=\"col-inner\"  >\n\t\t\t\n\t\t\t\n\n<div class=\"row align-middle align-center\"  id=\"row-1203588175\">\n\n\n\t<div id=\"col-369801796\" class=\"col medium-7 small-12 large-7\"  >\n\t\t\t\t<div class=\"col-inner\"  >\n\t\t\t\n\t\t\t\n\n<div class=\"row\"  id=\"row-1624297613\">\n\n\n\t<div id=\"col-1746656245\" class=\"col small-12 large-12\"  >\n\t\t\t\t<div class=\"col-inner text-center\"  >\n\t\t\t\n\t\t\t\n\n\t<div id=\"text-3187915829\" class=\"text\">\n\t\t\n\n<p>O <a href=\"https:\/\/www.impacttesting.net\/pt\/falling-dart-impact-tester\/\"><strong>teste de impacto de dardo em queda<\/strong><\/a> \u00e9 um instrumento especializado utilizado para avaliar a resist\u00eancia ao impacto de pel\u00edculas de pl\u00e1stico, materiais comp\u00f3sitos, folhas e papel com uma espessura inferior a 1 mm. Este teste avalia a resist\u00eancia do material ao impacto, determinando a energia necess\u00e1ria para causar uma falha em condi\u00e7\u00f5es controladas. \u00c9 amplamente utilizado nas ind\u00fastrias de embalagens, alimentar, farmac\u00eautica e eletr\u00f3nica para garantir a durabilidade e o desempenho dos produtos.<\/p>\n\t\t\n<style>\n#text-3187915829 {\n  color: rgb(0, 0, 0);\n}\n#text-3187915829 > * {\n  color: rgb(0, 0, 0);\n}\n<\/style>\n\t<\/div>\n\t\n\n\t\t<\/div>\n\t\t\t\t\t<\/div>\n\n\t\n\n\t<div id=\"col-1691245395\" class=\"col small-12 large-12\"  >\n\t\t\t\t<div class=\"col-inner text-center\"  >\n\t\t\t\n\t\t\t\n\n<a href=\"https:\/\/www.impacttesting.net\/pt\/contact-us\/\" class=\"button primary is-outline\"  style=\"border-radius:99px;\">\n    <span>Contactar-nos<\/span>\n  <i class=\"icon-chat\" aria-hidden=\"true\" ><\/i><\/a>\n\n\n\n\t\t<\/div>\n\t\t\t\t\t<\/div>\n\n\t\n\n<\/div>\n\n\t\t<\/div>\n\t\t\t\t\t<\/div>\n\n\t\n\n\t<div id=\"col-2063005333\" class=\"col medium-3 small-12 large-3\"  >\n\t\t\t\t<div class=\"col-inner\"  >\n\t\t\t\n\t\t\t\n\n<div class=\"row\"  id=\"row-1808083077\">\n\n\n\t<div id=\"col-225482901\" class=\"col small-12 large-12\"  >\n\t\t\t\t<div class=\"col-inner text-center\"  >\n\t\t\t\n\t\t\t\n\n\t<div class=\"img has-hover x md-x lg-x y md-y lg-y\" id=\"image_607778935\">\n\t\t\t\t\t\t\t\t<div class=\"img-inner dark\" >\n\t\t\t<img decoding=\"async\" width=\"374\" height=\"800\" src=\"https:\/\/www.impacttesting.net\/wp-content\/uploads\/2025\/12\/Falling-Dart-Impact-Tester-for-Plastic-Film-ASTM-D1709-374x800.webp\" class=\"attachment-large size-large\" alt=\"Testador de impacto de dardo em queda para pel\u00edcula pl\u00e1stica ASTM D1709\" srcset=\"https:\/\/www.impacttesting.net\/wp-content\/uploads\/2025\/12\/Falling-Dart-Impact-Tester-for-Plastic-Film-ASTM-D1709-374x800.webp 374w, https:\/\/www.impacttesting.net\/wp-content\/uploads\/2025\/12\/Falling-Dart-Impact-Tester-for-Plastic-Film-ASTM-D1709-187x400.webp 187w, https:\/\/www.impacttesting.net\/wp-content\/uploads\/2025\/12\/Falling-Dart-Impact-Tester-for-Plastic-Film-ASTM-D1709-768x1643.webp 768w, https:\/\/www.impacttesting.net\/wp-content\/uploads\/2025\/12\/Falling-Dart-Impact-Tester-for-Plastic-Film-ASTM-D1709-718x1536.webp 718w, https:\/\/www.impacttesting.net\/wp-content\/uploads\/2025\/12\/Falling-Dart-Impact-Tester-for-Plastic-Film-ASTM-D1709-957x2048.webp 957w, https:\/\/www.impacttesting.net\/wp-content\/uploads\/2025\/12\/Falling-Dart-Impact-Tester-for-Plastic-Film-ASTM-D1709-scaled.webp 1196w\" sizes=\"(max-width: 374px) 100vw, 374px\" \/>\t\t\t\t\t\t\n\t\t\t\t\t<\/div>\n\t\t\t\t\t\t\t\t\n<style>\n#image_607778935 {\n  width: 100%;\n}\n<\/style>\n\t<\/div>\n\t\n\n\n\t\t<\/div>\n\t\t\t\t\t<\/div>\n\n\t\n\n<\/div>\n\n\t\t<\/div>\n\t\t\t\t\t<\/div>\n\n\t\n\n<\/div>\n\n\t\t<\/div>\n\t\t\t\t\t<\/div>\n\n\t\n\n<\/div>\n\n\t\t<\/div>\n\t\t\t\t\t<\/div>\n\n\t\n\n\n<style>\n#row-1462495998 > .col > .col-inner {\n  border-radius: 25px;\n}\n<\/style>\n<\/div>\n\n\t\t<\/div>\n\n\t\t\n<style>\n#section_1679651252 {\n  padding-top: 30px;\n  padding-bottom: 30px;\n}\n<\/style>\n\t<\/section>\n\t\n\t<section class=\"section\" id=\"section_1073739897\">\n\t\t<div class=\"bg section-bg fill bg-fill  bg-loaded\" >\n\n\t\t\t\n\t\t\t\n\t\t\t\n\n\t\t<\/div>\n\n\t\t\n\n\t\t<div class=\"section-content relative\">\n\t\t\t\n\n<div class=\"row\"  id=\"row-721839696\">\n\n\n\t<div id=\"col-1724864564\" class=\"col small-12 large-12\"  >\n\t\t\t\t<div class=\"col-inner\"  >\n\t\t\t\n\t\t\t\n\n<div class=\"row\"  id=\"row-2017584807\">\n\n\n\t<div id=\"col-1633856014\" class=\"col small-12 large-12\"  >\n\t\t\t\t<div class=\"col-inner\"  >\n\t\t\t\n\t\t\t\n\n<div class=\"row align-middle align-center\"  id=\"row-1702276353\">\n\n\n\t<div id=\"col-1864265525\" class=\"col medium-3 small-12 large-3\"  >\n\t\t\t\t<div class=\"col-inner\"  >\n\t\t\t\n\t\t\t\n\n\t<div class=\"img has-hover x md-x lg-x y md-y lg-y\" id=\"image_525001481\">\n\t\t\t\t\t\t\t\t<div class=\"img-inner dark\" >\n\t\t\t<img decoding=\"async\" width=\"314\" height=\"800\" src=\"https:\/\/www.impacttesting.net\/wp-content\/uploads\/2025\/12\/Falling-Dart-Impact-Tester-for-Plastic-Film-ISO-7765-1-314x800.webp\" class=\"attachment-large size-large\" alt=\"Testador de impacto de dardo em queda para pel\u00edcula pl\u00e1stica ISO 7765-1\" srcset=\"https:\/\/www.impacttesting.net\/wp-content\/uploads\/2025\/12\/Falling-Dart-Impact-Tester-for-Plastic-Film-ISO-7765-1-314x800.webp 314w, https:\/\/www.impacttesting.net\/wp-content\/uploads\/2025\/12\/Falling-Dart-Impact-Tester-for-Plastic-Film-ISO-7765-1-157x400.webp 157w, https:\/\/www.impacttesting.net\/wp-content\/uploads\/2025\/12\/Falling-Dart-Impact-Tester-for-Plastic-Film-ISO-7765-1-768x1956.webp 768w, https:\/\/www.impacttesting.net\/wp-content\/uploads\/2025\/12\/Falling-Dart-Impact-Tester-for-Plastic-Film-ISO-7765-1-603x1536.webp 603w, https:\/\/www.impacttesting.net\/wp-content\/uploads\/2025\/12\/Falling-Dart-Impact-Tester-for-Plastic-Film-ISO-7765-1-804x2048.webp 804w, https:\/\/www.impacttesting.net\/wp-content\/uploads\/2025\/12\/Falling-Dart-Impact-Tester-for-Plastic-Film-ISO-7765-1-scaled.webp 1005w\" sizes=\"(max-width: 314px) 100vw, 314px\" \/>\t\t\t\t\t\t\n\t\t\t\t\t<\/div>\n\t\t\t\t\t\t\t\t\n<style>\n#image_525001481 {\n  width: 100%;\n}\n<\/style>\n\t<\/div>\n\t\n\n\n\t\t<\/div>\n\t\t\t\t\n<style>\n#col-1864265525 > .col-inner {\n  padding: 0px 30px 0px 0px;\n}\n<\/style>\n\t<\/div>\n\n\t\n\n\t<div id=\"col-1529820144\" class=\"col medium-7 small-12 large-7\"  >\n\t\t\t\t<div class=\"col-inner\"  >\n\t\t\t\n\t\t\t\n\n\t<div id=\"text-1196505087\" class=\"text\">\n\t\t\n\n<h2>Como funciona o teste do dardo em queda livre<\/h2>\n\t\t\n<style>\n#text-1196505087 {\n  font-size: 1.3rem;\n  text-align: left;\n}\n<\/style>\n\t<\/div>\n\t\n<p>O <strong>ensaio do dardo em queda livre<\/strong> envolve os seguintes passos:<\/p>\n<ol>\n<li>Uma amostra de pel\u00edcula \u00e9 fixada com seguran\u00e7a no local.<\/li>\n<li>Um dardo com um peso pr\u00e9-determinado \u00e9 suspenso electromagneticamente.<\/li>\n<li>O dardo \u00e9 lan\u00e7ado de uma altura controlada.<\/li>\n<li>A resist\u00eancia ao impacto \u00e9 registada com base nos resultados de aprova\u00e7\u00e3o\/reprova\u00e7\u00e3o de v\u00e1rios ensaios.<\/li>\n<li>O sistema calcula a resist\u00eancia ao impacto do material em gramas ou joules.<\/li>\n<\/ol>\n<a href=\"https:\/\/www.impacttesting.net\/pt\/contact-us\/\" target=\"_blank\" class=\"button primary is-outline\" rel=\"noopener\"  style=\"border-radius:99px;\">\n    <span>Contactar-nos<\/span>\n  <i class=\"icon-chat\" aria-hidden=\"true\" ><\/i><\/a>\n\n\n\n\t\t<\/div>\n\t\t\t\t\t<\/div>\n\n\t\n\n<\/div>\n\n\t\t<\/div>\n\t\t\t\t\t<\/div>\n\n\t\n\n<\/div>\n\n\t\t<\/div>\n\t\t\t\t\t<\/div>\n\n\t\n\n<\/div>\n<div class=\"row\"  id=\"row-1874154946\">\n\n\n\t<div id=\"col-1189789412\" class=\"col small-12 large-12\"  >\n\t\t\t\t<div class=\"col-inner\"  >\n\t\t\t\n\t\t\t\n\n<div class=\"row align-middle align-center\"  id=\"row-1722009870\">\n\n\n\t<div id=\"col-1170235245\" class=\"col medium-5 small-12 large-5\"  >\n\t\t\t\t<div class=\"col-inner\"  >\n\t\t\t\n\t\t\t\n\n\t<div id=\"text-61973486\" class=\"text\">\n\t\t\n\n<h2>Testador de impacto de dardo em queda<\/h2>\n\t\t\n<style>\n#text-61973486 {\n  font-size: 1.3rem;\n}\n<\/style>\n\t<\/div>\n\t\n<table width=\"534\">\n<tbody>\n<tr>\n<td style=\"text-align: center;\" width=\"257\">M\u00e9todo de ensaio M\u00e9todo<\/td>\n<td style=\"text-align: center;\" width=\"277\">A ou M\u00e9todo B (facultativo)<\/td>\n<\/tr>\n<tr>\n<td style=\"text-align: center;\" rowspan=\"2\" width=\"257\">Intervalo de teste<\/td>\n<td style=\"text-align: center;\" width=\"277\">M\u00e9todo A: 50~2000g\/<\/td>\n<\/tr>\n<tr>\n<td style=\"text-align: center;\" width=\"277\">M\u00e9todo B: 300~2000g<\/td>\n<\/tr>\n<tr>\n<td style=\"text-align: center;\" rowspan=\"2\" width=\"257\">Di\u00e2metro do dardo<\/td>\n<td style=\"text-align: center;\" width=\"277\">M\u00e9todo A: 38\u00b11mm<\/td>\n<\/tr>\n<tr>\n<td style=\"text-align: center;\" width=\"277\">M\u00e9todo B: 50\u00b11mm<\/td>\n<\/tr>\n<tr>\n<td style=\"text-align: center;\" width=\"257\">Altura do impacto<\/td>\n<td style=\"text-align: center;\" width=\"277\">660mm\/1500mm<\/td>\n<\/tr>\n<tr>\n<td style=\"text-align: center;\" width=\"257\">Exatid\u00e3o<\/td>\n<td style=\"text-align: center;\" width=\"277\">0,1g (0,1J)<\/td>\n<\/tr>\n<tr>\n<td style=\"text-align: center;\" width=\"257\">Bra\u00e7adeira<\/td>\n<td style=\"text-align: center;\" width=\"277\">Bra\u00e7adeira pneum\u00e1tica<\/td>\n<\/tr>\n<tr>\n<td style=\"text-align: center;\" width=\"257\">Fornecimento de g\u00e1s<\/td>\n<td style=\"text-align: center;\" width=\"277\">0,6 MPa \u03a68 mm Tubo de PU<\/td>\n<\/tr>\n<tr>\n<td style=\"text-align: center;\" width=\"257\">Tamanho do esp\u00e9cime<\/td>\n<td style=\"text-align: center;\" width=\"277\">&gt; 150 mm x 150 mm<\/td>\n<\/tr>\n<tr>\n<td style=\"text-align: center;\" width=\"257\">Fonte de alimenta\u00e7\u00e3o<\/td>\n<td style=\"text-align: center;\" width=\"277\">AC 110~220V 50Hz<\/td>\n<\/tr>\n<tr>\n<td style=\"text-align: center;\" rowspan=\"2\" width=\"257\">Dimens\u00e3o<\/td>\n<td style=\"text-align: center;\" width=\"277\">M\u00e9todo A: 500*450*1200 mm (LWH)<\/td>\n<\/tr>\n<tr>\n<td style=\"text-align: center;\" width=\"277\">M\u00e9todo B: 500*450*2200 mm (LWH)<\/td>\n<\/tr>\n<\/tbody>\n<\/table>\n\n\t\t<\/div>\n\t\t\t\t\t<\/div>\n\n\t\n\n\t<div id=\"col-790374915\" class=\"col medium-7 small-12 large-7\"  >\n\t\t\t\t<div class=\"col-inner text-left\"  >\n\t\t\t\n\t\t\t\n\n<div class=\"video video-fit mb\" style=\"padding-top:50%;\"><iframe title=\"Ensaio de impacto de dardo em queda em pel\u00edcula e folha de pl\u00e1stico M\u00e9todo A e M\u00e9todo B ASTM D1709 ISO 7765-1\" width=\"1020\" height=\"574\" src=\"https:\/\/www.youtube.com\/embed\/a3_9M0x3w7U?feature=oembed\" frameborder=\"0\" allow=\"accelerometer; autoplay; clipboard-write; encrypted-media; gyroscope; picture-in-picture; web-share\" referrerpolicy=\"strict-origin-when-cross-origin\" allowfullscreen><\/iframe><\/div>\n\n<p>O testador de impacto de dardo em queda FDT-01 da Cell Instruments foi concebido para testes precisos e fi\u00e1veis de resist\u00eancia ao impacto. Carater\u00edsticas not\u00e1veis incluem:<\/p>\n<ul>\n<li><strong>Controlo PLC e ecr\u00e3 t\u00e1til HMI<\/strong> para um funcionamento est\u00e1vel e f\u00e1cil de utilizar.<\/li>\n<li><strong>Dois m\u00e9todos de ensaio (A e B)<\/strong> para diferentes requisitos de material.<\/li>\n<li><strong>Suspens\u00e3o electromagn\u00e9tica do dardo<\/strong> para testes precisos e repet\u00edveis.<\/li>\n<li><strong>Fixa\u00e7\u00e3o pneum\u00e1tica<\/strong> para garantir a estabilidade da amostra durante o impacto.<\/li>\n<li><strong>C\u00e1lculo autom\u00e1tico do resultado do teste<\/strong> para eliminar erros manuais.<\/li>\n<li><strong>Micro-impressora incorporada e integra\u00e7\u00e3o de software<\/strong> para a sa\u00edda e an\u00e1lise de dados.<\/li>\n<\/ul>\n\n\t\t<\/div>\n\t\t\t\t\t<\/div>\n\n\t\n\n<\/div>\n\n\t\t<\/div>\n\t\t\t\t\t<\/div>\n\n\t\n\n<\/div>\n<div class=\"row\"  id=\"row-591316462\">\n\n\n\t<div id=\"col-1881845466\" class=\"col small-12 large-12\"  >\n\t\t\t\t<div class=\"col-inner\"  >\n\t\t\t\n\t\t\t\n\n<div class=\"row\"  id=\"row-2079705425\">\n\n\n\t<div id=\"col-170415938\" class=\"col small-12 large-12\"  >\n\t\t\t\t<div class=\"col-inner\"  >\n\t\t\t\n\t\t\t\n\n\t<div id=\"text-3606161207\" class=\"text\">\n\t\t\n\n<h2>M\u00e9todos e normas de teste de impacto de dardo<\/h2>\n\t\t\n<style>\n#text-3606161207 {\n  font-size: 1.3rem;\n  text-align: center;\n}\n<\/style>\n\t<\/div>\n\t\n\n\t\t<\/div>\n\t\t\t\t\t<\/div>\n\n\t\n\n<\/div>\n<div class=\"row\"  id=\"row-1388058318\">\n\n\n\t<div id=\"col-1750605401\" class=\"col medium-6 small-12 large-6\"  >\n\t\t\t\t<div class=\"col-inner\"  >\n\t\t\t\n\t\t\t\n\n<h3><a href=\"https:\/\/www.impacttesting.net\/pt\/astm-d1709\/\">ASTM D1709<\/a> &amp; <a href=\"https:\/\/www.impacttesting.net\/pt\/iso-7765-1\/\">ISO 7765-1<\/a><\/h3>\n<p>O <strong>ensaio de impacto de dardo para pel\u00edculas de pl\u00e1stico<\/strong> segue normas reconhecidas internacionalmente, tais como <strong>ASTM D1709 e ISO 7765-1<\/strong>garantindo resultados consistentes e exactos. Estas normas descrevem a metodologia para efetuar um <strong>ensaio do dardo em queda livre<\/strong>, em que um dardo ponderado cai de uma altura especificada sobre uma amostra de pel\u00edcula, determinando o peso m\u00ednimo necess\u00e1rio para provocar a falha do material.<\/p>\n\n\t\t<\/div>\n\t\t\t\t\t<\/div>\n\n\t\n\n\t<div id=\"col-732579014\" class=\"col medium-6 small-12 large-6\"  >\n\t\t\t\t<div class=\"col-inner\"  >\n\t\t\t\n\t\t\t\n\n<h3>M\u00e9todos de ensaio: M\u00e9todo A e M\u00e9todo B<\/h3>\n<p>Ambos <strong>ASTM D1709<\/strong> e <strong>ISO 7765-1<\/strong> definem dois m\u00e9todos de ensaio distintos:<\/p>\n<ul>\n<li><strong>M\u00e9todo A<\/strong>: Utiliza um dardo com um di\u00e2metro de 38 mm e uma altura de impacto de 660 mm.<\/li>\n<li><strong>M\u00e9todo B<\/strong>: Utiliza um dardo com um di\u00e2metro de 50 mm e uma altura de impacto de 1500 mm (opcional em algumas configura\u00e7\u00f5es de ensaio).<\/li>\n<\/ul>\n\n\t\t<\/div>\n\t\t\t\t\t<\/div>\n\n\t\n\n<\/div>\n\n\t\t<\/div>\n\t\t\t\t\t<\/div>\n\n\t\n\n<\/div>\n<div class=\"row\"  id=\"row-441259960\">\n\n\n\t<div id=\"col-684869013\" class=\"col small-12 large-12\"  >\n\t\t\t\t<div class=\"col-inner\"  >\n\t\t\t\n\t\t\t\n\n<div class=\"row\"  id=\"row-1593223637\">\n\n\n\t<div id=\"col-973189173\" class=\"col small-12 large-12\"  >\n\t\t\t\t<div class=\"col-inner\"  >\n\t\t\t\n\t\t\t\n\n\t<div id=\"text-1771404776\" class=\"text\">\n\t\t\n\n<h2>Aplica\u00e7\u00f5es do testador de impacto de dardo em queda<\/h2>\n\t\t\n<style>\n#text-1771404776 {\n  font-size: 1.3rem;\n  text-align: center;\n}\n<\/style>\n\t<\/div>\n\t\n<p>O <strong>teste de impacto de dardo em queda<\/strong> \u00e9 amplamente utilizado em ind\u00fastrias como:<\/p>\n\n\t\t<\/div>\n\t\t\t\t\t<\/div>\n\n\t\n\n<\/div>\n<div class=\"row align-center row-box-shadow-3-hover\"  id=\"row-798675099\">\n\n\n\t<div id=\"col-977985968\" class=\"col medium-3 small-6 large-3\"  >\n\t\t\t\t<div class=\"col-inner box-shadow-5-hover\"  >\n\t\t\t\n\t\t\t\n\n\t<div class=\"box has-hover   has-hover box-default box-text-bottom\" >\n\n\t\t<div class=\"box-image\" style=\"width:90%;\">\n\t\t\t\t\t\t<div class=\"\" >\n\t\t\t\t<img decoding=\"async\" width=\"300\" height=\"300\" src=\"https:\/\/www.impacttesting.net\/wp-content\/uploads\/2025\/12\/Plastic-Packaging.webp\" class=\"attachment- size-\" alt=\"Embalagens de pl\u00e1stico\" srcset=\"https:\/\/www.impacttesting.net\/wp-content\/uploads\/2025\/12\/Plastic-Packaging.webp 300w, https:\/\/www.impacttesting.net\/wp-content\/uploads\/2025\/12\/Plastic-Packaging-280x280.webp 280w\" sizes=\"(max-width: 300px) 100vw, 300px\" \/>\t\t\t\t\t\t\t\t\t\t\t<\/div>\n\t\t\t\t\t<\/div>\n\n\t\t<div class=\"box-text text-center\" >\n\t\t\t<div class=\"box-text-inner\">\n\t\t\t\t\n\n<h3>Embalagens de pl\u00e1stico<\/h3>\n<p>Garantir a durabilidade da pel\u00edcula em aplica\u00e7\u00f5es de embalagens flex\u00edveis<\/p>\n\n\t\t\t<\/div>\n\t\t<\/div>\n\t<\/div>\n\t\n\n\t\t<\/div>\n\t\t\t\t\n<style>\n#col-977985968 > .col-inner {\n  padding: 30px 0px 0px 0px;\n}\n<\/style>\n\t<\/div>\n\n\t\n\n\t<div id=\"col-468412555\" class=\"col medium-3 small-6 large-3\"  >\n\t\t\t\t<div class=\"col-inner box-shadow-5-hover\"  >\n\t\t\t\n\t\t\t\n\n\t<div class=\"box has-hover   has-hover box-default box-text-bottom\" >\n\n\t\t<div class=\"box-image\" style=\"width:85%;\">\n\t\t\t\t\t\t<div class=\"\" >\n\t\t\t\t<img decoding=\"async\" width=\"300\" height=\"300\" src=\"https:\/\/www.impacttesting.net\/wp-content\/uploads\/2025\/12\/Medical-and-Pharmaceutical-Packaging.webp\" class=\"attachment- size-\" alt=\"Embalagens m\u00e9dicas e farmac\u00eauticas\" srcset=\"https:\/\/www.impacttesting.net\/wp-content\/uploads\/2025\/12\/Medical-and-Pharmaceutical-Packaging.webp 300w, https:\/\/www.impacttesting.net\/wp-content\/uploads\/2025\/12\/Medical-and-Pharmaceutical-Packaging-280x280.webp 280w\" sizes=\"(max-width: 300px) 100vw, 300px\" \/>\t\t\t\t\t\t\t\t\t\t\t<\/div>\n\t\t\t\t\t<\/div>\n\n\t\t<div class=\"box-text text-center\" >\n\t\t\t<div class=\"box-text-inner\">\n\t\t\t\t\n\n<h3>Embalagens m\u00e9dicas e farmac\u00eauticas<\/h3>\n<p>Teste de resist\u00eancia da pel\u00edcula para materiais est\u00e9reis e de prote\u00e7\u00e3o<\/p>\n\n\t\t\t<\/div>\n\t\t<\/div>\n\t<\/div>\n\t\n\n\t\t<\/div>\n\t\t\t\t\n<style>\n#col-468412555 > .col-inner {\n  padding: 30px 0px 0px 0px;\n}\n<\/style>\n\t<\/div>\n\n\t\n\n\t<div id=\"col-142137967\" class=\"col medium-3 small-6 large-3\"  >\n\t\t\t\t<div class=\"col-inner box-shadow-5-hover\"  >\n\t\t\t\n\t\t\t\n\n\t<div class=\"box has-hover   has-hover box-default box-text-bottom\" >\n\n\t\t<div class=\"box-image\" style=\"width:85%;\">\n\t\t\t\t\t\t<div class=\"\" >\n\t\t\t\t<img decoding=\"async\" width=\"300\" height=\"300\" src=\"https:\/\/www.impacttesting.net\/wp-content\/uploads\/2025\/12\/Food-Industry.webp\" class=\"attachment- size-\" alt=\"Ind\u00fastria alimentar\" srcset=\"https:\/\/www.impacttesting.net\/wp-content\/uploads\/2025\/12\/Food-Industry.webp 300w, https:\/\/www.impacttesting.net\/wp-content\/uploads\/2025\/12\/Food-Industry-280x280.webp 280w\" sizes=\"(max-width: 300px) 100vw, 300px\" \/>\t\t\t\t\t\t\t\t\t\t\t<\/div>\n\t\t\t\t\t<\/div>\n\n\t\t<div class=\"box-text text-center\" >\n\t\t\t<div class=\"box-text-inner\">\n\t\t\t\t\n\n<h3>Ind\u00fastria alimentar<\/h3>\n<p>Avalia\u00e7\u00e3o da resist\u00eancia das pel\u00edculas de pl\u00e1stico utilizadas na armazenagem e transporte de alimentos<\/p>\n\n\t\t\t<\/div>\n\t\t<\/div>\n\t<\/div>\n\t\n\n\t\t<\/div>\n\t\t\t\t\n<style>\n#col-142137967 > .col-inner {\n  padding: 30px 0px 0px 0px;\n}\n<\/style>\n\t<\/div>\n\n\t\n\n\t<div id=\"col-1636583927\" class=\"col medium-3 small-6 large-3\"  >\n\t\t\t\t<div class=\"col-inner box-shadow-5-hover\"  >\n\t\t\t\n\t\t\t\n\n\t<div class=\"box has-hover   has-hover box-default box-text-bottom\" >\n\n\t\t<div class=\"box-image\" style=\"width:90%;\">\n\t\t\t\t\t\t<div class=\"\" >\n\t\t\t\t<img decoding=\"async\" width=\"300\" height=\"300\" src=\"https:\/\/www.impacttesting.net\/wp-content\/uploads\/2025\/12\/Electronics-and-Consumer-Goods.webp\" class=\"attachment- size-\" alt=\"Eletr\u00f3nica e bens de consumo\" srcset=\"https:\/\/www.impacttesting.net\/wp-content\/uploads\/2025\/12\/Electronics-and-Consumer-Goods.webp 300w, https:\/\/www.impacttesting.net\/wp-content\/uploads\/2025\/12\/Electronics-and-Consumer-Goods-280x280.webp 280w\" sizes=\"(max-width: 300px) 100vw, 300px\" \/>\t\t\t\t\t\t\t\t\t\t\t<\/div>\n\t\t\t\t\t<\/div>\n\n\t\t<div class=\"box-text text-center\" >\n\t\t\t<div class=\"box-text-inner\">\n\t\t\t\t\n\n<h3>Eletr\u00f3nica e bens de consumo<\/h3>\n<p>Verifica\u00e7\u00e3o da resist\u00eancia ao impacto de pel\u00edculas e revestimentos de prote\u00e7\u00e3o<\/p>\n\n\t\t\t<\/div>\n\t\t<\/div>\n\t<\/div>\n\t\n\n\t\t<\/div>\n\t\t\t\t\n<style>\n#col-1636583927 > .col-inner {\n  padding: 30px 0px 0px 0px;\n}\n<\/style>\n\t<\/div>\n\n\t\n\n<\/div>\n\n\t\t<\/div>\n\t\t\t\t\t<\/div>\n\n\t\n\n<\/div>\n\n\t\t<\/div>\n\n\t\t\n<style>\n#section_1073739897 {\n  padding-top: 30px;\n  padding-bottom: 30px;\n}\n<\/style>\n\t<\/section>\n\t\n\t<section class=\"section\" id=\"section_1215074094\">\n\t\t<div class=\"bg section-bg fill bg-fill  bg-loaded\" >\n\n\t\t\t\n\t\t\t\n\t\t\t\n\n\t\t<\/div>\n\n\t\t\n\n\t\t<div class=\"section-content relative\">\n\t\t\t\n\n<div class=\"row\"  id=\"row-909958147\">\n\n\n\t<div id=\"col-320526920\" class=\"col small-12 large-12\"  >\n\t\t\t\t<div class=\"col-inner\"  >\n\t\t\t\n\t\t\t\n\n<div class=\"row align-equal align-center\"  id=\"row-584577638\">\n\n\n\t<div id=\"col-272990235\" class=\"col small-12 large-12\"  >\n\t\t\t\t<div class=\"col-inner\"  >\n\t\t\t\n\t\t\t\n\n\t<div id=\"text-1979899110\" class=\"text\">\n\t\t\n\n<h2>Porqu\u00ea escolher o Impacttesting.net<br \/>Testador de impacto de dardo em queda FDT-01?<\/h2>\n\t\t\n<style>\n#text-1979899110 {\n  font-size: 1.4rem;\n  text-align: center;\n}\n<\/style>\n\t<\/div>\n\t\n\n\t\t<\/div>\n\t\t\t\t\t<\/div>\n\n\t\n\n\t<div id=\"col-1629919328\" class=\"col medium-8 small-12 large-8\"  >\n\t\t\t\t<div class=\"col-inner text-center\"  >\n\t\t\t\n\t\t\t\n\n\t<div id=\"text-2803519614\" class=\"text\">\n\t\t\n\n<p>Conformidade com <strong>ASTM D1709 E ISO 7765-1<\/strong> para testes exactos e normalizados.<br \/>Avan\u00e7ado <strong>automatiza\u00e7\u00e3o e facilidade de utiliza\u00e7\u00e3o<\/strong> atrav\u00e9s de um PLC e de uma interface de ecr\u00e3 t\u00e1til.<br \/><strong>Resultados fi\u00e1veis<\/strong> com medi\u00e7\u00e3o de impacto de alta precis\u00e3o.<br \/><strong>Op\u00e7\u00f5es personaliz\u00e1veis<\/strong> para necessidades \u00fanicas de ensaio de materiais.<\/p>\n\t\t\n<style>\n#text-2803519614 {\n  font-size: 1.1rem;\n  line-height: 2;\n}\n<\/style>\n\t<\/div>\n\t\n<a href=\"https:\/\/www.impacttesting.net\/pt\/contact-us\/\" class=\"button primary is-outline\"  style=\"border-radius:99px;\">\n    <span>Contactar-nos<\/span>\n  <i class=\"icon-chat\" aria-hidden=\"true\" ><\/i><\/a>\n\n\n\n\t\t<\/div>\n\t\t\t\t\t<\/div>\n\n\t\n\n\t<div id=\"col-1407788690\" class=\"col medium-4 small-12 large-4\"  >\n\t\t\t\t<div class=\"col-inner text-center\"  >\n\t\t\t\n\t\t\t\n\n\n<div class=\"wpcf7 no-js\" id=\"wpcf7-f10-o1\" lang=\"en-US\" dir=\"ltr\" data-wpcf7-id=\"10\">\n<div class=\"screen-reader-response\"><p role=\"status\" aria-live=\"polite\" aria-atomic=\"true\"><\/p> <ul><\/ul><\/div>\n<form action=\"\/pt\/wp-json\/wp\/v2\/pages\/79#wpcf7-f10-o1\" method=\"post\" class=\"wpcf7-form init\" aria-label=\"Contact form\" novalidate=\"novalidate\" data-status=\"init\" data-trp-original-action=\"\/pt\/wp-json\/wp\/v2\/pages\/79#wpcf7-f10-o1\">\n<fieldset class=\"hidden-fields-container\"><input type=\"hidden\" name=\"_wpcf7\" value=\"10\" \/><input type=\"hidden\" name=\"_wpcf7_version\" value=\"6.1.4\" \/><input type=\"hidden\" name=\"_wpcf7_locale\" value=\"en_US\" \/><input type=\"hidden\" name=\"_wpcf7_unit_tag\" value=\"wpcf7-f10-o1\" \/><input type=\"hidden\" name=\"_wpcf7_container_post\" value=\"0\" \/><input type=\"hidden\" name=\"_wpcf7_posted_data_hash\" value=\"\" \/><input type=\"hidden\" name=\"_wpcf7_recaptcha_response\" value=\"\" \/>\n<\/fieldset>\n<p><span class=\"wpcf7-form-control-wrap\" data-name=\"Name\"><input size=\"40\" maxlength=\"400\" class=\"wpcf7-form-control wpcf7-text\" aria-invalid=\"false\" placeholder=\"O seu nome\" value=\"\" type=\"text\" name=\"Name\" \/><\/span><br \/>\n<span class=\"wpcf7-form-control-wrap\" data-name=\"Comapany\"><input size=\"40\" maxlength=\"400\" class=\"wpcf7-form-control wpcf7-text\" aria-invalid=\"false\" placeholder=\"A sua empresa\" value=\"\" type=\"text\" name=\"Comapany\" \/><\/span><br \/>\n<span class=\"wpcf7-form-control-wrap\" data-name=\"Email\"><input size=\"40\" maxlength=\"400\" class=\"wpcf7-form-control wpcf7-email wpcf7-validates-as-required wpcf7-text wpcf7-validates-as-email\" aria-required=\"true\" aria-invalid=\"false\" placeholder=\"O seu e-mail*\" value=\"\" type=\"email\" name=\"Email\" \/><\/span><br \/>\n<span class=\"wpcf7-form-control-wrap\" data-name=\"Message\"><textarea cols=\"40\" rows=\"10\" maxlength=\"2000\" class=\"wpcf7-form-control wpcf7-textarea\" aria-invalid=\"false\" placeholder=\"Mensagem\" name=\"Message\"><\/textarea><\/span>\n<\/p>\n<p><input class=\"wpcf7-form-control wpcf7-submit has-spinner\" type=\"submit\" value=\"Enviar\" \/>\n<\/p><div class=\"wpcf7-response-output\" aria-hidden=\"true\"><\/div>\n<input type=\"hidden\" name=\"trp-form-language\" value=\"pt\"\/><\/form>\n<\/div>\n\n\n\n\t\t<\/div>\n\t\t\t\t\t<\/div>\n\n\t\n\n<\/div>\n\n\t\t<\/div>\n\t\t\t\t\t<\/div>\n\n\t\n\n<\/div>\n\n\t\t<\/div>\n\n\t\t\n<style>\n#section_1215074094 {\n  padding-top: 30px;\n  padding-bottom: 30px;\n  background-color: rgb(232, 234, 241);\n}\n<\/style>\n\t<\/section>","protected":false},"excerpt":{"rendered":"","protected":false},"author":1,"featured_media":0,"parent":0,"menu_order":0,"comment_status":"closed","ping_status":"closed","template":"page-blank.php","meta":{"footnotes":""},"class_list":["post-79","page","type-page","status-publish","hentry"],"_links":{"self":[{"href":"https:\/\/www.impacttesting.net\/pt\/wp-json\/wp\/v2\/pages\/79","targetHints":{"allow":["GET"]}}],"collection":[{"href":"https:\/\/www.impacttesting.net\/pt\/wp-json\/wp\/v2\/pages"}],"about":[{"href":"https:\/\/www.impacttesting.net\/pt\/wp-json\/wp\/v2\/types\/page"}],"author":[{"embeddable":true,"href":"https:\/\/www.impacttesting.net\/pt\/wp-json\/wp\/v2\/users\/1"}],"replies":[{"embeddable":true,"href":"https:\/\/www.impacttesting.net\/pt\/wp-json\/wp\/v2\/comments?post=79"}],"version-history":[{"count":2,"href":"https:\/\/www.impacttesting.net\/pt\/wp-json\/wp\/v2\/pages\/79\/revisions"}],"predecessor-version":[{"id":84,"href":"https:\/\/www.impacttesting.net\/pt\/wp-json\/wp\/v2\/pages\/79\/revisions\/84"}],"wp:attachment":[{"href":"https:\/\/www.impacttesting.net\/pt\/wp-json\/wp\/v2\/media?parent=79"}],"curies":[{"name":"wp","href":"https:\/\/api.w.org\/{rel}","templated":true}]}}