{"id":74,"date":"2025-12-24T06:33:06","date_gmt":"2025-12-24T06:33:06","guid":{"rendered":"https:\/\/www.impacttesting.net\/?page_id=74"},"modified":"2025-12-24T06:33:06","modified_gmt":"2025-12-24T06:33:06","slug":"ball-drop-tester","status":"publish","type":"page","link":"https:\/\/www.impacttesting.net\/pt\/ball-drop-tester\/","title":{"rendered":"Testador de queda de bola FBT-01"},"content":{"rendered":"<section class=\"section\" id=\"section_2134675372\">\n\t\t<div class=\"bg section-bg fill bg-fill  bg-loaded\" >\n\n\t\t\t\n\t\t\t\n\t\t\t\n\n\t\t<\/div>\n\n\t\t\n\n\t\t<div class=\"section-content relative\">\n\t\t\t\n\n<div class=\"row\"  id=\"row-2128609343\">\n\n\n\t<div id=\"col-67655363\" class=\"col small-12 large-12\"  >\n\t\t\t\t<div class=\"col-inner\" style=\"background-color:rgb(92, 171, 188);\" >\n\t\t\t\n\t\t\t\n\n<div class=\"row\"  id=\"row-663484162\">\n\n\n\t<div id=\"col-1895691247\" class=\"col small-12 large-12\"  >\n\t\t\t\t<div class=\"col-inner\"  >\n\t\t\t\n\t\t\t\n\n\t<div id=\"text-1290505863\" class=\"text\">\n\t\t\n\n<h1>Testador de queda de bola FBT-01<\/h1>\n\t\t\n<style>\n#text-1290505863 {\n  font-size: 1.5rem;\n  text-align: center;\n}\n<\/style>\n\t<\/div>\n\t\n\n\t\t<\/div>\n\t\t\t\t\n<style>\n#col-1895691247 > .col-inner {\n  padding: 50px 10px 10px 10px;\n}\n<\/style>\n\t<\/div>\n\n\t\n\n<\/div>\n<div class=\"row align-middle align-center\"  id=\"row-1820717012\">\n\n\n\t<div id=\"col-930772915\" class=\"col medium-11 small-12 large-11\"  >\n\t\t\t\t<div class=\"col-inner\"  >\n\t\t\t\n\t\t\t\n\n<div class=\"row align-middle align-center\"  id=\"row-1936876452\">\n\n\n\t<div id=\"col-719401464\" class=\"col medium-7 small-12 large-7\"  >\n\t\t\t\t<div class=\"col-inner\"  >\n\t\t\t\n\t\t\t\n\n<div class=\"row\"  id=\"row-2089618866\">\n\n\n\t<div id=\"col-1060918635\" class=\"col small-12 large-12\"  >\n\t\t\t\t<div class=\"col-inner text-center\"  >\n\t\t\t\n\t\t\t\n\n\t<div id=\"text-342481249\" class=\"text\">\n\t\t\n\n<p>O <a href=\"https:\/\/www.impacttesting.net\/pt\/ball-drop-tester\/\"><strong>testador de queda de bolas<\/strong><\/a> \u00e9 um instrumento essencial utilizado para avaliar a resist\u00eancia ao impacto de materiais como folhas de pl\u00e1stico, pel\u00edculas e \u00f3culos de prote\u00e7\u00e3o. Este teste \u00e9 crucial em ind\u00fastrias como a da embalagem, autom\u00f3vel e fabrico de equipamento de seguran\u00e7a, assegurando que os materiais podem suportar for\u00e7as externas sem danos significativos.<\/p>\n\t\t\n<style>\n#text-342481249 {\n  color: rgb(0, 0, 0);\n}\n#text-342481249 > * {\n  color: rgb(0, 0, 0);\n}\n<\/style>\n\t<\/div>\n\t\n\n\t\t<\/div>\n\t\t\t\t\t<\/div>\n\n\t\n\n\t<div id=\"col-1976168060\" class=\"col small-12 large-12\"  >\n\t\t\t\t<div class=\"col-inner text-center\"  >\n\t\t\t\n\t\t\t\n\n<a href=\"https:\/\/www.impacttesting.net\/pt\/contact-us\/\" class=\"button primary is-outline\"  style=\"border-radius:99px;\">\n    <span>Contactar-nos<\/span>\n  <i class=\"icon-chat\" aria-hidden=\"true\" ><\/i><\/a>\n\n\n\n\t\t<\/div>\n\t\t\t\t\t<\/div>\n\n\t\n\n<\/div>\n\n\t\t<\/div>\n\t\t\t\t\t<\/div>\n\n\t\n\n\t<div id=\"col-456674532\" class=\"col medium-3 small-12 large-3\"  >\n\t\t\t\t<div class=\"col-inner\"  >\n\t\t\t\n\t\t\t\n\n<div class=\"row\"  id=\"row-623934749\">\n\n\n\t<div id=\"col-913853303\" class=\"col small-12 large-12\"  >\n\t\t\t\t<div class=\"col-inner text-center\"  >\n\t\t\t\n\t\t\t\n\n\t<div class=\"img has-hover x md-x lg-x y md-y lg-y\" id=\"image_1973605101\">\n\t\t\t\t\t\t\t\t<div class=\"img-inner dark\" >\n\t\t\t<img decoding=\"async\" width=\"318\" height=\"800\" src=\"https:\/\/www.impacttesting.net\/wp-content\/uploads\/2025\/12\/Ball-Drop-Tester-Ball-Impact-Test-for-Safety-Glasses-318x800.webp\" class=\"attachment-large size-large\" alt=\"Ball Drop Tester - Teste de impacto de bola para \u00f3culos de prote\u00e7\u00e3o\" srcset=\"https:\/\/www.impacttesting.net\/wp-content\/uploads\/2025\/12\/Ball-Drop-Tester-Ball-Impact-Test-for-Safety-Glasses-318x800.webp 318w, https:\/\/www.impacttesting.net\/wp-content\/uploads\/2025\/12\/Ball-Drop-Tester-Ball-Impact-Test-for-Safety-Glasses-159x400.webp 159w, https:\/\/www.impacttesting.net\/wp-content\/uploads\/2025\/12\/Ball-Drop-Tester-Ball-Impact-Test-for-Safety-Glasses-768x1934.webp 768w, https:\/\/www.impacttesting.net\/wp-content\/uploads\/2025\/12\/Ball-Drop-Tester-Ball-Impact-Test-for-Safety-Glasses-610x1536.webp 610w, https:\/\/www.impacttesting.net\/wp-content\/uploads\/2025\/12\/Ball-Drop-Tester-Ball-Impact-Test-for-Safety-Glasses-813x2048.webp 813w, https:\/\/www.impacttesting.net\/wp-content\/uploads\/2025\/12\/Ball-Drop-Tester-Ball-Impact-Test-for-Safety-Glasses-scaled.webp 1017w\" sizes=\"(max-width: 318px) 100vw, 318px\" \/>\t\t\t\t\t\t\n\t\t\t\t\t<\/div>\n\t\t\t\t\t\t\t\t\n<style>\n#image_1973605101 {\n  width: 80%;\n}\n<\/style>\n\t<\/div>\n\t\n\n\n\t\t<\/div>\n\t\t\t\t\t<\/div>\n\n\t\n\n<\/div>\n\n\t\t<\/div>\n\t\t\t\t\t<\/div>\n\n\t\n\n<\/div>\n\n\t\t<\/div>\n\t\t\t\t\t<\/div>\n\n\t\n\n<\/div>\n\n\t\t<\/div>\n\t\t\t\t\t<\/div>\n\n\t\n\n\n<style>\n#row-2128609343 > .col > .col-inner {\n  border-radius: 25px;\n}\n<\/style>\n<\/div>\n\n\t\t<\/div>\n\n\t\t\n<style>\n#section_2134675372 {\n  padding-top: 30px;\n  padding-bottom: 30px;\n}\n<\/style>\n\t<\/section>\n\t\n\t<section class=\"section\" id=\"section_1977584384\">\n\t\t<div class=\"bg section-bg fill bg-fill  bg-loaded\" >\n\n\t\t\t\n\t\t\t\n\t\t\t\n\n\t\t<\/div>\n\n\t\t\n\n\t\t<div class=\"section-content relative\">\n\t\t\t\n\n<div class=\"row\"  id=\"row-647229655\">\n\n\n\t<div id=\"col-1195024846\" class=\"col small-12 large-12\"  >\n\t\t\t\t<div class=\"col-inner\"  >\n\t\t\t\n\t\t\t\n\n<div class=\"row\"  id=\"row-2124557937\">\n\n\n\t<div id=\"col-701351153\" class=\"col small-12 large-12\"  >\n\t\t\t\t<div class=\"col-inner\"  >\n\t\t\t\n\t\t\t\n\n<div class=\"row align-middle align-center\"  id=\"row-1937646958\">\n\n\n\t<div id=\"col-1102799508\" class=\"col medium-5 small-12 large-5\"  >\n\t\t\t\t<div class=\"col-inner text-center\"  >\n\t\t\t\n\t\t\t\n\n\t<div class=\"img has-hover x md-x lg-x y md-y lg-y\" id=\"image_1184490104\">\n\t\t\t\t\t\t\t\t<div class=\"img-inner dark\" >\n\t\t\t<img decoding=\"async\" width=\"600\" height=\"720\" src=\"https:\/\/www.impacttesting.net\/wp-content\/uploads\/2025\/12\/Ball-Drop-Tester.webp\" class=\"attachment-large size-large\" alt=\"Testador de queda de bolas\" srcset=\"https:\/\/www.impacttesting.net\/wp-content\/uploads\/2025\/12\/Ball-Drop-Tester.webp 600w, https:\/\/www.impacttesting.net\/wp-content\/uploads\/2025\/12\/Ball-Drop-Tester-333x400.webp 333w\" sizes=\"(max-width: 600px) 100vw, 600px\" \/>\t\t\t\t\t\t\n\t\t\t\t\t<\/div>\n\t\t\t\t\t\t\t\t\n<style>\n#image_1184490104 {\n  width: 100%;\n}\n<\/style>\n\t<\/div>\n\t\n\n\n\t\t<\/div>\n\t\t\t\t\t<\/div>\n\n\t\n\n\t<div id=\"col-788748979\" class=\"col medium-7 small-12 large-7\"  >\n\t\t\t\t<div class=\"col-inner text-left\"  >\n\t\t\t\n\t\t\t\n\n\t<div id=\"text-2568596600\" class=\"text\">\n\t\t\n\n<h2>Compreender o testador de queda de bolas<\/h2>\n\t\t\n<style>\n#text-2568596600 {\n  font-size: 1.3rem;\n  text-align: left;\n}\n<\/style>\n\t<\/div>\n\t\n<p>O dispositivo funciona atrav\u00e9s da queda de uma esfera de a\u00e7o com uma massa e di\u00e2metro especificados, a partir de uma altura pr\u00e9-determinada, sobre o provete de ensaio. O grau de dano ou deforma\u00e7\u00e3o \u00e9 analisado para avaliar a resist\u00eancia ao impacto. Este teste \u00e9 particularmente importante para o cumprimento de normas de seguran\u00e7a, tais como <strong><a href=\"https:\/\/www.impacttesting.net\/pt\/ansi-z87-1\/\">ANSI Z87.1<\/a> ensaio de impacto<\/strong>.<\/p>\n<a href=\"https:\/\/www.impacttesting.net\/pt\/contact-us\/\" class=\"button primary is-outline\"  style=\"border-radius:99px;\">\n    <span>Contactar-nos<\/span>\n  <\/a>\n\n\n\n\t\t<\/div>\n\t\t\t\t\t<\/div>\n\n\t\n\n<\/div>\n\n\t\t<\/div>\n\t\t\t\t\t<\/div>\n\n\t\n\n<\/div>\n\n\t\t<\/div>\n\t\t\t\t\t<\/div>\n\n\t\n\n<\/div>\n<div class=\"row\"  id=\"row-1494294546\">\n\n\n\t<div id=\"col-1454414111\" class=\"col small-12 large-12\"  >\n\t\t\t\t<div class=\"col-inner\"  >\n\t\t\t\n\t\t\t\n\n<div class=\"row\"  id=\"row-1380598772\">\n\n\n\t<div id=\"col-1336327647\" class=\"col small-12 large-12\"  >\n\t\t\t\t<div class=\"col-inner\"  >\n\t\t\t\n\t\t\t\n\n\t<div id=\"text-92634265\" class=\"text\">\n\t\t\n\n<h2>Teste de impacto ANSI Z87.1: Principais requisitos<\/h2>\n\t\t\n<style>\n#text-92634265 {\n  font-size: 1.3rem;\n  text-align: center;\n}\n<\/style>\n\t<\/div>\n\t\n\n\t\t<\/div>\n\t\t\t\t\t<\/div>\n\n\t\n\n<\/div>\n<div class=\"row align-middle align-center\"  id=\"row-764404341\">\n\n\n\t<div id=\"col-935486792\" class=\"col medium-7 small-12 large-7\"  >\n\t\t\t\t<div class=\"col-inner\"  >\n\t\t\t\n\t\t\t\n\n<p>O <strong>Teste de impacto ANSI Z87.1<\/strong> \u00e9 um m\u00e9todo normalizado concebido para avaliar a resist\u00eancia ao impacto dos \u00f3culos de prote\u00e7\u00e3o. O objetivo deste teste \u00e9 garantir que os \u00f3culos de seguran\u00e7a, os \u00f3culos de prote\u00e7\u00e3o e as protec\u00e7\u00f5es faciais cumprem os requisitos m\u00ednimos de seguran\u00e7a para proteger os utilizadores de proj\u00e9cteis de alta velocidade.<\/p>\n<h3>Aparelhos de ensaio e configura\u00e7\u00e3o<\/h3>\n<ul>\n<li>Utiliza-se uma cabe\u00e7a r\u00edgida para fixar o provete de ensaio numa posi\u00e7\u00e3o virada para cima.<\/li>\n<li>A <strong>Esfera de a\u00e7o com 25,4 mm (1,0 pol.) de di\u00e2metro<\/strong>, pesando <strong>68 g (2,4 oz)<\/strong>, serve de proj\u00e9til.<\/li>\n<li>A bola de a\u00e7o \u00e9 libertada de um <strong>altura de 127 cm (50 in.)<\/strong> atrav\u00e9s de um tubo guiado.<\/li>\n<li>A base da cabe\u00e7a tem uma massa de, pelo menos <strong>30 kg (66 lb)<\/strong> para garantir a estabilidade durante os ensaios.<\/li>\n<\/ul>\n<h3>Procedimento de ensaio<\/h3>\n<ol>\n<li>O provete de ensaio \u00e9 montado de forma segura na cabe\u00e7a, imitando as condi\u00e7\u00f5es de utiliza\u00e7\u00e3o no mundo real.<\/li>\n<li>Um bloco de suporte \u00e9 colocado atr\u00e1s do esp\u00e9cime para manter o alinhamento correto.<\/li>\n<li>A esfera de a\u00e7o \u00e9 largada sobre a superf\u00edcie da lente ou do material em linha com a zona dos olhos.<\/li>\n<li>O teste \u00e9 repetido quatro vezes em diferentes pontos da lente para garantir a exatid\u00e3o.<\/li>\n<li>Os danos causados pelo impacto s\u00e3o analisados para determinar se o material cumpre os crit\u00e9rios de seguran\u00e7a.<\/li>\n<\/ol>\n\n\t\t<\/div>\n\t\t\t\t\t<\/div>\n\n\t\n\n\t<div id=\"col-907092826\" class=\"col medium-4 small-12 large-4\"  >\n\t\t\t\t<div class=\"col-inner\"  >\n\t\t\t\n\t\t\t\n\n<div class=\"video video-fit mb\" style=\"padding-top:200%;\"><iframe title=\"Aparelho de ensaio de impacto de esferas em queda para pel\u00edculas e folhas de pl\u00e1stico\" width=\"563\" height=\"1000\" src=\"https:\/\/www.youtube.com\/embed\/AvdivZPwIxc?feature=oembed\" frameborder=\"0\" allow=\"accelerometer; autoplay; clipboard-write; encrypted-media; gyroscope; picture-in-picture; web-share\" referrerpolicy=\"strict-origin-when-cross-origin\" allowfullscreen><\/iframe><\/div>\n\n\n\t\t<\/div>\n\t\t\t\t\t<\/div>\n\n\t\n\n<\/div>\n\n\t\t<\/div>\n\t\t\t\t\t<\/div>\n\n\t\n\n<\/div>\n<div class=\"row\"  id=\"row-62399928\">\n\n\n\t<div id=\"col-1711258823\" class=\"col small-12 large-12\"  >\n\t\t\t\t<div class=\"col-inner\"  >\n\t\t\t\n\t\t\t\n\n<div class=\"row\"  id=\"row-1010381941\">\n\n\n\t<div id=\"col-727941284\" class=\"col small-12 large-12\"  >\n\t\t\t\t<div class=\"col-inner\"  >\n\t\t\t\n\t\t\t\n\n\t<div id=\"text-297935073\" class=\"text\">\n\t\t\n\n<h2>FBT-01 Testador de impacto de dardo em queda<\/h2>\n\t\t\n<style>\n#text-297935073 {\n  font-size: 1.3rem;\n  text-align: center;\n}\n<\/style>\n\t<\/div>\n\t\n\n\t\t<\/div>\n\t\t\t\t\t<\/div>\n\n\t\n\n<\/div>\n<div class=\"row align-middle align-center\"  id=\"row-505883221\">\n\n\n\t<div id=\"col-441037663\" class=\"col medium-6 small-12 large-6\"  >\n\t\t\t\t<div class=\"col-inner\"  >\n\t\t\t\n\t\t\t\n\n<h3>Carater\u00edsticas principais:<\/h3>\n<ul>\n<li><strong>Altura de impacto ajust\u00e1vel<\/strong> para cen\u00e1rios de teste personalizados<\/li>\n<li><strong>V\u00e1rias op\u00e7\u00f5es de tamanho de bola<\/strong> para aplica\u00e7\u00f5es de teste variadas<\/li>\n<li><strong>Suspens\u00e3o electromagn\u00e9tica de esferas<\/strong> para um tempo de liberta\u00e7\u00e3o preciso<\/li>\n<li><strong>Fixa\u00e7\u00e3o pneum\u00e1tica de amostras<\/strong> para um posicionamento seguro do esp\u00e9cime<\/li>\n<li><strong>Visualiza\u00e7\u00e3o do resultado do teste de v\u00e1rias unidades<\/strong> para uma f\u00e1cil interpreta\u00e7\u00e3o dos dados<\/li>\n<li><strong>Micro-impressora integrada<\/strong> para documenta\u00e7\u00e3o de resultados no local<\/li>\n<li><strong>Software profissional opcional<\/strong> para an\u00e1lise avan\u00e7ada de dados<\/li>\n<\/ul>\n\n\t\t<\/div>\n\t\t\t\t\t<\/div>\n\n\t\n\n\t<div id=\"col-291216763\" class=\"col medium-6 small-12 large-6\"  >\n\t\t\t\t<div class=\"col-inner\"  >\n\t\t\t\n\t\t\t\n\n<h3>Especifica\u00e7\u00f5es t\u00e9cnicas:<\/h3>\n<ul>\n<li><strong>Altura do impacto<\/strong>: Regul\u00e1vel de 300 mm a 600 mm (extens\u00edvel conforme necess\u00e1rio)<\/li>\n<li><strong>Di\u00e2metros das bolas<\/strong>: 23 mm, 25 mm, 28,6 mm, 38,1 mm, 50,8 mm<\/li>\n<li><strong>Exatid\u00e3o<\/strong>: 0,1g (0,1J)<\/li>\n<li><strong>Tamanho do esp\u00e9cime<\/strong>: M\u00ednimo 150 mm x 150 mm<\/li>\n<li><strong>Fornecimento de g\u00e1s<\/strong>: 0,6 MPa Tubo de PU (\u03a68 mm)<\/li>\n<li><strong>Fonte de alimenta\u00e7\u00e3o<\/strong>: AC 110~220V, 50Hz<\/li>\n<\/ul>\n\n\t\t<\/div>\n\t\t\t\t\t<\/div>\n\n\t\n\n<\/div>\n\n\t\t<\/div>\n\t\t\t\t\t<\/div>\n\n\t\n\n<\/div>\n<div class=\"row\"  id=\"row-1318910070\">\n\n\n\t<div id=\"col-1872422686\" class=\"col small-12 large-12\"  >\n\t\t\t\t<div class=\"col-inner\"  >\n\t\t\t\n\t\t\t\n\n<div class=\"row\"  id=\"row-1120282532\">\n\n\n\t<div id=\"col-2024195803\" class=\"col small-12 large-12\"  >\n\t\t\t\t<div class=\"col-inner\"  >\n\t\t\t\n\t\t\t\n\n\t<div id=\"text-470083196\" class=\"text\">\n\t\t\n\n<h2>Teste de impacto de bola: Factores que afectam os resultados<\/h2>\n\t\t\n<style>\n#text-470083196 {\n  font-size: 1.3rem;\n  text-align: center;\n}\n<\/style>\n\t<\/div>\n\t\n\n\t\t<\/div>\n\t\t\t\t\t<\/div>\n\n\t\n\n\t<div id=\"col-1379372033\" class=\"col small-12 large-12\"  >\n\t\t\t\t<div class=\"col-inner\"  >\n\t\t\t\n\t\t\t\n\n<p>O ensaio de impacto de bola mede a capacidade de os materiais resistirem ao contacto vigoroso com um objeto em queda. V\u00e1rios factores influenciam os resultados do ensaio:<\/p>\n<h4>1. Altura de queda<\/h4>\n<p>Alturas de queda mais elevadas geram maior energia de impacto, simulando cen\u00e1rios mais extremos do mundo real.<\/p>\n<h4>2. Tamanho e massa da bola<\/h4>\n<p>As bolas maiores e mais pesadas exercem maior for\u00e7a no impacto, afectando o grau de deforma\u00e7\u00e3o ou quebra de um material.<\/p>\n<h4>3. Propriedades dos materiais<\/h4>\n<p>A resist\u00eancia, a espessura e a elasticidade contribuem para a forma como um material absorve e dispersa a energia do impacto.<\/p>\n\n\t\t<\/div>\n\t\t\t\t\t<\/div>\n\n\t\n\n<\/div>\n\n\t\t<\/div>\n\t\t\t\t\t<\/div>\n\n\t\n\n<\/div>\n\n\t\t<\/div>\n\n\t\t\n<style>\n#section_1977584384 {\n  padding-top: 30px;\n  padding-bottom: 30px;\n}\n<\/style>\n\t<\/section>\n\t\n\t<section class=\"section\" id=\"section_1718648903\">\n\t\t<div class=\"bg section-bg fill bg-fill  bg-loaded\" >\n\n\t\t\t\n\t\t\t\n\t\t\t\n\n\t\t<\/div>\n\n\t\t\n\n\t\t<div class=\"section-content relative\">\n\t\t\t\n\n<div class=\"row\"  id=\"row-1163455962\">\n\n\n\t<div id=\"col-1873698570\" class=\"col small-12 large-12\"  >\n\t\t\t\t<div class=\"col-inner\"  >\n\t\t\t\n\t\t\t\n\n<div class=\"row align-equal align-center\"  id=\"row-1007605654\">\n\n\n\t<div id=\"col-1823268156\" class=\"col small-12 large-12\"  >\n\t\t\t\t<div class=\"col-inner\"  >\n\t\t\t\n\t\t\t\n\n\t<div id=\"text-2199711119\" class=\"text\">\n\t\t\n\n<h2>Porqu\u00ea escolher o Impacttesting.net<br \/>Testador de queda de bola FBT-01<\/h2>\n\t\t\n<style>\n#text-2199711119 {\n  font-size: 1.4rem;\n  text-align: center;\n}\n<\/style>\n\t<\/div>\n\t\n\n\t\t<\/div>\n\t\t\t\t\t<\/div>\n\n\t\n\n\t<div id=\"col-1673472534\" class=\"col medium-6 small-12 large-6\"  >\n\t\t\t\t<div class=\"col-inner text-center\"  >\n\t\t\t\n\t\t\t\n\n\t<div id=\"text-2575338986\" class=\"text\">\n\t\t\n\n<p>O <strong>testador de queda de bolas<\/strong> \u00e9 uma ferramenta essencial para fabricantes e profissionais de controlo de qualidade. Ajuda a garantir que os materiais cumprem os requisitos de resist\u00eancia ao impacto, proporcionando confian\u00e7a na durabilidade do produto e na seguran\u00e7a do utilizador. Quer se trate de testar \u00f3culos de prote\u00e7\u00e3o sob <a href=\"https:\/\/www.impacttesting.net\/pt\/ansi-z87-1\/\"><strong>Normas ANSI Z87.1<\/strong><\/a> ou a condu\u00e7\u00e3o de actividades gerais <strong>ensaios de impacto de esferas<\/strong>Este m\u00e9todo desempenha um papel fundamental na avalia\u00e7\u00e3o do desempenho dos materiais.<\/p>\n\t\t\n<style>\n#text-2575338986 {\n  font-size: 1.1rem;\n  line-height: 2;\n}\n<\/style>\n\t<\/div>\n\t\n<a href=\"https:\/\/www.impacttesting.net\/pt\/contact-us\/\" class=\"button primary is-outline\"  style=\"border-radius:99px;\">\n    <span>Contactar-nos<\/span>\n  <i class=\"icon-chat\" aria-hidden=\"true\" ><\/i><\/a>\n\n\n\n\t\t<\/div>\n\t\t\t\t\t<\/div>\n\n\t\n\n\t<div id=\"col-1537278754\" class=\"col medium-4 small-12 large-4\"  >\n\t\t\t\t<div class=\"col-inner text-center\"  >\n\t\t\t\n\t\t\t\n\n\n<div class=\"wpcf7 no-js\" id=\"wpcf7-f10-o1\" lang=\"en-US\" dir=\"ltr\" data-wpcf7-id=\"10\">\n<div class=\"screen-reader-response\"><p role=\"status\" aria-live=\"polite\" aria-atomic=\"true\"><\/p> <ul><\/ul><\/div>\n<form action=\"\/pt\/wp-json\/wp\/v2\/pages\/74#wpcf7-f10-o1\" method=\"post\" class=\"wpcf7-form init\" aria-label=\"Contact form\" novalidate=\"novalidate\" data-status=\"init\" data-trp-original-action=\"\/pt\/wp-json\/wp\/v2\/pages\/74#wpcf7-f10-o1\">\n<fieldset class=\"hidden-fields-container\"><input type=\"hidden\" name=\"_wpcf7\" value=\"10\" \/><input type=\"hidden\" name=\"_wpcf7_version\" value=\"6.1.4\" \/><input type=\"hidden\" name=\"_wpcf7_locale\" value=\"en_US\" \/><input type=\"hidden\" name=\"_wpcf7_unit_tag\" value=\"wpcf7-f10-o1\" \/><input type=\"hidden\" name=\"_wpcf7_container_post\" value=\"0\" \/><input type=\"hidden\" name=\"_wpcf7_posted_data_hash\" value=\"\" \/><input type=\"hidden\" name=\"_wpcf7_recaptcha_response\" value=\"\" \/>\n<\/fieldset>\n<p><span class=\"wpcf7-form-control-wrap\" data-name=\"Name\"><input size=\"40\" maxlength=\"400\" class=\"wpcf7-form-control wpcf7-text\" aria-invalid=\"false\" placeholder=\"O seu nome\" value=\"\" type=\"text\" name=\"Name\" \/><\/span><br \/>\n<span class=\"wpcf7-form-control-wrap\" data-name=\"Comapany\"><input size=\"40\" maxlength=\"400\" class=\"wpcf7-form-control wpcf7-text\" aria-invalid=\"false\" placeholder=\"A sua empresa\" value=\"\" type=\"text\" name=\"Comapany\" \/><\/span><br \/>\n<span class=\"wpcf7-form-control-wrap\" data-name=\"Email\"><input size=\"40\" maxlength=\"400\" class=\"wpcf7-form-control wpcf7-email wpcf7-validates-as-required wpcf7-text wpcf7-validates-as-email\" aria-required=\"true\" aria-invalid=\"false\" placeholder=\"O seu e-mail*\" value=\"\" type=\"email\" name=\"Email\" \/><\/span><br \/>\n<span class=\"wpcf7-form-control-wrap\" data-name=\"Message\"><textarea cols=\"40\" rows=\"10\" maxlength=\"2000\" class=\"wpcf7-form-control wpcf7-textarea\" aria-invalid=\"false\" placeholder=\"Mensagem\" name=\"Message\"><\/textarea><\/span>\n<\/p>\n<p><input class=\"wpcf7-form-control wpcf7-submit has-spinner\" type=\"submit\" value=\"Enviar\" \/>\n<\/p><div class=\"wpcf7-response-output\" aria-hidden=\"true\"><\/div>\n<input type=\"hidden\" name=\"trp-form-language\" value=\"pt\"\/><\/form>\n<\/div>\n\n\n\n\t\t<\/div>\n\t\t\t\t\t<\/div>\n\n\t\n\n<\/div>\n\n\t\t<\/div>\n\t\t\t\t\t<\/div>\n\n\t\n\n<\/div>\n\n\t\t<\/div>\n\n\t\t\n<style>\n#section_1718648903 {\n  padding-top: 30px;\n  padding-bottom: 30px;\n  background-color: rgb(232, 234, 241);\n}\n<\/style>\n\t<\/section>","protected":false},"excerpt":{"rendered":"","protected":false},"author":1,"featured_media":0,"parent":0,"menu_order":0,"comment_status":"closed","ping_status":"closed","template":"page-blank.php","meta":{"footnotes":""},"class_list":["post-74","page","type-page","status-publish","hentry"],"_links":{"self":[{"href":"https:\/\/www.impacttesting.net\/pt\/wp-json\/wp\/v2\/pages\/74","targetHints":{"allow":["GET"]}}],"collection":[{"href":"https:\/\/www.impacttesting.net\/pt\/wp-json\/wp\/v2\/pages"}],"about":[{"href":"https:\/\/www.impacttesting.net\/pt\/wp-json\/wp\/v2\/types\/page"}],"author":[{"embeddable":true,"href":"https:\/\/www.impacttesting.net\/pt\/wp-json\/wp\/v2\/users\/1"}],"replies":[{"embeddable":true,"href":"https:\/\/www.impacttesting.net\/pt\/wp-json\/wp\/v2\/comments?post=74"}],"version-history":[{"count":2,"href":"https:\/\/www.impacttesting.net\/pt\/wp-json\/wp\/v2\/pages\/74\/revisions"}],"predecessor-version":[{"id":78,"href":"https:\/\/www.impacttesting.net\/pt\/wp-json\/wp\/v2\/pages\/74\/revisions\/78"}],"wp:attachment":[{"href":"https:\/\/www.impacttesting.net\/pt\/wp-json\/wp\/v2\/media?parent=74"}],"curies":[{"name":"wp","href":"https:\/\/api.w.org\/{rel}","templated":true}]}}