{"id":59,"date":"2025-12-24T05:33:37","date_gmt":"2025-12-24T05:33:37","guid":{"rendered":"https:\/\/www.impacttesting.net\/?page_id=59"},"modified":"2025-12-24T06:11:16","modified_gmt":"2025-12-24T06:11:16","slug":"astm-d3420","status":"publish","type":"page","link":"https:\/\/www.impacttesting.net\/pt\/astm-d3420\/","title":{"rendered":"ASTM D3420"},"content":{"rendered":"<section class=\"section\" id=\"section_1121177082\">\n\t\t<div class=\"bg section-bg fill bg-fill  bg-loaded\" >\n\n\t\t\t\n\t\t\t\n\t\t\t\n\n\t\t<\/div>\n\n\t\t\n\n\t\t<div class=\"section-content relative\">\n\t\t\t\n\n<div class=\"row\"  id=\"row-28434843\">\n\n\n\t<div id=\"col-1182130255\" class=\"col small-12 large-12\"  >\n\t\t\t\t<div class=\"col-inner\" style=\"background-color:rgb(92, 171, 188);\" >\n\t\t\t\n\t\t\t\n\n<div class=\"row\"  id=\"row-367164505\">\n\n\n\t<div id=\"col-1579905291\" class=\"col small-12 large-12\"  >\n\t\t\t\t<div class=\"col-inner\"  >\n\t\t\t\n\t\t\t\n\n\t<div id=\"text-485944101\" class=\"text\">\n\t\t\n\n<h1>ASTM D1709<\/h1>\n\t\t\n<style>\n#text-485944101 {\n  font-size: 1.5rem;\n  text-align: center;\n}\n<\/style>\n\t<\/div>\n\t\n\t<div id=\"text-2721327132\" class=\"text\">\n\t\t\n\n<h2>Resist\u00eancia ao impacto do p\u00eandulo de uma pel\u00edcula de pl\u00e1stico<\/h2>\n\t\t\n<style>\n#text-2721327132 {\n  text-align: center;\n}\n<\/style>\n\t<\/div>\n\t\n\n\t\t<\/div>\n\t\t\t\t\n<style>\n#col-1579905291 > .col-inner {\n  padding: 50px 10px 10px 10px;\n}\n<\/style>\n\t<\/div>\n\n\t\n\n<\/div>\n<div class=\"row align-middle align-center\"  id=\"row-1571312746\">\n\n\n\t<div id=\"col-1187880348\" class=\"col medium-11 small-12 large-11\"  >\n\t\t\t\t<div class=\"col-inner\"  >\n\t\t\t\n\t\t\t\n\n<div class=\"row align-middle align-center\"  id=\"row-1975733855\">\n\n\n\t<div id=\"col-1546468066\" class=\"col medium-7 small-12 large-7\"  >\n\t\t\t\t<div class=\"col-inner\"  >\n\t\t\t\n\t\t\t\n\n<div class=\"row\"  id=\"row-345642080\">\n\n\n\t<div id=\"col-1836164977\" class=\"col small-12 large-12\"  >\n\t\t\t\t<div class=\"col-inner text-center\"  >\n\t\t\t\n\t\t\t\n\n\t<div id=\"text-134755972\" class=\"text\">\n\t\t\n\n<p>A resist\u00eancia ao impacto desempenha um papel vital na avalia\u00e7\u00e3o da durabilidade e do desempenho de um material sob tens\u00e3o s\u00fabita. <a href=\"https:\/\/www.impacttesting.net\/pt\/astm-d3420\/\"><strong>ASTM D3420<\/strong><\/a>o m\u00e9todo de ensaio normalizado para <strong>Resist\u00eancia ao impacto do p\u00eandulo de uma pel\u00edcula de pl\u00e1stico<\/strong>fornece uma refer\u00eancia essencial para determinar a resist\u00eancia das pel\u00edculas de pl\u00e1stico. Este m\u00e9todo \u00e9 especialmente valioso para engenheiros de embalagem, cientistas de materiais e profissionais de controlo de qualidade que procuram assegurar que as pel\u00edculas cumprem os requisitos de desempenho espec\u00edficos da aplica\u00e7\u00e3o.<\/p>\n\t\t\n<style>\n#text-134755972 {\n  color: rgb(0, 0, 0);\n}\n#text-134755972 > * {\n  color: rgb(0, 0, 0);\n}\n<\/style>\n\t<\/div>\n\t\n\n\t\t<\/div>\n\t\t\t\t\t<\/div>\n\n\t\n\n\t<div id=\"col-1320562899\" class=\"col small-12 large-12\"  >\n\t\t\t\t<div class=\"col-inner text-center\"  >\n\t\t\t\n\t\t\t\n\n<a href=\"https:\/\/www.impacttesting.net\/pt\/contact-us\/\" class=\"button primary is-outline\"  style=\"border-radius:99px;\">\n    <span>Contactar-nos<\/span>\n  <i class=\"icon-chat\" aria-hidden=\"true\" ><\/i><\/a>\n\n\n\n\t\t<\/div>\n\t\t\t\t\t<\/div>\n\n\t\n\n<\/div>\n\n\t\t<\/div>\n\t\t\t\t\t<\/div>\n\n\t\n\n\t<div id=\"col-270025690\" class=\"col medium-5 small-12 large-5\"  >\n\t\t\t\t<div class=\"col-inner\"  >\n\t\t\t\n\t\t\t\n\n<div class=\"row\"  id=\"row-778882751\">\n\n\n\t<div id=\"col-1577230870\" class=\"col small-12 large-12\"  >\n\t\t\t\t<div class=\"col-inner\"  >\n\t\t\t\n\t\t\t\n\n\t<div class=\"img has-hover x md-x lg-x y md-y lg-y\" id=\"image_528617458\">\n\t\t<a class=\"\" href=\"https:\/\/www.impacttesting.net\/pt\/falling-dart-impact-tester\/\" >\t\t\t\t\t\t<div class=\"img-inner dark\" >\n\t\t\t<img decoding=\"async\" width=\"600\" height=\"440\" src=\"https:\/\/www.impacttesting.net\/wp-content\/uploads\/2025\/12\/ASTM-D3420-Pendulum-Impact-Resistance-of-Plastic-Film.webp\" class=\"attachment-large size-large\" alt=\"ASTM D3420 Resist\u00eancia ao impacto do p\u00eandulo de pel\u00edculas de pl\u00e1stico\" srcset=\"https:\/\/www.impacttesting.net\/wp-content\/uploads\/2025\/12\/ASTM-D3420-Pendulum-Impact-Resistance-of-Plastic-Film.webp 600w, https:\/\/www.impacttesting.net\/wp-content\/uploads\/2025\/12\/ASTM-D3420-Pendulum-Impact-Resistance-of-Plastic-Film-545x400.webp 545w\" sizes=\"(max-width: 600px) 100vw, 600px\" \/>\t\t\t\t\t\t\n\t\t\t\t\t<\/div>\n\t\t\t\t\t\t<\/a>\t\t\n<style>\n#image_528617458 {\n  width: 100%;\n}\n<\/style>\n\t<\/div>\n\t\n\n\n\t\t<\/div>\n\t\t\t\t\t<\/div>\n\n\t\n\n<\/div>\n\n\t\t<\/div>\n\t\t\t\t\t<\/div>\n\n\t\n\n<\/div>\n\n\t\t<\/div>\n\t\t\t\t\t<\/div>\n\n\t\n\n<\/div>\n\n\t\t<\/div>\n\t\t\t\t\t<\/div>\n\n\t\n\n\n<style>\n#row-28434843 > .col > .col-inner {\n  border-radius: 25px;\n}\n<\/style>\n<\/div>\n\n\t\t<\/div>\n\n\t\t\n<style>\n#section_1121177082 {\n  padding-top: 30px;\n  padding-bottom: 30px;\n}\n<\/style>\n\t<\/section>\n\t\n\t<section class=\"section\" id=\"section_585560971\">\n\t\t<div class=\"bg section-bg fill bg-fill  bg-loaded\" >\n\n\t\t\t\n\t\t\t\n\t\t\t\n\n\t\t<\/div>\n\n\t\t\n\n\t\t<div class=\"section-content relative\">\n\t\t\t\n\n<div class=\"row\"  id=\"row-1365271745\">\n\n\n\t<div id=\"col-474295056\" class=\"col small-12 large-12\"  >\n\t\t\t\t<div class=\"col-inner\"  >\n\t\t\t\n\t\t\t\n\n<div class=\"row\"  id=\"row-1378179531\">\n\n\n\t<div id=\"col-1404170207\" class=\"col small-12 large-12\"  >\n\t\t\t\t<div class=\"col-inner\"  >\n\t\t\t\n\t\t\t\n\n\t<div id=\"text-2342452622\" class=\"text\">\n\t\t\n\n<h2>ASTM D3420 e a sua import\u00e2ncia<\/h2>\n\t\t\n<style>\n#text-2342452622 {\n  font-size: 1.3rem;\n  text-align: center;\n}\n<\/style>\n\t<\/div>\n\t\n\n\t\t<\/div>\n\t\t\t\t\t<\/div>\n\n\t\n\n\t<div id=\"col-1738962868\" class=\"col small-12 large-12\"  >\n\t\t\t\t<div class=\"col-inner\"  >\n\t\t\t\n\t\t\t\n\n<p>A norma ASTM D3420 define um m\u00e9todo para medir a energia necess\u00e1ria para perfurar uma amostra de pel\u00edcula de pl\u00e1stico utilizando um aparelho de p\u00eandulo. A energia cin\u00e9tica do p\u00eandulo imita as for\u00e7as reais que uma pel\u00edcula pode encontrar, como durante a embalagem, o transporte ou o manuseamento. O resultado reflecte o comportamento din\u00e2mico de tra\u00e7\u00e3o da pel\u00edcula, proporcionando uma avalia\u00e7\u00e3o mais realista do que os testes de tra\u00e7\u00e3o est\u00e1ticos.<\/p>\n\n\t\t<\/div>\n\t\t\t\t\t<\/div>\n\n\t\n\n\t<div id=\"col-799208802\" class=\"col small-12 large-12\"  >\n\t\t\t\t<div class=\"col-inner\"  >\n\t\t\t\n\t\t\t\n\n\t<div id=\"text-176736705\" class=\"text\">\n\t\t\n\n<h3>ASTM D3420 - Normas ASTM para o ensaio de impacto de pl\u00e1sticos<\/h3>\n\t\t\n<style>\n#text-176736705 {\n  text-align: center;\n}\n<\/style>\n\t<\/div>\n\t\n\n\t\t<\/div>\n\t\t\t\t\t<\/div>\n\n\t\n\n\t<div id=\"col-1757835299\" class=\"col small-12 large-12\"  >\n\t\t\t\t<div class=\"col-inner\"  >\n\t\t\t\n\t\t\t\n\n<p>A norma ASTM D3420 incide especificamente sobre <strong>resist\u00eancia ao impacto do p\u00eandulo<\/strong>, o que a torna uma das mais relevantes <strong>Normas ASTM para ensaios de impacto de pl\u00e1sticos<\/strong>. Embora outros m\u00e9todos como o ASTM D1709 ou D4272 testem propriedades semelhantes, o D3420 \u00e9 particularmente vantajoso porque:<\/p>\n<ul>\n<li>Permite efetuar ensaios din\u00e2micos a taxas de deforma\u00e7\u00e3o mais elevadas.<\/li>\n<li>Oferece dois procedimentos de teste (Procedimento A e Procedimento B) com diferentes tamanhos de amostra e de sonda.<\/li>\n<li>Apresenta resultados baseados na energia, fornecendo informa\u00e7\u00f5es sobre o in\u00edcio e a propaga\u00e7\u00e3o da falha.<\/li>\n<\/ul>\n<p>Esta norma \u00e9 amplamente utilizada na avalia\u00e7\u00e3o de pel\u00edculas fabricadas a partir de <strong>polietileno, polipropileno, PET<\/strong>e outros materiais de embalagem comuns.<\/p>\n\n\t\t<\/div>\n\t\t\t\t\t<\/div>\n\n\t\n\n<\/div>\n\n\t\t<\/div>\n\t\t\t\t\t<\/div>\n\n\t\n\n<\/div>\n<div class=\"row\"  id=\"row-1894669904\">\n\n\n\t<div id=\"col-1740707904\" class=\"col small-12 large-12\"  >\n\t\t\t\t<div class=\"col-inner\"  >\n\t\t\t\n\t\t\t\n\n<div class=\"row\"  id=\"row-1874273266\">\n\n\n\t<div id=\"col-2106347109\" class=\"col small-12 large-12\"  >\n\t\t\t\t<div class=\"col-inner\"  >\n\t\t\t\n\t\t\t\n\n\t<div id=\"text-4201633919\" class=\"text\">\n\t\t\n\n<h2>Verificador de impacto do p\u00eandulo relacionado<\/h2>\n\t\t\n<style>\n#text-4201633919 {\n  font-size: 1.3rem;\n  text-align: center;\n}\n<\/style>\n\t<\/div>\n\t\n\n\t\t<\/div>\n\t\t\t\t\t<\/div>\n\n\t\n\n<\/div>\n<div class=\"row\"  id=\"row-116452040\">\n\n\n\t<div id=\"col-844678556\" class=\"col medium-6 small-12 large-6\"  >\n\t\t\t\t<div class=\"col-inner\"  >\n\t\t\t\n\t\t\t\n\n<h3>Aparelhos de ensaio e configura\u00e7\u00e3o<\/h3>\n<p>Para efetuar os testes ASTM D3420, \u00e9 necess\u00e1rio um aparelho de teste de impacto com p\u00eandulo calibrado. O <a href=\"https:\/\/www.impacttesting.net\/pt\/pendulum-impact-tester\/\"><strong>Testador de impacto de p\u00eandulo PIT-01<\/strong><\/a> de <strong>Cell Instruments<\/strong> \u00e9 uma excelente solu\u00e7\u00e3o que cumpre totalmente os requisitos da norma ASTM D3420 e oferece<\/p>\n<ul>\n<li>Medi\u00e7\u00e3o de energia de alta precis\u00e3o (0,5 J a 5,0 J)<\/li>\n<li>Pesos opcionais para gamas de teste flex\u00edveis<\/li>\n<li>Leitura digital para facilitar a recolha de dados<\/li>\n<li>Duas cabe\u00e7as de impacto intermut\u00e1veis para o procedimento A (abertura de 60 mm) e procedimento B (abertura de 89 mm)<\/li>\n<\/ul>\n<p>O aparelho de teste deve ser montado numa superf\u00edcie plana com ancoragem adequada para testes de energia mais elevada.<\/p>\n\n\t\t<\/div>\n\t\t\t\t\t<\/div>\n\n\t\n\n\t<div id=\"col-1580955234\" class=\"col medium-6 small-12 large-6\"  >\n\t\t\t\t<div class=\"col-inner\"  >\n\t\t\t\n\t\t\t\n\n<h3>Prepara\u00e7\u00e3o e condicionamento de amostras<\/h3>\n<p>A prepara\u00e7\u00e3o adequada dos esp\u00e9cimes garante resultados exactos e repet\u00edveis. Siga estes passos:<\/p>\n<ul>\n<li><strong>Tipo de esp\u00e9cime<\/strong>: Utilizar amostras de pel\u00edcula circular ou quadrada - 100 mm de di\u00e2metro ou 100\u00d7100 mm.<\/li>\n<li><strong>Espessura<\/strong>: Medir com um micr\u00f3metro, com uma aproxima\u00e7\u00e3o de 0,00125 mm.<\/li>\n<li><strong>Condicionamento<\/strong>: Pr\u00e9-condicionar os provetes a 23 \u00b1 2\u00b0C e 50 \u00b1 10% de humidade relativa (de acordo com ASTM D618) durante pelo menos 40 horas.<\/li>\n<\/ul>\n<p>Assegurar que os esp\u00e9cimes s\u00e3o <strong>sem dobras, defeitos ou espessuras irregulares<\/strong>o que pode distorcer os resultados.<\/p>\n\n\t\t<\/div>\n\t\t\t\t\t<\/div>\n\n\t\n\n<\/div>\n\n\t\t<\/div>\n\t\t\t\t\t<\/div>\n\n\t\n\n<\/div>\n<div class=\"row\"  id=\"row-196934166\">\n\n\n\t<div id=\"col-1136311925\" class=\"col small-12 large-12\"  >\n\t\t\t\t<div class=\"col-inner\"  >\n\t\t\t\n\t\t\t\n\n<div class=\"row\"  id=\"row-794993648\">\n\n\n\t<div id=\"col-1118613565\" class=\"col small-12 large-12\"  >\n\t\t\t\t<div class=\"col-inner\"  >\n\t\t\t\n\t\t\t\n\n<div class=\"row\"  id=\"row-279567733\">\n\n\n\t<div id=\"col-1712489390\" class=\"col small-12 large-12\"  >\n\t\t\t\t<div class=\"col-inner\"  >\n\t\t\t\n\t\t\t\n\n\t<div id=\"text-3309070409\" class=\"text\">\n\t\t\n\n<h2>Resumo do procedimento de ensaio de impacto de p\u00eandulo<\/h2>\n\t\t\n<style>\n#text-3309070409 {\n  font-size: 1.3rem;\n  text-align: center;\n}\n<\/style>\n\t<\/div>\n\t\n\n\t\t<\/div>\n\t\t\t\t\t<\/div>\n\n\t\n\n<\/div>\n<div class=\"row align-bottom align-center\"  id=\"row-1933478181\">\n\n\n\t<div id=\"col-587527098\" class=\"col medium-7 small-12 large-7\"  >\n\t\t\t\t<div class=\"col-inner\"  >\n\t\t\t\n\t\t\t\n\n<ol>\n<li><strong>Fixar o provete<\/strong> entre duas placas circulares.<\/li>\n<li><strong>Levantar e bloquear o p\u00eandulo<\/strong> para a sua posi\u00e7\u00e3o inicial.<\/li>\n<li><strong>Zerar a leitura<\/strong> e verificar se o alinhamento est\u00e1 correto.<\/li>\n<li><strong>Libertar o p\u00eandulo<\/strong> para atingir o centro do esp\u00e9cime.<\/li>\n<li><strong>Ler o valor energ\u00e9tico<\/strong> a partir do seletor digital ou anal\u00f3gico.<\/li>\n<\/ol>\n<p>Repetir este teste em, pelo menos, cinco esp\u00e9cimes para obter um valor m\u00e9dio para relat\u00f3rio.<\/p>\n<p>Nota: Se o p\u00eandulo n\u00e3o conseguir perfurar a pel\u00edcula, aumentar a energia de impacto adicionando pesos auxiliares ou utilizando uma amostra mais fina.<\/p>\n\n\t\t<\/div>\n\t\t\t\t\t<\/div>\n\n\t\n\n\t<div id=\"col-351049706\" class=\"col medium-5 small-12 large-5\"  >\n\t\t\t\t<div class=\"col-inner\"  >\n\t\t\t\n\t\t\t\n\n<div class=\"video video-fit mb\" style=\"padding-top:56.25%;\"><iframe title=\"Testador de impacto de p\u00eandulo ASTM D3420 para filmes pl\u00e1sticos Testador de impacto de folhas\" width=\"1020\" height=\"574\" src=\"https:\/\/www.youtube.com\/embed\/vEx4esxMESw?feature=oembed\" frameborder=\"0\" allow=\"accelerometer; autoplay; clipboard-write; encrypted-media; gyroscope; picture-in-picture; web-share\" referrerpolicy=\"strict-origin-when-cross-origin\" allowfullscreen><\/iframe><\/div>\n\n\n\t\t<\/div>\n\t\t\t\t\t<\/div>\n\n\t\n\n<\/div>\n\n\t\t<\/div>\n\t\t\t\t\t<\/div>\n\n\t\n\n<\/div>\n\n\t\t<\/div>\n\t\t\t\t\t<\/div>\n\n\t\n\n<\/div>\n<div class=\"row\"  id=\"row-1972783331\">\n\n\n\t<div id=\"col-754095730\" class=\"col small-12 large-12\"  >\n\t\t\t\t<div class=\"col-inner\"  >\n\t\t\t\n\t\t\t\n\n<div class=\"row\"  id=\"row-47835642\">\n\n\n\t<div id=\"col-1095414285\" class=\"col small-12 large-12\"  >\n\t\t\t\t<div class=\"col-inner\"  >\n\t\t\t\n\t\t\t\n\n<div class=\"row\"  id=\"row-743528951\">\n\n\n\t<div id=\"col-628416397\" class=\"col small-12 large-12\"  >\n\t\t\t\t<div class=\"col-inner\"  >\n\t\t\t\n\t\t\t\n\n\t<div id=\"text-1385868216\" class=\"text\">\n\t\t\n\n<h2>Interpreta\u00e7\u00e3o dos dados e an\u00e1lise dos resultados<\/h2>\n\t\t\n<style>\n#text-1385868216 {\n  font-size: 1.3rem;\n  text-align: center;\n}\n<\/style>\n\t<\/div>\n\t\n\n\t\t<\/div>\n\t\t\t\t\t<\/div>\n\n\t\n\n<\/div>\n<div class=\"row align-middle align-center\"  id=\"row-466525934\">\n\n\n\t<div id=\"col-278326174\" class=\"col medium-5 small-12 large-5\"  >\n\t\t\t\t<div class=\"col-inner\"  >\n\t\t\t\n\t\t\t\n\n<ol>\n<li>O resultado final representa a energia (em joules) necess\u00e1ria para perfurar a pel\u00edcula. Esta \u00e9 uma medida direta da resist\u00eancia ao impacto do material. Valores mais elevados indicam pel\u00edculas mais resistentes.<\/li>\n<li>Ao comparar materiais ou lotes, \u00e9 crucial garantir uma espessura consistente, condi\u00e7\u00f5es ambientais e defini\u00e7\u00f5es de pin\u00e7as para eliminar a variabilidade.<\/li>\n<\/ol>\n\n\t\t<\/div>\n\t\t\t\t\t<\/div>\n\n\t\n\n\t<div id=\"col-1034272643\" class=\"col medium-5 small-12 large-5\"  >\n\t\t\t\t<div class=\"col-inner\"  >\n\t\t\t\n\t\t\t\n\n\t<div class=\"img has-hover x md-x lg-x y md-y lg-y\" id=\"image_1617790720\">\n\t\t\t\t\t\t\t\t<div class=\"img-inner dark\" >\n\t\t\t<img decoding=\"async\" width=\"600\" height=\"440\" src=\"https:\/\/www.impacttesting.net\/wp-content\/uploads\/2025\/12\/ASTM-D3420-Pendulum-Impact-Resistance-of-Plastic-Film.webp\" class=\"attachment-large size-large\" alt=\"ASTM D3420 Resist\u00eancia ao impacto do p\u00eandulo de pel\u00edculas de pl\u00e1stico\" srcset=\"https:\/\/www.impacttesting.net\/wp-content\/uploads\/2025\/12\/ASTM-D3420-Pendulum-Impact-Resistance-of-Plastic-Film.webp 600w, https:\/\/www.impacttesting.net\/wp-content\/uploads\/2025\/12\/ASTM-D3420-Pendulum-Impact-Resistance-of-Plastic-Film-545x400.webp 545w\" sizes=\"(max-width: 600px) 100vw, 600px\" \/>\t\t\t\t\t\t\n\t\t\t\t\t<\/div>\n\t\t\t\t\t\t\t\t\n<style>\n#image_1617790720 {\n  width: 100%;\n}\n<\/style>\n\t<\/div>\n\t\n\n\n\t\t<\/div>\n\t\t\t\t\t<\/div>\n\n\t\n\n<\/div>\n\n\t\t<\/div>\n\t\t\t\t\t<\/div>\n\n\t\n\n<\/div>\n\n\t\t<\/div>\n\t\t\t\t\t<\/div>\n\n\t\n\n<\/div>\n\n\t\t<\/div>\n\n\t\t\n<style>\n#section_585560971 {\n  padding-top: 30px;\n  padding-bottom: 30px;\n}\n<\/style>\n\t<\/section>\n\t\n\t<section class=\"section\" id=\"section_271272424\">\n\t\t<div class=\"bg section-bg fill bg-fill  bg-loaded\" >\n\n\t\t\t\n\t\t\t\n\t\t\t\n\n\t\t<\/div>\n\n\t\t\n\n\t\t<div class=\"section-content relative\">\n\t\t\t\n\n<div class=\"row\"  id=\"row-1071706713\">\n\n\n\t<div id=\"col-1669811869\" class=\"col small-12 large-12\"  >\n\t\t\t\t<div class=\"col-inner\"  >\n\t\t\t\n\t\t\t\n\n<div class=\"row align-center\"  id=\"row-1875823254\">\n\n\n\t<div id=\"col-1925402610\" class=\"col small-12 large-12\"  >\n\t\t\t\t<div class=\"col-inner\"  >\n\t\t\t\n\t\t\t\n\n\t<div id=\"text-2519658727\" class=\"text\">\n\t\t\n\n<h2>Porqu\u00ea escolher o Impacttesting.net<br \/>Testador de impacto de p\u00eandulo PIT-01<\/h2>\n\t\t\n<style>\n#text-2519658727 {\n  font-size: 1.4rem;\n  text-align: center;\n}\n<\/style>\n\t<\/div>\n\t\n\n\t\t<\/div>\n\t\t\t\t\t<\/div>\n\n\t\n\n\t<div id=\"col-386150650\" class=\"col small-12 large-12\"  >\n\t\t\t\t<div class=\"col-inner\"  >\n\t\t\t\n\t\t\t\n\n<p>O <a href=\"https:\/\/www.impacttesting.net\/pt\/pendulum-impact-tester\/\"><strong>Testador de impacto de p\u00eandulo PIT-01<\/strong><\/a> O Impacttesting.net possui uma engenharia avan\u00e7ada e uma interface de f\u00e1cil utiliza\u00e7\u00e3o que o tornam ideal para<\/p>\n\n\t\t<\/div>\n\t\t\t\t\t<\/div>\n\n\t\n\n\t<div id=\"col-193751451\" class=\"col medium-7 small-12 large-7\"  >\n\t\t\t\t<div class=\"col-inner text-center\"  >\n\t\t\t\n\t\t\t\n\n\t<div id=\"text-2008300470\" class=\"text\">\n\t\t\n\n<p>Controlo de qualidade da pel\u00edcula de embalagem<br \/>Ensaios laboratoriais de I&amp;D<br \/>Conformidade com <a href=\"https:\/\/www.impacttesting.net\/pt\/astm-d3420\/\"><strong>ASTM D3420<\/strong><\/a> e normas conexas<\/p>\n\t\t\n<style>\n#text-2008300470 {\n  font-size: 1.1rem;\n  line-height: 1.3;\n}\n<\/style>\n\t<\/div>\n\t\n\t<div id=\"text-387005010\" class=\"text\">\n\t\t\n\n<p>Ao adotar a PIT-01, os utilizadores ganham confian\u00e7a na <strong>exatid\u00e3o, repetibilidade e efici\u00eancia<\/strong> dos seus processos de ensaio de impacto.<\/p>\n\t\t\n<style>\n#text-387005010 {\n  font-size: 1.1rem;\n}\n<\/style>\n\t<\/div>\n\t\n<a href=\"https:\/\/www.impacttesting.net\/pt\/contact-us\/\" class=\"button primary is-outline\"  style=\"border-radius:99px;\">\n    <span>Contactar-nos<\/span>\n  <i class=\"icon-chat\" aria-hidden=\"true\" ><\/i><\/a>\n\n\n\n\t\t<\/div>\n\t\t\t\t\t<\/div>\n\n\t\n\n\t<div id=\"col-2061063922\" class=\"col medium-4 small-12 large-4\"  >\n\t\t\t\t<div class=\"col-inner text-center\"  >\n\t\t\t\n\t\t\t\n\n\n<div class=\"wpcf7 no-js\" id=\"wpcf7-f10-o1\" lang=\"en-US\" dir=\"ltr\" data-wpcf7-id=\"10\">\n<div class=\"screen-reader-response\"><p role=\"status\" aria-live=\"polite\" aria-atomic=\"true\"><\/p> <ul><\/ul><\/div>\n<form action=\"\/pt\/wp-json\/wp\/v2\/pages\/59#wpcf7-f10-o1\" method=\"post\" class=\"wpcf7-form init\" aria-label=\"Contact form\" novalidate=\"novalidate\" data-status=\"init\" data-trp-original-action=\"\/pt\/wp-json\/wp\/v2\/pages\/59#wpcf7-f10-o1\">\n<fieldset class=\"hidden-fields-container\"><input type=\"hidden\" name=\"_wpcf7\" value=\"10\" \/><input type=\"hidden\" name=\"_wpcf7_version\" value=\"6.1.4\" \/><input type=\"hidden\" name=\"_wpcf7_locale\" value=\"en_US\" \/><input type=\"hidden\" name=\"_wpcf7_unit_tag\" value=\"wpcf7-f10-o1\" \/><input type=\"hidden\" name=\"_wpcf7_container_post\" value=\"0\" \/><input type=\"hidden\" name=\"_wpcf7_posted_data_hash\" value=\"\" \/><input type=\"hidden\" name=\"_wpcf7_recaptcha_response\" value=\"\" \/>\n<\/fieldset>\n<p><span class=\"wpcf7-form-control-wrap\" data-name=\"Name\"><input size=\"40\" maxlength=\"400\" class=\"wpcf7-form-control wpcf7-text\" aria-invalid=\"false\" placeholder=\"O seu nome\" value=\"\" type=\"text\" name=\"Name\" \/><\/span><br \/>\n<span class=\"wpcf7-form-control-wrap\" data-name=\"Comapany\"><input size=\"40\" maxlength=\"400\" class=\"wpcf7-form-control wpcf7-text\" aria-invalid=\"false\" placeholder=\"A sua empresa\" value=\"\" type=\"text\" name=\"Comapany\" \/><\/span><br \/>\n<span class=\"wpcf7-form-control-wrap\" data-name=\"Email\"><input size=\"40\" maxlength=\"400\" class=\"wpcf7-form-control wpcf7-email wpcf7-validates-as-required wpcf7-text wpcf7-validates-as-email\" aria-required=\"true\" aria-invalid=\"false\" placeholder=\"O seu e-mail*\" value=\"\" type=\"email\" name=\"Email\" \/><\/span><br \/>\n<span class=\"wpcf7-form-control-wrap\" data-name=\"Message\"><textarea cols=\"40\" rows=\"10\" maxlength=\"2000\" class=\"wpcf7-form-control wpcf7-textarea\" aria-invalid=\"false\" placeholder=\"Mensagem\" name=\"Message\"><\/textarea><\/span>\n<\/p>\n<p><input class=\"wpcf7-form-control wpcf7-submit has-spinner\" type=\"submit\" value=\"Enviar\" \/>\n<\/p><div class=\"wpcf7-response-output\" aria-hidden=\"true\"><\/div>\n<input type=\"hidden\" name=\"trp-form-language\" value=\"pt\"\/><\/form>\n<\/div>\n\n\n\n\t\t<\/div>\n\t\t\t\t\t<\/div>\n\n\t\n\n<\/div>\n\n\t\t<\/div>\n\t\t\t\t\t<\/div>\n\n\t\n\n<\/div>\n\n\t\t<\/div>\n\n\t\t\n<style>\n#section_271272424 {\n  padding-top: 30px;\n  padding-bottom: 30px;\n  background-color: rgb(232, 234, 241);\n}\n<\/style>\n\t<\/section>","protected":false},"excerpt":{"rendered":"","protected":false},"author":1,"featured_media":0,"parent":0,"menu_order":0,"comment_status":"closed","ping_status":"closed","template":"page-blank.php","meta":{"footnotes":""},"class_list":["post-59","page","type-page","status-publish","hentry"],"_links":{"self":[{"href":"https:\/\/www.impacttesting.net\/pt\/wp-json\/wp\/v2\/pages\/59","targetHints":{"allow":["GET"]}}],"collection":[{"href":"https:\/\/www.impacttesting.net\/pt\/wp-json\/wp\/v2\/pages"}],"about":[{"href":"https:\/\/www.impacttesting.net\/pt\/wp-json\/wp\/v2\/types\/page"}],"author":[{"embeddable":true,"href":"https:\/\/www.impacttesting.net\/pt\/wp-json\/wp\/v2\/users\/1"}],"replies":[{"embeddable":true,"href":"https:\/\/www.impacttesting.net\/pt\/wp-json\/wp\/v2\/comments?post=59"}],"version-history":[{"count":5,"href":"https:\/\/www.impacttesting.net\/pt\/wp-json\/wp\/v2\/pages\/59\/revisions"}],"predecessor-version":[{"id":75,"href":"https:\/\/www.impacttesting.net\/pt\/wp-json\/wp\/v2\/pages\/59\/revisions\/75"}],"wp:attachment":[{"href":"https:\/\/www.impacttesting.net\/pt\/wp-json\/wp\/v2\/media?parent=59"}],"curies":[{"name":"wp","href":"https:\/\/api.w.org\/{rel}","templated":true}]}}