{"id":57,"date":"2025-12-24T05:15:35","date_gmt":"2025-12-24T05:15:35","guid":{"rendered":"https:\/\/www.impacttesting.net\/?page_id=57"},"modified":"2025-12-24T05:44:13","modified_gmt":"2025-12-24T05:44:13","slug":"ansi-z87-1","status":"publish","type":"page","link":"https:\/\/www.impacttesting.net\/pt\/ansi-z87-1\/","title":{"rendered":"ANSI Z87.1"},"content":{"rendered":"<section class=\"section\" id=\"section_1277705670\">\n\t\t<div class=\"bg section-bg fill bg-fill  bg-loaded\" >\n\n\t\t\t\n\t\t\t\n\t\t\t\n\n\t\t<\/div>\n\n\t\t\n\n\t\t<div class=\"section-content relative\">\n\t\t\t\n\n<div class=\"row\"  id=\"row-1830540147\">\n\n\n\t<div id=\"col-1762353993\" class=\"col small-12 large-12\"  >\n\t\t\t\t<div class=\"col-inner\" style=\"background-color:rgb(92, 171, 188);\" >\n\t\t\t\n\t\t\t\n\n<div class=\"row\"  id=\"row-509145614\">\n\n\n\t<div id=\"col-2118022602\" class=\"col small-12 large-12\"  >\n\t\t\t\t<div class=\"col-inner\"  >\n\t\t\t\n\t\t\t\n\n\t<div id=\"text-4065242853\" class=\"text\">\n\t\t\n\n<h1>ANSI Z87.1<\/h1>\n\t\t\n<style>\n#text-4065242853 {\n  font-size: 1.5rem;\n  text-align: center;\n}\n<\/style>\n\t<\/div>\n\t\n\t<div id=\"text-726552251\" class=\"text\">\n\t\t\n\n<h2>Teste de queda de bola para \u00f3culos de prote\u00e7\u00e3o<\/h2>\n\t\t\n<style>\n#text-726552251 {\n  text-align: center;\n}\n<\/style>\n\t<\/div>\n\t\n\n\t\t<\/div>\n\t\t\t\t\n<style>\n#col-2118022602 > .col-inner {\n  padding: 50px 10px 10px 10px;\n}\n<\/style>\n\t<\/div>\n\n\t\n\n<\/div>\n<div class=\"row align-middle align-center\"  id=\"row-41932949\">\n\n\n\t<div id=\"col-825445981\" class=\"col medium-11 small-12 large-11\"  >\n\t\t\t\t<div class=\"col-inner\"  >\n\t\t\t\n\t\t\t\n\n<div class=\"row align-center\"  id=\"row-1007072960\">\n\n\n\t<div id=\"col-1872498873\" class=\"col medium-7 small-12 large-7\"  >\n\t\t\t\t<div class=\"col-inner\"  >\n\t\t\t\n\t\t\t\n\n<div class=\"row\"  id=\"row-955031632\">\n\n\n\t<div id=\"col-1061865417\" class=\"col small-12 large-12\"  >\n\t\t\t\t<div class=\"col-inner text-center\"  >\n\t\t\t\n\t\t\t\n\n\t<div id=\"text-1854000286\" class=\"text\">\n\t\t\n\n<p><strong>ANSI Z87.1<\/strong> \u00e9 uma norma cr\u00edtica desenvolvida pelo American National Standards Institute (ANSI) em colabora\u00e7\u00e3o com a International Safety Equipment Association (ISEA). Define as especifica\u00e7\u00f5es de desempenho e os crit\u00e9rios de teste para \u00f3culos de prote\u00e7\u00e3o em ambientes profissionais e educativos. Esta norma garante que <strong>\u00f3culos de seguran\u00e7a, \u00f3culos de prote\u00e7\u00e3o e protectores faciais<\/strong> pode resistir a potenciais riscos, como o impacto, a radia\u00e7\u00e3o n\u00e3o ionizante e a exposi\u00e7\u00e3o a produtos qu\u00edmicos.<\/p>\n\t\t\n<style>\n#text-1854000286 {\n  color: rgb(0, 0, 0);\n}\n#text-1854000286 > * {\n  color: rgb(0, 0, 0);\n}\n<\/style>\n\t<\/div>\n\t\n\n\t\t<\/div>\n\t\t\t\t\t<\/div>\n\n\t\n\n\t<div id=\"col-31925402\" class=\"col small-12 large-12\"  >\n\t\t\t\t<div class=\"col-inner text-center\"  >\n\t\t\t\n\t\t\t\n\n<a href=\"https:\/\/www.impacttesting.net\/pt\/contact-us\/\" class=\"button primary is-outline\"  style=\"border-radius:99px;\">\n    <span>Contactar-nos<\/span>\n  <i class=\"icon-chat\" aria-hidden=\"true\" ><\/i><\/a>\n\n\n\n\t\t<\/div>\n\t\t\t\t\t<\/div>\n\n\t\n\n<\/div>\n\n\t\t<\/div>\n\t\t\t\t\t<\/div>\n\n\t\n\n\t<div id=\"col-1009212524\" class=\"col medium-4 small-12 large-4\"  >\n\t\t\t\t<div class=\"col-inner\"  >\n\t\t\t\n\t\t\t\n\n<div class=\"row\"  id=\"row-1152429201\">\n\n\n\t<div id=\"col-1561100706\" class=\"col small-12 large-12\"  >\n\t\t\t\t<div class=\"col-inner\"  >\n\t\t\t\n\t\t\t\n\n\t<div class=\"img has-hover x md-x lg-x y md-y lg-y\" id=\"image_392319241\">\n\t\t<a class=\"\" href=\"https:\/\/www.impacttesting.net\/pt\/ball-drop-tester\/\" target=\"_blank\" rel=\"noopener\" >\t\t\t\t\t\t<div class=\"img-inner dark\" >\n\t\t\t<img decoding=\"async\" width=\"600\" height=\"440\" src=\"https:\/\/www.impacttesting.net\/wp-content\/uploads\/2025\/12\/ANSI-Z87.1-Drop-Ball-Test-for-Safety-Glasses.webp\" class=\"attachment-large size-large\" alt=\"Teste de queda de bola ANSI Z87.1 para \u00f3culos de seguran\u00e7a\" srcset=\"https:\/\/www.impacttesting.net\/wp-content\/uploads\/2025\/12\/ANSI-Z87.1-Drop-Ball-Test-for-Safety-Glasses.webp 600w, https:\/\/www.impacttesting.net\/wp-content\/uploads\/2025\/12\/ANSI-Z87.1-Drop-Ball-Test-for-Safety-Glasses-545x400.webp 545w\" sizes=\"(max-width: 600px) 100vw, 600px\" \/>\t\t\t\t\t\t\n\t\t\t\t\t<\/div>\n\t\t\t\t\t\t<\/a>\t\t\n<style>\n#image_392319241 {\n  width: 100%;\n}\n<\/style>\n\t<\/div>\n\t\n\n\n\t\t<\/div>\n\t\t\t\t\t<\/div>\n\n\t\n\n<\/div>\n\n\t\t<\/div>\n\t\t\t\t\t<\/div>\n\n\t\n\n<\/div>\n\n\t\t<\/div>\n\t\t\t\t\t<\/div>\n\n\t\n\n<\/div>\n\n\t\t<\/div>\n\t\t\t\t\t<\/div>\n\n\t\n\n\n<style>\n#row-1830540147 > .col > .col-inner {\n  border-radius: 25px;\n}\n<\/style>\n<\/div>\n\n\t\t<\/div>\n\n\t\t\n<style>\n#section_1277705670 {\n  padding-top: 30px;\n  padding-bottom: 30px;\n}\n<\/style>\n\t<\/section>\n\t\n\t<section class=\"section\" id=\"section_403680122\">\n\t\t<div class=\"bg section-bg fill bg-fill  bg-loaded\" >\n\n\t\t\t\n\t\t\t\n\t\t\t\n\n\t\t<\/div>\n\n\t\t\n\n\t\t<div class=\"section-content relative\">\n\t\t\t\n\n<div class=\"row\"  id=\"row-696836954\">\n\n\n\t<div id=\"col-1495880538\" class=\"col small-12 large-12\"  >\n\t\t\t\t<div class=\"col-inner\"  >\n\t\t\t\n\t\t\t\n\n<div class=\"row\"  id=\"row-141234664\">\n\n\n\t<div id=\"col-935704768\" class=\"col small-12 large-12\"  >\n\t\t\t\t<div class=\"col-inner\"  >\n\t\t\t\n\t\t\t\n\n<div class=\"row\"  id=\"row-1314519555\">\n\n\n\t<div id=\"col-1025165334\" class=\"col small-12 large-12\"  >\n\t\t\t\t<div class=\"col-inner\"  >\n\t\t\t\n\t\t\t\n\n\t<div id=\"text-688404236\" class=\"text\">\n\t\t\n\n<h2>Teste de queda de bola ANSI Z87.1 para \u00f3culos de seguran\u00e7a<\/h2>\n\t\t\n<style>\n#text-688404236 {\n  font-size: 1.3rem;\n  text-align: center;\n}\n<\/style>\n\t<\/div>\n\t\n<p data-pm-slice=\"1 1 &#091;&#093;\">Uma das avalia\u00e7\u00f5es fundamentais descritas na norma ANSI Z87.1 \u00e9 a <strong>teste de queda de bola para \u00f3culos de prote\u00e7\u00e3o<\/strong>. Este procedimento \u00e9 crucial para verificar a resist\u00eancia ao impacto das lentes utilizadas nos equipamentos de prote\u00e7\u00e3o individual (EPI).<\/p>\n\n\t\t<\/div>\n\t\t\t\t\t<\/div>\n\n\t\n\n<\/div>\n<div class=\"row\"  id=\"row-966945626\">\n\n\n\t<div id=\"col-834395606\" class=\"col medium-6 small-12 large-6\"  >\n\t\t\t\t<div class=\"col-inner\"  >\n\t\t\t\n\t\t\t\n\n<h3>Objetivo e princ\u00edpios do teste<\/h3>\n<p>O objetivo do teste da bola de queda \u00e9 simular cen\u00e1rios do mundo real em que os \u00f3culos de seguran\u00e7a podem ser sujeitos a um impacto s\u00fabito. Avalia se o material da lente pode absorver e distribuir a energia sem se estilha\u00e7ar ou penetrar, protegendo assim os olhos do utilizador.<\/p>\n\t<div class=\"img has-hover x md-x lg-x y md-y lg-y\" id=\"image_1496627221\">\n\t\t\t\t\t\t\t\t<div class=\"img-inner dark\" >\n\t\t\t<img decoding=\"async\" width=\"600\" height=\"200\" src=\"https:\/\/www.impacttesting.net\/wp-content\/uploads\/2025\/12\/ANSI-Z87.1.webp\" class=\"attachment-large size-large\" alt=\"ANSI Z87.1\" \/>\t\t\t\t\t\t\n\t\t\t\t\t<\/div>\n\t\t\t\t\t\t\t\t\n<style>\n#image_1496627221 {\n  width: 85%;\n}\n<\/style>\n\t<\/div>\n\t\n\n\n\t\t<\/div>\n\t\t\t\t\t<\/div>\n\n\t\n\n\t<div id=\"col-709274288\" class=\"col medium-6 small-12 large-6\"  >\n\t\t\t\t<div class=\"col-inner\"  >\n\t\t\t\n\t\t\t\n\n<h3>Como \u00e9 efectuado o teste<\/h3>\n<p>De acordo com a Sec\u00e7\u00e3o 9.6 da norma ANSI Z87.1:<\/p>\n<ul>\n<li>Utiliza-se uma esfera de a\u00e7o com 25,4 mm de di\u00e2metro (1,0 polegada) e pesando 68 g (2,4 oz).<\/li>\n<li>A bola \u00e9 largada de uma altura de 127 cm (50 polegadas) sobre a lente posicionada numa cabe\u00e7a r\u00edgida, que imita a estrutura do rosto humano.<\/li>\n<li>A lente deve permanecer intacta, sem fissuras nem penetra\u00e7\u00e3o, ap\u00f3s o impacto.<\/li>\n<li>Cada combina\u00e7\u00e3o de material e revestimento deve ser testada em quatro dispositivos, garantindo uma consist\u00eancia fi\u00e1vel.<\/li>\n<\/ul>\n\n\t\t<\/div>\n\t\t\t\t\t<\/div>\n\n\t\n\n<\/div>\n\n\t\t<\/div>\n\t\t\t\t\t<\/div>\n\n\t\n\n<\/div>\n\n\t\t<\/div>\n\t\t\t\t\t<\/div>\n\n\t\n\n<\/div>\n<div class=\"row\"  id=\"row-1936115835\">\n\n\n\t<div id=\"col-789024989\" class=\"col small-12 large-12\"  >\n\t\t\t\t<div class=\"col-inner\"  >\n\t\t\t\n\t\t\t\n\n<div class=\"row\"  id=\"row-1917611941\">\n\n\n\t<div id=\"col-1053039045\" class=\"col small-12 large-12\"  >\n\t\t\t\t<div class=\"col-inner\"  >\n\t\t\t\n\t\t\t\n\n\t<div id=\"text-1409645555\" class=\"text\">\n\t\t\n\n<h2>Equipamento de teste de esfera de queda<\/h2>\n\t\t\n<style>\n#text-1409645555 {\n  font-size: 1.3rem;\n  text-align: center;\n}\n<\/style>\n\t<\/div>\n\t\n\n\t\t<\/div>\n\t\t\t\t\t<\/div>\n\n\t\n\n<\/div>\n<div class=\"row align-middle\"  id=\"row-2112803496\">\n\n\n\t<div id=\"col-1412436680\" class=\"col medium-6 small-12 large-6\"  >\n\t\t\t\t<div class=\"col-inner\"  >\n\t\t\t\n\t\t\t\n\n<p>Para conseguir testes repet\u00edveis e fi\u00e1veis, \u00e9 necess\u00e1rio equipamento especializado. O FBT-01 <a href=\"https:\/\/www.impacttesting.net\/pt\/ball-drop-tester\/\"><strong>Testador de queda de bolas<\/strong><\/a> do Cell Instruments foi concebido para cumprir e exceder esta norma. Ele oferece:<\/p>\n<ul>\n<li>Liberta\u00e7\u00e3o de bola electromagn\u00e9tica de precis\u00e3o para uma energia de impacto consistente.<\/li>\n<li>Altura de impacto ajust\u00e1vel e especifica\u00e7\u00f5es da bola para configura\u00e7\u00f5es de teste vers\u00e1teis.<\/li>\n<li>Ecr\u00e3 t\u00e1til HMI e controlo PLC para estabilidade de ensaio de n\u00edvel industrial.<\/li>\n<\/ul>\n<p>Isto torna-o ideal para os fabricantes de \u00f3culos de prote\u00e7\u00e3o, <strong>Departamentos de controlo da qualidade dos EPI<\/strong>e <strong>laborat\u00f3rios de ensaio de terceiros<\/strong> que exigem ensaios de impacto em conformidade com a norma ANSI.<\/p>\n\n\t\t<\/div>\n\t\t\t\t\t<\/div>\n\n\t\n\n\t<div id=\"col-1400446648\" class=\"col medium-6 small-12 large-6\"  >\n\t\t\t\t<div class=\"col-inner\"  >\n\t\t\t\n\t\t\t\n\n\t<div class=\"img has-hover x md-x lg-x y md-y lg-y\" id=\"image_88833897\">\n\t\t<a class=\"\" href=\"https:\/\/www.impacttesting.net\/pt\/ball-drop-tester\/\" >\t\t\t\t\t\t<div class=\"img-inner dark\" >\n\t\t\t<img decoding=\"async\" width=\"600\" height=\"440\" src=\"https:\/\/www.impacttesting.net\/wp-content\/uploads\/2025\/12\/ANSI-Z87.1-Drop-Ball-Test-for-Safety-Glasses.webp\" class=\"attachment-large size-large\" alt=\"Teste de queda de bola ANSI Z87.1 para \u00f3culos de seguran\u00e7a\" srcset=\"https:\/\/www.impacttesting.net\/wp-content\/uploads\/2025\/12\/ANSI-Z87.1-Drop-Ball-Test-for-Safety-Glasses.webp 600w, https:\/\/www.impacttesting.net\/wp-content\/uploads\/2025\/12\/ANSI-Z87.1-Drop-Ball-Test-for-Safety-Glasses-545x400.webp 545w\" sizes=\"(max-width: 600px) 100vw, 600px\" \/>\t\t\t\t\t\t\n\t\t\t\t\t<\/div>\n\t\t\t\t\t\t<\/a>\t\t\n<style>\n#image_88833897 {\n  width: 100%;\n}\n<\/style>\n\t<\/div>\n\t\n\n\n\t\t<\/div>\n\t\t\t\t\t<\/div>\n\n\t\n\n<\/div>\n\n\t\t<\/div>\n\t\t\t\t\t<\/div>\n\n\t\n\n<\/div>\n\n\t\t<\/div>\n\n\t\t\n<style>\n#section_403680122 {\n  padding-top: 30px;\n  padding-bottom: 30px;\n}\n<\/style>\n\t<\/section>\n\t\n\t<section class=\"section\" id=\"section_1847845479\">\n\t\t<div class=\"bg section-bg fill bg-fill  bg-loaded\" >\n\n\t\t\t\n\t\t\t\n\t\t\t\n\n\t\t<\/div>\n\n\t\t\n\n\t\t<div class=\"section-content relative\">\n\t\t\t\n\n<div class=\"row\"  id=\"row-58745714\">\n\n\n\t<div id=\"col-521118873\" class=\"col small-12 large-12\"  >\n\t\t\t\t<div class=\"col-inner\"  >\n\t\t\t\n\t\t\t\n\n<div class=\"row align-equal align-center\"  id=\"row-330728576\">\n\n\n\t<div id=\"col-1487148085\" class=\"col small-12 large-12\"  >\n\t\t\t\t<div class=\"col-inner\"  >\n\t\t\t\n\t\t\t\n\n\t<div id=\"text-2717239603\" class=\"text\">\n\t\t\n\n<h2>Porqu\u00ea escolher o Impacttesting.net<br \/>FBT-01 Testador de bolas em queda<\/h2>\n\t\t\n<style>\n#text-2717239603 {\n  font-size: 1.4rem;\n  text-align: center;\n}\n<\/style>\n\t<\/div>\n\t\n\n\t\t<\/div>\n\t\t\t\t\t<\/div>\n\n\t\n\n\t<div id=\"col-248913041\" class=\"col medium-6 small-12 large-6\"  >\n\t\t\t\t<div class=\"col-inner text-center\"  >\n\t\t\t\n\t\t\t\n\n\t<div id=\"text-225774225\" class=\"text\">\n\t\t\n\n<p>Aderir a <a href=\"https:\/\/www.impacttesting.net\/pt\/ansi-z87-1\/\"><strong>ANSI Z87.1<\/strong><\/a> atrav\u00e9s de testes fi\u00e1veis de queda de bolas, garante que os \u00f3culos de seguran\u00e7a podem suportar os riscos industriais do dia a dia. Com as solu\u00e7\u00f5es avan\u00e7adas da Cell Instruments, como o <strong>FBT-01<\/strong>O utilizador ganha confian\u00e7a na conformidade e na capacidade de prote\u00e7\u00e3o do seu produto.<\/p>\n<p>Deixe que o Cell Instruments seja seu parceiro para alcan\u00e7ar a excel\u00eancia em testes de materiais e conformidade com a ANSI Z87.1.<\/p>\n\t\t\n<style>\n#text-225774225 {\n  font-size: 1.1rem;\n  line-height: 2;\n}\n<\/style>\n\t<\/div>\n\t\n<a href=\"https:\/\/www.impacttesting.net\/pt\/contact-us\/\" class=\"button primary is-outline\"  style=\"border-radius:99px;\">\n    <span>Contactar-nos<\/span>\n  <i class=\"icon-chat\" aria-hidden=\"true\" ><\/i><\/a>\n\n\n\n\t\t<\/div>\n\t\t\t\t\t<\/div>\n\n\t\n\n\t<div id=\"col-1791424082\" class=\"col medium-4 small-12 large-4\"  >\n\t\t\t\t<div class=\"col-inner text-center\"  >\n\t\t\t\n\t\t\t\n\n\n<div class=\"wpcf7 no-js\" id=\"wpcf7-f10-o1\" lang=\"en-US\" dir=\"ltr\" data-wpcf7-id=\"10\">\n<div class=\"screen-reader-response\"><p role=\"status\" aria-live=\"polite\" aria-atomic=\"true\"><\/p> <ul><\/ul><\/div>\n<form action=\"\/pt\/wp-json\/wp\/v2\/pages\/57#wpcf7-f10-o1\" method=\"post\" class=\"wpcf7-form init\" aria-label=\"Contact form\" novalidate=\"novalidate\" data-status=\"init\" data-trp-original-action=\"\/pt\/wp-json\/wp\/v2\/pages\/57#wpcf7-f10-o1\">\n<fieldset class=\"hidden-fields-container\"><input type=\"hidden\" name=\"_wpcf7\" value=\"10\" \/><input type=\"hidden\" name=\"_wpcf7_version\" value=\"6.1.4\" \/><input type=\"hidden\" name=\"_wpcf7_locale\" value=\"en_US\" \/><input type=\"hidden\" name=\"_wpcf7_unit_tag\" value=\"wpcf7-f10-o1\" \/><input type=\"hidden\" name=\"_wpcf7_container_post\" value=\"0\" \/><input type=\"hidden\" name=\"_wpcf7_posted_data_hash\" value=\"\" \/><input type=\"hidden\" name=\"_wpcf7_recaptcha_response\" value=\"\" \/>\n<\/fieldset>\n<p><span class=\"wpcf7-form-control-wrap\" data-name=\"Name\"><input size=\"40\" maxlength=\"400\" class=\"wpcf7-form-control wpcf7-text\" aria-invalid=\"false\" placeholder=\"O seu nome\" value=\"\" type=\"text\" name=\"Name\" \/><\/span><br \/>\n<span class=\"wpcf7-form-control-wrap\" data-name=\"Comapany\"><input size=\"40\" maxlength=\"400\" class=\"wpcf7-form-control wpcf7-text\" aria-invalid=\"false\" placeholder=\"A sua empresa\" value=\"\" type=\"text\" name=\"Comapany\" \/><\/span><br \/>\n<span class=\"wpcf7-form-control-wrap\" data-name=\"Email\"><input size=\"40\" maxlength=\"400\" class=\"wpcf7-form-control wpcf7-email wpcf7-validates-as-required wpcf7-text wpcf7-validates-as-email\" aria-required=\"true\" aria-invalid=\"false\" placeholder=\"O seu e-mail*\" value=\"\" type=\"email\" name=\"Email\" \/><\/span><br \/>\n<span class=\"wpcf7-form-control-wrap\" data-name=\"Message\"><textarea cols=\"40\" rows=\"10\" maxlength=\"2000\" class=\"wpcf7-form-control wpcf7-textarea\" aria-invalid=\"false\" placeholder=\"Mensagem\" name=\"Message\"><\/textarea><\/span>\n<\/p>\n<p><input class=\"wpcf7-form-control wpcf7-submit has-spinner\" type=\"submit\" value=\"Enviar\" \/>\n<\/p><div class=\"wpcf7-response-output\" aria-hidden=\"true\"><\/div>\n<input type=\"hidden\" name=\"trp-form-language\" value=\"pt\"\/><\/form>\n<\/div>\n\n\n\n\t\t<\/div>\n\t\t\t\t\t<\/div>\n\n\t\n\n<\/div>\n\n\t\t<\/div>\n\t\t\t\t\t<\/div>\n\n\t\n\n<\/div>\n\n\t\t<\/div>\n\n\t\t\n<style>\n#section_1847845479 {\n  padding-top: 30px;\n  padding-bottom: 30px;\n  background-color: rgb(232, 234, 241);\n}\n<\/style>\n\t<\/section>","protected":false},"excerpt":{"rendered":"","protected":false},"author":1,"featured_media":0,"parent":0,"menu_order":0,"comment_status":"closed","ping_status":"closed","template":"page-blank.php","meta":{"footnotes":""},"class_list":["post-57","page","type-page","status-publish","hentry"],"_links":{"self":[{"href":"https:\/\/www.impacttesting.net\/pt\/wp-json\/wp\/v2\/pages\/57","targetHints":{"allow":["GET"]}}],"collection":[{"href":"https:\/\/www.impacttesting.net\/pt\/wp-json\/wp\/v2\/pages"}],"about":[{"href":"https:\/\/www.impacttesting.net\/pt\/wp-json\/wp\/v2\/types\/page"}],"author":[{"embeddable":true,"href":"https:\/\/www.impacttesting.net\/pt\/wp-json\/wp\/v2\/users\/1"}],"replies":[{"embeddable":true,"href":"https:\/\/www.impacttesting.net\/pt\/wp-json\/wp\/v2\/comments?post=57"}],"version-history":[{"count":4,"href":"https:\/\/www.impacttesting.net\/pt\/wp-json\/wp\/v2\/pages\/57\/revisions"}],"predecessor-version":[{"id":68,"href":"https:\/\/www.impacttesting.net\/pt\/wp-json\/wp\/v2\/pages\/57\/revisions\/68"}],"wp:attachment":[{"href":"https:\/\/www.impacttesting.net\/pt\/wp-json\/wp\/v2\/media?parent=57"}],"curies":[{"name":"wp","href":"https:\/\/api.w.org\/{rel}","templated":true}]}}