{"id":48,"date":"2025-12-24T03:25:25","date_gmt":"2025-12-24T03:25:25","guid":{"rendered":"https:\/\/www.impacttesting.net\/?page_id=48"},"modified":"2025-12-24T05:48:32","modified_gmt":"2025-12-24T05:48:32","slug":"pendulum-impact-tester","status":"publish","type":"page","link":"https:\/\/www.impacttesting.net\/pt\/pendulum-impact-tester\/","title":{"rendered":"Testador de impacto de p\u00eandulo PIT-01"},"content":{"rendered":"<section class=\"section\" id=\"section_1757143650\">\n\t\t<div class=\"bg section-bg fill bg-fill  bg-loaded\" >\n\n\t\t\t\n\t\t\t\n\t\t\t\n\n\t\t<\/div>\n\n\t\t\n\n\t\t<div class=\"section-content relative\">\n\t\t\t\n\n<div class=\"row\"  id=\"row-129501873\">\n\n\n\t<div id=\"col-919587543\" class=\"col small-12 large-12\"  >\n\t\t\t\t<div class=\"col-inner\" style=\"background-color:rgb(92, 171, 188);\" >\n\t\t\t\n\t\t\t\n\n<div class=\"row\"  id=\"row-48733810\">\n\n\n\t<div id=\"col-1278881613\" class=\"col small-12 large-12\"  >\n\t\t\t\t<div class=\"col-inner\"  >\n\t\t\t\n\t\t\t\n\n\t<div id=\"text-1453481023\" class=\"text\">\n\t\t\n\n<h1>Testador de impacto de p\u00eandulo PIT-01<\/h1>\n\t\t\n<style>\n#text-1453481023 {\n  font-size: 1.5rem;\n  text-align: center;\n}\n<\/style>\n\t<\/div>\n\t\n\n\t\t<\/div>\n\t\t\t\t\n<style>\n#col-1278881613 > .col-inner {\n  padding: 50px 10px 10px 10px;\n}\n<\/style>\n\t<\/div>\n\n\t\n\n<\/div>\n<div class=\"row align-middle align-center\"  id=\"row-1686476514\">\n\n\n\t<div id=\"col-681683981\" class=\"col medium-11 small-12 large-11\"  >\n\t\t\t\t<div class=\"col-inner\"  >\n\t\t\t\n\t\t\t\n\n<div class=\"row align-middle align-center\"  id=\"row-1854505284\">\n\n\n\t<div id=\"col-617719760\" class=\"col medium-7 small-12 large-7\"  >\n\t\t\t\t<div class=\"col-inner\"  >\n\t\t\t\n\t\t\t\n\n<div class=\"row\"  id=\"row-1647256069\">\n\n\n\t<div id=\"col-259141948\" class=\"col small-12 large-12\"  >\n\t\t\t\t<div class=\"col-inner text-center\"  >\n\t\t\t\n\t\t\t\n\n\t<div id=\"text-286041504\" class=\"text\">\n\t\t\n\n<p>O <strong>aparelho de teste de impacto pendular<\/strong> mede a capacidade de um material para resistir a impactos s\u00fabitos, registando a energia necess\u00e1ria para causar rutura ou penetra\u00e7\u00e3o. <a href=\"https:\/\/www.impacttesting.net\/pt\/astm-d3420\/\"><strong>ASTM D3420<\/strong><\/a> fornece um m\u00e9todo normalizado para avaliar a resist\u00eancia ao impacto de pel\u00edculas de pl\u00e1stico, assegurando um controlo de qualidade consistente e a carateriza\u00e7\u00e3o do material. Os materiais normalmente testados incluem <strong>pel\u00edculas de pl\u00e1stico, laminados, comp\u00f3sitos, folhas e papel utilizados em embalagens<\/strong>aplica\u00e7\u00f5es para o sector autom\u00f3vel e da constru\u00e7\u00e3o.<\/p>\n\t\t\n<style>\n#text-286041504 {\n  color: rgb(0, 0, 0);\n}\n#text-286041504 > * {\n  color: rgb(0, 0, 0);\n}\n<\/style>\n\t<\/div>\n\t\n\n\t\t<\/div>\n\t\t\t\t\t<\/div>\n\n\t\n\n\t<div id=\"col-947127978\" class=\"col small-12 large-12\"  >\n\t\t\t\t<div class=\"col-inner text-center\"  >\n\t\t\t\n\t\t\t\n\n<a href=\"https:\/\/www.impacttesting.net\/pt\/contact-us\/\" class=\"button primary is-outline\"  style=\"border-radius:99px;\">\n    <span>Contactar-nos<\/span>\n  <i class=\"icon-chat\" aria-hidden=\"true\" ><\/i><\/a>\n\n\n\n\t\t<\/div>\n\t\t\t\t\t<\/div>\n\n\t\n\n<\/div>\n\n\t\t<\/div>\n\t\t\t\t\t<\/div>\n\n\t\n\n\t<div id=\"col-1582684975\" class=\"col medium-4 small-12 large-4\"  >\n\t\t\t\t<div class=\"col-inner\"  >\n\t\t\t\n\t\t\t\n\n<div class=\"row\"  id=\"row-702210142\">\n\n\n\t<div id=\"col-1783919500\" class=\"col small-12 large-12\"  >\n\t\t\t\t<div class=\"col-inner\"  >\n\t\t\t\n\t\t\t\n\n\t<div class=\"img has-hover x md-x lg-x y md-y lg-y\" id=\"image_164209648\">\n\t\t\t\t\t\t\t\t<div class=\"img-inner dark\" >\n\t\t\t<img decoding=\"async\" width=\"728\" height=\"800\" src=\"https:\/\/www.impacttesting.net\/wp-content\/uploads\/2025\/12\/Pendulum-Impact-Tester-ASTM-D3420-amp-Spencer-Impact-Test-Impact-Testing-728x800.webp\" class=\"attachment-large size-large\" alt=\"Testador de impacto de p\u00eandulo - ASTM D3420 &amp; Spencer Impact Test - Teste de impacto\" srcset=\"https:\/\/www.impacttesting.net\/wp-content\/uploads\/2025\/12\/Pendulum-Impact-Tester-ASTM-D3420-amp-Spencer-Impact-Test-Impact-Testing-728x800.webp 728w, https:\/\/www.impacttesting.net\/wp-content\/uploads\/2025\/12\/Pendulum-Impact-Tester-ASTM-D3420-amp-Spencer-Impact-Test-Impact-Testing-364x400.webp 364w, https:\/\/www.impacttesting.net\/wp-content\/uploads\/2025\/12\/Pendulum-Impact-Tester-ASTM-D3420-amp-Spencer-Impact-Test-Impact-Testing-768x844.webp 768w, https:\/\/www.impacttesting.net\/wp-content\/uploads\/2025\/12\/Pendulum-Impact-Tester-ASTM-D3420-amp-Spencer-Impact-Test-Impact-Testing-1397x1536.webp 1397w, https:\/\/www.impacttesting.net\/wp-content\/uploads\/2025\/12\/Pendulum-Impact-Tester-ASTM-D3420-amp-Spencer-Impact-Test-Impact-Testing.webp 1558w\" sizes=\"(max-width: 728px) 100vw, 728px\" \/>\t\t\t\t\t\t\n\t\t\t\t\t<\/div>\n\t\t\t\t\t\t\t\t\n<style>\n#image_164209648 {\n  width: 100%;\n}\n<\/style>\n\t<\/div>\n\t\n\n\n\t\t<\/div>\n\t\t\t\t\t<\/div>\n\n\t\n\n<\/div>\n\n\t\t<\/div>\n\t\t\t\t\t<\/div>\n\n\t\n\n<\/div>\n\n\t\t<\/div>\n\t\t\t\t\t<\/div>\n\n\t\n\n<\/div>\n\n\t\t<\/div>\n\t\t\t\t\t<\/div>\n\n\t\n\n\n<style>\n#row-129501873 > .col > .col-inner {\n  border-radius: 25px;\n}\n<\/style>\n<\/div>\n\n\t\t<\/div>\n\n\t\t\n<style>\n#section_1757143650 {\n  padding-top: 30px;\n  padding-bottom: 30px;\n}\n<\/style>\n\t<\/section>\n\t\n\t<section class=\"section\" id=\"section_1581125228\">\n\t\t<div class=\"bg section-bg fill bg-fill  bg-loaded\" >\n\n\t\t\t\n\t\t\t\n\t\t\t\n\n\t\t<\/div>\n\n\t\t\n\n\t\t<div class=\"section-content relative\">\n\t\t\t\n\n<div class=\"row\"  id=\"row-837399137\">\n\n\n\t<div id=\"col-1874841859\" class=\"col small-12 large-12\"  >\n\t\t\t\t<div class=\"col-inner\"  >\n\t\t\t\n\t\t\t\n\n<div class=\"row\"  id=\"row-2022172962\">\n\n\n\t<div id=\"col-1631759649\" class=\"col small-12 large-12\"  >\n\t\t\t\t<div class=\"col-inner\"  >\n\t\t\t\n\t\t\t\n\n<div class=\"row\"  id=\"row-698885536\">\n\n\n\t<div id=\"col-446337968\" class=\"col small-12 large-12\"  >\n\t\t\t\t<div class=\"col-inner\"  >\n\t\t\t\n\t\t\t\n\n\t<div id=\"text-2877229849\" class=\"text\">\n\t\t\n\n<h2>Como funciona o testador de impacto de p\u00eandulo<\/h2>\n\t\t\n<style>\n#text-2877229849 {\n  font-size: 1.3rem;\n  text-align: center;\n}\n<\/style>\n\t<\/div>\n\t\n<p>O <strong>Testador de impacto de p\u00eandulo PIT-01<\/strong> por <strong>Impacttesting.net<\/strong> foi concebido para fornecer medi\u00e7\u00f5es precisas e repet\u00edveis da resist\u00eancia ao impacto. O processo de teste envolve:<\/p>\n\n\t\t<\/div>\n\t\t\t\t\t<\/div>\n\n\t\n\n<\/div>\n<div class=\"row align-middle\"  id=\"row-2018110814\">\n\n\n\t<div id=\"col-1178031812\" class=\"col medium-6 small-12 large-6\"  >\n\t\t\t\t<div class=\"col-inner\"  >\n\t\t\t\n\t\t\t\n\n<ol>\n<li>Prepara\u00e7\u00e3o do esp\u00e9cime: Selecionar uma amostra de espessura e consist\u00eancia uniformes.<\/li>\n<li>Fixa\u00e7\u00e3o do esp\u00e9cime: A pel\u00edcula \u00e9 fixada no local utilizando um sistema de fixa\u00e7\u00e3o pneum\u00e1tico.<\/li>\n<li>Liberta\u00e7\u00e3o do p\u00eandulo: O p\u00eandulo, equipado com uma cabe\u00e7a de impacto, \u00e9 libertado automaticamente a partir de uma altura predefinida.<\/li>\n<li>Medi\u00e7\u00e3o do impacto: A energia absorvida pelo material aquando do impacto \u00e9 registada.<\/li>\n<li>An\u00e1lise de dados: Os resultados s\u00e3o apresentados numa interface digital, com uma microimpressora opcional para relat\u00f3rios imediatos.<\/li>\n<\/ol>\n\n\t\t<\/div>\n\t\t\t\t\t<\/div>\n\n\t\n\n\t<div id=\"col-449814778\" class=\"col medium-6 small-12 large-6\"  >\n\t\t\t\t<div class=\"col-inner\"  >\n\t\t\t\n\t\t\t\n\n<div class=\"video video-fit mb\" style=\"padding-top:56.25%;\"><iframe title=\"Testador de impacto de p\u00eandulo ASTM D3420 para filmes pl\u00e1sticos Testador de impacto de folhas\" width=\"1020\" height=\"574\" src=\"https:\/\/www.youtube.com\/embed\/vEx4esxMESw?feature=oembed\" frameborder=\"0\" allow=\"accelerometer; autoplay; clipboard-write; encrypted-media; gyroscope; picture-in-picture; web-share\" referrerpolicy=\"strict-origin-when-cross-origin\" allowfullscreen><\/iframe><\/div>\n\n\n\t\t<\/div>\n\t\t\t\t\t<\/div>\n\n\t\n\n<\/div>\n\n\t\t<\/div>\n\t\t\t\t\t<\/div>\n\n\t\n\n<\/div>\n\n\t\t<\/div>\n\t\t\t\t\t<\/div>\n\n\t\n\n<\/div>\n<div class=\"row\"  id=\"row-290297353\">\n\n\n\t<div id=\"col-1072181690\" class=\"col small-12 large-12\"  >\n\t\t\t\t<div class=\"col-inner\"  >\n\t\t\t\n\t\t\t\n\n<div class=\"row\"  id=\"row-1025993130\">\n\n\n\t<div id=\"col-506411110\" class=\"col small-12 large-12\"  >\n\t\t\t\t<div class=\"col-inner\"  >\n\t\t\t\n\t\t\t\n\n\t<div id=\"text-3690751535\" class=\"text\">\n\t\t\n\n<h2>Teste de impacto ASTM D3420 e Spencer<\/h2>\n\t\t\n<style>\n#text-3690751535 {\n  font-size: 1.3rem;\n  text-align: center;\n}\n<\/style>\n\t<\/div>\n\t\n\n\t\t<\/div>\n\t\t\t\t\t<\/div>\n\n\t\n\n\t<div id=\"col-609511326\" class=\"col small-12 large-12\"  >\n\t\t\t\t<div class=\"col-inner\"  >\n\t\t\t\n\t\t\t\n\n<h3>ASTM D3420 - M\u00e9todo de ensaio para a resist\u00eancia ao impacto do p\u00eandulo de pel\u00edculas de pl\u00e1stico<\/h3>\n<p><a href=\"https:\/\/www.impacttesting.net\/pt\/astm-d3420\/\">ASTM D3420<\/a> especifica um m\u00e9todo para determinar o <strong>resist\u00eancia ao impacto das pel\u00edculas de pl\u00e1stico<\/strong> medindo a energia necess\u00e1ria para que um p\u00eandulo de impacto penetre numa amostra de ensaio. O teste foi concebido para fornecer informa\u00e7\u00f5es sobre o comportamento din\u00e2mico de tra\u00e7\u00e3o de um material em condi\u00e7\u00f5es de elevada taxa de deforma\u00e7\u00e3o, tornando-o essencial para a avalia\u00e7\u00e3o de materiais de embalagem.<\/p>\n<p>Os principais aspectos da ASTM D3420 incluem:<\/p>\n<p>Medi\u00e7\u00e3o da perda de energia devido ao impacto de uma sonda pendular no provete.<br \/>Dois procedimentos (A e B) que diferem na dimens\u00e3o da amostra, com <strong>Procedimento B frequentemente designado por ensaio de impacto Spencer<\/strong>.<br \/>Import\u00e2ncia em aplica\u00e7\u00f5es que requerem uma elevada resist\u00eancia ao impacto, como as pel\u00edculas para embalagens alimentares e farmac\u00eauticas.<\/p>\n<h3>Teste de impacto Spencer: Uma varia\u00e7\u00e3o especializada<\/h3>\n<p>O <strong>Teste de impacto Spencer<\/strong> \u00e9 uma variante da ASTM D3420, normalmente associada a <strong>Procedimento B<\/strong>, que utiliza um <strong>Pin\u00e7a para amostras de 89 mm de di\u00e2metro<\/strong>. Este m\u00e9todo \u00e9 amplamente utilizado para avaliar pel\u00edculas utilizadas em embalagens flex\u00edveis, garantindo que os materiais podem suportar o stress mec\u00e2nico sem rasgar ou perfurar.<\/p>\n\n\t\t<\/div>\n\t\t\t\t\t<\/div>\n\n\t\n\n<\/div>\n\n\t\t<\/div>\n\t\t\t\t\t<\/div>\n\n\t\n\n<\/div>\n<div class=\"row\"  id=\"row-124421323\">\n\n\n\t<div id=\"col-884332897\" class=\"col small-12 large-12\"  >\n\t\t\t\t<div class=\"col-inner\"  >\n\t\t\t\n\t\t\t\n\n<div class=\"row\"  id=\"row-312436823\">\n\n\n\t<div id=\"col-486766654\" class=\"col small-12 large-12\"  >\n\t\t\t\t<div class=\"col-inner\"  >\n\t\t\t\n\t\t\t\n\n\t<div id=\"text-3828418862\" class=\"text\">\n\t\t\n\n<h2>Testador de impacto de p\u00eandulo PIT-01<\/h2>\n\t\t\n<style>\n#text-3828418862 {\n  font-size: 1.3rem;\n  text-align: center;\n}\n<\/style>\n\t<\/div>\n\t\n\n\t\t<\/div>\n\t\t\t\t\t<\/div>\n\n\t\n\n<\/div>\n<div class=\"row\"  id=\"row-1979490699\">\n\n\n\t<div id=\"col-1506060446\" class=\"col medium-6 small-12 large-6\"  >\n\t\t\t\t<div class=\"col-inner\"  >\n\t\t\t\n\t\t\t\n\n<h3>Carater\u00edsticas principais:<\/h3>\n<p>A m\u00e1quina de teste de impacto de p\u00eandulo PIT-01 da Cell Instruments oferece carater\u00edsticas avan\u00e7adas para testes de materiais de alta precis\u00e3o:<\/p>\n<ul>\n<li>Controlo PLC e ecr\u00e3 t\u00e1til HMI para uma opera\u00e7\u00e3o f\u00e1cil.<\/li>\n<li>Fixa\u00e7\u00e3o pneum\u00e1tica de esp\u00e9cimes para garantir um posicionamento est\u00e1vel.<\/li>\n<li>Liberta\u00e7\u00e3o autom\u00e1tica do p\u00eandulo para testes de impacto consistentes.<\/li>\n<li>Auto-estat\u00edstica de dados e microimpressora para uma documenta\u00e7\u00e3o eficiente dos resultados.<\/li>\n<li>Medi\u00e7\u00e3o precisa do \u00e2ngulo para c\u00e1lculos exactos de energia.<\/li>\n<li>Porta RS232 e software (opcional) para an\u00e1lise avan\u00e7ada de dados.<\/li>\n<\/ul>\n\n\t\t<\/div>\n\t\t\t\t\t<\/div>\n\n\t\n\n\t<div id=\"col-166162525\" class=\"col medium-6 small-12 large-6\"  >\n\t\t\t\t<div class=\"col-inner\"  >\n\t\t\t\n\t\t\t\n\n<h3>Especifica\u00e7\u00f5es t\u00e9cnicas:<\/h3>\n<table width=\"360\">\n<tbody>\n<tr>\n<td style=\"text-align: center;\" width=\"143\">Energia de impacto<\/td>\n<td style=\"text-align: center;\" width=\"217\">1 J, 2 J, 3 J<\/td>\n<\/tr>\n<tr>\n<td style=\"text-align: center;\" width=\"143\">Resolu\u00e7\u00e3o<\/td>\n<td style=\"text-align: center;\" width=\"217\">\u00a00.001 J<\/td>\n<\/tr>\n<tr>\n<td style=\"text-align: center;\" width=\"143\">Tamanho da cabe\u00e7a de impacto<\/td>\n<td style=\"text-align: center;\" width=\"217\">\u042425,4, \u042419, \u042412,7 mm\u00a0<\/td>\n<\/tr>\n<tr>\n<td style=\"text-align: center;\" width=\"143\">Pin\u00e7a para amostras<\/td>\n<td style=\"text-align: center;\" width=\"217\">Bra\u00e7adeira pneum\u00e1tica<\/td>\n<\/tr>\n<tr>\n<td style=\"text-align: center;\" width=\"143\">Di\u00e2metro da bra\u00e7adeira<\/td>\n<td style=\"text-align: center;\" width=\"217\">\u042489 mm, \u042460 mm<\/td>\n<\/tr>\n<tr>\n<td style=\"text-align: center;\" width=\"143\">Fornecimento de g\u00e1s<\/td>\n<td style=\"text-align: center;\" width=\"217\">0,6 MPa \u03a66 mm Tubo de PU<\/td>\n<\/tr>\n<tr>\n<td style=\"text-align: center;\" width=\"143\">Tamanho do esp\u00e9cime<\/td>\n<td style=\"text-align: center;\" width=\"217\">100*100 mm ou \u0424100 mm<\/td>\n<\/tr>\n<tr>\n<td style=\"text-align: center;\" width=\"143\">Fonte de alimenta\u00e7\u00e3o\u00a0<\/td>\n<td style=\"text-align: center;\" width=\"217\">AC 110~220V 50Hz<\/td>\n<\/tr>\n<\/tbody>\n<\/table>\n\n\t\t<\/div>\n\t\t\t\t\t<\/div>\n\n\t\n\n<\/div>\n\n\t\t<\/div>\n\t\t\t\t\t<\/div>\n\n\t\n\n<\/div>\n\n\t\t<\/div>\n\n\t\t\n<style>\n#section_1581125228 {\n  padding-top: 30px;\n  padding-bottom: 30px;\n}\n<\/style>\n\t<\/section>\n\t\n\t<section class=\"section\" id=\"section_88670084\">\n\t\t<div class=\"bg section-bg fill bg-fill  bg-loaded\" >\n\n\t\t\t\n\t\t\t\n\t\t\t\n\n\t\t<\/div>\n\n\t\t\n\n\t\t<div class=\"section-content relative\">\n\t\t\t\n\n<div class=\"row\"  id=\"row-585323493\">\n\n\n\t<div id=\"col-698261028\" class=\"col small-12 large-12\"  >\n\t\t\t\t<div class=\"col-inner\"  >\n\t\t\t\n\t\t\t\n\n<div class=\"row align-equal align-center\"  id=\"row-1104548169\">\n\n\n\t<div id=\"col-756572014\" class=\"col small-12 large-12\"  >\n\t\t\t\t<div class=\"col-inner\"  >\n\t\t\t\n\t\t\t\n\n\t<div id=\"text-830167876\" class=\"text\">\n\t\t\n\n<h2>Porqu\u00ea escolher o Impacttesting.net<br \/>Testador de impacto de p\u00eandulo PIT-01<\/h2>\n\t\t\n<style>\n#text-830167876 {\n  font-size: 1.4rem;\n  text-align: center;\n}\n<\/style>\n\t<\/div>\n\t\n\n\t\t<\/div>\n\t\t\t\t\t<\/div>\n\n\t\n\n\t<div id=\"col-1107653004\" class=\"col medium-6 small-12 large-6\"  >\n\t\t\t\t<div class=\"col-inner text-center\"  >\n\t\t\t\n\t\t\t\n\n\t<div id=\"text-3313996221\" class=\"text\">\n\t\t\n\n<p>Ao integrar <strong>ensaio de impacto pendular<\/strong> nos seus processos de controlo de qualidade, pode aumentar a durabilidade dos produtos e a conformidade com as normas da ind\u00fastria. <strong>Impacttesting.net<\/strong> fornece solu\u00e7\u00f5es de ponta para satisfazer as suas necessidades de ensaio de materiais.<\/p>\n\t\t\n<style>\n#text-3313996221 {\n  font-size: 1.1rem;\n  line-height: 2;\n}\n<\/style>\n\t<\/div>\n\t\n<a href=\"https:\/\/www.impacttesting.net\/pt\/contact-us\/\" class=\"button primary is-outline\"  style=\"border-radius:99px;\">\n    <span>Contactar-nos<\/span>\n  <i class=\"icon-chat\" aria-hidden=\"true\" ><\/i><\/a>\n\n\n\n\t\t<\/div>\n\t\t\t\t\t<\/div>\n\n\t\n\n\t<div id=\"col-2061077593\" class=\"col medium-4 small-12 large-4\"  >\n\t\t\t\t<div class=\"col-inner text-center\"  >\n\t\t\t\n\t\t\t\n\n\n<div class=\"wpcf7 no-js\" id=\"wpcf7-f10-o1\" lang=\"en-US\" dir=\"ltr\" data-wpcf7-id=\"10\">\n<div class=\"screen-reader-response\"><p role=\"status\" aria-live=\"polite\" aria-atomic=\"true\"><\/p> <ul><\/ul><\/div>\n<form action=\"\/pt\/wp-json\/wp\/v2\/pages\/48#wpcf7-f10-o1\" method=\"post\" class=\"wpcf7-form init\" aria-label=\"Contact form\" novalidate=\"novalidate\" data-status=\"init\" data-trp-original-action=\"\/pt\/wp-json\/wp\/v2\/pages\/48#wpcf7-f10-o1\">\n<fieldset class=\"hidden-fields-container\"><input type=\"hidden\" name=\"_wpcf7\" value=\"10\" \/><input type=\"hidden\" name=\"_wpcf7_version\" value=\"6.1.4\" \/><input type=\"hidden\" name=\"_wpcf7_locale\" value=\"en_US\" \/><input type=\"hidden\" name=\"_wpcf7_unit_tag\" value=\"wpcf7-f10-o1\" \/><input type=\"hidden\" name=\"_wpcf7_container_post\" value=\"0\" \/><input type=\"hidden\" name=\"_wpcf7_posted_data_hash\" value=\"\" \/><input type=\"hidden\" name=\"_wpcf7_recaptcha_response\" value=\"\" \/>\n<\/fieldset>\n<p><span class=\"wpcf7-form-control-wrap\" data-name=\"Name\"><input size=\"40\" maxlength=\"400\" class=\"wpcf7-form-control wpcf7-text\" aria-invalid=\"false\" placeholder=\"O seu nome\" value=\"\" type=\"text\" name=\"Name\" \/><\/span><br \/>\n<span class=\"wpcf7-form-control-wrap\" data-name=\"Comapany\"><input size=\"40\" maxlength=\"400\" class=\"wpcf7-form-control wpcf7-text\" aria-invalid=\"false\" placeholder=\"A sua empresa\" value=\"\" type=\"text\" name=\"Comapany\" \/><\/span><br \/>\n<span class=\"wpcf7-form-control-wrap\" data-name=\"Email\"><input size=\"40\" maxlength=\"400\" class=\"wpcf7-form-control wpcf7-email wpcf7-validates-as-required wpcf7-text wpcf7-validates-as-email\" aria-required=\"true\" aria-invalid=\"false\" placeholder=\"O seu e-mail*\" value=\"\" type=\"email\" name=\"Email\" \/><\/span><br \/>\n<span class=\"wpcf7-form-control-wrap\" data-name=\"Message\"><textarea cols=\"40\" rows=\"10\" maxlength=\"2000\" class=\"wpcf7-form-control wpcf7-textarea\" aria-invalid=\"false\" placeholder=\"Mensagem\" name=\"Message\"><\/textarea><\/span>\n<\/p>\n<p><input class=\"wpcf7-form-control wpcf7-submit has-spinner\" type=\"submit\" value=\"Enviar\" \/>\n<\/p><div class=\"wpcf7-response-output\" aria-hidden=\"true\"><\/div>\n<input type=\"hidden\" name=\"trp-form-language\" value=\"pt\"\/><\/form>\n<\/div>\n\n\n\n\t\t<\/div>\n\t\t\t\t\t<\/div>\n\n\t\n\n<\/div>\n\n\t\t<\/div>\n\t\t\t\t\t<\/div>\n\n\t\n\n<\/div>\n\n\t\t<\/div>\n\n\t\t\n<style>\n#section_88670084 {\n  padding-top: 30px;\n  padding-bottom: 30px;\n  background-color: rgb(232, 234, 241);\n}\n<\/style>\n\t<\/section>","protected":false},"excerpt":{"rendered":"","protected":false},"author":1,"featured_media":0,"parent":0,"menu_order":0,"comment_status":"closed","ping_status":"closed","template":"page-blank.php","meta":{"footnotes":""},"class_list":["post-48","page","type-page","status-publish","hentry"],"_links":{"self":[{"href":"https:\/\/www.impacttesting.net\/pt\/wp-json\/wp\/v2\/pages\/48","targetHints":{"allow":["GET"]}}],"collection":[{"href":"https:\/\/www.impacttesting.net\/pt\/wp-json\/wp\/v2\/pages"}],"about":[{"href":"https:\/\/www.impacttesting.net\/pt\/wp-json\/wp\/v2\/types\/page"}],"author":[{"embeddable":true,"href":"https:\/\/www.impacttesting.net\/pt\/wp-json\/wp\/v2\/users\/1"}],"replies":[{"embeddable":true,"href":"https:\/\/www.impacttesting.net\/pt\/wp-json\/wp\/v2\/comments?post=48"}],"version-history":[{"count":5,"href":"https:\/\/www.impacttesting.net\/pt\/wp-json\/wp\/v2\/pages\/48\/revisions"}],"predecessor-version":[{"id":72,"href":"https:\/\/www.impacttesting.net\/pt\/wp-json\/wp\/v2\/pages\/48\/revisions\/72"}],"wp:attachment":[{"href":"https:\/\/www.impacttesting.net\/pt\/wp-json\/wp\/v2\/media?parent=48"}],"curies":[{"name":"wp","href":"https:\/\/api.w.org\/{rel}","templated":true}]}}