{"id":85,"date":"2025-12-24T07:51:49","date_gmt":"2025-12-24T07:51:49","guid":{"rendered":"https:\/\/www.impacttesting.net\/?page_id=85"},"modified":"2025-12-24T07:51:49","modified_gmt":"2025-12-24T07:51:49","slug":"iso-7765-1","status":"publish","type":"page","link":"https:\/\/www.impacttesting.net\/pl\/iso-7765-1\/","title":{"rendered":"ISO 7765-1"},"content":{"rendered":"<section class=\"section\" id=\"section_350432842\">\n\t\t<div class=\"bg section-bg fill bg-fill  bg-loaded\" >\n\n\t\t\t\n\t\t\t\n\t\t\t\n\n\t\t<\/div>\n\n\t\t\n\n\t\t<div class=\"section-content relative\">\n\t\t\t\n\n<div class=\"row\"  id=\"row-403982320\">\n\n\n\t<div id=\"col-821334985\" class=\"col small-12 large-12\"  >\n\t\t\t\t<div class=\"col-inner\" style=\"background-color:rgb(92, 171, 188);\" >\n\t\t\t\n\t\t\t\n\n<div class=\"row\"  id=\"row-337824771\">\n\n\n\t<div id=\"col-805266355\" class=\"col small-12 large-12\"  >\n\t\t\t\t<div class=\"col-inner\"  >\n\t\t\t\n\t\t\t\n\n\t<div id=\"text-1219267563\" class=\"text\">\n\t\t\n\n<h1>ISO 7765-1<\/h1>\n\t\t\n<style>\n#text-1219267563 {\n  font-size: 1.5rem;\n  text-align: center;\n}\n<\/style>\n\t<\/div>\n\t\n\t<div id=\"text-1580011345\" class=\"text\">\n\t\t\n\n<h2>Metoda rzutek swobodnie spadaj\u0105cych<\/h2>\n\t\t\n<style>\n#text-1580011345 {\n  text-align: center;\n}\n<\/style>\n\t<\/div>\n\t\n\n\t\t<\/div>\n\t\t\t\t\n<style>\n#col-805266355 > .col-inner {\n  padding: 50px 10px 10px 10px;\n}\n<\/style>\n\t<\/div>\n\n\t\n\n<\/div>\n<div class=\"row align-middle align-center\"  id=\"row-165279466\">\n\n\n\t<div id=\"col-2046053966\" class=\"col medium-11 small-12 large-11\"  >\n\t\t\t\t<div class=\"col-inner\"  >\n\t\t\t\n\t\t\t\n\n<div class=\"row align-center\"  id=\"row-284156792\">\n\n\n\t<div id=\"col-720860573\" class=\"col medium-7 small-12 large-7\"  >\n\t\t\t\t<div class=\"col-inner\"  >\n\t\t\t\n\t\t\t\n\n<div class=\"row\"  id=\"row-1283757180\">\n\n\n\t<div id=\"col-269793396\" class=\"col small-12 large-12\"  >\n\t\t\t\t<div class=\"col-inner text-center\"  >\n\t\t\t\n\t\t\t\n\n\t<div id=\"text-3816664563\" class=\"text\">\n\t\t\n\n<p>Przyj\u0119cie <a href=\"https:\/\/www.impacttesting.net\/pl\/iso-7765-1\/\"><strong>ISO 7765-1<\/strong><\/a> i u\u017cywaj\u0105c <strong>metoda swobodnie spadaj\u0105cej lotki<\/strong> Umo\u017cliwia specjalistom ds. materia\u0142\u00f3w i opakowa\u0144 dok\u0142adn\u0105 ocen\u0119 <strong>Odporno\u015b\u0107 na uderzenia rzutk\u0105<\/strong>zapewniaj\u0105c, \u017ce folie spe\u0142niaj\u0105 standardy trwa\u0142o\u015bci i bezpiecze\u0144stwa. <strong>ISO 7765-1<\/strong> jest idealny do folii i arkuszy z tworzyw sztucznych stosowanych w opakowaniach, rolnictwie, medycynie i zastosowaniach przemys\u0142owych.<\/p>\n\t\t\n<style>\n#text-3816664563 {\n  color: rgb(0, 0, 0);\n}\n#text-3816664563 > * {\n  color: rgb(0, 0, 0);\n}\n<\/style>\n\t<\/div>\n\t\n\n\t\t<\/div>\n\t\t\t\t\t<\/div>\n\n\t\n\n\t<div id=\"col-1154737393\" class=\"col small-12 large-12\"  >\n\t\t\t\t<div class=\"col-inner text-center\"  >\n\t\t\t\n\t\t\t\n\n<a href=\"https:\/\/www.impacttesting.net\/pl\/contact-us\/\" class=\"button primary is-outline\"  style=\"border-radius:99px;\">\n    <span>Kontakt<\/span>\n  <i class=\"icon-chat\" aria-hidden=\"true\" ><\/i><\/a>\n\n\n\n\t\t<\/div>\n\t\t\t\t\t<\/div>\n\n\t\n\n<\/div>\n\n\t\t<\/div>\n\t\t\t\t\t<\/div>\n\n\t\n\n\t<div id=\"col-135481907\" class=\"col medium-4 small-12 large-4\"  >\n\t\t\t\t<div class=\"col-inner\"  >\n\t\t\t\n\t\t\t\n\n<div class=\"row\"  id=\"row-1317153755\">\n\n\n\t<div id=\"col-1299932915\" class=\"col small-12 large-12\"  >\n\t\t\t\t<div class=\"col-inner\"  >\n\t\t\t\n\t\t\t\n\n\t<div class=\"img has-hover x md-x lg-x y md-y lg-y\" id=\"image_804487834\">\n\t\t\t\t\t\t\t\t<div class=\"img-inner dark\" >\n\t\t\t<img decoding=\"async\" width=\"600\" height=\"440\" src=\"https:\/\/www.impacttesting.net\/wp-content\/uploads\/2025\/12\/ISO-7765-1-Free-Falling-Dart-Method.webp\" class=\"attachment-large size-large\" alt=\"ISO 7765-1 Metoda rzutek swobodnie spadaj\u0105cych\" srcset=\"https:\/\/www.impacttesting.net\/wp-content\/uploads\/2025\/12\/ISO-7765-1-Free-Falling-Dart-Method.webp 600w, https:\/\/www.impacttesting.net\/wp-content\/uploads\/2025\/12\/ISO-7765-1-Free-Falling-Dart-Method-545x400.webp 545w\" sizes=\"(max-width: 600px) 100vw, 600px\" \/>\t\t\t\t\t\t\n\t\t\t\t\t<\/div>\n\t\t\t\t\t\t\t\t\n<style>\n#image_804487834 {\n  width: 100%;\n}\n<\/style>\n\t<\/div>\n\t\n\n\n\t\t<\/div>\n\t\t\t\t\t<\/div>\n\n\t\n\n<\/div>\n\n\t\t<\/div>\n\t\t\t\t\t<\/div>\n\n\t\n\n<\/div>\n\n\t\t<\/div>\n\t\t\t\t\t<\/div>\n\n\t\n\n<\/div>\n\n\t\t<\/div>\n\t\t\t\t\t<\/div>\n\n\t\n\n\n<style>\n#row-403982320 > .col > .col-inner {\n  border-radius: 25px;\n}\n<\/style>\n<\/div>\n\n\t\t<\/div>\n\n\t\t\n<style>\n#section_350432842 {\n  padding-top: 30px;\n  padding-bottom: 30px;\n}\n<\/style>\n\t<\/section>\n\t\n\t<section class=\"section\" id=\"section_1887736183\">\n\t\t<div class=\"bg section-bg fill bg-fill  bg-loaded\" >\n\n\t\t\t\n\t\t\t\n\t\t\t\n\n\t\t<\/div>\n\n\t\t\n\n\t\t<div class=\"section-content relative\">\n\t\t\t\n\n<div class=\"row\"  id=\"row-2002216219\">\n\n\n\t<div id=\"col-818265245\" class=\"col small-12 large-12\"  >\n\t\t\t\t<div class=\"col-inner\"  >\n\t\t\t\n\t\t\t\n\n<div class=\"row\"  id=\"row-1326956323\">\n\n\n\t<div id=\"col-335738161\" class=\"col small-12 large-12\"  >\n\t\t\t\t<div class=\"col-inner\"  >\n\t\t\t\n\t\t\t\n\n\t<div id=\"text-1869607635\" class=\"text\">\n\t\t\n\n<h2>ISO 7765-1 i jego znaczenie<\/h2>\n\t\t\n<style>\n#text-1869607635 {\n  font-size: 1.3rem;\n  text-align: center;\n}\n<\/style>\n\t<\/div>\n\t\n\n\t\t<\/div>\n\t\t\t\t\t<\/div>\n\n\t\n\n\t<div id=\"col-1984679394\" class=\"col small-12 large-12\"  >\n\t\t\t\t<div class=\"col-inner\"  >\n\t\t\t\n\t\t\t\n\n<p>Zrozumienie i wdro\u017cenie <strong>ISO 7765-1<\/strong> ma kluczowe znaczenie dla profesjonalist\u00f3w pracuj\u0105cych z foliami z tworzyw sztucznych i materia\u0142ami elastycznymi. Ten mi\u0119dzynarodowy standard okre\u015bla procedur\u0119 okre\u015blania <strong>Odporno\u015b\u0107 na uderzenia rzutk\u0105<\/strong> folii z tworzywa sztucznego przy u\u017cyciu <strong>metoda swobodnie spadaj\u0105cej lotki<\/strong>jest niezb\u0119dnym testem kontroli jako\u015bci. Dok\u0142adne zastosowanie tej metody pomaga producentom oceni\u0107, jak dobrze materia\u0142y mog\u0105 wytrzyma\u0107 obci\u0105\u017cenia udarowe - wska\u017anik trwa\u0142o\u015bci i wydajno\u015bci w rzeczywistych zastosowaniach. W bran\u017cach takich jak opakowaniowa, farmaceutyczna, elektroniczna i spo\u017cywcza, przestrzeganie normy ISO 7765-1 zapewnia niezawodno\u015b\u0107, sp\u00f3jno\u015b\u0107 i zgodno\u015b\u0107 z globalnymi standardami.<\/p>\n\n\t\t<\/div>\n\t\t\t\t\t<\/div>\n\n\t\n\n<\/div>\n\n\t\t<\/div>\n\t\t\t\t\t<\/div>\n\n\t\n\n<\/div>\n<div class=\"row\"  id=\"row-437228381\">\n\n\n\t<div id=\"col-851059634\" class=\"col small-12 large-12\"  >\n\t\t\t\t<div class=\"col-inner\"  >\n\t\t\t\n\t\t\t\n\n<div class=\"row\"  id=\"row-1491988241\">\n\n\n\t<div id=\"col-1367334049\" class=\"col small-12 large-12\"  >\n\t\t\t\t<div class=\"col-inner\"  >\n\t\t\t\n\t\t\t\n\n<div class=\"row\"  id=\"row-581849629\">\n\n\n\t<div id=\"col-139452616\" class=\"col small-12 large-12\"  >\n\t\t\t\t<div class=\"col-inner\"  >\n\t\t\t\n\t\t\t\n\n\t<div id=\"text-350221617\" class=\"text\">\n\t\t\n\n<h2>Zrozumienie metody swobodnie spadaj\u0105cych rzutek<\/h2>\n\t\t\n<style>\n#text-350221617 {\n  font-size: 1.3rem;\n  text-align: center;\n}\n<\/style>\n\t<\/div>\n\t\n\n\t\t<\/div>\n\t\t\t\t\t<\/div>\n\n\t\n\n<\/div>\n<div class=\"row align-middle\"  id=\"row-952613027\">\n\n\n\t<div id=\"col-555641533\" class=\"col medium-7 small-12 large-7\"  >\n\t\t\t\t<div class=\"col-inner\"  >\n\t\t\t\n\t\t\t\n\n<div><strong>ISO 7765-1<\/strong> okre\u015bla metod\u0119 badania w celu okre\u015blenia energii wymaganej do spowodowania uszkodzenia folii z tworzywa sztucznego w wyniku uderzenia swobodnie spadaj\u0105cej strza\u0142ki. Test identyfikuje <strong>masa uszkodzenia udarowego<\/strong>zdefiniowana jako masa rzutki powoduj\u0105ca uszkodzenie 50% pr\u00f3bek testowych w znormalizowanych warunkach.<\/div>\n<div>Istniej\u0105 dwie g\u0142\u00f3wne procedury:<\/div>\n<ul>\n<li><strong>Metoda A<\/strong> u\u017cywa <strong>38 mm<\/strong> \u015brednica rzutki upuszczonej z <strong>0,66 metra<\/strong>.<\/li>\n<li><strong>Metoda B<\/strong> zatrudnia <strong>50 mm<\/strong> \u015brednica rzutki upuszczonej z <strong>1,5 metra<\/strong>.<\/li>\n<\/ul>\n<p>Ka\u017cda z metod jest przeznaczona do r\u00f3\u017cnych typ\u00f3w materia\u0142\u00f3w i grubo\u015bci, a uzyskane wyniki nie s\u0105 wymienne.<\/p>\n\n\t\t<\/div>\n\t\t\t\t\t<\/div>\n\n\t\n\n\t<div id=\"col-582052791\" class=\"col medium-5 small-12 large-5\"  >\n\t\t\t\t<div class=\"col-inner\"  >\n\t\t\t\n\t\t\t\n\n\t<div class=\"img has-hover x md-x lg-x y md-y lg-y\" id=\"image_2007763710\">\n\t\t<a class=\"\" href=\"https:\/\/www.impacttesting.net\/pl\/falling-dart-impact-tester\/\" >\t\t\t\t\t\t<div class=\"img-inner dark\" >\n\t\t\t<img decoding=\"async\" width=\"600\" height=\"440\" src=\"https:\/\/www.impacttesting.net\/wp-content\/uploads\/2025\/12\/ISO-7765-1-Free-Falling-Dart-Method.webp\" class=\"attachment-large size-large\" alt=\"ISO 7765-1 Metoda rzutek swobodnie spadaj\u0105cych\" srcset=\"https:\/\/www.impacttesting.net\/wp-content\/uploads\/2025\/12\/ISO-7765-1-Free-Falling-Dart-Method.webp 600w, https:\/\/www.impacttesting.net\/wp-content\/uploads\/2025\/12\/ISO-7765-1-Free-Falling-Dart-Method-545x400.webp 545w\" sizes=\"(max-width: 600px) 100vw, 600px\" \/>\t\t\t\t\t\t\n\t\t\t\t\t<\/div>\n\t\t\t\t\t\t<\/a>\t\t\n<style>\n#image_2007763710 {\n  width: 100%;\n}\n<\/style>\n\t<\/div>\n\t\n\n\n\t\t<\/div>\n\t\t\t\t\t<\/div>\n\n\t\n\n<\/div>\n\n\t\t<\/div>\n\t\t\t\t\t<\/div>\n\n\t\n\n<\/div>\n\n\t\t<\/div>\n\t\t\t\t\t<\/div>\n\n\t\n\n<\/div>\n<div class=\"row\"  id=\"row-538996332\">\n\n\n\t<div id=\"col-858034653\" class=\"col small-12 large-12\"  >\n\t\t\t\t<div class=\"col-inner\"  >\n\t\t\t\n\t\t\t\n\n<div class=\"row\"  id=\"row-865971408\">\n\n\n\t<div id=\"col-965031889\" class=\"col small-12 large-12\"  >\n\t\t\t\t<div class=\"col-inner\"  >\n\t\t\t\n\t\t\t\n\n\t<div id=\"text-2591494596\" class=\"text\">\n\t\t\n\n<h2>Metoda rzutek swobodnie spadaj\u0105cych: Znaczenie i procedura<\/h2>\n\t\t\n<style>\n#text-2591494596 {\n  font-size: 1.3rem;\n  text-align: center;\n}\n<\/style>\n\t<\/div>\n\t\n\n\t\t<\/div>\n\t\t\t\t\t<\/div>\n\n\t\n\n<\/div>\n<div class=\"row\"  id=\"row-1936900323\">\n\n\n\t<div id=\"col-239800389\" class=\"col medium-6 small-12 large-6\"  >\n\t\t\t\t<div class=\"col-inner\"  >\n\t\t\t\n\t\t\t\n\n<h3>Przygotowanie do testu<\/h3>\n<p>Przed wykonaniem testu:<\/p>\n<ul>\n<li><strong>Stan pr\u00f3bek<\/strong> w temperaturze 23\u00b0C \u00b1 2\u00b0C i wilgotno\u015bci wzgl\u0119dnej 50% \u00b1 5% przez co najmniej 40 godzin.<\/li>\n<li>Wybierz pr\u00f3bki z <strong>jednolita grubo\u015b\u0107<\/strong> (\u00b110% warto\u015bci nominalnej).<\/li>\n<li>U\u017cycie <strong>30 lub wi\u0119cej pr\u00f3bek<\/strong> aby zapewni\u0107 istotno\u015b\u0107 statystyczn\u0105.<\/li>\n<\/ul>\n\n\t\t<\/div>\n\t\t\t\t\t<\/div>\n\n\t\n\n\t<div id=\"col-1426170246\" class=\"col medium-6 small-12 large-6\"  >\n\t\t\t\t<div class=\"col-inner\"  >\n\t\t\t\n\t\t\t\n\n<h3>Wymagania sprz\u0119towe<\/h3>\n<div>Standardowa konfiguracja testowa obejmuje:<\/div>\n<ul>\n<li>A <strong>rzutka z p\u00f3\u0142kulist\u0105 g\u0142\u00f3wk\u0105<\/strong> i zdejmowane obci\u0105\u017cniki przyrostowe.<\/li>\n<li>An <strong>elektromagnes lub mechaniczne<\/strong> Mechanizm zwalniaj\u0105cy do kontrolowanego upuszczania.<\/li>\n<li>A <strong>dwucz\u0119\u015bciowy system mocowania<\/strong> aby mocno przytrzyma\u0107 pr\u00f3bk\u0119.<\/li>\n<li>A <strong>mikrometr<\/strong> do precyzyjnego pomiaru grubo\u015bci.<\/li>\n<li><strong>Os\u0142ony bezpiecze\u0144stwa<\/strong> w celu ochrony u\u017cytkownik\u00f3w i urz\u0105dzenia.<\/li>\n<\/ul>\n\n\t\t<\/div>\n\t\t\t\t\t<\/div>\n\n\t\n\n<\/div>\n<div class=\"row align-middle\"  id=\"row-354409577\">\n\n\n\t<div id=\"col-1035347895\" class=\"col small-12 large-12\"  >\n\t\t\t\t<div class=\"col-inner\"  >\n\t\t\t\n\t\t\t\n\n\t<div id=\"text-130756541\" class=\"text\">\n\t\t\n\n<h3>Przeprowadzanie testu odporno\u015bci na uderzenie rzutk\u0105<\/h3>\n\t\t\n<style>\n#text-130756541 {\n  text-align: center;\n}\n<\/style>\n\t<\/div>\n\t\n\n\t\t<\/div>\n\t\t\t\t\t<\/div>\n\n\t\n\n\t<div id=\"col-702730\" class=\"col medium-6 small-12 large-6\"  >\n\t\t\t\t<div class=\"col-inner\"  >\n\t\t\t\n\t\t\t\n\n<h4>1. Wybierz metod\u0119 testu (A lub B):<\/h4>\n<ul>\n<li><strong>Metoda A<\/strong>: Rzutka 38 mm, wysoko\u015b\u0107 zrzutu 0,66 m.<\/li>\n<li><strong>Metoda B<\/strong>: Strza\u0142ka 50 mm, wysoko\u015b\u0107 zrzutu 1,5 m.<\/li>\n<\/ul>\n<h4>2. Przygotowanie i zamocowanie pr\u00f3bki:<\/h4>\n<p>Upewnij si\u0119, \u017ce folia le\u017cy p\u0142asko bez zmarszczek. W razie potrzeby u\u017cyj \u015brodk\u00f3w antypo\u015blizgowych, takich jak p\u0142\u00f3tno krokusowe lub papier \u015bcierny.<\/p>\n<h4>3. Ustaw ci\u0119\u017cary rzutki i przyrostowy:<\/h4>\n<p>Zacznij od znanej masy i zwi\u0119kszaj j\u0105 lub zmniejszaj w oparciu o wyniki awarii, a\u017c do okre\u015blenia wska\u017anika awaryjno\u015bci 50%.<\/p>\n\n\t\t<\/div>\n\t\t\t\t\t<\/div>\n\n\t\n\n\t<div id=\"col-1083158281\" class=\"col medium-6 small-12 large-6\"  >\n\t\t\t\t<div class=\"col-inner\"  >\n\t\t\t\n\t\t\t\n\n<div class=\"video video-fit mb\" style=\"padding-top:56.25%;\"><iframe title=\"Tester udarno\u015bci spadaj\u0105cej strza\u0142ki na folii i arkuszach z tworzywa sztucznego Metoda A i Metoda B ASTM D1709 ISO 7765-1\" width=\"1020\" height=\"574\" src=\"https:\/\/www.youtube.com\/embed\/a3_9M0x3w7U?feature=oembed\" frameborder=\"0\" allow=\"accelerometer; autoplay; clipboard-write; encrypted-media; gyroscope; picture-in-picture; web-share\" referrerpolicy=\"strict-origin-when-cross-origin\" allowfullscreen><\/iframe><\/div>\n\n\n\t\t<\/div>\n\t\t\t\t\t<\/div>\n\n\t\n\n\t<div id=\"col-46042454\" class=\"col small-12 large-12\"  >\n\t\t\t\t<div class=\"col-inner\"  >\n\t\t\t\n\t\t\t\n\n<h4>4. Zwolnij rzutk\u0119:<\/h4>\n<p>U\u017cyj elektromagnesu lub zwalniacza powietrznego, aby upu\u015bci\u0107 strza\u0142k\u0119 pionowo na \u015brodek pr\u00f3bki.<\/p>\n<h4>5. Zapisz wynik:<\/h4>\n<p>Zanotuj, czy pr\u00f3bka uleg\u0142a uszkodzeniu (przebiciu lub p\u0119kni\u0119ciu), czy te\u017c przetrwa\u0142a. Kontynuuj, a\u017c b\u0119dziesz w stanie statystycznie obliczy\u0107 mas\u0119 uszkodzenia udarowego.<\/p>\n<h4>6. Analiza wynik\u00f3w:<\/h4>\n<p>Wyniki nale\u017cy ocenia\u0107 z uwzgl\u0119dnieniem grubo\u015bci pr\u00f3bki, sp\u00f3jno\u015bci materia\u0142u i wska\u017anika awaryjno\u015bci. Wyniki ISO 7765-1 mog\u0105 by\u0107 przydatne do por\u00f3wnania materia\u0142\u00f3w, ale nie powinny by\u0107 normalizowane dla r\u00f3\u017cnych grubo\u015bci.<\/p>\n\n\t\t<\/div>\n\t\t\t\t\t<\/div>\n\n\t\n\n<\/div>\n\n\t\t<\/div>\n\t\t\t\t\t<\/div>\n\n\t\n\n<\/div>\n\n\t\t<\/div>\n\n\t\t\n<style>\n#section_1887736183 {\n  padding-top: 30px;\n  padding-bottom: 30px;\n}\n<\/style>\n\t<\/section>\n\t\n\t<section class=\"section\" id=\"section_2475330\">\n\t\t<div class=\"bg section-bg fill bg-fill  bg-loaded\" >\n\n\t\t\t\n\t\t\t\n\t\t\t\n\n\t\t<\/div>\n\n\t\t\n\n\t\t<div class=\"section-content relative\">\n\t\t\t\n\n<div class=\"row\"  id=\"row-1733307228\">\n\n\n\t<div id=\"col-1356883950\" class=\"col small-12 large-12\"  >\n\t\t\t\t<div class=\"col-inner\"  >\n\t\t\t\n\t\t\t\n\n<div class=\"row align-center\"  id=\"row-689856076\">\n\n\n\t<div id=\"col-1038261365\" class=\"col small-12 large-12\"  >\n\t\t\t\t<div class=\"col-inner\"  >\n\t\t\t\n\t\t\t\n\n\t<div id=\"text-327383324\" class=\"text\">\n\t\t\n\n<h2>Dlaczego warto wybra\u0107 Impacttesting.net?<br \/>Tester kropli FDT-01<\/h2>\n\t\t\n<style>\n#text-327383324 {\n  font-size: 1.4rem;\n  text-align: center;\n}\n<\/style>\n\t<\/div>\n\t\n\n\t\t<\/div>\n\t\t\t\t\t<\/div>\n\n\t\n\n\t<div id=\"col-1417408282\" class=\"col small-12 large-12\"  >\n\t\t\t\t<div class=\"col-inner\"  >\n\t\t\t\n\t\t\t\n\n<p>Aby zapewni\u0107 precyzj\u0119, powtarzalno\u015b\u0107 i zgodno\u015b\u0107 z <strong>ISO 7765-1<\/strong>zalecamy <strong>FDT-01 <a href=\"https:\/\/www.impacttesting.net\/pl\/falling-dart-impact-tester\/\">Tester udarno\u015bci Dart <\/a><\/strong>przez <strong>Impacttesting.net<\/strong>.<\/p>\n\n\t\t<\/div>\n\t\t\t\t\t<\/div>\n\n\t\n\n\t<div id=\"col-1893989406\" class=\"col medium-7 small-12 large-7\"  >\n\t\t\t\t<div class=\"col-inner text-center\"  >\n\t\t\t\n\t\t\t\n\n\t<div id=\"text-806043767\" class=\"text\">\n\t\t\n\n<p class=\"\" data-start=\"4386\" data-end=\"4422\">Precyzyjna regulacja wysoko\u015bci zrzutu.<br \/>\u0141atwy monta\u017c pr\u00f3bek za pomoc\u0105 zacisk\u00f3w pneumatycznych.<br \/>Gromadzenie i analiza danych dotycz\u0105cych wp\u0142ywu w czasie rzeczywistym.<br \/>Zgodno\u015b\u0107 zar\u00f3wno z metod\u0105 A, jak i metod\u0105 B.<\/p>\n\t\t\n<style>\n#text-806043767 {\n  font-size: 1.1rem;\n  line-height: 1.3;\n}\n<\/style>\n\t<\/div>\n\t\n\t<div id=\"text-1797530321\" class=\"text\">\n\t\t\n\n<p class=\"\" data-start=\"4676\" data-end=\"4874\">Zaawansowane funkcje bezpiecze\u0144stwa i cyfrowe sterowanie minimalizuj\u0105 b\u0142\u0119dy ludzkie i zapewniaj\u0105 wiarygodne, powtarzalne wyniki - dzi\u0119ki czemu jest to idealne rozwi\u0105zanie dla producent\u00f3w folii opakowaniowych, przetw\u00f3rc\u00f3w i laboratori\u00f3w kontroli jako\u015bci.<\/p>\n\t\t\n<style>\n#text-1797530321 {\n  font-size: 1.1rem;\n}\n<\/style>\n\t<\/div>\n\t\n<a href=\"https:\/\/www.impacttesting.net\/pl\/contact-us\/\" class=\"button primary is-outline\"  style=\"border-radius:99px;\">\n    <span>Kontakt<\/span>\n  <i class=\"icon-chat\" aria-hidden=\"true\" ><\/i><\/a>\n\n\n\n\t\t<\/div>\n\t\t\t\t\t<\/div>\n\n\t\n\n\t<div id=\"col-1869960827\" class=\"col medium-4 small-12 large-4\"  >\n\t\t\t\t<div class=\"col-inner text-center\"  >\n\t\t\t\n\t\t\t\n\n\n<div class=\"wpcf7 no-js\" id=\"wpcf7-f10-o1\" lang=\"en-US\" dir=\"ltr\" data-wpcf7-id=\"10\">\n<div class=\"screen-reader-response\"><p role=\"status\" aria-live=\"polite\" aria-atomic=\"true\"><\/p> <ul><\/ul><\/div>\n<form action=\"\/pl\/wp-json\/wp\/v2\/pages\/85#wpcf7-f10-o1\" method=\"post\" class=\"wpcf7-form init\" aria-label=\"Contact form\" novalidate=\"novalidate\" data-status=\"init\" data-trp-original-action=\"\/pl\/wp-json\/wp\/v2\/pages\/85#wpcf7-f10-o1\">\n<fieldset class=\"hidden-fields-container\"><input type=\"hidden\" name=\"_wpcf7\" value=\"10\" \/><input type=\"hidden\" name=\"_wpcf7_version\" value=\"6.1.4\" \/><input type=\"hidden\" name=\"_wpcf7_locale\" value=\"en_US\" \/><input type=\"hidden\" name=\"_wpcf7_unit_tag\" value=\"wpcf7-f10-o1\" \/><input type=\"hidden\" name=\"_wpcf7_container_post\" value=\"0\" \/><input type=\"hidden\" name=\"_wpcf7_posted_data_hash\" value=\"\" \/><input type=\"hidden\" name=\"_wpcf7_recaptcha_response\" value=\"\" \/>\n<\/fieldset>\n<p><span class=\"wpcf7-form-control-wrap\" data-name=\"Name\"><input size=\"40\" maxlength=\"400\" class=\"wpcf7-form-control wpcf7-text\" aria-invalid=\"false\" placeholder=\"Imi\u0119 i nazwisko\" value=\"\" type=\"text\" name=\"Name\" \/><\/span><br \/>\n<span class=\"wpcf7-form-control-wrap\" data-name=\"Comapany\"><input size=\"40\" maxlength=\"400\" class=\"wpcf7-form-control wpcf7-text\" aria-invalid=\"false\" placeholder=\"Twoja firma\" value=\"\" type=\"text\" name=\"Comapany\" \/><\/span><br \/>\n<span class=\"wpcf7-form-control-wrap\" data-name=\"Email\"><input size=\"40\" maxlength=\"400\" class=\"wpcf7-form-control wpcf7-email wpcf7-validates-as-required wpcf7-text wpcf7-validates-as-email\" aria-required=\"true\" aria-invalid=\"false\" placeholder=\"Tw\u00f3j adres e-mail*\" value=\"\" type=\"email\" name=\"Email\" \/><\/span><br \/>\n<span class=\"wpcf7-form-control-wrap\" data-name=\"Message\"><textarea cols=\"40\" rows=\"10\" maxlength=\"2000\" class=\"wpcf7-form-control wpcf7-textarea\" aria-invalid=\"false\" placeholder=\"Wiadomo\u015b\u0107\" name=\"Message\"><\/textarea><\/span>\n<\/p>\n<p><input class=\"wpcf7-form-control wpcf7-submit has-spinner\" type=\"submit\" value=\"Prze\u015blij\" \/>\n<\/p><div class=\"wpcf7-response-output\" aria-hidden=\"true\"><\/div>\n<input type=\"hidden\" name=\"trp-form-language\" value=\"pl\"\/><\/form>\n<\/div>\n\n\n\n\t\t<\/div>\n\t\t\t\t\t<\/div>\n\n\t\n\n<\/div>\n\n\t\t<\/div>\n\t\t\t\t\t<\/div>\n\n\t\n\n<\/div>\n\n\t\t<\/div>\n\n\t\t\n<style>\n#section_2475330 {\n  padding-top: 30px;\n  padding-bottom: 30px;\n  background-color: rgb(232, 234, 241);\n}\n<\/style>\n\t<\/section>","protected":false},"excerpt":{"rendered":"","protected":false},"author":1,"featured_media":0,"parent":0,"menu_order":0,"comment_status":"closed","ping_status":"closed","template":"page-blank.php","meta":{"footnotes":""},"class_list":["post-85","page","type-page","status-publish","hentry"],"_links":{"self":[{"href":"https:\/\/www.impacttesting.net\/pl\/wp-json\/wp\/v2\/pages\/85","targetHints":{"allow":["GET"]}}],"collection":[{"href":"https:\/\/www.impacttesting.net\/pl\/wp-json\/wp\/v2\/pages"}],"about":[{"href":"https:\/\/www.impacttesting.net\/pl\/wp-json\/wp\/v2\/types\/page"}],"author":[{"embeddable":true,"href":"https:\/\/www.impacttesting.net\/pl\/wp-json\/wp\/v2\/users\/1"}],"replies":[{"embeddable":true,"href":"https:\/\/www.impacttesting.net\/pl\/wp-json\/wp\/v2\/comments?post=85"}],"version-history":[{"count":2,"href":"https:\/\/www.impacttesting.net\/pl\/wp-json\/wp\/v2\/pages\/85\/revisions"}],"predecessor-version":[{"id":87,"href":"https:\/\/www.impacttesting.net\/pl\/wp-json\/wp\/v2\/pages\/85\/revisions\/87"}],"wp:attachment":[{"href":"https:\/\/www.impacttesting.net\/pl\/wp-json\/wp\/v2\/media?parent=85"}],"curies":[{"name":"wp","href":"https:\/\/api.w.org\/{rel}","templated":true}]}}