{"id":79,"date":"2025-12-24T07:35:25","date_gmt":"2025-12-24T07:35:25","guid":{"rendered":"https:\/\/www.impacttesting.net\/?page_id=79"},"modified":"2025-12-24T07:35:25","modified_gmt":"2025-12-24T07:35:25","slug":"falling-dart-impact-tester","status":"publish","type":"page","link":"https:\/\/www.impacttesting.net\/pl\/falling-dart-impact-tester\/","title":{"rendered":"FDT-01 Tester udarno\u015bci spadaj\u0105cych rzutek"},"content":{"rendered":"<section class=\"section\" id=\"section_896789412\">\n\t\t<div class=\"bg section-bg fill bg-fill  bg-loaded\" >\n\n\t\t\t\n\t\t\t\n\t\t\t\n\n\t\t<\/div>\n\n\t\t\n\n\t\t<div class=\"section-content relative\">\n\t\t\t\n\n<div class=\"row\"  id=\"row-794938221\">\n\n\n\t<div id=\"col-1384497498\" class=\"col small-12 large-12\"  >\n\t\t\t\t<div class=\"col-inner\" style=\"background-color:rgb(92, 171, 188);\" >\n\t\t\t\n\t\t\t\n\n<div class=\"row\"  id=\"row-697463600\">\n\n\n\t<div id=\"col-953324315\" class=\"col small-12 large-12\"  >\n\t\t\t\t<div class=\"col-inner\"  >\n\t\t\t\n\t\t\t\n\n\t<div id=\"text-3151768351\" class=\"text\">\n\t\t\n\n<h1>FDT-01 Tester udarno\u015bci spadaj\u0105cych rzutek<\/h1>\n\t\t\n<style>\n#text-3151768351 {\n  font-size: 1.5rem;\n  text-align: center;\n}\n<\/style>\n\t<\/div>\n\t\n\n\t\t<\/div>\n\t\t\t\t\n<style>\n#col-953324315 > .col-inner {\n  padding: 50px 10px 10px 10px;\n}\n<\/style>\n\t<\/div>\n\n\t\n\n<\/div>\n<div class=\"row align-middle align-center\"  id=\"row-1131364321\">\n\n\n\t<div id=\"col-1792070785\" class=\"col medium-11 small-12 large-11\"  >\n\t\t\t\t<div class=\"col-inner\"  >\n\t\t\t\n\t\t\t\n\n<div class=\"row align-middle align-center\"  id=\"row-155104561\">\n\n\n\t<div id=\"col-48795758\" class=\"col medium-7 small-12 large-7\"  >\n\t\t\t\t<div class=\"col-inner\"  >\n\t\t\t\n\t\t\t\n\n<div class=\"row\"  id=\"row-1081125874\">\n\n\n\t<div id=\"col-197711400\" class=\"col small-12 large-12\"  >\n\t\t\t\t<div class=\"col-inner text-center\"  >\n\t\t\t\n\t\t\t\n\n\t<div id=\"text-2402948199\" class=\"text\">\n\t\t\n\n<p>The <a href=\"https:\/\/www.impacttesting.net\/pl\/falling-dart-impact-tester\/\"><strong>Tester udarno\u015bci spadaj\u0105cych rzutek<\/strong><\/a> to specjalistyczny przyrz\u0105d s\u0142u\u017c\u0105cy do oceny udarno\u015bci folii z tworzyw sztucznych, materia\u0142\u00f3w kompozytowych, folii i papieru o grubo\u015bci mniejszej ni\u017c 1 mm. Test ten ocenia odporno\u015b\u0107 materia\u0142u na uderzenia poprzez okre\u015blenie energii wymaganej do spowodowania uszkodzenia w kontrolowanych warunkach. Jest szeroko stosowany w przemy\u015ble opakowaniowym, spo\u017cywczym, farmaceutycznym i elektronicznym w celu zapewnienia trwa\u0142o\u015bci i wydajno\u015bci produktu.<\/p>\n\t\t\n<style>\n#text-2402948199 {\n  color: rgb(0, 0, 0);\n}\n#text-2402948199 > * {\n  color: rgb(0, 0, 0);\n}\n<\/style>\n\t<\/div>\n\t\n\n\t\t<\/div>\n\t\t\t\t\t<\/div>\n\n\t\n\n\t<div id=\"col-60026310\" class=\"col small-12 large-12\"  >\n\t\t\t\t<div class=\"col-inner text-center\"  >\n\t\t\t\n\t\t\t\n\n<a href=\"https:\/\/www.impacttesting.net\/pl\/contact-us\/\" class=\"button primary is-outline\"  style=\"border-radius:99px;\">\n    <span>Kontakt<\/span>\n  <i class=\"icon-chat\" aria-hidden=\"true\" ><\/i><\/a>\n\n\n\n\t\t<\/div>\n\t\t\t\t\t<\/div>\n\n\t\n\n<\/div>\n\n\t\t<\/div>\n\t\t\t\t\t<\/div>\n\n\t\n\n\t<div id=\"col-1679319337\" class=\"col medium-3 small-12 large-3\"  >\n\t\t\t\t<div class=\"col-inner\"  >\n\t\t\t\n\t\t\t\n\n<div class=\"row\"  id=\"row-1824581900\">\n\n\n\t<div id=\"col-480224996\" class=\"col small-12 large-12\"  >\n\t\t\t\t<div class=\"col-inner text-center\"  >\n\t\t\t\n\t\t\t\n\n\t<div class=\"img has-hover x md-x lg-x y md-y lg-y\" id=\"image_1394652321\">\n\t\t\t\t\t\t\t\t<div class=\"img-inner dark\" >\n\t\t\t<img decoding=\"async\" width=\"374\" height=\"800\" src=\"https:\/\/www.impacttesting.net\/wp-content\/uploads\/2025\/12\/Falling-Dart-Impact-Tester-for-Plastic-Film-ASTM-D1709-374x800.webp\" class=\"attachment-large size-large\" alt=\"Tester udarno\u015bci dla folii z tworzywa sztucznego ASTM D1709\" srcset=\"https:\/\/www.impacttesting.net\/wp-content\/uploads\/2025\/12\/Falling-Dart-Impact-Tester-for-Plastic-Film-ASTM-D1709-374x800.webp 374w, https:\/\/www.impacttesting.net\/wp-content\/uploads\/2025\/12\/Falling-Dart-Impact-Tester-for-Plastic-Film-ASTM-D1709-187x400.webp 187w, https:\/\/www.impacttesting.net\/wp-content\/uploads\/2025\/12\/Falling-Dart-Impact-Tester-for-Plastic-Film-ASTM-D1709-768x1643.webp 768w, https:\/\/www.impacttesting.net\/wp-content\/uploads\/2025\/12\/Falling-Dart-Impact-Tester-for-Plastic-Film-ASTM-D1709-718x1536.webp 718w, https:\/\/www.impacttesting.net\/wp-content\/uploads\/2025\/12\/Falling-Dart-Impact-Tester-for-Plastic-Film-ASTM-D1709-957x2048.webp 957w, https:\/\/www.impacttesting.net\/wp-content\/uploads\/2025\/12\/Falling-Dart-Impact-Tester-for-Plastic-Film-ASTM-D1709-scaled.webp 1196w\" sizes=\"(max-width: 374px) 100vw, 374px\" \/>\t\t\t\t\t\t\n\t\t\t\t\t<\/div>\n\t\t\t\t\t\t\t\t\n<style>\n#image_1394652321 {\n  width: 100%;\n}\n<\/style>\n\t<\/div>\n\t\n\n\n\t\t<\/div>\n\t\t\t\t\t<\/div>\n\n\t\n\n<\/div>\n\n\t\t<\/div>\n\t\t\t\t\t<\/div>\n\n\t\n\n<\/div>\n\n\t\t<\/div>\n\t\t\t\t\t<\/div>\n\n\t\n\n<\/div>\n\n\t\t<\/div>\n\t\t\t\t\t<\/div>\n\n\t\n\n\n<style>\n#row-794938221 > .col > .col-inner {\n  border-radius: 25px;\n}\n<\/style>\n<\/div>\n\n\t\t<\/div>\n\n\t\t\n<style>\n#section_896789412 {\n  padding-top: 30px;\n  padding-bottom: 30px;\n}\n<\/style>\n\t<\/section>\n\t\n\t<section class=\"section\" id=\"section_201026040\">\n\t\t<div class=\"bg section-bg fill bg-fill  bg-loaded\" >\n\n\t\t\t\n\t\t\t\n\t\t\t\n\n\t\t<\/div>\n\n\t\t\n\n\t\t<div class=\"section-content relative\">\n\t\t\t\n\n<div class=\"row\"  id=\"row-201799455\">\n\n\n\t<div id=\"col-1016972399\" class=\"col small-12 large-12\"  >\n\t\t\t\t<div class=\"col-inner\"  >\n\t\t\t\n\t\t\t\n\n<div class=\"row\"  id=\"row-777898151\">\n\n\n\t<div id=\"col-1311620739\" class=\"col small-12 large-12\"  >\n\t\t\t\t<div class=\"col-inner\"  >\n\t\t\t\n\t\t\t\n\n<div class=\"row align-middle align-center\"  id=\"row-928691387\">\n\n\n\t<div id=\"col-257862727\" class=\"col medium-3 small-12 large-3\"  >\n\t\t\t\t<div class=\"col-inner\"  >\n\t\t\t\n\t\t\t\n\n\t<div class=\"img has-hover x md-x lg-x y md-y lg-y\" id=\"image_518058878\">\n\t\t\t\t\t\t\t\t<div class=\"img-inner dark\" >\n\t\t\t<img decoding=\"async\" width=\"314\" height=\"800\" src=\"https:\/\/www.impacttesting.net\/wp-content\/uploads\/2025\/12\/Falling-Dart-Impact-Tester-for-Plastic-Film-ISO-7765-1-314x800.webp\" class=\"attachment-large size-large\" alt=\"Tester udarno\u015bci dla folii z tworzywa sztucznego ISO 7765-1\" srcset=\"https:\/\/www.impacttesting.net\/wp-content\/uploads\/2025\/12\/Falling-Dart-Impact-Tester-for-Plastic-Film-ISO-7765-1-314x800.webp 314w, https:\/\/www.impacttesting.net\/wp-content\/uploads\/2025\/12\/Falling-Dart-Impact-Tester-for-Plastic-Film-ISO-7765-1-157x400.webp 157w, https:\/\/www.impacttesting.net\/wp-content\/uploads\/2025\/12\/Falling-Dart-Impact-Tester-for-Plastic-Film-ISO-7765-1-768x1956.webp 768w, https:\/\/www.impacttesting.net\/wp-content\/uploads\/2025\/12\/Falling-Dart-Impact-Tester-for-Plastic-Film-ISO-7765-1-603x1536.webp 603w, https:\/\/www.impacttesting.net\/wp-content\/uploads\/2025\/12\/Falling-Dart-Impact-Tester-for-Plastic-Film-ISO-7765-1-804x2048.webp 804w, https:\/\/www.impacttesting.net\/wp-content\/uploads\/2025\/12\/Falling-Dart-Impact-Tester-for-Plastic-Film-ISO-7765-1-scaled.webp 1005w\" sizes=\"(max-width: 314px) 100vw, 314px\" \/>\t\t\t\t\t\t\n\t\t\t\t\t<\/div>\n\t\t\t\t\t\t\t\t\n<style>\n#image_518058878 {\n  width: 100%;\n}\n<\/style>\n\t<\/div>\n\t\n\n\n\t\t<\/div>\n\t\t\t\t\n<style>\n#col-257862727 > .col-inner {\n  padding: 0px 30px 0px 0px;\n}\n<\/style>\n\t<\/div>\n\n\t\n\n\t<div id=\"col-1015138731\" class=\"col medium-7 small-12 large-7\"  >\n\t\t\t\t<div class=\"col-inner\"  >\n\t\t\t\n\t\t\t\n\n\t<div id=\"text-3195456082\" class=\"text\">\n\t\t\n\n<h2>Jak dzia\u0142a test swobodnie spadaj\u0105cej lotki<\/h2>\n\t\t\n<style>\n#text-3195456082 {\n  font-size: 1.3rem;\n  text-align: left;\n}\n<\/style>\n\t<\/div>\n\t\n<p>The <strong>test swobodnie spadaj\u0105cej lotki<\/strong> obejmuje nast\u0119puj\u0105ce kroki:<\/p>\n<ol>\n<li>Pr\u00f3bka folii jest bezpiecznie zaci\u015bni\u0119ta na miejscu.<\/li>\n<li>Rzutka o okre\u015blonej wadze jest zawieszona elektromagnetycznie.<\/li>\n<li>Rzutka jest wypuszczana z kontrolowanej wysoko\u015bci.<\/li>\n<li>Si\u0142a uderzenia jest rejestrowana na podstawie wynik\u00f3w pozytywnych\/negatywnych z wielu pr\u00f3b.<\/li>\n<li>System oblicza odporno\u015b\u0107 materia\u0142u na uderzenia w gramach lub d\u017culach.<\/li>\n<\/ol>\n<a href=\"https:\/\/www.impacttesting.net\/pl\/contact-us\/\" target=\"_blank\" class=\"button primary is-outline\" rel=\"noopener\"  style=\"border-radius:99px;\">\n    <span>Kontakt<\/span>\n  <i class=\"icon-chat\" aria-hidden=\"true\" ><\/i><\/a>\n\n\n\n\t\t<\/div>\n\t\t\t\t\t<\/div>\n\n\t\n\n<\/div>\n\n\t\t<\/div>\n\t\t\t\t\t<\/div>\n\n\t\n\n<\/div>\n\n\t\t<\/div>\n\t\t\t\t\t<\/div>\n\n\t\n\n<\/div>\n<div class=\"row\"  id=\"row-1630828881\">\n\n\n\t<div id=\"col-827710241\" class=\"col small-12 large-12\"  >\n\t\t\t\t<div class=\"col-inner\"  >\n\t\t\t\n\t\t\t\n\n<div class=\"row align-middle align-center\"  id=\"row-1734113280\">\n\n\n\t<div id=\"col-800207254\" class=\"col medium-5 small-12 large-5\"  >\n\t\t\t\t<div class=\"col-inner\"  >\n\t\t\t\n\t\t\t\n\n\t<div id=\"text-2167668789\" class=\"text\">\n\t\t\n\n<h2>Tester udarno\u015bci spadaj\u0105cych rzutek<\/h2>\n\t\t\n<style>\n#text-2167668789 {\n  font-size: 1.3rem;\n}\n<\/style>\n\t<\/div>\n\t\n<table width=\"534\">\n<tbody>\n<tr>\n<td style=\"text-align: center;\" width=\"257\">Metoda badania Metoda<\/td>\n<td style=\"text-align: center;\" width=\"277\">A lub Metoda B (opcjonalnie)<\/td>\n<\/tr>\n<tr>\n<td style=\"text-align: center;\" rowspan=\"2\" width=\"257\">Zakres testu<\/td>\n<td style=\"text-align: center;\" width=\"277\">Metoda A: 50~2000g\/<\/td>\n<\/tr>\n<tr>\n<td style=\"text-align: center;\" width=\"277\">Metoda B: 300~2000g<\/td>\n<\/tr>\n<tr>\n<td style=\"text-align: center;\" rowspan=\"2\" width=\"257\">\u015arednica lotki<\/td>\n<td style=\"text-align: center;\" width=\"277\">Metoda A: 38\u00b11 mm<\/td>\n<\/tr>\n<tr>\n<td style=\"text-align: center;\" width=\"277\">Metoda B: 50\u00b11 mm<\/td>\n<\/tr>\n<tr>\n<td style=\"text-align: center;\" width=\"257\">Wysoko\u015b\u0107 uderzenia<\/td>\n<td style=\"text-align: center;\" width=\"277\">660 mm\/1500 mm<\/td>\n<\/tr>\n<tr>\n<td style=\"text-align: center;\" width=\"257\">Dok\u0142adno\u015b\u0107<\/td>\n<td style=\"text-align: center;\" width=\"277\">0,1 g (0,1 J)<\/td>\n<\/tr>\n<tr>\n<td style=\"text-align: center;\" width=\"257\">Zacisk<\/td>\n<td style=\"text-align: center;\" width=\"277\">Zacisk pneumatyczny<\/td>\n<\/tr>\n<tr>\n<td style=\"text-align: center;\" width=\"257\">Dostawa gazu<\/td>\n<td style=\"text-align: center;\" width=\"277\">0,6 MPa \u03a68 mm Przew\u00f3d PU<\/td>\n<\/tr>\n<tr>\n<td style=\"text-align: center;\" width=\"257\">Rozmiar pr\u00f3bki<\/td>\n<td style=\"text-align: center;\" width=\"277\">&gt; 150 mm x 150 mm<\/td>\n<\/tr>\n<tr>\n<td style=\"text-align: center;\" width=\"257\">Zasilanie<\/td>\n<td style=\"text-align: center;\" width=\"277\">AC 110~220V 50Hz<\/td>\n<\/tr>\n<tr>\n<td style=\"text-align: center;\" rowspan=\"2\" width=\"257\">Wymiar<\/td>\n<td style=\"text-align: center;\" width=\"277\">Metoda A: 500*450*1200 mm (d\u0142.\/szer.\/wys.)<\/td>\n<\/tr>\n<tr>\n<td style=\"text-align: center;\" width=\"277\">Metoda B: 500*450*2200 mm (d\u0142.\/wys.)<\/td>\n<\/tr>\n<\/tbody>\n<\/table>\n\n\t\t<\/div>\n\t\t\t\t\t<\/div>\n\n\t\n\n\t<div id=\"col-740916477\" class=\"col medium-7 small-12 large-7\"  >\n\t\t\t\t<div class=\"col-inner text-left\"  >\n\t\t\t\n\t\t\t\n\n<div class=\"video video-fit mb\" style=\"padding-top:50%;\"><iframe title=\"Tester udarno\u015bci spadaj\u0105cej strza\u0142ki na folii i arkuszach z tworzywa sztucznego Metoda A i Metoda B ASTM D1709 ISO 7765-1\" width=\"1020\" height=\"574\" src=\"https:\/\/www.youtube.com\/embed\/a3_9M0x3w7U?feature=oembed\" frameborder=\"0\" allow=\"accelerometer; autoplay; clipboard-write; encrypted-media; gyroscope; picture-in-picture; web-share\" referrerpolicy=\"strict-origin-when-cross-origin\" allowfullscreen><\/iframe><\/div>\n\n<p>Tester udarno\u015bci FDT-01 firmy Cell Instruments zosta\u0142 zaprojektowany do precyzyjnego i niezawodnego testowania odporno\u015bci na uderzenia. Godne uwagi cechy obejmuj\u0105:<\/p>\n<ul>\n<li><strong>Sterowanie PLC i ekran dotykowy HMI<\/strong> dla stabilnej i przyjaznej dla u\u017cytkownika pracy.<\/li>\n<li><strong>Dwie metody testowe (A i B)<\/strong> dla r\u00f3\u017cnych wymaga\u0144 materia\u0142owych.<\/li>\n<li><strong>Zawieszenie elektromagnetyczne<\/strong> dla dok\u0142adnych i powtarzalnych test\u00f3w.<\/li>\n<li><strong>Zacisk pneumatyczny<\/strong> aby zapewni\u0107 stabilno\u015b\u0107 pr\u00f3bki podczas uderzenia.<\/li>\n<li><strong>Automatyczne obliczanie wynik\u00f3w testu<\/strong> aby wyeliminowa\u0107 b\u0142\u0119dy r\u0119czne.<\/li>\n<li><strong>Wbudowana mikrodrukarka i integracja oprogramowania<\/strong> do wyprowadzania i analizy danych.<\/li>\n<\/ul>\n\n\t\t<\/div>\n\t\t\t\t\t<\/div>\n\n\t\n\n<\/div>\n\n\t\t<\/div>\n\t\t\t\t\t<\/div>\n\n\t\n\n<\/div>\n<div class=\"row\"  id=\"row-647663310\">\n\n\n\t<div id=\"col-1505900071\" class=\"col small-12 large-12\"  >\n\t\t\t\t<div class=\"col-inner\"  >\n\t\t\t\n\t\t\t\n\n<div class=\"row\"  id=\"row-1406330013\">\n\n\n\t<div id=\"col-1880635370\" class=\"col small-12 large-12\"  >\n\t\t\t\t<div class=\"col-inner\"  >\n\t\t\t\n\t\t\t\n\n\t<div id=\"text-2956017961\" class=\"text\">\n\t\t\n\n<h2>Metody i standardy test\u00f3w udarno\u015bci<\/h2>\n\t\t\n<style>\n#text-2956017961 {\n  font-size: 1.3rem;\n  text-align: center;\n}\n<\/style>\n\t<\/div>\n\t\n\n\t\t<\/div>\n\t\t\t\t\t<\/div>\n\n\t\n\n<\/div>\n<div class=\"row\"  id=\"row-441259871\">\n\n\n\t<div id=\"col-1789231557\" class=\"col medium-6 small-12 large-6\"  >\n\t\t\t\t<div class=\"col-inner\"  >\n\t\t\t\n\t\t\t\n\n<h3><a href=\"https:\/\/www.impacttesting.net\/pl\/astm-d1709\/\">ASTM D1709<\/a> &amp; <a href=\"https:\/\/www.impacttesting.net\/pl\/iso-7765-1\/\">ISO 7765-1<\/a><\/h3>\n<p>The <strong>Test udarno\u015bci dla folii z tworzywa sztucznego<\/strong> przestrzega uznanych mi\u0119dzynarodowych standard\u00f3w, takich jak <strong>ASTM D1709 i ISO 7765-1<\/strong>zapewniaj\u0105c sp\u00f3jne i dok\u0142adne wyniki. Standardy te okre\u015blaj\u0105 metodologi\u0119 przeprowadzania <strong>test swobodnie spadaj\u0105cej lotki<\/strong>w kt\u00f3rym wa\u017cona strza\u0142ka spada z okre\u015blonej wysoko\u015bci na pr\u00f3bk\u0119 folii, okre\u015blaj\u0105c minimaln\u0105 wag\u0119 wymagan\u0105 do spowodowania uszkodzenia materia\u0142u.<\/p>\n\n\t\t<\/div>\n\t\t\t\t\t<\/div>\n\n\t\n\n\t<div id=\"col-513851014\" class=\"col medium-6 small-12 large-6\"  >\n\t\t\t\t<div class=\"col-inner\"  >\n\t\t\t\n\t\t\t\n\n<h3>Metody testowe: Metoda A i Metoda B<\/h3>\n<p>Oba <strong>ASTM D1709<\/strong> oraz <strong>ISO 7765-1<\/strong> definiuj\u0105 dwie r\u00f3\u017cne metody testowe:<\/p>\n<ul>\n<li><strong>Metoda A<\/strong>: Wykorzystuje lotk\u0119 o \u015brednicy 38 mm i wysoko\u015bci uderzenia 660 mm.<\/li>\n<li><strong>Metoda B<\/strong>: U\u017cywa strza\u0142ki o \u015brednicy 50 mm i wysoko\u015bci uderzenia 1500 mm (opcjonalnie w niekt\u00f3rych konfiguracjach testowych).<\/li>\n<\/ul>\n\n\t\t<\/div>\n\t\t\t\t\t<\/div>\n\n\t\n\n<\/div>\n\n\t\t<\/div>\n\t\t\t\t\t<\/div>\n\n\t\n\n<\/div>\n<div class=\"row\"  id=\"row-1028804457\">\n\n\n\t<div id=\"col-788524603\" class=\"col small-12 large-12\"  >\n\t\t\t\t<div class=\"col-inner\"  >\n\t\t\t\n\t\t\t\n\n<div class=\"row\"  id=\"row-1376921765\">\n\n\n\t<div id=\"col-184388410\" class=\"col small-12 large-12\"  >\n\t\t\t\t<div class=\"col-inner\"  >\n\t\t\t\n\t\t\t\n\n\t<div id=\"text-2448833722\" class=\"text\">\n\t\t\n\n<h2>Zastosowania testera udarno\u015bci spadaj\u0105cych strza\u0142ek<\/h2>\n\t\t\n<style>\n#text-2448833722 {\n  font-size: 1.3rem;\n  text-align: center;\n}\n<\/style>\n\t<\/div>\n\t\n<p>The <strong>Tester udarno\u015bci spadaj\u0105cych rzutek<\/strong> jest szeroko stosowany w bran\u017cach takich jak<\/p>\n\n\t\t<\/div>\n\t\t\t\t\t<\/div>\n\n\t\n\n<\/div>\n<div class=\"row align-center row-box-shadow-3-hover\"  id=\"row-944419826\">\n\n\n\t<div id=\"col-1101481872\" class=\"col medium-3 small-6 large-3\"  >\n\t\t\t\t<div class=\"col-inner box-shadow-5-hover\"  >\n\t\t\t\n\t\t\t\n\n\t<div class=\"box has-hover   has-hover box-default box-text-bottom\" >\n\n\t\t<div class=\"box-image\" style=\"width:90%;\">\n\t\t\t\t\t\t<div class=\"\" >\n\t\t\t\t<img decoding=\"async\" width=\"300\" height=\"300\" src=\"https:\/\/www.impacttesting.net\/wp-content\/uploads\/2025\/12\/Plastic-Packaging.webp\" class=\"attachment- size-\" alt=\"Opakowania z tworzyw sztucznych\" srcset=\"https:\/\/www.impacttesting.net\/wp-content\/uploads\/2025\/12\/Plastic-Packaging.webp 300w, https:\/\/www.impacttesting.net\/wp-content\/uploads\/2025\/12\/Plastic-Packaging-280x280.webp 280w\" sizes=\"(max-width: 300px) 100vw, 300px\" \/>\t\t\t\t\t\t\t\t\t\t\t<\/div>\n\t\t\t\t\t<\/div>\n\n\t\t<div class=\"box-text text-center\" >\n\t\t\t<div class=\"box-text-inner\">\n\t\t\t\t\n\n<h3>Opakowania z tworzyw sztucznych<\/h3>\n<p>Zapewnienie trwa\u0142o\u015bci folii w opakowaniach elastycznych<\/p>\n\n\t\t\t<\/div>\n\t\t<\/div>\n\t<\/div>\n\t\n\n\t\t<\/div>\n\t\t\t\t\n<style>\n#col-1101481872 > .col-inner {\n  padding: 30px 0px 0px 0px;\n}\n<\/style>\n\t<\/div>\n\n\t\n\n\t<div id=\"col-687942163\" class=\"col medium-3 small-6 large-3\"  >\n\t\t\t\t<div class=\"col-inner box-shadow-5-hover\"  >\n\t\t\t\n\t\t\t\n\n\t<div class=\"box has-hover   has-hover box-default box-text-bottom\" >\n\n\t\t<div class=\"box-image\" style=\"width:85%;\">\n\t\t\t\t\t\t<div class=\"\" >\n\t\t\t\t<img decoding=\"async\" width=\"300\" height=\"300\" src=\"https:\/\/www.impacttesting.net\/wp-content\/uploads\/2025\/12\/Medical-and-Pharmaceutical-Packaging.webp\" class=\"attachment- size-\" alt=\"Opakowania medyczne i farmaceutyczne\" srcset=\"https:\/\/www.impacttesting.net\/wp-content\/uploads\/2025\/12\/Medical-and-Pharmaceutical-Packaging.webp 300w, https:\/\/www.impacttesting.net\/wp-content\/uploads\/2025\/12\/Medical-and-Pharmaceutical-Packaging-280x280.webp 280w\" sizes=\"(max-width: 300px) 100vw, 300px\" \/>\t\t\t\t\t\t\t\t\t\t\t<\/div>\n\t\t\t\t\t<\/div>\n\n\t\t<div class=\"box-text text-center\" >\n\t\t\t<div class=\"box-text-inner\">\n\t\t\t\t\n\n<h3>Opakowania medyczne i farmaceutyczne<\/h3>\n<p>Testowanie wytrzyma\u0142o\u015bci folii dla materia\u0142\u00f3w sterylnych i ochronnych<\/p>\n\n\t\t\t<\/div>\n\t\t<\/div>\n\t<\/div>\n\t\n\n\t\t<\/div>\n\t\t\t\t\n<style>\n#col-687942163 > .col-inner {\n  padding: 30px 0px 0px 0px;\n}\n<\/style>\n\t<\/div>\n\n\t\n\n\t<div id=\"col-790307819\" class=\"col medium-3 small-6 large-3\"  >\n\t\t\t\t<div class=\"col-inner box-shadow-5-hover\"  >\n\t\t\t\n\t\t\t\n\n\t<div class=\"box has-hover   has-hover box-default box-text-bottom\" >\n\n\t\t<div class=\"box-image\" style=\"width:85%;\">\n\t\t\t\t\t\t<div class=\"\" >\n\t\t\t\t<img decoding=\"async\" width=\"300\" height=\"300\" src=\"https:\/\/www.impacttesting.net\/wp-content\/uploads\/2025\/12\/Food-Industry.webp\" class=\"attachment- size-\" alt=\"Przemys\u0142 spo\u017cywczy\" srcset=\"https:\/\/www.impacttesting.net\/wp-content\/uploads\/2025\/12\/Food-Industry.webp 300w, https:\/\/www.impacttesting.net\/wp-content\/uploads\/2025\/12\/Food-Industry-280x280.webp 280w\" sizes=\"(max-width: 300px) 100vw, 300px\" \/>\t\t\t\t\t\t\t\t\t\t\t<\/div>\n\t\t\t\t\t<\/div>\n\n\t\t<div class=\"box-text text-center\" >\n\t\t\t<div class=\"box-text-inner\">\n\t\t\t\t\n\n<h3>Przemys\u0142 spo\u017cywczy<\/h3>\n<p>Ocena odporno\u015bci folii z tworzyw sztucznych stosowanych do przechowywania i transportu \u017cywno\u015bci<\/p>\n\n\t\t\t<\/div>\n\t\t<\/div>\n\t<\/div>\n\t\n\n\t\t<\/div>\n\t\t\t\t\n<style>\n#col-790307819 > .col-inner {\n  padding: 30px 0px 0px 0px;\n}\n<\/style>\n\t<\/div>\n\n\t\n\n\t<div id=\"col-1588632719\" class=\"col medium-3 small-6 large-3\"  >\n\t\t\t\t<div class=\"col-inner box-shadow-5-hover\"  >\n\t\t\t\n\t\t\t\n\n\t<div class=\"box has-hover   has-hover box-default box-text-bottom\" >\n\n\t\t<div class=\"box-image\" style=\"width:90%;\">\n\t\t\t\t\t\t<div class=\"\" >\n\t\t\t\t<img decoding=\"async\" width=\"300\" height=\"300\" src=\"https:\/\/www.impacttesting.net\/wp-content\/uploads\/2025\/12\/Electronics-and-Consumer-Goods.webp\" class=\"attachment- size-\" alt=\"Elektronika i towary konsumpcyjne\" srcset=\"https:\/\/www.impacttesting.net\/wp-content\/uploads\/2025\/12\/Electronics-and-Consumer-Goods.webp 300w, https:\/\/www.impacttesting.net\/wp-content\/uploads\/2025\/12\/Electronics-and-Consumer-Goods-280x280.webp 280w\" sizes=\"(max-width: 300px) 100vw, 300px\" \/>\t\t\t\t\t\t\t\t\t\t\t<\/div>\n\t\t\t\t\t<\/div>\n\n\t\t<div class=\"box-text text-center\" >\n\t\t\t<div class=\"box-text-inner\">\n\t\t\t\t\n\n<h3>Elektronika i towary konsumpcyjne<\/h3>\n<p>Weryfikacja odporno\u015bci folii i pow\u0142ok ochronnych na uderzenia<\/p>\n\n\t\t\t<\/div>\n\t\t<\/div>\n\t<\/div>\n\t\n\n\t\t<\/div>\n\t\t\t\t\n<style>\n#col-1588632719 > .col-inner {\n  padding: 30px 0px 0px 0px;\n}\n<\/style>\n\t<\/div>\n\n\t\n\n<\/div>\n\n\t\t<\/div>\n\t\t\t\t\t<\/div>\n\n\t\n\n<\/div>\n\n\t\t<\/div>\n\n\t\t\n<style>\n#section_201026040 {\n  padding-top: 30px;\n  padding-bottom: 30px;\n}\n<\/style>\n\t<\/section>\n\t\n\t<section class=\"section\" id=\"section_862555728\">\n\t\t<div class=\"bg section-bg fill bg-fill  bg-loaded\" >\n\n\t\t\t\n\t\t\t\n\t\t\t\n\n\t\t<\/div>\n\n\t\t\n\n\t\t<div class=\"section-content relative\">\n\t\t\t\n\n<div class=\"row\"  id=\"row-1279064180\">\n\n\n\t<div id=\"col-1033059669\" class=\"col small-12 large-12\"  >\n\t\t\t\t<div class=\"col-inner\"  >\n\t\t\t\n\t\t\t\n\n<div class=\"row align-equal align-center\"  id=\"row-551398452\">\n\n\n\t<div id=\"col-1144572317\" class=\"col small-12 large-12\"  >\n\t\t\t\t<div class=\"col-inner\"  >\n\t\t\t\n\t\t\t\n\n\t<div id=\"text-899185572\" class=\"text\">\n\t\t\n\n<h2>Dlaczego warto wybra\u0107 Impacttesting.net?<br \/>FDT-01 Tester udarno\u015bci spadaj\u0105cych rzutek?<\/h2>\n\t\t\n<style>\n#text-899185572 {\n  font-size: 1.4rem;\n  text-align: center;\n}\n<\/style>\n\t<\/div>\n\t\n\n\t\t<\/div>\n\t\t\t\t\t<\/div>\n\n\t\n\n\t<div id=\"col-1936115233\" class=\"col medium-8 small-12 large-8\"  >\n\t\t\t\t<div class=\"col-inner text-center\"  >\n\t\t\t\n\t\t\t\n\n\t<div id=\"text-2517712279\" class=\"text\">\n\t\t\n\n<p>Zgodno\u015b\u0107 z <strong>ASTM D1709 &amp; ISO 7765-1<\/strong> dla dok\u0142adnych i znormalizowanych test\u00f3w.<br \/>Zaawansowany <strong>Automatyzacja i \u0142atwo\u015b\u0107 u\u017cytkowania<\/strong> poprzez PLC i interfejs ekranu dotykowego.<br \/><strong>Wiarygodne wyniki<\/strong> z precyzyjnym pomiarem uderzenia.<br \/><strong>Konfigurowalne opcje<\/strong> dla unikalnych potrzeb testowania materia\u0142\u00f3w.<\/p>\n\t\t\n<style>\n#text-2517712279 {\n  font-size: 1.1rem;\n  line-height: 2;\n}\n<\/style>\n\t<\/div>\n\t\n<a href=\"https:\/\/www.impacttesting.net\/pl\/contact-us\/\" class=\"button primary is-outline\"  style=\"border-radius:99px;\">\n    <span>Kontakt<\/span>\n  <i class=\"icon-chat\" aria-hidden=\"true\" ><\/i><\/a>\n\n\n\n\t\t<\/div>\n\t\t\t\t\t<\/div>\n\n\t\n\n\t<div id=\"col-1903555852\" class=\"col medium-4 small-12 large-4\"  >\n\t\t\t\t<div class=\"col-inner text-center\"  >\n\t\t\t\n\t\t\t\n\n\n<div class=\"wpcf7 no-js\" id=\"wpcf7-f10-o1\" lang=\"en-US\" dir=\"ltr\" data-wpcf7-id=\"10\">\n<div class=\"screen-reader-response\"><p role=\"status\" aria-live=\"polite\" aria-atomic=\"true\"><\/p> <ul><\/ul><\/div>\n<form action=\"\/pl\/wp-json\/wp\/v2\/pages\/79#wpcf7-f10-o1\" method=\"post\" class=\"wpcf7-form init\" aria-label=\"Contact form\" novalidate=\"novalidate\" data-status=\"init\" data-trp-original-action=\"\/pl\/wp-json\/wp\/v2\/pages\/79#wpcf7-f10-o1\">\n<fieldset class=\"hidden-fields-container\"><input type=\"hidden\" name=\"_wpcf7\" value=\"10\" \/><input type=\"hidden\" name=\"_wpcf7_version\" value=\"6.1.4\" \/><input type=\"hidden\" name=\"_wpcf7_locale\" value=\"en_US\" \/><input type=\"hidden\" name=\"_wpcf7_unit_tag\" value=\"wpcf7-f10-o1\" \/><input type=\"hidden\" name=\"_wpcf7_container_post\" value=\"0\" \/><input type=\"hidden\" name=\"_wpcf7_posted_data_hash\" value=\"\" \/><input type=\"hidden\" name=\"_wpcf7_recaptcha_response\" value=\"\" \/>\n<\/fieldset>\n<p><span class=\"wpcf7-form-control-wrap\" data-name=\"Name\"><input size=\"40\" maxlength=\"400\" class=\"wpcf7-form-control wpcf7-text\" aria-invalid=\"false\" placeholder=\"Imi\u0119 i nazwisko\" value=\"\" type=\"text\" name=\"Name\" \/><\/span><br \/>\n<span class=\"wpcf7-form-control-wrap\" data-name=\"Comapany\"><input size=\"40\" maxlength=\"400\" class=\"wpcf7-form-control wpcf7-text\" aria-invalid=\"false\" placeholder=\"Twoja firma\" value=\"\" type=\"text\" name=\"Comapany\" \/><\/span><br \/>\n<span class=\"wpcf7-form-control-wrap\" data-name=\"Email\"><input size=\"40\" maxlength=\"400\" class=\"wpcf7-form-control wpcf7-email wpcf7-validates-as-required wpcf7-text wpcf7-validates-as-email\" aria-required=\"true\" aria-invalid=\"false\" placeholder=\"Tw\u00f3j adres e-mail*\" value=\"\" type=\"email\" name=\"Email\" \/><\/span><br \/>\n<span class=\"wpcf7-form-control-wrap\" data-name=\"Message\"><textarea cols=\"40\" rows=\"10\" maxlength=\"2000\" class=\"wpcf7-form-control wpcf7-textarea\" aria-invalid=\"false\" placeholder=\"Wiadomo\u015b\u0107\" name=\"Message\"><\/textarea><\/span>\n<\/p>\n<p><input class=\"wpcf7-form-control wpcf7-submit has-spinner\" type=\"submit\" value=\"Prze\u015blij\" \/>\n<\/p><div class=\"wpcf7-response-output\" aria-hidden=\"true\"><\/div>\n<input type=\"hidden\" name=\"trp-form-language\" value=\"pl\"\/><\/form>\n<\/div>\n\n\n\n\t\t<\/div>\n\t\t\t\t\t<\/div>\n\n\t\n\n<\/div>\n\n\t\t<\/div>\n\t\t\t\t\t<\/div>\n\n\t\n\n<\/div>\n\n\t\t<\/div>\n\n\t\t\n<style>\n#section_862555728 {\n  padding-top: 30px;\n  padding-bottom: 30px;\n  background-color: rgb(232, 234, 241);\n}\n<\/style>\n\t<\/section>","protected":false},"excerpt":{"rendered":"","protected":false},"author":1,"featured_media":0,"parent":0,"menu_order":0,"comment_status":"closed","ping_status":"closed","template":"page-blank.php","meta":{"footnotes":""},"class_list":["post-79","page","type-page","status-publish","hentry"],"_links":{"self":[{"href":"https:\/\/www.impacttesting.net\/pl\/wp-json\/wp\/v2\/pages\/79","targetHints":{"allow":["GET"]}}],"collection":[{"href":"https:\/\/www.impacttesting.net\/pl\/wp-json\/wp\/v2\/pages"}],"about":[{"href":"https:\/\/www.impacttesting.net\/pl\/wp-json\/wp\/v2\/types\/page"}],"author":[{"embeddable":true,"href":"https:\/\/www.impacttesting.net\/pl\/wp-json\/wp\/v2\/users\/1"}],"replies":[{"embeddable":true,"href":"https:\/\/www.impacttesting.net\/pl\/wp-json\/wp\/v2\/comments?post=79"}],"version-history":[{"count":2,"href":"https:\/\/www.impacttesting.net\/pl\/wp-json\/wp\/v2\/pages\/79\/revisions"}],"predecessor-version":[{"id":84,"href":"https:\/\/www.impacttesting.net\/pl\/wp-json\/wp\/v2\/pages\/79\/revisions\/84"}],"wp:attachment":[{"href":"https:\/\/www.impacttesting.net\/pl\/wp-json\/wp\/v2\/media?parent=79"}],"curies":[{"name":"wp","href":"https:\/\/api.w.org\/{rel}","templated":true}]}}