{"id":74,"date":"2025-12-24T06:33:06","date_gmt":"2025-12-24T06:33:06","guid":{"rendered":"https:\/\/www.impacttesting.net\/?page_id=74"},"modified":"2025-12-24T06:33:06","modified_gmt":"2025-12-24T06:33:06","slug":"ball-drop-tester","status":"publish","type":"page","link":"https:\/\/www.impacttesting.net\/pl\/ball-drop-tester\/","title":{"rendered":"FBT-01 Tester kropli kulki"},"content":{"rendered":"<section class=\"section\" id=\"section_909547740\">\n\t\t<div class=\"bg section-bg fill bg-fill  bg-loaded\" >\n\n\t\t\t\n\t\t\t\n\t\t\t\n\n\t\t<\/div>\n\n\t\t\n\n\t\t<div class=\"section-content relative\">\n\t\t\t\n\n<div class=\"row\"  id=\"row-1302306365\">\n\n\n\t<div id=\"col-1877814631\" class=\"col small-12 large-12\"  >\n\t\t\t\t<div class=\"col-inner\" style=\"background-color:rgb(92, 171, 188);\" >\n\t\t\t\n\t\t\t\n\n<div class=\"row\"  id=\"row-1449499705\">\n\n\n\t<div id=\"col-1009406112\" class=\"col small-12 large-12\"  >\n\t\t\t\t<div class=\"col-inner\"  >\n\t\t\t\n\t\t\t\n\n\t<div id=\"text-3365155342\" class=\"text\">\n\t\t\n\n<h1>FBT-01 Tester kropli kulki<\/h1>\n\t\t\n<style>\n#text-3365155342 {\n  font-size: 1.5rem;\n  text-align: center;\n}\n<\/style>\n\t<\/div>\n\t\n\n\t\t<\/div>\n\t\t\t\t\n<style>\n#col-1009406112 > .col-inner {\n  padding: 50px 10px 10px 10px;\n}\n<\/style>\n\t<\/div>\n\n\t\n\n<\/div>\n<div class=\"row align-middle align-center\"  id=\"row-782488550\">\n\n\n\t<div id=\"col-818851255\" class=\"col medium-11 small-12 large-11\"  >\n\t\t\t\t<div class=\"col-inner\"  >\n\t\t\t\n\t\t\t\n\n<div class=\"row align-middle align-center\"  id=\"row-483718345\">\n\n\n\t<div id=\"col-2001273420\" class=\"col medium-7 small-12 large-7\"  >\n\t\t\t\t<div class=\"col-inner\"  >\n\t\t\t\n\t\t\t\n\n<div class=\"row\"  id=\"row-1297054059\">\n\n\n\t<div id=\"col-274729869\" class=\"col small-12 large-12\"  >\n\t\t\t\t<div class=\"col-inner text-center\"  >\n\t\t\t\n\t\t\t\n\n\t<div id=\"text-4213578031\" class=\"text\">\n\t\t\n\n<p>The <a href=\"https:\/\/www.impacttesting.net\/pl\/ball-drop-tester\/\"><strong>tester upadku pi\u0142ki<\/strong><\/a> jest niezb\u0119dnym przyrz\u0105dem wykorzystywanym do oceny odporno\u015bci na uderzenia materia\u0142\u00f3w takich jak arkusze z tworzywa sztucznego, folie i okulary ochronne. Test ten ma kluczowe znaczenie w bran\u017cach takich jak pakowanie, motoryzacja i produkcja sprz\u0119tu ochronnego, zapewniaj\u0105c, \u017ce materia\u0142y mog\u0105 wytrzyma\u0107 si\u0142y zewn\u0119trzne bez znacz\u0105cych uszkodze\u0144.<\/p>\n\t\t\n<style>\n#text-4213578031 {\n  color: rgb(0, 0, 0);\n}\n#text-4213578031 > * {\n  color: rgb(0, 0, 0);\n}\n<\/style>\n\t<\/div>\n\t\n\n\t\t<\/div>\n\t\t\t\t\t<\/div>\n\n\t\n\n\t<div id=\"col-1534427994\" class=\"col small-12 large-12\"  >\n\t\t\t\t<div class=\"col-inner text-center\"  >\n\t\t\t\n\t\t\t\n\n<a href=\"https:\/\/www.impacttesting.net\/pl\/contact-us\/\" class=\"button primary is-outline\"  style=\"border-radius:99px;\">\n    <span>Kontakt<\/span>\n  <i class=\"icon-chat\" aria-hidden=\"true\" ><\/i><\/a>\n\n\n\n\t\t<\/div>\n\t\t\t\t\t<\/div>\n\n\t\n\n<\/div>\n\n\t\t<\/div>\n\t\t\t\t\t<\/div>\n\n\t\n\n\t<div id=\"col-1210829041\" class=\"col medium-3 small-12 large-3\"  >\n\t\t\t\t<div class=\"col-inner\"  >\n\t\t\t\n\t\t\t\n\n<div class=\"row\"  id=\"row-372427711\">\n\n\n\t<div id=\"col-715536961\" class=\"col small-12 large-12\"  >\n\t\t\t\t<div class=\"col-inner text-center\"  >\n\t\t\t\n\t\t\t\n\n\t<div class=\"img has-hover x md-x lg-x y md-y lg-y\" id=\"image_1077761566\">\n\t\t\t\t\t\t\t\t<div class=\"img-inner dark\" >\n\t\t\t<img decoding=\"async\" width=\"318\" height=\"800\" src=\"https:\/\/www.impacttesting.net\/wp-content\/uploads\/2025\/12\/Ball-Drop-Tester-Ball-Impact-Test-for-Safety-Glasses-318x800.webp\" class=\"attachment-large size-large\" alt=\"Tester upadku kuli - test uderzenia kuli dla okular\u00f3w ochronnych\" srcset=\"https:\/\/www.impacttesting.net\/wp-content\/uploads\/2025\/12\/Ball-Drop-Tester-Ball-Impact-Test-for-Safety-Glasses-318x800.webp 318w, https:\/\/www.impacttesting.net\/wp-content\/uploads\/2025\/12\/Ball-Drop-Tester-Ball-Impact-Test-for-Safety-Glasses-159x400.webp 159w, https:\/\/www.impacttesting.net\/wp-content\/uploads\/2025\/12\/Ball-Drop-Tester-Ball-Impact-Test-for-Safety-Glasses-768x1934.webp 768w, https:\/\/www.impacttesting.net\/wp-content\/uploads\/2025\/12\/Ball-Drop-Tester-Ball-Impact-Test-for-Safety-Glasses-610x1536.webp 610w, https:\/\/www.impacttesting.net\/wp-content\/uploads\/2025\/12\/Ball-Drop-Tester-Ball-Impact-Test-for-Safety-Glasses-813x2048.webp 813w, https:\/\/www.impacttesting.net\/wp-content\/uploads\/2025\/12\/Ball-Drop-Tester-Ball-Impact-Test-for-Safety-Glasses-scaled.webp 1017w\" sizes=\"(max-width: 318px) 100vw, 318px\" \/>\t\t\t\t\t\t\n\t\t\t\t\t<\/div>\n\t\t\t\t\t\t\t\t\n<style>\n#image_1077761566 {\n  width: 80%;\n}\n<\/style>\n\t<\/div>\n\t\n\n\n\t\t<\/div>\n\t\t\t\t\t<\/div>\n\n\t\n\n<\/div>\n\n\t\t<\/div>\n\t\t\t\t\t<\/div>\n\n\t\n\n<\/div>\n\n\t\t<\/div>\n\t\t\t\t\t<\/div>\n\n\t\n\n<\/div>\n\n\t\t<\/div>\n\t\t\t\t\t<\/div>\n\n\t\n\n\n<style>\n#row-1302306365 > .col > .col-inner {\n  border-radius: 25px;\n}\n<\/style>\n<\/div>\n\n\t\t<\/div>\n\n\t\t\n<style>\n#section_909547740 {\n  padding-top: 30px;\n  padding-bottom: 30px;\n}\n<\/style>\n\t<\/section>\n\t\n\t<section class=\"section\" id=\"section_715526811\">\n\t\t<div class=\"bg section-bg fill bg-fill  bg-loaded\" >\n\n\t\t\t\n\t\t\t\n\t\t\t\n\n\t\t<\/div>\n\n\t\t\n\n\t\t<div class=\"section-content relative\">\n\t\t\t\n\n<div class=\"row\"  id=\"row-1378025013\">\n\n\n\t<div id=\"col-734285800\" class=\"col small-12 large-12\"  >\n\t\t\t\t<div class=\"col-inner\"  >\n\t\t\t\n\t\t\t\n\n<div class=\"row\"  id=\"row-1463362739\">\n\n\n\t<div id=\"col-1872266723\" class=\"col small-12 large-12\"  >\n\t\t\t\t<div class=\"col-inner\"  >\n\t\t\t\n\t\t\t\n\n<div class=\"row align-middle align-center\"  id=\"row-371427759\">\n\n\n\t<div id=\"col-402341458\" class=\"col medium-5 small-12 large-5\"  >\n\t\t\t\t<div class=\"col-inner text-center\"  >\n\t\t\t\n\t\t\t\n\n\t<div class=\"img has-hover x md-x lg-x y md-y lg-y\" id=\"image_2011849091\">\n\t\t\t\t\t\t\t\t<div class=\"img-inner dark\" >\n\t\t\t<img decoding=\"async\" width=\"600\" height=\"720\" src=\"https:\/\/www.impacttesting.net\/wp-content\/uploads\/2025\/12\/Ball-Drop-Tester.webp\" class=\"attachment-large size-large\" alt=\"Tester kropli kuli\" srcset=\"https:\/\/www.impacttesting.net\/wp-content\/uploads\/2025\/12\/Ball-Drop-Tester.webp 600w, https:\/\/www.impacttesting.net\/wp-content\/uploads\/2025\/12\/Ball-Drop-Tester-333x400.webp 333w\" sizes=\"(max-width: 600px) 100vw, 600px\" \/>\t\t\t\t\t\t\n\t\t\t\t\t<\/div>\n\t\t\t\t\t\t\t\t\n<style>\n#image_2011849091 {\n  width: 100%;\n}\n<\/style>\n\t<\/div>\n\t\n\n\n\t\t<\/div>\n\t\t\t\t\t<\/div>\n\n\t\n\n\t<div id=\"col-1444591173\" class=\"col medium-7 small-12 large-7\"  >\n\t\t\t\t<div class=\"col-inner text-left\"  >\n\t\t\t\n\t\t\t\n\n\t<div id=\"text-3679019207\" class=\"text\">\n\t\t\n\n<h2>Zrozumienie dzia\u0142ania testera Ball Drop<\/h2>\n\t\t\n<style>\n#text-3679019207 {\n  font-size: 1.3rem;\n  text-align: left;\n}\n<\/style>\n\t<\/div>\n\t\n<p>Urz\u0105dzenie dzia\u0142a poprzez zrzucenie stalowej kuli o okre\u015blonej masie i \u015brednicy z okre\u015blonej wysoko\u015bci na badan\u0105 pr\u00f3bk\u0119. Stopie\u0144 uszkodzenia lub deformacji jest analizowany w celu oceny odporno\u015bci na uderzenia. Test ten jest szczeg\u00f3lnie wa\u017cny w celu zapewnienia zgodno\u015bci z normami bezpiecze\u0144stwa, takimi jak <strong><a href=\"https:\/\/www.impacttesting.net\/pl\/ansi-z87-1\/\">ANSI Z87.1<\/a> test udarno\u015bci<\/strong>.<\/p>\n<a href=\"https:\/\/www.impacttesting.net\/pl\/contact-us\/\" class=\"button primary is-outline\"  style=\"border-radius:99px;\">\n    <span>Kontakt<\/span>\n  <\/a>\n\n\n\n\t\t<\/div>\n\t\t\t\t\t<\/div>\n\n\t\n\n<\/div>\n\n\t\t<\/div>\n\t\t\t\t\t<\/div>\n\n\t\n\n<\/div>\n\n\t\t<\/div>\n\t\t\t\t\t<\/div>\n\n\t\n\n<\/div>\n<div class=\"row\"  id=\"row-1729006918\">\n\n\n\t<div id=\"col-1204901177\" class=\"col small-12 large-12\"  >\n\t\t\t\t<div class=\"col-inner\"  >\n\t\t\t\n\t\t\t\n\n<div class=\"row\"  id=\"row-947313757\">\n\n\n\t<div id=\"col-1197512079\" class=\"col small-12 large-12\"  >\n\t\t\t\t<div class=\"col-inner\"  >\n\t\t\t\n\t\t\t\n\n\t<div id=\"text-80563610\" class=\"text\">\n\t\t\n\n<h2>Test zderzeniowy ANSI Z87.1: Kluczowe wymagania<\/h2>\n\t\t\n<style>\n#text-80563610 {\n  font-size: 1.3rem;\n  text-align: center;\n}\n<\/style>\n\t<\/div>\n\t\n\n\t\t<\/div>\n\t\t\t\t\t<\/div>\n\n\t\n\n<\/div>\n<div class=\"row align-middle align-center\"  id=\"row-1284204040\">\n\n\n\t<div id=\"col-612962708\" class=\"col medium-7 small-12 large-7\"  >\n\t\t\t\t<div class=\"col-inner\"  >\n\t\t\t\n\t\t\t\n\n<p>The <strong>Test zderzeniowy ANSI Z87.1<\/strong> to znormalizowana metoda przeznaczona do oceny odporno\u015bci okular\u00f3w ochronnych na uderzenia. Celem tego testu jest zapewnienie, \u017ce okulary ochronne, gogle i os\u0142ony twarzy spe\u0142niaj\u0105 minimalne wymagania bezpiecze\u0144stwa, aby chroni\u0107 u\u017cytkownik\u00f3w przed pociskami o du\u017cej pr\u0119dko\u015bci.<\/p>\n<h3>Aparatura testowa i konfiguracja<\/h3>\n<ul>\n<li>Sztywny kszta\u0142t g\u0142owy jest u\u017cywany do zabezpieczenia pr\u00f3bki testowej w pozycji twarz\u0105 do g\u00f3ry.<\/li>\n<li>A <strong>Stalowa kulka o \u015brednicy 25,4 mm (1,0 cala)<\/strong>wa\u017cenie <strong>68 g (2,4 uncji)<\/strong>s\u0142u\u017cy jako pocisk.<\/li>\n<li>Stalowa kulka jest uwalniana z <strong>wysoko\u015b\u0107 127 cm (50 cali)<\/strong> przez rurk\u0119 prowadz\u0105c\u0105.<\/li>\n<li>Podstawa modelu g\u0142owy ma mas\u0119 co najmniej <strong>30 kg (66 funt\u00f3w)<\/strong> aby zapewni\u0107 stabilno\u015b\u0107 podczas test\u00f3w.<\/li>\n<\/ul>\n<h3>Procedura testowa<\/h3>\n<ol>\n<li>Pr\u00f3bka testowa jest bezpiecznie zamontowana na modelu g\u0142owy, na\u015bladuj\u0105c rzeczywiste warunki u\u017cytkowania.<\/li>\n<li>Blok podpieraj\u0105cy jest umieszczony za pr\u00f3bk\u0105 w celu utrzymania w\u0142a\u015bciwego wyr\u00f3wnania.<\/li>\n<li>Stalowa kulka jest upuszczana na soczewk\u0119 lub powierzchni\u0119 materia\u0142u w linii z obszarem oka.<\/li>\n<li>Test jest powtarzany czterokrotnie w r\u00f3\u017cnych punktach soczewki w celu zapewnienia dok\u0142adno\u015bci.<\/li>\n<li>Uszkodzenia spowodowane uderzeniem s\u0105 analizowane w celu okre\u015blenia, czy materia\u0142 spe\u0142nia kryteria bezpiecze\u0144stwa.<\/li>\n<\/ol>\n\n\t\t<\/div>\n\t\t\t\t\t<\/div>\n\n\t\n\n\t<div id=\"col-1370723144\" class=\"col medium-4 small-12 large-4\"  >\n\t\t\t\t<div class=\"col-inner\"  >\n\t\t\t\n\t\t\t\n\n<div class=\"video video-fit mb\" style=\"padding-top:200%;\"><iframe title=\"Tester udarno\u015bci spadaj\u0105cej kuli dla folii i arkuszy z tworzyw sztucznych\" width=\"563\" height=\"1000\" src=\"https:\/\/www.youtube.com\/embed\/AvdivZPwIxc?feature=oembed\" frameborder=\"0\" allow=\"accelerometer; autoplay; clipboard-write; encrypted-media; gyroscope; picture-in-picture; web-share\" referrerpolicy=\"strict-origin-when-cross-origin\" allowfullscreen><\/iframe><\/div>\n\n\n\t\t<\/div>\n\t\t\t\t\t<\/div>\n\n\t\n\n<\/div>\n\n\t\t<\/div>\n\t\t\t\t\t<\/div>\n\n\t\n\n<\/div>\n<div class=\"row\"  id=\"row-1015761143\">\n\n\n\t<div id=\"col-2081572750\" class=\"col small-12 large-12\"  >\n\t\t\t\t<div class=\"col-inner\"  >\n\t\t\t\n\t\t\t\n\n<div class=\"row\"  id=\"row-969594214\">\n\n\n\t<div id=\"col-1768348520\" class=\"col small-12 large-12\"  >\n\t\t\t\t<div class=\"col-inner\"  >\n\t\t\t\n\t\t\t\n\n\t<div id=\"text-3582622290\" class=\"text\">\n\t\t\n\n<h2>FBT-01 Tester udarno\u015bci spadaj\u0105cych rzutek<\/h2>\n\t\t\n<style>\n#text-3582622290 {\n  font-size: 1.3rem;\n  text-align: center;\n}\n<\/style>\n\t<\/div>\n\t\n\n\t\t<\/div>\n\t\t\t\t\t<\/div>\n\n\t\n\n<\/div>\n<div class=\"row align-middle align-center\"  id=\"row-454652511\">\n\n\n\t<div id=\"col-286075328\" class=\"col medium-6 small-12 large-6\"  >\n\t\t\t\t<div class=\"col-inner\"  >\n\t\t\t\n\t\t\t\n\n<h3>Kluczowe cechy:<\/h3>\n<ul>\n<li><strong>Regulowana wysoko\u015b\u0107 uderzenia<\/strong> dla niestandardowych scenariuszy testowych<\/li>\n<li><strong>Wiele opcji rozmiaru kulki<\/strong> do r\u00f3\u017cnych zastosowa\u0144 testowych<\/li>\n<li><strong>Elektromagnetyczne zawieszenie kulowe<\/strong> dla precyzyjnego czasu zwolnienia<\/li>\n<li><strong>Pneumatyczne mocowanie pr\u00f3bki<\/strong> do bezpiecznego pozycjonowania pr\u00f3bki<\/li>\n<li><strong>Wy\u015bwietlanie wynik\u00f3w testu wielu jednostek<\/strong> dla \u0142atwej interpretacji danych<\/li>\n<li><strong>Zintegrowana mikrodrukarka<\/strong> do dokumentacji wynik\u00f3w na miejscu<\/li>\n<li><strong>Opcjonalne profesjonalne oprogramowanie<\/strong> do zaawansowanej analizy danych<\/li>\n<\/ul>\n\n\t\t<\/div>\n\t\t\t\t\t<\/div>\n\n\t\n\n\t<div id=\"col-1959792721\" class=\"col medium-6 small-12 large-6\"  >\n\t\t\t\t<div class=\"col-inner\"  >\n\t\t\t\n\t\t\t\n\n<h3>Specyfikacja techniczna:<\/h3>\n<ul>\n<li><strong>Wysoko\u015b\u0107 uderzenia<\/strong>: Regulowany w zakresie od 300 mm do 600 mm (z mo\u017cliwo\u015bci\u0105 przed\u0142u\u017cenia w razie potrzeby)<\/li>\n<li><strong>\u015arednice kulek<\/strong>23 mm, 25 mm, 28,6 mm, 38,1 mm, 50,8 mm<\/li>\n<li><strong>Dok\u0142adno\u015b\u0107<\/strong>: 0,1g (0,1J)<\/li>\n<li><strong>Rozmiar pr\u00f3bki<\/strong>: Minimum 150 mm x 150 mm<\/li>\n<li><strong>Dostawa gazu<\/strong>: 0,6 MPa Rura PU (\u03a68 mm)<\/li>\n<li><strong>Zasilanie<\/strong>: AC 110~220V, 50Hz<\/li>\n<\/ul>\n\n\t\t<\/div>\n\t\t\t\t\t<\/div>\n\n\t\n\n<\/div>\n\n\t\t<\/div>\n\t\t\t\t\t<\/div>\n\n\t\n\n<\/div>\n<div class=\"row\"  id=\"row-844808598\">\n\n\n\t<div id=\"col-1715369060\" class=\"col small-12 large-12\"  >\n\t\t\t\t<div class=\"col-inner\"  >\n\t\t\t\n\t\t\t\n\n<div class=\"row\"  id=\"row-1010716999\">\n\n\n\t<div id=\"col-1922365664\" class=\"col small-12 large-12\"  >\n\t\t\t\t<div class=\"col-inner\"  >\n\t\t\t\n\t\t\t\n\n\t<div id=\"text-4163235020\" class=\"text\">\n\t\t\n\n<h2>Test uderzenia pi\u0142ki: Czynniki wp\u0142ywaj\u0105ce na wyniki<\/h2>\n\t\t\n<style>\n#text-4163235020 {\n  font-size: 1.3rem;\n  text-align: center;\n}\n<\/style>\n\t<\/div>\n\t\n\n\t\t<\/div>\n\t\t\t\t\t<\/div>\n\n\t\n\n\t<div id=\"col-297898903\" class=\"col small-12 large-12\"  >\n\t\t\t\t<div class=\"col-inner\"  >\n\t\t\t\n\t\t\t\n\n<p>Test uderzenia pi\u0142k\u0105 mierzy, jak dobrze materia\u0142y wytrzymuj\u0105 silny kontakt ze spadaj\u0105cym obiektem. Na wyniki testu wp\u0142ywa kilka czynnik\u00f3w:<\/p>\n<h4>1. Wysoko\u015b\u0107 spadku<\/h4>\n<p>Wy\u017csze wysoko\u015bci upadku generuj\u0105 wi\u0119ksz\u0105 energi\u0119 uderzenia, symuluj\u0105c bardziej ekstremalne scenariusze w \u015bwiecie rzeczywistym.<\/p>\n<h4>2. Rozmiar i masa kuli<\/h4>\n<p>Wi\u0119ksze i ci\u0119\u017csze kulki wywieraj\u0105 wi\u0119ksz\u0105 si\u0142\u0119 podczas uderzenia, wp\u0142ywaj\u0105c na stopie\u0144 odkszta\u0142cenia lub p\u0119kni\u0119cia materia\u0142u.<\/p>\n<h4>3. W\u0142a\u015bciwo\u015bci materia\u0142u<\/h4>\n<p>Wytrzyma\u0142o\u015b\u0107, grubo\u015b\u0107 i elastyczno\u015b\u0107 wp\u0142ywaj\u0105 na spos\u00f3b, w jaki materia\u0142 poch\u0142ania i rozprasza energi\u0119 uderzenia.<\/p>\n\n\t\t<\/div>\n\t\t\t\t\t<\/div>\n\n\t\n\n<\/div>\n\n\t\t<\/div>\n\t\t\t\t\t<\/div>\n\n\t\n\n<\/div>\n\n\t\t<\/div>\n\n\t\t\n<style>\n#section_715526811 {\n  padding-top: 30px;\n  padding-bottom: 30px;\n}\n<\/style>\n\t<\/section>\n\t\n\t<section class=\"section\" id=\"section_895218790\">\n\t\t<div class=\"bg section-bg fill bg-fill  bg-loaded\" >\n\n\t\t\t\n\t\t\t\n\t\t\t\n\n\t\t<\/div>\n\n\t\t\n\n\t\t<div class=\"section-content relative\">\n\t\t\t\n\n<div class=\"row\"  id=\"row-116573557\">\n\n\n\t<div id=\"col-2000316275\" class=\"col small-12 large-12\"  >\n\t\t\t\t<div class=\"col-inner\"  >\n\t\t\t\n\t\t\t\n\n<div class=\"row align-equal align-center\"  id=\"row-243576005\">\n\n\n\t<div id=\"col-351171847\" class=\"col small-12 large-12\"  >\n\t\t\t\t<div class=\"col-inner\"  >\n\t\t\t\n\t\t\t\n\n\t<div id=\"text-3802526540\" class=\"text\">\n\t\t\n\n<h2>Dlaczego warto wybra\u0107 Impacttesting.net?<br \/>FBT-01 Tester kropli kulki<\/h2>\n\t\t\n<style>\n#text-3802526540 {\n  font-size: 1.4rem;\n  text-align: center;\n}\n<\/style>\n\t<\/div>\n\t\n\n\t\t<\/div>\n\t\t\t\t\t<\/div>\n\n\t\n\n\t<div id=\"col-1438113606\" class=\"col medium-6 small-12 large-6\"  >\n\t\t\t\t<div class=\"col-inner text-center\"  >\n\t\t\t\n\t\t\t\n\n\t<div id=\"text-3307466321\" class=\"text\">\n\t\t\n\n<p>The <strong>tester upadku pi\u0142ki<\/strong> jest kluczowym narz\u0119dziem dla producent\u00f3w i specjalist\u00f3w ds. kontroli jako\u015bci. Pomaga zapewni\u0107, \u017ce materia\u0142y spe\u0142niaj\u0105 wymagania dotycz\u0105ce odporno\u015bci na uderzenia, daj\u0105c pewno\u015b\u0107 co do trwa\u0142o\u015bci produktu i bezpiecze\u0144stwa u\u017cytkownika. Niezale\u017cnie od tego, czy testujesz okulary ochronne pod <a href=\"https:\/\/www.impacttesting.net\/pl\/ansi-z87-1\/\"><strong>Standardy ANSI Z87.1<\/strong><\/a> lub prowadzenie og\u00f3lnych <strong>Testy udarno\u015bci kulek<\/strong>Metoda ta odgrywa istotn\u0105 rol\u0119 w ocenie wydajno\u015bci materia\u0142\u00f3w.<\/p>\n\t\t\n<style>\n#text-3307466321 {\n  font-size: 1.1rem;\n  line-height: 2;\n}\n<\/style>\n\t<\/div>\n\t\n<a href=\"https:\/\/www.impacttesting.net\/pl\/contact-us\/\" class=\"button primary is-outline\"  style=\"border-radius:99px;\">\n    <span>Kontakt<\/span>\n  <i class=\"icon-chat\" aria-hidden=\"true\" ><\/i><\/a>\n\n\n\n\t\t<\/div>\n\t\t\t\t\t<\/div>\n\n\t\n\n\t<div id=\"col-681748564\" class=\"col medium-4 small-12 large-4\"  >\n\t\t\t\t<div class=\"col-inner text-center\"  >\n\t\t\t\n\t\t\t\n\n\n<div class=\"wpcf7 no-js\" id=\"wpcf7-f10-o1\" lang=\"en-US\" dir=\"ltr\" data-wpcf7-id=\"10\">\n<div class=\"screen-reader-response\"><p role=\"status\" aria-live=\"polite\" aria-atomic=\"true\"><\/p> <ul><\/ul><\/div>\n<form action=\"\/pl\/wp-json\/wp\/v2\/pages\/74#wpcf7-f10-o1\" method=\"post\" class=\"wpcf7-form init\" aria-label=\"Contact form\" novalidate=\"novalidate\" data-status=\"init\" data-trp-original-action=\"\/pl\/wp-json\/wp\/v2\/pages\/74#wpcf7-f10-o1\">\n<fieldset class=\"hidden-fields-container\"><input type=\"hidden\" name=\"_wpcf7\" value=\"10\" \/><input type=\"hidden\" name=\"_wpcf7_version\" value=\"6.1.4\" \/><input type=\"hidden\" name=\"_wpcf7_locale\" value=\"en_US\" \/><input type=\"hidden\" name=\"_wpcf7_unit_tag\" value=\"wpcf7-f10-o1\" \/><input type=\"hidden\" name=\"_wpcf7_container_post\" value=\"0\" \/><input type=\"hidden\" name=\"_wpcf7_posted_data_hash\" value=\"\" \/><input type=\"hidden\" name=\"_wpcf7_recaptcha_response\" value=\"\" \/>\n<\/fieldset>\n<p><span class=\"wpcf7-form-control-wrap\" data-name=\"Name\"><input size=\"40\" maxlength=\"400\" class=\"wpcf7-form-control wpcf7-text\" aria-invalid=\"false\" placeholder=\"Imi\u0119 i nazwisko\" value=\"\" type=\"text\" name=\"Name\" \/><\/span><br \/>\n<span class=\"wpcf7-form-control-wrap\" data-name=\"Comapany\"><input size=\"40\" maxlength=\"400\" class=\"wpcf7-form-control wpcf7-text\" aria-invalid=\"false\" placeholder=\"Twoja firma\" value=\"\" type=\"text\" name=\"Comapany\" \/><\/span><br \/>\n<span class=\"wpcf7-form-control-wrap\" data-name=\"Email\"><input size=\"40\" maxlength=\"400\" class=\"wpcf7-form-control wpcf7-email wpcf7-validates-as-required wpcf7-text wpcf7-validates-as-email\" aria-required=\"true\" aria-invalid=\"false\" placeholder=\"Tw\u00f3j adres e-mail*\" value=\"\" type=\"email\" name=\"Email\" \/><\/span><br \/>\n<span class=\"wpcf7-form-control-wrap\" data-name=\"Message\"><textarea cols=\"40\" rows=\"10\" maxlength=\"2000\" class=\"wpcf7-form-control wpcf7-textarea\" aria-invalid=\"false\" placeholder=\"Wiadomo\u015b\u0107\" name=\"Message\"><\/textarea><\/span>\n<\/p>\n<p><input class=\"wpcf7-form-control wpcf7-submit has-spinner\" type=\"submit\" value=\"Prze\u015blij\" \/>\n<\/p><div class=\"wpcf7-response-output\" aria-hidden=\"true\"><\/div>\n<input type=\"hidden\" name=\"trp-form-language\" value=\"pl\"\/><\/form>\n<\/div>\n\n\n\n\t\t<\/div>\n\t\t\t\t\t<\/div>\n\n\t\n\n<\/div>\n\n\t\t<\/div>\n\t\t\t\t\t<\/div>\n\n\t\n\n<\/div>\n\n\t\t<\/div>\n\n\t\t\n<style>\n#section_895218790 {\n  padding-top: 30px;\n  padding-bottom: 30px;\n  background-color: rgb(232, 234, 241);\n}\n<\/style>\n\t<\/section>","protected":false},"excerpt":{"rendered":"","protected":false},"author":1,"featured_media":0,"parent":0,"menu_order":0,"comment_status":"closed","ping_status":"closed","template":"page-blank.php","meta":{"footnotes":""},"class_list":["post-74","page","type-page","status-publish","hentry"],"_links":{"self":[{"href":"https:\/\/www.impacttesting.net\/pl\/wp-json\/wp\/v2\/pages\/74","targetHints":{"allow":["GET"]}}],"collection":[{"href":"https:\/\/www.impacttesting.net\/pl\/wp-json\/wp\/v2\/pages"}],"about":[{"href":"https:\/\/www.impacttesting.net\/pl\/wp-json\/wp\/v2\/types\/page"}],"author":[{"embeddable":true,"href":"https:\/\/www.impacttesting.net\/pl\/wp-json\/wp\/v2\/users\/1"}],"replies":[{"embeddable":true,"href":"https:\/\/www.impacttesting.net\/pl\/wp-json\/wp\/v2\/comments?post=74"}],"version-history":[{"count":2,"href":"https:\/\/www.impacttesting.net\/pl\/wp-json\/wp\/v2\/pages\/74\/revisions"}],"predecessor-version":[{"id":78,"href":"https:\/\/www.impacttesting.net\/pl\/wp-json\/wp\/v2\/pages\/74\/revisions\/78"}],"wp:attachment":[{"href":"https:\/\/www.impacttesting.net\/pl\/wp-json\/wp\/v2\/media?parent=74"}],"curies":[{"name":"wp","href":"https:\/\/api.w.org\/{rel}","templated":true}]}}