{"id":66,"date":"2025-12-24T05:51:29","date_gmt":"2025-12-24T05:51:29","guid":{"rendered":"https:\/\/www.impacttesting.net\/?page_id=66"},"modified":"2025-12-24T05:51:29","modified_gmt":"2025-12-24T05:51:29","slug":"astm-d1709","status":"publish","type":"page","link":"https:\/\/www.impacttesting.net\/pl\/astm-d1709\/","title":{"rendered":"ASTM D1709"},"content":{"rendered":"<section class=\"section\" id=\"section_1319442003\">\n\t\t<div class=\"bg section-bg fill bg-fill  bg-loaded\" >\n\n\t\t\t\n\t\t\t\n\t\t\t\n\n\t\t<\/div>\n\n\t\t\n\n\t\t<div class=\"section-content relative\">\n\t\t\t\n\n<div class=\"row\"  id=\"row-1455549876\">\n\n\n\t<div id=\"col-651451604\" class=\"col small-12 large-12\"  >\n\t\t\t\t<div class=\"col-inner\" style=\"background-color:rgb(92, 171, 188);\" >\n\t\t\t\n\t\t\t\n\n<div class=\"row\"  id=\"row-1632190436\">\n\n\n\t<div id=\"col-1401466005\" class=\"col small-12 large-12\"  >\n\t\t\t\t<div class=\"col-inner\"  >\n\t\t\t\n\t\t\t\n\n\t<div id=\"text-4189340380\" class=\"text\">\n\t\t\n\n<h1>ASTM D1709<\/h1>\n\t\t\n<style>\n#text-4189340380 {\n  font-size: 1.5rem;\n  text-align: center;\n}\n<\/style>\n\t<\/div>\n\t\n\t<div id=\"text-1748562455\" class=\"text\">\n\t\t\n\n<h2>Metoda testu upadku rzutk\u0105 dla folii z tworzywa sztucznego<\/h2>\n\t\t\n<style>\n#text-1748562455 {\n  text-align: center;\n}\n<\/style>\n\t<\/div>\n\t\n\n\t\t<\/div>\n\t\t\t\t\n<style>\n#col-1401466005 > .col-inner {\n  padding: 50px 10px 10px 10px;\n}\n<\/style>\n\t<\/div>\n\n\t\n\n<\/div>\n<div class=\"row align-middle align-center\"  id=\"row-1451289002\">\n\n\n\t<div id=\"col-241588738\" class=\"col medium-11 small-12 large-11\"  >\n\t\t\t\t<div class=\"col-inner\"  >\n\t\t\t\n\t\t\t\n\n<div class=\"row align-center\"  id=\"row-269128291\">\n\n\n\t<div id=\"col-1408228356\" class=\"col medium-7 small-12 large-7\"  >\n\t\t\t\t<div class=\"col-inner\"  >\n\t\t\t\n\t\t\t\n\n<div class=\"row\"  id=\"row-76530534\">\n\n\n\t<div id=\"col-874891621\" class=\"col small-12 large-12\"  >\n\t\t\t\t<div class=\"col-inner text-center\"  >\n\t\t\t\n\t\t\t\n\n\t<div id=\"text-1973758350\" class=\"text\">\n\t\t\n\n<p>The <strong>ASTM D1709 test upuszczenia rzutki<\/strong> jest kluczow\u0105 metod\u0105 oceny odporno\u015bci na uderzenia folii z tworzyw sztucznych i podobnych materia\u0142\u00f3w. Post\u0119puj\u0105c zgodnie ze standardowymi procedurami, wybieraj\u0105c odpowiedni\u0105 metod\u0119 testow\u0105 i u\u017cywaj\u0105c niezawodnego sprz\u0119tu, takiego jak <strong>FDT-01 z Impacttesting.net<\/strong>Dzi\u0119ki temu mo\u017cna zapewni\u0107 sta\u0142\u0105 jako\u015b\u0107 i zgodno\u015b\u0107 ze standardami bran\u017cowymi.<\/p>\n\t\t\n<style>\n#text-1973758350 {\n  color: rgb(0, 0, 0);\n}\n#text-1973758350 > * {\n  color: rgb(0, 0, 0);\n}\n<\/style>\n\t<\/div>\n\t\n\n\t\t<\/div>\n\t\t\t\t\t<\/div>\n\n\t\n\n\t<div id=\"col-2003877747\" class=\"col small-12 large-12\"  >\n\t\t\t\t<div class=\"col-inner text-center\"  >\n\t\t\t\n\t\t\t\n\n<a href=\"https:\/\/www.impacttesting.net\/pl\/contact-us\/\" class=\"button primary is-outline\"  style=\"border-radius:99px;\">\n    <span>Kontakt<\/span>\n  <i class=\"icon-chat\" aria-hidden=\"true\" ><\/i><\/a>\n\n\n\n\t\t<\/div>\n\t\t\t\t\t<\/div>\n\n\t\n\n<\/div>\n\n\t\t<\/div>\n\t\t\t\t\t<\/div>\n\n\t\n\n\t<div id=\"col-1576890363\" class=\"col medium-4 small-12 large-4\"  >\n\t\t\t\t<div class=\"col-inner\"  >\n\t\t\t\n\t\t\t\n\n<div class=\"row\"  id=\"row-52605106\">\n\n\n\t<div id=\"col-464505955\" class=\"col small-12 large-12\"  >\n\t\t\t\t<div class=\"col-inner\"  >\n\t\t\t\n\t\t\t\n\n\t<div class=\"img has-hover x md-x lg-x y md-y lg-y\" id=\"image_364027168\">\n\t\t\t\t\t\t\t\t<div class=\"img-inner dark\" >\n\t\t\t<img decoding=\"async\" width=\"600\" height=\"440\" src=\"https:\/\/www.impacttesting.net\/wp-content\/uploads\/2025\/12\/ASTM-D1709-Dart-Drop-Test-Method-for-Plastic-Film.webp\" class=\"attachment-large size-large\" alt=\"ASTM D1709 Metoda testu upadku rzutk\u0105 dla folii z tworzywa sztucznego\" srcset=\"https:\/\/www.impacttesting.net\/wp-content\/uploads\/2025\/12\/ASTM-D1709-Dart-Drop-Test-Method-for-Plastic-Film.webp 600w, https:\/\/www.impacttesting.net\/wp-content\/uploads\/2025\/12\/ASTM-D1709-Dart-Drop-Test-Method-for-Plastic-Film-545x400.webp 545w\" sizes=\"(max-width: 600px) 100vw, 600px\" \/>\t\t\t\t\t\t\n\t\t\t\t\t<\/div>\n\t\t\t\t\t\t\t\t\n<style>\n#image_364027168 {\n  width: 100%;\n}\n<\/style>\n\t<\/div>\n\t\n\n\n\t\t<\/div>\n\t\t\t\t\t<\/div>\n\n\t\n\n<\/div>\n\n\t\t<\/div>\n\t\t\t\t\t<\/div>\n\n\t\n\n<\/div>\n\n\t\t<\/div>\n\t\t\t\t\t<\/div>\n\n\t\n\n<\/div>\n\n\t\t<\/div>\n\t\t\t\t\t<\/div>\n\n\t\n\n\n<style>\n#row-1455549876 > .col > .col-inner {\n  border-radius: 25px;\n}\n<\/style>\n<\/div>\n\n\t\t<\/div>\n\n\t\t\n<style>\n#section_1319442003 {\n  padding-top: 30px;\n  padding-bottom: 30px;\n}\n<\/style>\n\t<\/section>\n\t\n\t<section class=\"section\" id=\"section_841167559\">\n\t\t<div class=\"bg section-bg fill bg-fill  bg-loaded\" >\n\n\t\t\t\n\t\t\t\n\t\t\t\n\n\t\t<\/div>\n\n\t\t\n\n\t\t<div class=\"section-content relative\">\n\t\t\t\n\n<div class=\"row\"  id=\"row-31098462\">\n\n\n\t<div id=\"col-1122366764\" class=\"col small-12 large-12\"  >\n\t\t\t\t<div class=\"col-inner\"  >\n\t\t\t\n\t\t\t\n\n<div class=\"row\"  id=\"row-95375204\">\n\n\n\t<div id=\"col-404192850\" class=\"col small-12 large-12\"  >\n\t\t\t\t<div class=\"col-inner\"  >\n\t\t\t\n\t\t\t\n\n\t<div id=\"text-3067418580\" class=\"text\">\n\t\t\n\n<h2>ASTM D1709 i jego znaczenie<\/h2>\n\t\t\n<style>\n#text-3067418580 {\n  font-size: 1.3rem;\n  text-align: center;\n}\n<\/style>\n\t<\/div>\n\t\n\n\t\t<\/div>\n\t\t\t\t\t<\/div>\n\n\t\n\n\t<div id=\"col-1986392873\" class=\"col small-12 large-12\"  >\n\t\t\t\t<div class=\"col-inner\"  >\n\t\t\t\n\t\t\t\n\n<p>W zapewnieniu jako\u015bci elastycznych materia\u0142\u00f3w opakowaniowych, w szczeg\u00f3lno\u015bci folii z tworzyw sztucznych, istotn\u0105 rol\u0119 odgrywa norma ASTM D1709. Ten mi\u0119dzynarodowy standard okre\u015bla <strong>metoda testu upuszczenia rzutki<\/strong>kt\u00f3ry ocenia odporno\u015b\u0107 folii z tworzyw sztucznych na uderzenia poprzez okre\u015blenie energii wymaganej do spowodowania uszkodzenia, gdy wa\u017cona strza\u0142ka jest upuszczana ze sta\u0142ej wysoko\u015bci. Wyniki s\u0105 niezb\u0119dne do zapewnienia wydajno\u015bci produktu podczas transportu, obs\u0142ugi i u\u017cytkowania. Dla producent\u00f3w, specjalist\u00f3w ds. kontroli jako\u015bci i laboratori\u00f3w pracuj\u0105cych z foliami polimerowymi, zrozumienie i wdro\u017cenie normy ASTM D1709 zapewnia zgodno\u015b\u0107 ze standardami wydajno\u015bci i sp\u00f3jno\u015b\u0107 produkcji.<\/p>\n\n\t\t<\/div>\n\t\t\t\t\t<\/div>\n\n\t\n\n<\/div>\n\n\t\t<\/div>\n\t\t\t\t\t<\/div>\n\n\t\n\n<\/div>\n<div class=\"row\"  id=\"row-1774373843\">\n\n\n\t<div id=\"col-1324544037\" class=\"col small-12 large-12\"  >\n\t\t\t\t<div class=\"col-inner\"  >\n\t\t\t\n\t\t\t\n\n<div class=\"row\"  id=\"row-606162061\">\n\n\n\t<div id=\"col-1847022983\" class=\"col small-12 large-12\"  >\n\t\t\t\t<div class=\"col-inner\"  >\n\t\t\t\n\t\t\t\n\n<div class=\"row\"  id=\"row-1129254423\">\n\n\n\t<div id=\"col-1745181100\" class=\"col small-12 large-12\"  >\n\t\t\t\t<div class=\"col-inner\"  >\n\t\t\t\n\t\t\t\n\n\t<div id=\"text-2172446187\" class=\"text\">\n\t\t\n\n<h2>Zrozumienie metody testu Dart Drop<\/h2>\n\t\t\n<style>\n#text-2172446187 {\n  font-size: 1.3rem;\n  text-align: center;\n}\n<\/style>\n\t<\/div>\n\t\n\n\t\t<\/div>\n\t\t\t\t\t<\/div>\n\n\t\n\n<\/div>\n<div class=\"row align-middle\"  id=\"row-317818524\">\n\n\n\t<div id=\"col-1492270076\" class=\"col medium-7 small-12 large-7\"  >\n\t\t\t\t<div class=\"col-inner\"  >\n\t\t\t\n\t\t\t\n\n<p>The <strong>test upuszczenia rzutki<\/strong> zgodnie z definicj\u0105 ASTM D1709 polega na upuszczeniu strza\u0142ki z p\u00f3\u0142kulist\u0105 g\u0142owic\u0105 na zaci\u015bni\u0119t\u0105 pr\u00f3bk\u0119 folii w celu okre\u015blenia ci\u0119\u017caru, kt\u00f3ry powoduje uszkodzenie 50% badanych pr\u00f3bek. Test zapewnia ilo\u015bciowy pomiar odporno\u015bci na uderzenia.<\/p>\n<p>Istniej\u0105 dwie podstawowe metody testowania:<\/p>\n<ul>\n<li><strong>Metoda A<\/strong>: U\u017cywa strza\u0142ki o \u015brednicy 38,10 mm upuszczonej z odleg\u0142o\u015bci 0,66 m.<\/li>\n<li><strong>Metoda B<\/strong>: U\u017cywa strza\u0142ki o \u015brednicy 50,80 mm zrzuconej z wysoko\u015bci 1,52 m.<\/li>\n<\/ul>\n<p>Ka\u017cda metoda jest odpowiednia dla r\u00f3\u017cnych typ\u00f3w folii i prog\u00f3w wydajno\u015bci. Metoda A jest bardziej powszechna w przypadku l\u017cejszych lub cie\u0144szych folii, podczas gdy metoda B jest stosowana, gdy spodziewane jest uderzenie o wy\u017cszej energii.<\/p>\n\n\t\t<\/div>\n\t\t\t\t\t<\/div>\n\n\t\n\n\t<div id=\"col-1725017549\" class=\"col medium-5 small-12 large-5\"  >\n\t\t\t\t<div class=\"col-inner\"  >\n\t\t\t\n\t\t\t\n\n\t<div class=\"img has-hover x md-x lg-x y md-y lg-y\" id=\"image_929933514\">\n\t\t\t\t\t\t\t\t<div class=\"img-inner dark\" >\n\t\t\t<img decoding=\"async\" width=\"600\" height=\"440\" src=\"https:\/\/www.impacttesting.net\/wp-content\/uploads\/2025\/12\/ASTM-D1709-Dart-Drop-Test-Method-for-Plastic-Film.webp\" class=\"attachment-large size-large\" alt=\"ASTM D1709 Metoda testu upadku rzutk\u0105 dla folii z tworzywa sztucznego\" srcset=\"https:\/\/www.impacttesting.net\/wp-content\/uploads\/2025\/12\/ASTM-D1709-Dart-Drop-Test-Method-for-Plastic-Film.webp 600w, https:\/\/www.impacttesting.net\/wp-content\/uploads\/2025\/12\/ASTM-D1709-Dart-Drop-Test-Method-for-Plastic-Film-545x400.webp 545w\" sizes=\"(max-width: 600px) 100vw, 600px\" \/>\t\t\t\t\t\t\n\t\t\t\t\t<\/div>\n\t\t\t\t\t\t\t\t\n<style>\n#image_929933514 {\n  width: 100%;\n}\n<\/style>\n\t<\/div>\n\t\n\n\n\t\t<\/div>\n\t\t\t\t\t<\/div>\n\n\t\n\n<\/div>\n\n\t\t<\/div>\n\t\t\t\t\t<\/div>\n\n\t\n\n<\/div>\n\n\t\t<\/div>\n\t\t\t\t\t<\/div>\n\n\t\n\n<\/div>\n<div class=\"row\"  id=\"row-884253902\">\n\n\n\t<div id=\"col-146485659\" class=\"col small-12 large-12\"  >\n\t\t\t\t<div class=\"col-inner\"  >\n\t\t\t\n\t\t\t\n\n<div class=\"row\"  id=\"row-1429471339\">\n\n\n\t<div id=\"col-256372672\" class=\"col small-12 large-12\"  >\n\t\t\t\t<div class=\"col-inner\"  >\n\t\t\t\n\t\t\t\n\n\t<div id=\"text-3672170507\" class=\"text\">\n\t\t\n\n<h2>Kluczowe etapy procedury testu udarno\u015bci Dart<\/h2>\n\t\t\n<style>\n#text-3672170507 {\n  font-size: 1.3rem;\n  text-align: center;\n}\n<\/style>\n\t<\/div>\n\t\n\n\t\t<\/div>\n\t\t\t\t\t<\/div>\n\n\t\n\n<\/div>\n<div class=\"row\"  id=\"row-1101945521\">\n\n\n\t<div id=\"col-563480469\" class=\"col medium-6 small-12 large-6\"  >\n\t\t\t\t<div class=\"col-inner\"  >\n\t\t\t\n\t\t\t\n\n<h3>Przygotowanie pr\u00f3bki testowej<\/h3>\n<ul>\n<li><strong>Rozmiar i jako\u015b\u0107<\/strong>: Upewnij si\u0119, \u017ce pr\u00f3bki s\u0105 wystarczaj\u0105co du\u017ce, aby wystawa\u0142y poza zacisk i s\u0105 wolne od widocznych wad, takich jak otwory lub zagi\u0119cia.<\/li>\n<li><strong>Pobieranie pr\u00f3bek<\/strong>: Pobieranie pr\u00f3bek reprezentatywnych dla ca\u0142ej partii produkcyjnej folii.<\/li>\n<li><strong>Kondycjonowanie<\/strong>: Kondycjonowa\u0107 wszystkie pr\u00f3bki przez co najmniej 40 godzin w temperaturze 23 \u00b1 2\u00b0C i wilgotno\u015bci wzgl\u0119dnej 50 \u00b1 10% przed badaniem, zgodnie z ASTM D618.<\/li>\n<\/ul>\n\n\t\t<\/div>\n\t\t\t\t\t<\/div>\n\n\t\n\n\t<div id=\"col-1956801365\" class=\"col medium-6 small-12 large-6\"  >\n\t\t\t\t<div class=\"col-inner\"  >\n\t\t\t\n\t\t\t\n\n<h3>Konfiguracja aparatury<\/h3>\n<ul>\n<li>U\u017cyj zatwierdzonego testera upadku rzutki, takiego jak <strong>FDT-01 z Impacttesting.net<\/strong>, kt\u00f3ry obs\u0142uguje zar\u00f3wno metod\u0119 A, jak i B z precyzyjnymi mechanizmami uwalniania rzutek.<\/li>\n<li>Wybierz i sprawd\u017a g\u0142owic\u0119 rzutki, aby upewni\u0107 si\u0119, \u017ce jest wolna od zadrapa\u0144 lub wad.<\/li>\n<li>Dostosuj wysoko\u015b\u0107 zrzutu dok\u0142adnie w oparciu o wybran\u0105 metod\u0119 testow\u0105.<\/li>\n<li>Upewni\u0107 si\u0119, \u017ce strza\u0142ka zwalniaj\u0105ca uderza w \u015brodek zaci\u015bni\u0119tej pr\u00f3bki i \u017ce nie wyst\u0119puje po\u015blizg.<\/li>\n<\/ul>\n\n\t\t<\/div>\n\t\t\t\t\t<\/div>\n\n\t\n\n<\/div>\n<div class=\"row align-middle\"  id=\"row-261059834\">\n\n\n\t<div id=\"col-373430618\" class=\"col medium-8 small-12 large-8\"  >\n\t\t\t\t<div class=\"col-inner\"  >\n\t\t\t\n\t\t\t\n\n<h3>Techniki testowania rzutek<\/h3>\n<p>Zgodnie z norm\u0105 ASTM D1709 istniej\u0105 dwie g\u0142\u00f3wne techniki testowania:<\/p>\n<h4>Metoda schod\u00f3w<\/h4>\n<ul>\n<li>Nale\u017cy stosowa\u0107 jednolite przyrosty masy (\u0394W).<\/li>\n<li>Zwi\u0119kszaj lub zmniejszaj wag\u0119 strza\u0142ki po ka\u017cdej pr\u00f3bce w zale\u017cno\u015bci od wyniku uszkodzenia.<\/li>\n<li>Test jest kontynuowany do momentu uzyskania 10 niepowodze\u0144 (X) i 10 niepowodze\u0144 (0).<\/li>\n<li>Oblicz wag\u0119 uszkodzenia (WF) przy u\u017cyciu wzoru metody schodkowej:<br \/><strong>WF = W0 + \u0394W(N\/A - 0,5)<\/strong><br \/>Gdzie:<br \/><strong>W<sub>0<\/sub> <\/strong> to waga pocz\u0105tkowa<br \/><strong>\u0394W<\/strong> to przyrost<br \/><strong>N<\/strong> to ca\u0142kowita liczba awarii (10)<br \/><strong>A<\/strong> jest sum\u0105 warto\u015bci indeks\u00f3w uszkodzonych pr\u00f3bek<\/li>\n<\/ul>\n<h4>Metoda alternatywna<\/h4>\n<ul>\n<li>U\u017cyj sta\u0142ej wagi rzutki dla grupy okaz\u00f3w (zwykle 10).<\/li>\n<li>Zmieniaj wag\u0119 strza\u0142ek pomi\u0119dzy grupami.<\/li>\n<li>Okre\u015blenie progu awarii przy u\u017cyciu danych wykre\u015blonych lub \u015brednich ruchomych.<\/li>\n<\/ul>\n<p>Podej\u015bcie to jest cz\u0119sto stosowane w<strong> rutynowa kontrola jako\u015bci<\/strong> do szybkich kontroli.<\/p>\n\n\t\t<\/div>\n\t\t\t\t\t<\/div>\n\n\t\n\n\t<div id=\"col-1337277364\" class=\"col medium-4 small-12 large-4\"  >\n\t\t\t\t<div class=\"col-inner\"  >\n\t\t\t\n\t\t\t\n\n<div class=\"video video-fit mb\" style=\"padding-top:200%;\"><iframe title=\"Tester udarno\u015bci spadaj\u0105cej kuli dla folii i arkuszy z tworzyw sztucznych\" width=\"563\" height=\"1000\" src=\"https:\/\/www.youtube.com\/embed\/AvdivZPwIxc?feature=oembed\" frameborder=\"0\" allow=\"accelerometer; autoplay; clipboard-write; encrypted-media; gyroscope; picture-in-picture; web-share\" referrerpolicy=\"strict-origin-when-cross-origin\" allowfullscreen><\/iframe><\/div>\n\n\n\t\t<\/div>\n\t\t\t\t\t<\/div>\n\n\t\n\n<\/div>\n\n\t\t<\/div>\n\t\t\t\t\t<\/div>\n\n\t\n\n<\/div>\n<div class=\"row\"  id=\"row-548367246\">\n\n\n\t<div id=\"col-1138047464\" class=\"col small-12 large-12\"  >\n\t\t\t\t<div class=\"col-inner\"  >\n\t\t\t\n\t\t\t\n\n<div class=\"row\"  id=\"row-279046752\">\n\n\n\t<div id=\"col-315019455\" class=\"col small-12 large-12\"  >\n\t\t\t\t<div class=\"col-inner\"  >\n\t\t\t\n\t\t\t\n\n\t<div id=\"text-2957645565\" class=\"text\">\n\t\t\n\n<h2>Typowe problemy i rozwi\u0105zania<\/h2>\n\t\t\n<style>\n#text-2957645565 {\n  font-size: 1.3rem;\n  text-align: center;\n}\n<\/style>\n\t<\/div>\n\t\n\n\t\t<\/div>\n\t\t\t\t\t<\/div>\n\n\t\n\n\t<div id=\"col-1849737829\" class=\"col small-12 large-12\"  >\n\t\t\t\t<div class=\"col-inner\"  >\n\t\t\t\n\t\t\t\n\n\t<div id=\"text-3824222490\" class=\"text\">\n\t\t\n\n<p><strong>Po\u015blizg pr\u00f3bki<\/strong>: Nale\u017cy stosowa\u0107 odpowiednie zaciski i obr\u00f3bk\u0119 powierzchni (np. tkanin\u0119 krokusow\u0105), aby zapobiec przemieszczaniu si\u0119 podczas uderzenia.<\/p>\n<p><strong>Niesp\u00f3jne wyniki<\/strong>: Weryfikacja warunk\u00f3w \u015brodowiskowych, wyr\u00f3wnania rzutki i przygotowania pr\u00f3bki w celu zapewnienia powtarzalno\u015bci.<\/p>\n<p><strong>Dart Rebound<\/strong>: Zawsze chwytaj strza\u0142k\u0119 po jej trafieniu, aby unikn\u0105\u0107 wielokrotnych kontakt\u00f3w i mo\u017cliwych uszkodze\u0144 powierzchni.<\/p>\n\t\t\n<style>\n#text-3824222490 {\n  text-align: center;\n}\n<\/style>\n\t<\/div>\n\t\n\n\t\t<\/div>\n\t\t\t\t\t<\/div>\n\n\t\n\n<\/div>\n\n\t\t<\/div>\n\t\t\t\t\t<\/div>\n\n\t\n\n<\/div>\n\n\t\t<\/div>\n\n\t\t\n<style>\n#section_841167559 {\n  padding-top: 30px;\n  padding-bottom: 30px;\n}\n<\/style>\n\t<\/section>\n\t\n\t<section class=\"section\" id=\"section_36857127\">\n\t\t<div class=\"bg section-bg fill bg-fill  bg-loaded\" >\n\n\t\t\t\n\t\t\t\n\t\t\t\n\n\t\t<\/div>\n\n\t\t\n\n\t\t<div class=\"section-content relative\">\n\t\t\t\n\n<div class=\"row\"  id=\"row-800819197\">\n\n\n\t<div id=\"col-1743797759\" class=\"col small-12 large-12\"  >\n\t\t\t\t<div class=\"col-inner\"  >\n\t\t\t\n\t\t\t\n\n<div class=\"row align-center\"  id=\"row-55893015\">\n\n\n\t<div id=\"col-14285880\" class=\"col small-12 large-12\"  >\n\t\t\t\t<div class=\"col-inner\"  >\n\t\t\t\n\t\t\t\n\n\t<div id=\"text-985722540\" class=\"text\">\n\t\t\n\n<h2>Dlaczego warto wybra\u0107 Impacttesting.net?<br \/>Tester kropli FDT-01<\/h2>\n\t\t\n<style>\n#text-985722540 {\n  font-size: 1.4rem;\n  text-align: center;\n}\n<\/style>\n\t<\/div>\n\t\n\n\t\t<\/div>\n\t\t\t\t\t<\/div>\n\n\t\n\n\t<div id=\"col-1395492258\" class=\"col small-12 large-12\"  >\n\t\t\t\t<div class=\"col-inner\"  >\n\t\t\t\n\t\t\t\n\n<p>The <strong>FDT-01 <a href=\"https:\/\/www.impacttesting.net\/pl\/falling-dart-impact-tester\/\">Tester udarno\u015bci Dart<\/a><\/strong> z <a href=\"https:\/\/www.impacttesting.net\/pl\/\">Impacttesting.net<\/a> zosta\u0142 zaprojektowany specjalnie z my\u015bl\u0105 o dok\u0142adnych i wydajnych testach na <a href=\"https:\/\/www.impacttesting.net\/pl\/astm-d1709\/\"><strong>ASTM D1709<\/strong><\/a>. Ten instrument:<\/p>\n\n\t\t<\/div>\n\t\t\t\t\t<\/div>\n\n\t\n\n\t<div id=\"col-271465558\" class=\"col medium-7 small-12 large-7\"  >\n\t\t\t\t<div class=\"col-inner text-center\"  >\n\t\t\t\n\t\t\t\n\n\t<div id=\"text-294093388\" class=\"text\">\n\t\t\n\n<p>Obs\u0142uguje zar\u00f3wno metod\u0119 A, jak i B testowania<br \/>Posiada precyzyjn\u0105 regulacj\u0119 wysoko\u015bci i uwalnianie rzutek<br \/>Oferuje cyfrow\u0105 kontrol\u0119 i akwizycj\u0119 danych w celu niezawodnego \u015bledzenia wynik\u00f3w<br \/>Zwi\u0119ksza produktywno\u015b\u0107 dzi\u0119ki intuicyjnemu interfejsowi i solidnej konstrukcji<\/p>\n\t\t\n<style>\n#text-294093388 {\n  font-size: 1.1rem;\n  line-height: 1.3;\n}\n<\/style>\n\t<\/div>\n\t\n\t<div id=\"text-3436018339\" class=\"text\">\n\t\t\n\n<p>Nasze do\u015bwiadczenie w <strong>testowanie materia\u0142\u00f3w opakowaniowych<\/strong>W po\u0142\u0105czeniu z konfigurowalnymi funkcjami i obs\u0142ug\u0105 automatyzacji, FDT-01 jest idealnym rozwi\u0105zaniem dla laboratori\u00f3w, linii produkcyjnych i agencji kontrolnych.<\/p>\n\t\t\n<style>\n#text-3436018339 {\n  font-size: 1.1rem;\n}\n<\/style>\n\t<\/div>\n\t\n<a href=\"https:\/\/www.impacttesting.net\/pl\/contact-us\/\" class=\"button primary is-outline\"  style=\"border-radius:99px;\">\n    <span>Kontakt<\/span>\n  <i class=\"icon-chat\" aria-hidden=\"true\" ><\/i><\/a>\n\n\n\n\t\t<\/div>\n\t\t\t\t\t<\/div>\n\n\t\n\n\t<div id=\"col-698850523\" class=\"col medium-4 small-12 large-4\"  >\n\t\t\t\t<div class=\"col-inner text-center\"  >\n\t\t\t\n\t\t\t\n\n\n<div class=\"wpcf7 no-js\" id=\"wpcf7-f10-o1\" lang=\"en-US\" dir=\"ltr\" data-wpcf7-id=\"10\">\n<div class=\"screen-reader-response\"><p role=\"status\" aria-live=\"polite\" aria-atomic=\"true\"><\/p> <ul><\/ul><\/div>\n<form action=\"\/pl\/wp-json\/wp\/v2\/pages\/66#wpcf7-f10-o1\" method=\"post\" class=\"wpcf7-form init\" aria-label=\"Contact form\" novalidate=\"novalidate\" data-status=\"init\" data-trp-original-action=\"\/pl\/wp-json\/wp\/v2\/pages\/66#wpcf7-f10-o1\">\n<fieldset class=\"hidden-fields-container\"><input type=\"hidden\" name=\"_wpcf7\" value=\"10\" \/><input type=\"hidden\" name=\"_wpcf7_version\" value=\"6.1.4\" \/><input type=\"hidden\" name=\"_wpcf7_locale\" value=\"en_US\" \/><input type=\"hidden\" name=\"_wpcf7_unit_tag\" value=\"wpcf7-f10-o1\" \/><input type=\"hidden\" name=\"_wpcf7_container_post\" value=\"0\" \/><input type=\"hidden\" name=\"_wpcf7_posted_data_hash\" value=\"\" \/><input type=\"hidden\" name=\"_wpcf7_recaptcha_response\" value=\"\" \/>\n<\/fieldset>\n<p><span class=\"wpcf7-form-control-wrap\" data-name=\"Name\"><input size=\"40\" maxlength=\"400\" class=\"wpcf7-form-control wpcf7-text\" aria-invalid=\"false\" placeholder=\"Imi\u0119 i nazwisko\" value=\"\" type=\"text\" name=\"Name\" \/><\/span><br \/>\n<span class=\"wpcf7-form-control-wrap\" data-name=\"Comapany\"><input size=\"40\" maxlength=\"400\" class=\"wpcf7-form-control wpcf7-text\" aria-invalid=\"false\" placeholder=\"Twoja firma\" value=\"\" type=\"text\" name=\"Comapany\" \/><\/span><br \/>\n<span class=\"wpcf7-form-control-wrap\" data-name=\"Email\"><input size=\"40\" maxlength=\"400\" class=\"wpcf7-form-control wpcf7-email wpcf7-validates-as-required wpcf7-text wpcf7-validates-as-email\" aria-required=\"true\" aria-invalid=\"false\" placeholder=\"Tw\u00f3j adres e-mail*\" value=\"\" type=\"email\" name=\"Email\" \/><\/span><br \/>\n<span class=\"wpcf7-form-control-wrap\" data-name=\"Message\"><textarea cols=\"40\" rows=\"10\" maxlength=\"2000\" class=\"wpcf7-form-control wpcf7-textarea\" aria-invalid=\"false\" placeholder=\"Wiadomo\u015b\u0107\" name=\"Message\"><\/textarea><\/span>\n<\/p>\n<p><input class=\"wpcf7-form-control wpcf7-submit has-spinner\" type=\"submit\" value=\"Prze\u015blij\" \/>\n<\/p><div class=\"wpcf7-response-output\" aria-hidden=\"true\"><\/div>\n<input type=\"hidden\" name=\"trp-form-language\" value=\"pl\"\/><\/form>\n<\/div>\n\n\n\n\t\t<\/div>\n\t\t\t\t\t<\/div>\n\n\t\n\n<\/div>\n\n\t\t<\/div>\n\t\t\t\t\t<\/div>\n\n\t\n\n<\/div>\n\n\t\t<\/div>\n\n\t\t\n<style>\n#section_36857127 {\n  padding-top: 30px;\n  padding-bottom: 30px;\n  background-color: rgb(232, 234, 241);\n}\n<\/style>\n\t<\/section>","protected":false},"excerpt":{"rendered":"","protected":false},"author":1,"featured_media":0,"parent":0,"menu_order":0,"comment_status":"closed","ping_status":"closed","template":"page-blank.php","meta":{"footnotes":""},"class_list":["post-66","page","type-page","status-publish","hentry"],"_links":{"self":[{"href":"https:\/\/www.impacttesting.net\/pl\/wp-json\/wp\/v2\/pages\/66","targetHints":{"allow":["GET"]}}],"collection":[{"href":"https:\/\/www.impacttesting.net\/pl\/wp-json\/wp\/v2\/pages"}],"about":[{"href":"https:\/\/www.impacttesting.net\/pl\/wp-json\/wp\/v2\/types\/page"}],"author":[{"embeddable":true,"href":"https:\/\/www.impacttesting.net\/pl\/wp-json\/wp\/v2\/users\/1"}],"replies":[{"embeddable":true,"href":"https:\/\/www.impacttesting.net\/pl\/wp-json\/wp\/v2\/comments?post=66"}],"version-history":[{"count":1,"href":"https:\/\/www.impacttesting.net\/pl\/wp-json\/wp\/v2\/pages\/66\/revisions"}],"predecessor-version":[{"id":73,"href":"https:\/\/www.impacttesting.net\/pl\/wp-json\/wp\/v2\/pages\/66\/revisions\/73"}],"wp:attachment":[{"href":"https:\/\/www.impacttesting.net\/pl\/wp-json\/wp\/v2\/media?parent=66"}],"curies":[{"name":"wp","href":"https:\/\/api.w.org\/{rel}","templated":true}]}}