{"id":59,"date":"2025-12-24T05:33:37","date_gmt":"2025-12-24T05:33:37","guid":{"rendered":"https:\/\/www.impacttesting.net\/?page_id=59"},"modified":"2025-12-24T06:11:16","modified_gmt":"2025-12-24T06:11:16","slug":"astm-d3420","status":"publish","type":"page","link":"https:\/\/www.impacttesting.net\/pl\/astm-d3420\/","title":{"rendered":"ASTM D3420"},"content":{"rendered":"<section class=\"section\" id=\"section_1709242835\">\n\t\t<div class=\"bg section-bg fill bg-fill  bg-loaded\" >\n\n\t\t\t\n\t\t\t\n\t\t\t\n\n\t\t<\/div>\n\n\t\t\n\n\t\t<div class=\"section-content relative\">\n\t\t\t\n\n<div class=\"row\"  id=\"row-2011273382\">\n\n\n\t<div id=\"col-1016358994\" class=\"col small-12 large-12\"  >\n\t\t\t\t<div class=\"col-inner\" style=\"background-color:rgb(92, 171, 188);\" >\n\t\t\t\n\t\t\t\n\n<div class=\"row\"  id=\"row-1092160779\">\n\n\n\t<div id=\"col-1045765667\" class=\"col small-12 large-12\"  >\n\t\t\t\t<div class=\"col-inner\"  >\n\t\t\t\n\t\t\t\n\n\t<div id=\"text-491650160\" class=\"text\">\n\t\t\n\n<h1>ASTM D1709<\/h1>\n\t\t\n<style>\n#text-491650160 {\n  font-size: 1.5rem;\n  text-align: center;\n}\n<\/style>\n\t<\/div>\n\t\n\t<div id=\"text-976173802\" class=\"text\">\n\t\t\n\n<h2>Odporno\u015b\u0107 folii z tworzywa sztucznego na uderzenia wahad\u0142em<\/h2>\n\t\t\n<style>\n#text-976173802 {\n  text-align: center;\n}\n<\/style>\n\t<\/div>\n\t\n\n\t\t<\/div>\n\t\t\t\t\n<style>\n#col-1045765667 > .col-inner {\n  padding: 50px 10px 10px 10px;\n}\n<\/style>\n\t<\/div>\n\n\t\n\n<\/div>\n<div class=\"row align-middle align-center\"  id=\"row-35112526\">\n\n\n\t<div id=\"col-760316392\" class=\"col medium-11 small-12 large-11\"  >\n\t\t\t\t<div class=\"col-inner\"  >\n\t\t\t\n\t\t\t\n\n<div class=\"row align-middle align-center\"  id=\"row-1072803048\">\n\n\n\t<div id=\"col-1770468518\" class=\"col medium-7 small-12 large-7\"  >\n\t\t\t\t<div class=\"col-inner\"  >\n\t\t\t\n\t\t\t\n\n<div class=\"row\"  id=\"row-1563165396\">\n\n\n\t<div id=\"col-18428411\" class=\"col small-12 large-12\"  >\n\t\t\t\t<div class=\"col-inner text-center\"  >\n\t\t\t\n\t\t\t\n\n\t<div id=\"text-2237708897\" class=\"text\">\n\t\t\n\n<p>Odporno\u015b\u0107 na uderzenia odgrywa istotn\u0105 rol\u0119 w ocenie trwa\u0142o\u015bci i wydajno\u015bci materia\u0142u pod wp\u0142ywem nag\u0142ych napr\u0119\u017ce\u0144. <a href=\"https:\/\/www.impacttesting.net\/pl\/astm-d3420\/\"><strong>ASTM D3420<\/strong><\/a>standardowa metoda testowa dla <strong>Odporno\u015b\u0107 folii z tworzywa sztucznego na uderzenia wahad\u0142em<\/strong>zapewnia niezb\u0119dny punkt odniesienia do okre\u015blania wytrzyma\u0142o\u015bci folii z tworzyw sztucznych. Metoda ta jest szczeg\u00f3lnie cenna dla in\u017cynier\u00f3w opakowa\u0144, naukowc\u00f3w zajmuj\u0105cych si\u0119 materia\u0142ami i specjalist\u00f3w ds. kontroli jako\u015bci, kt\u00f3rzy chc\u0105 zapewni\u0107, \u017ce folie spe\u0142niaj\u0105 wymagania dotycz\u0105ce wydajno\u015bci specyficzne dla danego zastosowania.<\/p>\n\t\t\n<style>\n#text-2237708897 {\n  color: rgb(0, 0, 0);\n}\n#text-2237708897 > * {\n  color: rgb(0, 0, 0);\n}\n<\/style>\n\t<\/div>\n\t\n\n\t\t<\/div>\n\t\t\t\t\t<\/div>\n\n\t\n\n\t<div id=\"col-1042333646\" class=\"col small-12 large-12\"  >\n\t\t\t\t<div class=\"col-inner text-center\"  >\n\t\t\t\n\t\t\t\n\n<a href=\"https:\/\/www.impacttesting.net\/pl\/contact-us\/\" class=\"button primary is-outline\"  style=\"border-radius:99px;\">\n    <span>Kontakt<\/span>\n  <i class=\"icon-chat\" aria-hidden=\"true\" ><\/i><\/a>\n\n\n\n\t\t<\/div>\n\t\t\t\t\t<\/div>\n\n\t\n\n<\/div>\n\n\t\t<\/div>\n\t\t\t\t\t<\/div>\n\n\t\n\n\t<div id=\"col-1091381060\" class=\"col medium-5 small-12 large-5\"  >\n\t\t\t\t<div class=\"col-inner\"  >\n\t\t\t\n\t\t\t\n\n<div class=\"row\"  id=\"row-1946895307\">\n\n\n\t<div id=\"col-535736870\" class=\"col small-12 large-12\"  >\n\t\t\t\t<div class=\"col-inner\"  >\n\t\t\t\n\t\t\t\n\n\t<div class=\"img has-hover x md-x lg-x y md-y lg-y\" id=\"image_862088075\">\n\t\t<a class=\"\" href=\"https:\/\/www.impacttesting.net\/pl\/falling-dart-impact-tester\/\" >\t\t\t\t\t\t<div class=\"img-inner dark\" >\n\t\t\t<img decoding=\"async\" width=\"600\" height=\"440\" src=\"https:\/\/www.impacttesting.net\/wp-content\/uploads\/2025\/12\/ASTM-D3420-Pendulum-Impact-Resistance-of-Plastic-Film.webp\" class=\"attachment-large size-large\" alt=\"ASTM D3420 Odporno\u015b\u0107 folii z tworzywa sztucznego na uderzenia wahad\u0142em\" srcset=\"https:\/\/www.impacttesting.net\/wp-content\/uploads\/2025\/12\/ASTM-D3420-Pendulum-Impact-Resistance-of-Plastic-Film.webp 600w, https:\/\/www.impacttesting.net\/wp-content\/uploads\/2025\/12\/ASTM-D3420-Pendulum-Impact-Resistance-of-Plastic-Film-545x400.webp 545w\" sizes=\"(max-width: 600px) 100vw, 600px\" \/>\t\t\t\t\t\t\n\t\t\t\t\t<\/div>\n\t\t\t\t\t\t<\/a>\t\t\n<style>\n#image_862088075 {\n  width: 100%;\n}\n<\/style>\n\t<\/div>\n\t\n\n\n\t\t<\/div>\n\t\t\t\t\t<\/div>\n\n\t\n\n<\/div>\n\n\t\t<\/div>\n\t\t\t\t\t<\/div>\n\n\t\n\n<\/div>\n\n\t\t<\/div>\n\t\t\t\t\t<\/div>\n\n\t\n\n<\/div>\n\n\t\t<\/div>\n\t\t\t\t\t<\/div>\n\n\t\n\n\n<style>\n#row-2011273382 > .col > .col-inner {\n  border-radius: 25px;\n}\n<\/style>\n<\/div>\n\n\t\t<\/div>\n\n\t\t\n<style>\n#section_1709242835 {\n  padding-top: 30px;\n  padding-bottom: 30px;\n}\n<\/style>\n\t<\/section>\n\t\n\t<section class=\"section\" id=\"section_2073330689\">\n\t\t<div class=\"bg section-bg fill bg-fill  bg-loaded\" >\n\n\t\t\t\n\t\t\t\n\t\t\t\n\n\t\t<\/div>\n\n\t\t\n\n\t\t<div class=\"section-content relative\">\n\t\t\t\n\n<div class=\"row\"  id=\"row-1028947628\">\n\n\n\t<div id=\"col-619792445\" class=\"col small-12 large-12\"  >\n\t\t\t\t<div class=\"col-inner\"  >\n\t\t\t\n\t\t\t\n\n<div class=\"row\"  id=\"row-1077858171\">\n\n\n\t<div id=\"col-2024605174\" class=\"col small-12 large-12\"  >\n\t\t\t\t<div class=\"col-inner\"  >\n\t\t\t\n\t\t\t\n\n\t<div id=\"text-485313304\" class=\"text\">\n\t\t\n\n<h2>ASTM D3420 i jego znaczenie<\/h2>\n\t\t\n<style>\n#text-485313304 {\n  font-size: 1.3rem;\n  text-align: center;\n}\n<\/style>\n\t<\/div>\n\t\n\n\t\t<\/div>\n\t\t\t\t\t<\/div>\n\n\t\n\n\t<div id=\"col-831730888\" class=\"col small-12 large-12\"  >\n\t\t\t\t<div class=\"col-inner\"  >\n\t\t\t\n\t\t\t\n\n<p>Norma ASTM D3420 definiuje metod\u0119 pomiaru energii wymaganej do przebicia pr\u00f3bki folii z tworzywa sztucznego za pomoc\u0105 urz\u0105dzenia wahad\u0142owego. Energia kinetyczna wahad\u0142a na\u015bladuje rzeczywiste si\u0142y, z jakimi mo\u017ce spotka\u0107 si\u0119 folia, na przyk\u0142ad podczas pakowania, wysy\u0142ki lub przenoszenia. Wynik odzwierciedla dynamiczne zachowanie folii przy rozci\u0105ganiu, zapewniaj\u0105c bardziej realistyczn\u0105 ocen\u0119 ni\u017c statyczne testy rozci\u0105gania.<\/p>\n\n\t\t<\/div>\n\t\t\t\t\t<\/div>\n\n\t\n\n\t<div id=\"col-1683869780\" class=\"col small-12 large-12\"  >\n\t\t\t\t<div class=\"col-inner\"  >\n\t\t\t\n\t\t\t\n\n\t<div id=\"text-921509032\" class=\"text\">\n\t\t\n\n<h3>ASTM D3420 - Normy ASTM dotycz\u0105ce bada\u0144 udarno\u015bci tworzyw sztucznych<\/h3>\n\t\t\n<style>\n#text-921509032 {\n  text-align: center;\n}\n<\/style>\n\t<\/div>\n\t\n\n\t\t<\/div>\n\t\t\t\t\t<\/div>\n\n\t\n\n\t<div id=\"col-1192269802\" class=\"col small-12 large-12\"  >\n\t\t\t\t<div class=\"col-inner\"  >\n\t\t\t\n\t\t\t\n\n<p>Norma ASTM D3420 koncentruje si\u0119 w szczeg\u00f3lno\u015bci na <strong>Odporno\u015b\u0107 na uderzenia wahad\u0142owe<\/strong>co czyni go jednym z najbardziej istotnych <strong>Normy ASTM dotycz\u0105ce bada\u0144 udarno\u015bci tworzyw sztucznych<\/strong>. Podczas gdy inne metody, takie jak ASTM D1709 lub D4272 badaj\u0105 podobne w\u0142a\u015bciwo\u015bci, D3420 jest szczeg\u00f3lnie korzystna, poniewa\u017c:<\/p>\n<ul>\n<li>Umo\u017cliwia dynamiczne testowanie przy wy\u017cszych pr\u0119dko\u015bciach odkszta\u0142cenia.<\/li>\n<li>Oferuje dwie procedury testowe (Procedura A i Procedura B) z r\u00f3\u017cnymi rozmiarami pr\u00f3bek i sond.<\/li>\n<li>Daje wyniki oparte na energii, zapewniaj\u0105c wgl\u0105d zar\u00f3wno w inicjacj\u0119, jak i propagacj\u0119 awarii.<\/li>\n<\/ul>\n<p>Standard ten jest szeroko stosowany w ocenie film\u00f3w wykonanych z <strong>polietylen, polipropylen, PET<\/strong>i inne popularne materia\u0142y opakowaniowe.<\/p>\n\n\t\t<\/div>\n\t\t\t\t\t<\/div>\n\n\t\n\n<\/div>\n\n\t\t<\/div>\n\t\t\t\t\t<\/div>\n\n\t\n\n<\/div>\n<div class=\"row\"  id=\"row-301247477\">\n\n\n\t<div id=\"col-423736462\" class=\"col small-12 large-12\"  >\n\t\t\t\t<div class=\"col-inner\"  >\n\t\t\t\n\t\t\t\n\n<div class=\"row\"  id=\"row-1337525140\">\n\n\n\t<div id=\"col-1788291001\" class=\"col small-12 large-12\"  >\n\t\t\t\t<div class=\"col-inner\"  >\n\t\t\t\n\t\t\t\n\n\t<div id=\"text-2388287398\" class=\"text\">\n\t\t\n\n<h2>Powi\u0105zany wahad\u0142owy tester udarno\u015bci<\/h2>\n\t\t\n<style>\n#text-2388287398 {\n  font-size: 1.3rem;\n  text-align: center;\n}\n<\/style>\n\t<\/div>\n\t\n\n\t\t<\/div>\n\t\t\t\t\t<\/div>\n\n\t\n\n<\/div>\n<div class=\"row\"  id=\"row-1526687019\">\n\n\n\t<div id=\"col-447864369\" class=\"col medium-6 small-12 large-6\"  >\n\t\t\t\t<div class=\"col-inner\"  >\n\t\t\t\n\t\t\t\n\n<h3>Aparatura testowa i konfiguracja<\/h3>\n<p>Do przeprowadzenia test\u00f3w ASTM D3420 potrzebny jest skalibrowany wahad\u0142owy tester udarno\u015bci. Urz\u0105dzenie <a href=\"https:\/\/www.impacttesting.net\/pl\/pendulum-impact-tester\/\"><strong>PIT-01 Wahad\u0142owy tester udarno\u015bci<\/strong><\/a> z <strong>Cell Instruments<\/strong> to doskona\u0142e rozwi\u0105zanie, kt\u00f3re jest w pe\u0142ni zgodne z wymaganiami ASTM D3420 i oferuje:<\/p>\n<ul>\n<li>Precyzyjny pomiar energii (od 0,5 J do 5,0 J)<\/li>\n<li>Opcjonalne wzorce masy dla elastycznych zakres\u00f3w testowych<\/li>\n<li>Cyfrowy odczyt u\u0142atwiaj\u0105cy przechwytywanie danych<\/li>\n<li>Dwie wymienne g\u0142owice udarowe do procedury A (otw\u00f3r 60 mm) i procedury B (otw\u00f3r 89 mm)<\/li>\n<\/ul>\n<p>Tester powinien by\u0107 zamontowany na r\u00f3wnej powierzchni z odpowiednim zakotwiczeniem dla test\u00f3w o wy\u017cszej energii.<\/p>\n\n\t\t<\/div>\n\t\t\t\t\t<\/div>\n\n\t\n\n\t<div id=\"col-287746370\" class=\"col medium-6 small-12 large-6\"  >\n\t\t\t\t<div class=\"col-inner\"  >\n\t\t\t\n\t\t\t\n\n<h3>Przygotowanie i kondycjonowanie pr\u00f3bek<\/h3>\n<p>Prawid\u0142owe przygotowanie pr\u00f3bki zapewnia dok\u0142adne i powtarzalne wyniki. Wykonaj nast\u0119puj\u0105ce kroki:<\/p>\n<ul>\n<li><strong>Typ pr\u00f3bki<\/strong>: U\u017cyj okr\u0105g\u0142ych lub kwadratowych pr\u00f3bek folii o \u015brednicy 100 mm lub 100\u00d7100 mm.<\/li>\n<li><strong>Grubo\u015b\u0107<\/strong>: Zmierzy\u0107 z dok\u0142adno\u015bci\u0105 do 0,00125 mm za pomoc\u0105 mikrometru.<\/li>\n<li><strong>Kondycjonowanie<\/strong>: Przygotowanie pr\u00f3bek w temperaturze 23 \u00b1 2\u00b0C i wilgotno\u015bci wzgl\u0119dnej 50 \u00b1 10% (zgodnie z ASTM D618) przez co najmniej 40 godzin.<\/li>\n<\/ul>\n<p>Upewni\u0107 si\u0119, \u017ce pr\u00f3bki s\u0105 <strong>wolne od fa\u0142d, wad lub nier\u00f3wnej grubo\u015bci<\/strong>co mo\u017ce wypaczy\u0107 wyniki.<\/p>\n\n\t\t<\/div>\n\t\t\t\t\t<\/div>\n\n\t\n\n<\/div>\n\n\t\t<\/div>\n\t\t\t\t\t<\/div>\n\n\t\n\n<\/div>\n<div class=\"row\"  id=\"row-419178250\">\n\n\n\t<div id=\"col-507785300\" class=\"col small-12 large-12\"  >\n\t\t\t\t<div class=\"col-inner\"  >\n\t\t\t\n\t\t\t\n\n<div class=\"row\"  id=\"row-799516423\">\n\n\n\t<div id=\"col-115221299\" class=\"col small-12 large-12\"  >\n\t\t\t\t<div class=\"col-inner\"  >\n\t\t\t\n\t\t\t\n\n<div class=\"row\"  id=\"row-1019830112\">\n\n\n\t<div id=\"col-1900256222\" class=\"col small-12 large-12\"  >\n\t\t\t\t<div class=\"col-inner\"  >\n\t\t\t\n\t\t\t\n\n\t<div id=\"text-2613025150\" class=\"text\">\n\t\t\n\n<h2>Przegl\u0105d procedury testowania uderze\u0144 wahad\u0142em<\/h2>\n\t\t\n<style>\n#text-2613025150 {\n  font-size: 1.3rem;\n  text-align: center;\n}\n<\/style>\n\t<\/div>\n\t\n\n\t\t<\/div>\n\t\t\t\t\t<\/div>\n\n\t\n\n<\/div>\n<div class=\"row align-bottom align-center\"  id=\"row-2071595369\">\n\n\n\t<div id=\"col-2134075501\" class=\"col medium-7 small-12 large-7\"  >\n\t\t\t\t<div class=\"col-inner\"  >\n\t\t\t\n\t\t\t\n\n<ol>\n<li><strong>Zacisn\u0105\u0107 pr\u00f3bk\u0119<\/strong> pomi\u0119dzy dwoma okr\u0105g\u0142ymi p\u0142ytami.<\/li>\n<li><strong>Podnie\u015b i zatrza\u015bnij wahad\u0142o<\/strong> do pozycji pocz\u0105tkowej.<\/li>\n<li><strong>Zerowanie odczytu<\/strong> i sprawdzi\u0107 prawid\u0142owe ustawienie.<\/li>\n<li><strong>Zwolnij wahad\u0142o<\/strong> aby uderzy\u0107 w \u015brodek pr\u00f3bki.<\/li>\n<li><strong>Odczyt warto\u015bci energii<\/strong> za pomoc\u0105 pokr\u0119t\u0142a cyfrowego lub analogowego.<\/li>\n<\/ol>\n<p>Powt\u00f3rz ten test na co najmniej pi\u0119ciu pr\u00f3bkach, aby uzyska\u0107 \u015bredni\u0105 warto\u015b\u0107 do raportowania.<\/p>\n<p>Uwaga: Je\u015bli wahad\u0142o nie przebije folii, nale\u017cy zwi\u0119kszy\u0107 energi\u0119 uderzenia poprzez dodanie dodatkowych obci\u0105\u017cnik\u00f3w lub u\u017cycie cie\u0144szej pr\u00f3bki.<\/p>\n\n\t\t<\/div>\n\t\t\t\t\t<\/div>\n\n\t\n\n\t<div id=\"col-631428989\" class=\"col medium-5 small-12 large-5\"  >\n\t\t\t\t<div class=\"col-inner\"  >\n\t\t\t\n\t\t\t\n\n<div class=\"video video-fit mb\" style=\"padding-top:56.25%;\"><iframe title=\"Wahad\u0142owy tester udarno\u015bci ASTM D3420 do folii z tworzyw sztucznych Tester udarno\u015bci arkuszy\" width=\"1020\" height=\"574\" src=\"https:\/\/www.youtube.com\/embed\/vEx4esxMESw?feature=oembed\" frameborder=\"0\" allow=\"accelerometer; autoplay; clipboard-write; encrypted-media; gyroscope; picture-in-picture; web-share\" referrerpolicy=\"strict-origin-when-cross-origin\" allowfullscreen><\/iframe><\/div>\n\n\n\t\t<\/div>\n\t\t\t\t\t<\/div>\n\n\t\n\n<\/div>\n\n\t\t<\/div>\n\t\t\t\t\t<\/div>\n\n\t\n\n<\/div>\n\n\t\t<\/div>\n\t\t\t\t\t<\/div>\n\n\t\n\n<\/div>\n<div class=\"row\"  id=\"row-882317397\">\n\n\n\t<div id=\"col-737085238\" class=\"col small-12 large-12\"  >\n\t\t\t\t<div class=\"col-inner\"  >\n\t\t\t\n\t\t\t\n\n<div class=\"row\"  id=\"row-794605335\">\n\n\n\t<div id=\"col-732133706\" class=\"col small-12 large-12\"  >\n\t\t\t\t<div class=\"col-inner\"  >\n\t\t\t\n\t\t\t\n\n<div class=\"row\"  id=\"row-641241572\">\n\n\n\t<div id=\"col-427058478\" class=\"col small-12 large-12\"  >\n\t\t\t\t<div class=\"col-inner\"  >\n\t\t\t\n\t\t\t\n\n\t<div id=\"text-1265165187\" class=\"text\">\n\t\t\n\n<h2>Interpretacja danych i analiza wynik\u00f3w<\/h2>\n\t\t\n<style>\n#text-1265165187 {\n  font-size: 1.3rem;\n  text-align: center;\n}\n<\/style>\n\t<\/div>\n\t\n\n\t\t<\/div>\n\t\t\t\t\t<\/div>\n\n\t\n\n<\/div>\n<div class=\"row align-middle align-center\"  id=\"row-1726118170\">\n\n\n\t<div id=\"col-834298305\" class=\"col medium-5 small-12 large-5\"  >\n\t\t\t\t<div class=\"col-inner\"  >\n\t\t\t\n\t\t\t\n\n<ol>\n<li>Ko\u0144cowy wynik przedstawia energi\u0119 (w d\u017culach) wymagan\u0105 do przebicia folii. Jest to bezpo\u015brednia miara odporno\u015bci materia\u0142u na uderzenia. Wy\u017csze warto\u015bci oznaczaj\u0105 twardsze folie.<\/li>\n<li>Podczas por\u00f3wnywania materia\u0142\u00f3w lub partii kluczowe jest zapewnienie sta\u0142ej grubo\u015bci, warunk\u00f3w \u015brodowiskowych i ustawie\u0144 zacisk\u00f3w w celu wyeliminowania zmienno\u015bci.<\/li>\n<\/ol>\n\n\t\t<\/div>\n\t\t\t\t\t<\/div>\n\n\t\n\n\t<div id=\"col-672535253\" class=\"col medium-5 small-12 large-5\"  >\n\t\t\t\t<div class=\"col-inner\"  >\n\t\t\t\n\t\t\t\n\n\t<div class=\"img has-hover x md-x lg-x y md-y lg-y\" id=\"image_292343545\">\n\t\t\t\t\t\t\t\t<div class=\"img-inner dark\" >\n\t\t\t<img decoding=\"async\" width=\"600\" height=\"440\" src=\"https:\/\/www.impacttesting.net\/wp-content\/uploads\/2025\/12\/ASTM-D3420-Pendulum-Impact-Resistance-of-Plastic-Film.webp\" class=\"attachment-large size-large\" alt=\"ASTM D3420 Odporno\u015b\u0107 folii z tworzywa sztucznego na uderzenia wahad\u0142em\" srcset=\"https:\/\/www.impacttesting.net\/wp-content\/uploads\/2025\/12\/ASTM-D3420-Pendulum-Impact-Resistance-of-Plastic-Film.webp 600w, https:\/\/www.impacttesting.net\/wp-content\/uploads\/2025\/12\/ASTM-D3420-Pendulum-Impact-Resistance-of-Plastic-Film-545x400.webp 545w\" sizes=\"(max-width: 600px) 100vw, 600px\" \/>\t\t\t\t\t\t\n\t\t\t\t\t<\/div>\n\t\t\t\t\t\t\t\t\n<style>\n#image_292343545 {\n  width: 100%;\n}\n<\/style>\n\t<\/div>\n\t\n\n\n\t\t<\/div>\n\t\t\t\t\t<\/div>\n\n\t\n\n<\/div>\n\n\t\t<\/div>\n\t\t\t\t\t<\/div>\n\n\t\n\n<\/div>\n\n\t\t<\/div>\n\t\t\t\t\t<\/div>\n\n\t\n\n<\/div>\n\n\t\t<\/div>\n\n\t\t\n<style>\n#section_2073330689 {\n  padding-top: 30px;\n  padding-bottom: 30px;\n}\n<\/style>\n\t<\/section>\n\t\n\t<section class=\"section\" id=\"section_2098050614\">\n\t\t<div class=\"bg section-bg fill bg-fill  bg-loaded\" >\n\n\t\t\t\n\t\t\t\n\t\t\t\n\n\t\t<\/div>\n\n\t\t\n\n\t\t<div class=\"section-content relative\">\n\t\t\t\n\n<div class=\"row\"  id=\"row-1779085860\">\n\n\n\t<div id=\"col-621034869\" class=\"col small-12 large-12\"  >\n\t\t\t\t<div class=\"col-inner\"  >\n\t\t\t\n\t\t\t\n\n<div class=\"row align-center\"  id=\"row-93186203\">\n\n\n\t<div id=\"col-1249503864\" class=\"col small-12 large-12\"  >\n\t\t\t\t<div class=\"col-inner\"  >\n\t\t\t\n\t\t\t\n\n\t<div id=\"text-815503425\" class=\"text\">\n\t\t\n\n<h2>Dlaczego warto wybra\u0107 Impacttesting.net?<br \/>PIT-01 Wahad\u0142owy tester udarno\u015bci<\/h2>\n\t\t\n<style>\n#text-815503425 {\n  font-size: 1.4rem;\n  text-align: center;\n}\n<\/style>\n\t<\/div>\n\t\n\n\t\t<\/div>\n\t\t\t\t\t<\/div>\n\n\t\n\n\t<div id=\"col-692741594\" class=\"col small-12 large-12\"  >\n\t\t\t\t<div class=\"col-inner\"  >\n\t\t\t\n\t\t\t\n\n<p>The <a href=\"https:\/\/www.impacttesting.net\/pl\/pendulum-impact-tester\/\"><strong>PIT-01 Wahad\u0142owy tester udarno\u015bci<\/strong><\/a> Impacttesting.net to zaawansowana technologia i przyjazny dla u\u017cytkownika interfejs, kt\u00f3re sprawiaj\u0105, \u017ce jest to idealne rozwi\u0105zanie:<\/p>\n\n\t\t<\/div>\n\t\t\t\t\t<\/div>\n\n\t\n\n\t<div id=\"col-1017000833\" class=\"col medium-7 small-12 large-7\"  >\n\t\t\t\t<div class=\"col-inner text-center\"  >\n\t\t\t\n\t\t\t\n\n\t<div id=\"text-3930679030\" class=\"text\">\n\t\t\n\n<p>Kontrola jako\u015bci folii opakowaniowej<br \/>Laboratoryjne badania i rozw\u00f3j<br \/>Zgodno\u015b\u0107 z <a href=\"https:\/\/www.impacttesting.net\/pl\/astm-d3420\/\"><strong>ASTM D3420<\/strong><\/a> i powi\u0105zane standardy<\/p>\n\t\t\n<style>\n#text-3930679030 {\n  font-size: 1.1rem;\n  line-height: 1.3;\n}\n<\/style>\n\t<\/div>\n\t\n\t<div id=\"text-3757000595\" class=\"text\">\n\t\t\n\n<p>Przyjmuj\u0105c PIT-01, u\u017cytkownicy zyskuj\u0105 zaufanie do <strong>dok\u0142adno\u015b\u0107, powtarzalno\u015b\u0107 i wydajno\u015b\u0107<\/strong> ich proces\u00f3w testowania wp\u0142ywu.<\/p>\n\t\t\n<style>\n#text-3757000595 {\n  font-size: 1.1rem;\n}\n<\/style>\n\t<\/div>\n\t\n<a href=\"https:\/\/www.impacttesting.net\/pl\/contact-us\/\" class=\"button primary is-outline\"  style=\"border-radius:99px;\">\n    <span>Kontakt<\/span>\n  <i class=\"icon-chat\" aria-hidden=\"true\" ><\/i><\/a>\n\n\n\n\t\t<\/div>\n\t\t\t\t\t<\/div>\n\n\t\n\n\t<div id=\"col-1503944601\" class=\"col medium-4 small-12 large-4\"  >\n\t\t\t\t<div class=\"col-inner text-center\"  >\n\t\t\t\n\t\t\t\n\n\n<div class=\"wpcf7 no-js\" id=\"wpcf7-f10-o1\" lang=\"en-US\" dir=\"ltr\" data-wpcf7-id=\"10\">\n<div class=\"screen-reader-response\"><p role=\"status\" aria-live=\"polite\" aria-atomic=\"true\"><\/p> <ul><\/ul><\/div>\n<form action=\"\/pl\/wp-json\/wp\/v2\/pages\/59#wpcf7-f10-o1\" method=\"post\" class=\"wpcf7-form init\" aria-label=\"Contact form\" novalidate=\"novalidate\" data-status=\"init\" data-trp-original-action=\"\/pl\/wp-json\/wp\/v2\/pages\/59#wpcf7-f10-o1\">\n<fieldset class=\"hidden-fields-container\"><input type=\"hidden\" name=\"_wpcf7\" value=\"10\" \/><input type=\"hidden\" name=\"_wpcf7_version\" value=\"6.1.4\" \/><input type=\"hidden\" name=\"_wpcf7_locale\" value=\"en_US\" \/><input type=\"hidden\" name=\"_wpcf7_unit_tag\" value=\"wpcf7-f10-o1\" \/><input type=\"hidden\" name=\"_wpcf7_container_post\" value=\"0\" \/><input type=\"hidden\" name=\"_wpcf7_posted_data_hash\" value=\"\" \/><input type=\"hidden\" name=\"_wpcf7_recaptcha_response\" value=\"\" \/>\n<\/fieldset>\n<p><span class=\"wpcf7-form-control-wrap\" data-name=\"Name\"><input size=\"40\" maxlength=\"400\" class=\"wpcf7-form-control wpcf7-text\" aria-invalid=\"false\" placeholder=\"Imi\u0119 i nazwisko\" value=\"\" type=\"text\" name=\"Name\" \/><\/span><br \/>\n<span class=\"wpcf7-form-control-wrap\" data-name=\"Comapany\"><input size=\"40\" maxlength=\"400\" class=\"wpcf7-form-control wpcf7-text\" aria-invalid=\"false\" placeholder=\"Twoja firma\" value=\"\" type=\"text\" name=\"Comapany\" \/><\/span><br \/>\n<span class=\"wpcf7-form-control-wrap\" data-name=\"Email\"><input size=\"40\" maxlength=\"400\" class=\"wpcf7-form-control wpcf7-email wpcf7-validates-as-required wpcf7-text wpcf7-validates-as-email\" aria-required=\"true\" aria-invalid=\"false\" placeholder=\"Tw\u00f3j adres e-mail*\" value=\"\" type=\"email\" name=\"Email\" \/><\/span><br \/>\n<span class=\"wpcf7-form-control-wrap\" data-name=\"Message\"><textarea cols=\"40\" rows=\"10\" maxlength=\"2000\" class=\"wpcf7-form-control wpcf7-textarea\" aria-invalid=\"false\" placeholder=\"Wiadomo\u015b\u0107\" name=\"Message\"><\/textarea><\/span>\n<\/p>\n<p><input class=\"wpcf7-form-control wpcf7-submit has-spinner\" type=\"submit\" value=\"Prze\u015blij\" \/>\n<\/p><div class=\"wpcf7-response-output\" aria-hidden=\"true\"><\/div>\n<input type=\"hidden\" name=\"trp-form-language\" value=\"pl\"\/><\/form>\n<\/div>\n\n\n\n\t\t<\/div>\n\t\t\t\t\t<\/div>\n\n\t\n\n<\/div>\n\n\t\t<\/div>\n\t\t\t\t\t<\/div>\n\n\t\n\n<\/div>\n\n\t\t<\/div>\n\n\t\t\n<style>\n#section_2098050614 {\n  padding-top: 30px;\n  padding-bottom: 30px;\n  background-color: rgb(232, 234, 241);\n}\n<\/style>\n\t<\/section>","protected":false},"excerpt":{"rendered":"","protected":false},"author":1,"featured_media":0,"parent":0,"menu_order":0,"comment_status":"closed","ping_status":"closed","template":"page-blank.php","meta":{"footnotes":""},"class_list":["post-59","page","type-page","status-publish","hentry"],"_links":{"self":[{"href":"https:\/\/www.impacttesting.net\/pl\/wp-json\/wp\/v2\/pages\/59","targetHints":{"allow":["GET"]}}],"collection":[{"href":"https:\/\/www.impacttesting.net\/pl\/wp-json\/wp\/v2\/pages"}],"about":[{"href":"https:\/\/www.impacttesting.net\/pl\/wp-json\/wp\/v2\/types\/page"}],"author":[{"embeddable":true,"href":"https:\/\/www.impacttesting.net\/pl\/wp-json\/wp\/v2\/users\/1"}],"replies":[{"embeddable":true,"href":"https:\/\/www.impacttesting.net\/pl\/wp-json\/wp\/v2\/comments?post=59"}],"version-history":[{"count":5,"href":"https:\/\/www.impacttesting.net\/pl\/wp-json\/wp\/v2\/pages\/59\/revisions"}],"predecessor-version":[{"id":75,"href":"https:\/\/www.impacttesting.net\/pl\/wp-json\/wp\/v2\/pages\/59\/revisions\/75"}],"wp:attachment":[{"href":"https:\/\/www.impacttesting.net\/pl\/wp-json\/wp\/v2\/media?parent=59"}],"curies":[{"name":"wp","href":"https:\/\/api.w.org\/{rel}","templated":true}]}}