{"id":48,"date":"2025-12-24T03:25:25","date_gmt":"2025-12-24T03:25:25","guid":{"rendered":"https:\/\/www.impacttesting.net\/?page_id=48"},"modified":"2025-12-24T05:48:32","modified_gmt":"2025-12-24T05:48:32","slug":"pendulum-impact-tester","status":"publish","type":"page","link":"https:\/\/www.impacttesting.net\/pl\/pendulum-impact-tester\/","title":{"rendered":"PIT-01 Wahad\u0142owy tester udarno\u015bci"},"content":{"rendered":"<section class=\"section\" id=\"section_2126470269\">\n\t\t<div class=\"bg section-bg fill bg-fill  bg-loaded\" >\n\n\t\t\t\n\t\t\t\n\t\t\t\n\n\t\t<\/div>\n\n\t\t\n\n\t\t<div class=\"section-content relative\">\n\t\t\t\n\n<div class=\"row\"  id=\"row-1997781391\">\n\n\n\t<div id=\"col-948751164\" class=\"col small-12 large-12\"  >\n\t\t\t\t<div class=\"col-inner\" style=\"background-color:rgb(92, 171, 188);\" >\n\t\t\t\n\t\t\t\n\n<div class=\"row\"  id=\"row-1971998709\">\n\n\n\t<div id=\"col-1058062877\" class=\"col small-12 large-12\"  >\n\t\t\t\t<div class=\"col-inner\"  >\n\t\t\t\n\t\t\t\n\n\t<div id=\"text-2677005352\" class=\"text\">\n\t\t\n\n<h1>PIT-01 Wahad\u0142owy tester udarno\u015bci<\/h1>\n\t\t\n<style>\n#text-2677005352 {\n  font-size: 1.5rem;\n  text-align: center;\n}\n<\/style>\n\t<\/div>\n\t\n\n\t\t<\/div>\n\t\t\t\t\n<style>\n#col-1058062877 > .col-inner {\n  padding: 50px 10px 10px 10px;\n}\n<\/style>\n\t<\/div>\n\n\t\n\n<\/div>\n<div class=\"row align-middle align-center\"  id=\"row-1908465071\">\n\n\n\t<div id=\"col-1162746427\" class=\"col medium-11 small-12 large-11\"  >\n\t\t\t\t<div class=\"col-inner\"  >\n\t\t\t\n\t\t\t\n\n<div class=\"row align-middle align-center\"  id=\"row-531020945\">\n\n\n\t<div id=\"col-761167160\" class=\"col medium-7 small-12 large-7\"  >\n\t\t\t\t<div class=\"col-inner\"  >\n\t\t\t\n\t\t\t\n\n<div class=\"row\"  id=\"row-454626236\">\n\n\n\t<div id=\"col-2048061784\" class=\"col small-12 large-12\"  >\n\t\t\t\t<div class=\"col-inner text-center\"  >\n\t\t\t\n\t\t\t\n\n\t<div id=\"text-1956740560\" class=\"text\">\n\t\t\n\n<p>The <strong>wahad\u0142owy tester udarno\u015bci<\/strong> mierzy odporno\u015b\u0107 materia\u0142u na nag\u0142e uderzenia, rejestruj\u0105c energi\u0119 wymagan\u0105 do spowodowania p\u0119kni\u0119cia lub penetracji. <a href=\"https:\/\/www.impacttesting.net\/pl\/astm-d3420\/\"><strong>ASTM D3420<\/strong><\/a> zapewnia znormalizowan\u0105 metod\u0119 oceny odporno\u015bci na uderzenia folii z tworzyw sztucznych, zapewniaj\u0105c sp\u00f3jn\u0105 kontrol\u0119 jako\u015bci i charakterystyk\u0119 materia\u0142u. Powszechnie testowane materia\u0142y obejmuj\u0105 <strong>folie z tworzyw sztucznych, laminaty, kompozyty, folie i papier stosowane w opakowaniach<\/strong>zastosowania motoryzacyjne i budowlane.<\/p>\n\t\t\n<style>\n#text-1956740560 {\n  color: rgb(0, 0, 0);\n}\n#text-1956740560 > * {\n  color: rgb(0, 0, 0);\n}\n<\/style>\n\t<\/div>\n\t\n\n\t\t<\/div>\n\t\t\t\t\t<\/div>\n\n\t\n\n\t<div id=\"col-787458940\" class=\"col small-12 large-12\"  >\n\t\t\t\t<div class=\"col-inner text-center\"  >\n\t\t\t\n\t\t\t\n\n<a href=\"https:\/\/www.impacttesting.net\/pl\/contact-us\/\" class=\"button primary is-outline\"  style=\"border-radius:99px;\">\n    <span>Kontakt<\/span>\n  <i class=\"icon-chat\" aria-hidden=\"true\" ><\/i><\/a>\n\n\n\n\t\t<\/div>\n\t\t\t\t\t<\/div>\n\n\t\n\n<\/div>\n\n\t\t<\/div>\n\t\t\t\t\t<\/div>\n\n\t\n\n\t<div id=\"col-1651081898\" class=\"col medium-4 small-12 large-4\"  >\n\t\t\t\t<div class=\"col-inner\"  >\n\t\t\t\n\t\t\t\n\n<div class=\"row\"  id=\"row-1357270465\">\n\n\n\t<div id=\"col-1471337456\" class=\"col small-12 large-12\"  >\n\t\t\t\t<div class=\"col-inner\"  >\n\t\t\t\n\t\t\t\n\n\t<div class=\"img has-hover x md-x lg-x y md-y lg-y\" id=\"image_1805488508\">\n\t\t\t\t\t\t\t\t<div class=\"img-inner dark\" >\n\t\t\t<img decoding=\"async\" width=\"728\" height=\"800\" src=\"https:\/\/www.impacttesting.net\/wp-content\/uploads\/2025\/12\/Pendulum-Impact-Tester-ASTM-D3420-amp-Spencer-Impact-Test-Impact-Testing-728x800.webp\" class=\"attachment-large size-large\" alt=\"Wahad\u0142owy test udarno\u015bci - ASTM D3420 i test udarno\u015bci Spencera - Testy udarno\u015bci\" srcset=\"https:\/\/www.impacttesting.net\/wp-content\/uploads\/2025\/12\/Pendulum-Impact-Tester-ASTM-D3420-amp-Spencer-Impact-Test-Impact-Testing-728x800.webp 728w, https:\/\/www.impacttesting.net\/wp-content\/uploads\/2025\/12\/Pendulum-Impact-Tester-ASTM-D3420-amp-Spencer-Impact-Test-Impact-Testing-364x400.webp 364w, https:\/\/www.impacttesting.net\/wp-content\/uploads\/2025\/12\/Pendulum-Impact-Tester-ASTM-D3420-amp-Spencer-Impact-Test-Impact-Testing-768x844.webp 768w, https:\/\/www.impacttesting.net\/wp-content\/uploads\/2025\/12\/Pendulum-Impact-Tester-ASTM-D3420-amp-Spencer-Impact-Test-Impact-Testing-1397x1536.webp 1397w, https:\/\/www.impacttesting.net\/wp-content\/uploads\/2025\/12\/Pendulum-Impact-Tester-ASTM-D3420-amp-Spencer-Impact-Test-Impact-Testing.webp 1558w\" sizes=\"(max-width: 728px) 100vw, 728px\" \/>\t\t\t\t\t\t\n\t\t\t\t\t<\/div>\n\t\t\t\t\t\t\t\t\n<style>\n#image_1805488508 {\n  width: 100%;\n}\n<\/style>\n\t<\/div>\n\t\n\n\n\t\t<\/div>\n\t\t\t\t\t<\/div>\n\n\t\n\n<\/div>\n\n\t\t<\/div>\n\t\t\t\t\t<\/div>\n\n\t\n\n<\/div>\n\n\t\t<\/div>\n\t\t\t\t\t<\/div>\n\n\t\n\n<\/div>\n\n\t\t<\/div>\n\t\t\t\t\t<\/div>\n\n\t\n\n\n<style>\n#row-1997781391 > .col > .col-inner {\n  border-radius: 25px;\n}\n<\/style>\n<\/div>\n\n\t\t<\/div>\n\n\t\t\n<style>\n#section_2126470269 {\n  padding-top: 30px;\n  padding-bottom: 30px;\n}\n<\/style>\n\t<\/section>\n\t\n\t<section class=\"section\" id=\"section_181533443\">\n\t\t<div class=\"bg section-bg fill bg-fill  bg-loaded\" >\n\n\t\t\t\n\t\t\t\n\t\t\t\n\n\t\t<\/div>\n\n\t\t\n\n\t\t<div class=\"section-content relative\">\n\t\t\t\n\n<div class=\"row\"  id=\"row-315647456\">\n\n\n\t<div id=\"col-298288456\" class=\"col small-12 large-12\"  >\n\t\t\t\t<div class=\"col-inner\"  >\n\t\t\t\n\t\t\t\n\n<div class=\"row\"  id=\"row-1330872024\">\n\n\n\t<div id=\"col-754696479\" class=\"col small-12 large-12\"  >\n\t\t\t\t<div class=\"col-inner\"  >\n\t\t\t\n\t\t\t\n\n<div class=\"row\"  id=\"row-1069742208\">\n\n\n\t<div id=\"col-818658483\" class=\"col small-12 large-12\"  >\n\t\t\t\t<div class=\"col-inner\"  >\n\t\t\t\n\t\t\t\n\n\t<div id=\"text-267749885\" class=\"text\">\n\t\t\n\n<h2>Jak dzia\u0142a wahad\u0142owy tester udarno\u015bci<\/h2>\n\t\t\n<style>\n#text-267749885 {\n  font-size: 1.3rem;\n  text-align: center;\n}\n<\/style>\n\t<\/div>\n\t\n<p>The <strong>PIT-01 Wahad\u0142owy tester udarno\u015bci<\/strong> przez <strong>Impacttesting.net<\/strong> zosta\u0142 zaprojektowany w celu zapewnienia precyzyjnych i powtarzalnych pomiar\u00f3w odporno\u015bci na uderzenia. Proces testowania obejmuje:<\/p>\n\n\t\t<\/div>\n\t\t\t\t\t<\/div>\n\n\t\n\n<\/div>\n<div class=\"row align-middle\"  id=\"row-758468270\">\n\n\n\t<div id=\"col-1050781130\" class=\"col medium-6 small-12 large-6\"  >\n\t\t\t\t<div class=\"col-inner\"  >\n\t\t\t\n\t\t\t\n\n<ol>\n<li>Przygotowanie pr\u00f3bki: Wybierana jest pr\u00f3bka o jednolitej grubo\u015bci i konsystencji.<\/li>\n<li>Mocowanie pr\u00f3bki: Folia jest mocowana na miejscu za pomoc\u0105 pneumatycznego systemu mocowania.<\/li>\n<li>Zwalnianie wahad\u0142a: Wahad\u0142o, wyposa\u017cone w g\u0142owic\u0119 udarow\u0105, jest automatycznie zwalniane z okre\u015blonej wysoko\u015bci.<\/li>\n<li>Pomiar uderzenia: Rejestrowana jest energia poch\u0142aniana przez materia\u0142 podczas uderzenia.<\/li>\n<li>Analiza danych: Wyniki s\u0105 wy\u015bwietlane na cyfrowym interfejsie, z opcjonaln\u0105 mikrodrukark\u0105 do natychmiastowego raportowania.<\/li>\n<\/ol>\n\n\t\t<\/div>\n\t\t\t\t\t<\/div>\n\n\t\n\n\t<div id=\"col-1282535074\" class=\"col medium-6 small-12 large-6\"  >\n\t\t\t\t<div class=\"col-inner\"  >\n\t\t\t\n\t\t\t\n\n<div class=\"video video-fit mb\" style=\"padding-top:56.25%;\"><iframe title=\"Wahad\u0142owy tester udarno\u015bci ASTM D3420 do folii z tworzyw sztucznych Tester udarno\u015bci arkuszy\" width=\"1020\" height=\"574\" src=\"https:\/\/www.youtube.com\/embed\/vEx4esxMESw?feature=oembed\" frameborder=\"0\" allow=\"accelerometer; autoplay; clipboard-write; encrypted-media; gyroscope; picture-in-picture; web-share\" referrerpolicy=\"strict-origin-when-cross-origin\" allowfullscreen><\/iframe><\/div>\n\n\n\t\t<\/div>\n\t\t\t\t\t<\/div>\n\n\t\n\n<\/div>\n\n\t\t<\/div>\n\t\t\t\t\t<\/div>\n\n\t\n\n<\/div>\n\n\t\t<\/div>\n\t\t\t\t\t<\/div>\n\n\t\n\n<\/div>\n<div class=\"row\"  id=\"row-1989215264\">\n\n\n\t<div id=\"col-512310383\" class=\"col small-12 large-12\"  >\n\t\t\t\t<div class=\"col-inner\"  >\n\t\t\t\n\t\t\t\n\n<div class=\"row\"  id=\"row-1752860280\">\n\n\n\t<div id=\"col-1223731541\" class=\"col small-12 large-12\"  >\n\t\t\t\t<div class=\"col-inner\"  >\n\t\t\t\n\t\t\t\n\n\t<div id=\"text-2304654156\" class=\"text\">\n\t\t\n\n<h2>ASTM D3420 i test udarno\u015bci Spencera<\/h2>\n\t\t\n<style>\n#text-2304654156 {\n  font-size: 1.3rem;\n  text-align: center;\n}\n<\/style>\n\t<\/div>\n\t\n\n\t\t<\/div>\n\t\t\t\t\t<\/div>\n\n\t\n\n\t<div id=\"col-2097473403\" class=\"col small-12 large-12\"  >\n\t\t\t\t<div class=\"col-inner\"  >\n\t\t\t\n\t\t\t\n\n<h3>ASTM D3420 - Metoda badania odporno\u015bci folii z tworzywa sztucznego na uderzenia wahad\u0142em<\/h3>\n<p><a href=\"https:\/\/www.impacttesting.net\/pl\/astm-d3420\/\">ASTM D3420<\/a> okre\u015bla metod\u0119 okre\u015blania <strong>Odporno\u015b\u0107 folii z tworzyw sztucznych na uderzenia<\/strong> poprzez pomiar energii wymaganej do przebicia pr\u00f3bki testowej przez udar wahad\u0142owy. Test zosta\u0142 zaprojektowany w celu zapewnienia wgl\u0105du w dynamiczne zachowanie materia\u0142u przy rozci\u0105ganiu w warunkach wysokiej pr\u0119dko\u015bci odkszta\u0142cenia, co czyni go niezb\u0119dnym do oceny materia\u0142\u00f3w opakowaniowych.<\/p>\n<p>Kluczowe aspekty normy ASTM D3420 obejmuj\u0105:<\/p>\n<p>Pomiar strat energii spowodowanych uderzeniem sondy wahad\u0142owej w badan\u0105 pr\u00f3bk\u0119.<br \/>Dwie procedury (A i B) r\u00f3\u017cni\u0105ce si\u0119 wielko\u015bci\u0105 pr\u00f3by, z <strong>Procedura B cz\u0119sto okre\u015blana jako test udarno\u015bci Spencera<\/strong>.<br \/>Wa\u017cne w zastosowaniach wymagaj\u0105cych wysokiej odporno\u015bci na uderzenia, takich jak folie do pakowania \u017cywno\u015bci i farmaceutyk\u00f3w.<\/p>\n<h3>Test zderzeniowy Spencera: Specjalistyczna odmiana<\/h3>\n<p>The <strong>Test udarno\u015bci Spencer<\/strong> jest wariantem ASTM D3420, zwykle zwi\u0105zanym z <strong>Procedura B<\/strong>kt\u00f3ry wykorzystuje <strong>Zacisk pr\u00f3bki o \u015brednicy 89 mm<\/strong>. Metoda ta jest szeroko stosowana do oceny folii stosowanych w opakowaniach elastycznych, zapewniaj\u0105c, \u017ce materia\u0142y mog\u0105 wytrzyma\u0107 napr\u0119\u017cenia mechaniczne bez rozrywania lub przebijania.<\/p>\n\n\t\t<\/div>\n\t\t\t\t\t<\/div>\n\n\t\n\n<\/div>\n\n\t\t<\/div>\n\t\t\t\t\t<\/div>\n\n\t\n\n<\/div>\n<div class=\"row\"  id=\"row-471257399\">\n\n\n\t<div id=\"col-110874723\" class=\"col small-12 large-12\"  >\n\t\t\t\t<div class=\"col-inner\"  >\n\t\t\t\n\t\t\t\n\n<div class=\"row\"  id=\"row-1855293011\">\n\n\n\t<div id=\"col-1192189509\" class=\"col small-12 large-12\"  >\n\t\t\t\t<div class=\"col-inner\"  >\n\t\t\t\n\t\t\t\n\n\t<div id=\"text-1941720126\" class=\"text\">\n\t\t\n\n<h2>PIT-01 Wahad\u0142owy tester udarno\u015bci<\/h2>\n\t\t\n<style>\n#text-1941720126 {\n  font-size: 1.3rem;\n  text-align: center;\n}\n<\/style>\n\t<\/div>\n\t\n\n\t\t<\/div>\n\t\t\t\t\t<\/div>\n\n\t\n\n<\/div>\n<div class=\"row\"  id=\"row-1200699788\">\n\n\n\t<div id=\"col-54558476\" class=\"col medium-6 small-12 large-6\"  >\n\t\t\t\t<div class=\"col-inner\"  >\n\t\t\t\n\t\t\t\n\n<h3>Kluczowe cechy:<\/h3>\n<p>Wahad\u0142owy tester udarno\u015bci PIT-01 firmy Cell Instruments oferuje zaawansowane funkcje do precyzyjnego testowania materia\u0142\u00f3w:<\/p>\n<ul>\n<li>Sterowanie PLC i ekran dotykowy HMI dla \u0142atwej obs\u0142ugi.<\/li>\n<li>Pneumatyczne mocowanie pr\u00f3bek zapewnia stabilne pozycjonowanie.<\/li>\n<li>Automatyczne zwalnianie wahad\u0142a dla sp\u00f3jnych test\u00f3w udarno\u015bci.<\/li>\n<li>Automatyczna statystyka danych i mikrodrukarka do wydajnej dokumentacji wynik\u00f3w.<\/li>\n<li>Precyzyjny pomiar k\u0105ta dla dok\u0142adnych oblicze\u0144 energii.<\/li>\n<li>Port RS232 i oprogramowanie (opcjonalnie) do zaawansowanej analizy danych.<\/li>\n<\/ul>\n\n\t\t<\/div>\n\t\t\t\t\t<\/div>\n\n\t\n\n\t<div id=\"col-1657820233\" class=\"col medium-6 small-12 large-6\"  >\n\t\t\t\t<div class=\"col-inner\"  >\n\t\t\t\n\t\t\t\n\n<h3>Specyfikacja techniczna:<\/h3>\n<table width=\"360\">\n<tbody>\n<tr>\n<td style=\"text-align: center;\" width=\"143\">Impact Energy<\/td>\n<td style=\"text-align: center;\" width=\"217\">1 J, 2 J, 3 J<\/td>\n<\/tr>\n<tr>\n<td style=\"text-align: center;\" width=\"143\">Rozdzielczo\u015b\u0107<\/td>\n<td style=\"text-align: center;\" width=\"217\">\u00a00.001 J<\/td>\n<\/tr>\n<tr>\n<td style=\"text-align: center;\" width=\"143\">Rozmiar g\u0142owicy udarowej<\/td>\n<td style=\"text-align: center;\" width=\"217\">\u042425.4, \u042419, \u042412.7 mm\u00a0<\/td>\n<\/tr>\n<tr>\n<td style=\"text-align: center;\" width=\"143\">Zacisk pr\u00f3bki<\/td>\n<td style=\"text-align: center;\" width=\"217\">Zacisk pneumatyczny<\/td>\n<\/tr>\n<tr>\n<td style=\"text-align: center;\" width=\"143\">\u015arednica zacisku<\/td>\n<td style=\"text-align: center;\" width=\"217\">\u042489 mm, \u042460 mm<\/td>\n<\/tr>\n<tr>\n<td style=\"text-align: center;\" width=\"143\">Dostawa gazu<\/td>\n<td style=\"text-align: center;\" width=\"217\">0,6 MPa \u03a66 mm Przew\u00f3d PU<\/td>\n<\/tr>\n<tr>\n<td style=\"text-align: center;\" width=\"143\">Rozmiar pr\u00f3bki<\/td>\n<td style=\"text-align: center;\" width=\"217\">100*100 mm lub \u0424100 mm<\/td>\n<\/tr>\n<tr>\n<td style=\"text-align: center;\" width=\"143\">Zasilanie\u00a0<\/td>\n<td style=\"text-align: center;\" width=\"217\">AC 110~220V 50Hz<\/td>\n<\/tr>\n<\/tbody>\n<\/table>\n\n\t\t<\/div>\n\t\t\t\t\t<\/div>\n\n\t\n\n<\/div>\n\n\t\t<\/div>\n\t\t\t\t\t<\/div>\n\n\t\n\n<\/div>\n\n\t\t<\/div>\n\n\t\t\n<style>\n#section_181533443 {\n  padding-top: 30px;\n  padding-bottom: 30px;\n}\n<\/style>\n\t<\/section>\n\t\n\t<section class=\"section\" id=\"section_1306520868\">\n\t\t<div class=\"bg section-bg fill bg-fill  bg-loaded\" >\n\n\t\t\t\n\t\t\t\n\t\t\t\n\n\t\t<\/div>\n\n\t\t\n\n\t\t<div class=\"section-content relative\">\n\t\t\t\n\n<div class=\"row\"  id=\"row-1726548943\">\n\n\n\t<div id=\"col-763045184\" class=\"col small-12 large-12\"  >\n\t\t\t\t<div class=\"col-inner\"  >\n\t\t\t\n\t\t\t\n\n<div class=\"row align-equal align-center\"  id=\"row-1163411090\">\n\n\n\t<div id=\"col-671430715\" class=\"col small-12 large-12\"  >\n\t\t\t\t<div class=\"col-inner\"  >\n\t\t\t\n\t\t\t\n\n\t<div id=\"text-2647489874\" class=\"text\">\n\t\t\n\n<h2>Dlaczego warto wybra\u0107 Impacttesting.net?<br \/>PIT-01 Wahad\u0142owy tester udarno\u015bci<\/h2>\n\t\t\n<style>\n#text-2647489874 {\n  font-size: 1.4rem;\n  text-align: center;\n}\n<\/style>\n\t<\/div>\n\t\n\n\t\t<\/div>\n\t\t\t\t\t<\/div>\n\n\t\n\n\t<div id=\"col-1411193044\" class=\"col medium-6 small-12 large-6\"  >\n\t\t\t\t<div class=\"col-inner text-center\"  >\n\t\t\t\n\t\t\t\n\n\t<div id=\"text-2788469221\" class=\"text\">\n\t\t\n\n<p>Poprzez integracj\u0119 <strong>Wahad\u0142owe testy udarno\u015bci<\/strong> Dzi\u0119ki w\u0142\u0105czeniu do proces\u00f3w kontroli jako\u015bci mo\u017cna zwi\u0119kszy\u0107 trwa\u0142o\u015b\u0107 produkt\u00f3w i zgodno\u015b\u0107 z normami bran\u017cowymi. <strong>Impacttesting.net<\/strong> zapewnia najnowocze\u015bniejsze rozwi\u0105zania spe\u0142niaj\u0105ce potrzeby w zakresie testowania materia\u0142\u00f3w.<\/p>\n\t\t\n<style>\n#text-2788469221 {\n  font-size: 1.1rem;\n  line-height: 2;\n}\n<\/style>\n\t<\/div>\n\t\n<a href=\"https:\/\/www.impacttesting.net\/pl\/contact-us\/\" class=\"button primary is-outline\"  style=\"border-radius:99px;\">\n    <span>Kontakt<\/span>\n  <i class=\"icon-chat\" aria-hidden=\"true\" ><\/i><\/a>\n\n\n\n\t\t<\/div>\n\t\t\t\t\t<\/div>\n\n\t\n\n\t<div id=\"col-2107255767\" class=\"col medium-4 small-12 large-4\"  >\n\t\t\t\t<div class=\"col-inner text-center\"  >\n\t\t\t\n\t\t\t\n\n\n<div class=\"wpcf7 no-js\" id=\"wpcf7-f10-o1\" lang=\"en-US\" dir=\"ltr\" data-wpcf7-id=\"10\">\n<div class=\"screen-reader-response\"><p role=\"status\" aria-live=\"polite\" aria-atomic=\"true\"><\/p> <ul><\/ul><\/div>\n<form action=\"\/pl\/wp-json\/wp\/v2\/pages\/48#wpcf7-f10-o1\" method=\"post\" class=\"wpcf7-form init\" aria-label=\"Contact form\" novalidate=\"novalidate\" data-status=\"init\" data-trp-original-action=\"\/pl\/wp-json\/wp\/v2\/pages\/48#wpcf7-f10-o1\">\n<fieldset class=\"hidden-fields-container\"><input type=\"hidden\" name=\"_wpcf7\" value=\"10\" \/><input type=\"hidden\" name=\"_wpcf7_version\" value=\"6.1.4\" \/><input type=\"hidden\" name=\"_wpcf7_locale\" value=\"en_US\" \/><input type=\"hidden\" name=\"_wpcf7_unit_tag\" value=\"wpcf7-f10-o1\" \/><input type=\"hidden\" name=\"_wpcf7_container_post\" value=\"0\" \/><input type=\"hidden\" name=\"_wpcf7_posted_data_hash\" value=\"\" \/><input type=\"hidden\" name=\"_wpcf7_recaptcha_response\" value=\"\" \/>\n<\/fieldset>\n<p><span class=\"wpcf7-form-control-wrap\" data-name=\"Name\"><input size=\"40\" maxlength=\"400\" class=\"wpcf7-form-control wpcf7-text\" aria-invalid=\"false\" placeholder=\"Imi\u0119 i nazwisko\" value=\"\" type=\"text\" name=\"Name\" \/><\/span><br \/>\n<span class=\"wpcf7-form-control-wrap\" data-name=\"Comapany\"><input size=\"40\" maxlength=\"400\" class=\"wpcf7-form-control wpcf7-text\" aria-invalid=\"false\" placeholder=\"Twoja firma\" value=\"\" type=\"text\" name=\"Comapany\" \/><\/span><br \/>\n<span class=\"wpcf7-form-control-wrap\" data-name=\"Email\"><input size=\"40\" maxlength=\"400\" class=\"wpcf7-form-control wpcf7-email wpcf7-validates-as-required wpcf7-text wpcf7-validates-as-email\" aria-required=\"true\" aria-invalid=\"false\" placeholder=\"Tw\u00f3j adres e-mail*\" value=\"\" type=\"email\" name=\"Email\" \/><\/span><br \/>\n<span class=\"wpcf7-form-control-wrap\" data-name=\"Message\"><textarea cols=\"40\" rows=\"10\" maxlength=\"2000\" class=\"wpcf7-form-control wpcf7-textarea\" aria-invalid=\"false\" placeholder=\"Wiadomo\u015b\u0107\" name=\"Message\"><\/textarea><\/span>\n<\/p>\n<p><input class=\"wpcf7-form-control wpcf7-submit has-spinner\" type=\"submit\" value=\"Prze\u015blij\" \/>\n<\/p><div class=\"wpcf7-response-output\" aria-hidden=\"true\"><\/div>\n<input type=\"hidden\" name=\"trp-form-language\" value=\"pl\"\/><\/form>\n<\/div>\n\n\n\n\t\t<\/div>\n\t\t\t\t\t<\/div>\n\n\t\n\n<\/div>\n\n\t\t<\/div>\n\t\t\t\t\t<\/div>\n\n\t\n\n<\/div>\n\n\t\t<\/div>\n\n\t\t\n<style>\n#section_1306520868 {\n  padding-top: 30px;\n  padding-bottom: 30px;\n  background-color: rgb(232, 234, 241);\n}\n<\/style>\n\t<\/section>","protected":false},"excerpt":{"rendered":"","protected":false},"author":1,"featured_media":0,"parent":0,"menu_order":0,"comment_status":"closed","ping_status":"closed","template":"page-blank.php","meta":{"footnotes":""},"class_list":["post-48","page","type-page","status-publish","hentry"],"_links":{"self":[{"href":"https:\/\/www.impacttesting.net\/pl\/wp-json\/wp\/v2\/pages\/48","targetHints":{"allow":["GET"]}}],"collection":[{"href":"https:\/\/www.impacttesting.net\/pl\/wp-json\/wp\/v2\/pages"}],"about":[{"href":"https:\/\/www.impacttesting.net\/pl\/wp-json\/wp\/v2\/types\/page"}],"author":[{"embeddable":true,"href":"https:\/\/www.impacttesting.net\/pl\/wp-json\/wp\/v2\/users\/1"}],"replies":[{"embeddable":true,"href":"https:\/\/www.impacttesting.net\/pl\/wp-json\/wp\/v2\/comments?post=48"}],"version-history":[{"count":5,"href":"https:\/\/www.impacttesting.net\/pl\/wp-json\/wp\/v2\/pages\/48\/revisions"}],"predecessor-version":[{"id":72,"href":"https:\/\/www.impacttesting.net\/pl\/wp-json\/wp\/v2\/pages\/48\/revisions\/72"}],"wp:attachment":[{"href":"https:\/\/www.impacttesting.net\/pl\/wp-json\/wp\/v2\/media?parent=48"}],"curies":[{"name":"wp","href":"https:\/\/api.w.org\/{rel}","templated":true}]}}