{"id":79,"date":"2025-12-24T07:35:25","date_gmt":"2025-12-24T07:35:25","guid":{"rendered":"https:\/\/www.impacttesting.net\/?page_id=79"},"modified":"2025-12-24T07:35:25","modified_gmt":"2025-12-24T07:35:25","slug":"falling-dart-impact-tester","status":"publish","type":"page","link":"https:\/\/www.impacttesting.net\/nb\/falling-dart-impact-tester\/","title":{"rendered":"FDT-01 Falling Dart Impact Tester"},"content":{"rendered":"<section class=\"section\" id=\"section_1159748686\">\n\t\t<div class=\"bg section-bg fill bg-fill  bg-loaded\" >\n\n\t\t\t\n\t\t\t\n\t\t\t\n\n\t\t<\/div>\n\n\t\t\n\n\t\t<div class=\"section-content relative\">\n\t\t\t\n\n<div class=\"row\"  id=\"row-591896852\">\n\n\n\t<div id=\"col-2031529751\" class=\"col small-12 large-12\"  >\n\t\t\t\t<div class=\"col-inner\" style=\"background-color:rgb(92, 171, 188);\" >\n\t\t\t\n\t\t\t\n\n<div class=\"row\"  id=\"row-613285161\">\n\n\n\t<div id=\"col-1789896825\" class=\"col small-12 large-12\"  >\n\t\t\t\t<div class=\"col-inner\"  >\n\t\t\t\n\t\t\t\n\n\t<div id=\"text-2952102367\" class=\"text\">\n\t\t\n\n<h1>FDT-01 Falling Dart Impact Tester<\/h1>\n\t\t\n<style>\n#text-2952102367 {\n  font-size: 1.5rem;\n  text-align: center;\n}\n<\/style>\n\t<\/div>\n\t\n\n\t\t<\/div>\n\t\t\t\t\n<style>\n#col-1789896825 > .col-inner {\n  padding: 50px 10px 10px 10px;\n}\n<\/style>\n\t<\/div>\n\n\t\n\n<\/div>\n<div class=\"row align-middle align-center\"  id=\"row-258141315\">\n\n\n\t<div id=\"col-307946835\" class=\"col medium-11 small-12 large-11\"  >\n\t\t\t\t<div class=\"col-inner\"  >\n\t\t\t\n\t\t\t\n\n<div class=\"row align-middle align-center\"  id=\"row-1689570581\">\n\n\n\t<div id=\"col-518209699\" class=\"col medium-7 small-12 large-7\"  >\n\t\t\t\t<div class=\"col-inner\"  >\n\t\t\t\n\t\t\t\n\n<div class=\"row\"  id=\"row-363285024\">\n\n\n\t<div id=\"col-194246914\" class=\"col small-12 large-12\"  >\n\t\t\t\t<div class=\"col-inner text-center\"  >\n\t\t\t\n\t\t\t\n\n\t<div id=\"text-1344199512\" class=\"text\">\n\t\t\n\n<p>Den <a href=\"https:\/\/www.impacttesting.net\/nb\/falling-dart-impact-tester\/\"><strong>testapparat for fallende dartpiler<\/strong><\/a> er et spesialinstrument som brukes til \u00e5 vurdere slagfastheten til plastfilmer, komposittmaterialer, folier og papir med en tykkelse p\u00e5 mindre enn 1 mm. Testen evaluerer materialets slagfasthet ved \u00e5 bestemme energien som kreves for \u00e5 for\u00e5rsake brudd under kontrollerte forhold. Testen er mye brukt i emballasje-, n\u00e6ringsmiddel-, legemiddel- og elektronikkindustrien for \u00e5 sikre produktenes holdbarhet og ytelse.<\/p>\n\t\t\n<style>\n#text-1344199512 {\n  color: rgb(0, 0, 0);\n}\n#text-1344199512 > * {\n  color: rgb(0, 0, 0);\n}\n<\/style>\n\t<\/div>\n\t\n\n\t\t<\/div>\n\t\t\t\t\t<\/div>\n\n\t\n\n\t<div id=\"col-1742167243\" class=\"col small-12 large-12\"  >\n\t\t\t\t<div class=\"col-inner text-center\"  >\n\t\t\t\n\t\t\t\n\n<a href=\"https:\/\/www.impacttesting.net\/nb\/contact-us\/\" class=\"button primary is-outline\"  style=\"border-radius:99px;\">\n    <span>Kontakt oss<\/span>\n  <i class=\"icon-chat\" aria-hidden=\"true\" ><\/i><\/a>\n\n\n\n\t\t<\/div>\n\t\t\t\t\t<\/div>\n\n\t\n\n<\/div>\n\n\t\t<\/div>\n\t\t\t\t\t<\/div>\n\n\t\n\n\t<div id=\"col-308453633\" class=\"col medium-3 small-12 large-3\"  >\n\t\t\t\t<div class=\"col-inner\"  >\n\t\t\t\n\t\t\t\n\n<div class=\"row\"  id=\"row-1731530797\">\n\n\n\t<div id=\"col-1924837233\" class=\"col small-12 large-12\"  >\n\t\t\t\t<div class=\"col-inner text-center\"  >\n\t\t\t\n\t\t\t\n\n\t<div class=\"img has-hover x md-x lg-x y md-y lg-y\" id=\"image_421429484\">\n\t\t\t\t\t\t\t\t<div class=\"img-inner dark\" >\n\t\t\t<img decoding=\"async\" width=\"374\" height=\"800\" src=\"https:\/\/www.impacttesting.net\/wp-content\/uploads\/2025\/12\/Falling-Dart-Impact-Tester-for-Plastic-Film-ASTM-D1709-374x800.webp\" class=\"attachment-large size-large\" alt=\"Falling Dart Impact Tester for plastfilm ASTM D1709\" srcset=\"https:\/\/www.impacttesting.net\/wp-content\/uploads\/2025\/12\/Falling-Dart-Impact-Tester-for-Plastic-Film-ASTM-D1709-374x800.webp 374w, https:\/\/www.impacttesting.net\/wp-content\/uploads\/2025\/12\/Falling-Dart-Impact-Tester-for-Plastic-Film-ASTM-D1709-187x400.webp 187w, https:\/\/www.impacttesting.net\/wp-content\/uploads\/2025\/12\/Falling-Dart-Impact-Tester-for-Plastic-Film-ASTM-D1709-768x1643.webp 768w, https:\/\/www.impacttesting.net\/wp-content\/uploads\/2025\/12\/Falling-Dart-Impact-Tester-for-Plastic-Film-ASTM-D1709-718x1536.webp 718w, https:\/\/www.impacttesting.net\/wp-content\/uploads\/2025\/12\/Falling-Dart-Impact-Tester-for-Plastic-Film-ASTM-D1709-957x2048.webp 957w, https:\/\/www.impacttesting.net\/wp-content\/uploads\/2025\/12\/Falling-Dart-Impact-Tester-for-Plastic-Film-ASTM-D1709-scaled.webp 1196w\" sizes=\"(max-width: 374px) 100vw, 374px\" \/>\t\t\t\t\t\t\n\t\t\t\t\t<\/div>\n\t\t\t\t\t\t\t\t\n<style>\n#image_421429484 {\n  width: 100%;\n}\n<\/style>\n\t<\/div>\n\t\n\n\n\t\t<\/div>\n\t\t\t\t\t<\/div>\n\n\t\n\n<\/div>\n\n\t\t<\/div>\n\t\t\t\t\t<\/div>\n\n\t\n\n<\/div>\n\n\t\t<\/div>\n\t\t\t\t\t<\/div>\n\n\t\n\n<\/div>\n\n\t\t<\/div>\n\t\t\t\t\t<\/div>\n\n\t\n\n\n<style>\n#row-591896852 > .col > .col-inner {\n  border-radius: 25px;\n}\n<\/style>\n<\/div>\n\n\t\t<\/div>\n\n\t\t\n<style>\n#section_1159748686 {\n  padding-top: 30px;\n  padding-bottom: 30px;\n}\n<\/style>\n\t<\/section>\n\t\n\t<section class=\"section\" id=\"section_451464797\">\n\t\t<div class=\"bg section-bg fill bg-fill  bg-loaded\" >\n\n\t\t\t\n\t\t\t\n\t\t\t\n\n\t\t<\/div>\n\n\t\t\n\n\t\t<div class=\"section-content relative\">\n\t\t\t\n\n<div class=\"row\"  id=\"row-826922069\">\n\n\n\t<div id=\"col-902839127\" class=\"col small-12 large-12\"  >\n\t\t\t\t<div class=\"col-inner\"  >\n\t\t\t\n\t\t\t\n\n<div class=\"row\"  id=\"row-837523171\">\n\n\n\t<div id=\"col-1028977070\" class=\"col small-12 large-12\"  >\n\t\t\t\t<div class=\"col-inner\"  >\n\t\t\t\n\t\t\t\n\n<div class=\"row align-middle align-center\"  id=\"row-852460419\">\n\n\n\t<div id=\"col-717051637\" class=\"col medium-3 small-12 large-3\"  >\n\t\t\t\t<div class=\"col-inner\"  >\n\t\t\t\n\t\t\t\n\n\t<div class=\"img has-hover x md-x lg-x y md-y lg-y\" id=\"image_845533482\">\n\t\t\t\t\t\t\t\t<div class=\"img-inner dark\" >\n\t\t\t<img decoding=\"async\" width=\"314\" height=\"800\" src=\"https:\/\/www.impacttesting.net\/wp-content\/uploads\/2025\/12\/Falling-Dart-Impact-Tester-for-Plastic-Film-ISO-7765-1-314x800.webp\" class=\"attachment-large size-large\" alt=\"Fallende pil-slagpr\u00f8ve for plastfilm ISO 7765-1\" srcset=\"https:\/\/www.impacttesting.net\/wp-content\/uploads\/2025\/12\/Falling-Dart-Impact-Tester-for-Plastic-Film-ISO-7765-1-314x800.webp 314w, https:\/\/www.impacttesting.net\/wp-content\/uploads\/2025\/12\/Falling-Dart-Impact-Tester-for-Plastic-Film-ISO-7765-1-157x400.webp 157w, https:\/\/www.impacttesting.net\/wp-content\/uploads\/2025\/12\/Falling-Dart-Impact-Tester-for-Plastic-Film-ISO-7765-1-768x1956.webp 768w, https:\/\/www.impacttesting.net\/wp-content\/uploads\/2025\/12\/Falling-Dart-Impact-Tester-for-Plastic-Film-ISO-7765-1-603x1536.webp 603w, https:\/\/www.impacttesting.net\/wp-content\/uploads\/2025\/12\/Falling-Dart-Impact-Tester-for-Plastic-Film-ISO-7765-1-804x2048.webp 804w, https:\/\/www.impacttesting.net\/wp-content\/uploads\/2025\/12\/Falling-Dart-Impact-Tester-for-Plastic-Film-ISO-7765-1-scaled.webp 1005w\" sizes=\"(max-width: 314px) 100vw, 314px\" \/>\t\t\t\t\t\t\n\t\t\t\t\t<\/div>\n\t\t\t\t\t\t\t\t\n<style>\n#image_845533482 {\n  width: 100%;\n}\n<\/style>\n\t<\/div>\n\t\n\n\n\t\t<\/div>\n\t\t\t\t\n<style>\n#col-717051637 > .col-inner {\n  padding: 0px 30px 0px 0px;\n}\n<\/style>\n\t<\/div>\n\n\t\n\n\t<div id=\"col-646050827\" class=\"col medium-7 small-12 large-7\"  >\n\t\t\t\t<div class=\"col-inner\"  >\n\t\t\t\n\t\t\t\n\n\t<div id=\"text-2358464686\" class=\"text\">\n\t\t\n\n<h2>Slik fungerer testen for fritt fallende piler<\/h2>\n\t\t\n<style>\n#text-2358464686 {\n  font-size: 1.3rem;\n  text-align: left;\n}\n<\/style>\n\t<\/div>\n\t\n<p>Den <strong>test med fritt fallende pil<\/strong> inneb\u00e6rer f\u00f8lgende trinn:<\/p>\n<ol>\n<li>En filmpr\u00f8ve klemmes sikkert p\u00e5 plass.<\/li>\n<li>En pil med en forh\u00e5ndsbestemt vekt henges opp elektromagnetisk.<\/li>\n<li>Pilen slippes fra en kontrollert h\u00f8yde.<\/li>\n<li>Slagstyrken registreres basert p\u00e5 best\u00e5tt\/ikke best\u00e5tt-resultater fra flere fors\u00f8k.<\/li>\n<li>Systemet beregner materialets slagfasthet i gram eller joule.<\/li>\n<\/ol>\n<a href=\"https:\/\/www.impacttesting.net\/nb\/contact-us\/\" target=\"_blank\" class=\"button primary is-outline\" rel=\"noopener\"  style=\"border-radius:99px;\">\n    <span>Kontakt oss<\/span>\n  <i class=\"icon-chat\" aria-hidden=\"true\" ><\/i><\/a>\n\n\n\n\t\t<\/div>\n\t\t\t\t\t<\/div>\n\n\t\n\n<\/div>\n\n\t\t<\/div>\n\t\t\t\t\t<\/div>\n\n\t\n\n<\/div>\n\n\t\t<\/div>\n\t\t\t\t\t<\/div>\n\n\t\n\n<\/div>\n<div class=\"row\"  id=\"row-1248313684\">\n\n\n\t<div id=\"col-1049168642\" class=\"col small-12 large-12\"  >\n\t\t\t\t<div class=\"col-inner\"  >\n\t\t\t\n\t\t\t\n\n<div class=\"row align-middle align-center\"  id=\"row-1119013216\">\n\n\n\t<div id=\"col-692042702\" class=\"col medium-5 small-12 large-5\"  >\n\t\t\t\t<div class=\"col-inner\"  >\n\t\t\t\n\t\t\t\n\n\t<div id=\"text-1448522928\" class=\"text\">\n\t\t\n\n<h2>Falling Dart Impact Tester<\/h2>\n\t\t\n<style>\n#text-1448522928 {\n  font-size: 1.3rem;\n}\n<\/style>\n\t<\/div>\n\t\n<table width=\"534\">\n<tbody>\n<tr>\n<td style=\"text-align: center;\" width=\"257\">Testmetode Metode<\/td>\n<td style=\"text-align: center;\" width=\"277\">A eller metode B (valgfritt)<\/td>\n<\/tr>\n<tr>\n<td style=\"text-align: center;\" rowspan=\"2\" width=\"257\">Testomr\u00e5de<\/td>\n<td style=\"text-align: center;\" width=\"277\">Metode A: 50~2000g\/<\/td>\n<\/tr>\n<tr>\n<td style=\"text-align: center;\" width=\"277\">Metode B: 300 ~ 2000 g<\/td>\n<\/tr>\n<tr>\n<td style=\"text-align: center;\" rowspan=\"2\" width=\"257\">Pilens diameter<\/td>\n<td style=\"text-align: center;\" width=\"277\">Metode A: 38 \u00b1 1 mm<\/td>\n<\/tr>\n<tr>\n<td style=\"text-align: center;\" width=\"277\">Metode B: 50 \u00b1 1 mm<\/td>\n<\/tr>\n<tr>\n<td style=\"text-align: center;\" width=\"257\">P\u00e5virkningsh\u00f8yde<\/td>\n<td style=\"text-align: center;\" width=\"277\">660 mm\/1500 mm<\/td>\n<\/tr>\n<tr>\n<td style=\"text-align: center;\" width=\"257\">N\u00f8yaktighet<\/td>\n<td style=\"text-align: center;\" width=\"277\">0,1 g (0,1 J)<\/td>\n<\/tr>\n<tr>\n<td style=\"text-align: center;\" width=\"257\">Klemme<\/td>\n<td style=\"text-align: center;\" width=\"277\">Pneumatisk klemme<\/td>\n<\/tr>\n<tr>\n<td style=\"text-align: center;\" width=\"257\">Gassforsyning<\/td>\n<td style=\"text-align: center;\" width=\"277\">0,6 MPa \u03a68 mm PU-slange<\/td>\n<\/tr>\n<tr>\n<td style=\"text-align: center;\" width=\"257\">St\u00f8rrelse p\u00e5 pr\u00f8ven<\/td>\n<td style=\"text-align: center;\" width=\"277\">&gt; 150 mm x 150 mm<\/td>\n<\/tr>\n<tr>\n<td style=\"text-align: center;\" width=\"257\">Str\u00f8mforsyning<\/td>\n<td style=\"text-align: center;\" width=\"277\">AC 110~220V 50Hz<\/td>\n<\/tr>\n<tr>\n<td style=\"text-align: center;\" rowspan=\"2\" width=\"257\">Dimensjon<\/td>\n<td style=\"text-align: center;\" width=\"277\">Metode A: 500*450*1200 mm (LWH)<\/td>\n<\/tr>\n<tr>\n<td style=\"text-align: center;\" width=\"277\">Metode B: 500*450*2200 mm (LWH)<\/td>\n<\/tr>\n<\/tbody>\n<\/table>\n\n\t\t<\/div>\n\t\t\t\t\t<\/div>\n\n\t\n\n\t<div id=\"col-84885958\" class=\"col medium-7 small-12 large-7\"  >\n\t\t\t\t<div class=\"col-inner text-left\"  >\n\t\t\t\n\t\t\t\n\n<div class=\"video video-fit mb\" style=\"padding-top:50%;\"><iframe title=\"Fallende pileslagstester p\u00e5 plastfilm og -plater Metode A og Metode B ASTM D1709 ISO 7765-1\" width=\"1020\" height=\"574\" src=\"https:\/\/www.youtube.com\/embed\/a3_9M0x3w7U?feature=oembed\" frameborder=\"0\" allow=\"accelerometer; autoplay; clipboard-write; encrypted-media; gyroscope; picture-in-picture; web-share\" referrerpolicy=\"strict-origin-when-cross-origin\" allowfullscreen><\/iframe><\/div>\n\n<p>FDT-01 Falling Dart Impact Tester fra Cell Instruments er utviklet for presis og p\u00e5litelig testing av slagfasthet. Bemerkelsesverdige funksjoner inkluderer:<\/p>\n<ul>\n<li><strong>PLS-styring og HMI-ber\u00f8ringsskjerm<\/strong> for stabil og brukervennlig drift.<\/li>\n<li><strong>To testmetoder (A og B)<\/strong> for ulike materialkrav.<\/li>\n<li><strong>Elektromagnetisk piloppheng<\/strong> for n\u00f8yaktig og repeterbar testing.<\/li>\n<li><strong>Pneumatisk fastspenning<\/strong> for \u00e5 sikre at pr\u00f8ven er stabil under p\u00e5virkning.<\/li>\n<li><strong>Automatisk beregning av testresultater<\/strong> for \u00e5 eliminere manuelle feil.<\/li>\n<li><strong>Innebygd mikroskriver og programvareintegrasjon<\/strong> for datautdata og analyse.<\/li>\n<\/ul>\n\n\t\t<\/div>\n\t\t\t\t\t<\/div>\n\n\t\n\n<\/div>\n\n\t\t<\/div>\n\t\t\t\t\t<\/div>\n\n\t\n\n<\/div>\n<div class=\"row\"  id=\"row-362240663\">\n\n\n\t<div id=\"col-1058428397\" class=\"col small-12 large-12\"  >\n\t\t\t\t<div class=\"col-inner\"  >\n\t\t\t\n\t\t\t\n\n<div class=\"row\"  id=\"row-522238093\">\n\n\n\t<div id=\"col-489310575\" class=\"col small-12 large-12\"  >\n\t\t\t\t<div class=\"col-inner\"  >\n\t\t\t\n\t\t\t\n\n\t<div id=\"text-3762473437\" class=\"text\">\n\t\t\n\n<h2>Metoder og standarder for test av pileslag<\/h2>\n\t\t\n<style>\n#text-3762473437 {\n  font-size: 1.3rem;\n  text-align: center;\n}\n<\/style>\n\t<\/div>\n\t\n\n\t\t<\/div>\n\t\t\t\t\t<\/div>\n\n\t\n\n<\/div>\n<div class=\"row\"  id=\"row-939663689\">\n\n\n\t<div id=\"col-613461428\" class=\"col medium-6 small-12 large-6\"  >\n\t\t\t\t<div class=\"col-inner\"  >\n\t\t\t\n\t\t\t\n\n<h3><a href=\"https:\/\/www.impacttesting.net\/nb\/astm-d1709\/\">ASTM D1709<\/a> &amp; <a href=\"https:\/\/www.impacttesting.net\/nb\/iso-7765-1\/\">ISO 7765-1<\/a><\/h3>\n<p>Den <strong>slagtest med pil for plastfilm<\/strong> f\u00f8lger internasjonalt anerkjente standarder som f.eks. <strong>ASTM D1709 og ISO 7765-1<\/strong>, noe som sikrer konsistente og n\u00f8yaktige resultater. Disse standardene beskriver metodikken for \u00e5 gjennomf\u00f8re en <strong>test med fritt fallende pil<\/strong>hvor en vektet pil faller fra en spesifisert h\u00f8yde ned p\u00e5 en filmpr\u00f8ve, og hvor den minste vekten som kreves for \u00e5 for\u00e5rsake materialsvikt, bestemmes.<\/p>\n\n\t\t<\/div>\n\t\t\t\t\t<\/div>\n\n\t\n\n\t<div id=\"col-427842590\" class=\"col medium-6 small-12 large-6\"  >\n\t\t\t\t<div class=\"col-inner\"  >\n\t\t\t\n\t\t\t\n\n<h3>Testmetoder: Metode A og metode B<\/h3>\n<p>Begge <strong>ASTM D1709<\/strong> og <strong>ISO 7765-1<\/strong> definerer to forskjellige testmetoder:<\/p>\n<ul>\n<li><strong>Metode A<\/strong>: Bruker en pil med en diameter p\u00e5 38 mm og en anslagsh\u00f8yde p\u00e5 660 mm.<\/li>\n<li><strong>Metode B<\/strong>: Bruker en pil med en diameter p\u00e5 50 mm og en anslagsh\u00f8yde p\u00e5 1500 mm (valgfritt i noen testoppsett).<\/li>\n<\/ul>\n\n\t\t<\/div>\n\t\t\t\t\t<\/div>\n\n\t\n\n<\/div>\n\n\t\t<\/div>\n\t\t\t\t\t<\/div>\n\n\t\n\n<\/div>\n<div class=\"row\"  id=\"row-37281982\">\n\n\n\t<div id=\"col-387966773\" class=\"col small-12 large-12\"  >\n\t\t\t\t<div class=\"col-inner\"  >\n\t\t\t\n\t\t\t\n\n<div class=\"row\"  id=\"row-528401868\">\n\n\n\t<div id=\"col-1998050685\" class=\"col small-12 large-12\"  >\n\t\t\t\t<div class=\"col-inner\"  >\n\t\t\t\n\t\t\t\n\n\t<div id=\"text-1250490393\" class=\"text\">\n\t\t\n\n<h2>Bruksomr\u00e5der for Falling Dart Impact Tester<\/h2>\n\t\t\n<style>\n#text-1250490393 {\n  font-size: 1.3rem;\n  text-align: center;\n}\n<\/style>\n\t<\/div>\n\t\n<p>Den <strong>testapparat for fallende dartpiler<\/strong> er mye brukt i bransjer som f.eks:<\/p>\n\n\t\t<\/div>\n\t\t\t\t\t<\/div>\n\n\t\n\n<\/div>\n<div class=\"row align-center row-box-shadow-3-hover\"  id=\"row-1222208477\">\n\n\n\t<div id=\"col-1170918444\" class=\"col medium-3 small-6 large-3\"  >\n\t\t\t\t<div class=\"col-inner box-shadow-5-hover\"  >\n\t\t\t\n\t\t\t\n\n\t<div class=\"box has-hover   has-hover box-default box-text-bottom\" >\n\n\t\t<div class=\"box-image\" style=\"width:90%;\">\n\t\t\t\t\t\t<div class=\"\" >\n\t\t\t\t<img decoding=\"async\" width=\"300\" height=\"300\" src=\"https:\/\/www.impacttesting.net\/wp-content\/uploads\/2025\/12\/Plastic-Packaging.webp\" class=\"attachment- size-\" alt=\"Plastemballasje\" srcset=\"https:\/\/www.impacttesting.net\/wp-content\/uploads\/2025\/12\/Plastic-Packaging.webp 300w, https:\/\/www.impacttesting.net\/wp-content\/uploads\/2025\/12\/Plastic-Packaging-280x280.webp 280w\" sizes=\"(max-width: 300px) 100vw, 300px\" \/>\t\t\t\t\t\t\t\t\t\t\t<\/div>\n\t\t\t\t\t<\/div>\n\n\t\t<div class=\"box-text text-center\" >\n\t\t\t<div class=\"box-text-inner\">\n\t\t\t\t\n\n<h3>Plastemballasje<\/h3>\n<p>Sikrer filmens holdbarhet i fleksibel emballasje<\/p>\n\n\t\t\t<\/div>\n\t\t<\/div>\n\t<\/div>\n\t\n\n\t\t<\/div>\n\t\t\t\t\n<style>\n#col-1170918444 > .col-inner {\n  padding: 30px 0px 0px 0px;\n}\n<\/style>\n\t<\/div>\n\n\t\n\n\t<div id=\"col-1052038924\" class=\"col medium-3 small-6 large-3\"  >\n\t\t\t\t<div class=\"col-inner box-shadow-5-hover\"  >\n\t\t\t\n\t\t\t\n\n\t<div class=\"box has-hover   has-hover box-default box-text-bottom\" >\n\n\t\t<div class=\"box-image\" style=\"width:85%;\">\n\t\t\t\t\t\t<div class=\"\" >\n\t\t\t\t<img decoding=\"async\" width=\"300\" height=\"300\" src=\"https:\/\/www.impacttesting.net\/wp-content\/uploads\/2025\/12\/Medical-and-Pharmaceutical-Packaging.webp\" class=\"attachment- size-\" alt=\"Medisinsk og farmas\u00f8ytisk emballasje\" srcset=\"https:\/\/www.impacttesting.net\/wp-content\/uploads\/2025\/12\/Medical-and-Pharmaceutical-Packaging.webp 300w, https:\/\/www.impacttesting.net\/wp-content\/uploads\/2025\/12\/Medical-and-Pharmaceutical-Packaging-280x280.webp 280w\" sizes=\"(max-width: 300px) 100vw, 300px\" \/>\t\t\t\t\t\t\t\t\t\t\t<\/div>\n\t\t\t\t\t<\/div>\n\n\t\t<div class=\"box-text text-center\" >\n\t\t\t<div class=\"box-text-inner\">\n\t\t\t\t\n\n<h3>Medisinsk og farmas\u00f8ytisk emballasje<\/h3>\n<p>Testing av filmstyrke for sterile og beskyttende materialer<\/p>\n\n\t\t\t<\/div>\n\t\t<\/div>\n\t<\/div>\n\t\n\n\t\t<\/div>\n\t\t\t\t\n<style>\n#col-1052038924 > .col-inner {\n  padding: 30px 0px 0px 0px;\n}\n<\/style>\n\t<\/div>\n\n\t\n\n\t<div id=\"col-1442487614\" class=\"col medium-3 small-6 large-3\"  >\n\t\t\t\t<div class=\"col-inner box-shadow-5-hover\"  >\n\t\t\t\n\t\t\t\n\n\t<div class=\"box has-hover   has-hover box-default box-text-bottom\" >\n\n\t\t<div class=\"box-image\" style=\"width:85%;\">\n\t\t\t\t\t\t<div class=\"\" >\n\t\t\t\t<img decoding=\"async\" width=\"300\" height=\"300\" src=\"https:\/\/www.impacttesting.net\/wp-content\/uploads\/2025\/12\/Food-Industry.webp\" class=\"attachment- size-\" alt=\"N\u00e6ringsmiddelindustrien\" srcset=\"https:\/\/www.impacttesting.net\/wp-content\/uploads\/2025\/12\/Food-Industry.webp 300w, https:\/\/www.impacttesting.net\/wp-content\/uploads\/2025\/12\/Food-Industry-280x280.webp 280w\" sizes=\"(max-width: 300px) 100vw, 300px\" \/>\t\t\t\t\t\t\t\t\t\t\t<\/div>\n\t\t\t\t\t<\/div>\n\n\t\t<div class=\"box-text text-center\" >\n\t\t\t<div class=\"box-text-inner\">\n\t\t\t\t\n\n<h3>N\u00e6ringsmiddelindustrien<\/h3>\n<p>Evaluering av motstandsdyktigheten til plastfilmer som brukes til oppbevaring og transport av matvarer<\/p>\n\n\t\t\t<\/div>\n\t\t<\/div>\n\t<\/div>\n\t\n\n\t\t<\/div>\n\t\t\t\t\n<style>\n#col-1442487614 > .col-inner {\n  padding: 30px 0px 0px 0px;\n}\n<\/style>\n\t<\/div>\n\n\t\n\n\t<div id=\"col-977372634\" class=\"col medium-3 small-6 large-3\"  >\n\t\t\t\t<div class=\"col-inner box-shadow-5-hover\"  >\n\t\t\t\n\t\t\t\n\n\t<div class=\"box has-hover   has-hover box-default box-text-bottom\" >\n\n\t\t<div class=\"box-image\" style=\"width:90%;\">\n\t\t\t\t\t\t<div class=\"\" >\n\t\t\t\t<img decoding=\"async\" width=\"300\" height=\"300\" src=\"https:\/\/www.impacttesting.net\/wp-content\/uploads\/2025\/12\/Electronics-and-Consumer-Goods.webp\" class=\"attachment- size-\" alt=\"Elektronikk og forbruksvarer\" srcset=\"https:\/\/www.impacttesting.net\/wp-content\/uploads\/2025\/12\/Electronics-and-Consumer-Goods.webp 300w, https:\/\/www.impacttesting.net\/wp-content\/uploads\/2025\/12\/Electronics-and-Consumer-Goods-280x280.webp 280w\" sizes=\"(max-width: 300px) 100vw, 300px\" \/>\t\t\t\t\t\t\t\t\t\t\t<\/div>\n\t\t\t\t\t<\/div>\n\n\t\t<div class=\"box-text text-center\" >\n\t\t\t<div class=\"box-text-inner\">\n\t\t\t\t\n\n<h3>Elektronikk og forbruksvarer<\/h3>\n<p>Verifisering av slagfastheten til beskyttende filmer og belegg<\/p>\n\n\t\t\t<\/div>\n\t\t<\/div>\n\t<\/div>\n\t\n\n\t\t<\/div>\n\t\t\t\t\n<style>\n#col-977372634 > .col-inner {\n  padding: 30px 0px 0px 0px;\n}\n<\/style>\n\t<\/div>\n\n\t\n\n<\/div>\n\n\t\t<\/div>\n\t\t\t\t\t<\/div>\n\n\t\n\n<\/div>\n\n\t\t<\/div>\n\n\t\t\n<style>\n#section_451464797 {\n  padding-top: 30px;\n  padding-bottom: 30px;\n}\n<\/style>\n\t<\/section>\n\t\n\t<section class=\"section\" id=\"section_1039856889\">\n\t\t<div class=\"bg section-bg fill bg-fill  bg-loaded\" >\n\n\t\t\t\n\t\t\t\n\t\t\t\n\n\t\t<\/div>\n\n\t\t\n\n\t\t<div class=\"section-content relative\">\n\t\t\t\n\n<div class=\"row\"  id=\"row-1224958398\">\n\n\n\t<div id=\"col-680747125\" class=\"col small-12 large-12\"  >\n\t\t\t\t<div class=\"col-inner\"  >\n\t\t\t\n\t\t\t\n\n<div class=\"row align-equal align-center\"  id=\"row-127660325\">\n\n\n\t<div id=\"col-1975669164\" class=\"col small-12 large-12\"  >\n\t\t\t\t<div class=\"col-inner\"  >\n\t\t\t\n\t\t\t\n\n\t<div id=\"text-1268163291\" class=\"text\">\n\t\t\n\n<h2>Hvorfor velge Impacttesting.net's<br \/>FDT-01 Falling Dart Impact Tester?<\/h2>\n\t\t\n<style>\n#text-1268163291 {\n  font-size: 1.4rem;\n  text-align: center;\n}\n<\/style>\n\t<\/div>\n\t\n\n\t\t<\/div>\n\t\t\t\t\t<\/div>\n\n\t\n\n\t<div id=\"col-1410698597\" class=\"col medium-8 small-12 large-8\"  >\n\t\t\t\t<div class=\"col-inner text-center\"  >\n\t\t\t\n\t\t\t\n\n\t<div id=\"text-4259447380\" class=\"text\">\n\t\t\n\n<p>Overholdelse av <strong>ASTM D1709 OG ISO 7765-1<\/strong> for n\u00f8yaktig og standardisert testing.<br \/>Avansert <strong>automatisering og brukervennlighet<\/strong> gjennom PLC og ber\u00f8ringsskjermgrensesnitt.<br \/><strong>P\u00e5litelige resultater<\/strong> med slagm\u00e5ling med h\u00f8y presisjon.<br \/><strong>Tilpassbare alternativer<\/strong> for unike behov for materialtesting.<\/p>\n\t\t\n<style>\n#text-4259447380 {\n  font-size: 1.1rem;\n  line-height: 2;\n}\n<\/style>\n\t<\/div>\n\t\n<a href=\"https:\/\/www.impacttesting.net\/nb\/contact-us\/\" class=\"button primary is-outline\"  style=\"border-radius:99px;\">\n    <span>Kontakt oss<\/span>\n  <i class=\"icon-chat\" aria-hidden=\"true\" ><\/i><\/a>\n\n\n\n\t\t<\/div>\n\t\t\t\t\t<\/div>\n\n\t\n\n\t<div id=\"col-1782155613\" class=\"col medium-4 small-12 large-4\"  >\n\t\t\t\t<div class=\"col-inner text-center\"  >\n\t\t\t\n\t\t\t\n\n\n<div class=\"wpcf7 no-js\" id=\"wpcf7-f10-o1\" lang=\"en-US\" dir=\"ltr\" data-wpcf7-id=\"10\">\n<div class=\"screen-reader-response\"><p role=\"status\" aria-live=\"polite\" aria-atomic=\"true\"><\/p> <ul><\/ul><\/div>\n<form action=\"\/nb\/wp-json\/wp\/v2\/pages\/79#wpcf7-f10-o1\" method=\"post\" class=\"wpcf7-form init\" aria-label=\"Contact form\" novalidate=\"novalidate\" data-status=\"init\" data-trp-original-action=\"\/nb\/wp-json\/wp\/v2\/pages\/79#wpcf7-f10-o1\">\n<fieldset class=\"hidden-fields-container\"><input type=\"hidden\" name=\"_wpcf7\" value=\"10\" \/><input type=\"hidden\" name=\"_wpcf7_version\" value=\"6.1.4\" \/><input type=\"hidden\" name=\"_wpcf7_locale\" value=\"en_US\" \/><input type=\"hidden\" name=\"_wpcf7_unit_tag\" value=\"wpcf7-f10-o1\" \/><input type=\"hidden\" name=\"_wpcf7_container_post\" value=\"0\" \/><input type=\"hidden\" name=\"_wpcf7_posted_data_hash\" value=\"\" \/><input type=\"hidden\" name=\"_wpcf7_recaptcha_response\" value=\"\" \/>\n<\/fieldset>\n<p><span class=\"wpcf7-form-control-wrap\" data-name=\"Name\"><input size=\"40\" maxlength=\"400\" class=\"wpcf7-form-control wpcf7-text\" aria-invalid=\"false\" placeholder=\"Ditt navn\" value=\"\" type=\"text\" name=\"Name\" \/><\/span><br \/>\n<span class=\"wpcf7-form-control-wrap\" data-name=\"Comapany\"><input size=\"40\" maxlength=\"400\" class=\"wpcf7-form-control wpcf7-text\" aria-invalid=\"false\" placeholder=\"Ditt selskap\" value=\"\" type=\"text\" name=\"Comapany\" \/><\/span><br \/>\n<span class=\"wpcf7-form-control-wrap\" data-name=\"Email\"><input size=\"40\" maxlength=\"400\" class=\"wpcf7-form-control wpcf7-email wpcf7-validates-as-required wpcf7-text wpcf7-validates-as-email\" aria-required=\"true\" aria-invalid=\"false\" placeholder=\"Din e-post*\" value=\"\" type=\"email\" name=\"Email\" \/><\/span><br \/>\n<span class=\"wpcf7-form-control-wrap\" data-name=\"Message\"><textarea cols=\"40\" rows=\"10\" maxlength=\"2000\" class=\"wpcf7-form-control wpcf7-textarea\" aria-invalid=\"false\" placeholder=\"Melding\" name=\"Message\"><\/textarea><\/span>\n<\/p>\n<p><input class=\"wpcf7-form-control wpcf7-submit has-spinner\" type=\"submit\" value=\"Send inn\" \/>\n<\/p><div class=\"wpcf7-response-output\" aria-hidden=\"true\"><\/div>\n<input type=\"hidden\" name=\"trp-form-language\" value=\"nb\"\/><\/form>\n<\/div>\n\n\n\n\t\t<\/div>\n\t\t\t\t\t<\/div>\n\n\t\n\n<\/div>\n\n\t\t<\/div>\n\t\t\t\t\t<\/div>\n\n\t\n\n<\/div>\n\n\t\t<\/div>\n\n\t\t\n<style>\n#section_1039856889 {\n  padding-top: 30px;\n  padding-bottom: 30px;\n  background-color: rgb(232, 234, 241);\n}\n<\/style>\n\t<\/section>","protected":false},"excerpt":{"rendered":"","protected":false},"author":1,"featured_media":0,"parent":0,"menu_order":0,"comment_status":"closed","ping_status":"closed","template":"page-blank.php","meta":{"footnotes":""},"class_list":["post-79","page","type-page","status-publish","hentry"],"_links":{"self":[{"href":"https:\/\/www.impacttesting.net\/nb\/wp-json\/wp\/v2\/pages\/79","targetHints":{"allow":["GET"]}}],"collection":[{"href":"https:\/\/www.impacttesting.net\/nb\/wp-json\/wp\/v2\/pages"}],"about":[{"href":"https:\/\/www.impacttesting.net\/nb\/wp-json\/wp\/v2\/types\/page"}],"author":[{"embeddable":true,"href":"https:\/\/www.impacttesting.net\/nb\/wp-json\/wp\/v2\/users\/1"}],"replies":[{"embeddable":true,"href":"https:\/\/www.impacttesting.net\/nb\/wp-json\/wp\/v2\/comments?post=79"}],"version-history":[{"count":2,"href":"https:\/\/www.impacttesting.net\/nb\/wp-json\/wp\/v2\/pages\/79\/revisions"}],"predecessor-version":[{"id":84,"href":"https:\/\/www.impacttesting.net\/nb\/wp-json\/wp\/v2\/pages\/79\/revisions\/84"}],"wp:attachment":[{"href":"https:\/\/www.impacttesting.net\/nb\/wp-json\/wp\/v2\/media?parent=79"}],"curies":[{"name":"wp","href":"https:\/\/api.w.org\/{rel}","templated":true}]}}