{"id":74,"date":"2025-12-24T06:33:06","date_gmt":"2025-12-24T06:33:06","guid":{"rendered":"https:\/\/www.impacttesting.net\/?page_id=74"},"modified":"2025-12-24T06:33:06","modified_gmt":"2025-12-24T06:33:06","slug":"ball-drop-tester","status":"publish","type":"page","link":"https:\/\/www.impacttesting.net\/nb\/ball-drop-tester\/","title":{"rendered":"FBT-01 Ball Drop Tester"},"content":{"rendered":"<section class=\"section\" id=\"section_755670067\">\n\t\t<div class=\"bg section-bg fill bg-fill  bg-loaded\" >\n\n\t\t\t\n\t\t\t\n\t\t\t\n\n\t\t<\/div>\n\n\t\t\n\n\t\t<div class=\"section-content relative\">\n\t\t\t\n\n<div class=\"row\"  id=\"row-962070633\">\n\n\n\t<div id=\"col-1476565118\" class=\"col small-12 large-12\"  >\n\t\t\t\t<div class=\"col-inner\" style=\"background-color:rgb(92, 171, 188);\" >\n\t\t\t\n\t\t\t\n\n<div class=\"row\"  id=\"row-1450908497\">\n\n\n\t<div id=\"col-331162071\" class=\"col small-12 large-12\"  >\n\t\t\t\t<div class=\"col-inner\"  >\n\t\t\t\n\t\t\t\n\n\t<div id=\"text-404519796\" class=\"text\">\n\t\t\n\n<h1>FBT-01 Ball Drop Tester<\/h1>\n\t\t\n<style>\n#text-404519796 {\n  font-size: 1.5rem;\n  text-align: center;\n}\n<\/style>\n\t<\/div>\n\t\n\n\t\t<\/div>\n\t\t\t\t\n<style>\n#col-331162071 > .col-inner {\n  padding: 50px 10px 10px 10px;\n}\n<\/style>\n\t<\/div>\n\n\t\n\n<\/div>\n<div class=\"row align-middle align-center\"  id=\"row-1825252854\">\n\n\n\t<div id=\"col-778308536\" class=\"col medium-11 small-12 large-11\"  >\n\t\t\t\t<div class=\"col-inner\"  >\n\t\t\t\n\t\t\t\n\n<div class=\"row align-middle align-center\"  id=\"row-459980715\">\n\n\n\t<div id=\"col-1865944927\" class=\"col medium-7 small-12 large-7\"  >\n\t\t\t\t<div class=\"col-inner\"  >\n\t\t\t\n\t\t\t\n\n<div class=\"row\"  id=\"row-649925037\">\n\n\n\t<div id=\"col-1983200774\" class=\"col small-12 large-12\"  >\n\t\t\t\t<div class=\"col-inner text-center\"  >\n\t\t\t\n\t\t\t\n\n\t<div id=\"text-33020097\" class=\"text\">\n\t\t\n\n<p>Den <a href=\"https:\/\/www.impacttesting.net\/nb\/ball-drop-tester\/\"><strong>ballfalltester<\/strong><\/a> er et viktig instrument som brukes til \u00e5 evaluere slagfastheten til materialer som plastplater, filmer og vernebriller. Denne testen er avgj\u00f8rende i bransjer som emballasje-, bil- og sikkerhetsutstyrsproduksjon, for \u00e5 sikre at materialene kan motst\u00e5 ytre krefter uten \u00e5 ta vesentlig skade.<\/p>\n\t\t\n<style>\n#text-33020097 {\n  color: rgb(0, 0, 0);\n}\n#text-33020097 > * {\n  color: rgb(0, 0, 0);\n}\n<\/style>\n\t<\/div>\n\t\n\n\t\t<\/div>\n\t\t\t\t\t<\/div>\n\n\t\n\n\t<div id=\"col-1970528514\" class=\"col small-12 large-12\"  >\n\t\t\t\t<div class=\"col-inner text-center\"  >\n\t\t\t\n\t\t\t\n\n<a href=\"https:\/\/www.impacttesting.net\/nb\/contact-us\/\" class=\"button primary is-outline\"  style=\"border-radius:99px;\">\n    <span>Kontakt oss<\/span>\n  <i class=\"icon-chat\" aria-hidden=\"true\" ><\/i><\/a>\n\n\n\n\t\t<\/div>\n\t\t\t\t\t<\/div>\n\n\t\n\n<\/div>\n\n\t\t<\/div>\n\t\t\t\t\t<\/div>\n\n\t\n\n\t<div id=\"col-1273281187\" class=\"col medium-3 small-12 large-3\"  >\n\t\t\t\t<div class=\"col-inner\"  >\n\t\t\t\n\t\t\t\n\n<div class=\"row\"  id=\"row-1905452612\">\n\n\n\t<div id=\"col-1986107871\" class=\"col small-12 large-12\"  >\n\t\t\t\t<div class=\"col-inner text-center\"  >\n\t\t\t\n\t\t\t\n\n\t<div class=\"img has-hover x md-x lg-x y md-y lg-y\" id=\"image_738365856\">\n\t\t\t\t\t\t\t\t<div class=\"img-inner dark\" >\n\t\t\t<img decoding=\"async\" width=\"318\" height=\"800\" src=\"https:\/\/www.impacttesting.net\/wp-content\/uploads\/2025\/12\/Ball-Drop-Tester-Ball-Impact-Test-for-Safety-Glasses-318x800.webp\" class=\"attachment-large size-large\" alt=\"Ball Drop Tester - Ball Impact Test for vernebriller\" srcset=\"https:\/\/www.impacttesting.net\/wp-content\/uploads\/2025\/12\/Ball-Drop-Tester-Ball-Impact-Test-for-Safety-Glasses-318x800.webp 318w, https:\/\/www.impacttesting.net\/wp-content\/uploads\/2025\/12\/Ball-Drop-Tester-Ball-Impact-Test-for-Safety-Glasses-159x400.webp 159w, https:\/\/www.impacttesting.net\/wp-content\/uploads\/2025\/12\/Ball-Drop-Tester-Ball-Impact-Test-for-Safety-Glasses-768x1934.webp 768w, https:\/\/www.impacttesting.net\/wp-content\/uploads\/2025\/12\/Ball-Drop-Tester-Ball-Impact-Test-for-Safety-Glasses-610x1536.webp 610w, https:\/\/www.impacttesting.net\/wp-content\/uploads\/2025\/12\/Ball-Drop-Tester-Ball-Impact-Test-for-Safety-Glasses-813x2048.webp 813w, https:\/\/www.impacttesting.net\/wp-content\/uploads\/2025\/12\/Ball-Drop-Tester-Ball-Impact-Test-for-Safety-Glasses-scaled.webp 1017w\" sizes=\"(max-width: 318px) 100vw, 318px\" \/>\t\t\t\t\t\t\n\t\t\t\t\t<\/div>\n\t\t\t\t\t\t\t\t\n<style>\n#image_738365856 {\n  width: 80%;\n}\n<\/style>\n\t<\/div>\n\t\n\n\n\t\t<\/div>\n\t\t\t\t\t<\/div>\n\n\t\n\n<\/div>\n\n\t\t<\/div>\n\t\t\t\t\t<\/div>\n\n\t\n\n<\/div>\n\n\t\t<\/div>\n\t\t\t\t\t<\/div>\n\n\t\n\n<\/div>\n\n\t\t<\/div>\n\t\t\t\t\t<\/div>\n\n\t\n\n\n<style>\n#row-962070633 > .col > .col-inner {\n  border-radius: 25px;\n}\n<\/style>\n<\/div>\n\n\t\t<\/div>\n\n\t\t\n<style>\n#section_755670067 {\n  padding-top: 30px;\n  padding-bottom: 30px;\n}\n<\/style>\n\t<\/section>\n\t\n\t<section class=\"section\" id=\"section_429805118\">\n\t\t<div class=\"bg section-bg fill bg-fill  bg-loaded\" >\n\n\t\t\t\n\t\t\t\n\t\t\t\n\n\t\t<\/div>\n\n\t\t\n\n\t\t<div class=\"section-content relative\">\n\t\t\t\n\n<div class=\"row\"  id=\"row-919948591\">\n\n\n\t<div id=\"col-12015035\" class=\"col small-12 large-12\"  >\n\t\t\t\t<div class=\"col-inner\"  >\n\t\t\t\n\t\t\t\n\n<div class=\"row\"  id=\"row-1056074801\">\n\n\n\t<div id=\"col-41692780\" class=\"col small-12 large-12\"  >\n\t\t\t\t<div class=\"col-inner\"  >\n\t\t\t\n\t\t\t\n\n<div class=\"row align-middle align-center\"  id=\"row-2134285498\">\n\n\n\t<div id=\"col-1026552245\" class=\"col medium-5 small-12 large-5\"  >\n\t\t\t\t<div class=\"col-inner text-center\"  >\n\t\t\t\n\t\t\t\n\n\t<div class=\"img has-hover x md-x lg-x y md-y lg-y\" id=\"image_1885160645\">\n\t\t\t\t\t\t\t\t<div class=\"img-inner dark\" >\n\t\t\t<img decoding=\"async\" width=\"600\" height=\"720\" src=\"https:\/\/www.impacttesting.net\/wp-content\/uploads\/2025\/12\/Ball-Drop-Tester.webp\" class=\"attachment-large size-large\" alt=\"Ball Drop Tester\" srcset=\"https:\/\/www.impacttesting.net\/wp-content\/uploads\/2025\/12\/Ball-Drop-Tester.webp 600w, https:\/\/www.impacttesting.net\/wp-content\/uploads\/2025\/12\/Ball-Drop-Tester-333x400.webp 333w\" sizes=\"(max-width: 600px) 100vw, 600px\" \/>\t\t\t\t\t\t\n\t\t\t\t\t<\/div>\n\t\t\t\t\t\t\t\t\n<style>\n#image_1885160645 {\n  width: 100%;\n}\n<\/style>\n\t<\/div>\n\t\n\n\n\t\t<\/div>\n\t\t\t\t\t<\/div>\n\n\t\n\n\t<div id=\"col-1859353164\" class=\"col medium-7 small-12 large-7\"  >\n\t\t\t\t<div class=\"col-inner text-left\"  >\n\t\t\t\n\t\t\t\n\n\t<div id=\"text-1506928006\" class=\"text\">\n\t\t\n\n<h2>Forst\u00e5 balldropptesteren<\/h2>\n\t\t\n<style>\n#text-1506928006 {\n  font-size: 1.3rem;\n  text-align: left;\n}\n<\/style>\n\t<\/div>\n\t\n<p>Enheten fungerer ved at en st\u00e5lkule med en spesifisert masse og diameter slippes fra en forh\u00e5ndsbestemt h\u00f8yde ned p\u00e5 pr\u00f8ven. Graden av skade eller deformasjon analyseres for \u00e5 vurdere slagfastheten. Denne testen er spesielt viktig for \u00e5 overholde sikkerhetsstandarder som <strong><a href=\"https:\/\/www.impacttesting.net\/nb\/ansi-z87-1\/\">ANSI Z87.1<\/a> slagtest<\/strong>.<\/p>\n<a href=\"https:\/\/www.impacttesting.net\/nb\/contact-us\/\" class=\"button primary is-outline\"  style=\"border-radius:99px;\">\n    <span>Kontakt oss<\/span>\n  <\/a>\n\n\n\n\t\t<\/div>\n\t\t\t\t\t<\/div>\n\n\t\n\n<\/div>\n\n\t\t<\/div>\n\t\t\t\t\t<\/div>\n\n\t\n\n<\/div>\n\n\t\t<\/div>\n\t\t\t\t\t<\/div>\n\n\t\n\n<\/div>\n<div class=\"row\"  id=\"row-1679936732\">\n\n\n\t<div id=\"col-1917371841\" class=\"col small-12 large-12\"  >\n\t\t\t\t<div class=\"col-inner\"  >\n\t\t\t\n\t\t\t\n\n<div class=\"row\"  id=\"row-1815952923\">\n\n\n\t<div id=\"col-1525843914\" class=\"col small-12 large-12\"  >\n\t\t\t\t<div class=\"col-inner\"  >\n\t\t\t\n\t\t\t\n\n\t<div id=\"text-1515447139\" class=\"text\">\n\t\t\n\n<h2>ANSI Z87.1 St\u00f8ttest: Viktige krav<\/h2>\n\t\t\n<style>\n#text-1515447139 {\n  font-size: 1.3rem;\n  text-align: center;\n}\n<\/style>\n\t<\/div>\n\t\n\n\t\t<\/div>\n\t\t\t\t\t<\/div>\n\n\t\n\n<\/div>\n<div class=\"row align-middle align-center\"  id=\"row-1042180802\">\n\n\n\t<div id=\"col-1402302614\" class=\"col medium-7 small-12 large-7\"  >\n\t\t\t\t<div class=\"col-inner\"  >\n\t\t\t\n\t\t\t\n\n<p>Den <strong>ANSI Z87.1 slagtest<\/strong> er en standardisert metode for \u00e5 evaluere slagfastheten til vernebriller. Form\u00e5let med denne testen er \u00e5 sikre at vernebriller, beskyttelsesbriller og ansiktsskjermer oppfyller minstekravene til sikkerhet for \u00e5 beskytte brukerne mot prosjektiler med h\u00f8y hastighet.<\/p>\n<h3>Testutstyr og oppsett<\/h3>\n<ul>\n<li>En stiv hodeform brukes til \u00e5 feste pr\u00f8ven i en posisjon med forsiden opp.<\/li>\n<li>A <strong>St\u00e5lkule med en diameter p\u00e5 25,4 mm (1,0 tommer)<\/strong>, veier <strong>68 g (2,4 oz)<\/strong>...fungerer som prosjektil.<\/li>\n<li>St\u00e5lkulen slippes ut fra en <strong>h\u00f8yde p\u00e5 127 cm (50 tommer)<\/strong> gjennom et guidet r\u00f8r.<\/li>\n<li>Hodeformens base har en masse p\u00e5 minst <strong>30 kg (66 lb)<\/strong> for \u00e5 sikre stabilitet under testing.<\/li>\n<\/ul>\n<h3>Testprosedyre<\/h3>\n<ol>\n<li>Testobjektet er sikkert montert p\u00e5 hodeformen, noe som etterligner de virkelige bruksforholdene.<\/li>\n<li>En st\u00f8ttekloss plasseres bak pr\u00f8ven for \u00e5 opprettholde riktig innretting.<\/li>\n<li>St\u00e5lkulen slippes ned p\u00e5 linsen eller materialoverflaten p\u00e5 linje med \u00f8yeomr\u00e5det.<\/li>\n<li>Testen gjentas fire ganger p\u00e5 ulike punkter p\u00e5 linsen for \u00e5 sikre n\u00f8yaktighet.<\/li>\n<li>Slagskadene analyseres for \u00e5 avgj\u00f8re om materialet oppfyller sikkerhetskriteriene.<\/li>\n<\/ol>\n\n\t\t<\/div>\n\t\t\t\t\t<\/div>\n\n\t\n\n\t<div id=\"col-1117552718\" class=\"col medium-4 small-12 large-4\"  >\n\t\t\t\t<div class=\"col-inner\"  >\n\t\t\t\n\t\t\t\n\n<div class=\"video video-fit mb\" style=\"padding-top:200%;\"><iframe title=\"Fallende kulepr\u00f8ver for plastfilmer og -plater\" width=\"563\" height=\"1000\" src=\"https:\/\/www.youtube.com\/embed\/AvdivZPwIxc?feature=oembed\" frameborder=\"0\" allow=\"accelerometer; autoplay; clipboard-write; encrypted-media; gyroscope; picture-in-picture; web-share\" referrerpolicy=\"strict-origin-when-cross-origin\" allowfullscreen><\/iframe><\/div>\n\n\n\t\t<\/div>\n\t\t\t\t\t<\/div>\n\n\t\n\n<\/div>\n\n\t\t<\/div>\n\t\t\t\t\t<\/div>\n\n\t\n\n<\/div>\n<div class=\"row\"  id=\"row-1582682013\">\n\n\n\t<div id=\"col-396103694\" class=\"col small-12 large-12\"  >\n\t\t\t\t<div class=\"col-inner\"  >\n\t\t\t\n\t\t\t\n\n<div class=\"row\"  id=\"row-518824594\">\n\n\n\t<div id=\"col-774600700\" class=\"col small-12 large-12\"  >\n\t\t\t\t<div class=\"col-inner\"  >\n\t\t\t\n\t\t\t\n\n\t<div id=\"text-2202697866\" class=\"text\">\n\t\t\n\n<h2>FBT-01 Falling Dart Impact Tester<\/h2>\n\t\t\n<style>\n#text-2202697866 {\n  font-size: 1.3rem;\n  text-align: center;\n}\n<\/style>\n\t<\/div>\n\t\n\n\t\t<\/div>\n\t\t\t\t\t<\/div>\n\n\t\n\n<\/div>\n<div class=\"row align-middle align-center\"  id=\"row-1255444525\">\n\n\n\t<div id=\"col-914495784\" class=\"col medium-6 small-12 large-6\"  >\n\t\t\t\t<div class=\"col-inner\"  >\n\t\t\t\n\t\t\t\n\n<h3>N\u00f8kkelfunksjoner:<\/h3>\n<ul>\n<li><strong>Justerbar slagh\u00f8yde<\/strong> for tilpassede testscenarier<\/li>\n<li><strong>Flere alternativer for ballst\u00f8rrelse<\/strong> for varierte testapplikasjoner<\/li>\n<li><strong>Elektromagnetisk kuleoppheng<\/strong> for presis frigj\u00f8ringstidspunkt<\/li>\n<li><strong>Pneumatisk fastspenning av pr\u00f8ver<\/strong> for sikker posisjonering av pr\u00f8ven<\/li>\n<li><strong>Visning av testresultater for flere enheter<\/strong> for enkel tolkning av data<\/li>\n<li><strong>Integrert mikroskriver<\/strong> for dokumentasjon av resultater p\u00e5 stedet<\/li>\n<li><strong>Valgfri profesjonell programvare<\/strong> for avansert dataanalyse<\/li>\n<\/ul>\n\n\t\t<\/div>\n\t\t\t\t\t<\/div>\n\n\t\n\n\t<div id=\"col-1059499875\" class=\"col medium-6 small-12 large-6\"  >\n\t\t\t\t<div class=\"col-inner\"  >\n\t\t\t\n\t\t\t\n\n<h3>Tekniske spesifikasjoner:<\/h3>\n<ul>\n<li><strong>P\u00e5virkningsh\u00f8yde<\/strong>: Justerbar fra 300 mm til 600 mm (kan forlenges etter behov)<\/li>\n<li><strong>Balldiametere<\/strong>: 23 mm, 25 mm, 28,6 mm, 38,1 mm, 50,8 mm<\/li>\n<li><strong>N\u00f8yaktighet<\/strong>: 0,1 g (0,1 J)<\/li>\n<li><strong>St\u00f8rrelse p\u00e5 pr\u00f8ven<\/strong>: Minimum 150 mm x 150 mm<\/li>\n<li><strong>Gassforsyning<\/strong>: 0,6 MPa PU-r\u00f8r (\u03a68 mm)<\/li>\n<li><strong>Str\u00f8mforsyning<\/strong>: AC 110~220V, 50Hz<\/li>\n<\/ul>\n\n\t\t<\/div>\n\t\t\t\t\t<\/div>\n\n\t\n\n<\/div>\n\n\t\t<\/div>\n\t\t\t\t\t<\/div>\n\n\t\n\n<\/div>\n<div class=\"row\"  id=\"row-1649429343\">\n\n\n\t<div id=\"col-553309637\" class=\"col small-12 large-12\"  >\n\t\t\t\t<div class=\"col-inner\"  >\n\t\t\t\n\t\t\t\n\n<div class=\"row\"  id=\"row-1488433991\">\n\n\n\t<div id=\"col-49921525\" class=\"col small-12 large-12\"  >\n\t\t\t\t<div class=\"col-inner\"  >\n\t\t\t\n\t\t\t\n\n\t<div id=\"text-3289254486\" class=\"text\">\n\t\t\n\n<h2>Ball Impact Test: Faktorer som p\u00e5virker resultatene<\/h2>\n\t\t\n<style>\n#text-3289254486 {\n  font-size: 1.3rem;\n  text-align: center;\n}\n<\/style>\n\t<\/div>\n\t\n\n\t\t<\/div>\n\t\t\t\t\t<\/div>\n\n\t\n\n\t<div id=\"col-1874382348\" class=\"col small-12 large-12\"  >\n\t\t\t\t<div class=\"col-inner\"  >\n\t\t\t\n\t\t\t\n\n<p>Kuleslagstesten m\u00e5ler hvor godt materialer t\u00e5ler kraftig kontakt med et fallende objekt. Flere faktorer p\u00e5virker testresultatene:<\/p>\n<h4>1. Fallh\u00f8yde<\/h4>\n<p>H\u00f8yere fallh\u00f8yder genererer st\u00f8rre nedslagsenergi, noe som simulerer mer ekstreme scenarier i den virkelige verden.<\/p>\n<h4>2. Kulest\u00f8rrelse og masse<\/h4>\n<p>St\u00f8rre og tyngre kuler ut\u00f8ver st\u00f8rre kraft ved sammenst\u00f8t, noe som p\u00e5virker hvor mye et materiale deformeres eller g\u00e5r i stykker.<\/p>\n<h4>3. Materialegenskaper<\/h4>\n<p>Seighet, tykkelse og elastisitet bidrar alle til hvordan et materiale absorberer og sprer slagenergi.<\/p>\n\n\t\t<\/div>\n\t\t\t\t\t<\/div>\n\n\t\n\n<\/div>\n\n\t\t<\/div>\n\t\t\t\t\t<\/div>\n\n\t\n\n<\/div>\n\n\t\t<\/div>\n\n\t\t\n<style>\n#section_429805118 {\n  padding-top: 30px;\n  padding-bottom: 30px;\n}\n<\/style>\n\t<\/section>\n\t\n\t<section class=\"section\" id=\"section_1058980953\">\n\t\t<div class=\"bg section-bg fill bg-fill  bg-loaded\" >\n\n\t\t\t\n\t\t\t\n\t\t\t\n\n\t\t<\/div>\n\n\t\t\n\n\t\t<div class=\"section-content relative\">\n\t\t\t\n\n<div class=\"row\"  id=\"row-626606534\">\n\n\n\t<div id=\"col-753407256\" class=\"col small-12 large-12\"  >\n\t\t\t\t<div class=\"col-inner\"  >\n\t\t\t\n\t\t\t\n\n<div class=\"row align-equal align-center\"  id=\"row-694386830\">\n\n\n\t<div id=\"col-1713358491\" class=\"col small-12 large-12\"  >\n\t\t\t\t<div class=\"col-inner\"  >\n\t\t\t\n\t\t\t\n\n\t<div id=\"text-3727786878\" class=\"text\">\n\t\t\n\n<h2>Hvorfor velge Impacttesting.net's<br \/>FBT-01 Ball Drop Tester<\/h2>\n\t\t\n<style>\n#text-3727786878 {\n  font-size: 1.4rem;\n  text-align: center;\n}\n<\/style>\n\t<\/div>\n\t\n\n\t\t<\/div>\n\t\t\t\t\t<\/div>\n\n\t\n\n\t<div id=\"col-373697853\" class=\"col medium-6 small-12 large-6\"  >\n\t\t\t\t<div class=\"col-inner text-center\"  >\n\t\t\t\n\t\t\t\n\n\t<div id=\"text-3706207112\" class=\"text\">\n\t\t\n\n<p>Den <strong>ballfalltester<\/strong> er et viktig verkt\u00f8y for produsenter og kvalitetskontroll\u00f8rer. Det bidrar til \u00e5 sikre at materialene oppfyller kravene til slagfasthet, noe som gir tillit til produktenes holdbarhet og brukernes sikkerhet. Enten du tester vernebriller under <a href=\"https:\/\/www.impacttesting.net\/nb\/ansi-z87-1\/\"><strong>ANSI Z87.1-standarder<\/strong><\/a> eller gjennomf\u00f8re generelle <strong>kuleslagstester<\/strong>spiller denne metoden en viktig rolle i vurderingen av materialets ytelse.<\/p>\n\t\t\n<style>\n#text-3706207112 {\n  font-size: 1.1rem;\n  line-height: 2;\n}\n<\/style>\n\t<\/div>\n\t\n<a href=\"https:\/\/www.impacttesting.net\/nb\/contact-us\/\" class=\"button primary is-outline\"  style=\"border-radius:99px;\">\n    <span>Kontakt oss<\/span>\n  <i class=\"icon-chat\" aria-hidden=\"true\" ><\/i><\/a>\n\n\n\n\t\t<\/div>\n\t\t\t\t\t<\/div>\n\n\t\n\n\t<div id=\"col-1687169413\" class=\"col medium-4 small-12 large-4\"  >\n\t\t\t\t<div class=\"col-inner text-center\"  >\n\t\t\t\n\t\t\t\n\n\n<div class=\"wpcf7 no-js\" id=\"wpcf7-f10-o1\" lang=\"en-US\" dir=\"ltr\" data-wpcf7-id=\"10\">\n<div class=\"screen-reader-response\"><p role=\"status\" aria-live=\"polite\" aria-atomic=\"true\"><\/p> <ul><\/ul><\/div>\n<form action=\"\/nb\/wp-json\/wp\/v2\/pages\/74#wpcf7-f10-o1\" method=\"post\" class=\"wpcf7-form init\" aria-label=\"Contact form\" novalidate=\"novalidate\" data-status=\"init\" data-trp-original-action=\"\/nb\/wp-json\/wp\/v2\/pages\/74#wpcf7-f10-o1\">\n<fieldset class=\"hidden-fields-container\"><input type=\"hidden\" name=\"_wpcf7\" value=\"10\" \/><input type=\"hidden\" name=\"_wpcf7_version\" value=\"6.1.4\" \/><input type=\"hidden\" name=\"_wpcf7_locale\" value=\"en_US\" \/><input type=\"hidden\" name=\"_wpcf7_unit_tag\" value=\"wpcf7-f10-o1\" \/><input type=\"hidden\" name=\"_wpcf7_container_post\" value=\"0\" \/><input type=\"hidden\" name=\"_wpcf7_posted_data_hash\" value=\"\" \/><input type=\"hidden\" name=\"_wpcf7_recaptcha_response\" value=\"\" \/>\n<\/fieldset>\n<p><span class=\"wpcf7-form-control-wrap\" data-name=\"Name\"><input size=\"40\" maxlength=\"400\" class=\"wpcf7-form-control wpcf7-text\" aria-invalid=\"false\" placeholder=\"Ditt navn\" value=\"\" type=\"text\" name=\"Name\" \/><\/span><br \/>\n<span class=\"wpcf7-form-control-wrap\" data-name=\"Comapany\"><input size=\"40\" maxlength=\"400\" class=\"wpcf7-form-control wpcf7-text\" aria-invalid=\"false\" placeholder=\"Ditt selskap\" value=\"\" type=\"text\" name=\"Comapany\" \/><\/span><br \/>\n<span class=\"wpcf7-form-control-wrap\" data-name=\"Email\"><input size=\"40\" maxlength=\"400\" class=\"wpcf7-form-control wpcf7-email wpcf7-validates-as-required wpcf7-text wpcf7-validates-as-email\" aria-required=\"true\" aria-invalid=\"false\" placeholder=\"Din e-post*\" value=\"\" type=\"email\" name=\"Email\" \/><\/span><br \/>\n<span class=\"wpcf7-form-control-wrap\" data-name=\"Message\"><textarea cols=\"40\" rows=\"10\" maxlength=\"2000\" class=\"wpcf7-form-control wpcf7-textarea\" aria-invalid=\"false\" placeholder=\"Melding\" name=\"Message\"><\/textarea><\/span>\n<\/p>\n<p><input class=\"wpcf7-form-control wpcf7-submit has-spinner\" type=\"submit\" value=\"Send inn\" \/>\n<\/p><div class=\"wpcf7-response-output\" aria-hidden=\"true\"><\/div>\n<input type=\"hidden\" name=\"trp-form-language\" value=\"nb\"\/><\/form>\n<\/div>\n\n\n\n\t\t<\/div>\n\t\t\t\t\t<\/div>\n\n\t\n\n<\/div>\n\n\t\t<\/div>\n\t\t\t\t\t<\/div>\n\n\t\n\n<\/div>\n\n\t\t<\/div>\n\n\t\t\n<style>\n#section_1058980953 {\n  padding-top: 30px;\n  padding-bottom: 30px;\n  background-color: rgb(232, 234, 241);\n}\n<\/style>\n\t<\/section>","protected":false},"excerpt":{"rendered":"","protected":false},"author":1,"featured_media":0,"parent":0,"menu_order":0,"comment_status":"closed","ping_status":"closed","template":"page-blank.php","meta":{"footnotes":""},"class_list":["post-74","page","type-page","status-publish","hentry"],"_links":{"self":[{"href":"https:\/\/www.impacttesting.net\/nb\/wp-json\/wp\/v2\/pages\/74","targetHints":{"allow":["GET"]}}],"collection":[{"href":"https:\/\/www.impacttesting.net\/nb\/wp-json\/wp\/v2\/pages"}],"about":[{"href":"https:\/\/www.impacttesting.net\/nb\/wp-json\/wp\/v2\/types\/page"}],"author":[{"embeddable":true,"href":"https:\/\/www.impacttesting.net\/nb\/wp-json\/wp\/v2\/users\/1"}],"replies":[{"embeddable":true,"href":"https:\/\/www.impacttesting.net\/nb\/wp-json\/wp\/v2\/comments?post=74"}],"version-history":[{"count":2,"href":"https:\/\/www.impacttesting.net\/nb\/wp-json\/wp\/v2\/pages\/74\/revisions"}],"predecessor-version":[{"id":78,"href":"https:\/\/www.impacttesting.net\/nb\/wp-json\/wp\/v2\/pages\/74\/revisions\/78"}],"wp:attachment":[{"href":"https:\/\/www.impacttesting.net\/nb\/wp-json\/wp\/v2\/media?parent=74"}],"curies":[{"name":"wp","href":"https:\/\/api.w.org\/{rel}","templated":true}]}}