{"id":59,"date":"2025-12-24T05:33:37","date_gmt":"2025-12-24T05:33:37","guid":{"rendered":"https:\/\/www.impacttesting.net\/?page_id=59"},"modified":"2025-12-24T06:11:16","modified_gmt":"2025-12-24T06:11:16","slug":"astm-d3420","status":"publish","type":"page","link":"https:\/\/www.impacttesting.net\/nb\/astm-d3420\/","title":{"rendered":"ASTM D3420"},"content":{"rendered":"<section class=\"section\" id=\"section_552011348\">\n\t\t<div class=\"bg section-bg fill bg-fill  bg-loaded\" >\n\n\t\t\t\n\t\t\t\n\t\t\t\n\n\t\t<\/div>\n\n\t\t\n\n\t\t<div class=\"section-content relative\">\n\t\t\t\n\n<div class=\"row\"  id=\"row-306957129\">\n\n\n\t<div id=\"col-350183612\" class=\"col small-12 large-12\"  >\n\t\t\t\t<div class=\"col-inner\" style=\"background-color:rgb(92, 171, 188);\" >\n\t\t\t\n\t\t\t\n\n<div class=\"row\"  id=\"row-146492745\">\n\n\n\t<div id=\"col-870395971\" class=\"col small-12 large-12\"  >\n\t\t\t\t<div class=\"col-inner\"  >\n\t\t\t\n\t\t\t\n\n\t<div id=\"text-2420651904\" class=\"text\">\n\t\t\n\n<h1>ASTM D1709<\/h1>\n\t\t\n<style>\n#text-2420651904 {\n  font-size: 1.5rem;\n  text-align: center;\n}\n<\/style>\n\t<\/div>\n\t\n\t<div id=\"text-2949446137\" class=\"text\">\n\t\t\n\n<h2>Plastfoliens motstand mot pendelslag<\/h2>\n\t\t\n<style>\n#text-2949446137 {\n  text-align: center;\n}\n<\/style>\n\t<\/div>\n\t\n\n\t\t<\/div>\n\t\t\t\t\n<style>\n#col-870395971 > .col-inner {\n  padding: 50px 10px 10px 10px;\n}\n<\/style>\n\t<\/div>\n\n\t\n\n<\/div>\n<div class=\"row align-middle align-center\"  id=\"row-1090004220\">\n\n\n\t<div id=\"col-836211840\" class=\"col medium-11 small-12 large-11\"  >\n\t\t\t\t<div class=\"col-inner\"  >\n\t\t\t\n\t\t\t\n\n<div class=\"row align-middle align-center\"  id=\"row-534631073\">\n\n\n\t<div id=\"col-2041768915\" class=\"col medium-7 small-12 large-7\"  >\n\t\t\t\t<div class=\"col-inner\"  >\n\t\t\t\n\t\t\t\n\n<div class=\"row\"  id=\"row-263277992\">\n\n\n\t<div id=\"col-321457826\" class=\"col small-12 large-12\"  >\n\t\t\t\t<div class=\"col-inner text-center\"  >\n\t\t\t\n\t\t\t\n\n\t<div id=\"text-206471429\" class=\"text\">\n\t\t\n\n<p>Slagfasthet spiller en viktig rolle n\u00e5r man skal vurdere et materials holdbarhet og ytelse under plutselig belastning. <a href=\"https:\/\/www.impacttesting.net\/nb\/astm-d3420\/\"><strong>ASTM D3420<\/strong><\/a>, standard testmetode for <strong>Plastfoliens motstand mot pendelslag<\/strong>gir en viktig referanse for \u00e5 bestemme seigheten til plastfilmer. Denne metoden er spesielt verdifull for emballasjeingeni\u00f8rer, materialforskere og kvalitetskontroll\u00f8rer som \u00f8nsker \u00e5 sikre at filmene oppfyller bruksspesifikke ytelseskrav.<\/p>\n\t\t\n<style>\n#text-206471429 {\n  color: rgb(0, 0, 0);\n}\n#text-206471429 > * {\n  color: rgb(0, 0, 0);\n}\n<\/style>\n\t<\/div>\n\t\n\n\t\t<\/div>\n\t\t\t\t\t<\/div>\n\n\t\n\n\t<div id=\"col-1836410671\" class=\"col small-12 large-12\"  >\n\t\t\t\t<div class=\"col-inner text-center\"  >\n\t\t\t\n\t\t\t\n\n<a href=\"https:\/\/www.impacttesting.net\/nb\/contact-us\/\" class=\"button primary is-outline\"  style=\"border-radius:99px;\">\n    <span>Kontakt oss<\/span>\n  <i class=\"icon-chat\" aria-hidden=\"true\" ><\/i><\/a>\n\n\n\n\t\t<\/div>\n\t\t\t\t\t<\/div>\n\n\t\n\n<\/div>\n\n\t\t<\/div>\n\t\t\t\t\t<\/div>\n\n\t\n\n\t<div id=\"col-1113357391\" class=\"col medium-5 small-12 large-5\"  >\n\t\t\t\t<div class=\"col-inner\"  >\n\t\t\t\n\t\t\t\n\n<div class=\"row\"  id=\"row-1265336544\">\n\n\n\t<div id=\"col-909800058\" class=\"col small-12 large-12\"  >\n\t\t\t\t<div class=\"col-inner\"  >\n\t\t\t\n\t\t\t\n\n\t<div class=\"img has-hover x md-x lg-x y md-y lg-y\" id=\"image_1622224198\">\n\t\t<a class=\"\" href=\"https:\/\/www.impacttesting.net\/nb\/falling-dart-impact-tester\/\" >\t\t\t\t\t\t<div class=\"img-inner dark\" >\n\t\t\t<img decoding=\"async\" width=\"600\" height=\"440\" src=\"https:\/\/www.impacttesting.net\/wp-content\/uploads\/2025\/12\/ASTM-D3420-Pendulum-Impact-Resistance-of-Plastic-Film.webp\" class=\"attachment-large size-large\" alt=\"ASTM D3420 Pendelslagfasthet for plastfilm\" srcset=\"https:\/\/www.impacttesting.net\/wp-content\/uploads\/2025\/12\/ASTM-D3420-Pendulum-Impact-Resistance-of-Plastic-Film.webp 600w, https:\/\/www.impacttesting.net\/wp-content\/uploads\/2025\/12\/ASTM-D3420-Pendulum-Impact-Resistance-of-Plastic-Film-545x400.webp 545w\" sizes=\"(max-width: 600px) 100vw, 600px\" \/>\t\t\t\t\t\t\n\t\t\t\t\t<\/div>\n\t\t\t\t\t\t<\/a>\t\t\n<style>\n#image_1622224198 {\n  width: 100%;\n}\n<\/style>\n\t<\/div>\n\t\n\n\n\t\t<\/div>\n\t\t\t\t\t<\/div>\n\n\t\n\n<\/div>\n\n\t\t<\/div>\n\t\t\t\t\t<\/div>\n\n\t\n\n<\/div>\n\n\t\t<\/div>\n\t\t\t\t\t<\/div>\n\n\t\n\n<\/div>\n\n\t\t<\/div>\n\t\t\t\t\t<\/div>\n\n\t\n\n\n<style>\n#row-306957129 > .col > .col-inner {\n  border-radius: 25px;\n}\n<\/style>\n<\/div>\n\n\t\t<\/div>\n\n\t\t\n<style>\n#section_552011348 {\n  padding-top: 30px;\n  padding-bottom: 30px;\n}\n<\/style>\n\t<\/section>\n\t\n\t<section class=\"section\" id=\"section_1752319606\">\n\t\t<div class=\"bg section-bg fill bg-fill  bg-loaded\" >\n\n\t\t\t\n\t\t\t\n\t\t\t\n\n\t\t<\/div>\n\n\t\t\n\n\t\t<div class=\"section-content relative\">\n\t\t\t\n\n<div class=\"row\"  id=\"row-1701419262\">\n\n\n\t<div id=\"col-602173318\" class=\"col small-12 large-12\"  >\n\t\t\t\t<div class=\"col-inner\"  >\n\t\t\t\n\t\t\t\n\n<div class=\"row\"  id=\"row-1555450028\">\n\n\n\t<div id=\"col-2123905357\" class=\"col small-12 large-12\"  >\n\t\t\t\t<div class=\"col-inner\"  >\n\t\t\t\n\t\t\t\n\n\t<div id=\"text-1700583986\" class=\"text\">\n\t\t\n\n<h2>ASTM D3420 og dens betydning<\/h2>\n\t\t\n<style>\n#text-1700583986 {\n  font-size: 1.3rem;\n  text-align: center;\n}\n<\/style>\n\t<\/div>\n\t\n\n\t\t<\/div>\n\t\t\t\t\t<\/div>\n\n\t\n\n\t<div id=\"col-1547320068\" class=\"col small-12 large-12\"  >\n\t\t\t\t<div class=\"col-inner\"  >\n\t\t\t\n\t\t\t\n\n<p>ASTM D3420-standarden definerer en metode for \u00e5 m\u00e5le energien som kreves for \u00e5 punktere en plastfoliepr\u00f8ve ved hjelp av et pendelapparat. Pendelens kinetiske energi etterligner de virkelige kreftene en film kan utsettes for, for eksempel under pakking, frakt eller h\u00e5ndtering. Resultatet gjenspeiler filmens dynamiske strekkoppf\u00f8rsel, noe som gir en mer realistisk vurdering enn statiske strekktester.<\/p>\n\n\t\t<\/div>\n\t\t\t\t\t<\/div>\n\n\t\n\n\t<div id=\"col-1446246632\" class=\"col small-12 large-12\"  >\n\t\t\t\t<div class=\"col-inner\"  >\n\t\t\t\n\t\t\t\n\n\t<div id=\"text-2469898346\" class=\"text\">\n\t\t\n\n<h3>ASTM D3420 - ASTM-standarder for slagpr\u00f8ving av plast<\/h3>\n\t\t\n<style>\n#text-2469898346 {\n  text-align: center;\n}\n<\/style>\n\t<\/div>\n\t\n\n\t\t<\/div>\n\t\t\t\t\t<\/div>\n\n\t\n\n\t<div id=\"col-492562737\" class=\"col small-12 large-12\"  >\n\t\t\t\t<div class=\"col-inner\"  >\n\t\t\t\n\t\t\t\n\n<p>ASTM D3420 fokuserer spesielt p\u00e5 <strong>motstand mot pendelslag<\/strong>noe som gj\u00f8r den til en av de mest relevante <strong>ASTM-standarder for slagpr\u00f8ving av plast<\/strong>. Selv om andre metoder som ASTM D1709 eller D4272 tester lignende egenskaper, er D3420 spesielt fordelaktig fordi:<\/p>\n<ul>\n<li>Det muliggj\u00f8r dynamisk testing ved h\u00f8yere t\u00f8yningshastigheter.<\/li>\n<li>Den tilbyr to testprosedyrer (Prosedyre A og Prosedyre B) med forskjellige pr\u00f8vest\u00f8rrelser og prober.<\/li>\n<li>Den gir energibaserte resultater, noe som gir innsikt i b\u00e5de initiering og forplantning av feil.<\/li>\n<\/ul>\n<p>Denne standarden er mye brukt i evalueringen av filmer laget av <strong>polyetylen, polypropylen, PET<\/strong>og andre vanlige emballasjematerialer.<\/p>\n\n\t\t<\/div>\n\t\t\t\t\t<\/div>\n\n\t\n\n<\/div>\n\n\t\t<\/div>\n\t\t\t\t\t<\/div>\n\n\t\n\n<\/div>\n<div class=\"row\"  id=\"row-44429219\">\n\n\n\t<div id=\"col-1169402575\" class=\"col small-12 large-12\"  >\n\t\t\t\t<div class=\"col-inner\"  >\n\t\t\t\n\t\t\t\n\n<div class=\"row\"  id=\"row-617633611\">\n\n\n\t<div id=\"col-1979025161\" class=\"col small-12 large-12\"  >\n\t\t\t\t<div class=\"col-inner\"  >\n\t\t\t\n\t\t\t\n\n\t<div id=\"text-1376094727\" class=\"text\">\n\t\t\n\n<h2>Relatert pendelslagpr\u00f8ver<\/h2>\n\t\t\n<style>\n#text-1376094727 {\n  font-size: 1.3rem;\n  text-align: center;\n}\n<\/style>\n\t<\/div>\n\t\n\n\t\t<\/div>\n\t\t\t\t\t<\/div>\n\n\t\n\n<\/div>\n<div class=\"row\"  id=\"row-866170058\">\n\n\n\t<div id=\"col-2126097794\" class=\"col medium-6 small-12 large-6\"  >\n\t\t\t\t<div class=\"col-inner\"  >\n\t\t\t\n\t\t\t\n\n<h3>Testutstyr og oppsett<\/h3>\n<p>For \u00e5 utf\u00f8re ASTM D3420-tester trenger du en kalibrert pendelslagpr\u00f8vetester. Den <a href=\"https:\/\/www.impacttesting.net\/nb\/pendulum-impact-tester\/\"><strong>PIT-01 Pendelst\u00f8ttester<\/strong><\/a> fra <strong>Cell Instruments<\/strong> er en utmerket l\u00f8sning som fullt ut oppfyller kravene i ASTM D3420 og tilbyr<\/p>\n<ul>\n<li>Energim\u00e5ling med h\u00f8y presisjon (0,5 J til 5,0 J)<\/li>\n<li>Valgfrie vekter for fleksible testomr\u00e5der<\/li>\n<li>Digital avlesning for enkel datafangst<\/li>\n<li>To utskiftbare slaghoder for prosedyre A (60 mm blender\u00e5pning) og prosedyre B (89 mm blender\u00e5pning)<\/li>\n<\/ul>\n<p>Testeren b\u00f8r monteres p\u00e5 et plant underlag med riktig forankring for tester med h\u00f8yere energi.<\/p>\n\n\t\t<\/div>\n\t\t\t\t\t<\/div>\n\n\t\n\n\t<div id=\"col-1876861568\" class=\"col medium-6 small-12 large-6\"  >\n\t\t\t\t<div class=\"col-inner\"  >\n\t\t\t\n\t\t\t\n\n<h3>Klargj\u00f8ring og kondisjonering av pr\u00f8ver<\/h3>\n<p>Riktig pr\u00f8veforberedelse sikrer n\u00f8yaktige og repeterbare resultater. F\u00f8lg disse trinnene:<\/p>\n<ul>\n<li><strong>Pr\u00f8vetype<\/strong>: Bruk sirkul\u00e6re eller firkantede filmpr\u00f8ver med en diameter p\u00e5 100 mm eller 100\u00d7100 mm.<\/li>\n<li><strong>Tykkelse<\/strong>: M\u00e5l med et mikrometer til n\u00e6rmeste 0,00125 mm.<\/li>\n<li><strong>Konditionering<\/strong>: Forkondisjoner pr\u00f8vene ved 23 \u00b1 2 \u00b0C og 50 \u00b1 10% relativ luftfuktighet (i henhold til ASTM D618) i minst 40 timer.<\/li>\n<\/ul>\n<p>S\u00f8rg for at pr\u00f8vene er <strong>fri for folder, defekter eller ujevn tykkelse<\/strong>, noe som kan gi skjeve resultater.<\/p>\n\n\t\t<\/div>\n\t\t\t\t\t<\/div>\n\n\t\n\n<\/div>\n\n\t\t<\/div>\n\t\t\t\t\t<\/div>\n\n\t\n\n<\/div>\n<div class=\"row\"  id=\"row-2083714329\">\n\n\n\t<div id=\"col-600468744\" class=\"col small-12 large-12\"  >\n\t\t\t\t<div class=\"col-inner\"  >\n\t\t\t\n\t\t\t\n\n<div class=\"row\"  id=\"row-1425232178\">\n\n\n\t<div id=\"col-1425957426\" class=\"col small-12 large-12\"  >\n\t\t\t\t<div class=\"col-inner\"  >\n\t\t\t\n\t\t\t\n\n<div class=\"row\"  id=\"row-147538898\">\n\n\n\t<div id=\"col-1334546233\" class=\"col small-12 large-12\"  >\n\t\t\t\t<div class=\"col-inner\"  >\n\t\t\t\n\t\t\t\n\n\t<div id=\"text-1773209324\" class=\"text\">\n\t\t\n\n<h2>Oversikt over prosedyren for testing av pendelslag<\/h2>\n\t\t\n<style>\n#text-1773209324 {\n  font-size: 1.3rem;\n  text-align: center;\n}\n<\/style>\n\t<\/div>\n\t\n\n\t\t<\/div>\n\t\t\t\t\t<\/div>\n\n\t\n\n<\/div>\n<div class=\"row align-bottom align-center\"  id=\"row-1126483143\">\n\n\n\t<div id=\"col-440200002\" class=\"col medium-7 small-12 large-7\"  >\n\t\t\t\t<div class=\"col-inner\"  >\n\t\t\t\n\t\t\t\n\n<ol>\n<li><strong>Klem fast pr\u00f8ven<\/strong> mellom to sirkul\u00e6re plater.<\/li>\n<li><strong>Hev og l\u00e5s pendelen<\/strong> til utgangsposisjonen.<\/li>\n<li><strong>Nullstill avlesningen<\/strong> og kontroller at den er riktig justert.<\/li>\n<li><strong>Slipp ut pendelen<\/strong> til \u00e5 treffe midten av pr\u00f8ven.<\/li>\n<li><strong>Les av energiverdien<\/strong> fra det digitale eller analoge hjulet.<\/li>\n<\/ol>\n<p>Gjenta denne testen p\u00e5 minst fem pr\u00f8ver for \u00e5 f\u00e5 en gjennomsnittsverdi for rapportering.<\/p>\n<p>Merk: Hvis pendelen ikke klarer \u00e5 punktere filmen, m\u00e5 du \u00f8ke slagenergien ved \u00e5 legge til ekstra vekter eller bruke en tynnere pr\u00f8ve.<\/p>\n\n\t\t<\/div>\n\t\t\t\t\t<\/div>\n\n\t\n\n\t<div id=\"col-3286644\" class=\"col medium-5 small-12 large-5\"  >\n\t\t\t\t<div class=\"col-inner\"  >\n\t\t\t\n\t\t\t\n\n<div class=\"video video-fit mb\" style=\"padding-top:56.25%;\"><iframe title=\"ASTM D3420 Pendelslagstester for slagtester for plastfilmark\" width=\"1020\" height=\"574\" src=\"https:\/\/www.youtube.com\/embed\/vEx4esxMESw?feature=oembed\" frameborder=\"0\" allow=\"accelerometer; autoplay; clipboard-write; encrypted-media; gyroscope; picture-in-picture; web-share\" referrerpolicy=\"strict-origin-when-cross-origin\" allowfullscreen><\/iframe><\/div>\n\n\n\t\t<\/div>\n\t\t\t\t\t<\/div>\n\n\t\n\n<\/div>\n\n\t\t<\/div>\n\t\t\t\t\t<\/div>\n\n\t\n\n<\/div>\n\n\t\t<\/div>\n\t\t\t\t\t<\/div>\n\n\t\n\n<\/div>\n<div class=\"row\"  id=\"row-1298809315\">\n\n\n\t<div id=\"col-1988575386\" class=\"col small-12 large-12\"  >\n\t\t\t\t<div class=\"col-inner\"  >\n\t\t\t\n\t\t\t\n\n<div class=\"row\"  id=\"row-1036324402\">\n\n\n\t<div id=\"col-1763499645\" class=\"col small-12 large-12\"  >\n\t\t\t\t<div class=\"col-inner\"  >\n\t\t\t\n\t\t\t\n\n<div class=\"row\"  id=\"row-165976952\">\n\n\n\t<div id=\"col-1890483181\" class=\"col small-12 large-12\"  >\n\t\t\t\t<div class=\"col-inner\"  >\n\t\t\t\n\t\t\t\n\n\t<div id=\"text-3609516382\" class=\"text\">\n\t\t\n\n<h2>Tolkning av data og analyse av resultater<\/h2>\n\t\t\n<style>\n#text-3609516382 {\n  font-size: 1.3rem;\n  text-align: center;\n}\n<\/style>\n\t<\/div>\n\t\n\n\t\t<\/div>\n\t\t\t\t\t<\/div>\n\n\t\n\n<\/div>\n<div class=\"row align-middle align-center\"  id=\"row-1859945202\">\n\n\n\t<div id=\"col-686538813\" class=\"col medium-5 small-12 large-5\"  >\n\t\t\t\t<div class=\"col-inner\"  >\n\t\t\t\n\t\t\t\n\n<ol>\n<li>Sluttresultatet representerer energien (i joule) som kreves for \u00e5 punktere filmen. Dette er et direkte m\u00e5l p\u00e5 materialets slagfasthet. H\u00f8yere verdier indikerer t\u00f8ffere filmer.<\/li>\n<li>N\u00e5r man sammenligner materialer eller batcher, er det avgj\u00f8rende \u00e5 sikre konsistente tykkelser, milj\u00f8forhold og klemmeinnstillinger for \u00e5 eliminere variabilitet.<\/li>\n<\/ol>\n\n\t\t<\/div>\n\t\t\t\t\t<\/div>\n\n\t\n\n\t<div id=\"col-1115269366\" class=\"col medium-5 small-12 large-5\"  >\n\t\t\t\t<div class=\"col-inner\"  >\n\t\t\t\n\t\t\t\n\n\t<div class=\"img has-hover x md-x lg-x y md-y lg-y\" id=\"image_502251557\">\n\t\t\t\t\t\t\t\t<div class=\"img-inner dark\" >\n\t\t\t<img decoding=\"async\" width=\"600\" height=\"440\" src=\"https:\/\/www.impacttesting.net\/wp-content\/uploads\/2025\/12\/ASTM-D3420-Pendulum-Impact-Resistance-of-Plastic-Film.webp\" class=\"attachment-large size-large\" alt=\"ASTM D3420 Pendelslagfasthet for plastfilm\" srcset=\"https:\/\/www.impacttesting.net\/wp-content\/uploads\/2025\/12\/ASTM-D3420-Pendulum-Impact-Resistance-of-Plastic-Film.webp 600w, https:\/\/www.impacttesting.net\/wp-content\/uploads\/2025\/12\/ASTM-D3420-Pendulum-Impact-Resistance-of-Plastic-Film-545x400.webp 545w\" sizes=\"(max-width: 600px) 100vw, 600px\" \/>\t\t\t\t\t\t\n\t\t\t\t\t<\/div>\n\t\t\t\t\t\t\t\t\n<style>\n#image_502251557 {\n  width: 100%;\n}\n<\/style>\n\t<\/div>\n\t\n\n\n\t\t<\/div>\n\t\t\t\t\t<\/div>\n\n\t\n\n<\/div>\n\n\t\t<\/div>\n\t\t\t\t\t<\/div>\n\n\t\n\n<\/div>\n\n\t\t<\/div>\n\t\t\t\t\t<\/div>\n\n\t\n\n<\/div>\n\n\t\t<\/div>\n\n\t\t\n<style>\n#section_1752319606 {\n  padding-top: 30px;\n  padding-bottom: 30px;\n}\n<\/style>\n\t<\/section>\n\t\n\t<section class=\"section\" id=\"section_1001465271\">\n\t\t<div class=\"bg section-bg fill bg-fill  bg-loaded\" >\n\n\t\t\t\n\t\t\t\n\t\t\t\n\n\t\t<\/div>\n\n\t\t\n\n\t\t<div class=\"section-content relative\">\n\t\t\t\n\n<div class=\"row\"  id=\"row-1978775014\">\n\n\n\t<div id=\"col-1484496148\" class=\"col small-12 large-12\"  >\n\t\t\t\t<div class=\"col-inner\"  >\n\t\t\t\n\t\t\t\n\n<div class=\"row align-center\"  id=\"row-1252899338\">\n\n\n\t<div id=\"col-1112522517\" class=\"col small-12 large-12\"  >\n\t\t\t\t<div class=\"col-inner\"  >\n\t\t\t\n\t\t\t\n\n\t<div id=\"text-4092239466\" class=\"text\">\n\t\t\n\n<h2>Hvorfor velge Impacttesting.net's<br \/>PIT-01 Pendelst\u00f8ttester<\/h2>\n\t\t\n<style>\n#text-4092239466 {\n  font-size: 1.4rem;\n  text-align: center;\n}\n<\/style>\n\t<\/div>\n\t\n\n\t\t<\/div>\n\t\t\t\t\t<\/div>\n\n\t\n\n\t<div id=\"col-2024241991\" class=\"col small-12 large-12\"  >\n\t\t\t\t<div class=\"col-inner\"  >\n\t\t\t\n\t\t\t\n\n<p>Den <a href=\"https:\/\/www.impacttesting.net\/nb\/pendulum-impact-tester\/\"><strong>PIT-01 Pendelst\u00f8ttester<\/strong><\/a> fra Impacttesting.net er avansert teknikk og brukervennlig grensesnitt gj\u00f8r den ideell for:<\/p>\n\n\t\t<\/div>\n\t\t\t\t\t<\/div>\n\n\t\n\n\t<div id=\"col-1560289166\" class=\"col medium-7 small-12 large-7\"  >\n\t\t\t\t<div class=\"col-inner text-center\"  >\n\t\t\t\n\t\t\t\n\n\t<div id=\"text-635407429\" class=\"text\">\n\t\t\n\n<p>Kvalitetskontroll av emballasjefilm<br \/>FoU-testing i laboratorium<br \/>Overholdelse av <a href=\"https:\/\/www.impacttesting.net\/nb\/astm-d3420\/\"><strong>ASTM D3420<\/strong><\/a> og relaterte standarder<\/p>\n\t\t\n<style>\n#text-635407429 {\n  font-size: 1.1rem;\n  line-height: 1.3;\n}\n<\/style>\n\t<\/div>\n\t\n\t<div id=\"text-203769201\" class=\"text\">\n\t\t\n\n<p>Ved \u00e5 ta i bruk PIT-01 f\u00e5r brukerne tillit til <strong>n\u00f8yaktighet, repeterbarhet og effektivitet<\/strong> av deres effekttestingsprosesser.<\/p>\n\t\t\n<style>\n#text-203769201 {\n  font-size: 1.1rem;\n}\n<\/style>\n\t<\/div>\n\t\n<a href=\"https:\/\/www.impacttesting.net\/nb\/contact-us\/\" class=\"button primary is-outline\"  style=\"border-radius:99px;\">\n    <span>Kontakt oss<\/span>\n  <i class=\"icon-chat\" aria-hidden=\"true\" ><\/i><\/a>\n\n\n\n\t\t<\/div>\n\t\t\t\t\t<\/div>\n\n\t\n\n\t<div id=\"col-795149624\" class=\"col medium-4 small-12 large-4\"  >\n\t\t\t\t<div class=\"col-inner text-center\"  >\n\t\t\t\n\t\t\t\n\n\n<div class=\"wpcf7 no-js\" id=\"wpcf7-f10-o1\" lang=\"en-US\" dir=\"ltr\" data-wpcf7-id=\"10\">\n<div class=\"screen-reader-response\"><p role=\"status\" aria-live=\"polite\" aria-atomic=\"true\"><\/p> <ul><\/ul><\/div>\n<form action=\"\/nb\/wp-json\/wp\/v2\/pages\/59#wpcf7-f10-o1\" method=\"post\" class=\"wpcf7-form init\" aria-label=\"Contact form\" novalidate=\"novalidate\" data-status=\"init\" data-trp-original-action=\"\/nb\/wp-json\/wp\/v2\/pages\/59#wpcf7-f10-o1\">\n<fieldset class=\"hidden-fields-container\"><input type=\"hidden\" name=\"_wpcf7\" value=\"10\" \/><input type=\"hidden\" name=\"_wpcf7_version\" value=\"6.1.4\" \/><input type=\"hidden\" name=\"_wpcf7_locale\" value=\"en_US\" \/><input type=\"hidden\" name=\"_wpcf7_unit_tag\" value=\"wpcf7-f10-o1\" \/><input type=\"hidden\" name=\"_wpcf7_container_post\" value=\"0\" \/><input type=\"hidden\" name=\"_wpcf7_posted_data_hash\" value=\"\" \/><input type=\"hidden\" name=\"_wpcf7_recaptcha_response\" value=\"\" \/>\n<\/fieldset>\n<p><span class=\"wpcf7-form-control-wrap\" data-name=\"Name\"><input size=\"40\" maxlength=\"400\" class=\"wpcf7-form-control wpcf7-text\" aria-invalid=\"false\" placeholder=\"Ditt navn\" value=\"\" type=\"text\" name=\"Name\" \/><\/span><br \/>\n<span class=\"wpcf7-form-control-wrap\" data-name=\"Comapany\"><input size=\"40\" maxlength=\"400\" class=\"wpcf7-form-control wpcf7-text\" aria-invalid=\"false\" placeholder=\"Ditt selskap\" value=\"\" type=\"text\" name=\"Comapany\" \/><\/span><br \/>\n<span class=\"wpcf7-form-control-wrap\" data-name=\"Email\"><input size=\"40\" maxlength=\"400\" class=\"wpcf7-form-control wpcf7-email wpcf7-validates-as-required wpcf7-text wpcf7-validates-as-email\" aria-required=\"true\" aria-invalid=\"false\" placeholder=\"Din e-post*\" value=\"\" type=\"email\" name=\"Email\" \/><\/span><br \/>\n<span class=\"wpcf7-form-control-wrap\" data-name=\"Message\"><textarea cols=\"40\" rows=\"10\" maxlength=\"2000\" class=\"wpcf7-form-control wpcf7-textarea\" aria-invalid=\"false\" placeholder=\"Melding\" name=\"Message\"><\/textarea><\/span>\n<\/p>\n<p><input class=\"wpcf7-form-control wpcf7-submit has-spinner\" type=\"submit\" value=\"Send inn\" \/>\n<\/p><div class=\"wpcf7-response-output\" aria-hidden=\"true\"><\/div>\n<input type=\"hidden\" name=\"trp-form-language\" value=\"nb\"\/><\/form>\n<\/div>\n\n\n\n\t\t<\/div>\n\t\t\t\t\t<\/div>\n\n\t\n\n<\/div>\n\n\t\t<\/div>\n\t\t\t\t\t<\/div>\n\n\t\n\n<\/div>\n\n\t\t<\/div>\n\n\t\t\n<style>\n#section_1001465271 {\n  padding-top: 30px;\n  padding-bottom: 30px;\n  background-color: rgb(232, 234, 241);\n}\n<\/style>\n\t<\/section>","protected":false},"excerpt":{"rendered":"","protected":false},"author":1,"featured_media":0,"parent":0,"menu_order":0,"comment_status":"closed","ping_status":"closed","template":"page-blank.php","meta":{"footnotes":""},"class_list":["post-59","page","type-page","status-publish","hentry"],"_links":{"self":[{"href":"https:\/\/www.impacttesting.net\/nb\/wp-json\/wp\/v2\/pages\/59","targetHints":{"allow":["GET"]}}],"collection":[{"href":"https:\/\/www.impacttesting.net\/nb\/wp-json\/wp\/v2\/pages"}],"about":[{"href":"https:\/\/www.impacttesting.net\/nb\/wp-json\/wp\/v2\/types\/page"}],"author":[{"embeddable":true,"href":"https:\/\/www.impacttesting.net\/nb\/wp-json\/wp\/v2\/users\/1"}],"replies":[{"embeddable":true,"href":"https:\/\/www.impacttesting.net\/nb\/wp-json\/wp\/v2\/comments?post=59"}],"version-history":[{"count":5,"href":"https:\/\/www.impacttesting.net\/nb\/wp-json\/wp\/v2\/pages\/59\/revisions"}],"predecessor-version":[{"id":75,"href":"https:\/\/www.impacttesting.net\/nb\/wp-json\/wp\/v2\/pages\/59\/revisions\/75"}],"wp:attachment":[{"href":"https:\/\/www.impacttesting.net\/nb\/wp-json\/wp\/v2\/media?parent=59"}],"curies":[{"name":"wp","href":"https:\/\/api.w.org\/{rel}","templated":true}]}}