{"id":48,"date":"2025-12-24T03:25:25","date_gmt":"2025-12-24T03:25:25","guid":{"rendered":"https:\/\/www.impacttesting.net\/?page_id=48"},"modified":"2025-12-24T05:48:32","modified_gmt":"2025-12-24T05:48:32","slug":"pendulum-impact-tester","status":"publish","type":"page","link":"https:\/\/www.impacttesting.net\/nb\/pendulum-impact-tester\/","title":{"rendered":"PIT-01 Pendelst\u00f8ttester"},"content":{"rendered":"<section class=\"section\" id=\"section_1392630350\">\n\t\t<div class=\"bg section-bg fill bg-fill  bg-loaded\" >\n\n\t\t\t\n\t\t\t\n\t\t\t\n\n\t\t<\/div>\n\n\t\t\n\n\t\t<div class=\"section-content relative\">\n\t\t\t\n\n<div class=\"row\"  id=\"row-1032792691\">\n\n\n\t<div id=\"col-1348130237\" class=\"col small-12 large-12\"  >\n\t\t\t\t<div class=\"col-inner\" style=\"background-color:rgb(92, 171, 188);\" >\n\t\t\t\n\t\t\t\n\n<div class=\"row\"  id=\"row-993573210\">\n\n\n\t<div id=\"col-1292186698\" class=\"col small-12 large-12\"  >\n\t\t\t\t<div class=\"col-inner\"  >\n\t\t\t\n\t\t\t\n\n\t<div id=\"text-726774273\" class=\"text\">\n\t\t\n\n<h1>PIT-01 Pendelst\u00f8ttester<\/h1>\n\t\t\n<style>\n#text-726774273 {\n  font-size: 1.5rem;\n  text-align: center;\n}\n<\/style>\n\t<\/div>\n\t\n\n\t\t<\/div>\n\t\t\t\t\n<style>\n#col-1292186698 > .col-inner {\n  padding: 50px 10px 10px 10px;\n}\n<\/style>\n\t<\/div>\n\n\t\n\n<\/div>\n<div class=\"row align-middle align-center\"  id=\"row-1547232785\">\n\n\n\t<div id=\"col-1744325289\" class=\"col medium-11 small-12 large-11\"  >\n\t\t\t\t<div class=\"col-inner\"  >\n\t\t\t\n\t\t\t\n\n<div class=\"row align-middle align-center\"  id=\"row-555449980\">\n\n\n\t<div id=\"col-529294464\" class=\"col medium-7 small-12 large-7\"  >\n\t\t\t\t<div class=\"col-inner\"  >\n\t\t\t\n\t\t\t\n\n<div class=\"row\"  id=\"row-736294580\">\n\n\n\t<div id=\"col-1135354249\" class=\"col small-12 large-12\"  >\n\t\t\t\t<div class=\"col-inner text-center\"  >\n\t\t\t\n\t\t\t\n\n\t<div id=\"text-1627618730\" class=\"text\">\n\t\t\n\n<p>Den <strong>pendelslagpr\u00f8ver<\/strong> m\u00e5ler et materials evne til \u00e5 motst\u00e5 plutselige st\u00f8t ved \u00e5 registrere energien som kreves for \u00e5 for\u00e5rsake brudd eller penetrering. <a href=\"https:\/\/www.impacttesting.net\/nb\/astm-d3420\/\"><strong>ASTM D3420<\/strong><\/a> gir en standardisert metode for \u00e5 evaluere slagfastheten til plastfilmer, noe som sikrer konsekvent kvalitetskontroll og materialkarakterisering. Vanlige materialer som testes, inkluderer <strong>plastfilmer, laminater, kompositter, folier og papir som brukes i emballasje<\/strong>, bilindustrien og bygg- og anleggsbransjen.<\/p>\n\t\t\n<style>\n#text-1627618730 {\n  color: rgb(0, 0, 0);\n}\n#text-1627618730 > * {\n  color: rgb(0, 0, 0);\n}\n<\/style>\n\t<\/div>\n\t\n\n\t\t<\/div>\n\t\t\t\t\t<\/div>\n\n\t\n\n\t<div id=\"col-2070257734\" class=\"col small-12 large-12\"  >\n\t\t\t\t<div class=\"col-inner text-center\"  >\n\t\t\t\n\t\t\t\n\n<a href=\"https:\/\/www.impacttesting.net\/nb\/contact-us\/\" class=\"button primary is-outline\"  style=\"border-radius:99px;\">\n    <span>Kontakt oss<\/span>\n  <i class=\"icon-chat\" aria-hidden=\"true\" ><\/i><\/a>\n\n\n\n\t\t<\/div>\n\t\t\t\t\t<\/div>\n\n\t\n\n<\/div>\n\n\t\t<\/div>\n\t\t\t\t\t<\/div>\n\n\t\n\n\t<div id=\"col-1227978300\" class=\"col medium-4 small-12 large-4\"  >\n\t\t\t\t<div class=\"col-inner\"  >\n\t\t\t\n\t\t\t\n\n<div class=\"row\"  id=\"row-276376512\">\n\n\n\t<div id=\"col-112062888\" class=\"col small-12 large-12\"  >\n\t\t\t\t<div class=\"col-inner\"  >\n\t\t\t\n\t\t\t\n\n\t<div class=\"img has-hover x md-x lg-x y md-y lg-y\" id=\"image_960022374\">\n\t\t\t\t\t\t\t\t<div class=\"img-inner dark\" >\n\t\t\t<img decoding=\"async\" width=\"728\" height=\"800\" src=\"https:\/\/www.impacttesting.net\/wp-content\/uploads\/2025\/12\/Pendulum-Impact-Tester-ASTM-D3420-amp-Spencer-Impact-Test-Impact-Testing-728x800.webp\" class=\"attachment-large size-large\" alt=\"Pendelslagtester - ASTM D3420 &amp; Spencer Impact Test - Slagtesting\" srcset=\"https:\/\/www.impacttesting.net\/wp-content\/uploads\/2025\/12\/Pendulum-Impact-Tester-ASTM-D3420-amp-Spencer-Impact-Test-Impact-Testing-728x800.webp 728w, https:\/\/www.impacttesting.net\/wp-content\/uploads\/2025\/12\/Pendulum-Impact-Tester-ASTM-D3420-amp-Spencer-Impact-Test-Impact-Testing-364x400.webp 364w, https:\/\/www.impacttesting.net\/wp-content\/uploads\/2025\/12\/Pendulum-Impact-Tester-ASTM-D3420-amp-Spencer-Impact-Test-Impact-Testing-768x844.webp 768w, https:\/\/www.impacttesting.net\/wp-content\/uploads\/2025\/12\/Pendulum-Impact-Tester-ASTM-D3420-amp-Spencer-Impact-Test-Impact-Testing-1397x1536.webp 1397w, https:\/\/www.impacttesting.net\/wp-content\/uploads\/2025\/12\/Pendulum-Impact-Tester-ASTM-D3420-amp-Spencer-Impact-Test-Impact-Testing.webp 1558w\" sizes=\"(max-width: 728px) 100vw, 728px\" \/>\t\t\t\t\t\t\n\t\t\t\t\t<\/div>\n\t\t\t\t\t\t\t\t\n<style>\n#image_960022374 {\n  width: 100%;\n}\n<\/style>\n\t<\/div>\n\t\n\n\n\t\t<\/div>\n\t\t\t\t\t<\/div>\n\n\t\n\n<\/div>\n\n\t\t<\/div>\n\t\t\t\t\t<\/div>\n\n\t\n\n<\/div>\n\n\t\t<\/div>\n\t\t\t\t\t<\/div>\n\n\t\n\n<\/div>\n\n\t\t<\/div>\n\t\t\t\t\t<\/div>\n\n\t\n\n\n<style>\n#row-1032792691 > .col > .col-inner {\n  border-radius: 25px;\n}\n<\/style>\n<\/div>\n\n\t\t<\/div>\n\n\t\t\n<style>\n#section_1392630350 {\n  padding-top: 30px;\n  padding-bottom: 30px;\n}\n<\/style>\n\t<\/section>\n\t\n\t<section class=\"section\" id=\"section_1012584363\">\n\t\t<div class=\"bg section-bg fill bg-fill  bg-loaded\" >\n\n\t\t\t\n\t\t\t\n\t\t\t\n\n\t\t<\/div>\n\n\t\t\n\n\t\t<div class=\"section-content relative\">\n\t\t\t\n\n<div class=\"row\"  id=\"row-322754941\">\n\n\n\t<div id=\"col-257115575\" class=\"col small-12 large-12\"  >\n\t\t\t\t<div class=\"col-inner\"  >\n\t\t\t\n\t\t\t\n\n<div class=\"row\"  id=\"row-962805495\">\n\n\n\t<div id=\"col-868610479\" class=\"col small-12 large-12\"  >\n\t\t\t\t<div class=\"col-inner\"  >\n\t\t\t\n\t\t\t\n\n<div class=\"row\"  id=\"row-990685196\">\n\n\n\t<div id=\"col-1030191769\" class=\"col small-12 large-12\"  >\n\t\t\t\t<div class=\"col-inner\"  >\n\t\t\t\n\t\t\t\n\n\t<div id=\"text-41661730\" class=\"text\">\n\t\t\n\n<h2>Slik fungerer pendelst\u00f8ttesteren<\/h2>\n\t\t\n<style>\n#text-41661730 {\n  font-size: 1.3rem;\n  text-align: center;\n}\n<\/style>\n\t<\/div>\n\t\n<p>Den <strong>PIT-01 Pendelst\u00f8ttester<\/strong> av <strong>Impacttesting.net<\/strong> er utviklet for \u00e5 gi presise og repeterbare m\u00e5linger av slagfasthet. Testprosessen inneb\u00e6rer f\u00f8lgende:<\/p>\n\n\t\t<\/div>\n\t\t\t\t\t<\/div>\n\n\t\n\n<\/div>\n<div class=\"row align-middle\"  id=\"row-123758523\">\n\n\n\t<div id=\"col-1998508662\" class=\"col medium-6 small-12 large-6\"  >\n\t\t\t\t<div class=\"col-inner\"  >\n\t\t\t\n\t\t\t\n\n<ol>\n<li>Forberedelse av pr\u00f8ven: En pr\u00f8ve med jevn tykkelse og konsistens velges ut.<\/li>\n<li>Klemming av pr\u00f8ven: Filmen festes p\u00e5 plass ved hjelp av et pneumatisk klemmesystem.<\/li>\n<li>Pendelutl\u00f8sning: Pendelen, som er utstyrt med et slaghode, utl\u00f8ses automatisk fra en forh\u00e5ndsdefinert h\u00f8yde.<\/li>\n<li>M\u00e5ling av st\u00f8t: Energien som absorberes av materialet ved st\u00f8t, registreres.<\/li>\n<li>Analyse av data: Resultatene vises p\u00e5 et digitalt grensesnitt, med en mikroskriver (ekstrautstyr) for umiddelbar rapportering.<\/li>\n<\/ol>\n\n\t\t<\/div>\n\t\t\t\t\t<\/div>\n\n\t\n\n\t<div id=\"col-393500379\" class=\"col medium-6 small-12 large-6\"  >\n\t\t\t\t<div class=\"col-inner\"  >\n\t\t\t\n\t\t\t\n\n<div class=\"video video-fit mb\" style=\"padding-top:56.25%;\"><iframe title=\"ASTM D3420 Pendelslagstester for slagtester for plastfilmark\" width=\"1020\" height=\"574\" src=\"https:\/\/www.youtube.com\/embed\/vEx4esxMESw?feature=oembed\" frameborder=\"0\" allow=\"accelerometer; autoplay; clipboard-write; encrypted-media; gyroscope; picture-in-picture; web-share\" referrerpolicy=\"strict-origin-when-cross-origin\" allowfullscreen><\/iframe><\/div>\n\n\n\t\t<\/div>\n\t\t\t\t\t<\/div>\n\n\t\n\n<\/div>\n\n\t\t<\/div>\n\t\t\t\t\t<\/div>\n\n\t\n\n<\/div>\n\n\t\t<\/div>\n\t\t\t\t\t<\/div>\n\n\t\n\n<\/div>\n<div class=\"row\"  id=\"row-211282934\">\n\n\n\t<div id=\"col-385283408\" class=\"col small-12 large-12\"  >\n\t\t\t\t<div class=\"col-inner\"  >\n\t\t\t\n\t\t\t\n\n<div class=\"row\"  id=\"row-254853555\">\n\n\n\t<div id=\"col-350859403\" class=\"col small-12 large-12\"  >\n\t\t\t\t<div class=\"col-inner\"  >\n\t\t\t\n\t\t\t\n\n\t<div id=\"text-3357855859\" class=\"text\">\n\t\t\n\n<h2>ASTM D3420 og Spencer Impact Test<\/h2>\n\t\t\n<style>\n#text-3357855859 {\n  font-size: 1.3rem;\n  text-align: center;\n}\n<\/style>\n\t<\/div>\n\t\n\n\t\t<\/div>\n\t\t\t\t\t<\/div>\n\n\t\n\n\t<div id=\"col-962216714\" class=\"col small-12 large-12\"  >\n\t\t\t\t<div class=\"col-inner\"  >\n\t\t\t\n\t\t\t\n\n<h3>ASTM D3420 - Testmetode for pendelst\u00f8tmotstand for plastfilm<\/h3>\n<p><a href=\"https:\/\/www.impacttesting.net\/nb\/astm-d3420\/\">ASTM D3420<\/a> spesifiserer en metode for \u00e5 bestemme <strong>slagfasthet av plastfilmer<\/strong> ved \u00e5 m\u00e5le energien som kreves for at en pendel skal trenge gjennom en testpr\u00f8ve. Testen er utformet for \u00e5 gi innsikt i et materials dynamiske strekkoppf\u00f8rsel under forhold med h\u00f8y belastning, noe som gj\u00f8r den viktig for evaluering av emballasjematerialer.<\/p>\n<p>De viktigste aspektene ved ASTM D3420 inkluderer<\/p>\n<p>M\u00e5ling av energitapet som oppst\u00e5r n\u00e5r en pendelprobe treffer pr\u00f8velegemet.<br \/>To prosedyrer (A og B) med ulik utvalgsst\u00f8rrelse, med <strong>Prosedyre B, ofte referert til som Spencer Impact Test<\/strong>.<br \/>Viktig i bruksomr\u00e5der som krever h\u00f8y slagfasthet, for eksempel emballasjefilmer til n\u00e6ringsmidler og legemidler.<\/p>\n<h3>Spencer Impact Test: En spesialisert variant<\/h3>\n<p>Den <strong>Spencer Impact Test<\/strong> er en variant av ASTM D3420, vanligvis forbundet med <strong>Prosedyre B<\/strong>, som bruker en <strong>Pr\u00f8venes klemme har en diameter p\u00e5 89 mm<\/strong>. Denne metoden er mye brukt for \u00e5 evaluere filmer som brukes i fleksibel emballasje, og sikrer at materialene t\u00e5ler mekanisk belastning uten \u00e5 revne eller punktere.<\/p>\n\n\t\t<\/div>\n\t\t\t\t\t<\/div>\n\n\t\n\n<\/div>\n\n\t\t<\/div>\n\t\t\t\t\t<\/div>\n\n\t\n\n<\/div>\n<div class=\"row\"  id=\"row-1926139292\">\n\n\n\t<div id=\"col-1372022795\" class=\"col small-12 large-12\"  >\n\t\t\t\t<div class=\"col-inner\"  >\n\t\t\t\n\t\t\t\n\n<div class=\"row\"  id=\"row-2128899831\">\n\n\n\t<div id=\"col-2064359334\" class=\"col small-12 large-12\"  >\n\t\t\t\t<div class=\"col-inner\"  >\n\t\t\t\n\t\t\t\n\n\t<div id=\"text-2642427430\" class=\"text\">\n\t\t\n\n<h2>PIT-01 Pendelst\u00f8ttester<\/h2>\n\t\t\n<style>\n#text-2642427430 {\n  font-size: 1.3rem;\n  text-align: center;\n}\n<\/style>\n\t<\/div>\n\t\n\n\t\t<\/div>\n\t\t\t\t\t<\/div>\n\n\t\n\n<\/div>\n<div class=\"row\"  id=\"row-1398025772\">\n\n\n\t<div id=\"col-937406341\" class=\"col medium-6 small-12 large-6\"  >\n\t\t\t\t<div class=\"col-inner\"  >\n\t\t\t\n\t\t\t\n\n<h3>N\u00f8kkelfunksjoner:<\/h3>\n<p>Cell Instrumentss PIT-01 Pendelslagpr\u00f8vetester har avanserte funksjoner for materialtesting med h\u00f8y presisjon:<\/p>\n<ul>\n<li>PLS-styring og HMI-ber\u00f8ringsskjerm for enkel betjening.<\/li>\n<li>Pneumatisk pr\u00f8veinnspenning for \u00e5 sikre stabil posisjonering.<\/li>\n<li>Automatisk pendelutl\u00f8sning for konsekvent slagtesting.<\/li>\n<li>Automatisk datastatistikk og mikroskriver for effektiv resultatdokumentasjon.<\/li>\n<li>N\u00f8yaktig vinkelm\u00e5ling for n\u00f8yaktige energiberegninger.<\/li>\n<li>RS232-port og programvare (tilleggsutstyr) for avansert dataanalyse.<\/li>\n<\/ul>\n\n\t\t<\/div>\n\t\t\t\t\t<\/div>\n\n\t\n\n\t<div id=\"col-976410491\" class=\"col medium-6 small-12 large-6\"  >\n\t\t\t\t<div class=\"col-inner\"  >\n\t\t\t\n\t\t\t\n\n<h3>Tekniske spesifikasjoner:<\/h3>\n<table width=\"360\">\n<tbody>\n<tr>\n<td style=\"text-align: center;\" width=\"143\">Impact Energy<\/td>\n<td style=\"text-align: center;\" width=\"217\">1 J, 2 J, 3 J<\/td>\n<\/tr>\n<tr>\n<td style=\"text-align: center;\" width=\"143\">Oppl\u00f8sning<\/td>\n<td style=\"text-align: center;\" width=\"217\">\u00a00.001 J<\/td>\n<\/tr>\n<tr>\n<td style=\"text-align: center;\" width=\"143\">St\u00f8rrelse p\u00e5 slaghode<\/td>\n<td style=\"text-align: center;\" width=\"217\">\u042425,4, \u042419, \u042412,7 mm\u00a0<\/td>\n<\/tr>\n<tr>\n<td style=\"text-align: center;\" width=\"143\">Pr\u00f8veklemme<\/td>\n<td style=\"text-align: center;\" width=\"217\">Pneumatisk klemme<\/td>\n<\/tr>\n<tr>\n<td style=\"text-align: center;\" width=\"143\">Klemmediameter<\/td>\n<td style=\"text-align: center;\" width=\"217\">\u042489 mm, \u042460 mm<\/td>\n<\/tr>\n<tr>\n<td style=\"text-align: center;\" width=\"143\">Gassforsyning<\/td>\n<td style=\"text-align: center;\" width=\"217\">0,6 MPa \u03a66 mm PU-slange<\/td>\n<\/tr>\n<tr>\n<td style=\"text-align: center;\" width=\"143\">St\u00f8rrelse p\u00e5 pr\u00f8ven<\/td>\n<td style=\"text-align: center;\" width=\"217\">100*100 mm eller \u0424100 mm<\/td>\n<\/tr>\n<tr>\n<td style=\"text-align: center;\" width=\"143\">Str\u00f8mforsyning\u00a0<\/td>\n<td style=\"text-align: center;\" width=\"217\">AC 110~220V 50Hz<\/td>\n<\/tr>\n<\/tbody>\n<\/table>\n\n\t\t<\/div>\n\t\t\t\t\t<\/div>\n\n\t\n\n<\/div>\n\n\t\t<\/div>\n\t\t\t\t\t<\/div>\n\n\t\n\n<\/div>\n\n\t\t<\/div>\n\n\t\t\n<style>\n#section_1012584363 {\n  padding-top: 30px;\n  padding-bottom: 30px;\n}\n<\/style>\n\t<\/section>\n\t\n\t<section class=\"section\" id=\"section_155638967\">\n\t\t<div class=\"bg section-bg fill bg-fill  bg-loaded\" >\n\n\t\t\t\n\t\t\t\n\t\t\t\n\n\t\t<\/div>\n\n\t\t\n\n\t\t<div class=\"section-content relative\">\n\t\t\t\n\n<div class=\"row\"  id=\"row-1869624241\">\n\n\n\t<div id=\"col-1071850220\" class=\"col small-12 large-12\"  >\n\t\t\t\t<div class=\"col-inner\"  >\n\t\t\t\n\t\t\t\n\n<div class=\"row align-equal align-center\"  id=\"row-134116691\">\n\n\n\t<div id=\"col-1549229210\" class=\"col small-12 large-12\"  >\n\t\t\t\t<div class=\"col-inner\"  >\n\t\t\t\n\t\t\t\n\n\t<div id=\"text-902378430\" class=\"text\">\n\t\t\n\n<h2>Hvorfor velge Impacttesting.net's<br \/>PIT-01 Pendelst\u00f8ttester<\/h2>\n\t\t\n<style>\n#text-902378430 {\n  font-size: 1.4rem;\n  text-align: center;\n}\n<\/style>\n\t<\/div>\n\t\n\n\t\t<\/div>\n\t\t\t\t\t<\/div>\n\n\t\n\n\t<div id=\"col-1079772372\" class=\"col medium-6 small-12 large-6\"  >\n\t\t\t\t<div class=\"col-inner text-center\"  >\n\t\t\t\n\t\t\t\n\n\t<div id=\"text-1103896309\" class=\"text\">\n\t\t\n\n<p>Ved \u00e5 integrere <strong>testing av pendelslag<\/strong> i kvalitetskontrollprosessene dine, kan du forbedre produktenes holdbarhet og samsvar med bransjestandarder. <strong>Impacttesting.net<\/strong> tilbyr toppmoderne l\u00f8sninger for \u00e5 dekke dine behov for materialtesting.<\/p>\n\t\t\n<style>\n#text-1103896309 {\n  font-size: 1.1rem;\n  line-height: 2;\n}\n<\/style>\n\t<\/div>\n\t\n<a href=\"https:\/\/www.impacttesting.net\/nb\/contact-us\/\" class=\"button primary is-outline\"  style=\"border-radius:99px;\">\n    <span>Kontakt oss<\/span>\n  <i class=\"icon-chat\" aria-hidden=\"true\" ><\/i><\/a>\n\n\n\n\t\t<\/div>\n\t\t\t\t\t<\/div>\n\n\t\n\n\t<div id=\"col-894466345\" class=\"col medium-4 small-12 large-4\"  >\n\t\t\t\t<div class=\"col-inner text-center\"  >\n\t\t\t\n\t\t\t\n\n\n<div class=\"wpcf7 no-js\" id=\"wpcf7-f10-o1\" lang=\"en-US\" dir=\"ltr\" data-wpcf7-id=\"10\">\n<div class=\"screen-reader-response\"><p role=\"status\" aria-live=\"polite\" aria-atomic=\"true\"><\/p> <ul><\/ul><\/div>\n<form action=\"\/nb\/wp-json\/wp\/v2\/pages\/48#wpcf7-f10-o1\" method=\"post\" class=\"wpcf7-form init\" aria-label=\"Contact form\" novalidate=\"novalidate\" data-status=\"init\" data-trp-original-action=\"\/nb\/wp-json\/wp\/v2\/pages\/48#wpcf7-f10-o1\">\n<fieldset class=\"hidden-fields-container\"><input type=\"hidden\" name=\"_wpcf7\" value=\"10\" \/><input type=\"hidden\" name=\"_wpcf7_version\" value=\"6.1.4\" \/><input type=\"hidden\" name=\"_wpcf7_locale\" value=\"en_US\" \/><input type=\"hidden\" name=\"_wpcf7_unit_tag\" value=\"wpcf7-f10-o1\" \/><input type=\"hidden\" name=\"_wpcf7_container_post\" value=\"0\" \/><input type=\"hidden\" name=\"_wpcf7_posted_data_hash\" value=\"\" \/><input type=\"hidden\" name=\"_wpcf7_recaptcha_response\" value=\"\" \/>\n<\/fieldset>\n<p><span class=\"wpcf7-form-control-wrap\" data-name=\"Name\"><input size=\"40\" maxlength=\"400\" class=\"wpcf7-form-control wpcf7-text\" aria-invalid=\"false\" placeholder=\"Ditt navn\" value=\"\" type=\"text\" name=\"Name\" \/><\/span><br \/>\n<span class=\"wpcf7-form-control-wrap\" data-name=\"Comapany\"><input size=\"40\" maxlength=\"400\" class=\"wpcf7-form-control wpcf7-text\" aria-invalid=\"false\" placeholder=\"Ditt selskap\" value=\"\" type=\"text\" name=\"Comapany\" \/><\/span><br \/>\n<span class=\"wpcf7-form-control-wrap\" data-name=\"Email\"><input size=\"40\" maxlength=\"400\" class=\"wpcf7-form-control wpcf7-email wpcf7-validates-as-required wpcf7-text wpcf7-validates-as-email\" aria-required=\"true\" aria-invalid=\"false\" placeholder=\"Din e-post*\" value=\"\" type=\"email\" name=\"Email\" \/><\/span><br \/>\n<span class=\"wpcf7-form-control-wrap\" data-name=\"Message\"><textarea cols=\"40\" rows=\"10\" maxlength=\"2000\" class=\"wpcf7-form-control wpcf7-textarea\" aria-invalid=\"false\" placeholder=\"Melding\" name=\"Message\"><\/textarea><\/span>\n<\/p>\n<p><input class=\"wpcf7-form-control wpcf7-submit has-spinner\" type=\"submit\" value=\"Send inn\" \/>\n<\/p><div class=\"wpcf7-response-output\" aria-hidden=\"true\"><\/div>\n<input type=\"hidden\" name=\"trp-form-language\" value=\"nb\"\/><\/form>\n<\/div>\n\n\n\n\t\t<\/div>\n\t\t\t\t\t<\/div>\n\n\t\n\n<\/div>\n\n\t\t<\/div>\n\t\t\t\t\t<\/div>\n\n\t\n\n<\/div>\n\n\t\t<\/div>\n\n\t\t\n<style>\n#section_155638967 {\n  padding-top: 30px;\n  padding-bottom: 30px;\n  background-color: rgb(232, 234, 241);\n}\n<\/style>\n\t<\/section>","protected":false},"excerpt":{"rendered":"","protected":false},"author":1,"featured_media":0,"parent":0,"menu_order":0,"comment_status":"closed","ping_status":"closed","template":"page-blank.php","meta":{"footnotes":""},"class_list":["post-48","page","type-page","status-publish","hentry"],"_links":{"self":[{"href":"https:\/\/www.impacttesting.net\/nb\/wp-json\/wp\/v2\/pages\/48","targetHints":{"allow":["GET"]}}],"collection":[{"href":"https:\/\/www.impacttesting.net\/nb\/wp-json\/wp\/v2\/pages"}],"about":[{"href":"https:\/\/www.impacttesting.net\/nb\/wp-json\/wp\/v2\/types\/page"}],"author":[{"embeddable":true,"href":"https:\/\/www.impacttesting.net\/nb\/wp-json\/wp\/v2\/users\/1"}],"replies":[{"embeddable":true,"href":"https:\/\/www.impacttesting.net\/nb\/wp-json\/wp\/v2\/comments?post=48"}],"version-history":[{"count":5,"href":"https:\/\/www.impacttesting.net\/nb\/wp-json\/wp\/v2\/pages\/48\/revisions"}],"predecessor-version":[{"id":72,"href":"https:\/\/www.impacttesting.net\/nb\/wp-json\/wp\/v2\/pages\/48\/revisions\/72"}],"wp:attachment":[{"href":"https:\/\/www.impacttesting.net\/nb\/wp-json\/wp\/v2\/media?parent=48"}],"curies":[{"name":"wp","href":"https:\/\/api.w.org\/{rel}","templated":true}]}}