{"id":85,"date":"2025-12-24T07:51:49","date_gmt":"2025-12-24T07:51:49","guid":{"rendered":"https:\/\/www.impacttesting.net\/?page_id=85"},"modified":"2025-12-24T07:51:49","modified_gmt":"2025-12-24T07:51:49","slug":"iso-7765-1","status":"publish","type":"page","link":"https:\/\/www.impacttesting.net\/lv\/iso-7765-1\/","title":{"rendered":"ISO 7765-1"},"content":{"rendered":"<section class=\"section\" id=\"section_1469408534\">\n\t\t<div class=\"bg section-bg fill bg-fill  bg-loaded\" >\n\n\t\t\t\n\t\t\t\n\t\t\t\n\n\t\t<\/div>\n\n\t\t\n\n\t\t<div class=\"section-content relative\">\n\t\t\t\n\n<div class=\"row\"  id=\"row-591378757\">\n\n\n\t<div id=\"col-1042964252\" class=\"col small-12 large-12\"  >\n\t\t\t\t<div class=\"col-inner\" style=\"background-color:rgb(92, 171, 188);\" >\n\t\t\t\n\t\t\t\n\n<div class=\"row\"  id=\"row-929230252\">\n\n\n\t<div id=\"col-1713131861\" class=\"col small-12 large-12\"  >\n\t\t\t\t<div class=\"col-inner\"  >\n\t\t\t\n\t\t\t\n\n\t<div id=\"text-514009967\" class=\"text\">\n\t\t\n\n<h1>ISO 7765-1<\/h1>\n\t\t\n<style>\n#text-514009967 {\n  font-size: 1.5rem;\n  text-align: center;\n}\n<\/style>\n\t<\/div>\n\t\n\t<div id=\"text-741673489\" class=\"text\">\n\t\t\n\n<h2>Br\u012bvi kr\u012bto\u0161o \u0161autri\u0146u metode<\/h2>\n\t\t\n<style>\n#text-741673489 {\n  text-align: center;\n}\n<\/style>\n\t<\/div>\n\t\n\n\t\t<\/div>\n\t\t\t\t\n<style>\n#col-1713131861 > .col-inner {\n  padding: 50px 10px 10px 10px;\n}\n<\/style>\n\t<\/div>\n\n\t\n\n<\/div>\n<div class=\"row align-middle align-center\"  id=\"row-720618147\">\n\n\n\t<div id=\"col-27379248\" class=\"col medium-11 small-12 large-11\"  >\n\t\t\t\t<div class=\"col-inner\"  >\n\t\t\t\n\t\t\t\n\n<div class=\"row align-center\"  id=\"row-1217424868\">\n\n\n\t<div id=\"col-1463596913\" class=\"col medium-7 small-12 large-7\"  >\n\t\t\t\t<div class=\"col-inner\"  >\n\t\t\t\n\t\t\t\n\n<div class=\"row\"  id=\"row-61359086\">\n\n\n\t<div id=\"col-109178661\" class=\"col small-12 large-12\"  >\n\t\t\t\t<div class=\"col-inner text-center\"  >\n\t\t\t\n\t\t\t\n\n\t<div id=\"text-2882010224\" class=\"text\">\n\t\t\n\n<p>Pie\u0146emt <a href=\"https:\/\/www.impacttesting.net\/lv\/iso-7765-1\/\"><strong>ISO 7765-1<\/strong><\/a> un izmantojot <strong>br\u012bvi kr\u012bto\u0161o \u0161autri\u0146u metode<\/strong> \u013cauj materi\u0101lu un iepakojuma speci\u0101listiem prec\u012bzi nov\u0113rt\u0113t. <strong>\u0161autri\u0146u triecieniztur\u012bba<\/strong>, nodro\u0161inot, ka pl\u0113ves atbilst iztur\u012bbas un dro\u0161\u012bbas standartiem. <strong>ISO 7765-1<\/strong> ir ide\u0101li piem\u0113rots plastmasas pl\u0113v\u0113m un pl\u0113v\u0113m, ko izmanto iepakojum\u0101, lauksaimniec\u012bb\u0101, medic\u012bn\u0101 un r\u016bpniec\u012bb\u0101.<\/p>\n\t\t\n<style>\n#text-2882010224 {\n  color: rgb(0, 0, 0);\n}\n#text-2882010224 > * {\n  color: rgb(0, 0, 0);\n}\n<\/style>\n\t<\/div>\n\t\n\n\t\t<\/div>\n\t\t\t\t\t<\/div>\n\n\t\n\n\t<div id=\"col-1996781650\" class=\"col small-12 large-12\"  >\n\t\t\t\t<div class=\"col-inner text-center\"  >\n\t\t\t\n\t\t\t\n\n<a href=\"https:\/\/www.impacttesting.net\/lv\/contact-us\/\" class=\"button primary is-outline\"  style=\"border-radius:99px;\">\n    <span>Sazinieties ar mums<\/span>\n  <i class=\"icon-chat\" aria-hidden=\"true\" ><\/i><\/a>\n\n\n\n\t\t<\/div>\n\t\t\t\t\t<\/div>\n\n\t\n\n<\/div>\n\n\t\t<\/div>\n\t\t\t\t\t<\/div>\n\n\t\n\n\t<div id=\"col-1290387967\" class=\"col medium-4 small-12 large-4\"  >\n\t\t\t\t<div class=\"col-inner\"  >\n\t\t\t\n\t\t\t\n\n<div class=\"row\"  id=\"row-1502958908\">\n\n\n\t<div id=\"col-1062317126\" class=\"col small-12 large-12\"  >\n\t\t\t\t<div class=\"col-inner\"  >\n\t\t\t\n\t\t\t\n\n\t<div class=\"img has-hover x md-x lg-x y md-y lg-y\" id=\"image_175825463\">\n\t\t\t\t\t\t\t\t<div class=\"img-inner dark\" >\n\t\t\t<img decoding=\"async\" width=\"600\" height=\"440\" src=\"https:\/\/www.impacttesting.net\/wp-content\/uploads\/2025\/12\/ISO-7765-1-Free-Falling-Dart-Method.webp\" class=\"attachment-large size-large\" alt=\"ISO 7765-1 Br\u012bvi kr\u012bto\u0161u \u0161autri\u0146u metode\" srcset=\"https:\/\/www.impacttesting.net\/wp-content\/uploads\/2025\/12\/ISO-7765-1-Free-Falling-Dart-Method.webp 600w, https:\/\/www.impacttesting.net\/wp-content\/uploads\/2025\/12\/ISO-7765-1-Free-Falling-Dart-Method-545x400.webp 545w\" sizes=\"(max-width: 600px) 100vw, 600px\" \/>\t\t\t\t\t\t\n\t\t\t\t\t<\/div>\n\t\t\t\t\t\t\t\t\n<style>\n#image_175825463 {\n  width: 100%;\n}\n<\/style>\n\t<\/div>\n\t\n\n\n\t\t<\/div>\n\t\t\t\t\t<\/div>\n\n\t\n\n<\/div>\n\n\t\t<\/div>\n\t\t\t\t\t<\/div>\n\n\t\n\n<\/div>\n\n\t\t<\/div>\n\t\t\t\t\t<\/div>\n\n\t\n\n<\/div>\n\n\t\t<\/div>\n\t\t\t\t\t<\/div>\n\n\t\n\n\n<style>\n#row-591378757 > .col > .col-inner {\n  border-radius: 25px;\n}\n<\/style>\n<\/div>\n\n\t\t<\/div>\n\n\t\t\n<style>\n#section_1469408534 {\n  padding-top: 30px;\n  padding-bottom: 30px;\n}\n<\/style>\n\t<\/section>\n\t\n\t<section class=\"section\" id=\"section_2009204873\">\n\t\t<div class=\"bg section-bg fill bg-fill  bg-loaded\" >\n\n\t\t\t\n\t\t\t\n\t\t\t\n\n\t\t<\/div>\n\n\t\t\n\n\t\t<div class=\"section-content relative\">\n\t\t\t\n\n<div class=\"row\"  id=\"row-445649525\">\n\n\n\t<div id=\"col-906571143\" class=\"col small-12 large-12\"  >\n\t\t\t\t<div class=\"col-inner\"  >\n\t\t\t\n\t\t\t\n\n<div class=\"row\"  id=\"row-2043023509\">\n\n\n\t<div id=\"col-968765319\" class=\"col small-12 large-12\"  >\n\t\t\t\t<div class=\"col-inner\"  >\n\t\t\t\n\t\t\t\n\n\t<div id=\"text-1973448820\" class=\"text\">\n\t\t\n\n<h2>ISO 7765-1 un t\u0101 noz\u012bme<\/h2>\n\t\t\n<style>\n#text-1973448820 {\n  font-size: 1.3rem;\n  text-align: center;\n}\n<\/style>\n\t<\/div>\n\t\n\n\t\t<\/div>\n\t\t\t\t\t<\/div>\n\n\t\n\n\t<div id=\"col-1896439211\" class=\"col small-12 large-12\"  >\n\t\t\t\t<div class=\"col-inner\"  >\n\t\t\t\n\t\t\t\n\n<p>Izpratne un \u012bsteno\u0161ana <strong>ISO 7765-1<\/strong> ir \u013coti svar\u012bgi profesion\u0101\u013ciem, kas str\u0101d\u0101 ar plastmasas pl\u0113v\u0113m un elast\u012bgiem materi\u0101liem. \u0160aj\u0101 starptautiskaj\u0101 standart\u0101 aprakst\u012bta proced\u016bra, k\u0101 noteikt <strong>\u0161autri\u0146u triecieniztur\u012bba<\/strong> plastmasas pl\u0113ves, izmantojot <strong>br\u012bvi kr\u012bto\u0161o \u0161autri\u0146u metode<\/strong>, kas ir b\u016btisks kvalit\u0101tes kontroles tests. Prec\u012bza \u0161\u012bs metodes piem\u0113ro\u0161ana pal\u012bdz ra\u017eot\u0101jiem nov\u0113rt\u0113t, cik labi materi\u0101li sp\u0113j iztur\u0113t trieciena slodzi, kas ir ilgm\u016b\u017e\u012bbas un veiktsp\u0113jas r\u0101d\u012bt\u0101js re\u0101los lietojumos. ISO 7765-1 iev\u0113ro\u0161ana t\u0101d\u0101s nozar\u0113s k\u0101 iepako\u0161ana, farm\u0101cija, elektronika un p\u0101rtika nodro\u0161ina uzticam\u012bbu, konsekvenci un atbilst\u012bbu pasaules standartiem.<\/p>\n\n\t\t<\/div>\n\t\t\t\t\t<\/div>\n\n\t\n\n<\/div>\n\n\t\t<\/div>\n\t\t\t\t\t<\/div>\n\n\t\n\n<\/div>\n<div class=\"row\"  id=\"row-1759258547\">\n\n\n\t<div id=\"col-530973153\" class=\"col small-12 large-12\"  >\n\t\t\t\t<div class=\"col-inner\"  >\n\t\t\t\n\t\t\t\n\n<div class=\"row\"  id=\"row-718408028\">\n\n\n\t<div id=\"col-1247981850\" class=\"col small-12 large-12\"  >\n\t\t\t\t<div class=\"col-inner\"  >\n\t\t\t\n\t\t\t\n\n<div class=\"row\"  id=\"row-1627977871\">\n\n\n\t<div id=\"col-1154371081\" class=\"col small-12 large-12\"  >\n\t\t\t\t<div class=\"col-inner\"  >\n\t\t\t\n\t\t\t\n\n\t<div id=\"text-3421451472\" class=\"text\">\n\t\t\n\n<h2>Izpratne par br\u012bvi kr\u012bto\u0161o \u0161autri\u0146u metodi<\/h2>\n\t\t\n<style>\n#text-3421451472 {\n  font-size: 1.3rem;\n  text-align: center;\n}\n<\/style>\n\t<\/div>\n\t\n\n\t\t<\/div>\n\t\t\t\t\t<\/div>\n\n\t\n\n<\/div>\n<div class=\"row align-middle\"  id=\"row-1405528477\">\n\n\n\t<div id=\"col-2009001608\" class=\"col medium-7 small-12 large-7\"  >\n\t\t\t\t<div class=\"col-inner\"  >\n\t\t\t\n\t\t\t\n\n<div><strong>ISO 7765-1<\/strong> nosaka test\u0113\u0161anas metodi, lai noteiktu ener\u0123iju, kas nepiecie\u0161ama plastmasas pl\u0113ves boj\u0101juma izrais\u012b\u0161anai ar br\u012bvi kr\u012bto\u0161as \u0161autri\u0146as triecienu. Tests nosaka <strong>trieciena boj\u0101juma masa<\/strong>, kas defin\u0113ta k\u0101 \u0161autri\u0146as masa, kas standartiz\u0113tos apst\u0101k\u013cos izraisa 50% testa paraugu boj\u0101jumus.<\/div>\n<div>Ir divas galven\u0101s proced\u016bras:<\/div>\n<ul>\n<li><strong>A metode<\/strong> izmanto <strong>38 mm<\/strong> diametra \u0161autri\u0146a, kas izkrita no <strong>0,66 metri<\/strong>.<\/li>\n<li><strong>B metode<\/strong> nodarbina <strong>50 mm<\/strong> diametra \u0161autri\u0146a, kas izkrita no <strong>1,5 metri<\/strong>.<\/li>\n<\/ul>\n<p>Katra metode ir piem\u0113rota da\u017e\u0101diem materi\u0101lu veidiem un biezumiem, un ieg\u016btie rezult\u0101ti nav savstarp\u0113ji aizst\u0101jami.<\/p>\n\n\t\t<\/div>\n\t\t\t\t\t<\/div>\n\n\t\n\n\t<div id=\"col-2073153425\" class=\"col medium-5 small-12 large-5\"  >\n\t\t\t\t<div class=\"col-inner\"  >\n\t\t\t\n\t\t\t\n\n\t<div class=\"img has-hover x md-x lg-x y md-y lg-y\" id=\"image_556710519\">\n\t\t<a class=\"\" href=\"https:\/\/www.impacttesting.net\/lv\/falling-dart-impact-tester\/\" >\t\t\t\t\t\t<div class=\"img-inner dark\" >\n\t\t\t<img decoding=\"async\" width=\"600\" height=\"440\" src=\"https:\/\/www.impacttesting.net\/wp-content\/uploads\/2025\/12\/ISO-7765-1-Free-Falling-Dart-Method.webp\" class=\"attachment-large size-large\" alt=\"ISO 7765-1 Br\u012bvi kr\u012bto\u0161u \u0161autri\u0146u metode\" srcset=\"https:\/\/www.impacttesting.net\/wp-content\/uploads\/2025\/12\/ISO-7765-1-Free-Falling-Dart-Method.webp 600w, https:\/\/www.impacttesting.net\/wp-content\/uploads\/2025\/12\/ISO-7765-1-Free-Falling-Dart-Method-545x400.webp 545w\" sizes=\"(max-width: 600px) 100vw, 600px\" \/>\t\t\t\t\t\t\n\t\t\t\t\t<\/div>\n\t\t\t\t\t\t<\/a>\t\t\n<style>\n#image_556710519 {\n  width: 100%;\n}\n<\/style>\n\t<\/div>\n\t\n\n\n\t\t<\/div>\n\t\t\t\t\t<\/div>\n\n\t\n\n<\/div>\n\n\t\t<\/div>\n\t\t\t\t\t<\/div>\n\n\t\n\n<\/div>\n\n\t\t<\/div>\n\t\t\t\t\t<\/div>\n\n\t\n\n<\/div>\n<div class=\"row\"  id=\"row-754347572\">\n\n\n\t<div id=\"col-2015484940\" class=\"col small-12 large-12\"  >\n\t\t\t\t<div class=\"col-inner\"  >\n\t\t\t\n\t\t\t\n\n<div class=\"row\"  id=\"row-890423681\">\n\n\n\t<div id=\"col-1982398889\" class=\"col small-12 large-12\"  >\n\t\t\t\t<div class=\"col-inner\"  >\n\t\t\t\n\t\t\t\n\n\t<div id=\"text-3311100996\" class=\"text\">\n\t\t\n\n<h2>Br\u012bvi kr\u012bto\u0161o \u0161autri\u0146u metode: Svar\u012bgums un proced\u016bra<\/h2>\n\t\t\n<style>\n#text-3311100996 {\n  font-size: 1.3rem;\n  text-align: center;\n}\n<\/style>\n\t<\/div>\n\t\n\n\t\t<\/div>\n\t\t\t\t\t<\/div>\n\n\t\n\n<\/div>\n<div class=\"row\"  id=\"row-1499698713\">\n\n\n\t<div id=\"col-1228991046\" class=\"col medium-6 small-12 large-6\"  >\n\t\t\t\t<div class=\"col-inner\"  >\n\t\t\t\n\t\t\t\n\n<h3>Testa sagatavo\u0161ana<\/h3>\n<p>Pirms testa veik\u0161anas:<\/p>\n<ul>\n<li><strong>St\u0101vok\u013ca paraugi<\/strong> 23 \u00b0C \u00b1 2 \u00b0C temperat\u016br\u0101 un 50% \u00b1 5% relat\u012bvaj\u0101 mitrum\u0101 vismaz 40 stundas.<\/li>\n<li>Izv\u0113lieties paraugus ar <strong>vienm\u0113r\u012bgs biezums<\/strong> (\u00b110% no nomin\u0101l\u0101s v\u0113rt\u012bbas).<\/li>\n<li>Izmantojiet <strong>30 vai vair\u0101k paraugu<\/strong> lai nodro\u0161in\u0101tu statistisko atbilst\u012bbu.<\/li>\n<\/ul>\n\n\t\t<\/div>\n\t\t\t\t\t<\/div>\n\n\t\n\n\t<div id=\"col-1684746601\" class=\"col medium-6 small-12 large-6\"  >\n\t\t\t\t<div class=\"col-inner\"  >\n\t\t\t\n\t\t\t\n\n<h3>Pras\u012bbas attiec\u012bb\u0101 uz apr\u012bkojumu<\/h3>\n<div>Standarta testa komplekt\u0101cij\u0101 ietilpst:<\/div>\n<ul>\n<li>A <strong>\u0161autri\u0146a ar puslodes formas galvu<\/strong> un no\u0146emamiem inkrement\u0101lajiem atsvariem.<\/li>\n<li>An <strong>elektromagn\u0113ts vai meh\u0101nisks<\/strong> atbr\u012bvo\u0161anas meh\u0101nisms kontrol\u0113tam pilienam.<\/li>\n<li>A <strong>Divda\u013c\u012bga stiprin\u0101juma sist\u0113ma<\/strong> stingri tur\u0113t paraugu.<\/li>\n<li>A <strong>mikrometrs<\/strong> prec\u012bzai biezuma m\u0113r\u012b\u0161anai.<\/li>\n<li><strong>Dro\u0161\u012bbas aizsargi<\/strong> lai aizsarg\u0101tu lietot\u0101jus un apar\u0101tu.<\/li>\n<\/ul>\n\n\t\t<\/div>\n\t\t\t\t\t<\/div>\n\n\t\n\n<\/div>\n<div class=\"row align-middle\"  id=\"row-2106189109\">\n\n\n\t<div id=\"col-1201990961\" class=\"col small-12 large-12\"  >\n\t\t\t\t<div class=\"col-inner\"  >\n\t\t\t\n\t\t\t\n\n\t<div id=\"text-2267168090\" class=\"text\">\n\t\t\n\n<h3>\u0160autri\u0146u triecieniztur\u012bbas testa veik\u0161ana<\/h3>\n\t\t\n<style>\n#text-2267168090 {\n  text-align: center;\n}\n<\/style>\n\t<\/div>\n\t\n\n\t\t<\/div>\n\t\t\t\t\t<\/div>\n\n\t\n\n\t<div id=\"col-1145470946\" class=\"col medium-6 small-12 large-6\"  >\n\t\t\t\t<div class=\"col-inner\"  >\n\t\t\t\n\t\t\t\n\n<h4>1. Izv\u0113lieties testa metodi (A vai B):<\/h4>\n<ul>\n<li><strong>A metode<\/strong>: 38 mm \u0161autri\u0146a, 0,66 m augstums.<\/li>\n<li><strong>B metode<\/strong>: 50 mm \u0161autri\u0146a, 1,5 m augstums.<\/li>\n<\/ul>\n<h4>2. Parauga sagatavo\u0161ana un fiks\u0113\u0161ana:<\/h4>\n<p>P\u0101rliecinieties, ka pl\u0113ve ir l\u012bdzena, bez krok\u0101m. Ja nepiecie\u0161ams, izmantojiet pretsl\u012bd\u0113\u0161anas l\u012bdzek\u013cus, piem\u0113ram, krokusa audumu vai abraz\u012bvo pap\u012bru.<\/p>\n<h4>3. Iestatiet \u0161autri\u0146u un inkrement\u0101lo svaru:<\/h4>\n<p>S\u0101ciet ar zin\u0101mu masu un palieliniet vai samaziniet to, pamatojoties uz atteices rezult\u0101tiem, l\u012bdz tiek noteikts 50% atteices bie\u017eums.<\/p>\n\n\t\t<\/div>\n\t\t\t\t\t<\/div>\n\n\t\n\n\t<div id=\"col-749487728\" class=\"col medium-6 small-12 large-6\"  >\n\t\t\t\t<div class=\"col-inner\"  >\n\t\t\t\n\t\t\t\n\n<div class=\"video video-fit mb\" style=\"padding-top:56.25%;\"><iframe title=\"Trieciena testeris ar kr\u012bto\u0161u \u0161autri\u0146u uz pl\u0101k\u0161\u0146u pl\u0113ves un loksnes A metode un B metode ASTM D1709 ISO 7765-1\" width=\"1020\" height=\"574\" src=\"https:\/\/www.youtube.com\/embed\/a3_9M0x3w7U?feature=oembed\" frameborder=\"0\" allow=\"accelerometer; autoplay; clipboard-write; encrypted-media; gyroscope; picture-in-picture; web-share\" referrerpolicy=\"strict-origin-when-cross-origin\" allowfullscreen><\/iframe><\/div>\n\n\n\t\t<\/div>\n\t\t\t\t\t<\/div>\n\n\t\n\n\t<div id=\"col-1166485144\" class=\"col small-12 large-12\"  >\n\t\t\t\t<div class=\"col-inner\"  >\n\t\t\t\n\t\t\t\n\n<h4>4. Atlaidiet \u0161autri\u0146u:<\/h4>\n<p>Izmantojiet elektromagn\u0113tu vai gaisa atbr\u012bvo\u0161anas ier\u012bci, lai \u0161autri\u0146u nomestu vertik\u0101li uz parauga centra.<\/p>\n<h4>5. Ierakstiet rezult\u0101tu:<\/h4>\n<p>Atz\u012bm\u0113jiet, vai paraugs ir boj\u0101ts (caurdurts vai pl\u012bsis) vai izdz\u012bvojis. Turpiniet, l\u012bdz var statistiski apr\u0113\u0137in\u0101t trieciena boj\u0101juma masu.<\/p>\n<h4>6. Rezult\u0101tu anal\u012bze:<\/h4>\n<p>Nov\u0113rt\u0113jiet rezult\u0101tus, \u0146emot v\u0113r\u0101 parauga biezumu, materi\u0101la konsistenci un boj\u0101jumu bie\u017eumu. ISO 7765-1 rezult\u0101ti var b\u016bt noder\u012bgi materi\u0101lu sal\u012bdzin\u0101\u0161anai, bet tos nevajadz\u0113tu normaliz\u0113t da\u017e\u0101diem biezumiem.<\/p>\n\n\t\t<\/div>\n\t\t\t\t\t<\/div>\n\n\t\n\n<\/div>\n\n\t\t<\/div>\n\t\t\t\t\t<\/div>\n\n\t\n\n<\/div>\n\n\t\t<\/div>\n\n\t\t\n<style>\n#section_2009204873 {\n  padding-top: 30px;\n  padding-bottom: 30px;\n}\n<\/style>\n\t<\/section>\n\t\n\t<section class=\"section\" id=\"section_457708721\">\n\t\t<div class=\"bg section-bg fill bg-fill  bg-loaded\" >\n\n\t\t\t\n\t\t\t\n\t\t\t\n\n\t\t<\/div>\n\n\t\t\n\n\t\t<div class=\"section-content relative\">\n\t\t\t\n\n<div class=\"row\"  id=\"row-47980948\">\n\n\n\t<div id=\"col-2118340510\" class=\"col small-12 large-12\"  >\n\t\t\t\t<div class=\"col-inner\"  >\n\t\t\t\n\t\t\t\n\n<div class=\"row align-center\"  id=\"row-685675364\">\n\n\n\t<div id=\"col-1886141563\" class=\"col small-12 large-12\"  >\n\t\t\t\t<div class=\"col-inner\"  >\n\t\t\t\n\t\t\t\n\n\t<div id=\"text-2549803334\" class=\"text\">\n\t\t\n\n<h2>K\u0101p\u0113c izv\u0113l\u0113ties Impacttesting.net's<br \/>FDT-01 \u0161autri\u0146u kritiena testeris<\/h2>\n\t\t\n<style>\n#text-2549803334 {\n  font-size: 1.4rem;\n  text-align: center;\n}\n<\/style>\n\t<\/div>\n\t\n\n\t\t<\/div>\n\t\t\t\t\t<\/div>\n\n\t\n\n\t<div id=\"col-523253002\" class=\"col small-12 large-12\"  >\n\t\t\t\t<div class=\"col-inner\"  >\n\t\t\t\n\t\t\t\n\n<p>Lai nodro\u0161in\u0101tu precizit\u0101ti, atk\u0101rtojam\u012bbu un atbilst\u012bbu <strong>ISO 7765-1<\/strong>, m\u0113s iesak\u0101m <strong>FDT-01 <a href=\"https:\/\/www.impacttesting.net\/lv\/falling-dart-impact-tester\/\">\u0160autri\u0146u trieciena testeris <\/a><\/strong>l\u012bdz <strong>Impacttesting.net<\/strong>.<\/p>\n\n\t\t<\/div>\n\t\t\t\t\t<\/div>\n\n\t\n\n\t<div id=\"col-1200233404\" class=\"col medium-7 small-12 large-7\"  >\n\t\t\t\t<div class=\"col-inner text-center\"  >\n\t\t\t\n\t\t\t\n\n\t<div id=\"text-1532358660\" class=\"text\">\n\t\t\n\n<p class=\"\" data-start=\"4386\" data-end=\"4422\">Prec\u012bza \u0161autri\u0146u nome\u0161anas augstuma regul\u0113\u0161ana.<br \/>Viegla paraugu mont\u0101\u017ea ar pneimatiskaj\u0101m skav\u0101m.<br \/>re\u0101llaika ietekmes datu v\u0101k\u0161ana un anal\u012bze.<br \/>Atbilst\u012bba gan A, gan B metodei.<\/p>\n\t\t\n<style>\n#text-1532358660 {\n  font-size: 1.1rem;\n  line-height: 1.3;\n}\n<\/style>\n\t<\/div>\n\t\n\t<div id=\"text-490899913\" class=\"text\">\n\t\t\n\n<p class=\"\" data-start=\"4676\" data-end=\"4874\">T\u0101s uzlabot\u0101s dro\u0161\u012bbas funkcijas un digit\u0101l\u0101 kontrole samazina cilv\u0113ka k\u013c\u016bdu skaitu un nodro\u0161ina uzticamus, reproduc\u0113jamus rezult\u0101tus, t\u0101p\u0113c to var izmantot iepakojuma pl\u0113ves ra\u017eot\u0101ji, p\u0101rstr\u0101des uz\u0146\u0113mumi un kvalit\u0101tes kontroles laboratorijas.<\/p>\n\t\t\n<style>\n#text-490899913 {\n  font-size: 1.1rem;\n}\n<\/style>\n\t<\/div>\n\t\n<a href=\"https:\/\/www.impacttesting.net\/lv\/contact-us\/\" class=\"button primary is-outline\"  style=\"border-radius:99px;\">\n    <span>Sazinieties ar mums<\/span>\n  <i class=\"icon-chat\" aria-hidden=\"true\" ><\/i><\/a>\n\n\n\n\t\t<\/div>\n\t\t\t\t\t<\/div>\n\n\t\n\n\t<div id=\"col-1845648205\" class=\"col medium-4 small-12 large-4\"  >\n\t\t\t\t<div class=\"col-inner text-center\"  >\n\t\t\t\n\t\t\t\n\n\n<div class=\"wpcf7 no-js\" id=\"wpcf7-f10-o1\" lang=\"en-US\" dir=\"ltr\" data-wpcf7-id=\"10\">\n<div class=\"screen-reader-response\"><p role=\"status\" aria-live=\"polite\" aria-atomic=\"true\"><\/p> <ul><\/ul><\/div>\n<form action=\"\/lv\/wp-json\/wp\/v2\/pages\/85#wpcf7-f10-o1\" method=\"post\" class=\"wpcf7-form init\" aria-label=\"Contact form\" novalidate=\"novalidate\" data-status=\"init\" data-trp-original-action=\"\/lv\/wp-json\/wp\/v2\/pages\/85#wpcf7-f10-o1\">\n<fieldset class=\"hidden-fields-container\"><input type=\"hidden\" name=\"_wpcf7\" value=\"10\" \/><input type=\"hidden\" name=\"_wpcf7_version\" value=\"6.1.4\" \/><input type=\"hidden\" name=\"_wpcf7_locale\" value=\"en_US\" \/><input type=\"hidden\" name=\"_wpcf7_unit_tag\" value=\"wpcf7-f10-o1\" \/><input type=\"hidden\" name=\"_wpcf7_container_post\" value=\"0\" \/><input type=\"hidden\" name=\"_wpcf7_posted_data_hash\" value=\"\" \/><input type=\"hidden\" name=\"_wpcf7_recaptcha_response\" value=\"\" \/>\n<\/fieldset>\n<p><span class=\"wpcf7-form-control-wrap\" data-name=\"Name\"><input size=\"40\" maxlength=\"400\" class=\"wpcf7-form-control wpcf7-text\" aria-invalid=\"false\" placeholder=\"J\u016bsu v\u0101rds\" value=\"\" type=\"text\" name=\"Name\" \/><\/span><br \/>\n<span class=\"wpcf7-form-control-wrap\" data-name=\"Comapany\"><input size=\"40\" maxlength=\"400\" class=\"wpcf7-form-control wpcf7-text\" aria-invalid=\"false\" placeholder=\"J\u016bsu uz\u0146\u0113mums\" value=\"\" type=\"text\" name=\"Comapany\" \/><\/span><br \/>\n<span class=\"wpcf7-form-control-wrap\" data-name=\"Email\"><input size=\"40\" maxlength=\"400\" class=\"wpcf7-form-control wpcf7-email wpcf7-validates-as-required wpcf7-text wpcf7-validates-as-email\" aria-required=\"true\" aria-invalid=\"false\" placeholder=\"J\u016bsu e-pasta adrese*\" value=\"\" type=\"email\" name=\"Email\" \/><\/span><br \/>\n<span class=\"wpcf7-form-control-wrap\" data-name=\"Message\"><textarea cols=\"40\" rows=\"10\" maxlength=\"2000\" class=\"wpcf7-form-control wpcf7-textarea\" aria-invalid=\"false\" placeholder=\"Zi\u0146a\" name=\"Message\"><\/textarea><\/span>\n<\/p>\n<p><input class=\"wpcf7-form-control wpcf7-submit has-spinner\" type=\"submit\" value=\"Iesniegt\" \/>\n<\/p><div class=\"wpcf7-response-output\" aria-hidden=\"true\"><\/div>\n<input type=\"hidden\" name=\"trp-form-language\" value=\"lv\"\/><\/form>\n<\/div>\n\n\n\n\t\t<\/div>\n\t\t\t\t\t<\/div>\n\n\t\n\n<\/div>\n\n\t\t<\/div>\n\t\t\t\t\t<\/div>\n\n\t\n\n<\/div>\n\n\t\t<\/div>\n\n\t\t\n<style>\n#section_457708721 {\n  padding-top: 30px;\n  padding-bottom: 30px;\n  background-color: rgb(232, 234, 241);\n}\n<\/style>\n\t<\/section>","protected":false},"excerpt":{"rendered":"","protected":false},"author":1,"featured_media":0,"parent":0,"menu_order":0,"comment_status":"closed","ping_status":"closed","template":"page-blank.php","meta":{"footnotes":""},"class_list":["post-85","page","type-page","status-publish","hentry"],"_links":{"self":[{"href":"https:\/\/www.impacttesting.net\/lv\/wp-json\/wp\/v2\/pages\/85","targetHints":{"allow":["GET"]}}],"collection":[{"href":"https:\/\/www.impacttesting.net\/lv\/wp-json\/wp\/v2\/pages"}],"about":[{"href":"https:\/\/www.impacttesting.net\/lv\/wp-json\/wp\/v2\/types\/page"}],"author":[{"embeddable":true,"href":"https:\/\/www.impacttesting.net\/lv\/wp-json\/wp\/v2\/users\/1"}],"replies":[{"embeddable":true,"href":"https:\/\/www.impacttesting.net\/lv\/wp-json\/wp\/v2\/comments?post=85"}],"version-history":[{"count":2,"href":"https:\/\/www.impacttesting.net\/lv\/wp-json\/wp\/v2\/pages\/85\/revisions"}],"predecessor-version":[{"id":87,"href":"https:\/\/www.impacttesting.net\/lv\/wp-json\/wp\/v2\/pages\/85\/revisions\/87"}],"wp:attachment":[{"href":"https:\/\/www.impacttesting.net\/lv\/wp-json\/wp\/v2\/media?parent=85"}],"curies":[{"name":"wp","href":"https:\/\/api.w.org\/{rel}","templated":true}]}}