{"id":74,"date":"2025-12-24T06:33:06","date_gmt":"2025-12-24T06:33:06","guid":{"rendered":"https:\/\/www.impacttesting.net\/?page_id=74"},"modified":"2025-12-24T06:33:06","modified_gmt":"2025-12-24T06:33:06","slug":"ball-drop-tester","status":"publish","type":"page","link":"https:\/\/www.impacttesting.net\/lv\/ball-drop-tester\/","title":{"rendered":"FBT-01 Bumbi\u0146as kritiena testeris"},"content":{"rendered":"<section class=\"section\" id=\"section_992409661\">\n\t\t<div class=\"bg section-bg fill bg-fill  bg-loaded\" >\n\n\t\t\t\n\t\t\t\n\t\t\t\n\n\t\t<\/div>\n\n\t\t\n\n\t\t<div class=\"section-content relative\">\n\t\t\t\n\n<div class=\"row\"  id=\"row-1731077295\">\n\n\n\t<div id=\"col-1153703894\" class=\"col small-12 large-12\"  >\n\t\t\t\t<div class=\"col-inner\" style=\"background-color:rgb(92, 171, 188);\" >\n\t\t\t\n\t\t\t\n\n<div class=\"row\"  id=\"row-1277291189\">\n\n\n\t<div id=\"col-480574563\" class=\"col small-12 large-12\"  >\n\t\t\t\t<div class=\"col-inner\"  >\n\t\t\t\n\t\t\t\n\n\t<div id=\"text-2841459814\" class=\"text\">\n\t\t\n\n<h1>FBT-01 Bumbi\u0146as kritiena testeris<\/h1>\n\t\t\n<style>\n#text-2841459814 {\n  font-size: 1.5rem;\n  text-align: center;\n}\n<\/style>\n\t<\/div>\n\t\n\n\t\t<\/div>\n\t\t\t\t\n<style>\n#col-480574563 > .col-inner {\n  padding: 50px 10px 10px 10px;\n}\n<\/style>\n\t<\/div>\n\n\t\n\n<\/div>\n<div class=\"row align-middle align-center\"  id=\"row-1943656984\">\n\n\n\t<div id=\"col-588692536\" class=\"col medium-11 small-12 large-11\"  >\n\t\t\t\t<div class=\"col-inner\"  >\n\t\t\t\n\t\t\t\n\n<div class=\"row align-middle align-center\"  id=\"row-1491360631\">\n\n\n\t<div id=\"col-1756906211\" class=\"col medium-7 small-12 large-7\"  >\n\t\t\t\t<div class=\"col-inner\"  >\n\t\t\t\n\t\t\t\n\n<div class=\"row\"  id=\"row-1701760742\">\n\n\n\t<div id=\"col-1981634905\" class=\"col small-12 large-12\"  >\n\t\t\t\t<div class=\"col-inner text-center\"  >\n\t\t\t\n\t\t\t\n\n\t<div id=\"text-2674042902\" class=\"text\">\n\t\t\n\n<p>Port\u0101ls <a href=\"https:\/\/www.impacttesting.net\/lv\/ball-drop-tester\/\"><strong>bumbi\u0146as nome\u0161anas testeris<\/strong><\/a> ir svar\u012bgs instruments, ko izmanto, lai nov\u0113rt\u0113tu materi\u0101lu, piem\u0113ram, plastmasas pl\u0101k\u0161\u0146u, pl\u0113vju un aizsargbri\u013c\u013cu, triecieniztur\u012bbu. \u0160im testam ir b\u016btiska noz\u012bme t\u0101d\u0101s nozar\u0113s k\u0101 iepakojuma, automobi\u013cu un dro\u0161\u012bbas apr\u012bkojuma ra\u017eo\u0161ana, nodro\u0161inot, ka materi\u0101li sp\u0113j iztur\u0113t \u0101r\u0113jos sp\u0113kus bez b\u016btiskiem boj\u0101jumiem.<\/p>\n\t\t\n<style>\n#text-2674042902 {\n  color: rgb(0, 0, 0);\n}\n#text-2674042902 > * {\n  color: rgb(0, 0, 0);\n}\n<\/style>\n\t<\/div>\n\t\n\n\t\t<\/div>\n\t\t\t\t\t<\/div>\n\n\t\n\n\t<div id=\"col-1164847946\" class=\"col small-12 large-12\"  >\n\t\t\t\t<div class=\"col-inner text-center\"  >\n\t\t\t\n\t\t\t\n\n<a href=\"https:\/\/www.impacttesting.net\/lv\/contact-us\/\" class=\"button primary is-outline\"  style=\"border-radius:99px;\">\n    <span>Sazinieties ar mums<\/span>\n  <i class=\"icon-chat\" aria-hidden=\"true\" ><\/i><\/a>\n\n\n\n\t\t<\/div>\n\t\t\t\t\t<\/div>\n\n\t\n\n<\/div>\n\n\t\t<\/div>\n\t\t\t\t\t<\/div>\n\n\t\n\n\t<div id=\"col-743840659\" class=\"col medium-3 small-12 large-3\"  >\n\t\t\t\t<div class=\"col-inner\"  >\n\t\t\t\n\t\t\t\n\n<div class=\"row\"  id=\"row-1434103683\">\n\n\n\t<div id=\"col-1361811334\" class=\"col small-12 large-12\"  >\n\t\t\t\t<div class=\"col-inner text-center\"  >\n\t\t\t\n\t\t\t\n\n\t<div class=\"img has-hover x md-x lg-x y md-y lg-y\" id=\"image_2014519351\">\n\t\t\t\t\t\t\t\t<div class=\"img-inner dark\" >\n\t\t\t<img decoding=\"async\" width=\"318\" height=\"800\" src=\"https:\/\/www.impacttesting.net\/wp-content\/uploads\/2025\/12\/Ball-Drop-Tester-Ball-Impact-Test-for-Safety-Glasses-318x800.webp\" class=\"attachment-large size-large\" alt=\"Bumbi\u0146as kritiena testeris - Bumbi\u0146as trieciena tests aizsargbrill\u0113m\" srcset=\"https:\/\/www.impacttesting.net\/wp-content\/uploads\/2025\/12\/Ball-Drop-Tester-Ball-Impact-Test-for-Safety-Glasses-318x800.webp 318w, https:\/\/www.impacttesting.net\/wp-content\/uploads\/2025\/12\/Ball-Drop-Tester-Ball-Impact-Test-for-Safety-Glasses-159x400.webp 159w, https:\/\/www.impacttesting.net\/wp-content\/uploads\/2025\/12\/Ball-Drop-Tester-Ball-Impact-Test-for-Safety-Glasses-768x1934.webp 768w, https:\/\/www.impacttesting.net\/wp-content\/uploads\/2025\/12\/Ball-Drop-Tester-Ball-Impact-Test-for-Safety-Glasses-610x1536.webp 610w, https:\/\/www.impacttesting.net\/wp-content\/uploads\/2025\/12\/Ball-Drop-Tester-Ball-Impact-Test-for-Safety-Glasses-813x2048.webp 813w, https:\/\/www.impacttesting.net\/wp-content\/uploads\/2025\/12\/Ball-Drop-Tester-Ball-Impact-Test-for-Safety-Glasses-scaled.webp 1017w\" sizes=\"(max-width: 318px) 100vw, 318px\" \/>\t\t\t\t\t\t\n\t\t\t\t\t<\/div>\n\t\t\t\t\t\t\t\t\n<style>\n#image_2014519351 {\n  width: 80%;\n}\n<\/style>\n\t<\/div>\n\t\n\n\n\t\t<\/div>\n\t\t\t\t\t<\/div>\n\n\t\n\n<\/div>\n\n\t\t<\/div>\n\t\t\t\t\t<\/div>\n\n\t\n\n<\/div>\n\n\t\t<\/div>\n\t\t\t\t\t<\/div>\n\n\t\n\n<\/div>\n\n\t\t<\/div>\n\t\t\t\t\t<\/div>\n\n\t\n\n\n<style>\n#row-1731077295 > .col > .col-inner {\n  border-radius: 25px;\n}\n<\/style>\n<\/div>\n\n\t\t<\/div>\n\n\t\t\n<style>\n#section_992409661 {\n  padding-top: 30px;\n  padding-bottom: 30px;\n}\n<\/style>\n\t<\/section>\n\t\n\t<section class=\"section\" id=\"section_1259584595\">\n\t\t<div class=\"bg section-bg fill bg-fill  bg-loaded\" >\n\n\t\t\t\n\t\t\t\n\t\t\t\n\n\t\t<\/div>\n\n\t\t\n\n\t\t<div class=\"section-content relative\">\n\t\t\t\n\n<div class=\"row\"  id=\"row-2101043835\">\n\n\n\t<div id=\"col-1572051212\" class=\"col small-12 large-12\"  >\n\t\t\t\t<div class=\"col-inner\"  >\n\t\t\t\n\t\t\t\n\n<div class=\"row\"  id=\"row-1793323048\">\n\n\n\t<div id=\"col-432487710\" class=\"col small-12 large-12\"  >\n\t\t\t\t<div class=\"col-inner\"  >\n\t\t\t\n\t\t\t\n\n<div class=\"row align-middle align-center\"  id=\"row-521445145\">\n\n\n\t<div id=\"col-1969047290\" class=\"col medium-5 small-12 large-5\"  >\n\t\t\t\t<div class=\"col-inner text-center\"  >\n\t\t\t\n\t\t\t\n\n\t<div class=\"img has-hover x md-x lg-x y md-y lg-y\" id=\"image_1472147904\">\n\t\t\t\t\t\t\t\t<div class=\"img-inner dark\" >\n\t\t\t<img decoding=\"async\" width=\"600\" height=\"720\" src=\"https:\/\/www.impacttesting.net\/wp-content\/uploads\/2025\/12\/Ball-Drop-Tester.webp\" class=\"attachment-large size-large\" alt=\"Bumbi\u0146as kritiena testeris\" srcset=\"https:\/\/www.impacttesting.net\/wp-content\/uploads\/2025\/12\/Ball-Drop-Tester.webp 600w, https:\/\/www.impacttesting.net\/wp-content\/uploads\/2025\/12\/Ball-Drop-Tester-333x400.webp 333w\" sizes=\"(max-width: 600px) 100vw, 600px\" \/>\t\t\t\t\t\t\n\t\t\t\t\t<\/div>\n\t\t\t\t\t\t\t\t\n<style>\n#image_1472147904 {\n  width: 100%;\n}\n<\/style>\n\t<\/div>\n\t\n\n\n\t\t<\/div>\n\t\t\t\t\t<\/div>\n\n\t\n\n\t<div id=\"col-1059588859\" class=\"col medium-7 small-12 large-7\"  >\n\t\t\t\t<div class=\"col-inner text-left\"  >\n\t\t\t\n\t\t\t\n\n\t<div id=\"text-2966419918\" class=\"text\">\n\t\t\n\n<h2>Izpratne par bumbi\u0146as nome\u0161anas testeri<\/h2>\n\t\t\n<style>\n#text-2966419918 {\n  font-size: 1.3rem;\n  text-align: left;\n}\n<\/style>\n\t<\/div>\n\t\n<p>Ier\u012bce darbojas, no iepriek\u0161 noteikta augstuma uz testa parauga nolai\u017eot noteiktas masas un diametra t\u0113rauda lod\u012bti. Lai nov\u0113rt\u0113tu triecieniztur\u012bbu, tiek analiz\u0113ta boj\u0101juma vai deform\u0101cijas pak\u0101pe. \u0160is tests ir \u012bpa\u0161i svar\u012bgs, lai nodro\u0161in\u0101tu atbilst\u012bbu dro\u0161\u012bbas standartiem, piem\u0113ram. <strong><a href=\"https:\/\/www.impacttesting.net\/lv\/ansi-z87-1\/\">ANSI Z87.1<\/a> trieciena tests<\/strong>.<\/p>\n<a href=\"https:\/\/www.impacttesting.net\/lv\/contact-us\/\" class=\"button primary is-outline\"  style=\"border-radius:99px;\">\n    <span>Sazinieties ar mums<\/span>\n  <\/a>\n\n\n\n\t\t<\/div>\n\t\t\t\t\t<\/div>\n\n\t\n\n<\/div>\n\n\t\t<\/div>\n\t\t\t\t\t<\/div>\n\n\t\n\n<\/div>\n\n\t\t<\/div>\n\t\t\t\t\t<\/div>\n\n\t\n\n<\/div>\n<div class=\"row\"  id=\"row-289823118\">\n\n\n\t<div id=\"col-279393421\" class=\"col small-12 large-12\"  >\n\t\t\t\t<div class=\"col-inner\"  >\n\t\t\t\n\t\t\t\n\n<div class=\"row\"  id=\"row-1614578952\">\n\n\n\t<div id=\"col-1282348706\" class=\"col small-12 large-12\"  >\n\t\t\t\t<div class=\"col-inner\"  >\n\t\t\t\n\t\t\t\n\n\t<div id=\"text-3976267002\" class=\"text\">\n\t\t\n\n<h2>ANSI Z87.1 trieciena tests: Galven\u0101s pras\u012bbas<\/h2>\n\t\t\n<style>\n#text-3976267002 {\n  font-size: 1.3rem;\n  text-align: center;\n}\n<\/style>\n\t<\/div>\n\t\n\n\t\t<\/div>\n\t\t\t\t\t<\/div>\n\n\t\n\n<\/div>\n<div class=\"row align-middle align-center\"  id=\"row-1094284775\">\n\n\n\t<div id=\"col-1405348649\" class=\"col medium-7 small-12 large-7\"  >\n\t\t\t\t<div class=\"col-inner\"  >\n\t\t\t\n\t\t\t\n\n<p>Port\u0101ls <strong>ANSI Z87.1 triecientests<\/strong> ir standartiz\u0113ta metode, kas izstr\u0101d\u0101ta, lai nov\u0113rt\u0113tu aizsargbri\u013c\u013cu triecieniztur\u012bbu. \u0160\u0101 testa m\u0113r\u0137is ir nodro\u0161in\u0101t, lai aizsargbrilles, aizsargbrilles un sejas aizsargi atbilstu minim\u0101laj\u0101m dro\u0161\u012bbas pras\u012bb\u0101m, kas aizsarg\u0101 lietot\u0101jus no lieljaudas l\u0101di\u0146iem.<\/p>\n<h3>Testa aparat\u016bra un iestat\u012bjumi<\/h3>\n<ul>\n<li>Lai testa paraugu nostiprin\u0101tu ar seju uz aug\u0161u, tiek izmantota stingra galvas forma.<\/li>\n<li>A <strong>25,4 mm (1,0 collas) diametra t\u0113rauda lod\u012bte<\/strong>, kas sver <strong>68 g (2,4 oz)<\/strong>kalpo k\u0101 \u0161\u0101vi\u0146\u0161.<\/li>\n<li>T\u0113rauda bumbi\u0146a tiek atbr\u012bvota no <strong>augstums 127 cm (50 collas)<\/strong> caur vad\u0101mo caurul\u012bti.<\/li>\n<li>Galvas formas pamatnes masa ir vismaz <strong>30 kg (66 lb)<\/strong> lai test\u0113\u0161anas laik\u0101 nodro\u0161in\u0101tu stabilit\u0101ti.<\/li>\n<\/ul>\n<h3>Test\u0113\u0161anas proced\u016bra<\/h3>\n<ol>\n<li>Testa paraugs ir dro\u0161i piestiprin\u0101ts pie galvas mode\u013ca, imit\u0113jot re\u0101los lieto\u0161anas apst\u0101k\u013cus.<\/li>\n<li>Paraugam aiz muguras novieto atbalsta bloku, lai nodro\u0161in\u0101tu pareizu izl\u012bdzin\u0101\u0161anu.<\/li>\n<li>T\u0113rauda lod\u012bte tiek nomesta uz l\u0113cas vai materi\u0101la virsmas vien\u0101 l\u012bnij\u0101 ar acs zonu.<\/li>\n<li>Testu atk\u0101rto \u010detras reizes da\u017e\u0101dos objekt\u012bva punktos, lai nodro\u0161in\u0101tu precizit\u0101ti.<\/li>\n<li>Tiek analiz\u0113ti trieciena boj\u0101jumi, lai noteiktu, vai materi\u0101ls atbilst dro\u0161\u012bbas krit\u0113rijiem.<\/li>\n<\/ol>\n\n\t\t<\/div>\n\t\t\t\t\t<\/div>\n\n\t\n\n\t<div id=\"col-520785108\" class=\"col medium-4 small-12 large-4\"  >\n\t\t\t\t<div class=\"col-inner\"  >\n\t\t\t\n\t\t\t\n\n<div class=\"video video-fit mb\" style=\"padding-top:200%;\"><iframe title=\"Kr\u012bto\u0161\u0101s lodes trieciena testeris plastmasas pl\u0113v\u0113m un loksn\u0113m\" width=\"563\" height=\"1000\" src=\"https:\/\/www.youtube.com\/embed\/AvdivZPwIxc?feature=oembed\" frameborder=\"0\" allow=\"accelerometer; autoplay; clipboard-write; encrypted-media; gyroscope; picture-in-picture; web-share\" referrerpolicy=\"strict-origin-when-cross-origin\" allowfullscreen><\/iframe><\/div>\n\n\n\t\t<\/div>\n\t\t\t\t\t<\/div>\n\n\t\n\n<\/div>\n\n\t\t<\/div>\n\t\t\t\t\t<\/div>\n\n\t\n\n<\/div>\n<div class=\"row\"  id=\"row-1849592769\">\n\n\n\t<div id=\"col-286008706\" class=\"col small-12 large-12\"  >\n\t\t\t\t<div class=\"col-inner\"  >\n\t\t\t\n\t\t\t\n\n<div class=\"row\"  id=\"row-68389219\">\n\n\n\t<div id=\"col-820714052\" class=\"col small-12 large-12\"  >\n\t\t\t\t<div class=\"col-inner\"  >\n\t\t\t\n\t\t\t\n\n\t<div id=\"text-757935359\" class=\"text\">\n\t\t\n\n<h2>FBT-01 kr\u012bto\u0161o \u0161autri\u0146u trieciena testeris<\/h2>\n\t\t\n<style>\n#text-757935359 {\n  font-size: 1.3rem;\n  text-align: center;\n}\n<\/style>\n\t<\/div>\n\t\n\n\t\t<\/div>\n\t\t\t\t\t<\/div>\n\n\t\n\n<\/div>\n<div class=\"row align-middle align-center\"  id=\"row-427999681\">\n\n\n\t<div id=\"col-1575577697\" class=\"col medium-6 small-12 large-6\"  >\n\t\t\t\t<div class=\"col-inner\"  >\n\t\t\t\n\t\t\t\n\n<h3>Galven\u0101s funkcijas:<\/h3>\n<ul>\n<li><strong>Regul\u0113jams trieciena augstums<\/strong> piel\u0101gotiem test\u0113\u0161anas scen\u0101rijiem<\/li>\n<li><strong>Vair\u0101ku izm\u0113ru bumbi\u0146u opcijas<\/strong> da\u017e\u0101diem test\u0113\u0161anas lietojumiem<\/li>\n<li><strong>Elektromagn\u0113tisk\u0101 lod\u012b\u0161u balstiek\u0101rta<\/strong> prec\u012bzam atbr\u012bvo\u0161anas laikam<\/li>\n<li><strong>Pneimatisk\u0101 paraugu iesp\u012bl\u0113\u0161ana<\/strong> dro\u0161ai paraugu novieto\u0161anai<\/li>\n<li><strong>Vair\u0101ku vien\u012bbu testa rezult\u0101tu displejs<\/strong> \u0113rtai datu interpret\u0101cijai<\/li>\n<li><strong>Integr\u0113ts mikrodrukas printeris<\/strong> rezult\u0101tu dokument\u0101cijai uz vietas<\/li>\n<li><strong>Papildu profesion\u0101l\u0101 programmat\u016bra<\/strong> uzlabotai datu anal\u012bzei<\/li>\n<\/ul>\n\n\t\t<\/div>\n\t\t\t\t\t<\/div>\n\n\t\n\n\t<div id=\"col-683295602\" class=\"col medium-6 small-12 large-6\"  >\n\t\t\t\t<div class=\"col-inner\"  >\n\t\t\t\n\t\t\t\n\n<h3>Tehnisk\u0101s specifik\u0101cijas:<\/h3>\n<ul>\n<li><strong>Trieciena augstums<\/strong>: Regul\u0113jams no 300 mm l\u012bdz 600 mm (p\u0113c vajadz\u012bbas var pagarin\u0101t)<\/li>\n<li><strong>Lod\u012b\u0161u diametri<\/strong>: 23 mm, 25 mm, 28,6 mm, 38,1 mm, 50,8 mm.<\/li>\n<li><strong>Precizit\u0101te<\/strong>: 0,1 g (0,1 J)<\/li>\n<li><strong>Parauga lielums<\/strong>: Vismaz 150 mm x 150 mm<\/li>\n<li><strong>G\u0101zes pieg\u0101de<\/strong>: 0,6 MPa PU caurule (\u03a68 mm)<\/li>\n<li><strong>Baro\u0161anas avots<\/strong>: mai\u0146str\u0101va 110 ~ 220 V, 50 Hz<\/li>\n<\/ul>\n\n\t\t<\/div>\n\t\t\t\t\t<\/div>\n\n\t\n\n<\/div>\n\n\t\t<\/div>\n\t\t\t\t\t<\/div>\n\n\t\n\n<\/div>\n<div class=\"row\"  id=\"row-345651957\">\n\n\n\t<div id=\"col-196852310\" class=\"col small-12 large-12\"  >\n\t\t\t\t<div class=\"col-inner\"  >\n\t\t\t\n\t\t\t\n\n<div class=\"row\"  id=\"row-639172873\">\n\n\n\t<div id=\"col-856621738\" class=\"col small-12 large-12\"  >\n\t\t\t\t<div class=\"col-inner\"  >\n\t\t\t\n\t\t\t\n\n\t<div id=\"text-2035041688\" class=\"text\">\n\t\t\n\n<h2>Bumbi\u0146as trieciena tests: Rezult\u0101tu ietekm\u0113jo\u0161ie faktori<\/h2>\n\t\t\n<style>\n#text-2035041688 {\n  font-size: 1.3rem;\n  text-align: center;\n}\n<\/style>\n\t<\/div>\n\t\n\n\t\t<\/div>\n\t\t\t\t\t<\/div>\n\n\t\n\n\t<div id=\"col-191073477\" class=\"col small-12 large-12\"  >\n\t\t\t\t<div class=\"col-inner\"  >\n\t\t\t\n\t\t\t\n\n<p>Ar lodes trieciena testu m\u0113ra, cik labi materi\u0101li iztur sp\u0113ku, kas rodas, saskaroties ar kr\u012bto\u0161u priek\u0161metu. Testa rezult\u0101tus ietekm\u0113 vair\u0101ki faktori:<\/p>\n<h4>1. Kritiena augstums<\/h4>\n<p>Liel\u0101ks kritiena augstums rada liel\u0101ku trieciena ener\u0123iju, imit\u0113jot ekstr\u0113m\u0101kus re\u0101l\u0101s pasaules scen\u0101rijus.<\/p>\n<h4>2. Lod\u012btes izm\u0113rs un masa<\/h4>\n<p>Liel\u0101kas un smag\u0101kas lod\u012btes trieciena laik\u0101 rada liel\u0101ku sp\u0113ku, kas ietekm\u0113 materi\u0101la deform\u0101ciju vai pl\u012bsumu.<\/p>\n<h4>3. Materi\u0101lu \u012bpa\u0161\u012bbas<\/h4>\n<p>Ciet\u012bba, biezums un elast\u012bba ietekm\u0113 to, k\u0101 materi\u0101ls absorb\u0113 un izklied\u0113 trieciena ener\u0123iju.<\/p>\n\n\t\t<\/div>\n\t\t\t\t\t<\/div>\n\n\t\n\n<\/div>\n\n\t\t<\/div>\n\t\t\t\t\t<\/div>\n\n\t\n\n<\/div>\n\n\t\t<\/div>\n\n\t\t\n<style>\n#section_1259584595 {\n  padding-top: 30px;\n  padding-bottom: 30px;\n}\n<\/style>\n\t<\/section>\n\t\n\t<section class=\"section\" id=\"section_61651286\">\n\t\t<div class=\"bg section-bg fill bg-fill  bg-loaded\" >\n\n\t\t\t\n\t\t\t\n\t\t\t\n\n\t\t<\/div>\n\n\t\t\n\n\t\t<div class=\"section-content relative\">\n\t\t\t\n\n<div class=\"row\"  id=\"row-56715054\">\n\n\n\t<div id=\"col-1764286994\" class=\"col small-12 large-12\"  >\n\t\t\t\t<div class=\"col-inner\"  >\n\t\t\t\n\t\t\t\n\n<div class=\"row align-equal align-center\"  id=\"row-1669805499\">\n\n\n\t<div id=\"col-1609796488\" class=\"col small-12 large-12\"  >\n\t\t\t\t<div class=\"col-inner\"  >\n\t\t\t\n\t\t\t\n\n\t<div id=\"text-1910621670\" class=\"text\">\n\t\t\n\n<h2>K\u0101p\u0113c izv\u0113l\u0113ties Impacttesting.net's<br \/>FBT-01 Bumbi\u0146as kritiena testeris<\/h2>\n\t\t\n<style>\n#text-1910621670 {\n  font-size: 1.4rem;\n  text-align: center;\n}\n<\/style>\n\t<\/div>\n\t\n\n\t\t<\/div>\n\t\t\t\t\t<\/div>\n\n\t\n\n\t<div id=\"col-1934638801\" class=\"col medium-6 small-12 large-6\"  >\n\t\t\t\t<div class=\"col-inner text-center\"  >\n\t\t\t\n\t\t\t\n\n\t<div id=\"text-2351973450\" class=\"text\">\n\t\t\n\n<p>Port\u0101ls <strong>bumbi\u0146as nome\u0161anas testeris<\/strong> ir svar\u012bgs r\u012bks ra\u017eot\u0101jiem un kvalit\u0101tes kontroles speci\u0101listiem. Tas pal\u012bdz nodro\u0161in\u0101t materi\u0101lu atbilst\u012bbu triecieniztur\u012bbas pras\u012bb\u0101m, sniedzot p\u0101rliec\u012bbu par izstr\u0101d\u0101jumu ilgm\u016b\u017e\u012bbu un lietot\u0101ju dro\u0161\u012bbu. Neatkar\u012bgi no t\u0101, vai aizsargbrilles test\u0113 saska\u0146\u0101 ar <a href=\"https:\/\/www.impacttesting.net\/lv\/ansi-z87-1\/\"><strong>ANSI Z87.1 standarti<\/strong><\/a> vai veic visp\u0101r\u0113ju <strong>bumbi\u0146as trieciena testi<\/strong>, \u0161ai metodei ir b\u016btiska noz\u012bme materi\u0101lu veiktsp\u0113jas nov\u0113rt\u0113\u0161an\u0101.<\/p>\n\t\t\n<style>\n#text-2351973450 {\n  font-size: 1.1rem;\n  line-height: 2;\n}\n<\/style>\n\t<\/div>\n\t\n<a href=\"https:\/\/www.impacttesting.net\/lv\/contact-us\/\" class=\"button primary is-outline\"  style=\"border-radius:99px;\">\n    <span>Sazinieties ar mums<\/span>\n  <i class=\"icon-chat\" aria-hidden=\"true\" ><\/i><\/a>\n\n\n\n\t\t<\/div>\n\t\t\t\t\t<\/div>\n\n\t\n\n\t<div id=\"col-1425825687\" class=\"col medium-4 small-12 large-4\"  >\n\t\t\t\t<div class=\"col-inner text-center\"  >\n\t\t\t\n\t\t\t\n\n\n<div class=\"wpcf7 no-js\" id=\"wpcf7-f10-o1\" lang=\"en-US\" dir=\"ltr\" data-wpcf7-id=\"10\">\n<div class=\"screen-reader-response\"><p role=\"status\" aria-live=\"polite\" aria-atomic=\"true\"><\/p> <ul><\/ul><\/div>\n<form action=\"\/lv\/wp-json\/wp\/v2\/pages\/74#wpcf7-f10-o1\" method=\"post\" class=\"wpcf7-form init\" aria-label=\"Contact form\" novalidate=\"novalidate\" data-status=\"init\" data-trp-original-action=\"\/lv\/wp-json\/wp\/v2\/pages\/74#wpcf7-f10-o1\">\n<fieldset class=\"hidden-fields-container\"><input type=\"hidden\" name=\"_wpcf7\" value=\"10\" \/><input type=\"hidden\" name=\"_wpcf7_version\" value=\"6.1.4\" \/><input type=\"hidden\" name=\"_wpcf7_locale\" value=\"en_US\" \/><input type=\"hidden\" name=\"_wpcf7_unit_tag\" value=\"wpcf7-f10-o1\" \/><input type=\"hidden\" name=\"_wpcf7_container_post\" value=\"0\" \/><input type=\"hidden\" name=\"_wpcf7_posted_data_hash\" value=\"\" \/><input type=\"hidden\" name=\"_wpcf7_recaptcha_response\" value=\"\" \/>\n<\/fieldset>\n<p><span class=\"wpcf7-form-control-wrap\" data-name=\"Name\"><input size=\"40\" maxlength=\"400\" class=\"wpcf7-form-control wpcf7-text\" aria-invalid=\"false\" placeholder=\"J\u016bsu v\u0101rds\" value=\"\" type=\"text\" name=\"Name\" \/><\/span><br \/>\n<span class=\"wpcf7-form-control-wrap\" data-name=\"Comapany\"><input size=\"40\" maxlength=\"400\" class=\"wpcf7-form-control wpcf7-text\" aria-invalid=\"false\" placeholder=\"J\u016bsu uz\u0146\u0113mums\" value=\"\" type=\"text\" name=\"Comapany\" \/><\/span><br \/>\n<span class=\"wpcf7-form-control-wrap\" data-name=\"Email\"><input size=\"40\" maxlength=\"400\" class=\"wpcf7-form-control wpcf7-email wpcf7-validates-as-required wpcf7-text wpcf7-validates-as-email\" aria-required=\"true\" aria-invalid=\"false\" placeholder=\"J\u016bsu e-pasta adrese*\" value=\"\" type=\"email\" name=\"Email\" \/><\/span><br \/>\n<span class=\"wpcf7-form-control-wrap\" data-name=\"Message\"><textarea cols=\"40\" rows=\"10\" maxlength=\"2000\" class=\"wpcf7-form-control wpcf7-textarea\" aria-invalid=\"false\" placeholder=\"Zi\u0146a\" name=\"Message\"><\/textarea><\/span>\n<\/p>\n<p><input class=\"wpcf7-form-control wpcf7-submit has-spinner\" type=\"submit\" value=\"Iesniegt\" \/>\n<\/p><div class=\"wpcf7-response-output\" aria-hidden=\"true\"><\/div>\n<input type=\"hidden\" name=\"trp-form-language\" value=\"lv\"\/><\/form>\n<\/div>\n\n\n\n\t\t<\/div>\n\t\t\t\t\t<\/div>\n\n\t\n\n<\/div>\n\n\t\t<\/div>\n\t\t\t\t\t<\/div>\n\n\t\n\n<\/div>\n\n\t\t<\/div>\n\n\t\t\n<style>\n#section_61651286 {\n  padding-top: 30px;\n  padding-bottom: 30px;\n  background-color: rgb(232, 234, 241);\n}\n<\/style>\n\t<\/section>","protected":false},"excerpt":{"rendered":"","protected":false},"author":1,"featured_media":0,"parent":0,"menu_order":0,"comment_status":"closed","ping_status":"closed","template":"page-blank.php","meta":{"footnotes":""},"class_list":["post-74","page","type-page","status-publish","hentry"],"_links":{"self":[{"href":"https:\/\/www.impacttesting.net\/lv\/wp-json\/wp\/v2\/pages\/74","targetHints":{"allow":["GET"]}}],"collection":[{"href":"https:\/\/www.impacttesting.net\/lv\/wp-json\/wp\/v2\/pages"}],"about":[{"href":"https:\/\/www.impacttesting.net\/lv\/wp-json\/wp\/v2\/types\/page"}],"author":[{"embeddable":true,"href":"https:\/\/www.impacttesting.net\/lv\/wp-json\/wp\/v2\/users\/1"}],"replies":[{"embeddable":true,"href":"https:\/\/www.impacttesting.net\/lv\/wp-json\/wp\/v2\/comments?post=74"}],"version-history":[{"count":2,"href":"https:\/\/www.impacttesting.net\/lv\/wp-json\/wp\/v2\/pages\/74\/revisions"}],"predecessor-version":[{"id":78,"href":"https:\/\/www.impacttesting.net\/lv\/wp-json\/wp\/v2\/pages\/74\/revisions\/78"}],"wp:attachment":[{"href":"https:\/\/www.impacttesting.net\/lv\/wp-json\/wp\/v2\/media?parent=74"}],"curies":[{"name":"wp","href":"https:\/\/api.w.org\/{rel}","templated":true}]}}