{"id":66,"date":"2025-12-24T05:51:29","date_gmt":"2025-12-24T05:51:29","guid":{"rendered":"https:\/\/www.impacttesting.net\/?page_id=66"},"modified":"2025-12-24T05:51:29","modified_gmt":"2025-12-24T05:51:29","slug":"astm-d1709","status":"publish","type":"page","link":"https:\/\/www.impacttesting.net\/lv\/astm-d1709\/","title":{"rendered":"ASTM D1709"},"content":{"rendered":"<section class=\"section\" id=\"section_863623669\">\n\t\t<div class=\"bg section-bg fill bg-fill  bg-loaded\" >\n\n\t\t\t\n\t\t\t\n\t\t\t\n\n\t\t<\/div>\n\n\t\t\n\n\t\t<div class=\"section-content relative\">\n\t\t\t\n\n<div class=\"row\"  id=\"row-387231370\">\n\n\n\t<div id=\"col-1788546805\" class=\"col small-12 large-12\"  >\n\t\t\t\t<div class=\"col-inner\" style=\"background-color:rgb(92, 171, 188);\" >\n\t\t\t\n\t\t\t\n\n<div class=\"row\"  id=\"row-1585889360\">\n\n\n\t<div id=\"col-649375610\" class=\"col small-12 large-12\"  >\n\t\t\t\t<div class=\"col-inner\"  >\n\t\t\t\n\t\t\t\n\n\t<div id=\"text-3454019676\" class=\"text\">\n\t\t\n\n<h1>ASTM D1709<\/h1>\n\t\t\n<style>\n#text-3454019676 {\n  font-size: 1.5rem;\n  text-align: center;\n}\n<\/style>\n\t<\/div>\n\t\n\t<div id=\"text-2492663126\" class=\"text\">\n\t\t\n\n<h2>Plastmasas pl\u0113ves kritiena testa metode<\/h2>\n\t\t\n<style>\n#text-2492663126 {\n  text-align: center;\n}\n<\/style>\n\t<\/div>\n\t\n\n\t\t<\/div>\n\t\t\t\t\n<style>\n#col-649375610 > .col-inner {\n  padding: 50px 10px 10px 10px;\n}\n<\/style>\n\t<\/div>\n\n\t\n\n<\/div>\n<div class=\"row align-middle align-center\"  id=\"row-221275111\">\n\n\n\t<div id=\"col-2130892986\" class=\"col medium-11 small-12 large-11\"  >\n\t\t\t\t<div class=\"col-inner\"  >\n\t\t\t\n\t\t\t\n\n<div class=\"row align-center\"  id=\"row-390320376\">\n\n\n\t<div id=\"col-2061919793\" class=\"col medium-7 small-12 large-7\"  >\n\t\t\t\t<div class=\"col-inner\"  >\n\t\t\t\n\t\t\t\n\n<div class=\"row\"  id=\"row-1918921842\">\n\n\n\t<div id=\"col-1303013909\" class=\"col small-12 large-12\"  >\n\t\t\t\t<div class=\"col-inner text-center\"  >\n\t\t\t\n\t\t\t\n\n\t<div id=\"text-870902891\" class=\"text\">\n\t\t\n\n<p>Port\u0101ls <strong>ASTM D1709 \u0161autri\u0146u nome\u0161anas tests<\/strong> ir b\u016btiska metode plastmasas pl\u0113vju un l\u012bdz\u012bgu materi\u0101lu triecieniztur\u012bbas nov\u0113rt\u0113\u0161anai. Iev\u0113rojot standarta proced\u016bras, izv\u0113loties pareizo test\u0113\u0161anas metodi un izmantojot uzticamu apr\u012bkojumu, piem\u0113ram. <strong>FDT-01 no Impacttesting.net<\/strong>, varat nodro\u0161in\u0101t nemain\u012bgu kvalit\u0101ti un atbilst\u012bbu nozares standartiem.<\/p>\n\t\t\n<style>\n#text-870902891 {\n  color: rgb(0, 0, 0);\n}\n#text-870902891 > * {\n  color: rgb(0, 0, 0);\n}\n<\/style>\n\t<\/div>\n\t\n\n\t\t<\/div>\n\t\t\t\t\t<\/div>\n\n\t\n\n\t<div id=\"col-2118353374\" class=\"col small-12 large-12\"  >\n\t\t\t\t<div class=\"col-inner text-center\"  >\n\t\t\t\n\t\t\t\n\n<a href=\"https:\/\/www.impacttesting.net\/lv\/contact-us\/\" class=\"button primary is-outline\"  style=\"border-radius:99px;\">\n    <span>Sazinieties ar mums<\/span>\n  <i class=\"icon-chat\" aria-hidden=\"true\" ><\/i><\/a>\n\n\n\n\t\t<\/div>\n\t\t\t\t\t<\/div>\n\n\t\n\n<\/div>\n\n\t\t<\/div>\n\t\t\t\t\t<\/div>\n\n\t\n\n\t<div id=\"col-701797240\" class=\"col medium-4 small-12 large-4\"  >\n\t\t\t\t<div class=\"col-inner\"  >\n\t\t\t\n\t\t\t\n\n<div class=\"row\"  id=\"row-1276944527\">\n\n\n\t<div id=\"col-662656804\" class=\"col small-12 large-12\"  >\n\t\t\t\t<div class=\"col-inner\"  >\n\t\t\t\n\t\t\t\n\n\t<div class=\"img has-hover x md-x lg-x y md-y lg-y\" id=\"image_1400797753\">\n\t\t\t\t\t\t\t\t<div class=\"img-inner dark\" >\n\t\t\t<img decoding=\"async\" width=\"600\" height=\"440\" src=\"https:\/\/www.impacttesting.net\/wp-content\/uploads\/2025\/12\/ASTM-D1709-Dart-Drop-Test-Method-for-Plastic-Film.webp\" class=\"attachment-large size-large\" alt=\"ASTM D1709 Plastmasas pl\u0113ves kritiena testa metode ar \u0161autri\u0146u\" srcset=\"https:\/\/www.impacttesting.net\/wp-content\/uploads\/2025\/12\/ASTM-D1709-Dart-Drop-Test-Method-for-Plastic-Film.webp 600w, https:\/\/www.impacttesting.net\/wp-content\/uploads\/2025\/12\/ASTM-D1709-Dart-Drop-Test-Method-for-Plastic-Film-545x400.webp 545w\" sizes=\"(max-width: 600px) 100vw, 600px\" \/>\t\t\t\t\t\t\n\t\t\t\t\t<\/div>\n\t\t\t\t\t\t\t\t\n<style>\n#image_1400797753 {\n  width: 100%;\n}\n<\/style>\n\t<\/div>\n\t\n\n\n\t\t<\/div>\n\t\t\t\t\t<\/div>\n\n\t\n\n<\/div>\n\n\t\t<\/div>\n\t\t\t\t\t<\/div>\n\n\t\n\n<\/div>\n\n\t\t<\/div>\n\t\t\t\t\t<\/div>\n\n\t\n\n<\/div>\n\n\t\t<\/div>\n\t\t\t\t\t<\/div>\n\n\t\n\n\n<style>\n#row-387231370 > .col > .col-inner {\n  border-radius: 25px;\n}\n<\/style>\n<\/div>\n\n\t\t<\/div>\n\n\t\t\n<style>\n#section_863623669 {\n  padding-top: 30px;\n  padding-bottom: 30px;\n}\n<\/style>\n\t<\/section>\n\t\n\t<section class=\"section\" id=\"section_16859623\">\n\t\t<div class=\"bg section-bg fill bg-fill  bg-loaded\" >\n\n\t\t\t\n\t\t\t\n\t\t\t\n\n\t\t<\/div>\n\n\t\t\n\n\t\t<div class=\"section-content relative\">\n\t\t\t\n\n<div class=\"row\"  id=\"row-1441456738\">\n\n\n\t<div id=\"col-2127626699\" class=\"col small-12 large-12\"  >\n\t\t\t\t<div class=\"col-inner\"  >\n\t\t\t\n\t\t\t\n\n<div class=\"row\"  id=\"row-534015003\">\n\n\n\t<div id=\"col-1165670296\" class=\"col small-12 large-12\"  >\n\t\t\t\t<div class=\"col-inner\"  >\n\t\t\t\n\t\t\t\n\n\t<div id=\"text-1555164443\" class=\"text\">\n\t\t\n\n<h2>ASTM D1709 un t\u0101 noz\u012bme<\/h2>\n\t\t\n<style>\n#text-1555164443 {\n  font-size: 1.3rem;\n  text-align: center;\n}\n<\/style>\n\t<\/div>\n\t\n\n\t\t<\/div>\n\t\t\t\t\t<\/div>\n\n\t\n\n\t<div id=\"col-771803287\" class=\"col small-12 large-12\"  >\n\t\t\t\t<div class=\"col-inner\"  >\n\t\t\t\n\t\t\t\n\n<p>ASTM D1709 ir b\u016btiska noz\u012bme elast\u012bgo iepakojuma materi\u0101lu, jo \u012bpa\u0161i plastmasas pl\u0113vju, kvalit\u0101tes nodro\u0161in\u0101\u0161an\u0101. \u0160is starptautiskais standarts nosaka <strong>\u0161autri\u0146u nome\u0161anas testa metode<\/strong>, kur\u0101 nov\u0113rt\u0113 plastmasas pl\u0113vju triecieniztur\u012bbu, nosakot ener\u0123iju, kas nepiecie\u0161ama, lai izrais\u012btu boj\u0101jumu, kad sv\u0113rta \u0161autri\u0146a tiek nomesta no noteikta augstuma. Rezult\u0101ti ir b\u016btiski, lai nodro\u0161in\u0101tu ra\u017eojuma veiktsp\u0113ju p\u0101rvad\u0101\u0161anas, p\u0101rkrau\u0161anas un lieto\u0161anas laik\u0101. Ra\u017eot\u0101jiem, kvalit\u0101tes kontroles speci\u0101listiem un laboratorij\u0101m, kas str\u0101d\u0101 ar polim\u0113ru pl\u0113v\u0113m, ASTM D1709 izpratne un ievie\u0161ana nodro\u0161ina atbilst\u012bbu veiktsp\u0113jas standartiem un ra\u017eo\u0161anas konsekvenci.<\/p>\n\n\t\t<\/div>\n\t\t\t\t\t<\/div>\n\n\t\n\n<\/div>\n\n\t\t<\/div>\n\t\t\t\t\t<\/div>\n\n\t\n\n<\/div>\n<div class=\"row\"  id=\"row-1869060357\">\n\n\n\t<div id=\"col-652785245\" class=\"col small-12 large-12\"  >\n\t\t\t\t<div class=\"col-inner\"  >\n\t\t\t\n\t\t\t\n\n<div class=\"row\"  id=\"row-198160515\">\n\n\n\t<div id=\"col-588697584\" class=\"col small-12 large-12\"  >\n\t\t\t\t<div class=\"col-inner\"  >\n\t\t\t\n\t\t\t\n\n<div class=\"row\"  id=\"row-94267911\">\n\n\n\t<div id=\"col-569435393\" class=\"col small-12 large-12\"  >\n\t\t\t\t<div class=\"col-inner\"  >\n\t\t\t\n\t\t\t\n\n\t<div id=\"text-375894266\" class=\"text\">\n\t\t\n\n<h2>Izpratne par \u0161autri\u0146u nome\u0161anas testa metodi<\/h2>\n\t\t\n<style>\n#text-375894266 {\n  font-size: 1.3rem;\n  text-align: center;\n}\n<\/style>\n\t<\/div>\n\t\n\n\t\t<\/div>\n\t\t\t\t\t<\/div>\n\n\t\n\n<\/div>\n<div class=\"row align-middle\"  id=\"row-1260616394\">\n\n\n\t<div id=\"col-316676571\" class=\"col medium-7 small-12 large-7\"  >\n\t\t\t\t<div class=\"col-inner\"  >\n\t\t\t\n\t\t\t\n\n<p>Port\u0101ls <strong>\u0161autri\u0146u nome\u0161anas tests<\/strong> saska\u0146\u0101 ar ASTM D1709 defin\u012bciju, lai noteiktu svaru, kas izraisa 50% test\u0113jamo paraugu boj\u0101jumu, ir j\u0101nolai\u017e \u0161autri\u0146a ar puslodes galvu uz iesp\u012bl\u0113ta pl\u0113ves parauga, lai noteiktu svaru, kas izraisa 50% test\u0113jamo paraugu boj\u0101jumu. Tests nodro\u0161ina triecieniztur\u012bbas kvantitat\u012bvu m\u0113r\u012bjumu.<\/p>\n<p>Ir divas galven\u0101s test\u0113\u0161anas metodes:<\/p>\n<ul>\n<li><strong>A metode<\/strong>: Izmanto 38,10 mm diametra \u0161autri\u0146u, kas palaista no 0,66 m augstuma.<\/li>\n<li><strong>B metode<\/strong>: Izmanto 50,80 mm diametra \u0161autri\u0146u, kas palaista no 1,52 m augstuma.<\/li>\n<\/ul>\n<p>Katra metode ir piem\u0113rota da\u017e\u0101diem pl\u0113ves veidiem un veiktsp\u0113jas robe\u017ev\u0113rt\u012bb\u0101m. A metodi bie\u017e\u0101k izmanto viegl\u0101k\u0101m vai pl\u0101n\u0101k\u0101m pl\u0113v\u0113m, savuk\u0101rt B metodi izmanto, ja paredzams liel\u0101ks ener\u0123ijas trieciens.<\/p>\n\n\t\t<\/div>\n\t\t\t\t\t<\/div>\n\n\t\n\n\t<div id=\"col-738123756\" class=\"col medium-5 small-12 large-5\"  >\n\t\t\t\t<div class=\"col-inner\"  >\n\t\t\t\n\t\t\t\n\n\t<div class=\"img has-hover x md-x lg-x y md-y lg-y\" id=\"image_1787796170\">\n\t\t\t\t\t\t\t\t<div class=\"img-inner dark\" >\n\t\t\t<img decoding=\"async\" width=\"600\" height=\"440\" src=\"https:\/\/www.impacttesting.net\/wp-content\/uploads\/2025\/12\/ASTM-D1709-Dart-Drop-Test-Method-for-Plastic-Film.webp\" class=\"attachment-large size-large\" alt=\"ASTM D1709 Plastmasas pl\u0113ves kritiena testa metode ar \u0161autri\u0146u\" srcset=\"https:\/\/www.impacttesting.net\/wp-content\/uploads\/2025\/12\/ASTM-D1709-Dart-Drop-Test-Method-for-Plastic-Film.webp 600w, https:\/\/www.impacttesting.net\/wp-content\/uploads\/2025\/12\/ASTM-D1709-Dart-Drop-Test-Method-for-Plastic-Film-545x400.webp 545w\" sizes=\"(max-width: 600px) 100vw, 600px\" \/>\t\t\t\t\t\t\n\t\t\t\t\t<\/div>\n\t\t\t\t\t\t\t\t\n<style>\n#image_1787796170 {\n  width: 100%;\n}\n<\/style>\n\t<\/div>\n\t\n\n\n\t\t<\/div>\n\t\t\t\t\t<\/div>\n\n\t\n\n<\/div>\n\n\t\t<\/div>\n\t\t\t\t\t<\/div>\n\n\t\n\n<\/div>\n\n\t\t<\/div>\n\t\t\t\t\t<\/div>\n\n\t\n\n<\/div>\n<div class=\"row\"  id=\"row-2017046396\">\n\n\n\t<div id=\"col-2087115068\" class=\"col small-12 large-12\"  >\n\t\t\t\t<div class=\"col-inner\"  >\n\t\t\t\n\t\t\t\n\n<div class=\"row\"  id=\"row-1623034589\">\n\n\n\t<div id=\"col-614000815\" class=\"col small-12 large-12\"  >\n\t\t\t\t<div class=\"col-inner\"  >\n\t\t\t\n\t\t\t\n\n\t<div id=\"text-1126659779\" class=\"text\">\n\t\t\n\n<h2>Galvenie so\u013ci \u0161autri\u0146u trieciena testa proced\u016br\u0101<\/h2>\n\t\t\n<style>\n#text-1126659779 {\n  font-size: 1.3rem;\n  text-align: center;\n}\n<\/style>\n\t<\/div>\n\t\n\n\t\t<\/div>\n\t\t\t\t\t<\/div>\n\n\t\n\n<\/div>\n<div class=\"row\"  id=\"row-1756073973\">\n\n\n\t<div id=\"col-1830026161\" class=\"col medium-6 small-12 large-6\"  >\n\t\t\t\t<div class=\"col-inner\"  >\n\t\t\t\n\t\t\t\n\n<h3>Testa parauga sagatavo\u0161ana<\/h3>\n<ul>\n<li><strong>Izm\u0113rs un kvalit\u0101te<\/strong>: P\u0101rliecinieties, ka paraugi ir pietiekami lieli, lai izstieptu \u0101rpus skavas, un ka tajos nav redzamu defektu, piem\u0113ram, caurumu vai krok\u0101m.<\/li>\n<li><strong>Paraugu \u0146em\u0161ana<\/strong>: \u0145emiet paraugus, kas ir reprezentat\u012bvi visai filmas ra\u017eo\u0161anas partijai.<\/li>\n<li><strong>Kondicion\u0113\u0161ana<\/strong>: Pirms test\u0113\u0161anas visus paraugus kondicion\u0113jiet vismaz 40 stundas 23 \u00b1 2 \u00b0C un 50 \u00b1 10% relat\u012bv\u0101 mitrum\u0101, k\u0101 nor\u0101d\u012bts ASTM D618.<\/li>\n<\/ul>\n\n\t\t<\/div>\n\t\t\t\t\t<\/div>\n\n\t\n\n\t<div id=\"col-915565006\" class=\"col medium-6 small-12 large-6\"  >\n\t\t\t\t<div class=\"col-inner\"  >\n\t\t\t\n\t\t\t\n\n<h3>Apar\u0101tu iestat\u012b\u0161ana<\/h3>\n<ul>\n<li>Izmantojiet apstiprin\u0101tu \u0161autri\u0146u nome\u0161anas testeri, piem\u0113ram, \u0161\u0101du. <strong>FDT-01 no Impacttesting.net<\/strong>, kas atbalsta gan A, gan B metodi ar prec\u012bziem \u0161autri\u0146u izlai\u0161anas meh\u0101nismiem.<\/li>\n<li>Izv\u0113lieties un p\u0101rbaudiet \u0161autri\u0146u galvi\u0146u, lai p\u0101rliecin\u0101tos, ka uz t\u0101s nav skr\u0101p\u0113jumu vai defektu.<\/li>\n<li>Prec\u012bzi noregul\u0113jiet kritiena augstumu, pamatojoties uz izv\u0113l\u0113to testa metodi.<\/li>\n<li>P\u0101rliecinieties, ka \u0161autri\u0146as atbr\u012bvo\u0161anas meh\u0101nisms tr\u0101pa iesp\u012bl\u0113ta parauga centr\u0101 un ka nenotiek sl\u012bd\u0113\u0161ana.<\/li>\n<\/ul>\n\n\t\t<\/div>\n\t\t\t\t\t<\/div>\n\n\t\n\n<\/div>\n<div class=\"row align-middle\"  id=\"row-1973902483\">\n\n\n\t<div id=\"col-919223998\" class=\"col medium-8 small-12 large-8\"  >\n\t\t\t\t<div class=\"col-inner\"  >\n\t\t\t\n\t\t\t\n\n<h3>\u0160autri\u0146u nome\u0161anas test\u0113\u0161anas metodes<\/h3>\n<p>Saska\u0146\u0101 ar ASTM D1709 ir divas galven\u0101s test\u0113\u0161anas metodes:<\/p>\n<h4>K\u0101p\u0146u metode<\/h4>\n<ul>\n<li>Izmantojiet vienm\u0113r\u012bgu svara pieaugumu (\u0394W).<\/li>\n<li>P\u0113c katra parauga palieliniet vai samaziniet \u0161autri\u0146as svaru atkar\u012bb\u0101 no boj\u0101juma rezult\u0101ta.<\/li>\n<li>Tests turpin\u0101s, l\u012bdz tiek ieg\u016btas 10 k\u013c\u016bdas (X) un 10 neveiksmes (0).<\/li>\n<li>Apr\u0113\u0137iniet boj\u0101juma svaru (WF), izmantojot k\u0101p\u0146u metodes formulu:<br \/><strong>WF = W0 + \u0394W(N\/A - 0,5)<\/strong><br \/>Kur:<br \/><strong>W<sub>0<\/sub> <\/strong> ir s\u0101kotn\u0113jais svars<br \/><strong>\u0394W<\/strong> ir pieaugums<br \/><strong>N<\/strong> ir kop\u0113jais neveiksmju skaits (10)<br \/><strong>A<\/strong> ir neveiksm\u012bgo paraugu indeksu v\u0113rt\u012bbu summa<\/li>\n<\/ul>\n<h4>Alternat\u012bv\u0101 metode<\/h4>\n<ul>\n<li>Izmantojiet fiks\u0113tu \u0161autri\u0146u svaru paraugu grupai (parasti 10).<\/li>\n<li>Mainiet \u0161autri\u0146u svaru starp grup\u0101m.<\/li>\n<li>Nosakiet atteices slieksni, izmantojot uzz\u012bm\u0113tus datus vai main\u012bgos vid\u0113jos lielumus.<\/li>\n<\/ul>\n<p>\u0160o pieeju bie\u017ei izmanto<strong> k\u0101rt\u0113j\u0101 kvalit\u0101tes kontrole<\/strong> \u0101trai p\u0101rbaudei.<\/p>\n\n\t\t<\/div>\n\t\t\t\t\t<\/div>\n\n\t\n\n\t<div id=\"col-2134012470\" class=\"col medium-4 small-12 large-4\"  >\n\t\t\t\t<div class=\"col-inner\"  >\n\t\t\t\n\t\t\t\n\n<div class=\"video video-fit mb\" style=\"padding-top:200%;\"><iframe title=\"Kr\u012bto\u0161\u0101s lodes trieciena testeris plastmasas pl\u0113v\u0113m un loksn\u0113m\" width=\"563\" height=\"1000\" src=\"https:\/\/www.youtube.com\/embed\/AvdivZPwIxc?feature=oembed\" frameborder=\"0\" allow=\"accelerometer; autoplay; clipboard-write; encrypted-media; gyroscope; picture-in-picture; web-share\" referrerpolicy=\"strict-origin-when-cross-origin\" allowfullscreen><\/iframe><\/div>\n\n\n\t\t<\/div>\n\t\t\t\t\t<\/div>\n\n\t\n\n<\/div>\n\n\t\t<\/div>\n\t\t\t\t\t<\/div>\n\n\t\n\n<\/div>\n<div class=\"row\"  id=\"row-1874758559\">\n\n\n\t<div id=\"col-982972258\" class=\"col small-12 large-12\"  >\n\t\t\t\t<div class=\"col-inner\"  >\n\t\t\t\n\t\t\t\n\n<div class=\"row\"  id=\"row-2062187745\">\n\n\n\t<div id=\"col-268976250\" class=\"col small-12 large-12\"  >\n\t\t\t\t<div class=\"col-inner\"  >\n\t\t\t\n\t\t\t\n\n\t<div id=\"text-670545614\" class=\"text\">\n\t\t\n\n<h2>Bie\u017ei sastopam\u0101s probl\u0113mas un risin\u0101jumi<\/h2>\n\t\t\n<style>\n#text-670545614 {\n  font-size: 1.3rem;\n  text-align: center;\n}\n<\/style>\n\t<\/div>\n\t\n\n\t\t<\/div>\n\t\t\t\t\t<\/div>\n\n\t\n\n\t<div id=\"col-796486499\" class=\"col small-12 large-12\"  >\n\t\t\t\t<div class=\"col-inner\"  >\n\t\t\t\n\t\t\t\n\n\t<div id=\"text-2885953346\" class=\"text\">\n\t\t\n\n<p><strong>Parauga nosl\u012bd\u0113\u0161ana<\/strong>: Izmantojiet atbilsto\u0161as skavas un virsmas apstr\u0101di (piem\u0113ram, krokusa audumu), lai nov\u0113rstu kust\u012bbu trieciena laik\u0101.<\/p>\n<p><strong>Neviendab\u012bgi rezult\u0101ti<\/strong>: P\u0101rbaudiet vides apst\u0101k\u013cus, \u0161autri\u0146u izl\u012bdzin\u0101\u0161anu un paraugu sagatavo\u0161anu, lai nodro\u0161in\u0101tu atk\u0101rtojam\u012bbu.<\/p>\n<p><strong>\u0160autri\u0146u atsp\u0113l\u0113\u0161an\u0101s<\/strong>: Vienm\u0113r no\u0137eriet \u0161autri\u0146u p\u0113c tr\u0101p\u012bjuma, lai izvair\u012btos no vair\u0101kk\u0101rt\u0113ja kontakta un iesp\u0113jamiem virsmas boj\u0101jumiem.<\/p>\n\t\t\n<style>\n#text-2885953346 {\n  text-align: center;\n}\n<\/style>\n\t<\/div>\n\t\n\n\t\t<\/div>\n\t\t\t\t\t<\/div>\n\n\t\n\n<\/div>\n\n\t\t<\/div>\n\t\t\t\t\t<\/div>\n\n\t\n\n<\/div>\n\n\t\t<\/div>\n\n\t\t\n<style>\n#section_16859623 {\n  padding-top: 30px;\n  padding-bottom: 30px;\n}\n<\/style>\n\t<\/section>\n\t\n\t<section class=\"section\" id=\"section_310472089\">\n\t\t<div class=\"bg section-bg fill bg-fill  bg-loaded\" >\n\n\t\t\t\n\t\t\t\n\t\t\t\n\n\t\t<\/div>\n\n\t\t\n\n\t\t<div class=\"section-content relative\">\n\t\t\t\n\n<div class=\"row\"  id=\"row-1706615617\">\n\n\n\t<div id=\"col-1762320300\" class=\"col small-12 large-12\"  >\n\t\t\t\t<div class=\"col-inner\"  >\n\t\t\t\n\t\t\t\n\n<div class=\"row align-center\"  id=\"row-1025079259\">\n\n\n\t<div id=\"col-857048211\" class=\"col small-12 large-12\"  >\n\t\t\t\t<div class=\"col-inner\"  >\n\t\t\t\n\t\t\t\n\n\t<div id=\"text-559634328\" class=\"text\">\n\t\t\n\n<h2>K\u0101p\u0113c izv\u0113l\u0113ties Impacttesting.net's<br \/>FDT-01 \u0161autri\u0146u kritiena testeris<\/h2>\n\t\t\n<style>\n#text-559634328 {\n  font-size: 1.4rem;\n  text-align: center;\n}\n<\/style>\n\t<\/div>\n\t\n\n\t\t<\/div>\n\t\t\t\t\t<\/div>\n\n\t\n\n\t<div id=\"col-1349359573\" class=\"col small-12 large-12\"  >\n\t\t\t\t<div class=\"col-inner\"  >\n\t\t\t\n\t\t\t\n\n<p>Port\u0101ls <strong>FDT-01 <a href=\"https:\/\/www.impacttesting.net\/lv\/falling-dart-impact-tester\/\">\u0160autri\u0146u trieciena testeris<\/a><\/strong> no <a href=\"https:\/\/www.impacttesting.net\/lv\/\">Impacttesting.net<\/a> ir \u012bpa\u0161i izstr\u0101d\u0101ts prec\u012bzai un efekt\u012bvai test\u0113\u0161anai uz <a href=\"https:\/\/www.impacttesting.net\/lv\/astm-d1709\/\"><strong>ASTM D1709<\/strong><\/a>. \u0160is instruments:<\/p>\n\n\t\t<\/div>\n\t\t\t\t\t<\/div>\n\n\t\n\n\t<div id=\"col-980851444\" class=\"col medium-7 small-12 large-7\"  >\n\t\t\t\t<div class=\"col-inner text-center\"  >\n\t\t\t\n\t\t\t\n\n\t<div id=\"text-2421740990\" class=\"text\">\n\t\t\n\n<p>Atbalsta gan A, gan B metodes test\u0113\u0161anu<br \/>Apr\u012bkots ar prec\u012bzu kri\u0161anas augstuma regul\u0113\u0161anu un \u0161autri\u0146u atbr\u012bvo\u0161anu<br \/>Pied\u0101v\u0101 digit\u0101lo vad\u012bbu un datu ieg\u016b\u0161anu dro\u0161ai rezult\u0101tu izseko\u0161anai.<br \/>Palielina produktivit\u0101ti ar intuit\u012bvu saskarni un iztur\u012bgu konstrukciju<\/p>\n\t\t\n<style>\n#text-2421740990 {\n  font-size: 1.1rem;\n  line-height: 1.3;\n}\n<\/style>\n\t<\/div>\n\t\n\t<div id=\"text-3996529060\" class=\"text\">\n\t\t\n\n<p>M\u016bsu pieredze <strong>iepakojuma materi\u0101lu test\u0113\u0161ana<\/strong>apvienojum\u0101 ar piel\u0101gojam\u0101m funkcij\u0101m un automatiz\u0101cijas atbalstu FDT-01 ir lieliski piem\u0113rots laboratorij\u0101m, ra\u017eo\u0161anas l\u012bnij\u0101m un inspekcijas a\u0123ent\u016br\u0101m.<\/p>\n\t\t\n<style>\n#text-3996529060 {\n  font-size: 1.1rem;\n}\n<\/style>\n\t<\/div>\n\t\n<a href=\"https:\/\/www.impacttesting.net\/lv\/contact-us\/\" class=\"button primary is-outline\"  style=\"border-radius:99px;\">\n    <span>Sazinieties ar mums<\/span>\n  <i class=\"icon-chat\" aria-hidden=\"true\" ><\/i><\/a>\n\n\n\n\t\t<\/div>\n\t\t\t\t\t<\/div>\n\n\t\n\n\t<div id=\"col-85519538\" class=\"col medium-4 small-12 large-4\"  >\n\t\t\t\t<div class=\"col-inner text-center\"  >\n\t\t\t\n\t\t\t\n\n\n<div class=\"wpcf7 no-js\" id=\"wpcf7-f10-o1\" lang=\"en-US\" dir=\"ltr\" data-wpcf7-id=\"10\">\n<div class=\"screen-reader-response\"><p role=\"status\" aria-live=\"polite\" aria-atomic=\"true\"><\/p> <ul><\/ul><\/div>\n<form action=\"\/lv\/wp-json\/wp\/v2\/pages\/66#wpcf7-f10-o1\" method=\"post\" class=\"wpcf7-form init\" aria-label=\"Contact form\" novalidate=\"novalidate\" data-status=\"init\" data-trp-original-action=\"\/lv\/wp-json\/wp\/v2\/pages\/66#wpcf7-f10-o1\">\n<fieldset class=\"hidden-fields-container\"><input type=\"hidden\" name=\"_wpcf7\" value=\"10\" \/><input type=\"hidden\" name=\"_wpcf7_version\" value=\"6.1.4\" \/><input type=\"hidden\" name=\"_wpcf7_locale\" value=\"en_US\" \/><input type=\"hidden\" name=\"_wpcf7_unit_tag\" value=\"wpcf7-f10-o1\" \/><input type=\"hidden\" name=\"_wpcf7_container_post\" value=\"0\" \/><input type=\"hidden\" name=\"_wpcf7_posted_data_hash\" value=\"\" \/><input type=\"hidden\" name=\"_wpcf7_recaptcha_response\" value=\"\" \/>\n<\/fieldset>\n<p><span class=\"wpcf7-form-control-wrap\" data-name=\"Name\"><input size=\"40\" maxlength=\"400\" class=\"wpcf7-form-control wpcf7-text\" aria-invalid=\"false\" placeholder=\"J\u016bsu v\u0101rds\" value=\"\" type=\"text\" name=\"Name\" \/><\/span><br \/>\n<span class=\"wpcf7-form-control-wrap\" data-name=\"Comapany\"><input size=\"40\" maxlength=\"400\" class=\"wpcf7-form-control wpcf7-text\" aria-invalid=\"false\" placeholder=\"J\u016bsu uz\u0146\u0113mums\" value=\"\" type=\"text\" name=\"Comapany\" \/><\/span><br \/>\n<span class=\"wpcf7-form-control-wrap\" data-name=\"Email\"><input size=\"40\" maxlength=\"400\" class=\"wpcf7-form-control wpcf7-email wpcf7-validates-as-required wpcf7-text wpcf7-validates-as-email\" aria-required=\"true\" aria-invalid=\"false\" placeholder=\"J\u016bsu e-pasta adrese*\" value=\"\" type=\"email\" name=\"Email\" \/><\/span><br \/>\n<span class=\"wpcf7-form-control-wrap\" data-name=\"Message\"><textarea cols=\"40\" rows=\"10\" maxlength=\"2000\" class=\"wpcf7-form-control wpcf7-textarea\" aria-invalid=\"false\" placeholder=\"Zi\u0146a\" name=\"Message\"><\/textarea><\/span>\n<\/p>\n<p><input class=\"wpcf7-form-control wpcf7-submit has-spinner\" type=\"submit\" value=\"Iesniegt\" \/>\n<\/p><div class=\"wpcf7-response-output\" aria-hidden=\"true\"><\/div>\n<input type=\"hidden\" name=\"trp-form-language\" value=\"lv\"\/><\/form>\n<\/div>\n\n\n\n\t\t<\/div>\n\t\t\t\t\t<\/div>\n\n\t\n\n<\/div>\n\n\t\t<\/div>\n\t\t\t\t\t<\/div>\n\n\t\n\n<\/div>\n\n\t\t<\/div>\n\n\t\t\n<style>\n#section_310472089 {\n  padding-top: 30px;\n  padding-bottom: 30px;\n  background-color: rgb(232, 234, 241);\n}\n<\/style>\n\t<\/section>","protected":false},"excerpt":{"rendered":"","protected":false},"author":1,"featured_media":0,"parent":0,"menu_order":0,"comment_status":"closed","ping_status":"closed","template":"page-blank.php","meta":{"footnotes":""},"class_list":["post-66","page","type-page","status-publish","hentry"],"_links":{"self":[{"href":"https:\/\/www.impacttesting.net\/lv\/wp-json\/wp\/v2\/pages\/66","targetHints":{"allow":["GET"]}}],"collection":[{"href":"https:\/\/www.impacttesting.net\/lv\/wp-json\/wp\/v2\/pages"}],"about":[{"href":"https:\/\/www.impacttesting.net\/lv\/wp-json\/wp\/v2\/types\/page"}],"author":[{"embeddable":true,"href":"https:\/\/www.impacttesting.net\/lv\/wp-json\/wp\/v2\/users\/1"}],"replies":[{"embeddable":true,"href":"https:\/\/www.impacttesting.net\/lv\/wp-json\/wp\/v2\/comments?post=66"}],"version-history":[{"count":1,"href":"https:\/\/www.impacttesting.net\/lv\/wp-json\/wp\/v2\/pages\/66\/revisions"}],"predecessor-version":[{"id":73,"href":"https:\/\/www.impacttesting.net\/lv\/wp-json\/wp\/v2\/pages\/66\/revisions\/73"}],"wp:attachment":[{"href":"https:\/\/www.impacttesting.net\/lv\/wp-json\/wp\/v2\/media?parent=66"}],"curies":[{"name":"wp","href":"https:\/\/api.w.org\/{rel}","templated":true}]}}