{"id":59,"date":"2025-12-24T05:33:37","date_gmt":"2025-12-24T05:33:37","guid":{"rendered":"https:\/\/www.impacttesting.net\/?page_id=59"},"modified":"2025-12-24T06:11:16","modified_gmt":"2025-12-24T06:11:16","slug":"astm-d3420","status":"publish","type":"page","link":"https:\/\/www.impacttesting.net\/lv\/astm-d3420\/","title":{"rendered":"ASTM D3420"},"content":{"rendered":"<section class=\"section\" id=\"section_765403239\">\n\t\t<div class=\"bg section-bg fill bg-fill  bg-loaded\" >\n\n\t\t\t\n\t\t\t\n\t\t\t\n\n\t\t<\/div>\n\n\t\t\n\n\t\t<div class=\"section-content relative\">\n\t\t\t\n\n<div class=\"row\"  id=\"row-1449100043\">\n\n\n\t<div id=\"col-2132005297\" class=\"col small-12 large-12\"  >\n\t\t\t\t<div class=\"col-inner\" style=\"background-color:rgb(92, 171, 188);\" >\n\t\t\t\n\t\t\t\n\n<div class=\"row\"  id=\"row-1199975873\">\n\n\n\t<div id=\"col-218405299\" class=\"col small-12 large-12\"  >\n\t\t\t\t<div class=\"col-inner\"  >\n\t\t\t\n\t\t\t\n\n\t<div id=\"text-3689112903\" class=\"text\">\n\t\t\n\n<h1>ASTM D1709<\/h1>\n\t\t\n<style>\n#text-3689112903 {\n  font-size: 1.5rem;\n  text-align: center;\n}\n<\/style>\n\t<\/div>\n\t\n\t<div id=\"text-3950148549\" class=\"text\">\n\t\t\n\n<h2>Plastmasas pl\u0113ves sv\u0101rsta triecieniztur\u012bba<\/h2>\n\t\t\n<style>\n#text-3950148549 {\n  text-align: center;\n}\n<\/style>\n\t<\/div>\n\t\n\n\t\t<\/div>\n\t\t\t\t\n<style>\n#col-218405299 > .col-inner {\n  padding: 50px 10px 10px 10px;\n}\n<\/style>\n\t<\/div>\n\n\t\n\n<\/div>\n<div class=\"row align-middle align-center\"  id=\"row-927141838\">\n\n\n\t<div id=\"col-1538873646\" class=\"col medium-11 small-12 large-11\"  >\n\t\t\t\t<div class=\"col-inner\"  >\n\t\t\t\n\t\t\t\n\n<div class=\"row align-middle align-center\"  id=\"row-24527551\">\n\n\n\t<div id=\"col-67322595\" class=\"col medium-7 small-12 large-7\"  >\n\t\t\t\t<div class=\"col-inner\"  >\n\t\t\t\n\t\t\t\n\n<div class=\"row\"  id=\"row-156131963\">\n\n\n\t<div id=\"col-1465398551\" class=\"col small-12 large-12\"  >\n\t\t\t\t<div class=\"col-inner text-center\"  >\n\t\t\t\n\t\t\t\n\n\t<div id=\"text-2562766316\" class=\"text\">\n\t\t\n\n<p>Triecieniztur\u012bbai ir b\u016btiska noz\u012bme, nov\u0113rt\u0113jot materi\u0101la iztur\u012bbu un veiktsp\u0113ju p\u0113k\u0161\u0146as slodzes apst\u0101k\u013cos. <a href=\"https:\/\/www.impacttesting.net\/lv\/astm-d3420\/\"><strong>ASTM D3420<\/strong><\/a>, standarta testa metode <strong>Plastmasas pl\u0113ves sv\u0101rsta triecieniztur\u012bba<\/strong>, ir b\u016btisks krit\u0113rijs plastmasas pl\u0113vju stingr\u012bbas noteik\u0161anai. \u0160\u012b metode ir \u012bpa\u0161i v\u0113rt\u012bga iepako\u0161anas in\u017eenieriem, materi\u0101lu zin\u0101tniekiem un kvalit\u0101tes kontroles speci\u0101listiem, kuri v\u0113las nodro\u0161in\u0101t, lai pl\u0113ves atbilstu konkr\u0113tam lietojumam noteikt\u0101m veiktsp\u0113jas pras\u012bb\u0101m.<\/p>\n\t\t\n<style>\n#text-2562766316 {\n  color: rgb(0, 0, 0);\n}\n#text-2562766316 > * {\n  color: rgb(0, 0, 0);\n}\n<\/style>\n\t<\/div>\n\t\n\n\t\t<\/div>\n\t\t\t\t\t<\/div>\n\n\t\n\n\t<div id=\"col-885533666\" class=\"col small-12 large-12\"  >\n\t\t\t\t<div class=\"col-inner text-center\"  >\n\t\t\t\n\t\t\t\n\n<a href=\"https:\/\/www.impacttesting.net\/lv\/contact-us\/\" class=\"button primary is-outline\"  style=\"border-radius:99px;\">\n    <span>Sazinieties ar mums<\/span>\n  <i class=\"icon-chat\" aria-hidden=\"true\" ><\/i><\/a>\n\n\n\n\t\t<\/div>\n\t\t\t\t\t<\/div>\n\n\t\n\n<\/div>\n\n\t\t<\/div>\n\t\t\t\t\t<\/div>\n\n\t\n\n\t<div id=\"col-964198176\" class=\"col medium-5 small-12 large-5\"  >\n\t\t\t\t<div class=\"col-inner\"  >\n\t\t\t\n\t\t\t\n\n<div class=\"row\"  id=\"row-1570487920\">\n\n\n\t<div id=\"col-380539046\" class=\"col small-12 large-12\"  >\n\t\t\t\t<div class=\"col-inner\"  >\n\t\t\t\n\t\t\t\n\n\t<div class=\"img has-hover x md-x lg-x y md-y lg-y\" id=\"image_1967659941\">\n\t\t<a class=\"\" href=\"https:\/\/www.impacttesting.net\/lv\/falling-dart-impact-tester\/\" >\t\t\t\t\t\t<div class=\"img-inner dark\" >\n\t\t\t<img decoding=\"async\" width=\"600\" height=\"440\" src=\"https:\/\/www.impacttesting.net\/wp-content\/uploads\/2025\/12\/ASTM-D3420-Pendulum-Impact-Resistance-of-Plastic-Film.webp\" class=\"attachment-large size-large\" alt=\"ASTM D3420 Plastmasas pl\u0113ves triecieniztur\u012bba pret sv\u0101rsta triecienu\" srcset=\"https:\/\/www.impacttesting.net\/wp-content\/uploads\/2025\/12\/ASTM-D3420-Pendulum-Impact-Resistance-of-Plastic-Film.webp 600w, https:\/\/www.impacttesting.net\/wp-content\/uploads\/2025\/12\/ASTM-D3420-Pendulum-Impact-Resistance-of-Plastic-Film-545x400.webp 545w\" sizes=\"(max-width: 600px) 100vw, 600px\" \/>\t\t\t\t\t\t\n\t\t\t\t\t<\/div>\n\t\t\t\t\t\t<\/a>\t\t\n<style>\n#image_1967659941 {\n  width: 100%;\n}\n<\/style>\n\t<\/div>\n\t\n\n\n\t\t<\/div>\n\t\t\t\t\t<\/div>\n\n\t\n\n<\/div>\n\n\t\t<\/div>\n\t\t\t\t\t<\/div>\n\n\t\n\n<\/div>\n\n\t\t<\/div>\n\t\t\t\t\t<\/div>\n\n\t\n\n<\/div>\n\n\t\t<\/div>\n\t\t\t\t\t<\/div>\n\n\t\n\n\n<style>\n#row-1449100043 > .col > .col-inner {\n  border-radius: 25px;\n}\n<\/style>\n<\/div>\n\n\t\t<\/div>\n\n\t\t\n<style>\n#section_765403239 {\n  padding-top: 30px;\n  padding-bottom: 30px;\n}\n<\/style>\n\t<\/section>\n\t\n\t<section class=\"section\" id=\"section_1096728780\">\n\t\t<div class=\"bg section-bg fill bg-fill  bg-loaded\" >\n\n\t\t\t\n\t\t\t\n\t\t\t\n\n\t\t<\/div>\n\n\t\t\n\n\t\t<div class=\"section-content relative\">\n\t\t\t\n\n<div class=\"row\"  id=\"row-2072378415\">\n\n\n\t<div id=\"col-1123949012\" class=\"col small-12 large-12\"  >\n\t\t\t\t<div class=\"col-inner\"  >\n\t\t\t\n\t\t\t\n\n<div class=\"row\"  id=\"row-1447148677\">\n\n\n\t<div id=\"col-2047247979\" class=\"col small-12 large-12\"  >\n\t\t\t\t<div class=\"col-inner\"  >\n\t\t\t\n\t\t\t\n\n\t<div id=\"text-976136012\" class=\"text\">\n\t\t\n\n<h2>ASTM D3420 un t\u0101 noz\u012bme<\/h2>\n\t\t\n<style>\n#text-976136012 {\n  font-size: 1.3rem;\n  text-align: center;\n}\n<\/style>\n\t<\/div>\n\t\n\n\t\t<\/div>\n\t\t\t\t\t<\/div>\n\n\t\n\n\t<div id=\"col-100376082\" class=\"col small-12 large-12\"  >\n\t\t\t\t<div class=\"col-inner\"  >\n\t\t\t\n\t\t\t\n\n<p>ASTM D3420 standarts nosaka metodi, ar kuru, izmantojot sv\u0101rsta apar\u0101tu, m\u0113ra ener\u0123iju, kas nepiecie\u0161ama plastmasas pl\u0113ves parauga caurdur\u0161anai. Sv\u0101rsta kin\u0113tisk\u0101 ener\u0123ija imit\u0113 re\u0101los sp\u0113kus, ar kuriem pl\u0113ve var saskarties, piem\u0113ram, iepako\u0161anas, transport\u0113\u0161anas vai p\u0101rkrau\u0161anas laik\u0101. Rezult\u0101ts atspogu\u013co pl\u0113ves dinamisko stiepes iztur\u0113\u0161anos, nodro\u0161inot re\u0101listisk\u0101ku nov\u0113rt\u0113jumu nek\u0101 statiskie stiepes testi.<\/p>\n\n\t\t<\/div>\n\t\t\t\t\t<\/div>\n\n\t\n\n\t<div id=\"col-1248210714\" class=\"col small-12 large-12\"  >\n\t\t\t\t<div class=\"col-inner\"  >\n\t\t\t\n\t\t\t\n\n\t<div id=\"text-120634927\" class=\"text\">\n\t\t\n\n<h3>ASTM D3420 - ASTM standarti plastmasas triecientestiem<\/h3>\n\t\t\n<style>\n#text-120634927 {\n  text-align: center;\n}\n<\/style>\n\t<\/div>\n\t\n\n\t\t<\/div>\n\t\t\t\t\t<\/div>\n\n\t\n\n\t<div id=\"col-776390818\" class=\"col small-12 large-12\"  >\n\t\t\t\t<div class=\"col-inner\"  >\n\t\t\t\n\t\t\t\n\n<p>ASTM D3420 ir \u012bpa\u0161i v\u0113rsts uz <strong>sv\u0101rsta triecieniztur\u012bba<\/strong>, padarot to par vienu no svar\u012bg\u0101kaj\u0101m <strong>ASTM standarti plastmasas triecientestiem<\/strong>. Lai gan citas metodes, piem\u0113ram, ASTM D1709 vai D4272, p\u0101rbauda l\u012bdz\u012bgas \u012bpa\u0161\u012bbas, D3420 ir \u012bpa\u0161i izdev\u012bga, jo:<\/p>\n<ul>\n<li>Tas \u013cauj veikt dinamisko test\u0113\u0161anu pie liel\u0101k\u0101m deform\u0101cij\u0101m.<\/li>\n<li>T\u0101 pied\u0101v\u0101 divas test\u0113\u0161anas proced\u016bras (A proced\u016bra un B proced\u016bra) ar da\u017e\u0101diem parauga un zondes izm\u0113riem.<\/li>\n<li>T\u0101 sniedz uz ener\u0123iju balst\u012btus rezult\u0101tus, sniedzot ieskatu gan par boj\u0101jumu ra\u0161anos, gan izplat\u012b\u0161anos.<\/li>\n<\/ul>\n<p>\u0160o standartu pla\u0161i izmanto, nov\u0113rt\u0113jot filmas, kas izgatavotas no <strong>polietil\u0113ns, polipropil\u0113ns, PET<\/strong>un citiem parastajiem iepakojuma materi\u0101liem.<\/p>\n\n\t\t<\/div>\n\t\t\t\t\t<\/div>\n\n\t\n\n<\/div>\n\n\t\t<\/div>\n\t\t\t\t\t<\/div>\n\n\t\n\n<\/div>\n<div class=\"row\"  id=\"row-809594785\">\n\n\n\t<div id=\"col-500203032\" class=\"col small-12 large-12\"  >\n\t\t\t\t<div class=\"col-inner\"  >\n\t\t\t\n\t\t\t\n\n<div class=\"row\"  id=\"row-1457229997\">\n\n\n\t<div id=\"col-1452595463\" class=\"col small-12 large-12\"  >\n\t\t\t\t<div class=\"col-inner\"  >\n\t\t\t\n\t\t\t\n\n\t<div id=\"text-3121728931\" class=\"text\">\n\t\t\n\n<h2>Saist\u012bts sv\u0101rsta trieciena testeris<\/h2>\n\t\t\n<style>\n#text-3121728931 {\n  font-size: 1.3rem;\n  text-align: center;\n}\n<\/style>\n\t<\/div>\n\t\n\n\t\t<\/div>\n\t\t\t\t\t<\/div>\n\n\t\n\n<\/div>\n<div class=\"row\"  id=\"row-1295745554\">\n\n\n\t<div id=\"col-302233676\" class=\"col medium-6 small-12 large-6\"  >\n\t\t\t\t<div class=\"col-inner\"  >\n\t\t\t\n\t\t\t\n\n<h3>Testa aparat\u016bra un iestat\u012bjumi<\/h3>\n<p>Lai veiktu ASTM D3420 testus, ir nepiecie\u0161ams kalibr\u0113ts sv\u0101rsta triecientesters. . <a href=\"https:\/\/www.impacttesting.net\/lv\/pendulum-impact-tester\/\"><strong>PIT-01 sv\u0101rsta trieciena testeris<\/strong><\/a> no <strong>Cell Instruments<\/strong> ir lielisks risin\u0101jums, kas piln\u012bb\u0101 atbilst ASTM D3420 pras\u012bb\u0101m un pied\u0101v\u0101:<\/p>\n<ul>\n<li>Augstas precizit\u0101tes ener\u0123ijas m\u0113r\u012bjumi (0,5 J l\u012bdz 5,0 J)<\/li>\n<li>Papildu atsvari elast\u012bgiem test\u0113\u0161anas diapazoniem<\/li>\n<li>Digit\u0101li r\u0101d\u012bjumi datu ieg\u016b\u0161anas \u0113rt\u012bbai<\/li>\n<li>Divas main\u0101mas trieciena galvi\u0146as A proced\u016brai (60 mm atv\u0113rums) un B proced\u016brai (89 mm atv\u0113rums).<\/li>\n<\/ul>\n<p>Liel\u0101kas ener\u0123ijas testiem testeris j\u0101uzst\u0101da uz l\u012bdzenas virsmas ar atbilsto\u0161u stiprin\u0101jumu.<\/p>\n\n\t\t<\/div>\n\t\t\t\t\t<\/div>\n\n\t\n\n\t<div id=\"col-428281057\" class=\"col medium-6 small-12 large-6\"  >\n\t\t\t\t<div class=\"col-inner\"  >\n\t\t\t\n\t\t\t\n\n<h3>Paraugu sagatavo\u0161ana un kondicion\u0113\u0161ana<\/h3>\n<p>Pareiza paraugu sagatavo\u0161ana nodro\u0161ina prec\u012bzus un atk\u0101rtojamus rezult\u0101tus. Veiciet \u0161\u0101dus so\u013cus:<\/p>\n<ul>\n<li><strong>Parauga veids<\/strong>: Izmantojiet apa\u013cus vai kvadr\u0101tveida pl\u0113ves paraugus - 100 mm diametr\u0101 vai 100 \u00d7 100 mm.<\/li>\n<li><strong>Biezums<\/strong>: Ar mikrometru izm\u0113riet ar precizit\u0101ti l\u012bdz 0,00125 mm.<\/li>\n<li><strong>Kondicion\u0113\u0161ana<\/strong>: Paraugus vismaz 40 stundas sagatavo 23 \u00b1 2 \u00b0C un 50 \u00b1 10% relat\u012bv\u0101 mitrum\u0101 (saska\u0146\u0101 ar ASTM D618).<\/li>\n<\/ul>\n<p>P\u0101rliecinieties, ka paraugi ir <strong>bez krok\u0101m, defektiem vai nevienm\u0113r\u012bga biezuma.<\/strong>, kas var\u0113tu izkrop\u013cot rezult\u0101tus.<\/p>\n\n\t\t<\/div>\n\t\t\t\t\t<\/div>\n\n\t\n\n<\/div>\n\n\t\t<\/div>\n\t\t\t\t\t<\/div>\n\n\t\n\n<\/div>\n<div class=\"row\"  id=\"row-1254878318\">\n\n\n\t<div id=\"col-1735726505\" class=\"col small-12 large-12\"  >\n\t\t\t\t<div class=\"col-inner\"  >\n\t\t\t\n\t\t\t\n\n<div class=\"row\"  id=\"row-657492714\">\n\n\n\t<div id=\"col-1124857610\" class=\"col small-12 large-12\"  >\n\t\t\t\t<div class=\"col-inner\"  >\n\t\t\t\n\t\t\t\n\n<div class=\"row\"  id=\"row-522359843\">\n\n\n\t<div id=\"col-1051582183\" class=\"col small-12 large-12\"  >\n\t\t\t\t<div class=\"col-inner\"  >\n\t\t\t\n\t\t\t\n\n\t<div id=\"text-2582552820\" class=\"text\">\n\t\t\n\n<h2>Sv\u0101rsta trieciena test\u0113\u0161anas proced\u016bras p\u0101rskats<\/h2>\n\t\t\n<style>\n#text-2582552820 {\n  font-size: 1.3rem;\n  text-align: center;\n}\n<\/style>\n\t<\/div>\n\t\n\n\t\t<\/div>\n\t\t\t\t\t<\/div>\n\n\t\n\n<\/div>\n<div class=\"row align-bottom align-center\"  id=\"row-1626080920\">\n\n\n\t<div id=\"col-338437095\" class=\"col medium-7 small-12 large-7\"  >\n\t\t\t\t<div class=\"col-inner\"  >\n\t\t\t\n\t\t\t\n\n<ol>\n<li><strong>Iestipriniet paraugu<\/strong> starp div\u0101m apa\u013c\u0101m pl\u0101ksn\u0113m.<\/li>\n<li><strong>Paceliet un aizveriet sv\u0101rstu<\/strong> uz s\u0101kuma poz\u012bciju.<\/li>\n<li><strong>Nulles nolas\u012b\u0161ana<\/strong> un p\u0101rbaudiet, vai tas ir pareizi noregul\u0113ts.<\/li>\n<li><strong>Atlaidiet sv\u0101rstu<\/strong> trieciens uz parauga centru.<\/li>\n<li><strong>Ener\u0123ijas v\u0113rt\u012bbas nolas\u012b\u0161ana<\/strong> no ciparu vai analog\u0101 ciparrata.<\/li>\n<\/ol>\n<p>Atk\u0101rtojiet \u0161o testu vismaz pieciem paraugiem, lai ieg\u016btu vid\u0113jo v\u0113rt\u012bbu zi\u0146o\u0161anai.<\/p>\n<p>Piez\u012bme: Ja sv\u0101rstam neizdodas p\u0101rdurt pl\u0113vi, palieliniet trieciena ener\u0123iju, pievienojot papildu atsvarus vai izmantojot pl\u0101n\u0101ku paraugu.<\/p>\n\n\t\t<\/div>\n\t\t\t\t\t<\/div>\n\n\t\n\n\t<div id=\"col-1679024342\" class=\"col medium-5 small-12 large-5\"  >\n\t\t\t\t<div class=\"col-inner\"  >\n\t\t\t\n\t\t\t\n\n<div class=\"video video-fit mb\" style=\"padding-top:56.25%;\"><iframe title=\"ASTM D3420 sv\u0101rsta trieciena testeris plastmasas pl\u0113vju lok\u0161\u0146u trieciena testerim\" width=\"1020\" height=\"574\" src=\"https:\/\/www.youtube.com\/embed\/vEx4esxMESw?feature=oembed\" frameborder=\"0\" allow=\"accelerometer; autoplay; clipboard-write; encrypted-media; gyroscope; picture-in-picture; web-share\" referrerpolicy=\"strict-origin-when-cross-origin\" allowfullscreen><\/iframe><\/div>\n\n\n\t\t<\/div>\n\t\t\t\t\t<\/div>\n\n\t\n\n<\/div>\n\n\t\t<\/div>\n\t\t\t\t\t<\/div>\n\n\t\n\n<\/div>\n\n\t\t<\/div>\n\t\t\t\t\t<\/div>\n\n\t\n\n<\/div>\n<div class=\"row\"  id=\"row-265105684\">\n\n\n\t<div id=\"col-1625447043\" class=\"col small-12 large-12\"  >\n\t\t\t\t<div class=\"col-inner\"  >\n\t\t\t\n\t\t\t\n\n<div class=\"row\"  id=\"row-1049596002\">\n\n\n\t<div id=\"col-1106631765\" class=\"col small-12 large-12\"  >\n\t\t\t\t<div class=\"col-inner\"  >\n\t\t\t\n\t\t\t\n\n<div class=\"row\"  id=\"row-1918266494\">\n\n\n\t<div id=\"col-632323703\" class=\"col small-12 large-12\"  >\n\t\t\t\t<div class=\"col-inner\"  >\n\t\t\t\n\t\t\t\n\n\t<div id=\"text-872466294\" class=\"text\">\n\t\t\n\n<h2>Datu interpret\u0101cija un rezult\u0101tu anal\u012bze<\/h2>\n\t\t\n<style>\n#text-872466294 {\n  font-size: 1.3rem;\n  text-align: center;\n}\n<\/style>\n\t<\/div>\n\t\n\n\t\t<\/div>\n\t\t\t\t\t<\/div>\n\n\t\n\n<\/div>\n<div class=\"row align-middle align-center\"  id=\"row-1623748533\">\n\n\n\t<div id=\"col-237331806\" class=\"col medium-5 small-12 large-5\"  >\n\t\t\t\t<div class=\"col-inner\"  >\n\t\t\t\n\t\t\t\n\n<ol>\n<li>Gal\u012bgais rezult\u0101ts ir ener\u0123ija (d\u017eoulos), kas nepiecie\u0161ama, lai caurdurtu pl\u0113vi. Tas ir tie\u0161s materi\u0101la triecieniztur\u012bbas r\u0101d\u012bt\u0101js. Liel\u0101kas v\u0113rt\u012bbas nor\u0101da uz ciet\u0101k\u0101m pl\u0113v\u0113m.<\/li>\n<li>Sal\u012bdzinot materi\u0101lus vai partijas, ir \u013coti svar\u012bgi nodro\u0161in\u0101t vien\u0101du biezumu, vides apst\u0101k\u013cus un skavu iestat\u012bjumus, lai nov\u0113rstu main\u012bgumu.<\/li>\n<\/ol>\n\n\t\t<\/div>\n\t\t\t\t\t<\/div>\n\n\t\n\n\t<div id=\"col-1353278757\" class=\"col medium-5 small-12 large-5\"  >\n\t\t\t\t<div class=\"col-inner\"  >\n\t\t\t\n\t\t\t\n\n\t<div class=\"img has-hover x md-x lg-x y md-y lg-y\" id=\"image_1127700723\">\n\t\t\t\t\t\t\t\t<div class=\"img-inner dark\" >\n\t\t\t<img decoding=\"async\" width=\"600\" height=\"440\" src=\"https:\/\/www.impacttesting.net\/wp-content\/uploads\/2025\/12\/ASTM-D3420-Pendulum-Impact-Resistance-of-Plastic-Film.webp\" class=\"attachment-large size-large\" alt=\"ASTM D3420 Plastmasas pl\u0113ves triecieniztur\u012bba pret sv\u0101rsta triecienu\" srcset=\"https:\/\/www.impacttesting.net\/wp-content\/uploads\/2025\/12\/ASTM-D3420-Pendulum-Impact-Resistance-of-Plastic-Film.webp 600w, https:\/\/www.impacttesting.net\/wp-content\/uploads\/2025\/12\/ASTM-D3420-Pendulum-Impact-Resistance-of-Plastic-Film-545x400.webp 545w\" sizes=\"(max-width: 600px) 100vw, 600px\" \/>\t\t\t\t\t\t\n\t\t\t\t\t<\/div>\n\t\t\t\t\t\t\t\t\n<style>\n#image_1127700723 {\n  width: 100%;\n}\n<\/style>\n\t<\/div>\n\t\n\n\n\t\t<\/div>\n\t\t\t\t\t<\/div>\n\n\t\n\n<\/div>\n\n\t\t<\/div>\n\t\t\t\t\t<\/div>\n\n\t\n\n<\/div>\n\n\t\t<\/div>\n\t\t\t\t\t<\/div>\n\n\t\n\n<\/div>\n\n\t\t<\/div>\n\n\t\t\n<style>\n#section_1096728780 {\n  padding-top: 30px;\n  padding-bottom: 30px;\n}\n<\/style>\n\t<\/section>\n\t\n\t<section class=\"section\" id=\"section_672016548\">\n\t\t<div class=\"bg section-bg fill bg-fill  bg-loaded\" >\n\n\t\t\t\n\t\t\t\n\t\t\t\n\n\t\t<\/div>\n\n\t\t\n\n\t\t<div class=\"section-content relative\">\n\t\t\t\n\n<div class=\"row\"  id=\"row-1951443166\">\n\n\n\t<div id=\"col-58598440\" class=\"col small-12 large-12\"  >\n\t\t\t\t<div class=\"col-inner\"  >\n\t\t\t\n\t\t\t\n\n<div class=\"row align-center\"  id=\"row-1660338897\">\n\n\n\t<div id=\"col-380683920\" class=\"col small-12 large-12\"  >\n\t\t\t\t<div class=\"col-inner\"  >\n\t\t\t\n\t\t\t\n\n\t<div id=\"text-118426859\" class=\"text\">\n\t\t\n\n<h2>K\u0101p\u0113c izv\u0113l\u0113ties Impacttesting.net's<br \/>PIT-01 sv\u0101rsta trieciena testeris<\/h2>\n\t\t\n<style>\n#text-118426859 {\n  font-size: 1.4rem;\n  text-align: center;\n}\n<\/style>\n\t<\/div>\n\t\n\n\t\t<\/div>\n\t\t\t\t\t<\/div>\n\n\t\n\n\t<div id=\"col-1364675357\" class=\"col small-12 large-12\"  >\n\t\t\t\t<div class=\"col-inner\"  >\n\t\t\t\n\t\t\t\n\n<p>Port\u0101ls <a href=\"https:\/\/www.impacttesting.net\/lv\/pendulum-impact-tester\/\"><strong>PIT-01 sv\u0101rsta trieciena testeris<\/strong><\/a> no Impacttesting.net ir uzlabota in\u017eenierija un lietot\u0101jam draudz\u012bgs interfeiss padara to ide\u0101li piem\u0113rotu:<\/p>\n\n\t\t<\/div>\n\t\t\t\t\t<\/div>\n\n\t\n\n\t<div id=\"col-257360189\" class=\"col medium-7 small-12 large-7\"  >\n\t\t\t\t<div class=\"col-inner text-center\"  >\n\t\t\t\n\t\t\t\n\n\t<div id=\"text-371538228\" class=\"text\">\n\t\t\n\n<p>Iepako\u0161anas pl\u0113ves kvalit\u0101tes kontrole<br \/>Laboratorijas p\u0113tniec\u012bbas un izstr\u0101des test\u0113\u0161ana<br \/>Atbilst\u012bba <a href=\"https:\/\/www.impacttesting.net\/lv\/astm-d3420\/\"><strong>ASTM D3420<\/strong><\/a> un saist\u012btie standarti<\/p>\n\t\t\n<style>\n#text-371538228 {\n  font-size: 1.1rem;\n  line-height: 1.3;\n}\n<\/style>\n\t<\/div>\n\t\n\t<div id=\"text-1309001010\" class=\"text\">\n\t\t\n\n<p>Pie\u0146emot PIT-01, lietot\u0101ji g\u016bst p\u0101rliec\u012bbu par to. <strong>precizit\u0101te, atk\u0101rtojam\u012bba un efektivit\u0101te.<\/strong> to ietekmes test\u0113\u0161anas procesos.<\/p>\n\t\t\n<style>\n#text-1309001010 {\n  font-size: 1.1rem;\n}\n<\/style>\n\t<\/div>\n\t\n<a href=\"https:\/\/www.impacttesting.net\/lv\/contact-us\/\" class=\"button primary is-outline\"  style=\"border-radius:99px;\">\n    <span>Sazinieties ar mums<\/span>\n  <i class=\"icon-chat\" aria-hidden=\"true\" ><\/i><\/a>\n\n\n\n\t\t<\/div>\n\t\t\t\t\t<\/div>\n\n\t\n\n\t<div id=\"col-543320262\" class=\"col medium-4 small-12 large-4\"  >\n\t\t\t\t<div class=\"col-inner text-center\"  >\n\t\t\t\n\t\t\t\n\n\n<div class=\"wpcf7 no-js\" id=\"wpcf7-f10-o1\" lang=\"en-US\" dir=\"ltr\" data-wpcf7-id=\"10\">\n<div class=\"screen-reader-response\"><p role=\"status\" aria-live=\"polite\" aria-atomic=\"true\"><\/p> <ul><\/ul><\/div>\n<form action=\"\/lv\/wp-json\/wp\/v2\/pages\/59#wpcf7-f10-o1\" method=\"post\" class=\"wpcf7-form init\" aria-label=\"Contact form\" novalidate=\"novalidate\" data-status=\"init\" data-trp-original-action=\"\/lv\/wp-json\/wp\/v2\/pages\/59#wpcf7-f10-o1\">\n<fieldset class=\"hidden-fields-container\"><input type=\"hidden\" name=\"_wpcf7\" value=\"10\" \/><input type=\"hidden\" name=\"_wpcf7_version\" value=\"6.1.4\" \/><input type=\"hidden\" name=\"_wpcf7_locale\" value=\"en_US\" \/><input type=\"hidden\" name=\"_wpcf7_unit_tag\" value=\"wpcf7-f10-o1\" \/><input type=\"hidden\" name=\"_wpcf7_container_post\" value=\"0\" \/><input type=\"hidden\" name=\"_wpcf7_posted_data_hash\" value=\"\" \/><input type=\"hidden\" name=\"_wpcf7_recaptcha_response\" value=\"\" \/>\n<\/fieldset>\n<p><span class=\"wpcf7-form-control-wrap\" data-name=\"Name\"><input size=\"40\" maxlength=\"400\" class=\"wpcf7-form-control wpcf7-text\" aria-invalid=\"false\" placeholder=\"J\u016bsu v\u0101rds\" value=\"\" type=\"text\" name=\"Name\" \/><\/span><br \/>\n<span class=\"wpcf7-form-control-wrap\" data-name=\"Comapany\"><input size=\"40\" maxlength=\"400\" class=\"wpcf7-form-control wpcf7-text\" aria-invalid=\"false\" placeholder=\"J\u016bsu uz\u0146\u0113mums\" value=\"\" type=\"text\" name=\"Comapany\" \/><\/span><br \/>\n<span class=\"wpcf7-form-control-wrap\" data-name=\"Email\"><input size=\"40\" maxlength=\"400\" class=\"wpcf7-form-control wpcf7-email wpcf7-validates-as-required wpcf7-text wpcf7-validates-as-email\" aria-required=\"true\" aria-invalid=\"false\" placeholder=\"J\u016bsu e-pasta adrese*\" value=\"\" type=\"email\" name=\"Email\" \/><\/span><br \/>\n<span class=\"wpcf7-form-control-wrap\" data-name=\"Message\"><textarea cols=\"40\" rows=\"10\" maxlength=\"2000\" class=\"wpcf7-form-control wpcf7-textarea\" aria-invalid=\"false\" placeholder=\"Zi\u0146a\" name=\"Message\"><\/textarea><\/span>\n<\/p>\n<p><input class=\"wpcf7-form-control wpcf7-submit has-spinner\" type=\"submit\" value=\"Iesniegt\" \/>\n<\/p><div class=\"wpcf7-response-output\" aria-hidden=\"true\"><\/div>\n<input type=\"hidden\" name=\"trp-form-language\" value=\"lv\"\/><\/form>\n<\/div>\n\n\n\n\t\t<\/div>\n\t\t\t\t\t<\/div>\n\n\t\n\n<\/div>\n\n\t\t<\/div>\n\t\t\t\t\t<\/div>\n\n\t\n\n<\/div>\n\n\t\t<\/div>\n\n\t\t\n<style>\n#section_672016548 {\n  padding-top: 30px;\n  padding-bottom: 30px;\n  background-color: rgb(232, 234, 241);\n}\n<\/style>\n\t<\/section>","protected":false},"excerpt":{"rendered":"","protected":false},"author":1,"featured_media":0,"parent":0,"menu_order":0,"comment_status":"closed","ping_status":"closed","template":"page-blank.php","meta":{"footnotes":""},"class_list":["post-59","page","type-page","status-publish","hentry"],"_links":{"self":[{"href":"https:\/\/www.impacttesting.net\/lv\/wp-json\/wp\/v2\/pages\/59","targetHints":{"allow":["GET"]}}],"collection":[{"href":"https:\/\/www.impacttesting.net\/lv\/wp-json\/wp\/v2\/pages"}],"about":[{"href":"https:\/\/www.impacttesting.net\/lv\/wp-json\/wp\/v2\/types\/page"}],"author":[{"embeddable":true,"href":"https:\/\/www.impacttesting.net\/lv\/wp-json\/wp\/v2\/users\/1"}],"replies":[{"embeddable":true,"href":"https:\/\/www.impacttesting.net\/lv\/wp-json\/wp\/v2\/comments?post=59"}],"version-history":[{"count":5,"href":"https:\/\/www.impacttesting.net\/lv\/wp-json\/wp\/v2\/pages\/59\/revisions"}],"predecessor-version":[{"id":75,"href":"https:\/\/www.impacttesting.net\/lv\/wp-json\/wp\/v2\/pages\/59\/revisions\/75"}],"wp:attachment":[{"href":"https:\/\/www.impacttesting.net\/lv\/wp-json\/wp\/v2\/media?parent=59"}],"curies":[{"name":"wp","href":"https:\/\/api.w.org\/{rel}","templated":true}]}}