{"id":57,"date":"2025-12-24T05:15:35","date_gmt":"2025-12-24T05:15:35","guid":{"rendered":"https:\/\/www.impacttesting.net\/?page_id=57"},"modified":"2025-12-24T05:44:13","modified_gmt":"2025-12-24T05:44:13","slug":"ansi-z87-1","status":"publish","type":"page","link":"https:\/\/www.impacttesting.net\/lv\/ansi-z87-1\/","title":{"rendered":"ANSI Z87.1"},"content":{"rendered":"<section class=\"section\" id=\"section_945021158\">\n\t\t<div class=\"bg section-bg fill bg-fill  bg-loaded\" >\n\n\t\t\t\n\t\t\t\n\t\t\t\n\n\t\t<\/div>\n\n\t\t\n\n\t\t<div class=\"section-content relative\">\n\t\t\t\n\n<div class=\"row\"  id=\"row-1981049521\">\n\n\n\t<div id=\"col-779685170\" class=\"col small-12 large-12\"  >\n\t\t\t\t<div class=\"col-inner\" style=\"background-color:rgb(92, 171, 188);\" >\n\t\t\t\n\t\t\t\n\n<div class=\"row\"  id=\"row-2126744144\">\n\n\n\t<div id=\"col-1485920125\" class=\"col small-12 large-12\"  >\n\t\t\t\t<div class=\"col-inner\"  >\n\t\t\t\n\t\t\t\n\n\t<div id=\"text-3983255919\" class=\"text\">\n\t\t\n\n<h1>ANSI Z87.1<\/h1>\n\t\t\n<style>\n#text-3983255919 {\n  font-size: 1.5rem;\n  text-align: center;\n}\n<\/style>\n\t<\/div>\n\t\n\t<div id=\"text-2301636205\" class=\"text\">\n\t\t\n\n<h2>Dro\u0161\u012bbas bri\u013c\u013cu kritiena bumbi\u0146as tests<\/h2>\n\t\t\n<style>\n#text-2301636205 {\n  text-align: center;\n}\n<\/style>\n\t<\/div>\n\t\n\n\t\t<\/div>\n\t\t\t\t\n<style>\n#col-1485920125 > .col-inner {\n  padding: 50px 10px 10px 10px;\n}\n<\/style>\n\t<\/div>\n\n\t\n\n<\/div>\n<div class=\"row align-middle align-center\"  id=\"row-224765700\">\n\n\n\t<div id=\"col-559984300\" class=\"col medium-11 small-12 large-11\"  >\n\t\t\t\t<div class=\"col-inner\"  >\n\t\t\t\n\t\t\t\n\n<div class=\"row align-center\"  id=\"row-140710110\">\n\n\n\t<div id=\"col-1957150773\" class=\"col medium-7 small-12 large-7\"  >\n\t\t\t\t<div class=\"col-inner\"  >\n\t\t\t\n\t\t\t\n\n<div class=\"row\"  id=\"row-89401086\">\n\n\n\t<div id=\"col-276142708\" class=\"col small-12 large-12\"  >\n\t\t\t\t<div class=\"col-inner text-center\"  >\n\t\t\t\n\t\t\t\n\n\t<div id=\"text-3264363783\" class=\"text\">\n\t\t\n\n<p><strong>ANSI Z87.1<\/strong> ir \u013coti svar\u012bgs standarts, ko izstr\u0101d\u0101jis Amerikas Nacion\u0101lais standartu instit\u016bts (ANSI) sadarb\u012bb\u0101 ar Starptautisko dro\u0161\u012bbas iek\u0101rtu asoci\u0101ciju (ISEA). Taj\u0101 izkl\u0101st\u012btas veiktsp\u0113jas specifik\u0101cijas un test\u0113\u0161anas krit\u0113riji aizsargbrill\u0113m darba un izgl\u012bt\u012bbas vid\u0113. \u0160is standarts nodro\u0161ina, ka <strong>aizsargbrilles, aizsargbrilles un sejas aizsargi.<\/strong> var iztur\u0113t potenci\u0101lus apdraud\u0113jumus, piem\u0113ram, triecienu, nejoniz\u0113jo\u0161o starojumu un \u0137\u012bmisku vielu iedarb\u012bbu.<\/p>\n\t\t\n<style>\n#text-3264363783 {\n  color: rgb(0, 0, 0);\n}\n#text-3264363783 > * {\n  color: rgb(0, 0, 0);\n}\n<\/style>\n\t<\/div>\n\t\n\n\t\t<\/div>\n\t\t\t\t\t<\/div>\n\n\t\n\n\t<div id=\"col-1384343908\" class=\"col small-12 large-12\"  >\n\t\t\t\t<div class=\"col-inner text-center\"  >\n\t\t\t\n\t\t\t\n\n<a href=\"https:\/\/www.impacttesting.net\/lv\/contact-us\/\" class=\"button primary is-outline\"  style=\"border-radius:99px;\">\n    <span>Sazinieties ar mums<\/span>\n  <i class=\"icon-chat\" aria-hidden=\"true\" ><\/i><\/a>\n\n\n\n\t\t<\/div>\n\t\t\t\t\t<\/div>\n\n\t\n\n<\/div>\n\n\t\t<\/div>\n\t\t\t\t\t<\/div>\n\n\t\n\n\t<div id=\"col-433548728\" class=\"col medium-4 small-12 large-4\"  >\n\t\t\t\t<div class=\"col-inner\"  >\n\t\t\t\n\t\t\t\n\n<div class=\"row\"  id=\"row-818642691\">\n\n\n\t<div id=\"col-1037922806\" class=\"col small-12 large-12\"  >\n\t\t\t\t<div class=\"col-inner\"  >\n\t\t\t\n\t\t\t\n\n\t<div class=\"img has-hover x md-x lg-x y md-y lg-y\" id=\"image_1145558814\">\n\t\t<a class=\"\" href=\"https:\/\/www.impacttesting.net\/lv\/ball-drop-tester\/\" target=\"_blank\" rel=\"noopener\" >\t\t\t\t\t\t<div class=\"img-inner dark\" >\n\t\t\t<img decoding=\"async\" width=\"600\" height=\"440\" src=\"https:\/\/www.impacttesting.net\/wp-content\/uploads\/2025\/12\/ANSI-Z87.1-Drop-Ball-Test-for-Safety-Glasses.webp\" class=\"attachment-large size-large\" alt=\"ANSI Z87.1 Kritiena lodes tests aizsargbrill\u0113m\" srcset=\"https:\/\/www.impacttesting.net\/wp-content\/uploads\/2025\/12\/ANSI-Z87.1-Drop-Ball-Test-for-Safety-Glasses.webp 600w, https:\/\/www.impacttesting.net\/wp-content\/uploads\/2025\/12\/ANSI-Z87.1-Drop-Ball-Test-for-Safety-Glasses-545x400.webp 545w\" sizes=\"(max-width: 600px) 100vw, 600px\" \/>\t\t\t\t\t\t\n\t\t\t\t\t<\/div>\n\t\t\t\t\t\t<\/a>\t\t\n<style>\n#image_1145558814 {\n  width: 100%;\n}\n<\/style>\n\t<\/div>\n\t\n\n\n\t\t<\/div>\n\t\t\t\t\t<\/div>\n\n\t\n\n<\/div>\n\n\t\t<\/div>\n\t\t\t\t\t<\/div>\n\n\t\n\n<\/div>\n\n\t\t<\/div>\n\t\t\t\t\t<\/div>\n\n\t\n\n<\/div>\n\n\t\t<\/div>\n\t\t\t\t\t<\/div>\n\n\t\n\n\n<style>\n#row-1981049521 > .col > .col-inner {\n  border-radius: 25px;\n}\n<\/style>\n<\/div>\n\n\t\t<\/div>\n\n\t\t\n<style>\n#section_945021158 {\n  padding-top: 30px;\n  padding-bottom: 30px;\n}\n<\/style>\n\t<\/section>\n\t\n\t<section class=\"section\" id=\"section_566904724\">\n\t\t<div class=\"bg section-bg fill bg-fill  bg-loaded\" >\n\n\t\t\t\n\t\t\t\n\t\t\t\n\n\t\t<\/div>\n\n\t\t\n\n\t\t<div class=\"section-content relative\">\n\t\t\t\n\n<div class=\"row\"  id=\"row-1368290596\">\n\n\n\t<div id=\"col-915908988\" class=\"col small-12 large-12\"  >\n\t\t\t\t<div class=\"col-inner\"  >\n\t\t\t\n\t\t\t\n\n<div class=\"row\"  id=\"row-258677646\">\n\n\n\t<div id=\"col-662927490\" class=\"col small-12 large-12\"  >\n\t\t\t\t<div class=\"col-inner\"  >\n\t\t\t\n\t\t\t\n\n<div class=\"row\"  id=\"row-1750868544\">\n\n\n\t<div id=\"col-607083716\" class=\"col small-12 large-12\"  >\n\t\t\t\t<div class=\"col-inner\"  >\n\t\t\t\n\t\t\t\n\n\t<div id=\"text-3916007405\" class=\"text\">\n\t\t\n\n<h2>ANSI Z87.1 Kritiena lodes tests aizsargbrill\u0113m<\/h2>\n\t\t\n<style>\n#text-3916007405 {\n  font-size: 1.3rem;\n  text-align: center;\n}\n<\/style>\n\t<\/div>\n\t\n<p data-pm-slice=\"1 1 &#091;&#093;\">Viens no ANSI Z87.1 noteiktajiem pamatnov\u0113rt\u0113jumiem ir. <strong>dro\u0161\u012bbas bri\u013c\u013cu kritiena bumbi\u0146as tests<\/strong>. \u0160\u012b proced\u016bra ir \u013coti svar\u012bga, lai p\u0101rbaud\u012btu individu\u0101lajos aizsardz\u012bbas l\u012bdzek\u013cos (IAL) izmantoto l\u0113cu triecieniztur\u012bbu.<\/p>\n\n\t\t<\/div>\n\t\t\t\t\t<\/div>\n\n\t\n\n<\/div>\n<div class=\"row\"  id=\"row-708418879\">\n\n\n\t<div id=\"col-1864191630\" class=\"col medium-6 small-12 large-6\"  >\n\t\t\t\t<div class=\"col-inner\"  >\n\t\t\t\n\t\t\t\n\n<h3>Testa m\u0113r\u0137is un principi<\/h3>\n<p>Kritiena bumbas testa m\u0113r\u0137is ir imit\u0113t re\u0101lus scen\u0101rijus, kad aizsargbrilles var tikt pak\u013cautas p\u0113k\u0161\u0146am triecienam. Taj\u0101 nov\u0113rt\u0113, vai l\u0113cu materi\u0101ls sp\u0113j absorb\u0113t un sadal\u012bt ener\u0123iju, nesadaloties un neiedrag\u0101jot, t\u0101d\u0113j\u0101di pasarg\u0101jot lietot\u0101ja acis.<\/p>\n\t<div class=\"img has-hover x md-x lg-x y md-y lg-y\" id=\"image_1819401189\">\n\t\t\t\t\t\t\t\t<div class=\"img-inner dark\" >\n\t\t\t<img decoding=\"async\" width=\"600\" height=\"200\" src=\"https:\/\/www.impacttesting.net\/wp-content\/uploads\/2025\/12\/ANSI-Z87.1.webp\" class=\"attachment-large size-large\" alt=\"ANSI Z87.1\" \/>\t\t\t\t\t\t\n\t\t\t\t\t<\/div>\n\t\t\t\t\t\t\t\t\n<style>\n#image_1819401189 {\n  width: 85%;\n}\n<\/style>\n\t<\/div>\n\t\n\n\n\t\t<\/div>\n\t\t\t\t\t<\/div>\n\n\t\n\n\t<div id=\"col-1094717596\" class=\"col medium-6 small-12 large-6\"  >\n\t\t\t\t<div class=\"col-inner\"  >\n\t\t\t\n\t\t\t\n\n<h3>K\u0101 tiek veikts tests<\/h3>\n<p>Saska\u0146\u0101 ar ANSI Z87.1 9.6 sada\u013cu:<\/p>\n<ul>\n<li>Izmanto t\u0113rauda lod\u012bti ar diametru 25,4 mm (1,0 collas) un svaru 68 g (2,4 oz).<\/li>\n<li>Bumbu no 127 cm (50 collu) augstuma nog\u0101\u017e uz objekt\u012bva, kas novietots uz stingras galvas formas, kura imit\u0113 cilv\u0113ka sejas strukt\u016bru.<\/li>\n<li>P\u0113c trieciena l\u0113cai ir j\u0101paliek neskartai, bez plais\u0101m un iespiedumiem.<\/li>\n<li>Katra materi\u0101la un p\u0101rkl\u0101juma kombin\u0101cija ir j\u0101test\u0113 ar \u010detr\u0101m ier\u012bc\u0113m, nodro\u0161inot uzticamu konsekvenci.<\/li>\n<\/ul>\n\n\t\t<\/div>\n\t\t\t\t\t<\/div>\n\n\t\n\n<\/div>\n\n\t\t<\/div>\n\t\t\t\t\t<\/div>\n\n\t\n\n<\/div>\n\n\t\t<\/div>\n\t\t\t\t\t<\/div>\n\n\t\n\n<\/div>\n<div class=\"row\"  id=\"row-1240666071\">\n\n\n\t<div id=\"col-1624104035\" class=\"col small-12 large-12\"  >\n\t\t\t\t<div class=\"col-inner\"  >\n\t\t\t\n\t\t\t\n\n<div class=\"row\"  id=\"row-674679885\">\n\n\n\t<div id=\"col-190883569\" class=\"col small-12 large-12\"  >\n\t\t\t\t<div class=\"col-inner\"  >\n\t\t\t\n\t\t\t\n\n\t<div id=\"text-2060486577\" class=\"text\">\n\t\t\n\n<h2>Drop Ball test\u0113\u0161anas apr\u012bkojums<\/h2>\n\t\t\n<style>\n#text-2060486577 {\n  font-size: 1.3rem;\n  text-align: center;\n}\n<\/style>\n\t<\/div>\n\t\n\n\t\t<\/div>\n\t\t\t\t\t<\/div>\n\n\t\n\n<\/div>\n<div class=\"row align-middle\"  id=\"row-723194665\">\n\n\n\t<div id=\"col-1964448499\" class=\"col medium-6 small-12 large-6\"  >\n\t\t\t\t<div class=\"col-inner\"  >\n\t\t\t\n\t\t\t\n\n<p>Lai nodro\u0161in\u0101tu atk\u0101rtojamu un uzticamu test\u0113\u0161anu, ir nepiecie\u0161ams specializ\u0113ts apr\u012bkojums. FBT-01 <a href=\"https:\/\/www.impacttesting.net\/lv\/ball-drop-tester\/\"><strong>Bumbi\u0146as kritiena testeris<\/strong><\/a> Cell Instruments ir izstr\u0101d\u0101ts, lai atbilstu un p\u0101rsniegtu \u0161o standartu. Tas pied\u0101v\u0101:<\/p>\n<ul>\n<li>Prec\u012bza elektromagn\u0113tisk\u0101 bumbi\u0146as atbr\u012bvo\u0161ana, kas nodro\u0161ina vienm\u0113r\u012bgu trieciena ener\u0123iju.<\/li>\n<li>Regul\u0113jams trieciena augstums un bumbi\u0146as specifik\u0101cijas daudzpus\u012bg\u0101m testa konfigur\u0101cij\u0101m.<\/li>\n<li>HMI sk\u0101rienekr\u0101ns un PLC vad\u012bba r\u016bpnieciskas klases test\u0113\u0161anas stabilit\u0101tei.<\/li>\n<\/ul>\n<p>T\u0101p\u0113c tas ir ide\u0101li piem\u0113rots aizsargbri\u013c\u013cu ra\u017eot\u0101jiem, <strong>PPE kvalit\u0101tes kontroles noda\u013cas<\/strong>, un <strong>tre\u0161o pu\u0161u test\u0113\u0161anas laboratorijas<\/strong> kuriem nepiecie\u0161ama ANSI pras\u012bb\u0101m atbilsto\u0161a triecientest\u0113\u0161ana.<\/p>\n\n\t\t<\/div>\n\t\t\t\t\t<\/div>\n\n\t\n\n\t<div id=\"col-1925655539\" class=\"col medium-6 small-12 large-6\"  >\n\t\t\t\t<div class=\"col-inner\"  >\n\t\t\t\n\t\t\t\n\n\t<div class=\"img has-hover x md-x lg-x y md-y lg-y\" id=\"image_971734896\">\n\t\t<a class=\"\" href=\"https:\/\/www.impacttesting.net\/lv\/ball-drop-tester\/\" >\t\t\t\t\t\t<div class=\"img-inner dark\" >\n\t\t\t<img decoding=\"async\" width=\"600\" height=\"440\" src=\"https:\/\/www.impacttesting.net\/wp-content\/uploads\/2025\/12\/ANSI-Z87.1-Drop-Ball-Test-for-Safety-Glasses.webp\" class=\"attachment-large size-large\" alt=\"ANSI Z87.1 Kritiena lodes tests aizsargbrill\u0113m\" srcset=\"https:\/\/www.impacttesting.net\/wp-content\/uploads\/2025\/12\/ANSI-Z87.1-Drop-Ball-Test-for-Safety-Glasses.webp 600w, https:\/\/www.impacttesting.net\/wp-content\/uploads\/2025\/12\/ANSI-Z87.1-Drop-Ball-Test-for-Safety-Glasses-545x400.webp 545w\" sizes=\"(max-width: 600px) 100vw, 600px\" \/>\t\t\t\t\t\t\n\t\t\t\t\t<\/div>\n\t\t\t\t\t\t<\/a>\t\t\n<style>\n#image_971734896 {\n  width: 100%;\n}\n<\/style>\n\t<\/div>\n\t\n\n\n\t\t<\/div>\n\t\t\t\t\t<\/div>\n\n\t\n\n<\/div>\n\n\t\t<\/div>\n\t\t\t\t\t<\/div>\n\n\t\n\n<\/div>\n\n\t\t<\/div>\n\n\t\t\n<style>\n#section_566904724 {\n  padding-top: 30px;\n  padding-bottom: 30px;\n}\n<\/style>\n\t<\/section>\n\t\n\t<section class=\"section\" id=\"section_901794198\">\n\t\t<div class=\"bg section-bg fill bg-fill  bg-loaded\" >\n\n\t\t\t\n\t\t\t\n\t\t\t\n\n\t\t<\/div>\n\n\t\t\n\n\t\t<div class=\"section-content relative\">\n\t\t\t\n\n<div class=\"row\"  id=\"row-71940884\">\n\n\n\t<div id=\"col-1949923612\" class=\"col small-12 large-12\"  >\n\t\t\t\t<div class=\"col-inner\"  >\n\t\t\t\n\t\t\t\n\n<div class=\"row align-equal align-center\"  id=\"row-632352619\">\n\n\n\t<div id=\"col-1239945914\" class=\"col small-12 large-12\"  >\n\t\t\t\t<div class=\"col-inner\"  >\n\t\t\t\n\t\t\t\n\n\t<div id=\"text-2128789353\" class=\"text\">\n\t\t\n\n<h2>K\u0101p\u0113c izv\u0113l\u0113ties Impacttesting.net's<br \/>FBT-01 Drop Ball Tester<\/h2>\n\t\t\n<style>\n#text-2128789353 {\n  font-size: 1.4rem;\n  text-align: center;\n}\n<\/style>\n\t<\/div>\n\t\n\n\t\t<\/div>\n\t\t\t\t\t<\/div>\n\n\t\n\n\t<div id=\"col-364964478\" class=\"col medium-6 small-12 large-6\"  >\n\t\t\t\t<div class=\"col-inner text-center\"  >\n\t\t\t\n\t\t\t\n\n\t<div id=\"text-1327081467\" class=\"text\">\n\t\t\n\n<p>Iev\u0113rojot <a href=\"https:\/\/www.impacttesting.net\/lv\/ansi-z87-1\/\"><strong>ANSI Z87.1<\/strong><\/a> ar uzticamu kritiena bumbi\u0146as testu nodro\u0161ina, ka aizsargbrilles sp\u0113j iztur\u0113t ikdienas r\u016bpnieciskos apdraud\u0113jumus. Ar Cell Instruments progres\u012bvajiem risin\u0101jumiem, piem. <strong>FBT-01<\/strong>, j\u016bs g\u016bstat p\u0101rliec\u012bbu par sava produkta atbilst\u012bbu un aizsardz\u012bbas sp\u0113j\u0101m.<\/p>\n<p>\u013baujiet Cell Instruments k\u013c\u016bt par j\u016bsu partneri, lai sasniegtu izcil\u012bbu materi\u0101lu test\u0113\u0161an\u0101 un ANSI Z87.1 atbilst\u012bbu.<\/p>\n\t\t\n<style>\n#text-1327081467 {\n  font-size: 1.1rem;\n  line-height: 2;\n}\n<\/style>\n\t<\/div>\n\t\n<a href=\"https:\/\/www.impacttesting.net\/lv\/contact-us\/\" class=\"button primary is-outline\"  style=\"border-radius:99px;\">\n    <span>Sazinieties ar mums<\/span>\n  <i class=\"icon-chat\" aria-hidden=\"true\" ><\/i><\/a>\n\n\n\n\t\t<\/div>\n\t\t\t\t\t<\/div>\n\n\t\n\n\t<div id=\"col-524077973\" class=\"col medium-4 small-12 large-4\"  >\n\t\t\t\t<div class=\"col-inner text-center\"  >\n\t\t\t\n\t\t\t\n\n\n<div class=\"wpcf7 no-js\" id=\"wpcf7-f10-o1\" lang=\"en-US\" dir=\"ltr\" data-wpcf7-id=\"10\">\n<div class=\"screen-reader-response\"><p role=\"status\" aria-live=\"polite\" aria-atomic=\"true\"><\/p> <ul><\/ul><\/div>\n<form action=\"\/lv\/wp-json\/wp\/v2\/pages\/57#wpcf7-f10-o1\" method=\"post\" class=\"wpcf7-form init\" aria-label=\"Contact form\" novalidate=\"novalidate\" data-status=\"init\" data-trp-original-action=\"\/lv\/wp-json\/wp\/v2\/pages\/57#wpcf7-f10-o1\">\n<fieldset class=\"hidden-fields-container\"><input type=\"hidden\" name=\"_wpcf7\" value=\"10\" \/><input type=\"hidden\" name=\"_wpcf7_version\" value=\"6.1.4\" \/><input type=\"hidden\" name=\"_wpcf7_locale\" value=\"en_US\" \/><input type=\"hidden\" name=\"_wpcf7_unit_tag\" value=\"wpcf7-f10-o1\" \/><input type=\"hidden\" name=\"_wpcf7_container_post\" value=\"0\" \/><input type=\"hidden\" name=\"_wpcf7_posted_data_hash\" value=\"\" \/><input type=\"hidden\" name=\"_wpcf7_recaptcha_response\" value=\"\" \/>\n<\/fieldset>\n<p><span class=\"wpcf7-form-control-wrap\" data-name=\"Name\"><input size=\"40\" maxlength=\"400\" class=\"wpcf7-form-control wpcf7-text\" aria-invalid=\"false\" placeholder=\"J\u016bsu v\u0101rds\" value=\"\" type=\"text\" name=\"Name\" \/><\/span><br \/>\n<span class=\"wpcf7-form-control-wrap\" data-name=\"Comapany\"><input size=\"40\" maxlength=\"400\" class=\"wpcf7-form-control wpcf7-text\" aria-invalid=\"false\" placeholder=\"J\u016bsu uz\u0146\u0113mums\" value=\"\" type=\"text\" name=\"Comapany\" \/><\/span><br \/>\n<span class=\"wpcf7-form-control-wrap\" data-name=\"Email\"><input size=\"40\" maxlength=\"400\" class=\"wpcf7-form-control wpcf7-email wpcf7-validates-as-required wpcf7-text wpcf7-validates-as-email\" aria-required=\"true\" aria-invalid=\"false\" placeholder=\"J\u016bsu e-pasta adrese*\" value=\"\" type=\"email\" name=\"Email\" \/><\/span><br \/>\n<span class=\"wpcf7-form-control-wrap\" data-name=\"Message\"><textarea cols=\"40\" rows=\"10\" maxlength=\"2000\" class=\"wpcf7-form-control wpcf7-textarea\" aria-invalid=\"false\" placeholder=\"Zi\u0146a\" name=\"Message\"><\/textarea><\/span>\n<\/p>\n<p><input class=\"wpcf7-form-control wpcf7-submit has-spinner\" type=\"submit\" value=\"Iesniegt\" \/>\n<\/p><div class=\"wpcf7-response-output\" aria-hidden=\"true\"><\/div>\n<input type=\"hidden\" name=\"trp-form-language\" value=\"lv\"\/><\/form>\n<\/div>\n\n\n\n\t\t<\/div>\n\t\t\t\t\t<\/div>\n\n\t\n\n<\/div>\n\n\t\t<\/div>\n\t\t\t\t\t<\/div>\n\n\t\n\n<\/div>\n\n\t\t<\/div>\n\n\t\t\n<style>\n#section_901794198 {\n  padding-top: 30px;\n  padding-bottom: 30px;\n  background-color: rgb(232, 234, 241);\n}\n<\/style>\n\t<\/section>","protected":false},"excerpt":{"rendered":"","protected":false},"author":1,"featured_media":0,"parent":0,"menu_order":0,"comment_status":"closed","ping_status":"closed","template":"page-blank.php","meta":{"footnotes":""},"class_list":["post-57","page","type-page","status-publish","hentry"],"_links":{"self":[{"href":"https:\/\/www.impacttesting.net\/lv\/wp-json\/wp\/v2\/pages\/57","targetHints":{"allow":["GET"]}}],"collection":[{"href":"https:\/\/www.impacttesting.net\/lv\/wp-json\/wp\/v2\/pages"}],"about":[{"href":"https:\/\/www.impacttesting.net\/lv\/wp-json\/wp\/v2\/types\/page"}],"author":[{"embeddable":true,"href":"https:\/\/www.impacttesting.net\/lv\/wp-json\/wp\/v2\/users\/1"}],"replies":[{"embeddable":true,"href":"https:\/\/www.impacttesting.net\/lv\/wp-json\/wp\/v2\/comments?post=57"}],"version-history":[{"count":4,"href":"https:\/\/www.impacttesting.net\/lv\/wp-json\/wp\/v2\/pages\/57\/revisions"}],"predecessor-version":[{"id":68,"href":"https:\/\/www.impacttesting.net\/lv\/wp-json\/wp\/v2\/pages\/57\/revisions\/68"}],"wp:attachment":[{"href":"https:\/\/www.impacttesting.net\/lv\/wp-json\/wp\/v2\/media?parent=57"}],"curies":[{"name":"wp","href":"https:\/\/api.w.org\/{rel}","templated":true}]}}