{"id":48,"date":"2025-12-24T03:25:25","date_gmt":"2025-12-24T03:25:25","guid":{"rendered":"https:\/\/www.impacttesting.net\/?page_id=48"},"modified":"2025-12-24T05:48:32","modified_gmt":"2025-12-24T05:48:32","slug":"pendulum-impact-tester","status":"publish","type":"page","link":"https:\/\/www.impacttesting.net\/lv\/pendulum-impact-tester\/","title":{"rendered":"PIT-01 sv\u0101rsta trieciena testeris"},"content":{"rendered":"<section class=\"section\" id=\"section_1217629003\">\n\t\t<div class=\"bg section-bg fill bg-fill  bg-loaded\" >\n\n\t\t\t\n\t\t\t\n\t\t\t\n\n\t\t<\/div>\n\n\t\t\n\n\t\t<div class=\"section-content relative\">\n\t\t\t\n\n<div class=\"row\"  id=\"row-1207636529\">\n\n\n\t<div id=\"col-1006085352\" class=\"col small-12 large-12\"  >\n\t\t\t\t<div class=\"col-inner\" style=\"background-color:rgb(92, 171, 188);\" >\n\t\t\t\n\t\t\t\n\n<div class=\"row\"  id=\"row-540950218\">\n\n\n\t<div id=\"col-1437531639\" class=\"col small-12 large-12\"  >\n\t\t\t\t<div class=\"col-inner\"  >\n\t\t\t\n\t\t\t\n\n\t<div id=\"text-1580957147\" class=\"text\">\n\t\t\n\n<h1>PIT-01 sv\u0101rsta trieciena testeris<\/h1>\n\t\t\n<style>\n#text-1580957147 {\n  font-size: 1.5rem;\n  text-align: center;\n}\n<\/style>\n\t<\/div>\n\t\n\n\t\t<\/div>\n\t\t\t\t\n<style>\n#col-1437531639 > .col-inner {\n  padding: 50px 10px 10px 10px;\n}\n<\/style>\n\t<\/div>\n\n\t\n\n<\/div>\n<div class=\"row align-middle align-center\"  id=\"row-1358013231\">\n\n\n\t<div id=\"col-834605254\" class=\"col medium-11 small-12 large-11\"  >\n\t\t\t\t<div class=\"col-inner\"  >\n\t\t\t\n\t\t\t\n\n<div class=\"row align-middle align-center\"  id=\"row-1095491391\">\n\n\n\t<div id=\"col-552939226\" class=\"col medium-7 small-12 large-7\"  >\n\t\t\t\t<div class=\"col-inner\"  >\n\t\t\t\n\t\t\t\n\n<div class=\"row\"  id=\"row-166447156\">\n\n\n\t<div id=\"col-676402568\" class=\"col small-12 large-12\"  >\n\t\t\t\t<div class=\"col-inner text-center\"  >\n\t\t\t\n\t\t\t\n\n\t<div id=\"text-4040234555\" class=\"text\">\n\t\t\n\n<p>Port\u0101ls <strong>sv\u0101rsta trieciena testeris<\/strong> m\u0113ra materi\u0101la sp\u0113ju pretoties p\u0113k\u0161\u0146iem triecieniem, re\u0123istr\u0113jot ener\u0123iju, kas nepiecie\u0161ama, lai izrais\u012btu pl\u012bsumu vai iespie\u0161anos. <a href=\"https:\/\/www.impacttesting.net\/lv\/astm-d3420\/\"><strong>ASTM D3420<\/strong><\/a> nodro\u0161ina standartiz\u0113tu metodi plastmasas pl\u0113vju triecieniztur\u012bbas nov\u0113rt\u0113\u0161anai, nodro\u0161inot konsekventu kvalit\u0101tes kontroli un materi\u0101la raksturojumu. Parasti tiek test\u0113ti \u0161\u0101di materi\u0101li <strong>plastmasas pl\u0113ves, lamin\u0101ti, kompoz\u012btmateri\u0101li, folijas un pap\u012brs, ko izmanto iepako\u0161an\u0101.<\/strong>, automobi\u013cu un b\u016bvniec\u012bbas lietojumprogrammas.<\/p>\n\t\t\n<style>\n#text-4040234555 {\n  color: rgb(0, 0, 0);\n}\n#text-4040234555 > * {\n  color: rgb(0, 0, 0);\n}\n<\/style>\n\t<\/div>\n\t\n\n\t\t<\/div>\n\t\t\t\t\t<\/div>\n\n\t\n\n\t<div id=\"col-901150516\" class=\"col small-12 large-12\"  >\n\t\t\t\t<div class=\"col-inner text-center\"  >\n\t\t\t\n\t\t\t\n\n<a href=\"https:\/\/www.impacttesting.net\/lv\/contact-us\/\" class=\"button primary is-outline\"  style=\"border-radius:99px;\">\n    <span>Sazinieties ar mums<\/span>\n  <i class=\"icon-chat\" aria-hidden=\"true\" ><\/i><\/a>\n\n\n\n\t\t<\/div>\n\t\t\t\t\t<\/div>\n\n\t\n\n<\/div>\n\n\t\t<\/div>\n\t\t\t\t\t<\/div>\n\n\t\n\n\t<div id=\"col-1245129235\" class=\"col medium-4 small-12 large-4\"  >\n\t\t\t\t<div class=\"col-inner\"  >\n\t\t\t\n\t\t\t\n\n<div class=\"row\"  id=\"row-1691099536\">\n\n\n\t<div id=\"col-649066965\" class=\"col small-12 large-12\"  >\n\t\t\t\t<div class=\"col-inner\"  >\n\t\t\t\n\t\t\t\n\n\t<div class=\"img has-hover x md-x lg-x y md-y lg-y\" id=\"image_825917525\">\n\t\t\t\t\t\t\t\t<div class=\"img-inner dark\" >\n\t\t\t<img decoding=\"async\" width=\"728\" height=\"800\" src=\"https:\/\/www.impacttesting.net\/wp-content\/uploads\/2025\/12\/Pendulum-Impact-Tester-ASTM-D3420-amp-Spencer-Impact-Test-Impact-Testing-728x800.webp\" class=\"attachment-large size-large\" alt=\"Sv\u0101rsta trieciena testeris - ASTM D3420 un Spencera trieciena tests - Trieciena test\u0113\u0161ana\" srcset=\"https:\/\/www.impacttesting.net\/wp-content\/uploads\/2025\/12\/Pendulum-Impact-Tester-ASTM-D3420-amp-Spencer-Impact-Test-Impact-Testing-728x800.webp 728w, https:\/\/www.impacttesting.net\/wp-content\/uploads\/2025\/12\/Pendulum-Impact-Tester-ASTM-D3420-amp-Spencer-Impact-Test-Impact-Testing-364x400.webp 364w, https:\/\/www.impacttesting.net\/wp-content\/uploads\/2025\/12\/Pendulum-Impact-Tester-ASTM-D3420-amp-Spencer-Impact-Test-Impact-Testing-768x844.webp 768w, https:\/\/www.impacttesting.net\/wp-content\/uploads\/2025\/12\/Pendulum-Impact-Tester-ASTM-D3420-amp-Spencer-Impact-Test-Impact-Testing-1397x1536.webp 1397w, https:\/\/www.impacttesting.net\/wp-content\/uploads\/2025\/12\/Pendulum-Impact-Tester-ASTM-D3420-amp-Spencer-Impact-Test-Impact-Testing.webp 1558w\" sizes=\"(max-width: 728px) 100vw, 728px\" \/>\t\t\t\t\t\t\n\t\t\t\t\t<\/div>\n\t\t\t\t\t\t\t\t\n<style>\n#image_825917525 {\n  width: 100%;\n}\n<\/style>\n\t<\/div>\n\t\n\n\n\t\t<\/div>\n\t\t\t\t\t<\/div>\n\n\t\n\n<\/div>\n\n\t\t<\/div>\n\t\t\t\t\t<\/div>\n\n\t\n\n<\/div>\n\n\t\t<\/div>\n\t\t\t\t\t<\/div>\n\n\t\n\n<\/div>\n\n\t\t<\/div>\n\t\t\t\t\t<\/div>\n\n\t\n\n\n<style>\n#row-1207636529 > .col > .col-inner {\n  border-radius: 25px;\n}\n<\/style>\n<\/div>\n\n\t\t<\/div>\n\n\t\t\n<style>\n#section_1217629003 {\n  padding-top: 30px;\n  padding-bottom: 30px;\n}\n<\/style>\n\t<\/section>\n\t\n\t<section class=\"section\" id=\"section_208499396\">\n\t\t<div class=\"bg section-bg fill bg-fill  bg-loaded\" >\n\n\t\t\t\n\t\t\t\n\t\t\t\n\n\t\t<\/div>\n\n\t\t\n\n\t\t<div class=\"section-content relative\">\n\t\t\t\n\n<div class=\"row\"  id=\"row-1355535241\">\n\n\n\t<div id=\"col-461834551\" class=\"col small-12 large-12\"  >\n\t\t\t\t<div class=\"col-inner\"  >\n\t\t\t\n\t\t\t\n\n<div class=\"row\"  id=\"row-1678651968\">\n\n\n\t<div id=\"col-823909362\" class=\"col small-12 large-12\"  >\n\t\t\t\t<div class=\"col-inner\"  >\n\t\t\t\n\t\t\t\n\n<div class=\"row\"  id=\"row-791304887\">\n\n\n\t<div id=\"col-157436074\" class=\"col small-12 large-12\"  >\n\t\t\t\t<div class=\"col-inner\"  >\n\t\t\t\n\t\t\t\n\n\t<div id=\"text-3858712787\" class=\"text\">\n\t\t\n\n<h2>K\u0101 darbojas sv\u0101rsta trieciena testeris<\/h2>\n\t\t\n<style>\n#text-3858712787 {\n  font-size: 1.3rem;\n  text-align: center;\n}\n<\/style>\n\t<\/div>\n\t\n<p>Port\u0101ls <strong>PIT-01 sv\u0101rsta trieciena testeris<\/strong> l\u012bdz <strong>Impacttesting.net<\/strong> ir izstr\u0101d\u0101ts, lai nodro\u0161in\u0101tu prec\u012bzus un atk\u0101rtojamus triecieniztur\u012bbas m\u0113r\u012bjumus. Test\u0113\u0161anas process ietver:<\/p>\n\n\t\t<\/div>\n\t\t\t\t\t<\/div>\n\n\t\n\n<\/div>\n<div class=\"row align-middle\"  id=\"row-1669775789\">\n\n\n\t<div id=\"col-1025955578\" class=\"col medium-6 small-12 large-6\"  >\n\t\t\t\t<div class=\"col-inner\"  >\n\t\t\t\n\t\t\t\n\n<ol>\n<li>Parauga sagatavo\u0161ana: Izv\u0113las vien\u0101da biezuma un konsistences paraugu.<\/li>\n<li>Paraugu stiprin\u0101\u0161ana: Pl\u0113ve tiek nostiprin\u0101ta viet\u0101, izmantojot pneimatisko fiks\u0101cijas sist\u0113mu.<\/li>\n<li>Sv\u0101rsta atbr\u012bvo\u0161ana: Sv\u0101rsts, kas apr\u012bkots ar trieciena galvu, tiek autom\u0101tiski palaists no iepriek\u0161 noteikta augstuma.<\/li>\n<li>Ietekmes m\u0113r\u012b\u0161ana: Tiek re\u0123istr\u0113ta ener\u0123ija, ko materi\u0101ls absorb\u0113 trieciena br\u012bd\u012b.<\/li>\n<li>Datu anal\u012bze: Rezult\u0101ti tiek att\u0113loti digit\u0101laj\u0101 saskarn\u0113, ar papildu mikroprinteri t\u016bl\u012bt\u0113jai zi\u0146o\u0161anai.<\/li>\n<\/ol>\n\n\t\t<\/div>\n\t\t\t\t\t<\/div>\n\n\t\n\n\t<div id=\"col-1198494087\" class=\"col medium-6 small-12 large-6\"  >\n\t\t\t\t<div class=\"col-inner\"  >\n\t\t\t\n\t\t\t\n\n<div class=\"video video-fit mb\" style=\"padding-top:56.25%;\"><iframe title=\"ASTM D3420 sv\u0101rsta trieciena testeris plastmasas pl\u0113vju lok\u0161\u0146u trieciena testerim\" width=\"1020\" height=\"574\" src=\"https:\/\/www.youtube.com\/embed\/vEx4esxMESw?feature=oembed\" frameborder=\"0\" allow=\"accelerometer; autoplay; clipboard-write; encrypted-media; gyroscope; picture-in-picture; web-share\" referrerpolicy=\"strict-origin-when-cross-origin\" allowfullscreen><\/iframe><\/div>\n\n\n\t\t<\/div>\n\t\t\t\t\t<\/div>\n\n\t\n\n<\/div>\n\n\t\t<\/div>\n\t\t\t\t\t<\/div>\n\n\t\n\n<\/div>\n\n\t\t<\/div>\n\t\t\t\t\t<\/div>\n\n\t\n\n<\/div>\n<div class=\"row\"  id=\"row-1288545971\">\n\n\n\t<div id=\"col-471444781\" class=\"col small-12 large-12\"  >\n\t\t\t\t<div class=\"col-inner\"  >\n\t\t\t\n\t\t\t\n\n<div class=\"row\"  id=\"row-340889032\">\n\n\n\t<div id=\"col-1887098634\" class=\"col small-12 large-12\"  >\n\t\t\t\t<div class=\"col-inner\"  >\n\t\t\t\n\t\t\t\n\n\t<div id=\"text-507335115\" class=\"text\">\n\t\t\n\n<h2>ASTM D3420 un Spencera triecientests<\/h2>\n\t\t\n<style>\n#text-507335115 {\n  font-size: 1.3rem;\n  text-align: center;\n}\n<\/style>\n\t<\/div>\n\t\n\n\t\t<\/div>\n\t\t\t\t\t<\/div>\n\n\t\n\n\t<div id=\"col-325341946\" class=\"col small-12 large-12\"  >\n\t\t\t\t<div class=\"col-inner\"  >\n\t\t\t\n\t\t\t\n\n<h3>ASTM D3420 - Testa metode plastmasas pl\u0113ves triecieniztur\u012bbas noteik\u0161anai ar sv\u0101rstu<\/h3>\n<p><a href=\"https:\/\/www.impacttesting.net\/lv\/astm-d3420\/\">ASTM D3420<\/a> nosaka metodi, k\u0101 noteikt <strong>plastmasas pl\u0113vju triecieniztur\u012bba<\/strong> m\u0113rot ener\u0123iju, kas nepiecie\u0161ama, lai sv\u0101rsta triecienelements iek\u013c\u016btu testa paraug\u0101. \u0160is tests ir izstr\u0101d\u0101ts, lai sniegtu ieskatu materi\u0101la dinamiskaj\u0101 stiepes iztur\u012bb\u0101 lielas deform\u0101cijas \u0101truma apst\u0101k\u013cos, t\u0101p\u0113c tas ir \u013coti svar\u012bgs iepakojuma materi\u0101lu nov\u0113rt\u0113\u0161anai.<\/p>\n<p>ASTM D3420 galvenie aspekti ir \u0161\u0101di:<\/p>\n<p>Ener\u0123ijas zudumu m\u0113r\u012b\u0161ana, kas rodas sv\u0101rsta zondes trieciena rezult\u0101t\u0101 uz testa parauga.<br \/>Divas proced\u016bras (A un B), kas at\u0161\u0137iras p\u0113c izlases lieluma, ar <strong>B proced\u016bra, ko bie\u017ei d\u0113v\u0113 par Spencera triecientestu<\/strong>.<br \/>Noz\u012bm\u012bga lietojumos, kur nepiecie\u0161ama augsta triecieniztur\u012bba, piem\u0113ram, p\u0101rtikas un farm\u0101cijas iepakojuma pl\u0113v\u0113s.<\/p>\n<h3>Spencera trieciena tests: Specializ\u0113ta vari\u0101cija<\/h3>\n<p>Port\u0101ls <strong>Spencera trieciena tests<\/strong> ir ASTM D3420 variants, kas parasti saist\u012bts ar <strong>B proced\u016bra<\/strong>, kas izmanto <strong>89 mm diametra parauga skava<\/strong>. \u0160o metodi pla\u0161i izmanto, lai nov\u0113rt\u0113tu elast\u012bgaj\u0101 iepakojum\u0101 izmantojam\u0101s pl\u0113ves, nodro\u0161inot, ka materi\u0101li sp\u0113j iztur\u0113t meh\u0101nisko slodzi, nesapl\u0113\u0161ot vai nep\u0101rpl\u012bsinot.<\/p>\n\n\t\t<\/div>\n\t\t\t\t\t<\/div>\n\n\t\n\n<\/div>\n\n\t\t<\/div>\n\t\t\t\t\t<\/div>\n\n\t\n\n<\/div>\n<div class=\"row\"  id=\"row-1451618549\">\n\n\n\t<div id=\"col-860662509\" class=\"col small-12 large-12\"  >\n\t\t\t\t<div class=\"col-inner\"  >\n\t\t\t\n\t\t\t\n\n<div class=\"row\"  id=\"row-1418300641\">\n\n\n\t<div id=\"col-952399900\" class=\"col small-12 large-12\"  >\n\t\t\t\t<div class=\"col-inner\"  >\n\t\t\t\n\t\t\t\n\n\t<div id=\"text-278905156\" class=\"text\">\n\t\t\n\n<h2>PIT-01 sv\u0101rsta trieciena testeris<\/h2>\n\t\t\n<style>\n#text-278905156 {\n  font-size: 1.3rem;\n  text-align: center;\n}\n<\/style>\n\t<\/div>\n\t\n\n\t\t<\/div>\n\t\t\t\t\t<\/div>\n\n\t\n\n<\/div>\n<div class=\"row\"  id=\"row-1295437899\">\n\n\n\t<div id=\"col-1412086824\" class=\"col medium-6 small-12 large-6\"  >\n\t\t\t\t<div class=\"col-inner\"  >\n\t\t\t\n\t\t\t\n\n<h3>Galven\u0101s funkcijas:<\/h3>\n<p>Cell Instruments' PIT-01 sv\u0101rsta triecientests pied\u0101v\u0101 uzlabotas funkcijas augstas precizit\u0101tes materi\u0101lu test\u0113\u0161anai:<\/p>\n<ul>\n<li>PLC vad\u012bba un HMI sk\u0101rienekr\u0101ns \u0113rtai darb\u012bbai.<\/li>\n<li>Pneimatisk\u0101 paraugu fiks\u0113\u0161ana, lai nodro\u0161in\u0101tu stabilu pozicion\u0113\u0161anu.<\/li>\n<li>Autom\u0101tiska sv\u0101rsta atbr\u012bvo\u0161ana konsekventai trieciena test\u0113\u0161anai.<\/li>\n<li>Datu autom\u0101tisk\u0101 statistika un mikroprinteris efekt\u012bvai rezult\u0101tu dokument\u0113\u0161anai.<\/li>\n<li>Prec\u012bzi le\u0146\u0137a m\u0113r\u012bjumi prec\u012bziem ener\u0123ijas apr\u0113\u0137iniem.<\/li>\n<li>RS232 ports un programmat\u016bra (p\u0113c izv\u0113les) uzlabotai datu anal\u012bzei.<\/li>\n<\/ul>\n\n\t\t<\/div>\n\t\t\t\t\t<\/div>\n\n\t\n\n\t<div id=\"col-1450220677\" class=\"col medium-6 small-12 large-6\"  >\n\t\t\t\t<div class=\"col-inner\"  >\n\t\t\t\n\t\t\t\n\n<h3>Tehnisk\u0101s specifik\u0101cijas:<\/h3>\n<table width=\"360\">\n<tbody>\n<tr>\n<td style=\"text-align: center;\" width=\"143\">Ietekmes ener\u0123ija<\/td>\n<td style=\"text-align: center;\" width=\"217\">1 J, 2 J, 3 J<\/td>\n<\/tr>\n<tr>\n<td style=\"text-align: center;\" width=\"143\">Rezol\u016bcija<\/td>\n<td style=\"text-align: center;\" width=\"217\">\u00a00.001 J<\/td>\n<\/tr>\n<tr>\n<td style=\"text-align: center;\" width=\"143\">Trieciena galvas izm\u0113rs<\/td>\n<td style=\"text-align: center;\" width=\"217\">\u042425,4, \u042419, \u042412,7 mm\u00a0<\/td>\n<\/tr>\n<tr>\n<td style=\"text-align: center;\" width=\"143\">Paraugu skava<\/td>\n<td style=\"text-align: center;\" width=\"217\">Pneimatisk\u0101 skava<\/td>\n<\/tr>\n<tr>\n<td style=\"text-align: center;\" width=\"143\">Skavas diametrs<\/td>\n<td style=\"text-align: center;\" width=\"217\">\u042489 mm, \u042460 mm<\/td>\n<\/tr>\n<tr>\n<td style=\"text-align: center;\" width=\"143\">G\u0101zes pieg\u0101de<\/td>\n<td style=\"text-align: center;\" width=\"217\">0,6 MPa \u03a66 mm PU caurules<\/td>\n<\/tr>\n<tr>\n<td style=\"text-align: center;\" width=\"143\">Parauga lielums<\/td>\n<td style=\"text-align: center;\" width=\"217\">100*100 mm vai \u0424100 mm<\/td>\n<\/tr>\n<tr>\n<td style=\"text-align: center;\" width=\"143\">Baro\u0161anas avots\u00a0<\/td>\n<td style=\"text-align: center;\" width=\"217\">mai\u0146str\u0101va 110 ~ 220 V 50 Hz<\/td>\n<\/tr>\n<\/tbody>\n<\/table>\n\n\t\t<\/div>\n\t\t\t\t\t<\/div>\n\n\t\n\n<\/div>\n\n\t\t<\/div>\n\t\t\t\t\t<\/div>\n\n\t\n\n<\/div>\n\n\t\t<\/div>\n\n\t\t\n<style>\n#section_208499396 {\n  padding-top: 30px;\n  padding-bottom: 30px;\n}\n<\/style>\n\t<\/section>\n\t\n\t<section class=\"section\" id=\"section_709461298\">\n\t\t<div class=\"bg section-bg fill bg-fill  bg-loaded\" >\n\n\t\t\t\n\t\t\t\n\t\t\t\n\n\t\t<\/div>\n\n\t\t\n\n\t\t<div class=\"section-content relative\">\n\t\t\t\n\n<div class=\"row\"  id=\"row-1496131957\">\n\n\n\t<div id=\"col-357186890\" class=\"col small-12 large-12\"  >\n\t\t\t\t<div class=\"col-inner\"  >\n\t\t\t\n\t\t\t\n\n<div class=\"row align-equal align-center\"  id=\"row-1370862449\">\n\n\n\t<div id=\"col-752682439\" class=\"col small-12 large-12\"  >\n\t\t\t\t<div class=\"col-inner\"  >\n\t\t\t\n\t\t\t\n\n\t<div id=\"text-3108683997\" class=\"text\">\n\t\t\n\n<h2>K\u0101p\u0113c izv\u0113l\u0113ties Impacttesting.net's<br \/>PIT-01 sv\u0101rsta trieciena testeris<\/h2>\n\t\t\n<style>\n#text-3108683997 {\n  font-size: 1.4rem;\n  text-align: center;\n}\n<\/style>\n\t<\/div>\n\t\n\n\t\t<\/div>\n\t\t\t\t\t<\/div>\n\n\t\n\n\t<div id=\"col-2117640257\" class=\"col medium-6 small-12 large-6\"  >\n\t\t\t\t<div class=\"col-inner text-center\"  >\n\t\t\t\n\t\t\t\n\n\t<div id=\"text-1174783007\" class=\"text\">\n\t\t\n\n<p>Integr\u0113jot <strong>sv\u0101rsta trieciena p\u0101rbaude<\/strong> kvalit\u0101tes kontroles procesos, j\u016bs varat uzlabot izstr\u0101d\u0101jumu iztur\u012bbu un atbilst\u012bbu nozares standartiem. <strong>Impacttesting.net<\/strong> nodro\u0161ina m\u016bsdien\u012bgus risin\u0101jumus, lai apmierin\u0101tu j\u016bsu materi\u0101lu test\u0113\u0161anas vajadz\u012bbas.<\/p>\n\t\t\n<style>\n#text-1174783007 {\n  font-size: 1.1rem;\n  line-height: 2;\n}\n<\/style>\n\t<\/div>\n\t\n<a href=\"https:\/\/www.impacttesting.net\/lv\/contact-us\/\" class=\"button primary is-outline\"  style=\"border-radius:99px;\">\n    <span>Sazinieties ar mums<\/span>\n  <i class=\"icon-chat\" aria-hidden=\"true\" ><\/i><\/a>\n\n\n\n\t\t<\/div>\n\t\t\t\t\t<\/div>\n\n\t\n\n\t<div id=\"col-2017660192\" class=\"col medium-4 small-12 large-4\"  >\n\t\t\t\t<div class=\"col-inner text-center\"  >\n\t\t\t\n\t\t\t\n\n\n<div class=\"wpcf7 no-js\" id=\"wpcf7-f10-o1\" lang=\"en-US\" dir=\"ltr\" data-wpcf7-id=\"10\">\n<div class=\"screen-reader-response\"><p role=\"status\" aria-live=\"polite\" aria-atomic=\"true\"><\/p> <ul><\/ul><\/div>\n<form action=\"\/lv\/wp-json\/wp\/v2\/pages\/48#wpcf7-f10-o1\" method=\"post\" class=\"wpcf7-form init\" aria-label=\"Contact form\" novalidate=\"novalidate\" data-status=\"init\" data-trp-original-action=\"\/lv\/wp-json\/wp\/v2\/pages\/48#wpcf7-f10-o1\">\n<fieldset class=\"hidden-fields-container\"><input type=\"hidden\" name=\"_wpcf7\" value=\"10\" \/><input type=\"hidden\" name=\"_wpcf7_version\" value=\"6.1.4\" \/><input type=\"hidden\" name=\"_wpcf7_locale\" value=\"en_US\" \/><input type=\"hidden\" name=\"_wpcf7_unit_tag\" value=\"wpcf7-f10-o1\" \/><input type=\"hidden\" name=\"_wpcf7_container_post\" value=\"0\" \/><input type=\"hidden\" name=\"_wpcf7_posted_data_hash\" value=\"\" \/><input type=\"hidden\" name=\"_wpcf7_recaptcha_response\" value=\"\" \/>\n<\/fieldset>\n<p><span class=\"wpcf7-form-control-wrap\" data-name=\"Name\"><input size=\"40\" maxlength=\"400\" class=\"wpcf7-form-control wpcf7-text\" aria-invalid=\"false\" placeholder=\"J\u016bsu v\u0101rds\" value=\"\" type=\"text\" name=\"Name\" \/><\/span><br \/>\n<span class=\"wpcf7-form-control-wrap\" data-name=\"Comapany\"><input size=\"40\" maxlength=\"400\" class=\"wpcf7-form-control wpcf7-text\" aria-invalid=\"false\" placeholder=\"J\u016bsu uz\u0146\u0113mums\" value=\"\" type=\"text\" name=\"Comapany\" \/><\/span><br \/>\n<span class=\"wpcf7-form-control-wrap\" data-name=\"Email\"><input size=\"40\" maxlength=\"400\" class=\"wpcf7-form-control wpcf7-email wpcf7-validates-as-required wpcf7-text wpcf7-validates-as-email\" aria-required=\"true\" aria-invalid=\"false\" placeholder=\"J\u016bsu e-pasta adrese*\" value=\"\" type=\"email\" name=\"Email\" \/><\/span><br \/>\n<span class=\"wpcf7-form-control-wrap\" data-name=\"Message\"><textarea cols=\"40\" rows=\"10\" maxlength=\"2000\" class=\"wpcf7-form-control wpcf7-textarea\" aria-invalid=\"false\" placeholder=\"Zi\u0146a\" name=\"Message\"><\/textarea><\/span>\n<\/p>\n<p><input class=\"wpcf7-form-control wpcf7-submit has-spinner\" type=\"submit\" value=\"Iesniegt\" \/>\n<\/p><div class=\"wpcf7-response-output\" aria-hidden=\"true\"><\/div>\n<input type=\"hidden\" name=\"trp-form-language\" value=\"lv\"\/><\/form>\n<\/div>\n\n\n\n\t\t<\/div>\n\t\t\t\t\t<\/div>\n\n\t\n\n<\/div>\n\n\t\t<\/div>\n\t\t\t\t\t<\/div>\n\n\t\n\n<\/div>\n\n\t\t<\/div>\n\n\t\t\n<style>\n#section_709461298 {\n  padding-top: 30px;\n  padding-bottom: 30px;\n  background-color: rgb(232, 234, 241);\n}\n<\/style>\n\t<\/section>","protected":false},"excerpt":{"rendered":"","protected":false},"author":1,"featured_media":0,"parent":0,"menu_order":0,"comment_status":"closed","ping_status":"closed","template":"page-blank.php","meta":{"footnotes":""},"class_list":["post-48","page","type-page","status-publish","hentry"],"_links":{"self":[{"href":"https:\/\/www.impacttesting.net\/lv\/wp-json\/wp\/v2\/pages\/48","targetHints":{"allow":["GET"]}}],"collection":[{"href":"https:\/\/www.impacttesting.net\/lv\/wp-json\/wp\/v2\/pages"}],"about":[{"href":"https:\/\/www.impacttesting.net\/lv\/wp-json\/wp\/v2\/types\/page"}],"author":[{"embeddable":true,"href":"https:\/\/www.impacttesting.net\/lv\/wp-json\/wp\/v2\/users\/1"}],"replies":[{"embeddable":true,"href":"https:\/\/www.impacttesting.net\/lv\/wp-json\/wp\/v2\/comments?post=48"}],"version-history":[{"count":5,"href":"https:\/\/www.impacttesting.net\/lv\/wp-json\/wp\/v2\/pages\/48\/revisions"}],"predecessor-version":[{"id":72,"href":"https:\/\/www.impacttesting.net\/lv\/wp-json\/wp\/v2\/pages\/48\/revisions\/72"}],"wp:attachment":[{"href":"https:\/\/www.impacttesting.net\/lv\/wp-json\/wp\/v2\/media?parent=48"}],"curies":[{"name":"wp","href":"https:\/\/api.w.org\/{rel}","templated":true}]}}