{"id":85,"date":"2025-12-24T07:51:49","date_gmt":"2025-12-24T07:51:49","guid":{"rendered":"https:\/\/www.impacttesting.net\/?page_id=85"},"modified":"2025-12-24T07:51:49","modified_gmt":"2025-12-24T07:51:49","slug":"iso-7765-1","status":"publish","type":"page","link":"https:\/\/www.impacttesting.net\/lt\/iso-7765-1\/","title":{"rendered":"ISO 7765-1"},"content":{"rendered":"<section class=\"section\" id=\"section_1430588939\">\n\t\t<div class=\"bg section-bg fill bg-fill  bg-loaded\" >\n\n\t\t\t\n\t\t\t\n\t\t\t\n\n\t\t<\/div>\n\n\t\t\n\n\t\t<div class=\"section-content relative\">\n\t\t\t\n\n<div class=\"row\"  id=\"row-2004298179\">\n\n\n\t<div id=\"col-88415349\" class=\"col small-12 large-12\"  >\n\t\t\t\t<div class=\"col-inner\" style=\"background-color:rgb(92, 171, 188);\" >\n\t\t\t\n\t\t\t\n\n<div class=\"row\"  id=\"row-2036137529\">\n\n\n\t<div id=\"col-1475018716\" class=\"col small-12 large-12\"  >\n\t\t\t\t<div class=\"col-inner\"  >\n\t\t\t\n\t\t\t\n\n\t<div id=\"text-1965884892\" class=\"text\">\n\t\t\n\n<h1>ISO 7765-1<\/h1>\n\t\t\n<style>\n#text-1965884892 {\n  font-size: 1.5rem;\n  text-align: center;\n}\n<\/style>\n\t<\/div>\n\t\n\t<div id=\"text-3785984100\" class=\"text\">\n\t\t\n\n<h2>Laisvai krintan\u010di\u0173 str\u0117li\u0173 metodas<\/h2>\n\t\t\n<style>\n#text-3785984100 {\n  text-align: center;\n}\n<\/style>\n\t<\/div>\n\t\n\n\t\t<\/div>\n\t\t\t\t\n<style>\n#col-1475018716 > .col-inner {\n  padding: 50px 10px 10px 10px;\n}\n<\/style>\n\t<\/div>\n\n\t\n\n<\/div>\n<div class=\"row align-middle align-center\"  id=\"row-2053405643\">\n\n\n\t<div id=\"col-921916244\" class=\"col medium-11 small-12 large-11\"  >\n\t\t\t\t<div class=\"col-inner\"  >\n\t\t\t\n\t\t\t\n\n<div class=\"row align-center\"  id=\"row-1669269601\">\n\n\n\t<div id=\"col-759340733\" class=\"col medium-7 small-12 large-7\"  >\n\t\t\t\t<div class=\"col-inner\"  >\n\t\t\t\n\t\t\t\n\n<div class=\"row\"  id=\"row-2070362150\">\n\n\n\t<div id=\"col-20233134\" class=\"col small-12 large-12\"  >\n\t\t\t\t<div class=\"col-inner text-center\"  >\n\t\t\t\n\t\t\t\n\n\t<div id=\"text-2700854211\" class=\"text\">\n\t\t\n\n<p>Pri\u0117mimas <a href=\"https:\/\/www.impacttesting.net\/lt\/iso-7765-1\/\"><strong>ISO 7765-1<\/strong><\/a> ir naudojant <strong>laisvai krintan\u010dios str\u0117l\u0117s metodas<\/strong> suteikia med\u017eiag\u0173 ir pakuo\u010di\u0173 specialistams galimyb\u0119 tiksliai \u012fvertinti <strong>atsparumas sm\u016bgiams<\/strong>u\u017etikrinant, kad pl\u0117vel\u0117s atitikt\u0173 patvarumo ir saugos standartus. <strong>ISO 7765-1<\/strong> idealiai tinka plastikin\u0117ms pl\u0117vel\u0117ms ir lak\u0161tams, naudojamiems pakuot\u0117se, \u017eem\u0117s \u016bkyje, medicinoje ir pramon\u0117je.<\/p>\n\t\t\n<style>\n#text-2700854211 {\n  color: rgb(0, 0, 0);\n}\n#text-2700854211 > * {\n  color: rgb(0, 0, 0);\n}\n<\/style>\n\t<\/div>\n\t\n\n\t\t<\/div>\n\t\t\t\t\t<\/div>\n\n\t\n\n\t<div id=\"col-1894755834\" class=\"col small-12 large-12\"  >\n\t\t\t\t<div class=\"col-inner text-center\"  >\n\t\t\t\n\t\t\t\n\n<a href=\"https:\/\/www.impacttesting.net\/lt\/contact-us\/\" class=\"button primary is-outline\"  style=\"border-radius:99px;\">\n    <span>Susisiekite su mumis<\/span>\n  <i class=\"icon-chat\" aria-hidden=\"true\" ><\/i><\/a>\n\n\n\n\t\t<\/div>\n\t\t\t\t\t<\/div>\n\n\t\n\n<\/div>\n\n\t\t<\/div>\n\t\t\t\t\t<\/div>\n\n\t\n\n\t<div id=\"col-644689972\" class=\"col medium-4 small-12 large-4\"  >\n\t\t\t\t<div class=\"col-inner\"  >\n\t\t\t\n\t\t\t\n\n<div class=\"row\"  id=\"row-1628421849\">\n\n\n\t<div id=\"col-100372218\" class=\"col small-12 large-12\"  >\n\t\t\t\t<div class=\"col-inner\"  >\n\t\t\t\n\t\t\t\n\n\t<div class=\"img has-hover x md-x lg-x y md-y lg-y\" id=\"image_1761494978\">\n\t\t\t\t\t\t\t\t<div class=\"img-inner dark\" >\n\t\t\t<img decoding=\"async\" width=\"600\" height=\"440\" src=\"https:\/\/www.impacttesting.net\/wp-content\/uploads\/2025\/12\/ISO-7765-1-Free-Falling-Dart-Method.webp\" class=\"attachment-large size-large\" alt=\"ISO 7765-1 Laisvai krintan\u010di\u0173 str\u0117li\u0173 metodas\" srcset=\"https:\/\/www.impacttesting.net\/wp-content\/uploads\/2025\/12\/ISO-7765-1-Free-Falling-Dart-Method.webp 600w, https:\/\/www.impacttesting.net\/wp-content\/uploads\/2025\/12\/ISO-7765-1-Free-Falling-Dart-Method-545x400.webp 545w\" sizes=\"(max-width: 600px) 100vw, 600px\" \/>\t\t\t\t\t\t\n\t\t\t\t\t<\/div>\n\t\t\t\t\t\t\t\t\n<style>\n#image_1761494978 {\n  width: 100%;\n}\n<\/style>\n\t<\/div>\n\t\n\n\n\t\t<\/div>\n\t\t\t\t\t<\/div>\n\n\t\n\n<\/div>\n\n\t\t<\/div>\n\t\t\t\t\t<\/div>\n\n\t\n\n<\/div>\n\n\t\t<\/div>\n\t\t\t\t\t<\/div>\n\n\t\n\n<\/div>\n\n\t\t<\/div>\n\t\t\t\t\t<\/div>\n\n\t\n\n\n<style>\n#row-2004298179 > .col > .col-inner {\n  border-radius: 25px;\n}\n<\/style>\n<\/div>\n\n\t\t<\/div>\n\n\t\t\n<style>\n#section_1430588939 {\n  padding-top: 30px;\n  padding-bottom: 30px;\n}\n<\/style>\n\t<\/section>\n\t\n\t<section class=\"section\" id=\"section_1691094896\">\n\t\t<div class=\"bg section-bg fill bg-fill  bg-loaded\" >\n\n\t\t\t\n\t\t\t\n\t\t\t\n\n\t\t<\/div>\n\n\t\t\n\n\t\t<div class=\"section-content relative\">\n\t\t\t\n\n<div class=\"row\"  id=\"row-386800650\">\n\n\n\t<div id=\"col-473025463\" class=\"col small-12 large-12\"  >\n\t\t\t\t<div class=\"col-inner\"  >\n\t\t\t\n\t\t\t\n\n<div class=\"row\"  id=\"row-667319779\">\n\n\n\t<div id=\"col-845861584\" class=\"col small-12 large-12\"  >\n\t\t\t\t<div class=\"col-inner\"  >\n\t\t\t\n\t\t\t\n\n\t<div id=\"text-302846272\" class=\"text\">\n\t\t\n\n<h2>ISO 7765-1 ir jo svarba<\/h2>\n\t\t\n<style>\n#text-302846272 {\n  font-size: 1.3rem;\n  text-align: center;\n}\n<\/style>\n\t<\/div>\n\t\n\n\t\t<\/div>\n\t\t\t\t\t<\/div>\n\n\t\n\n\t<div id=\"col-422566870\" class=\"col small-12 large-12\"  >\n\t\t\t\t<div class=\"col-inner\"  >\n\t\t\t\n\t\t\t\n\n<p>Supratimas ir \u012fgyvendinimas <strong>ISO 7765-1<\/strong> labai svarbus specialistams, dirbantiems su plastikin\u0117mis pl\u0117vel\u0117mis ir lanks\u010diomis med\u017eiagomis. \u0160iame tarptautiniame standarte apra\u0161oma proced\u016bra, kaip nustatyti <strong>atsparumas sm\u016bgiams<\/strong> plastikin\u0117s pl\u0117vel\u0117s, naudojant <strong>laisvai krintan\u010dios str\u0117l\u0117s metodas<\/strong>, esminis kokyb\u0117s kontrol\u0117s testas. Tikslus \u0161io metodo taikymas padeda gamintojams \u012fvertinti, kaip gerai med\u017eiagos gali atlaikyti sm\u016bgines apkrovas - tai yra ilgaam\u017ei\u0161kumo ir eksploatacini\u0173 savybi\u0173 realiame pasaulyje rodiklis. Tokiose pramon\u0117s \u0161akose kaip pakuot\u0117s, farmacijos, elektronikos ir maisto pramon\u0117 ISO 7765-1 standarto laikymasis u\u017etikrina patikimum\u0105, nuoseklum\u0105 ir atitikt\u012f pasauliniams standartams.<\/p>\n\n\t\t<\/div>\n\t\t\t\t\t<\/div>\n\n\t\n\n<\/div>\n\n\t\t<\/div>\n\t\t\t\t\t<\/div>\n\n\t\n\n<\/div>\n<div class=\"row\"  id=\"row-1271036208\">\n\n\n\t<div id=\"col-680198475\" class=\"col small-12 large-12\"  >\n\t\t\t\t<div class=\"col-inner\"  >\n\t\t\t\n\t\t\t\n\n<div class=\"row\"  id=\"row-2133557736\">\n\n\n\t<div id=\"col-227074419\" class=\"col small-12 large-12\"  >\n\t\t\t\t<div class=\"col-inner\"  >\n\t\t\t\n\t\t\t\n\n<div class=\"row\"  id=\"row-1629754093\">\n\n\n\t<div id=\"col-1373015188\" class=\"col small-12 large-12\"  >\n\t\t\t\t<div class=\"col-inner\"  >\n\t\t\t\n\t\t\t\n\n\t<div id=\"text-1254870116\" class=\"text\">\n\t\t\n\n<h2>Laisvai krintan\u010di\u0173 str\u0117li\u0173 metodo supratimas<\/h2>\n\t\t\n<style>\n#text-1254870116 {\n  font-size: 1.3rem;\n  text-align: center;\n}\n<\/style>\n\t<\/div>\n\t\n\n\t\t<\/div>\n\t\t\t\t\t<\/div>\n\n\t\n\n<\/div>\n<div class=\"row align-middle\"  id=\"row-2010124977\">\n\n\n\t<div id=\"col-108964166\" class=\"col medium-7 small-12 large-7\"  >\n\t\t\t\t<div class=\"col-inner\"  >\n\t\t\t\n\t\t\t\n\n<div><strong>ISO 7765-1<\/strong> nurodo bandymo metod\u0105, skirt\u0105 nustatyti energij\u0105, kurios reikia, kad plastikin\u0117s pl\u0117vel\u0117s sugest\u0173 d\u0117l laisvai krintan\u010dios str\u0117l\u0117s sm\u016bgio. Bandymu nustatoma <strong>sm\u016bgio gedimo mas\u0117<\/strong>, apibr\u0117\u017eiama kaip str\u0117l\u0117s mas\u0117, d\u0117l kurios 50% bandini\u0173 standartin\u0117mis s\u0105lygomis sugenda.<\/div>\n<div>Yra dvi pagrindin\u0117s proced\u016bros:<\/div>\n<ul>\n<li><strong>A metodas<\/strong> naudoja <strong>38 mm<\/strong> skersmens str\u0117l\u0117, paleista i\u0161 <strong>0,66 metro<\/strong>.<\/li>\n<li><strong>B metodas<\/strong> dirba <strong>50 mm<\/strong> skersmens str\u0117l\u0117, paleista i\u0161 <strong>1,5 metro<\/strong>.<\/li>\n<\/ul>\n<p>Kiekvienas metodas taikomas skirting\u0173 tip\u0173 ir storio med\u017eiagoms, tod\u0117l gauti rezultatai n\u0117ra tarpusavyje pakei\u010diami.<\/p>\n\n\t\t<\/div>\n\t\t\t\t\t<\/div>\n\n\t\n\n\t<div id=\"col-478514794\" class=\"col medium-5 small-12 large-5\"  >\n\t\t\t\t<div class=\"col-inner\"  >\n\t\t\t\n\t\t\t\n\n\t<div class=\"img has-hover x md-x lg-x y md-y lg-y\" id=\"image_2090564550\">\n\t\t<a class=\"\" href=\"https:\/\/www.impacttesting.net\/lt\/falling-dart-impact-tester\/\" >\t\t\t\t\t\t<div class=\"img-inner dark\" >\n\t\t\t<img decoding=\"async\" width=\"600\" height=\"440\" src=\"https:\/\/www.impacttesting.net\/wp-content\/uploads\/2025\/12\/ISO-7765-1-Free-Falling-Dart-Method.webp\" class=\"attachment-large size-large\" alt=\"ISO 7765-1 Laisvai krintan\u010di\u0173 str\u0117li\u0173 metodas\" srcset=\"https:\/\/www.impacttesting.net\/wp-content\/uploads\/2025\/12\/ISO-7765-1-Free-Falling-Dart-Method.webp 600w, https:\/\/www.impacttesting.net\/wp-content\/uploads\/2025\/12\/ISO-7765-1-Free-Falling-Dart-Method-545x400.webp 545w\" sizes=\"(max-width: 600px) 100vw, 600px\" \/>\t\t\t\t\t\t\n\t\t\t\t\t<\/div>\n\t\t\t\t\t\t<\/a>\t\t\n<style>\n#image_2090564550 {\n  width: 100%;\n}\n<\/style>\n\t<\/div>\n\t\n\n\n\t\t<\/div>\n\t\t\t\t\t<\/div>\n\n\t\n\n<\/div>\n\n\t\t<\/div>\n\t\t\t\t\t<\/div>\n\n\t\n\n<\/div>\n\n\t\t<\/div>\n\t\t\t\t\t<\/div>\n\n\t\n\n<\/div>\n<div class=\"row\"  id=\"row-295342462\">\n\n\n\t<div id=\"col-1694510159\" class=\"col small-12 large-12\"  >\n\t\t\t\t<div class=\"col-inner\"  >\n\t\t\t\n\t\t\t\n\n<div class=\"row\"  id=\"row-1335974903\">\n\n\n\t<div id=\"col-518761968\" class=\"col small-12 large-12\"  >\n\t\t\t\t<div class=\"col-inner\"  >\n\t\t\t\n\t\t\t\n\n\t<div id=\"text-460146364\" class=\"text\">\n\t\t\n\n<h2>Laisvai krintan\u010di\u0173 str\u0117li\u0173 metodas: Metodas: svarba ir proced\u016bra<\/h2>\n\t\t\n<style>\n#text-460146364 {\n  font-size: 1.3rem;\n  text-align: center;\n}\n<\/style>\n\t<\/div>\n\t\n\n\t\t<\/div>\n\t\t\t\t\t<\/div>\n\n\t\n\n<\/div>\n<div class=\"row\"  id=\"row-1615367490\">\n\n\n\t<div id=\"col-5398151\" class=\"col medium-6 small-12 large-6\"  >\n\t\t\t\t<div class=\"col-inner\"  >\n\t\t\t\n\t\t\t\n\n<h3>Pasirengimas testams<\/h3>\n<p>Prie\u0161 atlikdami bandym\u0105:<\/p>\n<ul>\n<li><strong>B\u016bkl\u0117s pavyzd\u017eiai<\/strong> 23 \u00b0C \u00b1 2 \u00b0C temperat\u016broje ir 50% \u00b1 5% santykin\u0117je oro dr\u0117gm\u0117je ne trumpiau kaip 40 valand\u0173.<\/li>\n<li>Pasirinkite pavyzd\u017eius su <strong>vienodo storio<\/strong> (\u00b110% nominaliosios vert\u0117s).<\/li>\n<li>Naudokite <strong>30 ar daugiau m\u0117gini\u0173<\/strong> siekiant u\u017etikrinti statistin\u012f tinkamum\u0105.<\/li>\n<\/ul>\n\n\t\t<\/div>\n\t\t\t\t\t<\/div>\n\n\t\n\n\t<div id=\"col-1984074738\" class=\"col medium-6 small-12 large-6\"  >\n\t\t\t\t<div class=\"col-inner\"  >\n\t\t\t\n\t\t\t\n\n<h3>Reikalavimai \u012frangai<\/h3>\n<div>Standartin\u0119 bandymo s\u0105rank\u0105 sudaro:<\/div>\n<ul>\n<li>A <strong>str\u0117l\u0117 su pusrutulio formos galvute<\/strong> ir nuimamais inkrementiniais svoriais.<\/li>\n<li>. <strong>elektromagnetas arba mechaninis<\/strong> i\u0161leidimo mechanizmas kontroliuojamam la\u0161\u0117jimui.<\/li>\n<li>A <strong>Dviej\u0173 dali\u0173 prispaudimo sistema<\/strong> tvirtai laikyti pavyzd\u012f.<\/li>\n<li>A <strong>mikrometras<\/strong> tiksliam storio matavimui.<\/li>\n<li><strong>Apsauginis ekranas<\/strong> apsaugoti naudotojus ir aparat\u0105.<\/li>\n<\/ul>\n\n\t\t<\/div>\n\t\t\t\t\t<\/div>\n\n\t\n\n<\/div>\n<div class=\"row align-middle\"  id=\"row-873373926\">\n\n\n\t<div id=\"col-1490688611\" class=\"col small-12 large-12\"  >\n\t\t\t\t<div class=\"col-inner\"  >\n\t\t\t\n\t\t\t\n\n\t<div id=\"text-512759682\" class=\"text\">\n\t\t\n\n<h3>\u0160autuvo atsparumo sm\u016bgiui bandymo atlikimas<\/h3>\n\t\t\n<style>\n#text-512759682 {\n  text-align: center;\n}\n<\/style>\n\t<\/div>\n\t\n\n\t\t<\/div>\n\t\t\t\t\t<\/div>\n\n\t\n\n\t<div id=\"col-709301486\" class=\"col medium-6 small-12 large-6\"  >\n\t\t\t\t<div class=\"col-inner\"  >\n\t\t\t\n\t\t\t\n\n<h4>1. Pasirinkite bandymo metod\u0105 (A arba B):<\/h4>\n<ul>\n<li><strong>A metodas<\/strong>: 38 mm str\u0117l\u0117, 0,66 m kritimo auk\u0161tis.<\/li>\n<li><strong>B metodas<\/strong>: 50 mm str\u0117l\u0117, 1,5 m kritimo auk\u0161tis.<\/li>\n<\/ul>\n<h4>2. Paruo\u0161kite ir u\u017espauskite bandin\u012f:<\/h4>\n<p>\u012esitikinkite, kad pl\u0117vel\u0117 guli lygiai, be rauk\u0161li\u0173. Jei reikia, naudokite priemones nuo slydimo, pavyzd\u017eiui, kroko audin\u012f arba \u0161lifavimo popieri\u0173.<\/p>\n<h4>3. Nustatykite str\u0117li\u0173 ir inkrementinius svorius:<\/h4>\n<p>Prad\u0117kite nuo \u017einomos mas\u0117s ir, remdamiesi gedim\u0173 rezultatais, j\u0105 didinkite arba ma\u017einkite, kol bus nustatytas 50% gedim\u0173 da\u017enis.<\/p>\n\n\t\t<\/div>\n\t\t\t\t\t<\/div>\n\n\t\n\n\t<div id=\"col-1284588570\" class=\"col medium-6 small-12 large-6\"  >\n\t\t\t\t<div class=\"col-inner\"  >\n\t\t\t\n\t\t\t\n\n<div class=\"video video-fit mb\" style=\"padding-top:56.25%;\"><iframe title=\"A ir B metodai ASTM D1709 ISO 7765-1 ASTM D1709 ISO 7765-1\" width=\"1020\" height=\"574\" src=\"https:\/\/www.youtube.com\/embed\/a3_9M0x3w7U?feature=oembed\" frameborder=\"0\" allow=\"accelerometer; autoplay; clipboard-write; encrypted-media; gyroscope; picture-in-picture; web-share\" referrerpolicy=\"strict-origin-when-cross-origin\" allowfullscreen><\/iframe><\/div>\n\n\n\t\t<\/div>\n\t\t\t\t\t<\/div>\n\n\t\n\n\t<div id=\"col-1142370604\" class=\"col small-12 large-12\"  >\n\t\t\t\t<div class=\"col-inner\"  >\n\t\t\t\n\t\t\t\n\n<h4>4. Atleiskite str\u0117l\u0119:<\/h4>\n<p>Elektromagnetu arba oro paleidimo \u012ftaisu paleiskite str\u0117l\u0119 vertikaliai \u012f bandinio centr\u0105.<\/p>\n<h4>5. U\u017efiksuokite rezultat\u0105:<\/h4>\n<p>Atkreipkite d\u0117mes\u012f, ar bandinys sugedo (pradurtas ar \u012ftr\u016bk\u0119s), ar i\u0161liko gyvas. T\u0119skite tol, kol gal\u0117site statisti\u0161kai apskai\u010diuoti sm\u016bgio pa\u017eeidimo mas\u0119.<\/p>\n<h4>6. Rezultat\u0173 analiz\u0117:<\/h4>\n<p>\u012evertinkite rezultatus, atsi\u017evelgdami \u012f bandinio stor\u012f, med\u017eiagos nuoseklum\u0105 ir gedim\u0173 da\u017en\u012f. ISO 7765-1 rezultatai gali b\u016bti naudingi med\u017eiagoms palyginti, ta\u010diau j\u0173 nereik\u0117t\u0173 normalizuoti pagal skirting\u0105 stor\u012f.<\/p>\n\n\t\t<\/div>\n\t\t\t\t\t<\/div>\n\n\t\n\n<\/div>\n\n\t\t<\/div>\n\t\t\t\t\t<\/div>\n\n\t\n\n<\/div>\n\n\t\t<\/div>\n\n\t\t\n<style>\n#section_1691094896 {\n  padding-top: 30px;\n  padding-bottom: 30px;\n}\n<\/style>\n\t<\/section>\n\t\n\t<section class=\"section\" id=\"section_2142488569\">\n\t\t<div class=\"bg section-bg fill bg-fill  bg-loaded\" >\n\n\t\t\t\n\t\t\t\n\t\t\t\n\n\t\t<\/div>\n\n\t\t\n\n\t\t<div class=\"section-content relative\">\n\t\t\t\n\n<div class=\"row\"  id=\"row-27055711\">\n\n\n\t<div id=\"col-1552071090\" class=\"col small-12 large-12\"  >\n\t\t\t\t<div class=\"col-inner\"  >\n\t\t\t\n\t\t\t\n\n<div class=\"row align-center\"  id=\"row-1319488546\">\n\n\n\t<div id=\"col-2066239007\" class=\"col small-12 large-12\"  >\n\t\t\t\t<div class=\"col-inner\"  >\n\t\t\t\n\t\t\t\n\n\t<div id=\"text-4102703873\" class=\"text\">\n\t\t\n\n<h2>Kod\u0117l verta rinktis Impacttesting.net<br \/>FDT-01 str\u0117li\u0173 kritimo testeris<\/h2>\n\t\t\n<style>\n#text-4102703873 {\n  font-size: 1.4rem;\n  text-align: center;\n}\n<\/style>\n\t<\/div>\n\t\n\n\t\t<\/div>\n\t\t\t\t\t<\/div>\n\n\t\n\n\t<div id=\"col-265146596\" class=\"col small-12 large-12\"  >\n\t\t\t\t<div class=\"col-inner\"  >\n\t\t\t\n\t\t\t\n\n<p>Siekiant u\u017etikrinti tikslum\u0105, pakartojamum\u0105 ir atitikt\u012f <strong>ISO 7765-1<\/strong>, rekomenduojame <strong>FDT-01 <a href=\"https:\/\/www.impacttesting.net\/lt\/falling-dart-impact-tester\/\">Sm\u016bginis sm\u016bginis testeris <\/a><\/strong>pagal <strong>Impacttesting.net<\/strong>.<\/p>\n\n\t\t<\/div>\n\t\t\t\t\t<\/div>\n\n\t\n\n\t<div id=\"col-223350672\" class=\"col medium-7 small-12 large-7\"  >\n\t\t\t\t<div class=\"col-inner text-center\"  >\n\t\t\t\n\t\t\t\n\n\t<div id=\"text-1315657970\" class=\"text\">\n\t\t\n\n<p class=\"\" data-start=\"4386\" data-end=\"4422\">Tikslus str\u0117l\u0117s kritimo auk\u0161\u010dio reguliavimas.<br \/>Lengvas bandini\u0173 tvirtinimas naudojant pneumatinius spaustuvus.<br \/>Realiuoju laiku renkami poveikio duomenys ir atliekama j\u0173 analiz\u0117.<br \/>Atitiktis A ir B metodams.<\/p>\n\t\t\n<style>\n#text-1315657970 {\n  font-size: 1.1rem;\n  line-height: 1.3;\n}\n<\/style>\n\t<\/div>\n\t\n\t<div id=\"text-2349872686\" class=\"text\">\n\t\t\n\n<p class=\"\" data-start=\"4676\" data-end=\"4874\">Pa\u017eangios saugos funkcijos ir skaitmeninis valdymas suma\u017eina \u017emogaus klaidas ir u\u017etikrina patikimus, atkuriamus rezultatus, tod\u0117l j\u012f gali naudoti pakuo\u010di\u0173 pl\u0117vel\u0117s gamintojai, perdirb\u0117jai ir kokyb\u0117s kontrol\u0117s laboratorijos.<\/p>\n\t\t\n<style>\n#text-2349872686 {\n  font-size: 1.1rem;\n}\n<\/style>\n\t<\/div>\n\t\n<a href=\"https:\/\/www.impacttesting.net\/lt\/contact-us\/\" class=\"button primary is-outline\"  style=\"border-radius:99px;\">\n    <span>Susisiekite su mumis<\/span>\n  <i class=\"icon-chat\" aria-hidden=\"true\" ><\/i><\/a>\n\n\n\n\t\t<\/div>\n\t\t\t\t\t<\/div>\n\n\t\n\n\t<div id=\"col-326489881\" class=\"col medium-4 small-12 large-4\"  >\n\t\t\t\t<div class=\"col-inner text-center\"  >\n\t\t\t\n\t\t\t\n\n\n<div class=\"wpcf7 no-js\" id=\"wpcf7-f10-o1\" lang=\"en-US\" dir=\"ltr\" data-wpcf7-id=\"10\">\n<div class=\"screen-reader-response\"><p role=\"status\" aria-live=\"polite\" aria-atomic=\"true\"><\/p> <ul><\/ul><\/div>\n<form action=\"\/lt\/wp-json\/wp\/v2\/pages\/85#wpcf7-f10-o1\" method=\"post\" class=\"wpcf7-form init\" aria-label=\"Contact form\" novalidate=\"novalidate\" data-status=\"init\" data-trp-original-action=\"\/lt\/wp-json\/wp\/v2\/pages\/85#wpcf7-f10-o1\">\n<fieldset class=\"hidden-fields-container\"><input type=\"hidden\" name=\"_wpcf7\" value=\"10\" \/><input type=\"hidden\" name=\"_wpcf7_version\" value=\"6.1.4\" \/><input type=\"hidden\" name=\"_wpcf7_locale\" value=\"en_US\" \/><input type=\"hidden\" name=\"_wpcf7_unit_tag\" value=\"wpcf7-f10-o1\" \/><input type=\"hidden\" name=\"_wpcf7_container_post\" value=\"0\" \/><input type=\"hidden\" name=\"_wpcf7_posted_data_hash\" value=\"\" \/><input type=\"hidden\" name=\"_wpcf7_recaptcha_response\" value=\"\" \/>\n<\/fieldset>\n<p><span class=\"wpcf7-form-control-wrap\" data-name=\"Name\"><input size=\"40\" maxlength=\"400\" class=\"wpcf7-form-control wpcf7-text\" aria-invalid=\"false\" placeholder=\"J\u016bs\u0173 vardas ir pavard\u0117\" value=\"\" type=\"text\" name=\"Name\" \/><\/span><br \/>\n<span class=\"wpcf7-form-control-wrap\" data-name=\"Comapany\"><input size=\"40\" maxlength=\"400\" class=\"wpcf7-form-control wpcf7-text\" aria-invalid=\"false\" placeholder=\"J\u016bs\u0173 \u012fmon\u0117\" value=\"\" type=\"text\" name=\"Comapany\" \/><\/span><br \/>\n<span class=\"wpcf7-form-control-wrap\" data-name=\"Email\"><input size=\"40\" maxlength=\"400\" class=\"wpcf7-form-control wpcf7-email wpcf7-validates-as-required wpcf7-text wpcf7-validates-as-email\" aria-required=\"true\" aria-invalid=\"false\" placeholder=\"J\u016bs\u0173 el. pa\u0161tas*\" value=\"\" type=\"email\" name=\"Email\" \/><\/span><br \/>\n<span class=\"wpcf7-form-control-wrap\" data-name=\"Message\"><textarea cols=\"40\" rows=\"10\" maxlength=\"2000\" class=\"wpcf7-form-control wpcf7-textarea\" aria-invalid=\"false\" placeholder=\"\u017dinut\u0117\" name=\"Message\"><\/textarea><\/span>\n<\/p>\n<p><input class=\"wpcf7-form-control wpcf7-submit has-spinner\" type=\"submit\" value=\"Pateikti\" \/>\n<\/p><div class=\"wpcf7-response-output\" aria-hidden=\"true\"><\/div>\n<input type=\"hidden\" name=\"trp-form-language\" value=\"lt\"\/><\/form>\n<\/div>\n\n\n\n\t\t<\/div>\n\t\t\t\t\t<\/div>\n\n\t\n\n<\/div>\n\n\t\t<\/div>\n\t\t\t\t\t<\/div>\n\n\t\n\n<\/div>\n\n\t\t<\/div>\n\n\t\t\n<style>\n#section_2142488569 {\n  padding-top: 30px;\n  padding-bottom: 30px;\n  background-color: rgb(232, 234, 241);\n}\n<\/style>\n\t<\/section>","protected":false},"excerpt":{"rendered":"","protected":false},"author":1,"featured_media":0,"parent":0,"menu_order":0,"comment_status":"closed","ping_status":"closed","template":"page-blank.php","meta":{"footnotes":""},"class_list":["post-85","page","type-page","status-publish","hentry"],"_links":{"self":[{"href":"https:\/\/www.impacttesting.net\/lt\/wp-json\/wp\/v2\/pages\/85","targetHints":{"allow":["GET"]}}],"collection":[{"href":"https:\/\/www.impacttesting.net\/lt\/wp-json\/wp\/v2\/pages"}],"about":[{"href":"https:\/\/www.impacttesting.net\/lt\/wp-json\/wp\/v2\/types\/page"}],"author":[{"embeddable":true,"href":"https:\/\/www.impacttesting.net\/lt\/wp-json\/wp\/v2\/users\/1"}],"replies":[{"embeddable":true,"href":"https:\/\/www.impacttesting.net\/lt\/wp-json\/wp\/v2\/comments?post=85"}],"version-history":[{"count":2,"href":"https:\/\/www.impacttesting.net\/lt\/wp-json\/wp\/v2\/pages\/85\/revisions"}],"predecessor-version":[{"id":87,"href":"https:\/\/www.impacttesting.net\/lt\/wp-json\/wp\/v2\/pages\/85\/revisions\/87"}],"wp:attachment":[{"href":"https:\/\/www.impacttesting.net\/lt\/wp-json\/wp\/v2\/media?parent=85"}],"curies":[{"name":"wp","href":"https:\/\/api.w.org\/{rel}","templated":true}]}}