{"id":74,"date":"2025-12-24T06:33:06","date_gmt":"2025-12-24T06:33:06","guid":{"rendered":"https:\/\/www.impacttesting.net\/?page_id=74"},"modified":"2025-12-24T06:33:06","modified_gmt":"2025-12-24T06:33:06","slug":"ball-drop-tester","status":"publish","type":"page","link":"https:\/\/www.impacttesting.net\/lt\/ball-drop-tester\/","title":{"rendered":"FBT-01 Kamuolio kritimo testeris"},"content":{"rendered":"<section class=\"section\" id=\"section_2009068363\">\n\t\t<div class=\"bg section-bg fill bg-fill  bg-loaded\" >\n\n\t\t\t\n\t\t\t\n\t\t\t\n\n\t\t<\/div>\n\n\t\t\n\n\t\t<div class=\"section-content relative\">\n\t\t\t\n\n<div class=\"row\"  id=\"row-94073750\">\n\n\n\t<div id=\"col-657491665\" class=\"col small-12 large-12\"  >\n\t\t\t\t<div class=\"col-inner\" style=\"background-color:rgb(92, 171, 188);\" >\n\t\t\t\n\t\t\t\n\n<div class=\"row\"  id=\"row-1826793145\">\n\n\n\t<div id=\"col-1892096476\" class=\"col small-12 large-12\"  >\n\t\t\t\t<div class=\"col-inner\"  >\n\t\t\t\n\t\t\t\n\n\t<div id=\"text-4070571158\" class=\"text\">\n\t\t\n\n<h1>FBT-01 Kamuolio kritimo testeris<\/h1>\n\t\t\n<style>\n#text-4070571158 {\n  font-size: 1.5rem;\n  text-align: center;\n}\n<\/style>\n\t<\/div>\n\t\n\n\t\t<\/div>\n\t\t\t\t\n<style>\n#col-1892096476 > .col-inner {\n  padding: 50px 10px 10px 10px;\n}\n<\/style>\n\t<\/div>\n\n\t\n\n<\/div>\n<div class=\"row align-middle align-center\"  id=\"row-2005838665\">\n\n\n\t<div id=\"col-651120623\" class=\"col medium-11 small-12 large-11\"  >\n\t\t\t\t<div class=\"col-inner\"  >\n\t\t\t\n\t\t\t\n\n<div class=\"row align-middle align-center\"  id=\"row-680427170\">\n\n\n\t<div id=\"col-643253139\" class=\"col medium-7 small-12 large-7\"  >\n\t\t\t\t<div class=\"col-inner\"  >\n\t\t\t\n\t\t\t\n\n<div class=\"row\"  id=\"row-624241189\">\n\n\n\t<div id=\"col-2089796130\" class=\"col small-12 large-12\"  >\n\t\t\t\t<div class=\"col-inner text-center\"  >\n\t\t\t\n\t\t\t\n\n\t<div id=\"text-3683767372\" class=\"text\">\n\t\t\n\n<p>Svetain\u0117 <a href=\"https:\/\/www.impacttesting.net\/lt\/ball-drop-tester\/\"><strong>kamuolio kritimo testeris<\/strong><\/a> yra pagrindinis prietaisas, naudojamas med\u017eiag\u0173, pavyzd\u017eiui, plastikini\u0173 lak\u0161t\u0173, pl\u0117veli\u0173 ir apsaugini\u0173 akini\u0173, atsparumui sm\u016bgiams \u012fvertinti. \u0160is bandymas labai svarbus tokiose pramon\u0117s \u0161akose kaip pakuo\u010di\u0173, automobili\u0173 ir saugos \u012frangos gamyba, nes u\u017etikrina, kad med\u017eiagos atlaikyt\u0173 i\u0161orines j\u0117gas be didel\u0117s \u017ealos.<\/p>\n\t\t\n<style>\n#text-3683767372 {\n  color: rgb(0, 0, 0);\n}\n#text-3683767372 > * {\n  color: rgb(0, 0, 0);\n}\n<\/style>\n\t<\/div>\n\t\n\n\t\t<\/div>\n\t\t\t\t\t<\/div>\n\n\t\n\n\t<div id=\"col-1675730196\" class=\"col small-12 large-12\"  >\n\t\t\t\t<div class=\"col-inner text-center\"  >\n\t\t\t\n\t\t\t\n\n<a href=\"https:\/\/www.impacttesting.net\/lt\/contact-us\/\" class=\"button primary is-outline\"  style=\"border-radius:99px;\">\n    <span>Susisiekite su mumis<\/span>\n  <i class=\"icon-chat\" aria-hidden=\"true\" ><\/i><\/a>\n\n\n\n\t\t<\/div>\n\t\t\t\t\t<\/div>\n\n\t\n\n<\/div>\n\n\t\t<\/div>\n\t\t\t\t\t<\/div>\n\n\t\n\n\t<div id=\"col-1963487635\" class=\"col medium-3 small-12 large-3\"  >\n\t\t\t\t<div class=\"col-inner\"  >\n\t\t\t\n\t\t\t\n\n<div class=\"row\"  id=\"row-1441577018\">\n\n\n\t<div id=\"col-1486366992\" class=\"col small-12 large-12\"  >\n\t\t\t\t<div class=\"col-inner text-center\"  >\n\t\t\t\n\t\t\t\n\n\t<div class=\"img has-hover x md-x lg-x y md-y lg-y\" id=\"image_1216283444\">\n\t\t\t\t\t\t\t\t<div class=\"img-inner dark\" >\n\t\t\t<img decoding=\"async\" width=\"318\" height=\"800\" src=\"https:\/\/www.impacttesting.net\/wp-content\/uploads\/2025\/12\/Ball-Drop-Tester-Ball-Impact-Test-for-Safety-Glasses-318x800.webp\" class=\"attachment-large size-large\" alt=\"Kamuoliuko kritimo testeris - apsaugini\u0173 akini\u0173 sm\u016bgio kamuoliuku bandymas\" srcset=\"https:\/\/www.impacttesting.net\/wp-content\/uploads\/2025\/12\/Ball-Drop-Tester-Ball-Impact-Test-for-Safety-Glasses-318x800.webp 318w, https:\/\/www.impacttesting.net\/wp-content\/uploads\/2025\/12\/Ball-Drop-Tester-Ball-Impact-Test-for-Safety-Glasses-159x400.webp 159w, https:\/\/www.impacttesting.net\/wp-content\/uploads\/2025\/12\/Ball-Drop-Tester-Ball-Impact-Test-for-Safety-Glasses-768x1934.webp 768w, https:\/\/www.impacttesting.net\/wp-content\/uploads\/2025\/12\/Ball-Drop-Tester-Ball-Impact-Test-for-Safety-Glasses-610x1536.webp 610w, https:\/\/www.impacttesting.net\/wp-content\/uploads\/2025\/12\/Ball-Drop-Tester-Ball-Impact-Test-for-Safety-Glasses-813x2048.webp 813w, https:\/\/www.impacttesting.net\/wp-content\/uploads\/2025\/12\/Ball-Drop-Tester-Ball-Impact-Test-for-Safety-Glasses-scaled.webp 1017w\" sizes=\"(max-width: 318px) 100vw, 318px\" \/>\t\t\t\t\t\t\n\t\t\t\t\t<\/div>\n\t\t\t\t\t\t\t\t\n<style>\n#image_1216283444 {\n  width: 80%;\n}\n<\/style>\n\t<\/div>\n\t\n\n\n\t\t<\/div>\n\t\t\t\t\t<\/div>\n\n\t\n\n<\/div>\n\n\t\t<\/div>\n\t\t\t\t\t<\/div>\n\n\t\n\n<\/div>\n\n\t\t<\/div>\n\t\t\t\t\t<\/div>\n\n\t\n\n<\/div>\n\n\t\t<\/div>\n\t\t\t\t\t<\/div>\n\n\t\n\n\n<style>\n#row-94073750 > .col > .col-inner {\n  border-radius: 25px;\n}\n<\/style>\n<\/div>\n\n\t\t<\/div>\n\n\t\t\n<style>\n#section_2009068363 {\n  padding-top: 30px;\n  padding-bottom: 30px;\n}\n<\/style>\n\t<\/section>\n\t\n\t<section class=\"section\" id=\"section_865369423\">\n\t\t<div class=\"bg section-bg fill bg-fill  bg-loaded\" >\n\n\t\t\t\n\t\t\t\n\t\t\t\n\n\t\t<\/div>\n\n\t\t\n\n\t\t<div class=\"section-content relative\">\n\t\t\t\n\n<div class=\"row\"  id=\"row-1722126768\">\n\n\n\t<div id=\"col-1089645133\" class=\"col small-12 large-12\"  >\n\t\t\t\t<div class=\"col-inner\"  >\n\t\t\t\n\t\t\t\n\n<div class=\"row\"  id=\"row-1038271174\">\n\n\n\t<div id=\"col-1713180027\" class=\"col small-12 large-12\"  >\n\t\t\t\t<div class=\"col-inner\"  >\n\t\t\t\n\t\t\t\n\n<div class=\"row align-middle align-center\"  id=\"row-1266983545\">\n\n\n\t<div id=\"col-741895484\" class=\"col medium-5 small-12 large-5\"  >\n\t\t\t\t<div class=\"col-inner text-center\"  >\n\t\t\t\n\t\t\t\n\n\t<div class=\"img has-hover x md-x lg-x y md-y lg-y\" id=\"image_906232558\">\n\t\t\t\t\t\t\t\t<div class=\"img-inner dark\" >\n\t\t\t<img decoding=\"async\" width=\"600\" height=\"720\" src=\"https:\/\/www.impacttesting.net\/wp-content\/uploads\/2025\/12\/Ball-Drop-Tester.webp\" class=\"attachment-large size-large\" alt=\"Kamuolio kritimo testeris\" srcset=\"https:\/\/www.impacttesting.net\/wp-content\/uploads\/2025\/12\/Ball-Drop-Tester.webp 600w, https:\/\/www.impacttesting.net\/wp-content\/uploads\/2025\/12\/Ball-Drop-Tester-333x400.webp 333w\" sizes=\"(max-width: 600px) 100vw, 600px\" \/>\t\t\t\t\t\t\n\t\t\t\t\t<\/div>\n\t\t\t\t\t\t\t\t\n<style>\n#image_906232558 {\n  width: 100%;\n}\n<\/style>\n\t<\/div>\n\t\n\n\n\t\t<\/div>\n\t\t\t\t\t<\/div>\n\n\t\n\n\t<div id=\"col-1046058486\" class=\"col medium-7 small-12 large-7\"  >\n\t\t\t\t<div class=\"col-inner text-left\"  >\n\t\t\t\n\t\t\t\n\n\t<div id=\"text-3847069850\" class=\"text\">\n\t\t\n\n<h2>Supratimas apie kamuoliuk\u0173 tester\u012f<\/h2>\n\t\t\n<style>\n#text-3847069850 {\n  font-size: 1.3rem;\n  text-align: left;\n}\n<\/style>\n\t<\/div>\n\t\n<p>Prietaisas veikia taip, kad i\u0161 nustatyto auk\u0161\u010dio ant bandinio numetamas nustatytos mas\u0117s ir skersmens plieninis rutuliukas. Siekiant \u012fvertinti atsparum\u0105 sm\u016bgiams, analizuojamas pa\u017eeidimo ar deformacijos laipsnis. \u0160is bandymas ypa\u010d svarbus siekiant laikytis saugos standart\u0173, pvz. <strong><a href=\"https:\/\/www.impacttesting.net\/lt\/ansi-z87-1\/\">ANSI Z87.1<\/a> sm\u016bgio bandymas<\/strong>.<\/p>\n<a href=\"https:\/\/www.impacttesting.net\/lt\/contact-us\/\" class=\"button primary is-outline\"  style=\"border-radius:99px;\">\n    <span>Susisiekite su mumis<\/span>\n  <\/a>\n\n\n\n\t\t<\/div>\n\t\t\t\t\t<\/div>\n\n\t\n\n<\/div>\n\n\t\t<\/div>\n\t\t\t\t\t<\/div>\n\n\t\n\n<\/div>\n\n\t\t<\/div>\n\t\t\t\t\t<\/div>\n\n\t\n\n<\/div>\n<div class=\"row\"  id=\"row-1222549622\">\n\n\n\t<div id=\"col-1687325381\" class=\"col small-12 large-12\"  >\n\t\t\t\t<div class=\"col-inner\"  >\n\t\t\t\n\t\t\t\n\n<div class=\"row\"  id=\"row-1688488051\">\n\n\n\t<div id=\"col-1205564758\" class=\"col small-12 large-12\"  >\n\t\t\t\t<div class=\"col-inner\"  >\n\t\t\t\n\t\t\t\n\n\t<div id=\"text-540702983\" class=\"text\">\n\t\t\n\n<h2>ANSI Z87.1 sm\u016bgio testas: Pagrindiniai reikalavimai<\/h2>\n\t\t\n<style>\n#text-540702983 {\n  font-size: 1.3rem;\n  text-align: center;\n}\n<\/style>\n\t<\/div>\n\t\n\n\t\t<\/div>\n\t\t\t\t\t<\/div>\n\n\t\n\n<\/div>\n<div class=\"row align-middle align-center\"  id=\"row-203838772\">\n\n\n\t<div id=\"col-708839719\" class=\"col medium-7 small-12 large-7\"  >\n\t\t\t\t<div class=\"col-inner\"  >\n\t\t\t\n\t\t\t\n\n<p>Svetain\u0117 <strong>ANSI Z87.1 sm\u016bgio testas<\/strong> yra standartizuotas metodas, skirtas \u012fvertinti apsaugini\u0173 akini\u0173 atsparum\u0105 sm\u016bgiams. \u0160io bandymo tikslas - u\u017etikrinti, kad apsauginiai akiniai, akiniai ir veido skydeliai atitikt\u0173 minimalius saugos reikalavimus, kad apsaugot\u0173 naudotojus nuo didelio grei\u010dio sviedini\u0173.<\/p>\n<h3>Bandymo \u012franga ir s\u0105ranka<\/h3>\n<ul>\n<li>Bandiniui pritvirtinti, kad jis b\u016bt\u0173 nukreiptas veidu \u012f vir\u0161\u0173, naudojamas standus galvos modelis.<\/li>\n<li>A <strong>25,4 mm (1,0 col.) skersmens plieninis rutuliukas<\/strong>, sveria <strong>68 g (2,4 oz)<\/strong>, naudojamas kaip sviedinys.<\/li>\n<li>Plieninis rutuliukas paleid\u017eiamas i\u0161 <strong>127 cm (50 coli\u0173) auk\u0161\u010dio<\/strong> per vedam\u0105j\u012f vamzdel\u012f.<\/li>\n<li>Galvos modelio pagrindo mas\u0117 yra ne ma\u017eesn\u0117 kaip <strong>30 kg (66 svar\u0173)<\/strong> siekiant u\u017etikrinti stabilum\u0105 bandym\u0173 metu.<\/li>\n<\/ul>\n<h3>Bandymo proced\u016bra<\/h3>\n<ol>\n<li>Bandinys patikimai pritvirtinamas prie galvos modelio, imituojant realias naudojimo s\u0105lygas.<\/li>\n<li>U\u017e bandinio dedamas atraminis blokas, kad jis b\u016bt\u0173 tinkamai i\u0161lygintas.<\/li>\n<li>Plieninis rutuliukas numetamas ant l\u0119\u0161io ar med\u017eiagos pavir\u0161iaus ties akimi.<\/li>\n<li>Siekiant tikslumo, bandymas kartojamas keturis kartus skirtingose l\u0119\u0161io vietose.<\/li>\n<li>Analizuojant sm\u016bginius pa\u017eeidimus nustatoma, ar med\u017eiaga atitinka saugos kriterijus.<\/li>\n<\/ol>\n\n\t\t<\/div>\n\t\t\t\t\t<\/div>\n\n\t\n\n\t<div id=\"col-141519108\" class=\"col medium-4 small-12 large-4\"  >\n\t\t\t\t<div class=\"col-inner\"  >\n\t\t\t\n\t\t\t\n\n<div class=\"video video-fit mb\" style=\"padding-top:200%;\"><iframe title=\"Plastikini\u0173 pl\u0117veli\u0173 ir lak\u0161t\u0173 sm\u016bginio sm\u016bgio \u012f krintant\u012f rutuliuk\u0105 testeris\" width=\"563\" height=\"1000\" src=\"https:\/\/www.youtube.com\/embed\/AvdivZPwIxc?feature=oembed\" frameborder=\"0\" allow=\"accelerometer; autoplay; clipboard-write; encrypted-media; gyroscope; picture-in-picture; web-share\" referrerpolicy=\"strict-origin-when-cross-origin\" allowfullscreen><\/iframe><\/div>\n\n\n\t\t<\/div>\n\t\t\t\t\t<\/div>\n\n\t\n\n<\/div>\n\n\t\t<\/div>\n\t\t\t\t\t<\/div>\n\n\t\n\n<\/div>\n<div class=\"row\"  id=\"row-637721415\">\n\n\n\t<div id=\"col-1658168567\" class=\"col small-12 large-12\"  >\n\t\t\t\t<div class=\"col-inner\"  >\n\t\t\t\n\t\t\t\n\n<div class=\"row\"  id=\"row-1427464327\">\n\n\n\t<div id=\"col-726078292\" class=\"col small-12 large-12\"  >\n\t\t\t\t<div class=\"col-inner\"  >\n\t\t\t\n\t\t\t\n\n\t<div id=\"text-1822344816\" class=\"text\">\n\t\t\n\n<h2>FBT-01 krintan\u010di\u0173 str\u0117li\u0173 sm\u016bgio testeris<\/h2>\n\t\t\n<style>\n#text-1822344816 {\n  font-size: 1.3rem;\n  text-align: center;\n}\n<\/style>\n\t<\/div>\n\t\n\n\t\t<\/div>\n\t\t\t\t\t<\/div>\n\n\t\n\n<\/div>\n<div class=\"row align-middle align-center\"  id=\"row-1223880124\">\n\n\n\t<div id=\"col-2069298548\" class=\"col medium-6 small-12 large-6\"  >\n\t\t\t\t<div class=\"col-inner\"  >\n\t\t\t\n\t\t\t\n\n<h3>Pagrindin\u0117s savyb\u0117s:<\/h3>\n<ul>\n<li><strong>Reguliuojamas sm\u016bgio auk\u0161tis<\/strong> pritaikytiems testavimo scenarijams<\/li>\n<li><strong>Kelios kamuolio dyd\u017eio parinktys<\/strong> \u012fvairiems bandymams<\/li>\n<li><strong>Elektromagnetin\u0117 rutulin\u0117 pakaba<\/strong> tiksliam i\u0161leidimo laikui<\/li>\n<li><strong>Pneumatinis m\u0117ginio prispaudimas<\/strong> saugiam m\u0117ginio pozicionavimui<\/li>\n<li><strong>Keli\u0173 vienet\u0173 bandym\u0173 rezultat\u0173 rodymas<\/strong> kad b\u016bt\u0173 lengviau interpretuoti duomenis.<\/li>\n<li><strong>Integruotas mikrospausdintuvas<\/strong> rezultat\u0173 dokumentavimui vietoje<\/li>\n<li><strong>Papildoma profesionali programin\u0117 \u012franga<\/strong> i\u0161pl\u0117stinei duomen\u0173 analizei<\/li>\n<\/ul>\n\n\t\t<\/div>\n\t\t\t\t\t<\/div>\n\n\t\n\n\t<div id=\"col-1934760481\" class=\"col medium-6 small-12 large-6\"  >\n\t\t\t\t<div class=\"col-inner\"  >\n\t\t\t\n\t\t\t\n\n<h3>Technin\u0117s specifikacijos:<\/h3>\n<ul>\n<li><strong>Poveikio auk\u0161tis<\/strong>: Reguliuojama nuo 300 mm iki 600 mm (galima i\u0161pl\u0117sti pagal poreik\u012f)<\/li>\n<li><strong>Kamuoliuk\u0173 skersmenys<\/strong>: 23 mm, 25 mm, 28,6 mm, 38,1 mm, 50,8 mm<\/li>\n<li><strong>Tikslumas<\/strong>: 0,1 g (0,1 J)<\/li>\n<li><strong>Pavyzd\u017eio dydis<\/strong>: Ma\u017eiausiai 150 mm x 150 mm<\/li>\n<li><strong>Duj\u0173 tiekimas<\/strong>: 0,6 MPa PU vamzdis (\u03a68 mm)<\/li>\n<li><strong>Maitinimo \u0161altinis<\/strong>: 110~220 V kintama srov\u0117, 50 Hz<\/li>\n<\/ul>\n\n\t\t<\/div>\n\t\t\t\t\t<\/div>\n\n\t\n\n<\/div>\n\n\t\t<\/div>\n\t\t\t\t\t<\/div>\n\n\t\n\n<\/div>\n<div class=\"row\"  id=\"row-828985839\">\n\n\n\t<div id=\"col-312786493\" class=\"col small-12 large-12\"  >\n\t\t\t\t<div class=\"col-inner\"  >\n\t\t\t\n\t\t\t\n\n<div class=\"row\"  id=\"row-338628540\">\n\n\n\t<div id=\"col-297804234\" class=\"col small-12 large-12\"  >\n\t\t\t\t<div class=\"col-inner\"  >\n\t\t\t\n\t\t\t\n\n\t<div id=\"text-2312454140\" class=\"text\">\n\t\t\n\n<h2>Kamuolio sm\u016bgio testas: Rezultatus lemiantys veiksniai<\/h2>\n\t\t\n<style>\n#text-2312454140 {\n  font-size: 1.3rem;\n  text-align: center;\n}\n<\/style>\n\t<\/div>\n\t\n\n\t\t<\/div>\n\t\t\t\t\t<\/div>\n\n\t\n\n\t<div id=\"col-56362827\" class=\"col small-12 large-12\"  >\n\t\t\t\t<div class=\"col-inner\"  >\n\t\t\t\n\t\t\t\n\n<p>Kamuolio sm\u016bgio bandymu nustatoma, kaip med\u017eiagos atlaiko stipr\u0173 kontakt\u0105 su krintan\u010diu objektu. Bandymo rezultatams \u012ftakos turi keli veiksniai:<\/p>\n<h4>1. Kritimo auk\u0161tis<\/h4>\n<p>Didesnis kritimo auk\u0161tis sukuria didesn\u0119 sm\u016bgio energij\u0105, tod\u0117l imituojami ekstremalesni realaus pasaulio scenarijai.<\/p>\n<h4>2. Rutuliuko dydis ir mas\u0117<\/h4>\n<p>Didesni ir sunkesni rutuliukai sm\u016bgio metu veikia didesne j\u0117ga, tod\u0117l med\u017eiaga deformuojasi arba l\u016b\u017eta.<\/p>\n<h4>3. Med\u017eiagos savyb\u0117s<\/h4>\n<p>Med\u017eiagos kietumas, storis ir elastingumas - visa tai lemia, kaip med\u017eiaga sugeria ir i\u0161sklaido sm\u016bgio energij\u0105.<\/p>\n\n\t\t<\/div>\n\t\t\t\t\t<\/div>\n\n\t\n\n<\/div>\n\n\t\t<\/div>\n\t\t\t\t\t<\/div>\n\n\t\n\n<\/div>\n\n\t\t<\/div>\n\n\t\t\n<style>\n#section_865369423 {\n  padding-top: 30px;\n  padding-bottom: 30px;\n}\n<\/style>\n\t<\/section>\n\t\n\t<section class=\"section\" id=\"section_1188867804\">\n\t\t<div class=\"bg section-bg fill bg-fill  bg-loaded\" >\n\n\t\t\t\n\t\t\t\n\t\t\t\n\n\t\t<\/div>\n\n\t\t\n\n\t\t<div class=\"section-content relative\">\n\t\t\t\n\n<div class=\"row\"  id=\"row-492656403\">\n\n\n\t<div id=\"col-1885654867\" class=\"col small-12 large-12\"  >\n\t\t\t\t<div class=\"col-inner\"  >\n\t\t\t\n\t\t\t\n\n<div class=\"row align-equal align-center\"  id=\"row-1292408241\">\n\n\n\t<div id=\"col-1377628292\" class=\"col small-12 large-12\"  >\n\t\t\t\t<div class=\"col-inner\"  >\n\t\t\t\n\t\t\t\n\n\t<div id=\"text-2384178495\" class=\"text\">\n\t\t\n\n<h2>Kod\u0117l verta rinktis Impacttesting.net<br \/>FBT-01 Kamuolio kritimo testeris<\/h2>\n\t\t\n<style>\n#text-2384178495 {\n  font-size: 1.4rem;\n  text-align: center;\n}\n<\/style>\n\t<\/div>\n\t\n\n\t\t<\/div>\n\t\t\t\t\t<\/div>\n\n\t\n\n\t<div id=\"col-1909428255\" class=\"col medium-6 small-12 large-6\"  >\n\t\t\t\t<div class=\"col-inner text-center\"  >\n\t\t\t\n\t\t\t\n\n\t<div id=\"text-2152282167\" class=\"text\">\n\t\t\n\n<p>Svetain\u0117 <strong>kamuolio kritimo testeris<\/strong> yra labai svarbi priemon\u0117 gamintojams ir kokyb\u0117s kontrol\u0117s specialistams. Ji padeda u\u017etikrinti, kad med\u017eiagos atitikt\u0173 atsparumo sm\u016bgiams reikalavimus, u\u017etikrina gamini\u0173 ilgaam\u017ei\u0161kum\u0105 ir naudotoj\u0173 saugum\u0105. Nesvarbu, ar apsauginius akinius bandote pagal <a href=\"https:\/\/www.impacttesting.net\/lt\/ansi-z87-1\/\"><strong>ANSI Z87.1 standartai<\/strong><\/a> arba atlikti bendrus <strong>kamuoliuk\u0173 sm\u016bgi\u0173 bandymai<\/strong>, \u0161is metodas yra labai svarbus vertinant med\u017eiag\u0173 eksploatacines savybes.<\/p>\n\t\t\n<style>\n#text-2152282167 {\n  font-size: 1.1rem;\n  line-height: 2;\n}\n<\/style>\n\t<\/div>\n\t\n<a href=\"https:\/\/www.impacttesting.net\/lt\/contact-us\/\" class=\"button primary is-outline\"  style=\"border-radius:99px;\">\n    <span>Susisiekite su mumis<\/span>\n  <i class=\"icon-chat\" aria-hidden=\"true\" ><\/i><\/a>\n\n\n\n\t\t<\/div>\n\t\t\t\t\t<\/div>\n\n\t\n\n\t<div id=\"col-319885623\" class=\"col medium-4 small-12 large-4\"  >\n\t\t\t\t<div class=\"col-inner text-center\"  >\n\t\t\t\n\t\t\t\n\n\n<div class=\"wpcf7 no-js\" id=\"wpcf7-f10-o1\" lang=\"en-US\" dir=\"ltr\" data-wpcf7-id=\"10\">\n<div class=\"screen-reader-response\"><p role=\"status\" aria-live=\"polite\" aria-atomic=\"true\"><\/p> <ul><\/ul><\/div>\n<form action=\"\/lt\/wp-json\/wp\/v2\/pages\/74#wpcf7-f10-o1\" method=\"post\" class=\"wpcf7-form init\" aria-label=\"Contact form\" novalidate=\"novalidate\" data-status=\"init\" data-trp-original-action=\"\/lt\/wp-json\/wp\/v2\/pages\/74#wpcf7-f10-o1\">\n<fieldset class=\"hidden-fields-container\"><input type=\"hidden\" name=\"_wpcf7\" value=\"10\" \/><input type=\"hidden\" name=\"_wpcf7_version\" value=\"6.1.4\" \/><input type=\"hidden\" name=\"_wpcf7_locale\" value=\"en_US\" \/><input type=\"hidden\" name=\"_wpcf7_unit_tag\" value=\"wpcf7-f10-o1\" \/><input type=\"hidden\" name=\"_wpcf7_container_post\" value=\"0\" \/><input type=\"hidden\" name=\"_wpcf7_posted_data_hash\" value=\"\" \/><input type=\"hidden\" name=\"_wpcf7_recaptcha_response\" value=\"\" \/>\n<\/fieldset>\n<p><span class=\"wpcf7-form-control-wrap\" data-name=\"Name\"><input size=\"40\" maxlength=\"400\" class=\"wpcf7-form-control wpcf7-text\" aria-invalid=\"false\" placeholder=\"J\u016bs\u0173 vardas ir pavard\u0117\" value=\"\" type=\"text\" name=\"Name\" \/><\/span><br \/>\n<span class=\"wpcf7-form-control-wrap\" data-name=\"Comapany\"><input size=\"40\" maxlength=\"400\" class=\"wpcf7-form-control wpcf7-text\" aria-invalid=\"false\" placeholder=\"J\u016bs\u0173 \u012fmon\u0117\" value=\"\" type=\"text\" name=\"Comapany\" \/><\/span><br \/>\n<span class=\"wpcf7-form-control-wrap\" data-name=\"Email\"><input size=\"40\" maxlength=\"400\" class=\"wpcf7-form-control wpcf7-email wpcf7-validates-as-required wpcf7-text wpcf7-validates-as-email\" aria-required=\"true\" aria-invalid=\"false\" placeholder=\"J\u016bs\u0173 el. pa\u0161tas*\" value=\"\" type=\"email\" name=\"Email\" \/><\/span><br \/>\n<span class=\"wpcf7-form-control-wrap\" data-name=\"Message\"><textarea cols=\"40\" rows=\"10\" maxlength=\"2000\" class=\"wpcf7-form-control wpcf7-textarea\" aria-invalid=\"false\" placeholder=\"\u017dinut\u0117\" name=\"Message\"><\/textarea><\/span>\n<\/p>\n<p><input class=\"wpcf7-form-control wpcf7-submit has-spinner\" type=\"submit\" value=\"Pateikti\" \/>\n<\/p><div class=\"wpcf7-response-output\" aria-hidden=\"true\"><\/div>\n<input type=\"hidden\" name=\"trp-form-language\" value=\"lt\"\/><\/form>\n<\/div>\n\n\n\n\t\t<\/div>\n\t\t\t\t\t<\/div>\n\n\t\n\n<\/div>\n\n\t\t<\/div>\n\t\t\t\t\t<\/div>\n\n\t\n\n<\/div>\n\n\t\t<\/div>\n\n\t\t\n<style>\n#section_1188867804 {\n  padding-top: 30px;\n  padding-bottom: 30px;\n  background-color: rgb(232, 234, 241);\n}\n<\/style>\n\t<\/section>","protected":false},"excerpt":{"rendered":"","protected":false},"author":1,"featured_media":0,"parent":0,"menu_order":0,"comment_status":"closed","ping_status":"closed","template":"page-blank.php","meta":{"footnotes":""},"class_list":["post-74","page","type-page","status-publish","hentry"],"_links":{"self":[{"href":"https:\/\/www.impacttesting.net\/lt\/wp-json\/wp\/v2\/pages\/74","targetHints":{"allow":["GET"]}}],"collection":[{"href":"https:\/\/www.impacttesting.net\/lt\/wp-json\/wp\/v2\/pages"}],"about":[{"href":"https:\/\/www.impacttesting.net\/lt\/wp-json\/wp\/v2\/types\/page"}],"author":[{"embeddable":true,"href":"https:\/\/www.impacttesting.net\/lt\/wp-json\/wp\/v2\/users\/1"}],"replies":[{"embeddable":true,"href":"https:\/\/www.impacttesting.net\/lt\/wp-json\/wp\/v2\/comments?post=74"}],"version-history":[{"count":2,"href":"https:\/\/www.impacttesting.net\/lt\/wp-json\/wp\/v2\/pages\/74\/revisions"}],"predecessor-version":[{"id":78,"href":"https:\/\/www.impacttesting.net\/lt\/wp-json\/wp\/v2\/pages\/74\/revisions\/78"}],"wp:attachment":[{"href":"https:\/\/www.impacttesting.net\/lt\/wp-json\/wp\/v2\/media?parent=74"}],"curies":[{"name":"wp","href":"https:\/\/api.w.org\/{rel}","templated":true}]}}