{"id":59,"date":"2025-12-24T05:33:37","date_gmt":"2025-12-24T05:33:37","guid":{"rendered":"https:\/\/www.impacttesting.net\/?page_id=59"},"modified":"2025-12-24T06:11:16","modified_gmt":"2025-12-24T06:11:16","slug":"astm-d3420","status":"publish","type":"page","link":"https:\/\/www.impacttesting.net\/lt\/astm-d3420\/","title":{"rendered":"ASTM D3420"},"content":{"rendered":"<section class=\"section\" id=\"section_1357594043\">\n\t\t<div class=\"bg section-bg fill bg-fill  bg-loaded\" >\n\n\t\t\t\n\t\t\t\n\t\t\t\n\n\t\t<\/div>\n\n\t\t\n\n\t\t<div class=\"section-content relative\">\n\t\t\t\n\n<div class=\"row\"  id=\"row-1185640812\">\n\n\n\t<div id=\"col-567803019\" class=\"col small-12 large-12\"  >\n\t\t\t\t<div class=\"col-inner\" style=\"background-color:rgb(92, 171, 188);\" >\n\t\t\t\n\t\t\t\n\n<div class=\"row\"  id=\"row-2055582673\">\n\n\n\t<div id=\"col-463450713\" class=\"col small-12 large-12\"  >\n\t\t\t\t<div class=\"col-inner\"  >\n\t\t\t\n\t\t\t\n\n\t<div id=\"text-2158029396\" class=\"text\">\n\t\t\n\n<h1>ASTM D1709<\/h1>\n\t\t\n<style>\n#text-2158029396 {\n  font-size: 1.5rem;\n  text-align: center;\n}\n<\/style>\n\t<\/div>\n\t\n\t<div id=\"text-3489856420\" class=\"text\">\n\t\t\n\n<h2>Plastikin\u0117s pl\u0117vel\u0117s atsparumas \u0161vytuokl\u0117s sm\u016bgiui<\/h2>\n\t\t\n<style>\n#text-3489856420 {\n  text-align: center;\n}\n<\/style>\n\t<\/div>\n\t\n\n\t\t<\/div>\n\t\t\t\t\n<style>\n#col-463450713 > .col-inner {\n  padding: 50px 10px 10px 10px;\n}\n<\/style>\n\t<\/div>\n\n\t\n\n<\/div>\n<div class=\"row align-middle align-center\"  id=\"row-1248291383\">\n\n\n\t<div id=\"col-1176044128\" class=\"col medium-11 small-12 large-11\"  >\n\t\t\t\t<div class=\"col-inner\"  >\n\t\t\t\n\t\t\t\n\n<div class=\"row align-middle align-center\"  id=\"row-1223147911\">\n\n\n\t<div id=\"col-586910504\" class=\"col medium-7 small-12 large-7\"  >\n\t\t\t\t<div class=\"col-inner\"  >\n\t\t\t\n\t\t\t\n\n<div class=\"row\"  id=\"row-1852812622\">\n\n\n\t<div id=\"col-1924925916\" class=\"col small-12 large-12\"  >\n\t\t\t\t<div class=\"col-inner text-center\"  >\n\t\t\t\n\t\t\t\n\n\t<div id=\"text-2713088018\" class=\"text\">\n\t\t\n\n<p>Atsparumas sm\u016bgiams yra labai svarbus vertinant med\u017eiagos ilgaam\u017ei\u0161kum\u0105 ir veikim\u0105 staigaus streso s\u0105lygomis. <a href=\"https:\/\/www.impacttesting.net\/lt\/astm-d3420\/\"><strong>ASTM D3420<\/strong><\/a>, standartinis bandymo metodas <strong>Plastikin\u0117s pl\u0117vel\u0117s atsparumas \u0161vytuokl\u0117s sm\u016bgiui<\/strong>, yra esminis etalonas plastikini\u0173 pl\u0117veli\u0173 tvirtumui nustatyti. \u0160is metodas ypa\u010d vertingas pakuo\u010di\u0173 in\u017einieriams, med\u017eiag\u0173 mokslininkams ir kokyb\u0117s kontrol\u0117s specialistams, siekiantiems u\u017etikrinti, kad pl\u0117vel\u0117s atitikt\u0173 konkre\u010dios paskirties eksploatacini\u0173 savybi\u0173 reikalavimus.<\/p>\n\t\t\n<style>\n#text-2713088018 {\n  color: rgb(0, 0, 0);\n}\n#text-2713088018 > * {\n  color: rgb(0, 0, 0);\n}\n<\/style>\n\t<\/div>\n\t\n\n\t\t<\/div>\n\t\t\t\t\t<\/div>\n\n\t\n\n\t<div id=\"col-271747063\" class=\"col small-12 large-12\"  >\n\t\t\t\t<div class=\"col-inner text-center\"  >\n\t\t\t\n\t\t\t\n\n<a href=\"https:\/\/www.impacttesting.net\/lt\/contact-us\/\" class=\"button primary is-outline\"  style=\"border-radius:99px;\">\n    <span>Susisiekite su mumis<\/span>\n  <i class=\"icon-chat\" aria-hidden=\"true\" ><\/i><\/a>\n\n\n\n\t\t<\/div>\n\t\t\t\t\t<\/div>\n\n\t\n\n<\/div>\n\n\t\t<\/div>\n\t\t\t\t\t<\/div>\n\n\t\n\n\t<div id=\"col-309001847\" class=\"col medium-5 small-12 large-5\"  >\n\t\t\t\t<div class=\"col-inner\"  >\n\t\t\t\n\t\t\t\n\n<div class=\"row\"  id=\"row-1326455723\">\n\n\n\t<div id=\"col-95823548\" class=\"col small-12 large-12\"  >\n\t\t\t\t<div class=\"col-inner\"  >\n\t\t\t\n\t\t\t\n\n\t<div class=\"img has-hover x md-x lg-x y md-y lg-y\" id=\"image_854501014\">\n\t\t<a class=\"\" href=\"https:\/\/www.impacttesting.net\/lt\/falling-dart-impact-tester\/\" >\t\t\t\t\t\t<div class=\"img-inner dark\" >\n\t\t\t<img decoding=\"async\" width=\"600\" height=\"440\" src=\"https:\/\/www.impacttesting.net\/wp-content\/uploads\/2025\/12\/ASTM-D3420-Pendulum-Impact-Resistance-of-Plastic-Film.webp\" class=\"attachment-large size-large\" alt=\"ASTM D3420 Plastikin\u0117s pl\u0117vel\u0117s atsparumas \u0161vytuokl\u0117s sm\u016bgiams\" srcset=\"https:\/\/www.impacttesting.net\/wp-content\/uploads\/2025\/12\/ASTM-D3420-Pendulum-Impact-Resistance-of-Plastic-Film.webp 600w, https:\/\/www.impacttesting.net\/wp-content\/uploads\/2025\/12\/ASTM-D3420-Pendulum-Impact-Resistance-of-Plastic-Film-545x400.webp 545w\" sizes=\"(max-width: 600px) 100vw, 600px\" \/>\t\t\t\t\t\t\n\t\t\t\t\t<\/div>\n\t\t\t\t\t\t<\/a>\t\t\n<style>\n#image_854501014 {\n  width: 100%;\n}\n<\/style>\n\t<\/div>\n\t\n\n\n\t\t<\/div>\n\t\t\t\t\t<\/div>\n\n\t\n\n<\/div>\n\n\t\t<\/div>\n\t\t\t\t\t<\/div>\n\n\t\n\n<\/div>\n\n\t\t<\/div>\n\t\t\t\t\t<\/div>\n\n\t\n\n<\/div>\n\n\t\t<\/div>\n\t\t\t\t\t<\/div>\n\n\t\n\n\n<style>\n#row-1185640812 > .col > .col-inner {\n  border-radius: 25px;\n}\n<\/style>\n<\/div>\n\n\t\t<\/div>\n\n\t\t\n<style>\n#section_1357594043 {\n  padding-top: 30px;\n  padding-bottom: 30px;\n}\n<\/style>\n\t<\/section>\n\t\n\t<section class=\"section\" id=\"section_169212794\">\n\t\t<div class=\"bg section-bg fill bg-fill  bg-loaded\" >\n\n\t\t\t\n\t\t\t\n\t\t\t\n\n\t\t<\/div>\n\n\t\t\n\n\t\t<div class=\"section-content relative\">\n\t\t\t\n\n<div class=\"row\"  id=\"row-457093958\">\n\n\n\t<div id=\"col-1755312927\" class=\"col small-12 large-12\"  >\n\t\t\t\t<div class=\"col-inner\"  >\n\t\t\t\n\t\t\t\n\n<div class=\"row\"  id=\"row-1825062525\">\n\n\n\t<div id=\"col-746057693\" class=\"col small-12 large-12\"  >\n\t\t\t\t<div class=\"col-inner\"  >\n\t\t\t\n\t\t\t\n\n\t<div id=\"text-1122269133\" class=\"text\">\n\t\t\n\n<h2>ASTM D3420 ir jo svarba<\/h2>\n\t\t\n<style>\n#text-1122269133 {\n  font-size: 1.3rem;\n  text-align: center;\n}\n<\/style>\n\t<\/div>\n\t\n\n\t\t<\/div>\n\t\t\t\t\t<\/div>\n\n\t\n\n\t<div id=\"col-175363646\" class=\"col small-12 large-12\"  >\n\t\t\t\t<div class=\"col-inner\"  >\n\t\t\t\n\t\t\t\n\n<p>ASTM D3420 standarte apibr\u0117\u017eiamas energijos, reikalingos plastikin\u0117s pl\u0117vel\u0117s bandiniui pradurti naudojant \u0161vytuoklin\u012f aparat\u0105, matavimo metodas. \u0160vytuokl\u0117s kinetin\u0117 energija imituoja realias j\u0117gas, su kuriomis gali susidurti pl\u0117vel\u0117, pavyzd\u017eiui, pakuojant, gabenant ar tvarkant. Rezultatas atspindi dinamin\u0119 pl\u0117vel\u0117s tempimo elgsen\u0105 ir leid\u017eia atlikti realisti\u0161kesn\u012f vertinim\u0105 nei statiniai tempimo bandymai.<\/p>\n\n\t\t<\/div>\n\t\t\t\t\t<\/div>\n\n\t\n\n\t<div id=\"col-17514472\" class=\"col small-12 large-12\"  >\n\t\t\t\t<div class=\"col-inner\"  >\n\t\t\t\n\t\t\t\n\n\t<div id=\"text-108865939\" class=\"text\">\n\t\t\n\n<h3>ASTM D3420 - Plastik\u0173 sm\u016bgini\u0173 bandym\u0173 ASTM standartai<\/h3>\n\t\t\n<style>\n#text-108865939 {\n  text-align: center;\n}\n<\/style>\n\t<\/div>\n\t\n\n\t\t<\/div>\n\t\t\t\t\t<\/div>\n\n\t\n\n\t<div id=\"col-1571628554\" class=\"col small-12 large-12\"  >\n\t\t\t\t<div class=\"col-inner\"  >\n\t\t\t\n\t\t\t\n\n<p>ASTM D3420 standarte daugiausia d\u0117mesio skiriama <strong>atsparumas \u0161vytuokl\u0117s sm\u016bgiams<\/strong>, tod\u0117l jis yra vienas i\u0161 aktualiausi\u0173 <strong>Plastik\u0173 sm\u016bgini\u0173 bandym\u0173 ASTM standartai<\/strong>. Nors kitais metodais, pavyzd\u017eiui, ASTM D1709 arba D4272, tiriamos pana\u0161ios savyb\u0117s, D3420 yra ypa\u010d naudingas, nes:<\/p>\n<ul>\n<li>Tai leid\u017eia atlikti dinaminius bandymus esant didesniam deformacijos grei\u010diui.<\/li>\n<li>Jame si\u016blomos dvi bandym\u0173 proced\u016bros (A ir B proced\u016bros) su skirtingais bandini\u0173 ir zond\u0173 dyd\u017eiais.<\/li>\n<li>Jis pateikia energija pagr\u012fstus rezultatus, leid\u017eian\u010dius suprasti gedimo atsiradim\u0105 ir plitim\u0105.<\/li>\n<\/ul>\n<p>\u0160is standartas pla\u010diai naudojamas vertinant pl\u0117veles, pagamintas i\u0161 <strong>polietilenas, polipropilenas, PET<\/strong>ir kitos \u012fprastos pakavimo med\u017eiagos.<\/p>\n\n\t\t<\/div>\n\t\t\t\t\t<\/div>\n\n\t\n\n<\/div>\n\n\t\t<\/div>\n\t\t\t\t\t<\/div>\n\n\t\n\n<\/div>\n<div class=\"row\"  id=\"row-174056191\">\n\n\n\t<div id=\"col-958963849\" class=\"col small-12 large-12\"  >\n\t\t\t\t<div class=\"col-inner\"  >\n\t\t\t\n\t\t\t\n\n<div class=\"row\"  id=\"row-1359636419\">\n\n\n\t<div id=\"col-750429067\" class=\"col small-12 large-12\"  >\n\t\t\t\t<div class=\"col-inner\"  >\n\t\t\t\n\t\t\t\n\n\t<div id=\"text-2649274227\" class=\"text\">\n\t\t\n\n<h2>Susij\u0119s \u0161vytuokl\u0117s sm\u016bginis testeris<\/h2>\n\t\t\n<style>\n#text-2649274227 {\n  font-size: 1.3rem;\n  text-align: center;\n}\n<\/style>\n\t<\/div>\n\t\n\n\t\t<\/div>\n\t\t\t\t\t<\/div>\n\n\t\n\n<\/div>\n<div class=\"row\"  id=\"row-1632648329\">\n\n\n\t<div id=\"col-418769702\" class=\"col medium-6 small-12 large-6\"  >\n\t\t\t\t<div class=\"col-inner\"  >\n\t\t\t\n\t\t\t\n\n<h3>Bandymo \u012franga ir s\u0105ranka<\/h3>\n<p>Norint atlikti ASTM D3420 bandymus, reikia kalibruoto \u0161vytuoklinio sm\u016bgio testerio. . <a href=\"https:\/\/www.impacttesting.net\/lt\/pendulum-impact-tester\/\"><strong>PIT-01 \u0161vytuoklinis sm\u016bgiavimo testeris<\/strong><\/a> i\u0161 <strong>Cell Instruments<\/strong> yra puikus sprendimas, visi\u0161kai atitinkantis ASTM D3420 reikalavimus ir si\u016blantis:<\/p>\n<ul>\n<li>Labai tikslus energijos matavimas (nuo 0,5 J iki 5,0 J)<\/li>\n<li>Pasirenkamieji svoriai lanks\u010diam bandym\u0173 diapazonui<\/li>\n<li>Skaitmeniniai rodmenys, kad b\u016bt\u0173 lengviau fiksuoti duomenis<\/li>\n<li>Dvi kei\u010diamos sm\u016bgin\u0117s galvut\u0117s, skirtos A proced\u016brai (60 mm diafragma) ir B proced\u016brai (89 mm diafragma)<\/li>\n<\/ul>\n<p>Atliekant didesn\u0117s energijos bandymus, testeris turi b\u016bti sumontuotas ant lygaus pavir\u0161iaus ir tinkamai \u012ftvirtintas.<\/p>\n\n\t\t<\/div>\n\t\t\t\t\t<\/div>\n\n\t\n\n\t<div id=\"col-958129621\" class=\"col medium-6 small-12 large-6\"  >\n\t\t\t\t<div class=\"col-inner\"  >\n\t\t\t\n\t\t\t\n\n<h3>M\u0117ginio paruo\u0161imas ir kondicionavimas<\/h3>\n<p>Tinkamas m\u0117gini\u0173 paruo\u0161imas u\u017etikrina tikslius ir pakartojamus rezultatus. Atlikite \u0161iuos veiksmus:<\/p>\n<ul>\n<li><strong>Pavyzd\u017eio tipas<\/strong>: Naudokite apvalius arba kvadratinius pl\u0117vel\u0117s pavyzd\u017eius - 100 mm skersmens arba 100\u00d7100 mm.<\/li>\n<li><strong>Storis<\/strong>: Mikrometru i\u0161matuokite 0,00125 mm tikslumu.<\/li>\n<li><strong>Kondicionavimas<\/strong>: Bandinius bent 40 valand\u0173 kondicionuokite 23 \u00b1 2 \u00b0C temperat\u016broje ir 50 \u00b1 10% santykin\u0117je dr\u0117gm\u0117je (pagal ASTM D618).<\/li>\n<\/ul>\n<p>U\u017etikrinkite, kad pavyzd\u017eiai b\u016bt\u0173 <strong>be rauk\u0161li\u0173, defekt\u0173 ar nevienodo storio<\/strong>, o tai gali i\u0161kreipti rezultatus.<\/p>\n\n\t\t<\/div>\n\t\t\t\t\t<\/div>\n\n\t\n\n<\/div>\n\n\t\t<\/div>\n\t\t\t\t\t<\/div>\n\n\t\n\n<\/div>\n<div class=\"row\"  id=\"row-664117501\">\n\n\n\t<div id=\"col-653081212\" class=\"col small-12 large-12\"  >\n\t\t\t\t<div class=\"col-inner\"  >\n\t\t\t\n\t\t\t\n\n<div class=\"row\"  id=\"row-1933716586\">\n\n\n\t<div id=\"col-1154584162\" class=\"col small-12 large-12\"  >\n\t\t\t\t<div class=\"col-inner\"  >\n\t\t\t\n\t\t\t\n\n<div class=\"row\"  id=\"row-1884318381\">\n\n\n\t<div id=\"col-1522217379\" class=\"col small-12 large-12\"  >\n\t\t\t\t<div class=\"col-inner\"  >\n\t\t\t\n\t\t\t\n\n\t<div id=\"text-1243044629\" class=\"text\">\n\t\t\n\n<h2>\u0160vytuoklinio sm\u016bginio bandymo proced\u016bros ap\u017evalga<\/h2>\n\t\t\n<style>\n#text-1243044629 {\n  font-size: 1.3rem;\n  text-align: center;\n}\n<\/style>\n\t<\/div>\n\t\n\n\t\t<\/div>\n\t\t\t\t\t<\/div>\n\n\t\n\n<\/div>\n<div class=\"row align-bottom align-center\"  id=\"row-108177495\">\n\n\n\t<div id=\"col-73684501\" class=\"col medium-7 small-12 large-7\"  >\n\t\t\t\t<div class=\"col-inner\"  >\n\t\t\t\n\t\t\t\n\n<ol>\n<li><strong>U\u017espauskite bandin\u012f<\/strong> tarp dviej\u0173 apskrit\u0173 plok\u0161\u010di\u0173.<\/li>\n<li><strong>Pakelkite ir u\u017efiksuokite \u0161vytuokl\u0119<\/strong> \u012f pradin\u0119 pad\u0117t\u012f.<\/li>\n<li><strong>Nulinis rodmen\u0173 rodmuo<\/strong> ir patikrinkite, ar tinkamai i\u0161lyginti.<\/li>\n<li><strong>Atleiskite \u0161vytuokl\u0119<\/strong> sm\u016bgis \u012f bandinio centr\u0105.<\/li>\n<li><strong>Skaitykite energijos vert\u0119<\/strong> i\u0161 skaitmeninio arba analoginio rinkiklio.<\/li>\n<\/ol>\n<p>\u0160\u012f bandym\u0105 pakartokite bent su penkiais bandiniais, kad gautum\u0117te vidutin\u0119 vert\u0119, kuri\u0105 reikia pateikti ataskaitoje.<\/p>\n<p>Pastaba: Jei \u0161vytuoklei nepavyksta pradurti pl\u0117vel\u0117s, padidinkite sm\u016bgio energij\u0105 prid\u0117dami pagalbini\u0173 svori\u0173 arba naudodami plonesn\u012f bandin\u012f.<\/p>\n\n\t\t<\/div>\n\t\t\t\t\t<\/div>\n\n\t\n\n\t<div id=\"col-888488000\" class=\"col medium-5 small-12 large-5\"  >\n\t\t\t\t<div class=\"col-inner\"  >\n\t\t\t\n\t\t\t\n\n<div class=\"video video-fit mb\" style=\"padding-top:56.25%;\"><iframe title=\"ASTM D3420 \u0161vytuokl\u0117s sm\u016bginis testeris plastikini\u0173 pl\u0117veli\u0173 lak\u0161t\u0173 sm\u016bginiam testeriui\" width=\"1020\" height=\"574\" src=\"https:\/\/www.youtube.com\/embed\/vEx4esxMESw?feature=oembed\" frameborder=\"0\" allow=\"accelerometer; autoplay; clipboard-write; encrypted-media; gyroscope; picture-in-picture; web-share\" referrerpolicy=\"strict-origin-when-cross-origin\" allowfullscreen><\/iframe><\/div>\n\n\n\t\t<\/div>\n\t\t\t\t\t<\/div>\n\n\t\n\n<\/div>\n\n\t\t<\/div>\n\t\t\t\t\t<\/div>\n\n\t\n\n<\/div>\n\n\t\t<\/div>\n\t\t\t\t\t<\/div>\n\n\t\n\n<\/div>\n<div class=\"row\"  id=\"row-359496856\">\n\n\n\t<div id=\"col-1458139236\" class=\"col small-12 large-12\"  >\n\t\t\t\t<div class=\"col-inner\"  >\n\t\t\t\n\t\t\t\n\n<div class=\"row\"  id=\"row-323925882\">\n\n\n\t<div id=\"col-875808054\" class=\"col small-12 large-12\"  >\n\t\t\t\t<div class=\"col-inner\"  >\n\t\t\t\n\t\t\t\n\n<div class=\"row\"  id=\"row-1076857847\">\n\n\n\t<div id=\"col-3793082\" class=\"col small-12 large-12\"  >\n\t\t\t\t<div class=\"col-inner\"  >\n\t\t\t\n\t\t\t\n\n\t<div id=\"text-1670311883\" class=\"text\">\n\t\t\n\n<h2>Duomen\u0173 ai\u0161kinimas ir rezultat\u0173 analiz\u0117<\/h2>\n\t\t\n<style>\n#text-1670311883 {\n  font-size: 1.3rem;\n  text-align: center;\n}\n<\/style>\n\t<\/div>\n\t\n\n\t\t<\/div>\n\t\t\t\t\t<\/div>\n\n\t\n\n<\/div>\n<div class=\"row align-middle align-center\"  id=\"row-1756045289\">\n\n\n\t<div id=\"col-389441310\" class=\"col medium-5 small-12 large-5\"  >\n\t\t\t\t<div class=\"col-inner\"  >\n\t\t\t\n\t\t\t\n\n<ol>\n<li>Galutinis rezultatas yra energija (d\u017eauliais), reikalinga pl\u0117velei pradurti. Tai tiesioginis med\u017eiagos atsparumo sm\u016bgiams matas. Didesn\u0117s vert\u0117s rodo, kad pl\u0117vel\u0117s yra tvirtesn\u0117s.<\/li>\n<li>Lyginant med\u017eiagas ar partijas, labai svarbu u\u017etikrinti vienod\u0105 stor\u012f, aplinkos s\u0105lygas ir gnybt\u0173 nustatymus, kad b\u016bt\u0173 i\u0161vengta kintamumo.<\/li>\n<\/ol>\n\n\t\t<\/div>\n\t\t\t\t\t<\/div>\n\n\t\n\n\t<div id=\"col-1862492132\" class=\"col medium-5 small-12 large-5\"  >\n\t\t\t\t<div class=\"col-inner\"  >\n\t\t\t\n\t\t\t\n\n\t<div class=\"img has-hover x md-x lg-x y md-y lg-y\" id=\"image_240932971\">\n\t\t\t\t\t\t\t\t<div class=\"img-inner dark\" >\n\t\t\t<img decoding=\"async\" width=\"600\" height=\"440\" src=\"https:\/\/www.impacttesting.net\/wp-content\/uploads\/2025\/12\/ASTM-D3420-Pendulum-Impact-Resistance-of-Plastic-Film.webp\" class=\"attachment-large size-large\" alt=\"ASTM D3420 Plastikin\u0117s pl\u0117vel\u0117s atsparumas \u0161vytuokl\u0117s sm\u016bgiams\" srcset=\"https:\/\/www.impacttesting.net\/wp-content\/uploads\/2025\/12\/ASTM-D3420-Pendulum-Impact-Resistance-of-Plastic-Film.webp 600w, https:\/\/www.impacttesting.net\/wp-content\/uploads\/2025\/12\/ASTM-D3420-Pendulum-Impact-Resistance-of-Plastic-Film-545x400.webp 545w\" sizes=\"(max-width: 600px) 100vw, 600px\" \/>\t\t\t\t\t\t\n\t\t\t\t\t<\/div>\n\t\t\t\t\t\t\t\t\n<style>\n#image_240932971 {\n  width: 100%;\n}\n<\/style>\n\t<\/div>\n\t\n\n\n\t\t<\/div>\n\t\t\t\t\t<\/div>\n\n\t\n\n<\/div>\n\n\t\t<\/div>\n\t\t\t\t\t<\/div>\n\n\t\n\n<\/div>\n\n\t\t<\/div>\n\t\t\t\t\t<\/div>\n\n\t\n\n<\/div>\n\n\t\t<\/div>\n\n\t\t\n<style>\n#section_169212794 {\n  padding-top: 30px;\n  padding-bottom: 30px;\n}\n<\/style>\n\t<\/section>\n\t\n\t<section class=\"section\" id=\"section_262993727\">\n\t\t<div class=\"bg section-bg fill bg-fill  bg-loaded\" >\n\n\t\t\t\n\t\t\t\n\t\t\t\n\n\t\t<\/div>\n\n\t\t\n\n\t\t<div class=\"section-content relative\">\n\t\t\t\n\n<div class=\"row\"  id=\"row-747538891\">\n\n\n\t<div id=\"col-667402884\" class=\"col small-12 large-12\"  >\n\t\t\t\t<div class=\"col-inner\"  >\n\t\t\t\n\t\t\t\n\n<div class=\"row align-center\"  id=\"row-1950497232\">\n\n\n\t<div id=\"col-110156549\" class=\"col small-12 large-12\"  >\n\t\t\t\t<div class=\"col-inner\"  >\n\t\t\t\n\t\t\t\n\n\t<div id=\"text-1032965474\" class=\"text\">\n\t\t\n\n<h2>Kod\u0117l verta rinktis Impacttesting.net<br \/>PIT-01 \u0161vytuoklinis sm\u016bgiavimo testeris<\/h2>\n\t\t\n<style>\n#text-1032965474 {\n  font-size: 1.4rem;\n  text-align: center;\n}\n<\/style>\n\t<\/div>\n\t\n\n\t\t<\/div>\n\t\t\t\t\t<\/div>\n\n\t\n\n\t<div id=\"col-2079301717\" class=\"col small-12 large-12\"  >\n\t\t\t\t<div class=\"col-inner\"  >\n\t\t\t\n\t\t\t\n\n<p>Svetain\u0117 <a href=\"https:\/\/www.impacttesting.net\/lt\/pendulum-impact-tester\/\"><strong>PIT-01 \u0161vytuoklinis sm\u016bgiavimo testeris<\/strong><\/a> i\u0161 Impacttesting.net yra pa\u017eangi in\u017einerija ir patogi s\u0105saja, tod\u0117l idealiai tinka:<\/p>\n\n\t\t<\/div>\n\t\t\t\t\t<\/div>\n\n\t\n\n\t<div id=\"col-2003775934\" class=\"col medium-7 small-12 large-7\"  >\n\t\t\t\t<div class=\"col-inner text-center\"  >\n\t\t\t\n\t\t\t\n\n\t<div id=\"text-1671026788\" class=\"text\">\n\t\t\n\n<p>Pakavimo pl\u0117vel\u0117s kokyb\u0117s kontrol\u0117<br \/>Laboratoriniai MTTP bandymai<br \/>Atitiktis <a href=\"https:\/\/www.impacttesting.net\/lt\/astm-d3420\/\"><strong>ASTM D3420<\/strong><\/a> ir susij\u0119 standartai<\/p>\n\t\t\n<style>\n#text-1671026788 {\n  font-size: 1.1rem;\n  line-height: 1.3;\n}\n<\/style>\n\t<\/div>\n\t\n\t<div id=\"text-524788892\" class=\"text\">\n\t\t\n\n<p>Priimdami PIT-01, naudotojai \u012fgyja pasitik\u0117jim\u0105 <strong>tikslumas, pakartojamumas ir efektyvumas.<\/strong> j\u0173 poveikio bandym\u0173 procesus.<\/p>\n\t\t\n<style>\n#text-524788892 {\n  font-size: 1.1rem;\n}\n<\/style>\n\t<\/div>\n\t\n<a href=\"https:\/\/www.impacttesting.net\/lt\/contact-us\/\" class=\"button primary is-outline\"  style=\"border-radius:99px;\">\n    <span>Susisiekite su mumis<\/span>\n  <i class=\"icon-chat\" aria-hidden=\"true\" ><\/i><\/a>\n\n\n\n\t\t<\/div>\n\t\t\t\t\t<\/div>\n\n\t\n\n\t<div id=\"col-1710033491\" class=\"col medium-4 small-12 large-4\"  >\n\t\t\t\t<div class=\"col-inner text-center\"  >\n\t\t\t\n\t\t\t\n\n\n<div class=\"wpcf7 no-js\" id=\"wpcf7-f10-o1\" lang=\"en-US\" dir=\"ltr\" data-wpcf7-id=\"10\">\n<div class=\"screen-reader-response\"><p role=\"status\" aria-live=\"polite\" aria-atomic=\"true\"><\/p> <ul><\/ul><\/div>\n<form action=\"\/lt\/wp-json\/wp\/v2\/pages\/59#wpcf7-f10-o1\" method=\"post\" class=\"wpcf7-form init\" aria-label=\"Contact form\" novalidate=\"novalidate\" data-status=\"init\" data-trp-original-action=\"\/lt\/wp-json\/wp\/v2\/pages\/59#wpcf7-f10-o1\">\n<fieldset class=\"hidden-fields-container\"><input type=\"hidden\" name=\"_wpcf7\" value=\"10\" \/><input type=\"hidden\" name=\"_wpcf7_version\" value=\"6.1.4\" \/><input type=\"hidden\" name=\"_wpcf7_locale\" value=\"en_US\" \/><input type=\"hidden\" name=\"_wpcf7_unit_tag\" value=\"wpcf7-f10-o1\" \/><input type=\"hidden\" name=\"_wpcf7_container_post\" value=\"0\" \/><input type=\"hidden\" name=\"_wpcf7_posted_data_hash\" value=\"\" \/><input type=\"hidden\" name=\"_wpcf7_recaptcha_response\" value=\"\" \/>\n<\/fieldset>\n<p><span class=\"wpcf7-form-control-wrap\" data-name=\"Name\"><input size=\"40\" maxlength=\"400\" class=\"wpcf7-form-control wpcf7-text\" aria-invalid=\"false\" placeholder=\"J\u016bs\u0173 vardas ir pavard\u0117\" value=\"\" type=\"text\" name=\"Name\" \/><\/span><br \/>\n<span class=\"wpcf7-form-control-wrap\" data-name=\"Comapany\"><input size=\"40\" maxlength=\"400\" class=\"wpcf7-form-control wpcf7-text\" aria-invalid=\"false\" placeholder=\"J\u016bs\u0173 \u012fmon\u0117\" value=\"\" type=\"text\" name=\"Comapany\" \/><\/span><br \/>\n<span class=\"wpcf7-form-control-wrap\" data-name=\"Email\"><input size=\"40\" maxlength=\"400\" class=\"wpcf7-form-control wpcf7-email wpcf7-validates-as-required wpcf7-text wpcf7-validates-as-email\" aria-required=\"true\" aria-invalid=\"false\" placeholder=\"J\u016bs\u0173 el. pa\u0161tas*\" value=\"\" type=\"email\" name=\"Email\" \/><\/span><br \/>\n<span class=\"wpcf7-form-control-wrap\" data-name=\"Message\"><textarea cols=\"40\" rows=\"10\" maxlength=\"2000\" class=\"wpcf7-form-control wpcf7-textarea\" aria-invalid=\"false\" placeholder=\"\u017dinut\u0117\" name=\"Message\"><\/textarea><\/span>\n<\/p>\n<p><input class=\"wpcf7-form-control wpcf7-submit has-spinner\" type=\"submit\" value=\"Pateikti\" \/>\n<\/p><div class=\"wpcf7-response-output\" aria-hidden=\"true\"><\/div>\n<input type=\"hidden\" name=\"trp-form-language\" value=\"lt\"\/><\/form>\n<\/div>\n\n\n\n\t\t<\/div>\n\t\t\t\t\t<\/div>\n\n\t\n\n<\/div>\n\n\t\t<\/div>\n\t\t\t\t\t<\/div>\n\n\t\n\n<\/div>\n\n\t\t<\/div>\n\n\t\t\n<style>\n#section_262993727 {\n  padding-top: 30px;\n  padding-bottom: 30px;\n  background-color: rgb(232, 234, 241);\n}\n<\/style>\n\t<\/section>","protected":false},"excerpt":{"rendered":"","protected":false},"author":1,"featured_media":0,"parent":0,"menu_order":0,"comment_status":"closed","ping_status":"closed","template":"page-blank.php","meta":{"footnotes":""},"class_list":["post-59","page","type-page","status-publish","hentry"],"_links":{"self":[{"href":"https:\/\/www.impacttesting.net\/lt\/wp-json\/wp\/v2\/pages\/59","targetHints":{"allow":["GET"]}}],"collection":[{"href":"https:\/\/www.impacttesting.net\/lt\/wp-json\/wp\/v2\/pages"}],"about":[{"href":"https:\/\/www.impacttesting.net\/lt\/wp-json\/wp\/v2\/types\/page"}],"author":[{"embeddable":true,"href":"https:\/\/www.impacttesting.net\/lt\/wp-json\/wp\/v2\/users\/1"}],"replies":[{"embeddable":true,"href":"https:\/\/www.impacttesting.net\/lt\/wp-json\/wp\/v2\/comments?post=59"}],"version-history":[{"count":5,"href":"https:\/\/www.impacttesting.net\/lt\/wp-json\/wp\/v2\/pages\/59\/revisions"}],"predecessor-version":[{"id":75,"href":"https:\/\/www.impacttesting.net\/lt\/wp-json\/wp\/v2\/pages\/59\/revisions\/75"}],"wp:attachment":[{"href":"https:\/\/www.impacttesting.net\/lt\/wp-json\/wp\/v2\/media?parent=59"}],"curies":[{"name":"wp","href":"https:\/\/api.w.org\/{rel}","templated":true}]}}